{"id":426,"date":"2022-10-21T18:37:25","date_gmt":"2022-10-21T10:37:25","guid":{"rendered":"https:\/\/corn-machines.com\/?post_type=product&#038;p=426"},"modified":"2025-09-01T09:35:06","modified_gmt":"2025-09-01T01:35:06","slug":"corn-harvester-machine","status":"publish","type":"product","link":"https:\/\/corn-machines.com\/pt\/product\/corn-harvester-machine\/","title":{"rendered":"M\u00e1quina colhedora de milho de 2 linhas | m\u00e1quina de colheita de milho"},"content":{"rendered":"<p>Uma m\u00e1quina colheitadeira de milho \u00e9 um equipamento para a colheita de milho. A colheitadeira de milho \u00e9 integrada a um tractor e pode ser operada numa cabine. Esta colheitadeira de milho \u00e9 uma colheitadeira de milho de m\u00e9dia dimens\u00e3o, de duas linhas, e \u00e9 o modelo mais popular. A colheitadeira pode esmagar as palhas de milho e tamb\u00e9m realizar a descascagem do milho. A taxa de colheita de milho \u00e9 t\u00e3o alta como 97%<\/p>    <figure class=\"wp-block-image size-full\"><img loading=\"lazy\" decoding=\"async\" width=\"720\" height=\"540\" src=\"https:\/\/corn-machines.com\/wp-content\/uploads\/2022\/10\/corn-harvester-machine.jpg\" alt=\"m\u00e1quina colheitadeira de milho\" class=\"wp-image-433\" srcset=\"https:\/\/corn-machines.com\/wp-content\/uploads\/2022\/10\/corn-harvester-machine.jpg 720w, https:\/\/corn-machines.com\/wp-content\/uploads\/2022\/10\/corn-harvester-machine-300x225.jpg 300w\" sizes=\"auto, (max-width: 720px) 100vw, 720px\" \/><figcaption class=\"wp-element-caption\">m\u00e1quina colheitadeira de milho<\/figcaption><\/figure>    <h2 class=\"wp-block-heading\">Quais s\u00e3o as fun\u00e7\u00f5es da m\u00e1quina colhedora de milho?<\/h2>    <figure class=\"wp-block-gallery has-nested-images columns-default is-cropped wp-block-gallery-2 is-layout-flex wp-block-gallery-is-layout-flex\"> <figure class=\"wp-block-image size-large\"><img loading=\"lazy\" decoding=\"async\" width=\"720\" height=\"540\" data-id=\"435\" src=\"https:\/\/corn-machines.com\/wp-content\/uploads\/2022\/10\/corn-with-straw.jpg\" alt=\"milho com palha\" class=\"wp-image-435\" srcset=\"https:\/\/corn-machines.com\/wp-content\/uploads\/2022\/10\/corn-with-straw.jpg 720w, https:\/\/corn-machines.com\/wp-content\/uploads\/2022\/10\/corn-with-straw-300x225.jpg 300w\" sizes=\"auto, (max-width: 720px) 100vw, 720px\" \/><figcaption class=\"wp-element-caption\">milho com palha<\/figcaption><\/figure>    <figure class=\"wp-block-image size-large\"><img loading=\"lazy\" decoding=\"async\" width=\"720\" height=\"540\" data-id=\"436\" src=\"https:\/\/corn-machines.com\/wp-content\/uploads\/2022\/10\/corn.jpg\" alt=\"milho\" class=\"wp-image-436\" srcset=\"https:\/\/corn-machines.com\/wp-content\/uploads\/2022\/10\/corn.jpg 720w, https:\/\/corn-machines.com\/wp-content\/uploads\/2022\/10\/corn-300x225.jpg 300w\" sizes=\"auto, (max-width: 720px) 100vw, 720px\" \/><figcaption class=\"wp-element-caption\">milho<\/figcaption><\/figure> <\/figure>    <p class=\"translation-block\">A m\u00e1quina colheitadeira de milho pode pulverizar os talos de milho e tamb\u00e9m pode descascar um metro, ent\u00e3o esta m\u00e1quina tem duas fun\u00e7\u00f5es, o milho pulverizado pode ser usado diretamente como fertilizante no campo. Ap\u00f3s o milho ser descascado, ele pode ser secado diretamente e, em seguida, debulhado com um<a href=\"https:\/\/corn-machines.com\/pt\/product\/corn-shelling-machine\/\" data-type=\"URL\" data-id=\"https:\/\/corn-machines.com\/product\/corn-shelling-machine\/\"> debulhador de milho<\/a> para completar a produ\u00e7\u00e3o mecanizada de milho.<\/p>    <h2 class=\"wp-block-heading\">Que tipos de m\u00e1quinas colheitadeiras de milho existem?<\/h2>    <figure class=\"wp-block-image size-full\"><img loading=\"lazy\" decoding=\"async\" width=\"720\" height=\"540\" src=\"https:\/\/corn-machines.com\/wp-content\/uploads\/2022\/10\/corn-harvester-machine-1.jpg\" alt=\"m\u00e1quina colheitadeira de milho\" class=\"wp-image-437\" srcset=\"https:\/\/corn-machines.com\/wp-content\/uploads\/2022\/10\/corn-harvester-machine-1.jpg 720w, https:\/\/corn-machines.com\/wp-content\/uploads\/2022\/10\/corn-harvester-machine-1-300x225.jpg 300w\" sizes=\"auto, (max-width: 720px) 100vw, 720px\" \/><figcaption class=\"wp-element-caption\">m\u00e1quina colheitadeira de milho<\/figcaption><\/figure>    <p class=\"translation-block\">Esta colheitadeira de milho \u00e9 uma m\u00e1quina colheitadeira de milho que pode colher duas fileiras de cada vez, e tamb\u00e9m existem <a href=\"https:\/\/corn-machines.com\/pt\/product\/mini-corn-harvesting-machine-maize-picker-machine\/\" data-type=\"URL\" data-id=\"https:\/\/corn-machines.com\/product\/mini-corn-harvesting-machine-maize-picker-machine\/\">colheitadeiras de milho de fileira \u00fanica<\/a>, colheitadeiras de milho de tr\u00eas fileiras e colheitadeiras de milho de quatro fileiras, todas as quais podem ser selecionadas.<\/p>    <h2 class=\"wp-block-heading\">Como usar uma colheitadeira de milho?<\/h2>    <p>Esta colheitadeira de milho de duas fileiras precisa ser usada em combina\u00e7\u00e3o com um trator. A colhedora de milho de tr\u00eas fileiras e a colhedora de milho de quatro fileiras tamb\u00e9m precisam ser equipadas com tratores, mas a pot\u00eancia dos tratores a serem equipados tamb\u00e9m difere dependendo do modelo. Esta colheitadeira de milho de duas fileiras pode ser acionada e possui forte controlabilidade.<\/p>    <h2 class=\"wp-block-heading\">Par\u00e2metros da colheitadeira de milho de duas fileiras<\/h2>    <figure class=\"wp-block-image size-full\"><img loading=\"lazy\" decoding=\"async\" width=\"720\" height=\"540\" src=\"https:\/\/corn-machines.com\/wp-content\/uploads\/2022\/10\/corn-harvester.jpg\" alt=\"colheitadeira de milho\" class=\"wp-image-438\" srcset=\"https:\/\/corn-machines.com\/wp-content\/uploads\/2022\/10\/corn-harvester.jpg 720w, https:\/\/corn-machines.com\/wp-content\/uploads\/2022\/10\/corn-harvester-300x225.jpg 300w\" sizes=\"auto, (max-width: 720px) 100vw, 720px\" \/><figcaption class=\"wp-element-caption\">colheitadeira de milho<\/figcaption><\/figure>    <figure class=\"wp-block-table\"><table><tbody><tr><td>Modelo<\/td><td>CH-2<\/td><\/tr><tr><td>Cilindro<\/td><td>4<\/td><\/tr><tr><td>Dimens\u00e3o<\/td><td>4850*1450*2600mm<\/td><\/tr><tr><td>Peso<\/td><td>2650<\/td><\/tr><tr><td>Linha<\/td><td>2<\/td><\/tr><tr><td>Largura de corte<\/td><td>1135 mm<\/td><\/tr><tr><td>Espa\u00e7amento entre linhas<\/td><td>420-890 mm<\/td><\/tr><tr><td>Altura m\u00e1xima de corte<\/td><td>2120 mm<\/td><\/tr><tr><td>Dist\u00e2ncia M\u00ednima do Solo<\/td><td>150mm<\/td><\/tr><tr><td>Velocidade de trabalho<\/td><td>2,2-5,0 km\/h<\/td><\/tr><tr><td>Capacidade<\/td><td>0,15-0,3h\u33a1\/h<\/td><\/tr><tr><td>Consumo de combust\u00edvel<\/td><td>Menos de 25kg\/h\u33a1<\/td><\/tr><tr><td>Rolo descascador<\/td><td>Rolo de borracha espiral<\/td><\/tr><tr><td>Dispositivo de descascamento<\/td><td>8 rolo descascador<\/td><\/tr><tr><td>Dist\u00e2ncia do eixo<\/td><td>2300 mm<\/td><\/tr><tr><td>Largura da palha retornando ao campo<\/td><td>930 mm<\/td><\/tr><tr><td>Dist\u00e2ncia da roda<\/td><td>Roda Dianteira (1200mm)<br>Roda Traseira (1300mm)<\/td><\/tr><\/tbody><\/table><\/figure>    <figure class=\"wp-block-gallery has-nested-images columns-default is-cropped wp-block-gallery-3 is-layout-flex wp-block-gallery-is-layout-flex\"> <figure class=\"wp-block-image size-large\"><img loading=\"lazy\" decoding=\"async\" width=\"720\" height=\"540\" data-id=\"439\" src=\"https:\/\/corn-machines.com\/wp-content\/uploads\/2022\/10\/Before-corn-harvest.jpg\" alt=\"Antes da colheita do milho\" class=\"wp-image-439\" srcset=\"https:\/\/corn-machines.com\/wp-content\/uploads\/2022\/10\/Before-corn-harvest.jpg 720w, https:\/\/corn-machines.com\/wp-content\/uploads\/2022\/10\/Before-corn-harvest-300x225.jpg 300w\" sizes=\"auto, (max-width: 720px) 100vw, 720px\" \/><figcaption class=\"wp-element-caption\">Antes da colheita do milho<\/figcaption><\/figure>    <figure class=\"wp-block-image size-large\"><img loading=\"lazy\" decoding=\"async\" width=\"720\" height=\"540\" data-id=\"440\" src=\"https:\/\/corn-machines.com\/wp-content\/uploads\/2022\/10\/after-corn-harvest.jpg\" alt=\"depois da colheita do milho\" class=\"wp-image-440\" srcset=\"https:\/\/corn-machines.com\/wp-content\/uploads\/2022\/10\/after-corn-harvest.jpg 720w, https:\/\/corn-machines.com\/wp-content\/uploads\/2022\/10\/after-corn-harvest-300x225.jpg 300w\" sizes=\"auto, (max-width: 720px) 100vw, 720px\" \/><figcaption class=\"wp-element-caption\">depois da colheita do milho<\/figcaption><\/figure> <\/figure>    <h2 class=\"wp-block-heading\">V\u00eddeo da m\u00e1quina de colheita de milho<\/h2>    <figure class=\"wp-block-embed is-type-video is-provider-youtube wp-block-embed-youtube wp-embed-aspect-16-9 wp-has-aspect-ratio\"><div class=\"wp-block-embed__wrapper\"> <iframe loading=\"lazy\" title=\"Venda colheitadeiras de milho de 2 linhas | m\u00e1quina de colheita de milho | m\u00e1quina para empacotar milho | equipamento de milho\" width=\"500\" height=\"281\" src=\"https:\/\/www.youtube.com\/embed\/5iZVlFGZIks?start=50&#038;feature=oembed\" frameborder=\"0\" allow=\"accelerometer; autoplay; clipboard-write; encrypted-media; gyroscope; picture-in-picture; web-share\" referrerpolicy=\"strict-origin-when-cross-origin\" allowfullscreen><\/iframe> <\/div><figcaption class=\"wp-element-caption\">V\u00eddeo da m\u00e1quina de colheita de milho<\/figcaption><\/figure>","protected":false},"excerpt":{"rendered":"<p>A corn harvester machine is an equipment for harvesting corn. The corn harvester is combined with a tractor and can be operated in a cab. This maize harvester is a medium-sized two-row corn harvester and is the most popular model. The corn harvester can crush corn stalks and also perform corn peeling. The harvest rate [&hellip;]<\/p>\n","protected":false},"author":1,"featured_media":428,"parent":0,"template":"","tags":[19],"product-type":[3],"class_list":["post-426","product","type-product","status-publish","has-post-thumbnail","hentry","tag-corn-harvesting-machine","product-type-corn-harvesting-machine"],"_links":{"self":[{"href":"https:\/\/corn-machines.com\/pt\/wp-json\/wp\/v2\/product\/426","targetHints":{"allow":["GET"]}}],"collection":[{"href":"https:\/\/corn-machines.com\/pt\/wp-json\/wp\/v2\/product"}],"about":[{"href":"https:\/\/corn-machines.com\/pt\/wp-json\/wp\/v2\/types\/product"}],"author":[{"embeddable":true,"href":"https:\/\/corn-machines.com\/pt\/wp-json\/wp\/v2\/users\/1"}],"wp:featuredmedia":[{"embeddable":true,"href":"https:\/\/corn-machines.com\/pt\/wp-json\/wp\/v2\/media\/428"}],"wp:attachment":[{"href":"https:\/\/corn-machines.com\/pt\/wp-json\/wp\/v2\/media?parent=426"}],"wp:term":[{"taxonomy":"post_tag","embeddable":true,"href":"https:\/\/corn-machines.com\/pt\/wp-json\/wp\/v2\/tags?post=426"},{"taxonomy":"product-type","embeddable":true,"href":"https:\/\/corn-machines.com\/pt\/wp-json\/wp\/v2\/product-type?post=426"}],"curies":[{"name":"wp","href":"https:\/\/api.w.org\/{rel}","templated":true}]}}