{"id":395,"date":"2022-09-27T16:08:47","date_gmt":"2022-09-27T08:08:47","guid":{"rendered":"https:\/\/corn-machines.com\/?post_type=product&#038;p=395"},"modified":"2024-12-03T16:57:01","modified_gmt":"2024-12-03T08:57:01","slug":"9fq-hammer-mill-machine","status":"publish","type":"product","link":"https:\/\/corn-machines.com\/pt\/product\/9fq-hammer-mill-machine\/","title":{"rendered":"M\u00e1quina moinho de martelo 9FQ | M\u00e1quina moedora de milho"},"content":{"rendered":"<p>A s\u00e9rie de moinhos de martelos 9FQ oferece uma solu\u00e7\u00e3o eficaz e adapt\u00e1vel para processamento de gr\u00e3os, acomodando capacidades que variam de 100 a 3.000 kg\/h para atender a uma ampla variedade de aplica\u00e7\u00f5es.<\/p>    <p>Equipadas com sistemas opcionais de coleta de poeira por ciclone para maior efici\u00eancia e dispon\u00edveis com motores diesel ou el\u00e9tricos, essas m\u00e1quinas se destacam em \u00e1reas com acesso limitado \u00e0 eletricidade. <\/p>    <p>Peneiras ajust\u00e1veis \u200b\u200bpermitem tamanhos de part\u00edculas personalizados, tornando o moinho de martelos 9FQ ideal para processar gr\u00e3os como milho e farelo de soja em moinhos de farinha, lojas familiares e empresas agr\u00edcolas.<\/p>    <figure class=\"wp-block-embed is-type-video is-provider-youtube wp-block-embed-youtube wp-embed-aspect-16-9 wp-has-aspect-ratio\"><div class=\"wp-block-embed__wrapper\"> <iframe loading=\"lazy\" title=\"Venda quente triturador de milho m\u00e1quina moedor de milho | M\u00e1quina de moinho de martelo 9FQ para venda\" width=\"500\" height=\"281\" src=\"https:\/\/www.youtube.com\/embed\/LVyps-dxQc4?feature=oembed\" frameborder=\"0\" allow=\"accelerometer; autoplay; clipboard-write; encrypted-media; gyroscope; picture-in-picture; web-share\" referrerpolicy=\"strict-origin-when-cross-origin\" allowfullscreen><\/iframe> <\/div><figcaption class=\"wp-element-caption\">v\u00eddeo de funcionamento da m\u00e1quina moedora de milho<\/figcaption><\/figure>    <h2 class=\"wp-block-heading\"> Aplica\u00e7\u00e3o de m\u00e1quina de moinho de martelo<\/h2>    <div class=\"wp-block-media-text is-stacked-on-mobile\"><figure class=\"wp-block-media-text__media\"><img loading=\"lazy\" decoding=\"async\" width=\"720\" height=\"540\" src=\"https:\/\/corn-machines.com\/wp-content\/uploads\/2022\/09\/Hammer-mill-machine-application.webp\" alt=\"Aplica\u00e7\u00e3o de m\u00e1quina de moinho de martelo\" class=\"wp-image-398 size-full\" srcset=\"https:\/\/corn-machines.com\/wp-content\/uploads\/2022\/09\/Hammer-mill-machine-application.webp 720w, https:\/\/corn-machines.com\/wp-content\/uploads\/2022\/09\/Hammer-mill-machine-application-300x225.webp 300w\" sizes=\"auto, (max-width: 720px) 100vw, 720px\" \/><\/figure><div class=\"wp-block-media-text__content\"> <p class=\"translation-block\"><strong>Aplica\u00e7\u00f5es vers\u00e1teis<\/strong><\/p>    <ul class=\"wp-block-list\"> <li>Esmague v\u00e1rios gr\u00e3os para fazer farinha, incluindo milho, trigo e soja.<\/li>    <li>Use em fazendas para produzir <a href=\"https:\/\/en.wiktionary.org\/wiki\/feed\" data-type=\"link\" data-id=\"https:\/\/en.wiktionary.org\/wiki\/feed\" target=\"_blank\" rel=\"noopener\">alimentar<\/a> para bovinos e ovinos.<\/li>    <li>Processe culturas adicionais, como cascas de amendoim, forragem e palha.<\/li> <\/ul>    <p class=\"translation-block\"><strong>Recurso-chave \u2013 ecr\u00e3 substitu\u00edvel<\/strong><\/p>    <ul class=\"wp-block-list\"> <li>Essa flexibilidade permite que a m\u00e1quina execute m\u00faltiplas fun\u00e7\u00f5es de forma eficaz.<\/li>    <li>A versatilidade da m\u00e1quina decorre de sua tela substitu\u00edvel, que determina a gama de materiais que ela pode processar.<\/li> <\/ul> <\/div><\/div>    <h2 class=\"wp-block-heading\">Finura da m\u00e1quina do moinho de martelo 9FQ do milho<\/h2>    <p class=\"translation-block\"><strong>Capacidade de tritura\u00e7\u00e3o<\/strong>:<\/p>    <ul class=\"wp-block-list\"> <li>Reduz mat\u00e9rias-primas para menos de 5cm.<\/li>    <li>Processa uma ampla variedade de mat\u00e9rias-primas em v\u00e1rios tamanhos de gr\u00e3os, como 1 mm-3 cm, 4 cm e 5 cm.<\/li> <\/ul>    <p class=\"translation-block\"><strong>Mecanismo de tritura\u00e7\u00e3o<\/strong>:<\/p>    <ul class=\"wp-block-list\"> <li>Os materiais s\u00e3o alimentados atrav\u00e9s da porta de alimenta\u00e7\u00e3o para a cavidade de britagem.<\/li>    <li>O eixo girat\u00f3rio e o martelo de alta velocidade trabalham juntos para esmagar rapidamente o material.<\/li> <\/ul>    <p class=\"translation-block\"><strong>Classifica\u00e7\u00e3o da granulometria<\/strong>:<\/p>    <ul class=\"wp-block-list\"> <li>Os materiais triturados que atendem \u00e0 finura desejada passam pela peneira e s\u00e3o descarregados.<\/li>    <li>Part\u00edculas maiores continuam circulando com o fluxo de ar at\u00e9 serem finamente mo\u00eddas no tamanho necess\u00e1rio.<\/li> <\/ul>   <div class=\"wp-block-image\"> <figure class=\"aligncenter size-large\"><img loading=\"lazy\" decoding=\"async\" width=\"720\" height=\"540\" src=\"https:\/\/corn-machines.com\/wp-content\/uploads\/2022\/09\/corn-grind.webp\" alt=\"moagem de milho\" class=\"wp-image-400\" srcset=\"https:\/\/corn-machines.com\/wp-content\/uploads\/2022\/09\/corn-grind.webp 720w, https:\/\/corn-machines.com\/wp-content\/uploads\/2022\/09\/corn-grind-300x225.webp 300w\" sizes=\"auto, (max-width: 720px) 100vw, 720px\" \/><figcaption class=\"wp-element-caption\">produtos finais do moedor de milho<\/figcaption><\/figure> <\/div>   <h2 class=\"wp-block-heading\">estrutura da m\u00e1quina do moinho de martelo 9fq<\/h2>    <ul class=\"wp-block-list\"> <li><strong>Componentes principais<\/strong>: <ul class=\"wp-block-list\"> <li>Concha do dispositivo de alimenta\u00e7\u00e3o.<\/li>    <li>Eixo girat\u00f3rio com martelos acoplados.<\/li>    <li>Telas para controlar o tamanho e a finura do material.<\/li>    <li>Pe\u00e7as resistentes ao desgaste para maior durabilidade.<\/li>    <li>Ventilador de tiragem induzida que tamb\u00e9m funciona como porta de descarga.<\/li> <\/ul> <\/li>    <li><strong>Mecanismo de esmagamento<\/strong>: <ul class=\"wp-block-list\"> <li>A cavidade de britagem inclui: <ul class=\"wp-block-list\"> <li>Um eixo principal.<\/li>    <li>Quatro eixos correspondentes presos ao eixo principal.<\/li>    <li>14 martelos por eixo pequeno, totalizando 56 martelos.<\/li> <\/ul> <\/li> <\/ul> <\/li>    <li><strong>Controle de finura do material<\/strong>: <ul class=\"wp-block-list\"> <li>Uma tela localizada abaixo do eixo rotativo determina o tamanho e a finura dos materiais descarregados.<\/li> <\/ul> <\/li>    <li><strong>Sistema de descarga de alta velocidade<\/strong>: <ul class=\"wp-block-list\"> <li>O ventilador de tiragem induzida facilita a expuls\u00e3o de materiais triturados (por exemplo, part\u00edculas de serragem).<\/li>    <li>A opera\u00e7\u00e3o em alta velocidade garante uma produ\u00e7\u00e3o eficiente de material.<\/li> <\/ul> <\/li> <\/ul>    <figure class=\"wp-block-image size-full\"><img loading=\"lazy\" decoding=\"async\" width=\"720\" height=\"540\" src=\"https:\/\/corn-machines.com\/wp-content\/uploads\/2022\/09\/Corn-grinder-structure.webp\" alt=\"Estrutura do moedor de milho\" class=\"wp-image-401\" srcset=\"https:\/\/corn-machines.com\/wp-content\/uploads\/2022\/09\/Corn-grinder-structure.webp 720w, https:\/\/corn-machines.com\/wp-content\/uploads\/2022\/09\/Corn-grinder-structure-300x225.webp 300w\" sizes=\"auto, (max-width: 720px) 100vw, 720px\" \/><figcaption class=\"wp-element-caption\">Estrutura do moedor de milho<\/figcaption><\/figure>    <h2 class=\"wp-block-heading\">Detalhes da m\u00e1quina de moinho de martelo 9FQ<\/h2>    <div class=\"wp-block-media-text alignwide is-stacked-on-mobile\"><figure class=\"wp-block-media-text__media\"><img loading=\"lazy\" decoding=\"async\" width=\"720\" height=\"540\" src=\"https:\/\/corn-machines.com\/wp-content\/uploads\/2022\/09\/Wear-resistant-hammer.webp\" alt=\"Martelo resistente ao desgaste\" class=\"wp-image-405 size-full\" srcset=\"https:\/\/corn-machines.com\/wp-content\/uploads\/2022\/09\/Wear-resistant-hammer.webp 720w, https:\/\/corn-machines.com\/wp-content\/uploads\/2022\/09\/Wear-resistant-hammer-300x225.webp 300w\" sizes=\"auto, (max-width: 720px) 100vw, 720px\" \/><\/figure><div class=\"wp-block-media-text__content\"> <h3 class=\"wp-block-heading\">Martelo resistente ao desgaste<\/h3>    <p>Usando tecnologia de tratamento de t\u00eampera de a\u00e7o carbono espessado, forte e dur\u00e1vel, \u00e9 4 vezes a vida \u00fatil dos martelos comuns.<\/p> <\/div><\/div>    <div class=\"wp-block-media-text alignwide has-media-on-the-right is-stacked-on-mobile\"><div class=\"wp-block-media-text__content\"> <h3 class=\"wp-block-heading\">Todo motor de cobre<\/h3>    <p>O fio de cobre de alta temperatura \u00e9 dur\u00e1vel e cheio de energia.<\/p> <\/div><figure class=\"wp-block-media-text__media\"><img loading=\"lazy\" decoding=\"async\" width=\"720\" height=\"540\" src=\"https:\/\/corn-machines.com\/wp-content\/uploads\/2022\/09\/9FQ-hammer-mill-machine-2.webp\" alt=\"M\u00e1quina do moinho de martelo 9FQ\" class=\"wp-image-408 size-full\" srcset=\"https:\/\/corn-machines.com\/wp-content\/uploads\/2022\/09\/9FQ-hammer-mill-machine-2.webp 720w, https:\/\/corn-machines.com\/wp-content\/uploads\/2022\/09\/9FQ-hammer-mill-machine-2-300x225.webp 300w\" sizes=\"auto, (max-width: 720px) 100vw, 720px\" \/><\/figure><\/div>    <div class=\"wp-block-media-text alignwide is-stacked-on-mobile\"><figure class=\"wp-block-media-text__media\"><img loading=\"lazy\" decoding=\"async\" width=\"720\" height=\"540\" src=\"https:\/\/corn-machines.com\/wp-content\/uploads\/2022\/09\/corn-grinder-Inlet.webp\" alt=\"entrada do moedor de milho\" class=\"wp-image-406 size-full\" srcset=\"https:\/\/corn-machines.com\/wp-content\/uploads\/2022\/09\/corn-grinder-Inlet.webp 720w, https:\/\/corn-machines.com\/wp-content\/uploads\/2022\/09\/corn-grinder-Inlet-300x225.webp 300w\" sizes=\"auto, (max-width: 720px) 100vw, 720px\" \/><\/figure><div class=\"wp-block-media-text__content\"> <h3 class=\"wp-block-heading\">Aumentar a entrada<\/h3>    <p>Forte e dur\u00e1vel, f\u00e1cil de alimentar.<\/p> <\/div><\/div>    <div class=\"wp-block-media-text alignwide has-media-on-the-right is-stacked-on-mobile\"><div class=\"wp-block-media-text__content\"> <h3 class=\"wp-block-heading\">Soldagem de precis\u00e3o<\/h3>    <p>A f\u00e1brica tem 20 anos de tecnologia de soldagem profissional, acabamento fino e sem vazamentos.<\/p> <\/div><figure class=\"wp-block-media-text__media\"><img loading=\"lazy\" decoding=\"async\" width=\"720\" height=\"540\" src=\"https:\/\/corn-machines.com\/wp-content\/uploads\/2022\/09\/9FQ-hammer-mill-machine-1.webp\" alt=\"M\u00e1quina de moer milho para venda\" class=\"wp-image-407 size-full\" srcset=\"https:\/\/corn-machines.com\/wp-content\/uploads\/2022\/09\/9FQ-hammer-mill-machine-1.webp 720w, https:\/\/corn-machines.com\/wp-content\/uploads\/2022\/09\/9FQ-hammer-mill-machine-1-300x225.webp 300w\" sizes=\"auto, (max-width: 720px) 100vw, 720px\" \/><\/figure><\/div>    <h2 class=\"wp-block-heading\">V\u00eddeo de trabalho da m\u00e1quina moinho de martelo<\/h2>    <figure class=\"wp-block-embed is-type-video is-provider-youtube wp-block-embed-youtube wp-embed-aspect-16-9 wp-has-aspect-ratio\"><div class=\"wp-block-embed__wrapper\"> <iframe loading=\"lazy\" title=\"O que \u00e9 um triturador de milho? | m\u00e1quina de moinho de gr\u00e3os de milho | m\u00e1quina para fazer farinha de milho | moagem de milho\" width=\"500\" height=\"281\" src=\"https:\/\/www.youtube.com\/embed\/gNReEaxFyno?feature=oembed\" frameborder=\"0\" allow=\"accelerometer; autoplay; clipboard-write; encrypted-media; gyroscope; picture-in-picture; web-share\" referrerpolicy=\"strict-origin-when-cross-origin\" allowfullscreen><\/iframe> <\/div><figcaption class=\"wp-element-caption\">processo de trabalho da m\u00e1quina do moinho de martelo<\/figcaption><\/figure>    <h2 class=\"wp-block-heading\">Par\u00e2metros da m\u00e1quina moedor de milho<\/h2>    <figure class=\"wp-block-table\"><table><tbody><tr><td>Modelo<\/td><td>Pot\u00eancia\u00a0 (kW)<\/td><td>Pot\u00eancia (HP)<\/td><td>Peso (kg)<\/td><td>Capacidade (kg\/h)<\/td><td>Martelo<\/td><td>Dia\u00a0da\u00a0peneira<\/td><td>Tamanho do pacote (mm)<\/td><td>&nbsp;Tamanho da instala\u00e7\u00e3o (mm) com ciclone e motor&nbsp;<\/td><\/tr><tr><\/tr><tr><td>9FQ-320<\/td><td>2.2<\/td><td>5<\/td><td>50<\/td><td>100<\/td><td>16 unidades<\/td><td>0,5-5 mm<\/td><td>500*300*600<\/td><td>500*300*600<\/td><\/tr><tr><td>9FQ-360<\/td><td>5.5<\/td><td>8<\/td><td>120<\/td><td>150<\/td><td>24 unidades<\/td><td>0,5-5 mm<\/td><td>1100*600*1200<\/td><td>1500*1000*1900<\/td><\/tr><tr><td>9FQ-420<\/td><td>11<\/td><td>15<\/td><td>200<\/td><td>300<\/td><td>24 unidades<\/td><td>1,2-3 mm<\/td><td>1200*800*1900<\/td><td>1500*1000*1900<\/td><\/tr><tr><td>9FQ-500<\/td><td>11<\/td><td>20<\/td><td>300<\/td><td>500<\/td><td>24 unidades<\/td><td>1,2-3 mm<\/td><td>1200*800*1300<\/td><td>1500*1000*1900<\/td><\/tr><tr><td>9FQ-600<\/td><td>18.5-22<\/td><td>30<\/td><td>500<\/td><td>1000<\/td><td>32 unidades<\/td><td>1,2-3 mm<\/td><td>1500*900*1500<\/td><td>2000*1100*2300<\/td><\/tr><tr><td>9FQ-750<\/td><td>22-30<\/td><td>35<\/td><td>850<\/td><td>1500<\/td><td>32 unidades<\/td><td>1,2-3 mm<\/td><td>1500*1000*1600<\/td><td>2000*1200*2300<\/td><\/tr><tr><td>9FQ-800<\/td><td>37<\/td><td>45<\/td><td>1000<\/td><td>2000<\/td><td>40 unidades<\/td><td>1,2-5 mm<\/td><td>1500*1200*1600<\/td><td>2000*1300*2300<\/td><\/tr><tr><td>9FQ-1000<\/td><td>45-55<\/td><td>75<\/td><td>1200<\/td><td>3000<\/td><td>64 unidades<\/td><td>1,2-5 mm<\/td><td>1500*1300*1800<\/td><td>2000*1400*2300<\/td><\/tr><\/tbody><\/table><figcaption class=\"wp-element-caption\">par\u00e2metros da m\u00e1quina de moinho de martelo<\/figcaption><\/figure>    <h2 class=\"wp-block-heading\">Vantagens da m\u00e1quina moinho de martelo 9FQ<\/h2>    <div class=\"wp-block-media-text is-stacked-on-mobile\"><figure class=\"wp-block-media-text__media\"><img loading=\"lazy\" decoding=\"async\" width=\"720\" height=\"540\" src=\"https:\/\/corn-machines.com\/wp-content\/uploads\/2024\/04\/Corn-Grinder-Machine.webp\" alt=\"M\u00e1quina moedora de milho\" class=\"wp-image-574 size-full\" srcset=\"https:\/\/corn-machines.com\/wp-content\/uploads\/2024\/04\/Corn-Grinder-Machine.webp 720w, https:\/\/corn-machines.com\/wp-content\/uploads\/2024\/04\/Corn-Grinder-Machine-300x225.webp 300w, https:\/\/corn-machines.com\/wp-content\/uploads\/2024\/04\/Corn-Grinder-Machine-16x12.webp 16w\" sizes=\"auto, (max-width: 720px) 100vw, 720px\" \/><\/figure><div class=\"wp-block-media-text__content\"> <p class=\"translation-block\"><strong>Efici\u00eancia energ\u00e9tica<\/strong>:<\/p>    <ul class=\"wp-block-list\"> <li>Consome menos energia em compara\u00e7\u00e3o com as fresadoras de disco, pois o motor aciona apenas os martelos em vez de um disco abrasivo.<\/li> <\/ul>    <p class=\"translation-block\"><strong>Leve e eficiente<\/strong>:<\/p>    <ul class=\"wp-block-list\"> <li>Projetado para alta efici\u00eancia de trabalho, mantendo uma estrutura compacta e leve.<\/li> <\/ul> <\/div><\/div>    <div class=\"wp-block-media-text has-media-on-the-right is-stacked-on-mobile\"><div class=\"wp-block-media-text__content\"> <p class=\"translation-block\"><strong>Versatilidade de mat\u00e9rias-primas<\/strong>:<\/p>    <ul class=\"wp-block-list\"> <li>Espigas e gr\u00e3os de milho.<\/li>    <li>Batata fatiada ou fruta-p\u00e3o da \u00c1frica.<\/li> <\/ul>    <p class=\"translation-block\"><strong>F\u00e1cil substitui\u00e7\u00e3o da peneira<\/strong>:<\/p>    <ul class=\"wp-block-list\"> <li>V\u00eddeo instrutivo abrangente e v\u00e1rios tamanhos de peneira fornecidos para atender \u00e0s necessidades do cliente.<\/li>    <li>Possui peneiras facilmente substitu\u00edveis para controlar o tamanho da sa\u00edda.<\/li> <\/ul> <\/div><figure class=\"wp-block-media-text__media\"><img loading=\"lazy\" decoding=\"async\" width=\"720\" height=\"540\" src=\"https:\/\/corn-machines.com\/wp-content\/uploads\/2024\/04\/hammer-mill-crusher.webp\" alt=\"triturador de martelo\" class=\"wp-image-576 size-full\" srcset=\"https:\/\/corn-machines.com\/wp-content\/uploads\/2024\/04\/hammer-mill-crusher.webp 720w, https:\/\/corn-machines.com\/wp-content\/uploads\/2024\/04\/hammer-mill-crusher-300x225.webp 300w, https:\/\/corn-machines.com\/wp-content\/uploads\/2024\/04\/hammer-mill-crusher-16x12.webp 16w\" sizes=\"auto, (max-width: 720px) 100vw, 720px\" \/><\/figure><\/div>    <div class=\"wp-block-media-text is-stacked-on-mobile\"><figure class=\"wp-block-media-text__media\"><img loading=\"lazy\" decoding=\"async\" width=\"720\" height=\"540\" src=\"https:\/\/corn-machines.com\/wp-content\/uploads\/2022\/09\/9FQ-hammer-mill-machine-advandage.webp\" alt=\"Vantagens da m\u00e1quina moinho de martelo 9FQ\" class=\"wp-image-404 size-full\" srcset=\"https:\/\/corn-machines.com\/wp-content\/uploads\/2022\/09\/9FQ-hammer-mill-machine-advandage.webp 720w, https:\/\/corn-machines.com\/wp-content\/uploads\/2022\/09\/9FQ-hammer-mill-machine-advandage-300x225.webp 300w\" sizes=\"auto, (max-width: 720px) 100vw, 720px\" \/><\/figure><div class=\"wp-block-media-text__content\"> <p class=\"translation-block\"><strong>Mobilidade e flexibilidade<\/strong>:<\/p>    <ul class=\"wp-block-list\"> <li>Pode ser movido, pousado ou fixado de acordo com os requisitos operacionais.<\/li> <\/ul>    <p class=\"translation-block\"><strong>Opera\u00e7\u00e3o f\u00e1cil de usar<\/strong>:<\/p>    <ul class=\"wp-block-list\"> <li>Simples de usar, permitindo que uma pessoa execute com efici\u00eancia as tarefas de esmagamento de gr\u00e3os.<\/li> <\/ul>    <p class=\"translation-block\"><strong>Funcionalidades de seguran\u00e7a melhoradas<\/strong>:<\/p>    <ul class=\"wp-block-list\"> <li>Equipado com uma tampa de seguran\u00e7a para opera\u00e7\u00e3o segura, garantindo uma produ\u00e7\u00e3o segura e confi\u00e1vel.<\/li> <\/ul> <\/div><\/div>    <h2 class=\"wp-block-heading\">Pre\u00e7o da m\u00e1quina moedora de milho<\/h2>    <p>O pre\u00e7o de uma trituradora de milho reflete sua natureza personaliz\u00e1vel e adaptabilidade \u00e0s diversas necessidades operacionais. Fatores como capacidade da m\u00e1quina, tipo de motor (diesel ou el\u00e9trico), recursos adicionais e tamanhos de peneira contribuem para sua faixa de pre\u00e7o.<\/p>    <p>Em nossa empresa, entendemos a import\u00e2ncia de solu\u00e7\u00f5es personalizadas e incentivamos os clientes a entrar em contato conosco para obter detalhes sobre pre\u00e7os. Ao compartilhar suas necessidades espec\u00edficas, podemos fornecer recomenda\u00e7\u00f5es personalizadas e garantir que voc\u00ea encontre uma m\u00e1quina que atenda \u00e0s suas necessidades com efici\u00eancia. Sinta-se \u00e0 vontade para solicitar um or\u00e7amento personalizado e orienta\u00e7\u00e3o especializada!<\/p>    <figure class=\"wp-block-image size-full\"><img loading=\"lazy\" decoding=\"async\" width=\"720\" height=\"540\" src=\"https:\/\/corn-machines.com\/wp-content\/uploads\/2022\/09\/Corn-hammer-mill-machine.webp\" alt=\"M\u00e1quina de moinho de martelo de milho\" class=\"wp-image-397\" srcset=\"https:\/\/corn-machines.com\/wp-content\/uploads\/2022\/09\/Corn-hammer-mill-machine.webp 720w, https:\/\/corn-machines.com\/wp-content\/uploads\/2022\/09\/Corn-hammer-mill-machine-300x225.webp 300w\" sizes=\"auto, (max-width: 720px) 100vw, 720px\" \/><figcaption class=\"wp-element-caption\">M\u00e1quina de moinho de martelo de milho<\/figcaption><\/figure>    <h2 class=\"wp-block-heading\">Conclus\u00e3o<\/h2>    <p>Comprometida em fornecer qualidade de alto n\u00edvel, nossa m\u00e1quina trituradora de milho \u00e9 uma prova de efici\u00eancia, conveni\u00eancia e baixo consumo de energia. <\/p>    <p>Temos muito orgulho em receber consultas e compras de clientes de diversos setores. Este equipamento de alto desempenho e f\u00e1cil utiliza\u00e7\u00e3o \u00e9 uma ferramenta indispens\u00e1vel no seu fluxo de trabalho de processamento de milho.<\/p>    <p class=\"translation-block\">Como parte da nossa linha de produtos, tamb\u00e9m fornecemos outras m\u00e1quinas de milho, como a <a href=\"https:\/\/corn-machines.com\/pt\/product\/corn-grits-machine\/\" data-type=\"link\" data-id=\"https:\/\/corn-machines.com\/product\/corn-grits-machine\/\">m\u00e1quina para fazer gr\u00e3os de milho<\/a> e a <a href=\"https:\/\/corn-machines.com\/pt\/product\/corn-grain-mill-machine\/\" data-type=\"link\" data-id=\"https:\/\/corn-machines.com\/product\/corn-grain-mill-machine\/\">m\u00e1quina de moagem de farinha de milho<\/a>. Sinta-se \u00e0 vontade para consultar a nossa equipa profissional a qualquer momento para obter informa\u00e7\u00f5es detalhadas sobre os nossos produtos.<\/p>    <figure class=\"wp-block-gallery has-nested-images columns-default is-cropped wp-block-gallery-2 is-layout-flex wp-block-gallery-is-layout-flex\"> <figure class=\"wp-block-image size-large\"><img loading=\"lazy\" decoding=\"async\" width=\"720\" height=\"540\" data-id=\"403\" src=\"https:\/\/corn-machines.com\/wp-content\/uploads\/2022\/09\/9FQ-hammer-mill-machine-size-1.webp\" alt=\"Tamanho da m\u00e1quina do moinho de martelo 9FQ\" class=\"wp-image-403\" srcset=\"https:\/\/corn-machines.com\/wp-content\/uploads\/2022\/09\/9FQ-hammer-mill-machine-size-1.webp 720w, https:\/\/corn-machines.com\/wp-content\/uploads\/2022\/09\/9FQ-hammer-mill-machine-size-1-300x225.webp 300w\" sizes=\"auto, (max-width: 720px) 100vw, 720px\" \/><figcaption class=\"wp-element-caption\">diferentes tipos de moinho de martelo 9FQ<\/figcaption><\/figure>    <figure class=\"wp-block-image size-large\"><img loading=\"lazy\" decoding=\"async\" width=\"720\" height=\"540\" data-id=\"402\" src=\"https:\/\/corn-machines.com\/wp-content\/uploads\/2022\/09\/9FQ-hammer-mill-machine-size.webp\" alt=\"Tamanho da m\u00e1quina do moinho de martelo 9FQ\" class=\"wp-image-402\" srcset=\"https:\/\/corn-machines.com\/wp-content\/uploads\/2022\/09\/9FQ-hammer-mill-machine-size.webp 720w, https:\/\/corn-machines.com\/wp-content\/uploads\/2022\/09\/9FQ-hammer-mill-machine-size-300x225.webp 300w\" sizes=\"auto, (max-width: 720px) 100vw, 720px\" \/><figcaption class=\"wp-element-caption\">m\u00e1quina de moinho de martelo 9FQ de alta efici\u00eancia<\/figcaption><\/figure> <\/figure>","protected":false},"excerpt":{"rendered":"<p>A s\u00e9rie de moinhos de martelos 9FQ oferece uma solu\u00e7\u00e3o eficaz e adapt\u00e1vel para processamento de gr\u00e3os, acomodando capacidades que variam de 100 a 3.000 kg\/h para atender a uma ampla variedade de aplica\u00e7\u00f5es.<\/p>","protected":false},"author":1,"featured_media":396,"parent":0,"template":"","tags":[23,38],"product-type":[5],"class_list":["post-395","product","type-product","status-publish","has-post-thumbnail","hentry","tag-corn-grain-mill-machine","tag-corn-grinder","product-type-maize-grits-milling-machine"],"_links":{"self":[{"href":"https:\/\/corn-machines.com\/pt\/wp-json\/wp\/v2\/product\/395","targetHints":{"allow":["GET"]}}],"collection":[{"href":"https:\/\/corn-machines.com\/pt\/wp-json\/wp\/v2\/product"}],"about":[{"href":"https:\/\/corn-machines.com\/pt\/wp-json\/wp\/v2\/types\/product"}],"author":[{"embeddable":true,"href":"https:\/\/corn-machines.com\/pt\/wp-json\/wp\/v2\/users\/1"}],"wp:featuredmedia":[{"embeddable":true,"href":"https:\/\/corn-machines.com\/pt\/wp-json\/wp\/v2\/media\/396"}],"wp:attachment":[{"href":"https:\/\/corn-machines.com\/pt\/wp-json\/wp\/v2\/media?parent=395"}],"wp:term":[{"taxonomy":"post_tag","embeddable":true,"href":"https:\/\/corn-machines.com\/pt\/wp-json\/wp\/v2\/tags?post=395"},{"taxonomy":"product-type","embeddable":true,"href":"https:\/\/corn-machines.com\/pt\/wp-json\/wp\/v2\/product-type?post=395"}],"curies":[{"name":"wp","href":"https:\/\/api.w.org\/{rel}","templated":true}]}}