{"id":290,"date":"2022-09-14T03:32:11","date_gmt":"2022-09-14T03:32:11","guid":{"rendered":"https:\/\/corn-machines.com\/?post_type=product&#038;p=290"},"modified":"2022-10-31T09:29:52","modified_gmt":"2022-10-31T01:29:52","slug":"grain-dryer","status":"publish","type":"product","link":"https:\/\/corn-machines.com\/pt\/product\/grain-dryer\/","title":{"rendered":"Secador de gr\u00e3os | m\u00e1quina de secar milho"},"content":{"rendered":"<p>Um secador de gr\u00e3os \u00e9 uma m\u00e1quina para secar gr\u00e3os e sementes em baixas temperaturas. H\u00e1 uma grande variedade de gr\u00e3os que podem ser secos e produtos como trigo, soja, milho e sementes de girassol podem ser processados. Adequado para uso em f\u00e1bricas de processamento de alimentos, f\u00e1bricas de processamento de ra\u00e7\u00f5es, fazendas, esta\u00e7\u00f5es de gr\u00e3os e outros grupos. A secagem a baixa temperatura \u00e9 muito adequada para o processamento de sementes de milho. O m\u00e9todo de secagem em baixa temperatura n\u00e3o afetar\u00e1 a taxa de germina\u00e7\u00e3o do milho, e pode ser necess\u00e1rio colocar as sementes de milho para moldar o milho.<\/p>    <figure class=\"wp-block-image size-full\"><img loading=\"lazy\" decoding=\"async\" width=\"720\" height=\"540\" src=\"https:\/\/corn-machines.com\/wp-content\/uploads\/2022\/09\/corn-dryer.webp\" alt=\"secador de milho\" class=\"wp-image-312\" srcset=\"https:\/\/corn-machines.com\/wp-content\/uploads\/2022\/09\/corn-dryer.webp 720w, https:\/\/corn-machines.com\/wp-content\/uploads\/2022\/09\/corn-dryer-300x225.webp 300w\" sizes=\"auto, (max-width: 720px) 100vw, 720px\" \/><figcaption>secador de milho<\/figcaption><\/figure>    <h2 class=\"wp-block-heading\" id=\"h-grain-drying-machine-raw-material\">Mat\u00e9ria-prima para m\u00e1quina de secagem de gr\u00e3os<\/h2>    <figure class=\"wp-block-image size-full\"><img loading=\"lazy\" decoding=\"async\" width=\"720\" height=\"540\" src=\"https:\/\/corn-machines.com\/wp-content\/uploads\/2022\/09\/raw-material-of-corn-dryer.webp\" alt=\"mat\u00e9ria-prima do secador de milho\" class=\"wp-image-311\" srcset=\"https:\/\/corn-machines.com\/wp-content\/uploads\/2022\/09\/raw-material-of-corn-dryer.webp 720w, https:\/\/corn-machines.com\/wp-content\/uploads\/2022\/09\/raw-material-of-corn-dryer-300x225.webp 300w\" sizes=\"auto, (max-width: 720px) 100vw, 720px\" \/><figcaption>a mat\u00e9ria-prima do secador de milho<\/figcaption><\/figure>    <p class=\"translation-block\">O secador de gr\u00e3os pode secar culturas de gr\u00e3os como arroz, milho, trigo, <a href=\"https:\/\/en.wikipedia.org\/wiki\/Sorghum\" data-type=\"URL\" data-id=\"https:\/\/en.wikipedia.org\/wiki\/Sorghum\" target=\"_blank\" rel=\"noopener\">sorgo<\/a>, soja, sementes, sementes de girassol, etc. Ele adota um m\u00e9todo de circula\u00e7\u00e3o a baixa temperatura para garantir uma alta taxa de germina\u00e7\u00e3o dos gr\u00e3os sem danificar a superf\u00edcie das sementes.<\/p>    <h2 class=\"wp-block-heading\" id=\"h-which-drying-heat-source-does-the-grain-dryer-use\">Qual fonte de calor de secagem o secador de gr\u00e3os usa?<\/h2>    <figure class=\"wp-block-gallery has-nested-images columns-default is-cropped wp-block-gallery-2 is-layout-flex wp-block-gallery-is-layout-flex\"> <figure class=\"wp-block-image size-large\"><img loading=\"lazy\" decoding=\"async\" width=\"720\" height=\"540\" data-id=\"308\" src=\"https:\/\/corn-machines.com\/wp-content\/uploads\/2022\/09\/corn-drying-machine-1.webp\" alt=\"m\u00e1quina de secar milho\" class=\"wp-image-308\" srcset=\"https:\/\/corn-machines.com\/wp-content\/uploads\/2022\/09\/corn-drying-machine-1.webp 720w, https:\/\/corn-machines.com\/wp-content\/uploads\/2022\/09\/corn-drying-machine-1-300x225.webp 300w\" sizes=\"auto, (max-width: 720px) 100vw, 720px\" \/><figcaption>m\u00e1quina de secar milho<\/figcaption><\/figure>    <figure class=\"wp-block-image size-large\"><img loading=\"lazy\" decoding=\"async\" width=\"720\" height=\"540\" data-id=\"309\" src=\"https:\/\/corn-machines.com\/wp-content\/uploads\/2022\/09\/hopper.webp\" alt=\"tremonha\" class=\"wp-image-309\" srcset=\"https:\/\/corn-machines.com\/wp-content\/uploads\/2022\/09\/hopper.webp 720w, https:\/\/corn-machines.com\/wp-content\/uploads\/2022\/09\/hopper-300x225.webp 300w\" sizes=\"auto, (max-width: 720px) 100vw, 720px\" \/><figcaption>tremonha<\/figcaption><\/figure>    <figure class=\"wp-block-image size-large\"><img loading=\"lazy\" decoding=\"async\" width=\"720\" height=\"540\" data-id=\"310\" src=\"https:\/\/corn-machines.com\/wp-content\/uploads\/2022\/09\/corn-drying-machine-2.webp\" alt=\"m\u00e1quina de secar milho\" class=\"wp-image-310\" srcset=\"https:\/\/corn-machines.com\/wp-content\/uploads\/2022\/09\/corn-drying-machine-2.webp 720w, https:\/\/corn-machines.com\/wp-content\/uploads\/2022\/09\/corn-drying-machine-2-300x225.webp 300w\" sizes=\"auto, (max-width: 720px) 100vw, 720px\" \/><figcaption>m\u00e1quina de secar milho<\/figcaption><\/figure> <\/figure>    <p>A m\u00e1quina de secagem de gr\u00e3os pode usar v\u00e1rios m\u00e9todos de aquecimento, como pellets de biomassa, \u00f3leo combust\u00edvel de biomassa, g\u00e1s natural, g\u00e1s liquefeito e carv\u00e3o, e o secador de gr\u00e3os tem bom desempenho de veda\u00e7\u00e3o e n\u00e3o polui os gr\u00e3os secos.<\/p>    <h2 class=\"wp-block-heading\" id=\"h-why-choose-a-grain-dryer\">Por que escolher um secador de gr\u00e3os?<\/h2>    <figure class=\"wp-block-image size-full\"><img loading=\"lazy\" decoding=\"async\" width=\"720\" height=\"540\" src=\"https:\/\/corn-machines.com\/wp-content\/uploads\/2022\/09\/grain-drying-machine-working.webp\" alt=\"m\u00e1quina de secar gr\u00e3os funcionando\" class=\"wp-image-307\" srcset=\"https:\/\/corn-machines.com\/wp-content\/uploads\/2022\/09\/grain-drying-machine-working.webp 720w, https:\/\/corn-machines.com\/wp-content\/uploads\/2022\/09\/grain-drying-machine-working-300x225.webp 300w\" sizes=\"auto, (max-width: 720px) 100vw, 720px\" \/><figcaption>m\u00e1quina de secar gr\u00e3os funcionando<\/figcaption><\/figure>    <p class=\"translation-block\">No processo de processamento de alimentos ou produ\u00e7\u00e3o de sementes, grandes lotes de gr\u00e3os precisam ser rapidamente secos. Esta \u00e9 a melhor escolha para usar um secador de gr\u00e3os. Este secador de milho utiliza o princ\u00edpio de baixa temperatura e alto volume de ar para secar os gr\u00e3os. Este design n\u00e3o apenas economiza energia, mas tamb\u00e9m garante que os gr\u00e3os n\u00e3o percam umidade durante o processo de secagem. Mant\u00e9m a apar\u00eancia brilhante e lustrosa, e os nutrientes n\u00e3o s\u00e3o perdidos. Al\u00e9m disso, <a href=\"https:\/\/corn-machines.com\/pt\/Info\/prevent-corn-from-getting-moldy\/\" data-type=\"URL\" data-id=\"https:\/\/corn-machines.com\/Info\/prevent-corn-from-getting-moldy\/\">ap\u00f3s o milho ser seco, ele pode prevenir que o milho fique mofado.<\/a><\/p>    <h2 class=\"wp-block-heading\" id=\"h-grain-dryer-parameters\">Par\u00e2metros do secador de gr\u00e3os<\/h2>    <figure class=\"wp-block-image size-full\"><img loading=\"lazy\" decoding=\"async\" width=\"720\" height=\"540\" src=\"https:\/\/corn-machines.com\/wp-content\/uploads\/2022\/09\/grain-drying-machine.webp\" alt=\"m\u00e1quina de secar gr\u00e3os enviada\" class=\"wp-image-306\" srcset=\"https:\/\/corn-machines.com\/wp-content\/uploads\/2022\/09\/grain-drying-machine.webp 720w, https:\/\/corn-machines.com\/wp-content\/uploads\/2022\/09\/grain-drying-machine-300x225.webp 300w\" sizes=\"auto, (max-width: 720px) 100vw, 720px\" \/><figcaption>m\u00e1quina de secar gr\u00e3os enviada<\/figcaption><\/figure>    <figure class=\"wp-block-table\"><table><tbody><tr><td>Modelo<\/td><td>5H-15<\/td><\/tr><tr><td>Peso total<\/td><td>3.200kg<\/td><\/tr><tr><td>Poder<\/td><td>6,5 kW (82\/3 CV)<\/td><\/tr><tr><td>Hora da alimenta\u00e7\u00e3o<\/td><td>Cerca de 63 minutos<\/td><\/tr><tr><td>Tempo de descarga<\/td><td>Cerca de 69 minutos<\/td><\/tr><tr><td>Capacidade de secagem<\/td><td>15-20t\u00b7%\/h<\/td><\/tr><tr><td>Modelo<\/td><td>5H-32<\/td><\/tr><tr><td>Peso total<\/td><td>7500kg<\/td><\/tr><tr><td>Poder<\/td><td>12,65kW<\/td><\/tr><tr><td>Hora da alimenta\u00e7\u00e3o<\/td><td>Cerca de 58 minutos<\/td><\/tr><tr><td>Tempo de descarga<\/td><td>Cerca de 64 minutos<\/td><\/tr><tr><td>Capacidade de secagem<\/td><td>25-35t\u00b7%\/h<\/td><\/tr><\/tbody><\/table><\/figure>    <h2 class=\"wp-block-heading\" id=\"h-advantages-of-corn-drye\">Vantagens do secador de milho<\/h2>    <figure class=\"wp-block-gallery has-nested-images columns-default is-cropped wp-block-gallery-3 is-layout-flex wp-block-gallery-is-layout-flex\"> <figure class=\"wp-block-image size-large\"><img loading=\"lazy\" decoding=\"async\" width=\"720\" height=\"540\" data-id=\"300\" src=\"https:\/\/corn-machines.com\/wp-content\/uploads\/2022\/09\/grain-drying-machine-shipped.webp\" alt=\"m\u00e1quina de secar gr\u00e3os enviada\" class=\"wp-image-300\" srcset=\"https:\/\/corn-machines.com\/wp-content\/uploads\/2022\/09\/grain-drying-machine-shipped.webp 720w, https:\/\/corn-machines.com\/wp-content\/uploads\/2022\/09\/grain-drying-machine-shipped-300x225.webp 300w\" sizes=\"auto, (max-width: 720px) 100vw, 720px\" \/><figcaption>m\u00e1quina de secar gr\u00e3os enviada<\/figcaption><\/figure>    <figure class=\"wp-block-image size-large\"><img loading=\"lazy\" decoding=\"async\" width=\"720\" height=\"540\" data-id=\"305\" src=\"https:\/\/corn-machines.com\/wp-content\/uploads\/2022\/09\/grain-drying-machine-shipped-5.webp\" alt=\"m\u00e1quina de secar gr\u00e3os enviada\" class=\"wp-image-305\" srcset=\"https:\/\/corn-machines.com\/wp-content\/uploads\/2022\/09\/grain-drying-machine-shipped-5.webp 720w, https:\/\/corn-machines.com\/wp-content\/uploads\/2022\/09\/grain-drying-machine-shipped-5-300x225.webp 300w\" sizes=\"auto, (max-width: 720px) 100vw, 720px\" \/><figcaption>m\u00e1quina de secar gr\u00e3os enviada<\/figcaption><\/figure>    <figure class=\"wp-block-image size-large\"><img loading=\"lazy\" decoding=\"async\" width=\"720\" height=\"540\" data-id=\"301\" src=\"https:\/\/corn-machines.com\/wp-content\/uploads\/2022\/09\/grain-drying-machine-shipped-1.webp\" alt=\"m\u00e1quina de secar gr\u00e3os enviada\" class=\"wp-image-301\" srcset=\"https:\/\/corn-machines.com\/wp-content\/uploads\/2022\/09\/grain-drying-machine-shipped-1.webp 720w, https:\/\/corn-machines.com\/wp-content\/uploads\/2022\/09\/grain-drying-machine-shipped-1-300x225.webp 300w\" sizes=\"auto, (max-width: 720px) 100vw, 720px\" \/><figcaption>m\u00e1quina de secar gr\u00e3os enviada<\/figcaption><\/figure>    <figure class=\"wp-block-image size-large\"><img loading=\"lazy\" decoding=\"async\" width=\"720\" height=\"540\" data-id=\"302\" src=\"https:\/\/corn-machines.com\/wp-content\/uploads\/2022\/09\/grain-drying-machine-shipped-2.webp\" alt=\"m\u00e1quina de secar gr\u00e3os enviada\" class=\"wp-image-302\" srcset=\"https:\/\/corn-machines.com\/wp-content\/uploads\/2022\/09\/grain-drying-machine-shipped-2.webp 720w, https:\/\/corn-machines.com\/wp-content\/uploads\/2022\/09\/grain-drying-machine-shipped-2-300x225.webp 300w\" sizes=\"auto, (max-width: 720px) 100vw, 720px\" \/><figcaption>m\u00e1quina de secar gr\u00e3os enviada<\/figcaption><\/figure>    <figure class=\"wp-block-image size-large\"><img loading=\"lazy\" decoding=\"async\" width=\"720\" height=\"540\" data-id=\"303\" src=\"https:\/\/corn-machines.com\/wp-content\/uploads\/2022\/09\/grain-drying-machine-shipped-3.webp\" alt=\"m\u00e1quina de secar gr\u00e3os enviada\" class=\"wp-image-303\" srcset=\"https:\/\/corn-machines.com\/wp-content\/uploads\/2022\/09\/grain-drying-machine-shipped-3.webp 720w, https:\/\/corn-machines.com\/wp-content\/uploads\/2022\/09\/grain-drying-machine-shipped-3-300x225.webp 300w\" sizes=\"auto, (max-width: 720px) 100vw, 720px\" \/><figcaption>m\u00e1quina de secar gr\u00e3os enviada<\/figcaption><\/figure>    <figure class=\"wp-block-image size-large\"><img loading=\"lazy\" decoding=\"async\" width=\"720\" height=\"540\" data-id=\"304\" src=\"https:\/\/corn-machines.com\/wp-content\/uploads\/2022\/09\/grain-drying-machine-shipped-4.webp\" alt=\"m\u00e1quina de secar gr\u00e3os enviada\" class=\"wp-image-304\" srcset=\"https:\/\/corn-machines.com\/wp-content\/uploads\/2022\/09\/grain-drying-machine-shipped-4.webp 720w, https:\/\/corn-machines.com\/wp-content\/uploads\/2022\/09\/grain-drying-machine-shipped-4-300x225.webp 300w\" sizes=\"auto, (max-width: 720px) 100vw, 720px\" \/><figcaption>m\u00e1quina de secar gr\u00e3os enviada<\/figcaption><\/figure> <\/figure>    <p>1. Os gr\u00e3os aquecidos uniformemente s\u00e3o secos completa e uniformemente e os gr\u00e3os secos podem ser armazenados diretamente.<\/p>    <p>2. Economia de custos O consumo de calor da unidade \u00e9 baixo, o que pode garantir a qualidade do gr\u00e3o cozido sem polui\u00e7\u00e3o.<\/p>    <p>3. Ampla gama de aplica\u00e7\u00f5es. Adequado para todos os gr\u00e3os e gr\u00e3os, a temperatura pode ser ajustada de acordo com o gr\u00e3o<\/p>    <p>4. O sistema de controle autom\u00e1tico adota apenas tecnologia de secagem para ajustar automaticamente a temperatura e o tempo de secagem dos gr\u00e3os para atender aos diferentes requisitos de temperatura de diferentes gr\u00e3os.<\/p>    <p>5. Opera\u00e7\u00e3o cont\u00ednua O secador de gr\u00e3os possui um alto grau de automa\u00e7\u00e3o e grande produ\u00e7\u00e3o.<\/p>    <figure class=\"wp-block-image size-full\"><img loading=\"lazy\" decoding=\"async\" width=\"720\" height=\"540\" src=\"https:\/\/corn-machines.com\/wp-content\/uploads\/2022\/09\/grain-drying-equipment.webp\" alt=\"equipamento de secagem de gr\u00e3os\" class=\"wp-image-313\" srcset=\"https:\/\/corn-machines.com\/wp-content\/uploads\/2022\/09\/grain-drying-equipment.webp 720w, https:\/\/corn-machines.com\/wp-content\/uploads\/2022\/09\/grain-drying-equipment-300x225.webp 300w\" sizes=\"auto, (max-width: 720px) 100vw, 720px\" \/><figcaption>equipamento de secagem de gr\u00e3os<\/figcaption><\/figure>    <h2 class=\"wp-block-heading\">V\u00eddeo da m\u00e1quina secadora de gr\u00e3os<\/h2>    <figure class=\"wp-block-embed is-type-video is-provider-youtube wp-block-embed-youtube wp-embed-aspect-16-9 wp-has-aspect-ratio\"><div class=\"wp-block-embed__wrapper\"> <iframe loading=\"lazy\" title=\"Equipamento para secagem de gr\u00e3os | secador de torre para gr\u00e3os | milho, arroz, trigo, equipamento de remo\u00e7\u00e3o de umidade de soja\" width=\"500\" height=\"281\" src=\"https:\/\/www.youtube.com\/embed\/hwjuDu4h18w?feature=oembed\" frameborder=\"0\" allow=\"accelerometer; autoplay; clipboard-write; encrypted-media; gyroscope; picture-in-picture; web-share\" referrerpolicy=\"strict-origin-when-cross-origin\" allowfullscreen><\/iframe> <\/div><\/figure>","protected":false},"excerpt":{"rendered":"<p>A grain dryer is a machine for drying grains and seeds at low temperatures. There are a wide variety of grains that can be dried, and products such as wheat, soybeans, corn, and sunflower seeds can be processed. Suitable for use in food processing plants, feed processing plants, farms, grain stations, and other groups. Low-temperature [&hellip;]<\/p>\n","protected":false},"author":1,"featured_media":298,"parent":0,"template":"","tags":[36,35],"product-type":[6],"class_list":["post-290","product","type-product","status-publish","has-post-thumbnail","hentry","tag-corn-drying-machine","tag-corn-treshing-machine","product-type-grain-drying-machine"],"_links":{"self":[{"href":"https:\/\/corn-machines.com\/pt\/wp-json\/wp\/v2\/product\/290","targetHints":{"allow":["GET"]}}],"collection":[{"href":"https:\/\/corn-machines.com\/pt\/wp-json\/wp\/v2\/product"}],"about":[{"href":"https:\/\/corn-machines.com\/pt\/wp-json\/wp\/v2\/types\/product"}],"author":[{"embeddable":true,"href":"https:\/\/corn-machines.com\/pt\/wp-json\/wp\/v2\/users\/1"}],"wp:featuredmedia":[{"embeddable":true,"href":"https:\/\/corn-machines.com\/pt\/wp-json\/wp\/v2\/media\/298"}],"wp:attachment":[{"href":"https:\/\/corn-machines.com\/pt\/wp-json\/wp\/v2\/media?parent=290"}],"wp:term":[{"taxonomy":"post_tag","embeddable":true,"href":"https:\/\/corn-machines.com\/pt\/wp-json\/wp\/v2\/tags?post=290"},{"taxonomy":"product-type","embeddable":true,"href":"https:\/\/corn-machines.com\/pt\/wp-json\/wp\/v2\/product-type?post=290"}],"curies":[{"name":"wp","href":"https:\/\/api.w.org\/{rel}","templated":true}]}}