{"id":266,"date":"2022-09-13T09:31:15","date_gmt":"2022-09-13T09:31:15","guid":{"rendered":"https:\/\/corn-machines.com\/?post_type=product&#038;p=266"},"modified":"2024-11-28T18:01:38","modified_gmt":"2024-11-28T10:01:38","slug":"corn-grits-machine","status":"publish","type":"product","link":"https:\/\/corn-machines.com\/pt\/product\/corn-grits-machine\/","title":{"rendered":"M\u00e1quina de gr\u00e3os de milho | M\u00e1quina de moer milho"},"content":{"rendered":"<p>A m\u00e1quina de gr\u00e3os de milho pode processar gr\u00e3os de milho em gr\u00e3os de milho e farinha de milho, componentes essenciais da dieta di\u00e1ria devido \u00e0 sua facilidade de consumo e digest\u00e3o. \u00c9 equipado com motores duplos para descascamento e granula\u00e7\u00e3o simult\u00e2neos, aumentando a produtividade. <\/p>    <p>Notavelmente, esta m\u00e1quina tamb\u00e9m pode processar gr\u00e3os como milho, arroz e sorgo, tornando-a uma escolha altamente pr\u00e1tica para o processamento moderno de gr\u00e3os. A propor\u00e7\u00e3o ajust\u00e1vel do produto acabado aumenta ainda mais a sua flexibilidade, permitindo uma produ\u00e7\u00e3o personalizada. <\/p>    <p>Com uma capacidade de 350-400 kg\/h, esta m\u00e1quina \u00e9 ideal tanto para oficinas de pequena escala como para opera\u00e7\u00f5es de maior dimens\u00e3o. Contate-nos para mais detalhes!<\/p>    <figure class=\"wp-block-embed is-type-video is-provider-youtube wp-block-embed-youtube wp-embed-aspect-16-9 wp-has-aspect-ratio\"><div class=\"wp-block-embed__wrapper\"> <iframe loading=\"lazy\" title=\"Como s\u00e3o feitos os gr\u00e3os de milho: dentro de uma m\u00e1quina de fazer gr\u00e3os de milho! #milho #milho #agricultura #agricultura\" width=\"500\" height=\"281\" src=\"https:\/\/www.youtube.com\/embed\/5sJZS_9UMKA?feature=oembed\" frameborder=\"0\" allow=\"accelerometer; autoplay; clipboard-write; encrypted-media; gyroscope; picture-in-picture; web-share\" referrerpolicy=\"strict-origin-when-cross-origin\" allowfullscreen><\/iframe> <\/div><figcaption class=\"wp-element-caption\">V\u00eddeo de funcionamento da m\u00e1quina de gr\u00e3os de milho<\/figcaption><\/figure>    <h2 class=\"wp-block-heading\" id=\"h-wide-application-of-corn-grinding-machine\">Ampla aplica\u00e7\u00e3o de m\u00e1quina de moer milho<\/h2>    <div class=\"wp-block-media-text is-stacked-on-mobile\"><figure class=\"wp-block-media-text__media\"><img loading=\"lazy\" decoding=\"async\" width=\"720\" height=\"540\" src=\"https:\/\/corn-machines.com\/wp-content\/uploads\/2022\/09\/maize-grinding-machine.webp\" alt=\"m\u00e1quina de moer milho\" class=\"wp-image-270 size-full\" srcset=\"https:\/\/corn-machines.com\/wp-content\/uploads\/2022\/09\/maize-grinding-machine.webp 720w, https:\/\/corn-machines.com\/wp-content\/uploads\/2022\/09\/maize-grinding-machine-300x225.webp 300w\" sizes=\"auto, (max-width: 720px) 100vw, 720px\" \/><\/figure><div class=\"wp-block-media-text__content\"> <ul class=\"wp-block-list\"> <li>Os gr\u00e3os de milho s\u00e3o feitos processando gr\u00e3os de milho em uma m\u00e1quina de gr\u00e3os de milho, quebrando-os em part\u00edculas menores.<\/li>    <li>O milho processado tamb\u00e9m pode ser mo\u00eddo em farinha de milho fina, dependendo da aplica\u00e7\u00e3o.<\/li>    <li>Os gr\u00e3os de milho s\u00e3o comumente utilizados na produ\u00e7\u00e3o de alimentos devido \u00e0 sua versatilidade e benef\u00edcios nutricionais.<\/li>    <li>Al\u00e9m disso, os gr\u00e3os de milho t\u00eam aplica\u00e7\u00f5es nas ind\u00fastrias qu\u00edmica e farmac\u00eautica, onde servem como mat\u00e9ria-prima para diversos processos.<\/li> <\/ul> <\/div><\/div>    <h2 class=\"wp-block-heading\" id=\"h-preparing-the-corn-for-grinding\">Preparando o milho para moer<\/h2>    <p>O descascamento \u00famido \u00e9 um m\u00e9todo eficaz para descascar milho e \u00e9 essencial manter o n\u00edvel de umidade do milho abaixo de 15%. Veja como obter os melhores resultados.<\/p>    <div class=\"wp-block-media-text has-media-on-the-right is-stacked-on-mobile\"><div class=\"wp-block-media-text__content\"> <ul class=\"wp-block-list\"> <li><strong>Ajuste de umidade:<\/strong>  <ul class=\"wp-block-list\"> <li>Misture 6 a 8 partes de \u00e1gua com 100 partes de milho. Mexa bem para garantir uma distribui\u00e7\u00e3o uniforme da umidade e eliminar o excesso de \u00e1gua.<\/li> <\/ul> <\/li>    <li><strong>Opera\u00e7\u00e3o da m\u00e1quina:<\/strong> <ul class=\"wp-block-list\"> <li>Durante a primavera e o outono, deixe a m\u00e1quina funcionar por 5 a 6 minutos.<\/li>    <li>No inverno, aumente o tempo de funcionamento para 10 a 12 minutos devido \u00e0 temperatura mais baixa.<\/li> <\/ul> <\/li> <\/ul> <\/div><figure class=\"wp-block-media-text__media\"><img loading=\"lazy\" decoding=\"async\" width=\"720\" height=\"540\" src=\"https:\/\/corn-machines.com\/wp-content\/uploads\/2022\/09\/raw-material.webp\" alt=\"mat\u00e9ria-prima\" class=\"wp-image-271 size-full\" srcset=\"https:\/\/corn-machines.com\/wp-content\/uploads\/2022\/09\/raw-material.webp 720w, https:\/\/corn-machines.com\/wp-content\/uploads\/2022\/09\/raw-material-300x225.webp 300w\" sizes=\"auto, (max-width: 720px) 100vw, 720px\" \/><\/figure><\/div>    <div class=\"wp-block-media-text is-stacked-on-mobile\"><figure class=\"wp-block-media-text__media\"><img loading=\"lazy\" decoding=\"async\" width=\"720\" height=\"540\" src=\"https:\/\/corn-machines.com\/wp-content\/uploads\/2022\/09\/finished-product.webp\" alt=\"produto acabado da m\u00e1quina de moer milho\" class=\"wp-image-272 size-full\" srcset=\"https:\/\/corn-machines.com\/wp-content\/uploads\/2022\/09\/finished-product.webp 720w, https:\/\/corn-machines.com\/wp-content\/uploads\/2022\/09\/finished-product-300x225.webp 300w\" sizes=\"auto, (max-width: 720px) 100vw, 720px\" \/><\/figure><div class=\"wp-block-media-text__content\"> <p class=\"translation-block\"><strong>Dicas para opera\u00e7\u00e3o eficiente:<\/strong><\/p>    <ul class=\"wp-block-list\"> <li>Remova as facas da m\u00e1quina e ajuste a folga do rolo para 3 a 5 mm para um desempenho ideal.<\/li>    <li>Alternativamente, use uma rede de secagem para remover o excesso de umidade do milho antes do processamento.<\/li> <\/ul>    <p class=\"translation-block\"><strong>Produ\u00e7\u00e3o de <a href=\"https:\/\/en.wikipedia.org\/wiki\/Grits\" data-type=\"link\" data-id=\"https:\/\/en.wikipedia.org\/wiki\/Grits\" target=\"_blank\" rel=\"noopener\">grits<\/a> de milho<\/strong><br>Durante o processo de produ\u00e7\u00e3o de grits de milho, a m\u00e1quina separa a sa\u00edda em tr\u00eas tipos:<\/p>    <ul class=\"wp-block-list\"> <li>Farinha de milho<\/li>    <li>Gr\u00e3os grandes<\/li>    <li>Gr\u00e3os m\u00e9dios<\/li> <\/ul> <\/div><\/div>    <h2 class=\"wp-block-heading\" id=\"h-maize-grinding-machine-parameter\">Par\u00e2metro da m\u00e1quina de moagem de milho<\/h2>    <figure class=\"wp-block-table\"><table><tbody><tr><td>Modelo<\/td><td>T1<\/td><\/tr><tr><td>Casca de milho&nbsp;<\/td><td>350-450 kg\/hora<\/td><\/tr><tr><td>Fazendo gr\u00e3os de milho&nbsp;<\/td><td>1000kg&nbsp;<\/td><\/tr><tr><td>Tens\u00e3o nominal&nbsp;<\/td><td>380v&nbsp;<\/td><\/tr><tr><td>Poder&nbsp;<\/td><td>7,5 kW 4 p\u00f3los&nbsp;<\/td><\/tr><tr><td>Fazendo farinha de milho&nbsp;<\/td><td>350kg&nbsp;<\/td><\/tr><tr><td>Velocidade do fuso&nbsp;<\/td><td>1150 r\/min<\/td><\/tr><\/tbody><\/table><figcaption class=\"wp-element-caption\">par\u00e2metro da m\u00e1quina de gr\u00e3os de milho<\/figcaption><\/figure>    <figure class=\"wp-block-image size-full\"><img loading=\"lazy\" decoding=\"async\" width=\"720\" height=\"540\" src=\"https:\/\/corn-machines.com\/wp-content\/uploads\/2022\/09\/Maize-grinding-machine.webp\" alt=\"M\u00e1quina de moer milho\" class=\"wp-image-273\" srcset=\"https:\/\/corn-machines.com\/wp-content\/uploads\/2022\/09\/Maize-grinding-machine.webp 720w, https:\/\/corn-machines.com\/wp-content\/uploads\/2022\/09\/Maize-grinding-machine-300x225.webp 300w\" sizes=\"auto, (max-width: 720px) 100vw, 720px\" \/><figcaption class=\"wp-element-caption\">Moedor de milho com bom pre\u00e7o<\/figcaption><\/figure>    <h2 class=\"wp-block-heading\" id=\"h-the-process-of-making-corn-grits\">O processo de fabrica\u00e7\u00e3o de gr\u00e3os de milho<\/h2>    <h3 class=\"wp-block-heading\" id=\"h-peeled-part\">1. Parte descascada<\/h3>    <div class=\"wp-block-media-text is-stacked-on-mobile\"><figure class=\"wp-block-media-text__media\"><img loading=\"lazy\" decoding=\"async\" width=\"720\" height=\"540\" src=\"https:\/\/corn-machines.com\/wp-content\/uploads\/2022\/09\/maize-grinding-machine-1.webp\" alt=\"m\u00e1quina de moer milho\" class=\"wp-image-275 size-full\" srcset=\"https:\/\/corn-machines.com\/wp-content\/uploads\/2022\/09\/maize-grinding-machine-1.webp 720w, https:\/\/corn-machines.com\/wp-content\/uploads\/2022\/09\/maize-grinding-machine-1-300x225.webp 300w\" sizes=\"auto, (max-width: 720px) 100vw, 720px\" \/><\/figure><div class=\"wp-block-media-text__content\"> <ul class=\"wp-block-list\"> <li><strong>Casca de milho e produto acabado<\/strong>. As cascas desempenham um papel crucial na determina\u00e7\u00e3o da qualidade dos gr\u00e3os de milho e s\u00e3o essenciais para o processamento geral do milho.<\/li>    <li><strong>Benef\u00edcios da casca de milho<\/strong>. O descascamento remove manchas pretas e farelo do milho, melhorando a qualidade do produto final.<\/li>    <li><strong>Superf\u00edcie limpa e lisa<\/strong>. A retirada das cascas garante que os gr\u00e3os de milho tenham uma superf\u00edcie limpa e lisa, melhorando tanto a apar\u00eancia quanto a textura.<\/li> <\/ul> <\/div><\/div>    <h3 class=\"wp-block-heading\" id=\"h-broken-part\">2. Parte quebrada<\/h3>    <div class=\"wp-block-media-text has-media-on-the-right is-stacked-on-mobile\"><div class=\"wp-block-media-text__content\"> <ul class=\"wp-block-list\"> <li><strong>Fun\u00e7\u00e3o de esmagamento de milho<\/strong>. A parte de esmagamento do milho \u00e9 projetada para quebrar os gr\u00e3os de milho em gr\u00e2nulos menores de tamanhos variados.<\/li>    <li><strong>Tr\u00eas tipos de produtos acabados<\/strong>. A m\u00e1quina pode produzir tr\u00eas tipos diferentes de produtos acabados: gr\u00e3os de milho, gr\u00e3os de milho e farinha de milho.<\/li>    <li><strong>Versatilidade no processamento<\/strong>. A capacidade de criar v\u00e1rios produtos a partir de um \u00fanico processo aumenta a versatilidade da m\u00e1quina de processamento de milho.<\/li> <\/ul> <\/div><figure class=\"wp-block-media-text__media\"><img loading=\"lazy\" decoding=\"async\" width=\"720\" height=\"540\" src=\"https:\/\/corn-machines.com\/wp-content\/uploads\/2022\/09\/maize-grinding-machine-2.webp\" alt=\"m\u00e1quina de moer milho\" class=\"wp-image-276 size-full\" srcset=\"https:\/\/corn-machines.com\/wp-content\/uploads\/2022\/09\/maize-grinding-machine-2.webp 720w, https:\/\/corn-machines.com\/wp-content\/uploads\/2022\/09\/maize-grinding-machine-2-300x225.webp 300w\" sizes=\"auto, (max-width: 720px) 100vw, 720px\" \/><\/figure><\/div>    <h2 class=\"wp-block-heading\" id=\"h-polished-part\">Estrutura da m\u00e1quina de gr\u00e3os de milho<\/h2>    <div class=\"wp-block-media-text is-stacked-on-mobile\"><figure class=\"wp-block-media-text__media\"><img loading=\"lazy\" decoding=\"async\" width=\"720\" height=\"540\" src=\"https:\/\/corn-machines.com\/wp-content\/uploads\/2022\/09\/maize-grinding-machine-4.webp\" alt=\"m\u00e1quina de moer milho\" class=\"wp-image-278 size-full\" srcset=\"https:\/\/corn-machines.com\/wp-content\/uploads\/2022\/09\/maize-grinding-machine-4.webp 720w, https:\/\/corn-machines.com\/wp-content\/uploads\/2022\/09\/maize-grinding-machine-4-300x225.webp 300w\" sizes=\"auto, (max-width: 720px) 100vw, 720px\" \/><\/figure><div class=\"wp-block-media-text__content\"> <p>A m\u00e1quina para fazer gr\u00e3os de milho possui tr\u00eas portas de descarga para a fivela de alimenta\u00e7\u00e3o e uma porta de descarga para cascas de milho.<\/p> <\/div><\/div>    <h2 class=\"wp-block-heading\" id=\"h-working-principle-of-corn-grits-machine\">Como funciona a m\u00e1quina de gr\u00e3os de milho?<\/h2>    <p>A m\u00e1quina de gr\u00e3os de milho \u00e9 uma m\u00e1quina de processamento prim\u00e1rio abrangente projetada para milho. Combina v\u00e1rios sistemas para processar eficientemente gr\u00e3os de milho em v\u00e1rios produtos acabados. Aqui est\u00e1 um resumo de como funciona:<\/p>    <figure class=\"wp-block-image\"><img loading=\"lazy\" decoding=\"async\" width=\"720\" height=\"540\" src=\"https:\/\/corn-machines.com\/wp-content\/uploads\/2022\/09\/maize-grinding-machine-3.webp\" alt=\"m\u00e1quina de moer milho\" class=\"wp-image-277\" srcset=\"https:\/\/corn-machines.com\/wp-content\/uploads\/2022\/09\/maize-grinding-machine-3.webp 720w, https:\/\/corn-machines.com\/wp-content\/uploads\/2022\/09\/maize-grinding-machine-3-300x225.webp 300w\" sizes=\"auto, (max-width: 720px) 100vw, 720px\" \/><\/figure>    <ul class=\"wp-block-list\"> <li><strong>Sistema de descascamento<\/strong>. Os gr\u00e3os de milho entram na tremonha, onde come\u00e7a o processo de descascamento. A a\u00e7\u00e3o rotativa do eixo propulsor empurra o milho atrav\u00e9s da m\u00e1quina, permitindo a remo\u00e7\u00e3o de cascas e outros materiais indesejados.<\/li>    <li><strong>Sistema de britagem<\/strong>. \u00c0 medida que o milho passa pela c\u00e2mara de descascamento, o volume da c\u00e2mara de trabalho \u00e9 reduzido. Esse aumento de densidade auxilia no processo de britagem. O tambor gira e impulsiona continuamente os gr\u00e3os, quebrando-os em part\u00edculas menores.<\/li>    <li><strong>Sistema de classifica\u00e7\u00e3o<\/strong>. Ap\u00f3s o processo de moagem, o milho \u00e9 classificado em diferentes tamanhos, resultando na produ\u00e7\u00e3o de gr\u00e3os de milho, gr\u00e3os de milho e farinha de milho.<\/li>    <li><strong>Sistema de remo\u00e7\u00e3o de poeira<\/strong>. O sistema de despoeiramento garante que o ar no interior da m\u00e1quina permane\u00e7a limpo e que o produto final esteja livre de excesso de p\u00f3.<\/li> <\/ul>    <p>Ao incorporar esses sistemas, a m\u00e1quina de gr\u00e3os de milho transforma efetivamente milho cru em v\u00e1rios produtos processados \u200b\u200bcom alta efici\u00eancia.<\/p>    <figure class=\"wp-block-gallery has-nested-images columns-default is-cropped wp-block-gallery-2 is-layout-flex wp-block-gallery-is-layout-flex\"> <figure class=\"wp-block-image size-large\"><img loading=\"lazy\" decoding=\"async\" width=\"720\" height=\"540\" data-id=\"280\" src=\"https:\/\/corn-machines.com\/wp-content\/uploads\/2022\/09\/maize-grinding-machine-5.webp\" alt=\"Pre\u00e7o da m\u00e1quina de gr\u00e3os de milho\" class=\"wp-image-280\" srcset=\"https:\/\/corn-machines.com\/wp-content\/uploads\/2022\/09\/maize-grinding-machine-5.webp 720w, https:\/\/corn-machines.com\/wp-content\/uploads\/2022\/09\/maize-grinding-machine-5-300x225.webp 300w\" sizes=\"auto, (max-width: 720px) 100vw, 720px\" \/><figcaption class=\"wp-element-caption\">Pre\u00e7o da m\u00e1quina de gr\u00e3os de milho<\/figcaption><\/figure>    <figure class=\"wp-block-image size-large\"><img loading=\"lazy\" decoding=\"async\" width=\"720\" height=\"540\" data-id=\"281\" src=\"https:\/\/corn-machines.com\/wp-content\/uploads\/2022\/09\/maize-grinding-machine-products.webp\" alt=\"produtos para m\u00e1quinas de moagem de milho\" class=\"wp-image-281\" srcset=\"https:\/\/corn-machines.com\/wp-content\/uploads\/2022\/09\/maize-grinding-machine-products.webp 720w, https:\/\/corn-machines.com\/wp-content\/uploads\/2022\/09\/maize-grinding-machine-products-300x225.webp 300w\" sizes=\"auto, (max-width: 720px) 100vw, 720px\" \/><figcaption class=\"wp-element-caption\">produtos para m\u00e1quinas de moagem de milho<\/figcaption><\/figure> <\/figure>    <h2 class=\"wp-block-heading\" id=\"h-corn-grits-machine-advantage\">Vantagens da m\u00e1quina para fazer gr\u00e3os de milho<\/h2>    <ul class=\"wp-block-list\"> <li><strong>Sa\u00edda limpa e de alta qualidade.<\/strong> A m\u00e1quina remove com efic\u00e1cia manchas pretas e impurezas, garantindo farinha de milho limpa e gr\u00e3os de alta qualidade.<\/li>    <li><strong>Opera\u00e7\u00e3o vers\u00e1til.<\/strong> Pode processar milho \u00famido e seco, oferecendo flexibilidade para diferentes necessidades de produ\u00e7\u00e3o.<\/li>    <li><strong>Finura e propor\u00e7\u00f5es ajust\u00e1veis.<\/strong> A m\u00e1quina permite ajustes f\u00e1ceis da finura dos gr\u00e3os e da propor\u00e7\u00e3o entre gr\u00e3os e fub\u00e1 para atender a requisitos espec\u00edficos.<\/li>    <li><strong>Remo\u00e7\u00e3o eficiente de impurezas.<\/strong> Um design exclusivo acelera a remo\u00e7\u00e3o de impurezas, melhorando a velocidade e o desempenho do processamento.<\/li>    <li><strong>Monitoramento em tempo real.<\/strong> O atual sistema de exibi\u00e7\u00e3o permite o monitoramento da press\u00e3o interna e da efici\u00eancia do descascamento, garantindo desempenho ideal.<\/li>    <li><strong>Ajuste autom\u00e1tico para efici\u00eancia.<\/strong> Os sistemas de ajuste autom\u00e1tico e distribui\u00e7\u00e3o de energia mant\u00eam a m\u00e1quina nas melhores condi\u00e7\u00f5es de funcionamento, reduzindo a interven\u00e7\u00e3o manual.<\/li>    <li><strong>Processamento multigr\u00e3os.<\/strong> Tamb\u00e9m pode processar arroz, trigo e sorgo, ampliando sua versatilidade para diversos gr\u00e3os.<\/li>    <li><strong>Economia de tempo e trabalho.<\/strong> Projetada para melhorar a efici\u00eancia, a m\u00e1quina reduz o trabalho e o tempo de processamento, garantindo alta limpeza e cores brilhantes do produto.<\/li> <\/ul>    <figure class=\"wp-block-gallery has-nested-images columns-default is-cropped wp-block-gallery-3 is-layout-flex wp-block-gallery-is-layout-flex\"> <figure class=\"wp-block-image size-large\"><img loading=\"lazy\" decoding=\"async\" width=\"720\" height=\"540\" data-id=\"282\" src=\"https:\/\/corn-machines.com\/wp-content\/uploads\/2022\/09\/Corn-grits-making-machine.webp\" alt=\"M\u00e1quina de gr\u00e3os de milho\" class=\"wp-image-282\" srcset=\"https:\/\/corn-machines.com\/wp-content\/uploads\/2022\/09\/Corn-grits-making-machine.webp 720w, https:\/\/corn-machines.com\/wp-content\/uploads\/2022\/09\/Corn-grits-making-machine-300x225.webp 300w\" sizes=\"auto, (max-width: 720px) 100vw, 720px\" \/><figcaption class=\"wp-element-caption\">M\u00e1quina de gr\u00e3os de milho<\/figcaption><\/figure> <\/figure>    <h2 class=\"wp-block-heading\" id=\"h-operation-method-and-steps-of-corn-grits-making-machine\">Como usar a m\u00e1quina para fazer gr\u00e3os de milho?<\/h2>    <ul class=\"wp-block-list\"> <li><strong>Umede\u00e7a o milho.<\/strong> Adicione cerca de 3 partes de \u00e1gua para cada 100 partes de milho e deixe descansar por cerca de 10 minutos.<\/li>    <li><strong>Coloque o milho na caixa de descascar.<\/strong> Ap\u00f3s umedecer, despeje o milho na caixa de descascamento, ajuste a al\u00e7a de press\u00e3o de descascamento e abra a caixa de alimenta\u00e7\u00e3o para come\u00e7ar.<\/li>    <li><strong>Processo de descascamento.<\/strong> O milho descascado ser\u00e1 descarregado pela porta frontal, enquanto as cascas e outros detritos caem naturalmente pela porta de descarga traseira.<\/li>    <li><strong>Esmagando o milho.<\/strong> Transfira o milho descascado para a caixa de tritura\u00e7\u00e3o, ajuste a al\u00e7a de tritura\u00e7\u00e3o para o tamanho de part\u00edcula desejado.<\/li>    <li><strong>Exporta\u00e7\u00e3o do produto acabado.<\/strong> A m\u00e1quina produzir\u00e1 tr\u00eas tipos de gr\u00e2nulos: gr\u00e3os grandes, gr\u00e3os pequenos e farinha de milho. Estes ser\u00e3o descarregados atrav\u00e9s da porta de sa\u00edda.<\/li> <\/ul>    <figure class=\"wp-block-gallery has-nested-images columns-default is-cropped wp-block-gallery-4 is-layout-flex wp-block-gallery-is-layout-flex\"> <figure class=\"wp-block-image size-large\"><img loading=\"lazy\" decoding=\"async\" width=\"720\" height=\"540\" data-id=\"279\" src=\"https:\/\/corn-machines.com\/wp-content\/uploads\/2022\/09\/maize-grinding-machine-facrory.webp\" alt=\"f\u00e1brica de m\u00e1quinas de gr\u00e3os de milho\" class=\"wp-image-279\" srcset=\"https:\/\/corn-machines.com\/wp-content\/uploads\/2022\/09\/maize-grinding-machine-facrory.webp 720w, https:\/\/corn-machines.com\/wp-content\/uploads\/2022\/09\/maize-grinding-machine-facrory-300x225.webp 300w\" sizes=\"auto, (max-width: 720px) 100vw, 720px\" \/><figcaption class=\"wp-element-caption\">f\u00e1brica de m\u00e1quinas de gr\u00e3os de milho<\/figcaption><\/figure> <\/figure>    <h2 class=\"wp-block-heading\">Invista em nossa m\u00e1quina de milho cingida<\/h2>    <div class=\"wp-block-media-text is-stacked-on-mobile\"><figure class=\"wp-block-media-text__media\"><img loading=\"lazy\" decoding=\"async\" width=\"750\" height=\"482\" src=\"https:\/\/corn-machines.com\/wp-content\/uploads\/2022\/09\/corn-grits-machine.webp\" alt=\"m\u00e1quina de gr\u00e3os de milho\" class=\"wp-image-269 size-full\" srcset=\"https:\/\/corn-machines.com\/wp-content\/uploads\/2022\/09\/corn-grits-machine.webp 750w, https:\/\/corn-machines.com\/wp-content\/uploads\/2022\/09\/corn-grits-machine-300x193.webp 300w\" sizes=\"auto, (max-width: 750px) 100vw, 750px\" \/><\/figure><div class=\"wp-block-media-text__content\"> <ul class=\"wp-block-list\"> <li><strong>Desempenho excepcional.<\/strong> Constru\u00eddo com habilidade de primeira linha e tecnologia avan\u00e7ada para opera\u00e7\u00e3o eficiente.<\/li>    <li><strong>Inova\u00e7\u00e3o cont\u00ednua.<\/strong> Melhoramos continuamente nossas m\u00e1quinas para aumentar a efici\u00eancia da produ\u00e7\u00e3o e a qualidade do produto.<\/li>    <li><strong>Solu\u00e7\u00e3o confi\u00e1vel.<\/strong> Uma m\u00e1quina confi\u00e1vel que apoia o crescimento dos neg\u00f3cios com moagem est\u00e1vel e de alta qualidade.<\/li>    <li><strong>Suporte focado no cliente.<\/strong> Oferecemos um servi\u00e7o p\u00f3s-venda atencioso para garantir satisfa\u00e7\u00e3o e suporte cont\u00ednuos.<\/li> <\/ul> <\/div><\/div>    <h2 class=\"wp-block-heading\"><a href=\"https:\/\/corn-machines.com\/pt\/contact-us\/\" data-type=\"link\" data-id=\"https:\/\/corn-machines.com\/contact-us\/\">Contate-nos<\/a><\/h2>    <p>Sinta-se \u00e0 vontade para entrar em contato com nossa equipe de vendas para obter informa\u00e7\u00f5es mais detalhadas e solu\u00e7\u00f5es customizadas. Estamos ansiosos para colaborar com voc\u00ea para alcan\u00e7ar o sucesso!<\/p>","protected":false},"excerpt":{"rendered":"<p>A m\u00e1quina de gr\u00e3os de milho pode processar gr\u00e3os de milho em gr\u00e3os de milho e farinha de milho, componentes essenciais da dieta di\u00e1ria devido \u00e0 sua facilidade de consumo e digest\u00e3o. <\/p>","protected":false},"author":1,"featured_media":268,"parent":0,"template":"","tags":[23,24,31],"product-type":[5],"class_list":["post-266","product","type-product","status-publish","has-post-thumbnail","hentry","tag-corn-grain-mill-machine","tag-corn-grits-machine","tag-corn-milling-machine","product-type-maize-grits-milling-machine"],"_links":{"self":[{"href":"https:\/\/corn-machines.com\/pt\/wp-json\/wp\/v2\/product\/266","targetHints":{"allow":["GET"]}}],"collection":[{"href":"https:\/\/corn-machines.com\/pt\/wp-json\/wp\/v2\/product"}],"about":[{"href":"https:\/\/corn-machines.com\/pt\/wp-json\/wp\/v2\/types\/product"}],"author":[{"embeddable":true,"href":"https:\/\/corn-machines.com\/pt\/wp-json\/wp\/v2\/users\/1"}],"wp:featuredmedia":[{"embeddable":true,"href":"https:\/\/corn-machines.com\/pt\/wp-json\/wp\/v2\/media\/268"}],"wp:attachment":[{"href":"https:\/\/corn-machines.com\/pt\/wp-json\/wp\/v2\/media?parent=266"}],"wp:term":[{"taxonomy":"post_tag","embeddable":true,"href":"https:\/\/corn-machines.com\/pt\/wp-json\/wp\/v2\/tags?post=266"},{"taxonomy":"product-type","embeddable":true,"href":"https:\/\/corn-machines.com\/pt\/wp-json\/wp\/v2\/product-type?post=266"}],"curies":[{"name":"wp","href":"https:\/\/api.w.org\/{rel}","templated":true}]}}