{"id":235,"date":"2022-09-09T08:12:05","date_gmt":"2022-09-09T08:12:05","guid":{"rendered":"https:\/\/corn-machines.com\/?post_type=product&#038;p=235"},"modified":"2024-04-07T14:47:24","modified_gmt":"2024-04-07T06:47:24","slug":"corn-grain-mill-machine","status":"publish","type":"product","link":"https:\/\/corn-machines.com\/pt\/product\/corn-grain-mill-machine\/","title":{"rendered":"M\u00e1quina moinho de gr\u00e3os de milho | M\u00e1quina de moinho de farinha de milho"},"content":{"rendered":"<p>Uma m\u00e1quina moinho de gr\u00e3os de milho \u00e9 uma m\u00e1quina usada para moer gr\u00e3os em p\u00f3. O milho \u00e9 uma mat\u00e9ria-prima frequentemente processada e pode ser processado em um p\u00f3 ultrafino de 0,2 a 8 mm. Os moinhos de milho s\u00e3o amplamente utilizados na ind\u00fastria de processamento de alimentos e na ind\u00fastria farmac\u00eautica. <\/p>    <p class=\"translation-block\">Este triturador de milho pode usar motores a diesel, motores el\u00e9tricos e motores a gasolina. Al\u00e9m desta pequena m\u00e1quina de moagem de milho, existem tamb\u00e9m <a href=\"https:\/\/corn-machines.com\/pt\/product\/corn-grits-machine\/\" data-type=\"URL\" data-id=\"https:\/\/corn-machines.com\/product\/corn-grits-machine\/\">grandes m\u00e1quinas de moagem de milho<\/a>.<\/p>    <figure class=\"wp-block-embed is-type-video is-provider-youtube wp-block-embed-youtube wp-embed-aspect-16-9 wp-has-aspect-ratio\"><div class=\"wp-block-embed__wrapper\"> <iframe loading=\"lazy\" title=\"O que \u00e9 um triturador de milho? | m\u00e1quina de moinho de gr\u00e3os de milho | m\u00e1quina para fazer farinha de milho | moagem de milho\" width=\"500\" height=\"281\" src=\"https:\/\/www.youtube.com\/embed\/gNReEaxFyno?feature=oembed\" frameborder=\"0\" allow=\"accelerometer; autoplay; clipboard-write; encrypted-media; gyroscope; picture-in-picture; web-share\" referrerpolicy=\"strict-origin-when-cross-origin\" allowfullscreen><\/iframe> <\/div><figcaption class=\"wp-element-caption\">moinho de milho tipo suc\u00e7\u00e3o autom\u00e1tica<\/figcaption><\/figure>    <h2 class=\"wp-block-heading\" id=\"h-raw-materials-for-corn-grain-mill-machine\">Mat\u00e9rias-primas para moinho de gr\u00e3os de milho<\/h2>    <figure class=\"wp-block-gallery has-nested-images columns-default is-cropped wp-block-gallery-2 is-layout-flex wp-block-gallery-is-layout-flex\"> <figure class=\"wp-block-image size-large\"><img loading=\"lazy\" decoding=\"async\" width=\"720\" height=\"540\" data-id=\"258\" src=\"https:\/\/corn-machines.com\/wp-content\/uploads\/2022\/09\/corn-grain-mill-machine-raw-material.webp\" alt=\"mat\u00e9ria-prima da m\u00e1quina do moinho de gr\u00e3os de milho\" class=\"wp-image-258\" srcset=\"https:\/\/corn-machines.com\/wp-content\/uploads\/2022\/09\/corn-grain-mill-machine-raw-material.webp 720w, https:\/\/corn-machines.com\/wp-content\/uploads\/2022\/09\/corn-grain-mill-machine-raw-material-300x225.webp 300w\" sizes=\"auto, (max-width: 720px) 100vw, 720px\" \/><figcaption class=\"wp-element-caption\">mat\u00e9ria-prima da m\u00e1quina do moinho de gr\u00e3os de milho<\/figcaption><\/figure>    <figure class=\"wp-block-image size-large\"><img loading=\"lazy\" decoding=\"async\" width=\"720\" height=\"540\" data-id=\"260\" src=\"https:\/\/corn-machines.com\/wp-content\/uploads\/2022\/09\/corn-flour.webp\" alt=\"farinha de milho\" class=\"wp-image-260\" srcset=\"https:\/\/corn-machines.com\/wp-content\/uploads\/2022\/09\/corn-flour.webp 720w, https:\/\/corn-machines.com\/wp-content\/uploads\/2022\/09\/corn-flour-300x225.webp 300w\" sizes=\"auto, (max-width: 720px) 100vw, 720px\" \/><figcaption class=\"wp-element-caption\">farinha de milho<\/figcaption><\/figure> <\/figure>    <p>Essa versatilidade faz do moinho de milho uma ferramenta indispens\u00e1vel na ind\u00fastria de beneficiamento de gr\u00e3os. Seja processando milho, trigo, soja, piment\u00e3o seco, sorgo, materiais medicinais ou outras mat\u00e9rias-primas, ou triturando minerais de baixa dureza, como gesso, p\u00f3 de talco, terras raras, produtos qu\u00edmicos e argila, ele se destaca sem esfor\u00e7o. <\/p>    <p>Se voc\u00ea precisa produzir alimentos, produtos farmac\u00eauticos ou qu\u00edmicos, o moinho de milho pode fornecer solu\u00e7\u00f5es de processamento confi\u00e1veis, moendo gr\u00e3os e ervas em p\u00f3s finos para atender \u00e0s suas diversas necessidades.<\/p>    <h2 class=\"wp-block-heading\" id=\"h-structure-of-corn-mill-machine\">Estrutura da m\u00e1quina moinho de milho<\/h2>    <figure class=\"wp-block-gallery has-nested-images columns-default is-cropped wp-block-gallery-3 is-layout-flex wp-block-gallery-is-layout-flex\"> <figure class=\"wp-block-image size-large\"><img loading=\"lazy\" decoding=\"async\" width=\"720\" height=\"540\" data-id=\"246\" src=\"https:\/\/corn-machines.com\/wp-content\/uploads\/2022\/09\/Structure-of-corn-mill-machine-3.webp\" alt=\"Estrutura da m\u00e1quina moinho de milho \" class=\"wp-image-246\" srcset=\"https:\/\/corn-machines.com\/wp-content\/uploads\/2022\/09\/Structure-of-corn-mill-machine-3.webp 720w, https:\/\/corn-machines.com\/wp-content\/uploads\/2022\/09\/Structure-of-corn-mill-machine-3-300x225.webp 300w\" sizes=\"auto, (max-width: 720px) 100vw, 720px\" \/><figcaption class=\"wp-element-caption\">Estrutura da m\u00e1quina moinho de milho <\/figcaption><\/figure>    <figure class=\"wp-block-image size-large\"><img loading=\"lazy\" decoding=\"async\" width=\"720\" height=\"540\" data-id=\"242\" src=\"https:\/\/corn-machines.com\/wp-content\/uploads\/2022\/09\/Structure-of-corn-mill-machine-1.webp\" alt=\"Estrutura da m\u00e1quina moinho de milho\" class=\"wp-image-242\" srcset=\"https:\/\/corn-machines.com\/wp-content\/uploads\/2022\/09\/Structure-of-corn-mill-machine-1.webp 720w, https:\/\/corn-machines.com\/wp-content\/uploads\/2022\/09\/Structure-of-corn-mill-machine-1-300x225.webp 300w\" sizes=\"auto, (max-width: 720px) 100vw, 720px\" \/><figcaption class=\"wp-element-caption\">Estrutura da m\u00e1quina moinho de milho <\/figcaption><\/figure>    <figure class=\"wp-block-image size-large\"><img loading=\"lazy\" decoding=\"async\" width=\"720\" height=\"540\" data-id=\"245\" src=\"https:\/\/corn-machines.com\/wp-content\/uploads\/2022\/09\/Structure-of-corn-mill-machine-2.webp\" alt=\"Estrutura da m\u00e1quina moinho de milho \" class=\"wp-image-245\" srcset=\"https:\/\/corn-machines.com\/wp-content\/uploads\/2022\/09\/Structure-of-corn-mill-machine-2.webp 720w, https:\/\/corn-machines.com\/wp-content\/uploads\/2022\/09\/Structure-of-corn-mill-machine-2-300x225.webp 300w\" sizes=\"auto, (max-width: 720px) 100vw, 720px\" \/><figcaption class=\"wp-element-caption\">Estrutura da m\u00e1quina moinho de milho <\/figcaption><\/figure> <\/figure>    <p>O britador de garras inclui principalmente seis partes: parte superior do corpo, tampa, conjunto do rotor, tela, dispositivo de alimenta\u00e7\u00e3o e estrutura. <\/p>    <p>O corpo e o conjunto do rotor juntos formam a cavidade de britagem, e o conjunto do rotor torna-se a principal pe\u00e7a de trabalho. A britagem do material \u00e9 finalizada na c\u00e2mara de britagem. <\/p>    <p>Nosso moinho de milho pode produzir farinha de milho de 0,2-8 mm, e farinha de milho de diferentes finuras \u00e9 composta por diferentes peneiras<\/p>    <h2 class=\"wp-block-heading\" id=\"h-two-types-of-maize-flour-mill-machine\">Dois tipos de m\u00e1quina de moinho de farinha de milho<\/h2>    <figure class=\"wp-block-gallery has-nested-images columns-default is-cropped wp-block-gallery-4 is-layout-flex wp-block-gallery-is-layout-flex\"> <figure class=\"wp-block-image size-large\"><img loading=\"lazy\" decoding=\"async\" width=\"720\" height=\"540\" data-id=\"243\" src=\"https:\/\/corn-machines.com\/wp-content\/uploads\/2022\/09\/maize-flour-mill-machine.webp\" alt=\"m\u00e1quina de moinho de farinha de milho\" class=\"wp-image-243\" srcset=\"https:\/\/corn-machines.com\/wp-content\/uploads\/2022\/09\/maize-flour-mill-machine.webp 720w, https:\/\/corn-machines.com\/wp-content\/uploads\/2022\/09\/maize-flour-mill-machine-300x225.webp 300w\" sizes=\"auto, (max-width: 720px) 100vw, 720px\" \/><figcaption class=\"wp-element-caption\">m\u00e1quina de moinho de farinha de milho<\/figcaption><\/figure>    <figure class=\"wp-block-image size-large\"><img loading=\"lazy\" decoding=\"async\" width=\"720\" height=\"540\" data-id=\"244\" src=\"https:\/\/corn-machines.com\/wp-content\/uploads\/2022\/09\/maize-flour-mill-machine-1.webp\" alt=\"m\u00e1quina de moinho de farinha de milho\" class=\"wp-image-244\" srcset=\"https:\/\/corn-machines.com\/wp-content\/uploads\/2022\/09\/maize-flour-mill-machine-1.webp 720w, https:\/\/corn-machines.com\/wp-content\/uploads\/2022\/09\/maize-flour-mill-machine-1-300x225.webp 300w\" sizes=\"auto, (max-width: 720px) 100vw, 720px\" \/><figcaption class=\"wp-element-caption\">m\u00e1quina de moinho de farinha de milho<\/figcaption><\/figure> <\/figure>    <p>As funcionalidades de ambos os moinhos s\u00e3o id\u00eanticas, diferindo apenas nos mecanismos de alimenta\u00e7\u00e3o. Um modelo oferece alimenta\u00e7\u00e3o autom\u00e1tica e autoescorvante, proporcionando maior comodidade. <\/p>    <p>Por outro lado, o outro necessita de alimenta\u00e7\u00e3o manual, exigindo que os usu\u00e1rios distribuam uniformemente o milho diretamente na m\u00e1quina em um ritmo controlado. Ap\u00f3s a configura\u00e7\u00e3o, os usu\u00e1rios simplesmente conectam um cont\u00eainer \u00e0 sa\u00edda da m\u00e1quina para coletar o material processado de forma eficiente. <\/p>    <p>Embora os m\u00e9todos de alimenta\u00e7\u00e3o e descarga variem entre as duas m\u00e1quinas, as suas funcionalidades principais permanecem consistentes.<\/p>    <h2 class=\"wp-block-heading\" id=\"h-how-a-corn-grain-mill-machine-works\">Como funciona uma m\u00e1quina moinho de gr\u00e3os de milho?<\/h2>    <p>Durante a opera\u00e7\u00e3o, o material destinado ao processamento entra na c\u00e2mara de britagem atrav\u00e9s da moega, onde encontra os componentes girat\u00f3rios de alta velocidade que iniciam o processo de britagem enquanto redirecionam a trajet\u00f3ria do material. <\/p>    <figure class=\"wp-block-gallery has-nested-images columns-default is-cropped wp-block-gallery-5 is-layout-flex wp-block-gallery-is-layout-flex\"> <figure class=\"wp-block-image size-large\"><img loading=\"lazy\" decoding=\"async\" width=\"720\" height=\"540\" data-id=\"247\" src=\"https:\/\/corn-machines.com\/wp-content\/uploads\/2022\/09\/corn-grain-mill-machine-working.webp\" alt=\"m\u00e1quina de moinho de gr\u00e3os de milho funcionando\" class=\"wp-image-247\" srcset=\"https:\/\/corn-machines.com\/wp-content\/uploads\/2022\/09\/corn-grain-mill-machine-working.webp 720w, https:\/\/corn-machines.com\/wp-content\/uploads\/2022\/09\/corn-grain-mill-machine-working-300x225.webp 300w\" sizes=\"auto, (max-width: 720px) 100vw, 720px\" \/><figcaption class=\"wp-element-caption\">m\u00e1quina de moinho de gr\u00e3os de milho funcionando<\/figcaption><\/figure>    <figure class=\"wp-block-image size-large\"><img loading=\"lazy\" decoding=\"async\" width=\"720\" height=\"540\" data-id=\"248\" src=\"https:\/\/corn-machines.com\/wp-content\/uploads\/2022\/09\/corn-grain-mill-machine-working-1.webp\" alt=\"m\u00e1quina de moinho de gr\u00e3os de milho funcionando\" class=\"wp-image-248\" srcset=\"https:\/\/corn-machines.com\/wp-content\/uploads\/2022\/09\/corn-grain-mill-machine-working-1.webp 720w, https:\/\/corn-machines.com\/wp-content\/uploads\/2022\/09\/corn-grain-mill-machine-working-1-300x225.webp 300w\" sizes=\"auto, (max-width: 720px) 100vw, 720px\" \/><figcaption class=\"wp-element-caption\">m\u00e1quina de moinho de gr\u00e3os de milho funcionando<\/figcaption><\/figure>    <figure class=\"wp-block-image size-large\"><img loading=\"lazy\" decoding=\"async\" width=\"720\" height=\"540\" data-id=\"249\" src=\"https:\/\/corn-machines.com\/wp-content\/uploads\/2022\/09\/corn-grain-mill-machine-working-2.webp\" alt=\"m\u00e1quina de moinho de gr\u00e3os de milho funcionando\" class=\"wp-image-249\" srcset=\"https:\/\/corn-machines.com\/wp-content\/uploads\/2022\/09\/corn-grain-mill-machine-working-2.webp 720w, https:\/\/corn-machines.com\/wp-content\/uploads\/2022\/09\/corn-grain-mill-machine-working-2-300x225.webp 300w\" sizes=\"auto, (max-width: 720px) 100vw, 720px\" \/><figcaption class=\"wp-element-caption\">m\u00e1quina de moinho de gr\u00e3os de milho funcionando<\/figcaption><\/figure>    <figure class=\"wp-block-image size-large\"><img loading=\"lazy\" decoding=\"async\" width=\"720\" height=\"540\" data-id=\"250\" src=\"https:\/\/corn-machines.com\/wp-content\/uploads\/2022\/09\/corn-grain-mill-machine-working-3.webp\" alt=\"m\u00e1quina de moinho de gr\u00e3os de milho funcionando\" class=\"wp-image-250\" srcset=\"https:\/\/corn-machines.com\/wp-content\/uploads\/2022\/09\/corn-grain-mill-machine-working-3.webp 720w, https:\/\/corn-machines.com\/wp-content\/uploads\/2022\/09\/corn-grain-mill-machine-working-3-300x225.webp 300w\" sizes=\"auto, (max-width: 720px) 100vw, 720px\" \/><figcaption class=\"wp-element-caption\">moedor de farinha de milho funcionando<\/figcaption><\/figure> <\/figure>    <p>A rota\u00e7\u00e3o em alta velocidade interrompe a deposi\u00e7\u00e3o da camada de material, facilitando seu movimento ao longo do rotor. Ao longo deste processo, as part\u00edculas sofrem colis\u00f5es repetidas tanto com os componentes de trabalho como entre si, reduzindo gradualmente o seu tamanho at\u00e9 passarem pelos orif\u00edcios da peneira.<\/p>    <p>Sob a influ\u00eancia da for\u00e7a centr\u00edfuga e do fluxo de ar, as part\u00edculas s\u00e3o ainda mais pulverizadas. Eventualmente, o material passa pelos orif\u00edcios da peneira, entra na c\u00e2mara de britagem e sai pela porta de descarga. <\/p>    <p>A finura da pulveriza\u00e7\u00e3o nessas m\u00e1quinas \u00e9 ditada pelo tamanho dos orif\u00edcios da peneira, permitindo que os usu\u00e1rios selecionem as telas de acordo com os requisitos de tamanho de part\u00edcula desejados para a alimenta\u00e7\u00e3o.<\/p>    <h2 class=\"wp-block-heading\" id=\"h-maize-flour-mill-machine-parameter\">Par\u00e2metro da m\u00e1quina do moinho de farinha de milho<\/h2>    <h3 class=\"wp-block-heading\" id=\"h-auxiliary-feeding-corn-mill-machine\">Moinho de milho com alimenta\u00e7\u00e3o auxiliar<\/h3>    <figure class=\"wp-block-image size-full\"><img loading=\"lazy\" decoding=\"async\" width=\"720\" height=\"540\" src=\"https:\/\/corn-machines.com\/wp-content\/uploads\/2022\/09\/corn-mill-machine.webp\" alt=\"m\u00e1quina de moinho de milho\" class=\"wp-image-252\" srcset=\"https:\/\/corn-machines.com\/wp-content\/uploads\/2022\/09\/corn-mill-machine.webp 720w, https:\/\/corn-machines.com\/wp-content\/uploads\/2022\/09\/corn-mill-machine-300x225.webp 300w\" sizes=\"auto, (max-width: 720px) 100vw, 720px\" \/><figcaption class=\"wp-element-caption\">m\u00e1quina de moinho de milho<\/figcaption><\/figure>    <figure class=\"wp-block-table\"><table><tbody><tr><td>Modelo<\/td><td>9FZ-45<\/td><\/tr><tr><td>Velocidade de rota\u00e7\u00e3o<\/td><td>3200 r\/min<\/td><\/tr><tr><td>Di\u00e2metro do rotor<\/td><td>450mm<\/td><\/tr><tr><td>Di\u00e2metro do anel da peneira<\/td><td>508 mm<\/td><\/tr><tr><td>Tamanho da tela (mm)<\/td><td>1600\u00d7115<\/td><\/tr><tr><td>Produtividade<\/td><td>\u22651500kg\/h<\/td><\/tr><tr><td>Dentes planos (peda\u00e7os)<\/td><td>6<\/td><\/tr><tr><td>Dentes quadrados (peda\u00e7os)<\/td><td>12<\/td><\/tr><tr><td>Tens\u00e3o<\/td><td>380 V<\/td><\/tr><tr><td>Peso<\/td><td>200kg<\/td><\/tr><\/tbody><\/table><figcaption class=\"wp-element-caption\">moedor de farinha de milho<\/figcaption><\/figure>    <h3 class=\"wp-block-heading\" id=\"h-automatic-suction-type-corn-mill\">Moinho de milho tipo suc\u00e7\u00e3o autom\u00e1tica<\/h3>    <figure class=\"wp-block-image size-full\"><img loading=\"lazy\" decoding=\"async\" width=\"720\" height=\"540\" src=\"https:\/\/corn-machines.com\/wp-content\/uploads\/2022\/09\/corn-mill.webp\" alt=\"moinho de milho\" class=\"wp-image-253\" srcset=\"https:\/\/corn-machines.com\/wp-content\/uploads\/2022\/09\/corn-mill.webp 720w, https:\/\/corn-machines.com\/wp-content\/uploads\/2022\/09\/corn-mill-300x225.webp 300w\" sizes=\"auto, (max-width: 720px) 100vw, 720px\" \/><figcaption class=\"wp-element-caption\">moinho de milho<\/figcaption><\/figure>    <figure class=\"wp-block-table\"><table><tbody><tr><td>Modelo<\/td><td>Moinho de martelo 9FQ-50<\/td><\/tr><tr><td>Velocidade<\/td><td>3200 r\/min<\/td><\/tr><tr><td>Di\u00e2metro do rotor<\/td><td>500 mm<\/td><\/tr><tr><td>Tamanho da tela (mm)<\/td><td>690\u00d7250<\/td><\/tr><tr><td>Produtividade<\/td><td>\u22651000 kg\/h<\/td><\/tr><tr><td>Pe\u00e7a de martelo<\/td><td>16<\/td><\/tr><tr><td>Dentes posteriores (peda\u00e7os)<\/td><td>3<\/td><\/tr><tr><td>Consumo de eletricidade por tonelada de material<\/td><td>\u226411KW.h\/t<\/td><\/tr><tr><td>Tens\u00e3o<\/td><td>380 V<\/td><\/tr><tr><td>Pot\u00eancia nominal<\/td><td>15 kW<\/td><\/tr><tr><td>Acess\u00f3rios<\/td><td>Funil de entrada e sa\u00edda<\/td><\/tr><tr><td>Dimens\u00f5es (mm)<\/td><td>1230x1020x1150<\/td><\/tr><tr><td>Tamanho da embalagem (mm)<\/td><td>680x720x930<\/td><\/tr><tr><td>Peso<\/td><td>160kg<\/td><\/tr><\/tbody><\/table><figcaption class=\"wp-element-caption\">par\u00e2metros do moinho de martelo<\/figcaption><\/figure>    <h2 class=\"wp-block-heading\" id=\"h-corn-grain-mill-machine-advantage\">Vantagens da m\u00e1quina moinho de gr\u00e3os de milho<\/h2>    <figure class=\"wp-block-image size-full\"><img loading=\"lazy\" decoding=\"async\" width=\"720\" height=\"540\" src=\"https:\/\/corn-machines.com\/wp-content\/uploads\/2022\/09\/Corn-grain-mill-machine-3.webp\" alt=\"M\u00e1quina moinho de gr\u00e3os de milho \" class=\"wp-image-251\" srcset=\"https:\/\/corn-machines.com\/wp-content\/uploads\/2022\/09\/Corn-grain-mill-machine-3.webp 720w, https:\/\/corn-machines.com\/wp-content\/uploads\/2022\/09\/Corn-grain-mill-machine-3-300x225.webp 300w\" sizes=\"auto, (max-width: 720px) 100vw, 720px\" \/><figcaption class=\"wp-element-caption\">Moinho de gr\u00e3os de milho <\/figcaption><\/figure>    <ul class=\"wp-block-list\"> <li>Martelo de alta qualidade: Fabricado em a\u00e7o mangan\u00eas, o martelo apresenta excepcional resist\u00eancia ao desgaste e ao impacto, garantindo desempenho de britagem superior.<\/li>    <li>Remo\u00e7\u00e3o Eficiente de Poeira: O pulverizador de milho possui um sistema avan\u00e7ado de remo\u00e7\u00e3o de poeira, promovendo um ambiente de produ\u00e7\u00e3o limpo e higi\u00eanico, minimizando ru\u00eddo e polui\u00e7\u00e3o.<\/li>    <li>Opera\u00e7\u00e3o silenciosa: Utilizando um design inovador, o moinho de milho opera com n\u00edveis de ru\u00eddo notavelmente baixos, promovendo um ambiente de produ\u00e7\u00e3o ideal que conduz \u00e0 produtividade e ao conforto.<\/li> <\/ul>    <h2 class=\"wp-block-heading\">Contate-nos<\/h2>    <figure class=\"wp-block-gallery has-nested-images columns-default is-cropped wp-block-gallery-6 is-layout-flex wp-block-gallery-is-layout-flex\"> <figure class=\"wp-block-image size-large\"><img loading=\"lazy\" decoding=\"async\" width=\"720\" height=\"540\" data-id=\"239\" src=\"https:\/\/corn-machines.com\/wp-content\/uploads\/2022\/09\/Corn-grain-mill-machine-1.webp\" alt=\"M\u00e1quina moinho de gr\u00e3os de milho\" class=\"wp-image-239\" srcset=\"https:\/\/corn-machines.com\/wp-content\/uploads\/2022\/09\/Corn-grain-mill-machine-1.webp 720w, https:\/\/corn-machines.com\/wp-content\/uploads\/2022\/09\/Corn-grain-mill-machine-1-300x225.webp 300w\" sizes=\"auto, (max-width: 720px) 100vw, 720px\" \/><figcaption class=\"wp-element-caption\">M\u00e1quina moinho de gr\u00e3os de milho<\/figcaption><\/figure>    <figure class=\"wp-block-image size-large\"><img loading=\"lazy\" decoding=\"async\" width=\"720\" height=\"540\" data-id=\"240\" src=\"https:\/\/corn-machines.com\/wp-content\/uploads\/2022\/09\/Corn-grain-mill-machine-2.webp\" alt=\"M\u00e1quina moinho de gr\u00e3os de milho\" class=\"wp-image-240\" srcset=\"https:\/\/corn-machines.com\/wp-content\/uploads\/2022\/09\/Corn-grain-mill-machine-2.webp 720w, https:\/\/corn-machines.com\/wp-content\/uploads\/2022\/09\/Corn-grain-mill-machine-2-300x225.webp 300w\" sizes=\"auto, (max-width: 720px) 100vw, 720px\" \/><figcaption class=\"wp-element-caption\">M\u00e1quina moinho de gr\u00e3os de milho<\/figcaption><\/figure> <\/figure>    <p class=\"translation-block\">As m\u00e1quinas de moagem de gr\u00e3os de milho s\u00e3o a base da efici\u00eancia e precis\u00e3o no processamento de gr\u00e3os, oferecendo confiabilidade e desempenho incompar\u00e1veis. Com sua constru\u00e7\u00e3o robusta e tecnologia avan\u00e7ada, essas m\u00e1quinas garantem opera\u00e7\u00f5es de moagem de gr\u00e3os otimizadas para diversas aplica\u00e7\u00f5es. <\/p>    <p>Investir em um moinho de gr\u00e3os de milho n\u00e3o apenas garante produtos finais de qualidade superior, mas tamb\u00e9m maximiza a produtividade e minimiza os custos operacionais. <\/p>    <p>N\u00e3o perca a oportunidade de elevar suas capacidades de processamento de gr\u00e3os e agilizar suas opera\u00e7\u00f5es. Contate-nos agora para tirar d\u00favidas e dar o primeiro passo para aumentar o sucesso e a lucratividade do seu neg\u00f3cio.<\/p>","protected":false},"excerpt":{"rendered":"<p>Uma m\u00e1quina de moinho de gr\u00e3os de milho \u00e9 uma m\u00e1quina usada para moer gr\u00e3os em p\u00f3. O milho \u00e9 uma mat\u00e9ria-prima frequentemente processada, <\/p>","protected":false},"author":1,"featured_media":238,"parent":0,"template":"","tags":[23,31],"product-type":[5],"class_list":["post-235","product","type-product","status-publish","has-post-thumbnail","hentry","tag-corn-grain-mill-machine","tag-corn-milling-machine","product-type-maize-grits-milling-machine"],"_links":{"self":[{"href":"https:\/\/corn-machines.com\/pt\/wp-json\/wp\/v2\/product\/235","targetHints":{"allow":["GET"]}}],"collection":[{"href":"https:\/\/corn-machines.com\/pt\/wp-json\/wp\/v2\/product"}],"about":[{"href":"https:\/\/corn-machines.com\/pt\/wp-json\/wp\/v2\/types\/product"}],"author":[{"embeddable":true,"href":"https:\/\/corn-machines.com\/pt\/wp-json\/wp\/v2\/users\/1"}],"wp:featuredmedia":[{"embeddable":true,"href":"https:\/\/corn-machines.com\/pt\/wp-json\/wp\/v2\/media\/238"}],"wp:attachment":[{"href":"https:\/\/corn-machines.com\/pt\/wp-json\/wp\/v2\/media?parent=235"}],"wp:term":[{"taxonomy":"post_tag","embeddable":true,"href":"https:\/\/corn-machines.com\/pt\/wp-json\/wp\/v2\/tags?post=235"},{"taxonomy":"product-type","embeddable":true,"href":"https:\/\/corn-machines.com\/pt\/wp-json\/wp\/v2\/product-type?post=235"}],"curies":[{"name":"wp","href":"https:\/\/api.w.org\/{rel}","templated":true}]}}