{"id":201,"date":"2022-09-09T02:21:54","date_gmt":"2022-09-09T02:21:54","guid":{"rendered":"https:\/\/corn-machines.com\/?post_type=product&#038;p=201"},"modified":"2024-02-22T17:56:10","modified_gmt":"2024-02-22T09:56:10","slug":"corn-shelling-machine","status":"publish","type":"product","link":"https:\/\/corn-machines.com\/pt\/product\/corn-shelling-machine\/","title":{"rendered":"M\u00e1quina de descascar milho | M\u00e1quina debulhadora de milho"},"content":{"rendered":"<p>Uma m\u00e1quina de descascar milho \u00e9 uma m\u00e1quina para debulhar espigas de milho ap\u00f3s descascar e secar. Esta debulhadora de milho pode separar o milho debulhado e a espiga de milho, coletar as impurezas durante a debulha do milho com ventilador traseiro e tem a fun\u00e7\u00e3o de limpar o milho. <\/p>    <p class=\"translation-block\">A debulhadora de milho est\u00e1 equipada com uma longa correia transportadora para eleva\u00e7\u00e3o de milho, o que poupa mais esfor\u00e7o na sua utiliza\u00e7\u00e3o, e a taxa de debulha de milho atinge 99%.<\/p>    <figure class=\"wp-block-embed is-type-video is-provider-youtube wp-block-embed-youtube wp-embed-aspect-16-9 wp-has-aspect-ratio\"><div class=\"wp-block-embed__wrapper\"> <iframe loading=\"lazy\" title=\"Truques de colheita: aproveitando ao m\u00e1ximo sua debulhadora de milho #corn #maize #thresher\" width=\"500\" height=\"281\" src=\"https:\/\/www.youtube.com\/embed\/PnBgVXWX2cU?feature=oembed\" frameborder=\"0\" allow=\"accelerometer; autoplay; clipboard-write; encrypted-media; gyroscope; picture-in-picture; web-share\" referrerpolicy=\"strict-origin-when-cross-origin\" allowfullscreen><\/iframe> <\/div><figcaption class=\"wp-element-caption\">V\u00eddeo de funcionamento da m\u00e1quina de descascar milho<\/figcaption><\/figure>    <h2 class=\"wp-block-heading\" id=\"h-raw-materials-for-corn-shelling-machine\">Mat\u00e9rias-primas para m\u00e1quina de descascar milho<\/h2>    <p class=\"translation-block\">A debulhadora de milho processa milho ap\u00f3s descasque e secagem. Se pretender descascar milho, a nossa empresa tamb\u00e9m tem uma descascadora de milho e tamb\u00e9m tem uma <a href=\"https:\/\/corn-machines.com\/pt\/product\/corn-peeling-and-threshing-machine\/\" data-type=\"URL\" data-id=\"https:\/\/corn-machines.com\/product\/corn-peeling-and-threshing-machine\/\">descascadora e debulhadora de milho de pequena produ\u00e7\u00e3o<\/a>. <\/p>    <p class=\"translation-block\">Quanto menor o teor de humidade do milho, melhor o efeito da debulha do milho, pelo que precisa de ser totalmente seco ao sol antes da debulha do milho. Diferentes estados de milho utilizam diferentes debulhadoras de milho. Por exemplo, as debulhadoras de milho fresco requerem a utiliza\u00e7\u00e3o de <a href=\"https:\/\/corn-machines.com\/pt\/product\/fresh-corn-thresher-sweet-corn-sheller\/\" data-type=\"URL\" data-id=\"https:\/\/corn-machines.com\/product\/fresh-corn-thresher-sweet-corn-sheller\/\">debulhadoras de milho fresco profissionais<\/a>.<\/p>    <figure class=\"wp-block-image size-full\"><img loading=\"lazy\" decoding=\"async\" width=\"720\" height=\"540\" src=\"https:\/\/corn-machines.com\/wp-content\/uploads\/2022\/09\/corn-thresher-raw-material.webp\" alt=\"mat\u00e9ria prima da debulhadora de milho\" class=\"wp-image-216\" srcset=\"https:\/\/corn-machines.com\/wp-content\/uploads\/2022\/09\/corn-thresher-raw-material.webp 720w, https:\/\/corn-machines.com\/wp-content\/uploads\/2022\/09\/corn-thresher-raw-material-300x225.webp 300w\" sizes=\"auto, (max-width: 720px) 100vw, 720px\" \/><figcaption class=\"wp-element-caption\">mat\u00e9ria prima da debulhadora de milho<\/figcaption><\/figure>    <h2 class=\"wp-block-heading\" id=\"h-how-does-the-corn-shelling-machine-work\">Como funciona a m\u00e1quina de descascar milho?<\/h2>    <div class=\"wp-block-media-text alignwide is-stacked-on-mobile\"><figure class=\"wp-block-media-text__media\"><img loading=\"lazy\" decoding=\"async\" width=\"720\" height=\"540\" src=\"https:\/\/corn-machines.com\/wp-content\/uploads\/2022\/09\/Corn-shelling-machine-1.jpg\" alt=\"M\u00e1quina de descascar milho\" class=\"wp-image-217 size-full\" srcset=\"https:\/\/corn-machines.com\/wp-content\/uploads\/2022\/09\/Corn-shelling-machine-1.jpg 720w, https:\/\/corn-machines.com\/wp-content\/uploads\/2022\/09\/Corn-shelling-machine-1-300x225.jpg 300w\" sizes=\"auto, (max-width: 720px) 100vw, 720px\" \/><\/figure><div class=\"wp-block-media-text__content\"> <p>O usu\u00e1rio coloca o milho na esteira de alimenta\u00e7\u00e3o autom\u00e1tica.<\/p> <\/div><\/div>    <div class=\"wp-block-media-text alignwide has-media-on-the-right is-stacked-on-mobile\"><div class=\"wp-block-media-text__content\"> <p>Em seguida o milho \u00e9 transportado para a c\u00e2mara de trilha.<\/p> <\/div><figure class=\"wp-block-media-text__media\"><img loading=\"lazy\" decoding=\"async\" width=\"720\" height=\"540\" src=\"https:\/\/corn-machines.com\/wp-content\/uploads\/2022\/09\/Corn-shelling-machine-2.jpg\" alt=\"M\u00e1quina de descascar milho\" class=\"wp-image-218 size-full\" srcset=\"https:\/\/corn-machines.com\/wp-content\/uploads\/2022\/09\/Corn-shelling-machine-2.jpg 720w, https:\/\/corn-machines.com\/wp-content\/uploads\/2022\/09\/Corn-shelling-machine-2-300x225.jpg 300w\" sizes=\"auto, (max-width: 720px) 100vw, 720px\" \/><\/figure><\/div>    <div class=\"wp-block-media-text alignwide is-stacked-on-mobile\"><figure class=\"wp-block-media-text__media\"><img loading=\"lazy\" decoding=\"async\" width=\"720\" height=\"540\" src=\"https:\/\/corn-machines.com\/wp-content\/uploads\/2022\/09\/Corn-shelling-machine-3.jpg\" alt=\"M\u00e1quina de descascar milho\" class=\"wp-image-219 size-full\" srcset=\"https:\/\/corn-machines.com\/wp-content\/uploads\/2022\/09\/Corn-shelling-machine-3.jpg 720w, https:\/\/corn-machines.com\/wp-content\/uploads\/2022\/09\/Corn-shelling-machine-3-300x225.jpg 300w\" sizes=\"auto, (max-width: 720px) 100vw, 720px\" \/><\/figure><div class=\"wp-block-media-text__content\"> <p>Depois que as sementes de milho e uma pequena quantidade de impurezas s\u00e3o separadas pela trilha em tambor, elas entram na batedeira pela placa c\u00f4ncava e depois entram na peneira pelo elevador.<\/p> <\/div><\/div>    <div class=\"wp-block-media-text alignwide has-media-on-the-right is-stacked-on-mobile\"><div class=\"wp-block-media-text__content\"> <p> As impurezas menores que o milho cair\u00e3o da peneira e as sementes de milho e outras impurezas maiores passar\u00e3o pela peneira at\u00e9 a sa\u00edda.<\/p> <\/div><figure class=\"wp-block-media-text__media\"><img loading=\"lazy\" decoding=\"async\" width=\"720\" height=\"540\" src=\"https:\/\/corn-machines.com\/wp-content\/uploads\/2022\/09\/Corn-shelling-machine-4.jpg\" alt=\"M\u00e1quina de descascar milho\" class=\"wp-image-220 size-full\" srcset=\"https:\/\/corn-machines.com\/wp-content\/uploads\/2022\/09\/Corn-shelling-machine-4.jpg 720w, https:\/\/corn-machines.com\/wp-content\/uploads\/2022\/09\/Corn-shelling-machine-4-300x225.jpg 300w\" sizes=\"auto, (max-width: 720px) 100vw, 720px\" \/><\/figure><\/div>    <div class=\"wp-block-media-text alignwide is-stacked-on-mobile\"><figure class=\"wp-block-media-text__media\"><img loading=\"lazy\" decoding=\"async\" width=\"720\" height=\"540\" src=\"https:\/\/corn-machines.com\/wp-content\/uploads\/2022\/09\/Corn-shelling-machine-5.jpg\" alt=\"M\u00e1quina de descascar milho\" class=\"wp-image-221 size-full\" srcset=\"https:\/\/corn-machines.com\/wp-content\/uploads\/2022\/09\/Corn-shelling-machine-5.jpg 720w, https:\/\/corn-machines.com\/wp-content\/uploads\/2022\/09\/Corn-shelling-machine-5-300x225.jpg 300w\" sizes=\"auto, (max-width: 720px) 100vw, 720px\" \/><\/figure><div class=\"wp-block-media-text__content\"> <p>Ap\u00f3s alguns segundos, as pequenas impurezas s\u00e3o descarregadas pelo absorvedor e as sementes de milho entram no saco vindo da peneira.<\/p> <\/div><\/div>    <h2 class=\"wp-block-heading\" id=\"h-parameters-of-corn-thresher\">Par\u00e2metros da debulhadora de milho<\/h2>    <figure class=\"wp-block-table\"><table><tbody><tr><td>Modo<\/td><td>TY-80A<\/td><td>TY-80B<\/td><td>TY-80C<\/td><td>TY-80D<\/td><\/tr><tr><td>Poder<\/td><td>Motor diesel de 15 HP ou motor de 7,5 KW<\/td><td>Motor diesel de 15 HP ou motor de 7,5 KW<\/td><td>Motor diesel de 15 HP ou motor de 7,5 KW<\/td><td>Motor diesel de 15 HP ou motor de 7,5 KW<\/td><\/tr><tr><td>Capacidade<\/td><td>4t\/h (sementes de milho)<\/td><td>5t\/h (sementes de milho)<\/td><td>5t\/h (sementes de milho)<\/td><td>6t\/h (sementes de milho)<\/td><\/tr><tr><td>Taxa de debulha<\/td><td>\u226599,5%<\/td><td>&nbsp;\u226599,5%<\/td><td>\u226599,5%<\/td><td>\u226599,5%<\/td><\/tr><tr><td>Taxa de perda<\/td><td>\u22642,0%<\/td><td>\u22642,0%<\/td><td>\u22642,0%<\/td><td>\u22642,0%<\/td><\/tr><tr><td>Taxa de quebra<\/td><td>\u22641,5%<\/td><td>\u22641,5%<\/td><td>\u22641,5%<\/td><td>\u22641,5%<\/td><\/tr><tr><td>Taxa de impureza<\/td><td>\u22641,0%<\/td><td>\u22641,0%<\/td><td>\u22641,0%<\/td><td>\u22641,0%<\/td><\/tr><tr><td>Peso<\/td><td>200kg<\/td><td>230kg<\/td><td>320kg<\/td><td>350kg<\/td><\/tr><tr><td>Tamanho<\/td><td>2360*1360*1480\u00a0mil\u00edmetros<\/td><td>2.360*1.360*2.000\u00a0mil\u00edmetros<\/td><td>3860*1360*1480\u00a0mil\u00edmetros<\/td><td>3860*1360*2480mm<\/td><\/tr><\/tbody><\/table><figcaption class=\"wp-element-caption\">par\u00e2metros da m\u00e1quina de descascar milho<\/figcaption><\/figure>    <h2 class=\"wp-block-heading\" id=\"h-how-to-deal-with-corn-after-threshing\">Como lidar com o milho ap\u00f3s a debulha<\/h2>    <figure class=\"wp-block-image size-full\"><img loading=\"lazy\" decoding=\"async\" width=\"720\" height=\"540\" src=\"https:\/\/corn-machines.com\/wp-content\/uploads\/2022\/09\/after-threshing.webp\" alt=\"produtos finais da m\u00e1quina de descascar milho\" class=\"wp-image-210\" srcset=\"https:\/\/corn-machines.com\/wp-content\/uploads\/2022\/09\/after-threshing.webp 720w, https:\/\/corn-machines.com\/wp-content\/uploads\/2022\/09\/after-threshing-300x225.webp 300w\" sizes=\"auto, (max-width: 720px) 100vw, 720px\" \/><figcaption class=\"wp-element-caption\">produtos finais da m\u00e1quina de descascar milho<\/figcaption><\/figure>    <p>Como armazenar e manusear o milho ap\u00f3s a debulha? <\/p>    <p>Se ainda houver umidade nos gr\u00e3os de milho, o milho debulhado pode ser espalhado diretamente para secar em local limpo. <\/p>    <p>Al\u00e9m disso, ap\u00f3s a trilha do milho, um saco pode ser conectado \u00e0 sa\u00edda do milho e os gr\u00e3os de milho podem ser colocados diretamente no saco de entrada. <\/p>    <p>Al\u00e9m disso, os gr\u00e3os de milho tamb\u00e9m podem ser descarregados no caminh\u00e3o coletor e o milho pode ser transportado diretamente para venda. As impurezas s\u00e3o expelidas pelo ventilador e podem ser coletadas com cintas.<\/p>    <h2 class=\"wp-block-heading\">V\u00eddeo da m\u00e1quina de descascar milho <\/h2>    <figure class=\"wp-block-embed is-type-video is-provider-youtube wp-block-embed-youtube wp-embed-aspect-16-9 wp-has-aspect-ratio\"><div class=\"wp-block-embed__wrapper\"> <iframe loading=\"lazy\" title=\"O que \u00e9 uma debulhadora de milho? | venda m\u00e1quina de descascar milho |  debulhadora de milho #corn\" width=\"500\" height=\"281\" src=\"https:\/\/www.youtube.com\/embed\/lv_pv2risy8?feature=oembed\" frameborder=\"0\" allow=\"accelerometer; autoplay; clipboard-write; encrypted-media; gyroscope; picture-in-picture; web-share\" referrerpolicy=\"strict-origin-when-cross-origin\" allowfullscreen><\/iframe> <\/div><figcaption class=\"wp-element-caption\">como funciona o descascador de milho?<\/figcaption><\/figure>    <h2 class=\"wp-block-heading\" id=\"h-advantages-of-using-corn-shelling-machine\">Vantagens de usar m\u00e1quina de descascar milho:<\/h2>    <p>&nbsp;1. Fun\u00e7\u00f5es completas, tamanho pequeno, leve, livre de poeira, prote\u00e7\u00e3o ambiental, economia de energia, alta taxa de remo\u00e7\u00e3o, baixa taxa de quebra, seguro e confi\u00e1vel, f\u00e1cil de mover, simples de operar e longa vida \u00fatil.<\/p>    <p>&nbsp;2. Usando a tecnologia de remo\u00e7\u00e3o de poeira por press\u00e3o negativa e debulha fechada, a poeira e os detritos gerados no processo de debulha e peneiramento do milho podem ser descarregados atrav\u00e9s da porta de remo\u00e7\u00e3o de poeira e do saco de p\u00f3 geral. Assim, o ambiente de trabalho \u00e9 melhorado e a sa\u00fade dos trabalhadores \u00e9 garantida.<\/p>    <p>3. Melhorar razoavelmente a estrutura do tambor da m\u00e1quina de descascar milho n\u00e3o apenas melhora a efici\u00eancia da produ\u00e7\u00e3o, mas tamb\u00e9m \u00e9 adequado para colheitadeiras de milho com grande quantidade de umidade e um pouco de casca de milho.<\/p>    <p>4. A peneira de descarga de materiais estranhos colocada na parte inferior da calha de transporte da m\u00e1quina de descascar milho pode separar e descarregar os materiais estranhos, como gelo, neve, areia e outros materiais estranhos transportados pelo milho debulhado antes de entrar na c\u00e2mara de separa\u00e7\u00e3o, assim reduzindo o teor de impurezas no gr\u00e3o.<\/p>    <figure class=\"wp-block-gallery has-nested-images columns-default is-cropped wp-block-gallery-2 is-layout-flex wp-block-gallery-is-layout-flex\"> <figure class=\"wp-block-image size-large\"><img loading=\"lazy\" decoding=\"async\" width=\"720\" height=\"540\" data-id=\"224\" src=\"https:\/\/corn-machines.com\/wp-content\/uploads\/2022\/09\/maize-threshing-machine-1.jpg\" alt=\"debulhadora de milho\" class=\"wp-image-224\" srcset=\"https:\/\/corn-machines.com\/wp-content\/uploads\/2022\/09\/maize-threshing-machine-1.jpg 720w, https:\/\/corn-machines.com\/wp-content\/uploads\/2022\/09\/maize-threshing-machine-1-300x225.jpg 300w\" sizes=\"auto, (max-width: 720px) 100vw, 720px\" \/><figcaption class=\"wp-element-caption\">debulhadora de milho<\/figcaption><\/figure>    <figure class=\"wp-block-image size-large\"><img loading=\"lazy\" decoding=\"async\" width=\"720\" height=\"540\" data-id=\"225\" src=\"https:\/\/corn-machines.com\/wp-content\/uploads\/2022\/09\/maize-threshing-machine-2.jpg\" alt=\"debulhadora de milho\" class=\"wp-image-225\" srcset=\"https:\/\/corn-machines.com\/wp-content\/uploads\/2022\/09\/maize-threshing-machine-2.jpg 720w, https:\/\/corn-machines.com\/wp-content\/uploads\/2022\/09\/maize-threshing-machine-2-300x225.jpg 300w\" sizes=\"auto, (max-width: 720px) 100vw, 720px\" \/><figcaption class=\"wp-element-caption\">debulhadora de milho<\/figcaption><\/figure>    <figure class=\"wp-block-image size-large\"><img loading=\"lazy\" decoding=\"async\" width=\"720\" height=\"540\" data-id=\"226\" src=\"https:\/\/corn-machines.com\/wp-content\/uploads\/2022\/09\/maize-threshing-machine-3.jpg\" alt=\"debulhadora de milho\" class=\"wp-image-226\" srcset=\"https:\/\/corn-machines.com\/wp-content\/uploads\/2022\/09\/maize-threshing-machine-3.jpg 720w, https:\/\/corn-machines.com\/wp-content\/uploads\/2022\/09\/maize-threshing-machine-3-300x225.jpg 300w\" sizes=\"auto, (max-width: 720px) 100vw, 720px\" \/><figcaption class=\"wp-element-caption\">debulhadora de milho<\/figcaption><\/figure>    <figure class=\"wp-block-image size-large\"><img loading=\"lazy\" decoding=\"async\" width=\"720\" height=\"540\" data-id=\"223\" src=\"https:\/\/corn-machines.com\/wp-content\/uploads\/2022\/09\/maize-threshing-machine-shipping.jpg\" alt=\"envio de m\u00e1quina debulhadora de milho\" class=\"wp-image-223\" srcset=\"https:\/\/corn-machines.com\/wp-content\/uploads\/2022\/09\/maize-threshing-machine-shipping.jpg 720w, https:\/\/corn-machines.com\/wp-content\/uploads\/2022\/09\/maize-threshing-machine-shipping-300x225.jpg 300w\" sizes=\"auto, (max-width: 720px) 100vw, 720px\" \/><figcaption class=\"wp-element-caption\">envio de m\u00e1quina debulhadora de milho<\/figcaption><\/figure> <\/figure>    <p>5. O uso de triagem de classifica\u00e7\u00e3o e estruturas de remo\u00e7\u00e3o de poeira do separador de ar de press\u00e3o negativa pode separar cascas quebradas, gr\u00e3os quebrados e artigos diversos, e melhorar a limpeza dos gr\u00e3os.<\/p>    <p>6. A estrutura de eleva\u00e7\u00e3o de gr\u00e3os \u00e9 adotada e os gr\u00e3os podem ser carregados diretamente no caminh\u00e3o e ensacados.<\/p>    <h2 class=\"wp-block-heading\">Perguntas frequentes sobre m\u00e1quina de descascar milho<\/h2>   <div id=\"rank-math-faq\" class=\"rank-math-block\"> <div class=\"rank-math-list\"> <div id=\"faq-question-1708592474166\" class=\"rank-math-list-item\"> <h3 class=\"rank-math-question\">1. <strong>Qual \u00e9 a efici\u00eancia de produ\u00e7\u00e3o da m\u00e1quina?<\/strong><\/h3> <div class=\"rank-math-answer\">  <p>A efici\u00eancia de produ\u00e7\u00e3o da m\u00e1quina depende de v\u00e1rios fatores, como modelo, configura\u00e7\u00f5es e condi\u00e7\u00f5es operacionais. Geralmente apresenta alto \u00edndice de efici\u00eancia na debulha de gr\u00e3os de milho.<\/p>  <\/div> <\/div> <div id=\"faq-question-1708593423287\" class=\"rank-math-list-item\"> <h3 class=\"rank-math-question\">2. <strong>Quanta manuten\u00e7\u00e3o esta m\u00e1quina requer?<\/strong><\/h3> <div class=\"rank-math-answer\">  <p>A m\u00e1quina requer limpeza e lubrifica\u00e7\u00e3o regulares para garantir um desempenho ideal. Al\u00e9m disso, s\u00e3o recomendadas inspe\u00e7\u00f5es peri\u00f3dicas e manuten\u00e7\u00e3o dos componentes para evitar problemas e prolongar a vida \u00fatil da m\u00e1quina.<\/p>  <\/div> <\/div> <div id=\"faq-question-1708593424162\" class=\"rank-math-list-item\"> <h3 class=\"rank-math-question\">3. <strong>Qual \u00e9 a vida \u00fatil esperada da m\u00e1quina?<\/strong><\/h3> <div class=\"rank-math-answer\">  <p>A vida \u00fatil da m\u00e1quina pode variar dependendo do uso, manuten\u00e7\u00e3o e outros fatores. Com cuidado e manuten\u00e7\u00e3o adequados, pode durar muitos anos de opera\u00e7\u00e3o cont\u00ednua.<\/p>  <\/div> <\/div> <div id=\"faq-question-1708593513512\" class=\"rank-math-list-item\"> <h3 class=\"rank-math-question\">4. <strong>A m\u00e1quina vem com garantia?<\/strong><\/h3> <div class=\"rank-math-answer\">  <p>Sim, a m\u00e1quina geralmente vem com garantia que cobre defeitos de fabrica\u00e7\u00e3o e mau funcionamento. <\/p>  <\/div> <\/div> <div id=\"faq-question-1708593514257\" class=\"rank-math-list-item\"> <h3 class=\"rank-math-question\">5. <strong>Qual \u00e9 o pre\u00e7o da m\u00e1quina?<\/strong><\/h3> <div class=\"rank-math-answer\">  <p>O pre\u00e7o da m\u00e1quina varia dependendo de fatores como modelo, capacidade, recursos e fornecedor. \u00c9 aconselh\u00e1vel solicitar-nos um or\u00e7amento para obter informa\u00e7\u00f5es precisas sobre pre\u00e7os.<\/p>  <\/div> <\/div> <\/div> <\/div>   <figure class=\"wp-block-gallery has-nested-images columns-default is-cropped wp-block-gallery-3 is-layout-flex wp-block-gallery-is-layout-flex\"> <figure class=\"wp-block-image size-large\"><img loading=\"lazy\" decoding=\"async\" width=\"720\" height=\"540\" data-id=\"211\" src=\"https:\/\/corn-machines.com\/wp-content\/uploads\/2022\/09\/maize-threshing-machine.jpg\" alt=\"debulhadora de milho\" class=\"wp-image-211\" srcset=\"https:\/\/corn-machines.com\/wp-content\/uploads\/2022\/09\/maize-threshing-machine.jpg 720w, https:\/\/corn-machines.com\/wp-content\/uploads\/2022\/09\/maize-threshing-machine-300x225.jpg 300w\" sizes=\"auto, (max-width: 720px) 100vw, 720px\" \/><figcaption class=\"wp-element-caption\">debulhadora de milho<\/figcaption><\/figure>    <figure class=\"wp-block-image size-large\"><img loading=\"lazy\" decoding=\"async\" width=\"720\" height=\"540\" data-id=\"212\" src=\"https:\/\/corn-machines.com\/wp-content\/uploads\/2022\/09\/maize-threshing.jpg\" alt=\"debulha de milho\" class=\"wp-image-212\" srcset=\"https:\/\/corn-machines.com\/wp-content\/uploads\/2022\/09\/maize-threshing.jpg 720w, https:\/\/corn-machines.com\/wp-content\/uploads\/2022\/09\/maize-threshing-300x225.jpg 300w\" sizes=\"auto, (max-width: 720px) 100vw, 720px\" \/><figcaption class=\"wp-element-caption\">debulha de milho<\/figcaption><\/figure> <\/figure>    <h2 class=\"wp-block-heading\">Contate-nos<\/h2>    <p><br>Concluindo, nossa m\u00e1quina de descascar milho simboliza inova\u00e7\u00e3o e avan\u00e7os no dom\u00ednio agr\u00edcola. Nosso objetivo \u00e9 fabricar equipamentos que n\u00e3o sejam apenas eficientes e confi\u00e1veis, mas que tamb\u00e9m se destaquem pela criatividade. <\/p>    <p>Com uma equipe dedicada e compromisso com a excel\u00eancia, nos esfor\u00e7amos para ser seu parceiro preferencial no processamento de milho. Escolher nossa m\u00e1quina de descascar milho n\u00e3o envolve apenas adquirir um equipamento; est\u00e1 abra\u00e7ando um s\u00edmbolo de criatividade e inova\u00e7\u00e3o.<\/p>    <figure class=\"wp-block-image size-full\"><img loading=\"lazy\" decoding=\"async\" width=\"720\" height=\"540\" src=\"https:\/\/corn-machines.com\/wp-content\/uploads\/2022\/09\/maize-threshing-machine-3.jpg\" alt=\"debulhadora de milho\" class=\"wp-image-226\" srcset=\"https:\/\/corn-machines.com\/wp-content\/uploads\/2022\/09\/maize-threshing-machine-3.jpg 720w, https:\/\/corn-machines.com\/wp-content\/uploads\/2022\/09\/maize-threshing-machine-3-300x225.jpg 300w\" sizes=\"auto, (max-width: 720px) 100vw, 720px\" \/><figcaption class=\"wp-element-caption\">debulhadora de milho<\/figcaption><\/figure>","protected":false},"excerpt":{"rendered":"<p>Uma m\u00e1quina de descascar milho \u00e9 uma m\u00e1quina para debulhar espigas de milho ap\u00f3s descascar e secar. e a taxa de debulha do milho chega a 99%.<\/p>","protected":false},"author":1,"featured_media":209,"parent":0,"template":"","tags":[22,33],"product-type":[4],"class_list":["post-201","product","type-product","status-publish","has-post-thumbnail","hentry","tag-corn-shelling-machine","tag-corn-threshing-machine","product-type-corn-thresher-machine"],"_links":{"self":[{"href":"https:\/\/corn-machines.com\/pt\/wp-json\/wp\/v2\/product\/201","targetHints":{"allow":["GET"]}}],"collection":[{"href":"https:\/\/corn-machines.com\/pt\/wp-json\/wp\/v2\/product"}],"about":[{"href":"https:\/\/corn-machines.com\/pt\/wp-json\/wp\/v2\/types\/product"}],"author":[{"embeddable":true,"href":"https:\/\/corn-machines.com\/pt\/wp-json\/wp\/v2\/users\/1"}],"wp:featuredmedia":[{"embeddable":true,"href":"https:\/\/corn-machines.com\/pt\/wp-json\/wp\/v2\/media\/209"}],"wp:attachment":[{"href":"https:\/\/corn-machines.com\/pt\/wp-json\/wp\/v2\/media?parent=201"}],"wp:term":[{"taxonomy":"post_tag","embeddable":true,"href":"https:\/\/corn-machines.com\/pt\/wp-json\/wp\/v2\/tags?post=201"},{"taxonomy":"product-type","embeddable":true,"href":"https:\/\/corn-machines.com\/pt\/wp-json\/wp\/v2\/product-type?post=201"}],"curies":[{"name":"wp","href":"https:\/\/api.w.org\/{rel}","templated":true}]}}