{"id":1603,"date":"2026-05-07T14:12:17","date_gmt":"2026-05-07T06:12:17","guid":{"rendered":"https:\/\/corn-machines.com\/?post_type=product&#038;p=1603"},"modified":"2026-05-07T14:19:18","modified_gmt":"2026-05-07T06:19:18","slug":"automatic-corn-shelling-machine","status":"publish","type":"product","link":"https:\/\/corn-machines.com\/pt\/product\/automatic-corn-shelling-machine\/","title":{"rendered":"M\u00e1quina autom\u00e1tica de debulhar milho"},"content":{"rendered":"<p class=\"translation-block\">A m\u00e1quina autom\u00e1tica de descasque de milho SL-B1  \u00e9 uma m\u00e1quina de processamento agr\u00edcola projetada para separar rapidamente os gr\u00e3os de milho das espigas. Capaz de processar 3 a 4 toneladas de milho por hora, esta debulhadora pode ser alimentada por um motor el\u00e9trico, motor a gasolina ou motor a diesel, atendendo assim aos requisitos operacionais de v\u00e1rias regi\u00f5es e ambientes de trabalho.<\/p>    <p>A nossa m\u00e1quina de debulha de milho caracteriza-se por uma alta taxa de debulha, m\u00ednima quebra de gr\u00e3os, opera\u00e7\u00e3o simples e uma pegada compacta. \u00c9 amplamente utilizada em fazendas, centros de processamento de gr\u00e3os, f\u00e1bricas de ra\u00e7\u00e3o e cooperativas agr\u00edcolas.<\/p>    <h2 class=\"wp-block-heading\"><strong>Por que escolher a m\u00e1quina de descasque de milho SL-B1?<\/strong><\/h2>    <p>A m\u00e1quina de debulha de milho SL-B1 combina alta efici\u00eancia com opera\u00e7\u00e3o simples. Suporta diferentes op\u00e7\u00f5es de energia, tornando-a adequada para v\u00e1rios ambientes de trabalho.<\/p>   <div class=\"wp-block-image\"> <figure class=\"aligncenter size-full\"><img loading=\"lazy\" decoding=\"async\" width=\"720\" height=\"540\" src=\"https:\/\/corn-machines.com\/wp-content\/uploads\/2026\/05\/corn-sheller-machine.webp\" alt=\"debullhador de milho\" class=\"wp-image-1609\" srcset=\"https:\/\/corn-machines.com\/wp-content\/uploads\/2026\/05\/corn-sheller-machine.webp 720w, https:\/\/corn-machines.com\/wp-content\/uploads\/2026\/05\/corn-sheller-machine-300x225.webp 300w, https:\/\/corn-machines.com\/wp-content\/uploads\/2026\/05\/corn-sheller-machine-16x12.webp 16w\" sizes=\"auto, (max-width: 720px) 100vw, 720px\" \/><figcaption class=\"wp-element-caption\">debullhador de milho<\/figcaption><\/figure> <\/div>   <p class=\"translation-block\"><strong>1.<\/strong> <strong>M\u00faltiplas op\u00e7\u00f5es de energia para diferentes condi\u00e7\u00f5es de trabalho<\/strong><\/p>    <p>Esta m\u00e1quina autom\u00e1tica de descasque de milho pode ser acionada por:<\/p>    <ul class=\"wp-block-list\"> <li>Motor el\u00e9trico<\/li>    <li>Motor a gasolina<\/li>    <li>Motor a diesel<\/li> <\/ul>    <p>Os utilizadores podem escolher a fonte de energia mais adequada de acordo com as condi\u00e7\u00f5es de eletricidade locais e requisitos do campo. Este design torna a m\u00e1quina pr\u00e1tica tanto para fazendas rurais quanto para locais de processamento de gr\u00e3os comerciais.<\/p>    <p class=\"translation-block\"><strong>2. Debulhadora de milho de alta capacidade para uso comercial<\/strong><\/p>    <p>A capacidade de processamento desta m\u00e1quina autom\u00e1tica de descasque de milho atinge cerca de 3-4 toneladas por hora. \u00c9 adequada para:<\/p>    <ul class=\"wp-block-list\"> <li>Fazendas de milho<\/li>    <li>F\u00e1bricas de processamento de ra\u00e7\u00e3o<\/li>    <li>Centros de recolha de gr\u00e3os<\/li>    <li>Provedores de servi\u00e7os agr\u00edcolas<\/li> <\/ul>    <p>Para utilizadores \u00e0 procura de uma m\u00e1quina de descasque de milho de alta capacidade, debulhadora de milho comercial ou equipamento de descasque de milho para fazenda, o modelo SL-B oferece desempenho est\u00e1vel e alta efici\u00eancia de trabalho.<\/p>    <p class=\"translation-block\"><strong>3. Gr\u00e3os de milho limpos com sistema de ventilador integrado<\/strong><\/p>    <p>A nossa m\u00e1quina autom\u00e1tica de descasque de milho est\u00e1 equipada com um sistema de limpeza com ventilador. Ap\u00f3s a debulha, impurezas leves e seda de milho podem ser removidas automaticamente. Isto ajuda os utilizadores a obter gr\u00e3os de milho mais limpos diretamente da m\u00e1quina, reduzindo trabalhos de limpeza adicionais posteriormente.<\/p>    <p class=\"translation-block\"><strong>4. Alta taxa de debulha com baixo dano aos gr\u00e3os<\/strong><\/p>    <p>A estrutura de debulha interna \u00e9 projetada para melhorar a efici\u00eancia de descasque enquanto protege os gr\u00e3os de milho de quebras excessivas. <\/p>    <p>As vantagens incluem:<\/p>    <ul class=\"wp-block-list\"> <li>Alta taxa de debulha(\u226598%)<\/li>    <li>Baixa perda de gr\u00e3os\uff08\uff1c3%\uff09<\/li>    <li>Processo de alimenta\u00e7\u00e3o suave<\/li>    <li>Opera\u00e7\u00e3o est\u00e1vel<\/li> <\/ul>    <p class=\"translation-block\"><strong>5. As espigas de milho podem ser reutilizadas<\/strong><\/p>    <p>Ap\u00f3s a debulha, as espigas de milho permanecem relativamente inteiras. Podem ser reutilizadas para:<\/p>    <ul class=\"wp-block-list\"> <li>Ra\u00e7\u00e3o animal<\/li>    <li>Combust\u00edvel de biomassa<\/li>    <li>Materiais para cultivo de cogumelos<\/li>    <li>Composto agr\u00edcola<\/li> <\/ul>    <p>Isto ajuda a melhorar a utiliza\u00e7\u00e3o da mat\u00e9ria-prima e reduzir o desperd\u00edcio.<\/p>    <figure class=\"wp-block-gallery has-nested-images columns-default is-cropped wp-block-gallery-2 is-layout-flex wp-block-gallery-is-layout-flex\"> <figure class=\"wp-block-image size-full\"><img loading=\"lazy\" decoding=\"async\" width=\"720\" height=\"540\" data-id=\"1606\" src=\"https:\/\/corn-machines.com\/wp-content\/uploads\/2026\/05\/maize-sheller-machine.webp\" alt=\"M\u00e1quina descascadora de milho\" class=\"wp-image-1606\" srcset=\"https:\/\/corn-machines.com\/wp-content\/uploads\/2026\/05\/maize-sheller-machine.webp 720w, https:\/\/corn-machines.com\/wp-content\/uploads\/2026\/05\/maize-sheller-machine-300x225.webp 300w, https:\/\/corn-machines.com\/wp-content\/uploads\/2026\/05\/maize-sheller-machine-16x12.webp 16w\" sizes=\"auto, (max-width: 720px) 100vw, 720px\" \/><figcaption class=\"wp-element-caption\">M\u00e1quina descascadora de milho<\/figcaption><\/figure>    <figure class=\"wp-block-image size-large\"><img loading=\"lazy\" decoding=\"async\" width=\"720\" height=\"540\" data-id=\"1605\" src=\"https:\/\/corn-machines.com\/wp-content\/uploads\/2026\/05\/automatic-corn-shelling-machine.webp\" alt=\"m\u00e1quina autom\u00e1tica de descasque de milho\" class=\"wp-image-1605\" srcset=\"https:\/\/corn-machines.com\/wp-content\/uploads\/2026\/05\/automatic-corn-shelling-machine.webp 720w, https:\/\/corn-machines.com\/wp-content\/uploads\/2026\/05\/automatic-corn-shelling-machine-300x225.webp 300w, https:\/\/corn-machines.com\/wp-content\/uploads\/2026\/05\/automatic-corn-shelling-machine-16x12.webp 16w\" sizes=\"auto, (max-width: 720px) 100vw, 720px\" \/><figcaption class=\"wp-element-caption\">m\u00e1quina autom\u00e1tica de descasque de milho<\/figcaption><\/figure> <\/figure>    <h2 class=\"wp-block-heading\"><strong>Par\u00e2metros t\u00e9cnicos da m\u00e1quina de debulha de milho<\/strong><\/h2>    <p>To provide users with a more intuitive understanding of the automatic corn shelling machine&#8217;s performance, the detailed technical specifications for this equipment are listed below:<\/p>    <figure class=\"wp-block-table\"><table class=\"has-fixed-layout\"><thead><tr><th>Modelo<\/th><th>SL-B1<\/th><\/tr><\/thead><tbody><tr><td>Capacidade<\/td><td>3-4t\/h<\/td><\/tr><tr><td>Poder<\/td><td>2.2kw motor \/ motor a gasolina de 170F \/ motor a diesel de 6-8HP<\/td><\/tr><tr><td>Peso<\/td><td>71kg<\/td><\/tr><tr><td>Tamanho<\/td><td>1300\u00d7400\u00d7900mm<\/td><\/tr><\/tbody><\/table><figcaption class=\"wp-element-caption\">especifica\u00e7\u00e3o da m\u00e1quina autom\u00e1tica de descasque de milho SL-B1<\/figcaption><\/figure>    <h2 class=\"wp-block-heading\"><strong>Estrutura principal da m\u00e1quina de debulha de milho<\/strong><\/h2>    <p>Esta m\u00e1quina autom\u00e1tica de descasque de milho consiste principalmente na entrada de alimenta\u00e7\u00e3o, tambor de debulha, ventilador, sa\u00edda de descarga e sistema de energia. A m\u00e1quina apresenta uma estrutura compacta e opera\u00e7\u00e3o simples; n\u00e3o s\u00f3 aumenta a efici\u00eancia de debulha, mas tamb\u00e9m mant\u00e9m uma baixa taxa de perda de gr\u00e3os.<\/p>    <figure class=\"wp-block-gallery has-nested-images columns-default is-cropped wp-block-gallery-3 is-layout-flex wp-block-gallery-is-layout-flex\"> <figure class=\"wp-block-image size-large\"><img loading=\"lazy\" decoding=\"async\" width=\"720\" height=\"540\" data-id=\"1604\" src=\"https:\/\/corn-machines.com\/wp-content\/uploads\/2026\/05\/corn-thresher-machine.webp\" alt=\"m\u00e1quina debulhadora de milho\" class=\"wp-image-1604\" srcset=\"https:\/\/corn-machines.com\/wp-content\/uploads\/2026\/05\/corn-thresher-machine.webp 720w, https:\/\/corn-machines.com\/wp-content\/uploads\/2026\/05\/corn-thresher-machine-300x225.webp 300w, https:\/\/corn-machines.com\/wp-content\/uploads\/2026\/05\/corn-thresher-machine-16x12.webp 16w\" sizes=\"auto, (max-width: 720px) 100vw, 720px\" \/><figcaption class=\"wp-element-caption\">m\u00e1quina debulhadora de milho<\/figcaption><\/figure>    <figure class=\"wp-block-image size-large\"><img loading=\"lazy\" decoding=\"async\" width=\"720\" height=\"540\" data-id=\"1607\" src=\"https:\/\/corn-machines.com\/wp-content\/uploads\/2026\/05\/sructure-of-maize-sheller.webp\" alt=\"estrutura da debulhadora de milho\" class=\"wp-image-1607\" srcset=\"https:\/\/corn-machines.com\/wp-content\/uploads\/2026\/05\/sructure-of-maize-sheller.webp 720w, https:\/\/corn-machines.com\/wp-content\/uploads\/2026\/05\/sructure-of-maize-sheller-300x225.webp 300w, https:\/\/corn-machines.com\/wp-content\/uploads\/2026\/05\/sructure-of-maize-sheller-16x12.webp 16w\" sizes=\"auto, (max-width: 720px) 100vw, 720px\" \/><figcaption class=\"wp-element-caption\">estrutura da debulhadora de milho<\/figcaption><\/figure> <\/figure>    <h2 class=\"wp-block-heading\"><strong>Como funciona a m\u00e1quina de debulhar milho?<\/strong><\/h2>    <p>Durante a opera\u00e7\u00e3o, os espigas de milho entram na m\u00e1quina autom\u00e1tica de descasque de milho atrav\u00e9s da entrada de alimenta\u00e7\u00e3o. A rota\u00e7\u00e3o de alta velocidade do tambor de debulha separa rapidamente os gr\u00e3os, enquanto o sistema de ventila\u00e7\u00e3o sopra o seda de milho e impurezas leves; por fim, os gr\u00e3os de milho e as espigas s\u00e3o descarregados separadamente atrav\u00e9s das respetivas sa\u00eddas.<\/p>   <div class=\"wp-block-image\"> <figure class=\"aligncenter size-full\"><img loading=\"lazy\" decoding=\"async\" width=\"720\" height=\"540\" src=\"https:\/\/corn-machines.com\/wp-content\/uploads\/2026\/05\/maize-threshing-machine.webp\" alt=\"debulhadora de milho\" class=\"wp-image-1608\" srcset=\"https:\/\/corn-machines.com\/wp-content\/uploads\/2026\/05\/maize-threshing-machine.webp 720w, https:\/\/corn-machines.com\/wp-content\/uploads\/2026\/05\/maize-threshing-machine-300x225.webp 300w, https:\/\/corn-machines.com\/wp-content\/uploads\/2026\/05\/maize-threshing-machine-16x12.webp 16w\" sizes=\"auto, (max-width: 720px) 100vw, 720px\" \/><figcaption class=\"wp-element-caption\">debulhadora de milho<\/figcaption><\/figure> <\/div>   <h2 class=\"wp-block-heading\"><strong>Perguntas frequentes da m\u00e1quina de descasque de milho SL-B1<\/strong><\/h2>   <div id=\"rank-math-faq\" class=\"rank-math-block\"> <div class=\"rank-math-list\"> <div id=\"faq-question-1778118938821\" class=\"rank-math-list-item\"> <h3 class=\"rank-math-question\">Qual \u00e9 a produ\u00e7\u00e3o por hora de uma debulhadora de milho?<\/h3> <div class=\"rank-math-answer\">  <p>Pode processar aproximadamente 3 a 4 toneladas de milho por hora.<\/p>  <\/div> <\/div> <div id=\"faq-question-1778118973667\" class=\"rank-math-list-item\"> <h3 class=\"rank-math-question\">Vai danificar os gr\u00e3os de milho?<\/h3> <div class=\"rank-math-answer\">  <p>The equipment&#8217;s kernel loss rate is generally controlled within 3%.<\/p>  <\/div> <\/div> <div id=\"faq-question-1778119017336\" class=\"rank-math-list-item\"> <h3 class=\"rank-math-question\">Os espigas de milho ainda podem ser utilizados?<\/h3> <div class=\"rank-math-answer\">  <p>Sim. Os espigas de milho podem ser utilizados para fins como combust\u00edvel, alimenta\u00e7\u00e3o animal e fertilizante org\u00e2nico.<\/p>  <\/div> <\/div> <div id=\"faq-question-1778119144334\" class=\"rank-math-list-item\"> <h3 class=\"rank-math-question\">\u00c9 complicado operar uma debulhadora de milho?<\/h3> <div class=\"rank-math-answer\">  <p>Esta m\u00e1quina autom\u00e1tica de descasque de milho \u00e9 f\u00e1cil de operar; um \u00fanico trabalhador pode manuse\u00e1-la.<\/p>  <\/div> <\/div> <\/div> <\/div>   <h2 class=\"wp-block-heading\"><strong>Outros tipos de debulhadoras de milho que vendemos<\/strong><\/h2>    <p>Al\u00e9m da m\u00e1quina autom\u00e1tica de descasque de milho como a SL-B1, oferecemos outros dois tipos comuns de equipamentos de debulha de milho para atender a diversas necessidades de processamento.<\/p>    <ol class=\"wp-block-list\"> <li><strong><a href=\"https:\/\/corn-machines.com\/pt\/product\/fresh-corn-thresher-sweet-corn-sheller\/\">Debulhador de milho fresco<\/a><\/strong>: Principalmente projetada para milho tenro rec\u00e9m-colhido ou milho com alto teor de humidade, esta m\u00e1quina emprega um processo de debulha mais suave. \u00c9 adequada para aplica\u00e7\u00f5es de processamento de alimentos e prepara\u00e7\u00e3o de produtos de milho prontos a consumir.<\/li>    <li><strong><a href=\"https:\/\/corn-machines.com\/pt\/product\/multifunctional-grain-thresher\/\">Debulhadora multifuncional de milho<\/a><\/strong>: Esta debulhadora multifuncional de milho \u00e9 capaz de processar n\u00e3o s\u00f3 milho, mas tamb\u00e9m outras culturas, incluindo soja, trigo e arroz. \u00c9 uma solu\u00e7\u00e3o ideal para fazendas multifrutas e de m\u00faltiplas culturas.<\/li> <\/ol>    <figure class=\"wp-block-gallery has-nested-images columns-default is-cropped wp-block-gallery-4 is-layout-flex wp-block-gallery-is-layout-flex\"> <figure class=\"wp-block-image size-large\"><img loading=\"lazy\" decoding=\"async\" width=\"720\" height=\"540\" data-id=\"1022\" src=\"https:\/\/corn-machines.com\/wp-content\/uploads\/2025\/09\/multifuncitonal-grain-thresher.webp\" alt=\"ceifadora multifun\u00e7\u00f5es de gr\u00e3os\" class=\"wp-image-1022\" srcset=\"https:\/\/corn-machines.com\/wp-content\/uploads\/2025\/09\/multifuncitonal-grain-thresher.webp 720w, https:\/\/corn-machines.com\/wp-content\/uploads\/2025\/09\/multifuncitonal-grain-thresher-300x225.webp 300w, https:\/\/corn-machines.com\/wp-content\/uploads\/2025\/09\/multifuncitonal-grain-thresher-16x12.webp 16w\" sizes=\"auto, (max-width: 720px) 100vw, 720px\" \/><figcaption class=\"wp-element-caption\">ceifadora multifun\u00e7\u00f5es de gr\u00e3os<\/figcaption><\/figure>    <figure class=\"wp-block-image size-large\"><img loading=\"lazy\" decoding=\"async\" width=\"720\" height=\"540\" data-id=\"686\" src=\"https:\/\/corn-machines.com\/wp-content\/uploads\/2025\/07\/Fresh-corn-thresher-and-finished-product-1.webp\" alt=\"debulhador de milho fresco\" class=\"wp-image-686\" srcset=\"https:\/\/corn-machines.com\/wp-content\/uploads\/2025\/07\/Fresh-corn-thresher-and-finished-product-1.webp 720w, https:\/\/corn-machines.com\/wp-content\/uploads\/2025\/07\/Fresh-corn-thresher-and-finished-product-1-300x225.webp 300w, https:\/\/corn-machines.com\/wp-content\/uploads\/2025\/07\/Fresh-corn-thresher-and-finished-product-1-16x12.webp 16w\" sizes=\"auto, (max-width: 720px) 100vw, 720px\" \/><figcaption class=\"wp-element-caption\">descaro\u00e7ador de milho fresco e produto acabado<\/figcaption><\/figure> <\/figure>    <h2 class=\"wp-block-heading\"><strong>Procura uma m\u00e1quina de descasque de milho fi\u00e1vel?<\/strong><\/h2>    <p>Se procura uma m\u00e1quina autom\u00e1tica de descasque de milho, contacte-nos imediatamente. Iremos combin\u00e1-lo com o modelo de m\u00e1quina ideal com base nas suas necessidades espec\u00edficas, ajudando-o a alcan\u00e7ar uma produ\u00e7\u00e3o altamente eficiente!<\/p>","protected":false},"excerpt":{"rendered":"<p>The SL-B1 corn shelling machine is a highly efficient, automated corn processing machine with an hourly output of 3 to 4 tons. The equipment supports multiple power sources, including electric motors, gasoline engines, and diesel engines, making it suitable for a wide range of operating environments.<\/p>","protected":false},"author":1,"featured_media":1609,"parent":0,"template":"","tags":[42],"product-type":[4],"class_list":["post-1603","product","type-product","status-publish","has-post-thumbnail","hentry","tag-corn","product-type-corn-thresher-machine"],"_links":{"self":[{"href":"https:\/\/corn-machines.com\/pt\/wp-json\/wp\/v2\/product\/1603","targetHints":{"allow":["GET"]}}],"collection":[{"href":"https:\/\/corn-machines.com\/pt\/wp-json\/wp\/v2\/product"}],"about":[{"href":"https:\/\/corn-machines.com\/pt\/wp-json\/wp\/v2\/types\/product"}],"author":[{"embeddable":true,"href":"https:\/\/corn-machines.com\/pt\/wp-json\/wp\/v2\/users\/1"}],"wp:featuredmedia":[{"embeddable":true,"href":"https:\/\/corn-machines.com\/pt\/wp-json\/wp\/v2\/media\/1609"}],"wp:attachment":[{"href":"https:\/\/corn-machines.com\/pt\/wp-json\/wp\/v2\/media?parent=1603"}],"wp:term":[{"taxonomy":"post_tag","embeddable":true,"href":"https:\/\/corn-machines.com\/pt\/wp-json\/wp\/v2\/tags?post=1603"},{"taxonomy":"product-type","embeddable":true,"href":"https:\/\/corn-machines.com\/pt\/wp-json\/wp\/v2\/product-type?post=1603"}],"curies":[{"name":"wp","href":"https:\/\/api.w.org\/{rel}","templated":true}]}}