{"id":1577,"date":"2026-04-22T13:56:22","date_gmt":"2026-04-22T05:56:22","guid":{"rendered":"https:\/\/corn-machines.com\/?post_type=product&#038;p=1577"},"modified":"2026-04-22T16:27:39","modified_gmt":"2026-04-22T08:27:39","slug":"corn-sheller-machine","status":"publish","type":"product","link":"https:\/\/corn-machines.com\/pt\/product\/corn-sheller-machine\/","title":{"rendered":"M\u00e1quina descascadora de milho"},"content":{"rendered":"<p class=\"translation-block\">A <strong>m\u00e1quina de debulhar milho 5TYM-850<\/strong> \u00e9 especificamente projetada para debulhar milho. Integra fun\u00e7\u00f5es de debulhar, limpar e separar numa \u00fanica unidade, oferecendo uma capacidade de processamento est\u00e1vel de 4 a 6 toneladas por hora.<\/p>    <p>A nossa debulhadora de milho \u00e9 f\u00e1cil de mover e simples de operar. Oferece alta efici\u00eancia de debulhar (\u226598%) com uma baixa taxa de quebra de gr\u00e3os (\u22641,5%), sendo uma escolha ideal para explora\u00e7\u00f5es de m\u00e9dio porte. Se estiver interessado nesta m\u00e1quina de debulhar milho, n\u00e3o hesite em contactar-nos para mais detalhes!<\/p>    <figure class=\"wp-block-embed is-type-video is-provider-youtube wp-block-embed-youtube wp-embed-aspect-16-9 wp-has-aspect-ratio\"><div class=\"wp-block-embed__wrapper\"> <iframe loading=\"lazy\" title=\"Corn Thresher with a Capacity of 4,000\u20136,000 kg\/h and a Threshing Rate of 98%|Maize shelling machine\" width=\"500\" height=\"281\" src=\"https:\/\/www.youtube.com\/embed\/WC7KwwI5Oeg?feature=oembed\" frameborder=\"0\" allow=\"accelerometer; autoplay; clipboard-write; encrypted-media; gyroscope; picture-in-picture; web-share\" referrerpolicy=\"strict-origin-when-cross-origin\" allowfullscreen><\/iframe> <\/div><figcaption class=\"wp-element-caption\">work video of corn threshing machine<\/figcaption><\/figure>    <h2 class=\"wp-block-heading\"><strong>Vantagens principais e destaques de desempenho<\/strong><\/h2>    <ol class=\"wp-block-list\"> <li><strong>Debulhar de alta efici\u00eancia<\/strong>: A m\u00e1quina de debulhar milho possui uma capacidade de processamento de 4\u20136 toneladas por hora, sendo ideal para grandes produtores ou instala\u00e7\u00f5es de processamento de gr\u00e3os.<\/li>    <li><strong>Sa\u00edda limpa<\/strong>: A nossa debulhadora de milho est\u00e1 equipada com um sistema de soprador de grande escala que remove cascas e palhas, reduzindo assim os custos de limpeza e classifica\u00e7\u00e3o subsequentes.<\/li>    <li>H<strong>Alta integridade da espiga<\/strong>: O processo de debulhar minimiza danos \u00e0s espigas de milho, permitindo que sejam utilizadas como combust\u00edvel, ra\u00e7\u00e3o animal ou para processamento adicional.<\/li>    <li><strong>Mobilidade flex\u00edvel<\/strong>: A m\u00e1quina de debulhar milho Taizy oferece uma configura\u00e7\u00e3o opcional com pneus grandes e barra de reboque, permitindo f\u00e1cil movimenta\u00e7\u00e3o tanto em campos quanto em estradas.<\/li>    <li><strong>Op\u00e7\u00f5es de dupla fonte de energia<\/strong>: Esta m\u00e1quina de debulhar milho suporta duas fontes de energia \u2014 motores el\u00e9tricos e motores a diesel, tornando-a adequada para uso em \u00e1reas sem acesso \u00e0 eletricidade ou em ambientes ao ar livre.<\/li> <\/ol>    <figure class=\"wp-block-gallery has-nested-images columns-default is-cropped wp-block-gallery-2 is-layout-flex wp-block-gallery-is-layout-flex\"> <figure class=\"wp-block-image size-large\"><img loading=\"lazy\" decoding=\"async\" width=\"540\" height=\"720\" data-id=\"1579\" src=\"https:\/\/corn-machines.com\/wp-content\/uploads\/2026\/04\/maize-shelling-machine.webp\" alt=\"m\u00e1quina de descascar milho\" class=\"wp-image-1579\" srcset=\"https:\/\/corn-machines.com\/wp-content\/uploads\/2026\/04\/maize-shelling-machine.webp 540w, https:\/\/corn-machines.com\/wp-content\/uploads\/2026\/04\/maize-shelling-machine-225x300.webp 225w, https:\/\/corn-machines.com\/wp-content\/uploads\/2026\/04\/maize-shelling-machine-9x12.webp 9w\" sizes=\"auto, (max-width: 540px) 100vw, 540px\" \/><figcaption class=\"wp-element-caption\">m\u00e1quina de descascar milho<\/figcaption><\/figure>    <figure class=\"wp-block-image size-large\"><img loading=\"lazy\" decoding=\"async\" width=\"540\" height=\"720\" data-id=\"1580\" src=\"https:\/\/corn-machines.com\/wp-content\/uploads\/2026\/04\/maize-thresher-machine.webp\" alt=\"debullhador de milho\" class=\"wp-image-1580\" srcset=\"https:\/\/corn-machines.com\/wp-content\/uploads\/2026\/04\/maize-thresher-machine.webp 540w, https:\/\/corn-machines.com\/wp-content\/uploads\/2026\/04\/maize-thresher-machine-225x300.webp 225w, https:\/\/corn-machines.com\/wp-content\/uploads\/2026\/04\/maize-thresher-machine-9x12.webp 9w\" sizes=\"auto, (max-width: 540px) 100vw, 540px\" \/><\/figure>    <figure class=\"wp-block-image size-large\"><img loading=\"lazy\" decoding=\"async\" width=\"540\" height=\"720\" data-id=\"1581\" src=\"https:\/\/corn-machines.com\/wp-content\/uploads\/2026\/04\/corn-sheller.webp\" alt=\"debulhador de milho\" class=\"wp-image-1581\" srcset=\"https:\/\/corn-machines.com\/wp-content\/uploads\/2026\/04\/corn-sheller.webp 540w, https:\/\/corn-machines.com\/wp-content\/uploads\/2026\/04\/corn-sheller-225x300.webp 225w, https:\/\/corn-machines.com\/wp-content\/uploads\/2026\/04\/corn-sheller-9x12.webp 9w\" sizes=\"auto, (max-width: 540px) 100vw, 540px\" \/><figcaption class=\"wp-element-caption\">debulhador de milho<\/figcaption><\/figure> <\/figure>    <h2 class=\"wp-block-heading\"><strong>Datas importantes da m\u00e1quina de debulhar milho<\/strong><\/h2>    <figure class=\"wp-block-table\"><table class=\"has-fixed-layout\"><thead><tr><th>Item<\/th><th>Especifica\u00e7\u00e3o<\/th><\/tr><\/thead><tbody><tr><td>Modelo<\/td><td>5TYM-850<\/td><\/tr><tr><td>Poder<\/td><td>Motor de 5,5\u20137,5 kW \/ Motor diesel de 12\u201318 HP<\/td><\/tr><tr><td>Capacidade<\/td><td>4\u20136 toneladas\/h<\/td><\/tr><tr><td>Taxa de descasque<\/td><td>\u226598%<\/td><\/tr><tr><td>Taxa de quebra<\/td><td>\u22641,5%<\/td><\/tr><tr><td>Dimens\u00f5es<\/td><td>2300 \u00d7 1100 \u00d7 1300mm<\/td><\/tr><tr><td>Peso<\/td><td>326 kg<\/td><\/tr><\/tbody><\/table><figcaption class=\"wp-element-caption\">par\u00e2metros de m\u00e1quina de descascagem de milho<\/figcaption><\/figure>    <h2 class=\"wp-block-heading\"><strong>Estrutura da m\u00e1quina de debulhar milho<\/strong><\/h2>    <p>A nossa debulhadora de milho apresenta um design compacto e integrado, com uma disposi\u00e7\u00e3o geral clara e l\u00f3gica, facilitando a opera\u00e7\u00e3o e manuten\u00e7\u00e3o.<\/p>    <ul class=\"wp-block-list\"> <li>Entrada: Localizada na parte superior da m\u00e1quina, a grande abertura permite uma alimenta\u00e7\u00e3o r\u00e1pida de espigas de milho inteiras, aumentando a efici\u00eancia operacional.<\/li>    <li>C\u00e2mara de debulhar e separa\u00e7\u00e3o: O interior utiliza um mecanismo de tambor e picos para alcan\u00e7ar uma separa\u00e7\u00e3o altamente eficiente dos gr\u00e3os de milho das espigas.<\/li>    <li>Ventilador: Usado para remover impurezas e detritos leves, melhorando assim a pureza do produto final.<\/li>    <li>Sa\u00edda de gr\u00e3os de milho: Localizada na parte inferior da unidade, garantindo uma descarga suave e minimizando bloqueios.<\/li>    <li>Sa\u00edda de espigas de milho: Facilita a separa\u00e7\u00e3o eficaz dos gr\u00e3os das cores de espiga.<\/li> <\/ul>    <p><br>O acima descreve a estrutura b\u00e1sica da m\u00e1quina de debulhar milho, que atende \u00e0s necessidades padr\u00e3o de debulhar. Montagens opcionais de tra\u00e7\u00e3o com pneus grandes e uma estrutura de base refor\u00e7ada podem ser adicionadas para melhorar a mobilidade e estabilidade, conforme requisitos espec\u00edficos.<\/p>    <figure class=\"wp-block-gallery has-nested-images columns-default is-cropped wp-block-gallery-3 is-layout-flex wp-block-gallery-is-layout-flex\"> <figure class=\"wp-block-image size-large\"><img loading=\"lazy\" decoding=\"async\" width=\"720\" height=\"540\" data-id=\"1582\" src=\"https:\/\/corn-machines.com\/wp-content\/uploads\/2026\/04\/structure-of-corn-threshing-machine.webp\" alt=\"Estrutura da m\u00e1quina de debulhar milho\" class=\"wp-image-1582\" srcset=\"https:\/\/corn-machines.com\/wp-content\/uploads\/2026\/04\/structure-of-corn-threshing-machine.webp 720w, https:\/\/corn-machines.com\/wp-content\/uploads\/2026\/04\/structure-of-corn-threshing-machine-300x225.webp 300w, https:\/\/corn-machines.com\/wp-content\/uploads\/2026\/04\/structure-of-corn-threshing-machine-16x12.webp 16w\" sizes=\"auto, (max-width: 720px) 100vw, 720px\" \/><figcaption class=\"wp-element-caption\">Estrutura da m\u00e1quina de debulhar milho<\/figcaption><\/figure>    <figure class=\"wp-block-image size-large\"><img loading=\"lazy\" decoding=\"async\" width=\"720\" height=\"540\" data-id=\"1583\" src=\"https:\/\/corn-machines.com\/wp-content\/uploads\/2026\/04\/maize-thresher.webp\" alt=\"debulhador de milho\" class=\"wp-image-1583\" srcset=\"https:\/\/corn-machines.com\/wp-content\/uploads\/2026\/04\/maize-thresher.webp 720w, https:\/\/corn-machines.com\/wp-content\/uploads\/2026\/04\/maize-thresher-300x225.webp 300w, https:\/\/corn-machines.com\/wp-content\/uploads\/2026\/04\/maize-thresher-16x12.webp 16w\" sizes=\"auto, (max-width: 720px) 100vw, 720px\" \/><figcaption class=\"wp-element-caption\">debulhador de milho<\/figcaption><\/figure> <\/figure>    <h2 class=\"wp-block-heading\"><strong>Como funciona a m\u00e1quina de debulhar milho?<\/strong><\/h2>    <p>A m\u00e1quina de debulhar milho executa todo o processo \u2014 incluindo debulhar, peneirar, remo\u00e7\u00e3o de impurezas e separa\u00e7\u00e3o.<\/p>    <ol class=\"wp-block-list\"> <li>As espigas de milho entram na c\u00e2mara de separa\u00e7\u00e3o atrav\u00e9s da entrada de alimenta\u00e7\u00e3o, onde o debulhar \u00e9 realizado atrav\u00e9s das a\u00e7\u00f5es combinadas do impacto de alta velocidade do tambor com picos e do atrito m\u00fatuo.<\/li>    <li>Os gr\u00e3os de milho debulhados passam por uma rampa de gr\u00e3os e entram no sistema de tela vibrat\u00f3ria.<\/li>    <li>\u00c0 medida que a tela vibra continuamente, os gr\u00e3os caem atrav\u00e9s das perfura\u00e7\u00f5es da malha para a zona de coleta inferior.<\/li>    <li>Palha e impurezas leves s\u00e3o atra\u00eddas e expulsas por um soprador.<\/li>    <li>Impulsionados pelo tambor, os espigos de milho s\u00e3o descarregados atrav\u00e9s de uma sa\u00edda dedicada.<\/li> <\/ol>    <figure class=\"wp-block-gallery has-nested-images columns-default is-cropped wp-block-gallery-4 is-layout-flex wp-block-gallery-is-layout-flex\"> <figure class=\"wp-block-image size-large\"><img loading=\"lazy\" decoding=\"async\" width=\"720\" height=\"540\" data-id=\"1584\" src=\"https:\/\/corn-machines.com\/wp-content\/uploads\/2026\/04\/corn-sheller-machine.webp\" alt=\"debullhador de milho\" class=\"wp-image-1584\" srcset=\"https:\/\/corn-machines.com\/wp-content\/uploads\/2026\/04\/corn-sheller-machine.webp 720w, https:\/\/corn-machines.com\/wp-content\/uploads\/2026\/04\/corn-sheller-machine-300x225.webp 300w, https:\/\/corn-machines.com\/wp-content\/uploads\/2026\/04\/corn-sheller-machine-16x12.webp 16w\" sizes=\"auto, (max-width: 720px) 100vw, 720px\" \/><figcaption class=\"wp-element-caption\">debullhador de milho<\/figcaption><\/figure>    <figure class=\"wp-block-image size-large\"><img loading=\"lazy\" decoding=\"async\" width=\"720\" height=\"540\" data-id=\"1585\" src=\"https:\/\/corn-machines.com\/wp-content\/uploads\/2026\/04\/maize-sheller-machine.webp\" alt=\"M\u00e1quina descascadora de milho\" class=\"wp-image-1585\" srcset=\"https:\/\/corn-machines.com\/wp-content\/uploads\/2026\/04\/maize-sheller-machine.webp 720w, https:\/\/corn-machines.com\/wp-content\/uploads\/2026\/04\/maize-sheller-machine-300x225.webp 300w, https:\/\/corn-machines.com\/wp-content\/uploads\/2026\/04\/maize-sheller-machine-16x12.webp 16w\" sizes=\"auto, (max-width: 720px) 100vw, 720px\" \/><figcaption class=\"wp-element-caption\">M\u00e1quina descascadora de milho<\/figcaption><\/figure> <\/figure>    <h2 class=\"wp-block-heading\"><strong>An\u00e1lise de cen\u00e1rios de aplica\u00e7\u00e3o para a debulhadora de milho<\/strong><\/h2>    <ul class=\"wp-block-list\"> <li>Processamento p\u00f3s-colheita para explora\u00e7\u00f5es de pequeno e m\u00e9dio porte<\/li>    <li>Debulhamento centralizado em centros de coleta de gr\u00e3os<\/li>    <li>Processamento em lotes por cooperativas de maquinaria agr\u00edcola<\/li>    <li>Servi\u00e7os m\u00f3veis de campo para \u00e1reas rurais<\/li> <\/ul>    <h2 class=\"wp-block-heading\"><strong>Qual \u00e9 o pre\u00e7o da m\u00e1quina de debulhar milho?<\/strong><\/h2>    <p>A m\u00e1quina de debulhar milho 5TYM-850 tem um pre\u00e7o competitivo de cerca de USD 1000. No entanto, o custo final pode variar dependendo de fatores como quantidade de pedido, requisitos de personaliza\u00e7\u00e3o e dist\u00e2ncia de envio. Se desejar saber o pre\u00e7o espec\u00edfico, entre em contacto connosco para a \u00faltima cota\u00e7\u00e3o.<\/p>   <div class=\"wp-block-image\"> <figure class=\"aligncenter size-full\"><img loading=\"lazy\" decoding=\"async\" width=\"720\" height=\"540\" src=\"https:\/\/corn-machines.com\/wp-content\/uploads\/2026\/04\/maize-threshing-machine.webp\" alt=\"debulhadora de milho\" class=\"wp-image-1586\" srcset=\"https:\/\/corn-machines.com\/wp-content\/uploads\/2026\/04\/maize-threshing-machine.webp 720w, https:\/\/corn-machines.com\/wp-content\/uploads\/2026\/04\/maize-threshing-machine-300x225.webp 300w, https:\/\/corn-machines.com\/wp-content\/uploads\/2026\/04\/maize-threshing-machine-16x12.webp 16w\" sizes=\"auto, (max-width: 720px) 100vw, 720px\" \/><figcaption class=\"wp-element-caption\">debulhadora de milho<\/figcaption><\/figure> <\/div>   <h2 class=\"wp-block-heading\"><strong>Perguntas frequentes sobre a m\u00e1quina de debulhar milho<\/strong><\/h2>   <div id=\"rank-math-faq\" class=\"rank-math-block\"> <div class=\"rank-math-list\"> <div id=\"faq-question-1776825910147\" class=\"rank-math-list-item\"> <h3 class=\"rank-math-question\">Para que tipos de milho \u00e9 adequada a m\u00e1quina de debulhar 5TYM-850?<\/h3> <div class=\"rank-math-answer\">  <p>Adequado para debulhar milho seco; resultados \u00f3timos s\u00e3o alcan\u00e7ados com um teor de umidade entre 13% e 20%.<\/p>  <\/div> <\/div> <div id=\"faq-question-1776825950137\" class=\"rank-math-list-item\"> <h3 class=\"rank-math-question\">A taxa de quebra dos gr\u00e3os de milho \u00e9 elevada?<\/h3> <div class=\"rank-math-answer\">  <p>A m\u00e1quina de debulhar milho apresenta uma estrutura de dentes com picos e uma velocidade de rota\u00e7\u00e3o do tambor racionalmente projetadas, minimizando eficazmente a taxa de quebra (\u22641,5%).<\/p>  <\/div> <\/div> <div id=\"faq-question-1776826010298\" class=\"rank-math-list-item\"> <h3 class=\"rank-math-question\">Pode ser usada em outras culturas?<\/h3> <div class=\"rank-math-answer\">  <p class=\"translation-block\">\u00c9 principalmente projetada para milho. Se precisar processar uma variedade de gr\u00e3os, tamb\u00e9m oferecemos a <a href=\"https:\/\/corn-machines.com\/pt\/product\/multifunctional-grain-thresher\/\">debulhadora de gr\u00e3os multifuncional<\/a>.<\/p>  <\/div> <\/div> <div id=\"faq-question-1776826084108\" class=\"rank-math-list-item\"> <h3 class=\"rank-math-question\">Qual \u00e9 a sua taxa de debulhar?<\/h3> <div class=\"rank-math-answer\">  <p>A nossa debulhadora de milho possui uma taxa de debulhar muito alta, atingindo mais de 98%.<\/p>  <\/div> <\/div> <\/div> <\/div>   <h2 class=\"wp-block-heading\"><strong>Procurando uma solu\u00e7\u00e3o confi\u00e1vel para debulhar milho?<\/strong><\/h2>    <p>Se procura equipamento de processamento de milho eficiente e dur\u00e1vel, a m\u00e1quina de debulhar milho 5TYM-850 \u00e9 a sua escolha ideal, oferecendo desempenho est\u00e1vel e uma efici\u00eancia de debulhar excepcionalmente alta.<\/p>    <p>Para mais detalhes ou solicitar um or\u00e7amento, n\u00e3o hesite em contactar-nos a qualquer momento \u2014 ajudaremos a selecionar a solu\u00e7\u00e3o mais adequada \u00e0s suas necessidades.<\/p>","protected":false},"excerpt":{"rendered":"<p>This article primarily introduces the 5TYM-850 corn sheller machine. It is a highly efficient and stable piece of corn processing equipment, boasting a production capacity of 4 to 6 tons per hour and a threshing rate of \u226598%, thereby enabling highly efficient threshing operations.<\/p>","protected":false},"author":1,"featured_media":1587,"parent":0,"template":"","tags":[42],"product-type":[4],"class_list":["post-1577","product","type-product","status-publish","has-post-thumbnail","hentry","tag-corn","product-type-corn-thresher-machine"],"_links":{"self":[{"href":"https:\/\/corn-machines.com\/pt\/wp-json\/wp\/v2\/product\/1577","targetHints":{"allow":["GET"]}}],"collection":[{"href":"https:\/\/corn-machines.com\/pt\/wp-json\/wp\/v2\/product"}],"about":[{"href":"https:\/\/corn-machines.com\/pt\/wp-json\/wp\/v2\/types\/product"}],"author":[{"embeddable":true,"href":"https:\/\/corn-machines.com\/pt\/wp-json\/wp\/v2\/users\/1"}],"wp:featuredmedia":[{"embeddable":true,"href":"https:\/\/corn-machines.com\/pt\/wp-json\/wp\/v2\/media\/1587"}],"wp:attachment":[{"href":"https:\/\/corn-machines.com\/pt\/wp-json\/wp\/v2\/media?parent=1577"}],"wp:term":[{"taxonomy":"post_tag","embeddable":true,"href":"https:\/\/corn-machines.com\/pt\/wp-json\/wp\/v2\/tags?post=1577"},{"taxonomy":"product-type","embeddable":true,"href":"https:\/\/corn-machines.com\/pt\/wp-json\/wp\/v2\/product-type?post=1577"}],"curies":[{"name":"wp","href":"https:\/\/api.w.org\/{rel}","templated":true}]}}