{"id":1554,"date":"2026-04-15T14:38:27","date_gmt":"2026-04-15T06:38:27","guid":{"rendered":"https:\/\/corn-machines.com\/?post_type=product&#038;p=1554"},"modified":"2026-04-15T17:24:06","modified_gmt":"2026-04-15T09:24:06","slug":"corn-husking-machine","status":"publish","type":"product","link":"https:\/\/corn-machines.com\/pt\/product\/corn-husking-machine\/","title":{"rendered":"M\u00e1quina de descasque de milho"},"content":{"rendered":"<p class=\"translation-block\">A <strong>m\u00e1quina de despolpar milho<\/strong> \u00e9 um dispositivo altamente eficiente e automatizado, especificamente projetado para remover as cascas externas do milho fresco. O equipamento suporta um fluxo de trabalho cont\u00ednuo que inclui alimenta\u00e7\u00e3o autom\u00e1tica, corte de raiz, corte de ponta, remo\u00e7\u00e3o de seda, despolpamento e descarte. Sua capacidade total de despolpamento atinge de 7.000 a 12.000 ouros por hora, com uma taxa de pureza de at\u00e9 98% e uma taxa de dano de apenas 1%.<\/p>    <p>Oferecemos dois tipos de m\u00e1quinas de despolpar milho: a m\u00e1quina de milho fresco por ar-impulsionado e a m\u00e1quina de remo\u00e7\u00e3o de casca de rolo de borracha. S\u00e3o projetadas para atender \u00e0s necessidades de processamento de plantas de milho fresco, centros de produtos cortados, f\u00e1bricas de alimentos congelados e neg\u00f3cios de processamento agr\u00edcola.<\/p>    <h2 class=\"wp-block-heading\"><strong>Caracter\u00edsticas e benef\u00edcios da m\u00e1quina de despolpar milho<\/strong><\/h2>    <p>Em compara\u00e7\u00e3o com m\u00e9todos tradicionais de despolpamento manual, esta m\u00e1quina de despolpar milho \u00e9 ideal para opera\u00e7\u00f5es de processamento de milho fresco em grande escala:<\/p>    <ul class=\"wp-block-list\"> <li><strong>Alta efici\u00eancia de processamento<\/strong>: Capaz de processar at\u00e9 12.000 ouros por hora.<\/li>    <li><strong>Baixo \u00edndice de dano<\/strong>: Mantido aproximadamente a 1%, preservando assim o valor de mercado do produto.<\/li>    <li>H<strong>Alta pureza de despolpa<\/strong>: Alcan\u00e7a consistentemente uma taxa de despolpamento de 98%.<\/li>    <li><strong>Alto grau de automatiza\u00e7\u00e3o<\/strong>: Reduz significativamente os custos laborais.<\/li>    <li><strong>Ampla aplicabilidade<\/strong>: Compat\u00edvel com v\u00e1rias variedades de milho, incluindo milho fresco, milho doce e milho waxy.<\/li>    <li><strong>Suporte \u00e0 personaliza\u00e7\u00e3o<\/strong>: Par\u00e2metros ajust\u00e1veis para acomodar comprimentos espec\u00edficos de milho e requisitos de reten\u00e7\u00e3o de folhas.<\/li>    <li><strong>Dois modelos dispon\u00edveis<\/strong>: Op\u00e7\u00f5es para atender a diversas restri\u00e7\u00f5es or\u00e7amentais e fluxos de trabalho de processamento.<\/li> <\/ul>   <div class=\"wp-block-image\"> <figure class=\"aligncenter size-full\"><img loading=\"lazy\" decoding=\"async\" width=\"720\" height=\"540\" src=\"https:\/\/corn-machines.com\/wp-content\/uploads\/2026\/04\/corn-husking-machine.webp\" alt=\"m\u00e1quina de despolpar milho\" class=\"wp-image-1557\" srcset=\"https:\/\/corn-machines.com\/wp-content\/uploads\/2026\/04\/corn-husking-machine.webp 720w, https:\/\/corn-machines.com\/wp-content\/uploads\/2026\/04\/corn-husking-machine-300x225.webp 300w, https:\/\/corn-machines.com\/wp-content\/uploads\/2026\/04\/corn-husking-machine-16x12.webp 16w\" sizes=\"auto, (max-width: 720px) 100vw, 720px\" \/><figcaption class=\"wp-element-caption\">m\u00e1quina de despolpar milho<\/figcaption><\/figure> <\/div>   <h2 class=\"wp-block-heading\"><strong>Dois tipos de m\u00e1quinas de despolpar milho<\/strong><\/h2>    <p>Oferecemos dois tipos de m\u00e1quinas de remo\u00e7\u00e3o de casca de milho:<\/p>    <ol class=\"wp-block-list\"> <li><strong>M\u00e1quina de despolpar milho por sopro de ar<\/strong><\/li>    <li><strong>M\u00e1quina de despolpar milho de rolo de borracha<\/strong><\/li> <\/ol>    <p>Cada um desses dois tipos de equipamentos de despolpar milho possui caracter\u00edsticas e vantagens distintas, permitindo que voc\u00ea fa\u00e7a uma sele\u00e7\u00e3o com base nas suas necessidades espec\u00edficas.<\/p>    <figure class=\"wp-block-gallery has-nested-images columns-default is-cropped wp-block-gallery-2 is-layout-flex wp-block-gallery-is-layout-flex\"> <figure class=\"wp-block-image size-large\"><img loading=\"lazy\" decoding=\"async\" width=\"720\" height=\"540\" data-id=\"1558\" src=\"https:\/\/corn-machines.com\/wp-content\/uploads\/2026\/04\/air-blowing-corn-husking-machine.webp\" alt=\"m\u00e1quina de despolpar milho por sopro de ar\" class=\"wp-image-1558\" srcset=\"https:\/\/corn-machines.com\/wp-content\/uploads\/2026\/04\/air-blowing-corn-husking-machine.webp 720w, https:\/\/corn-machines.com\/wp-content\/uploads\/2026\/04\/air-blowing-corn-husking-machine-300x225.webp 300w, https:\/\/corn-machines.com\/wp-content\/uploads\/2026\/04\/air-blowing-corn-husking-machine-16x12.webp 16w\" sizes=\"auto, (max-width: 720px) 100vw, 720px\" \/><figcaption class=\"wp-element-caption\">m\u00e1quina de despolpar milho por sopro de ar<\/figcaption><\/figure>    <figure class=\"wp-block-image size-large\"><img loading=\"lazy\" decoding=\"async\" width=\"720\" height=\"540\" data-id=\"1560\" src=\"https:\/\/corn-machines.com\/wp-content\/uploads\/2026\/04\/rubber-roller-corn-husker.webp\" alt=\"m\u00e1quina de despolpar milho de rolo de borracha\" class=\"wp-image-1560\" srcset=\"https:\/\/corn-machines.com\/wp-content\/uploads\/2026\/04\/rubber-roller-corn-husker.webp 720w, https:\/\/corn-machines.com\/wp-content\/uploads\/2026\/04\/rubber-roller-corn-husker-300x225.webp 300w, https:\/\/corn-machines.com\/wp-content\/uploads\/2026\/04\/rubber-roller-corn-husker-16x12.webp 16w\" sizes=\"auto, (max-width: 720px) 100vw, 720px\" \/><figcaption class=\"wp-element-caption\">m\u00e1quina de despolpar milho de rolo de borracha<\/figcaption><\/figure> <\/figure>    <h3 class=\"wp-block-heading\"><strong>Tipo 1:<\/strong> <strong>M\u00e1quina de despolpar milho por sopro de ar<\/strong><\/h3>    <p>A m\u00e1quina de despolpar milho fresco por sopro de ar \u00e9 um equipamento de processamento automatizado para milho fresco, especialmente adequado para clientes com padr\u00f5es rigorosos quanto \u00e0 apar\u00eancia visual do produto final. Ap\u00f3s a colheita, o milho entra na m\u00e1quina por um sistema de transporte, onde as seguintes opera\u00e7\u00f5es s\u00e3o executadas automaticamente:<\/p>    <ul class=\"wp-block-list\"> <li>Aparar raiz<\/li>    <li>Aparar ponta<\/li>    <li>Remo\u00e7\u00e3o de seda<\/li>    <li>Sopro de ar de folhas soltas<\/li>    <li>Despolpamento<\/li>    <li>Descarga<\/li> <\/ul>    <p class=\"translation-block\"><strong>Caracter\u00edsticas<\/strong><\/p>    <ul class=\"wp-block-list\"> <li>Alta consist\u00eancia do produto<\/li>    <li>Modo de reten\u00e7\u00e3o de folhas altern\u00e1vel<\/li>    <li>Alto grau de automatiza\u00e7\u00e3o<\/li> <\/ul>    <p class=\"translation-block\"><strong>Princ\u00edpio de funcionamento<\/strong><\/p>    <p>Esta m\u00e1quina de despolpar milho fresco emprega um m\u00e9todo de processamento cont\u00ednuo e automatizado. Todo o processo, desde a alimenta\u00e7\u00e3o manual do milho fresco at\u00e9 a sa\u00edda do produto final. O fluxo de trabalho espec\u00edfico \u00e9 o seguinte:<\/p>    <p>Alimenta\u00e7\u00e3o manual \u2192 Transporte autom\u00e1tico \u2192 Corte de raiz \u2192 Corte de ponta \u2192 Remo\u00e7\u00e3o de seda \u2192 Separa\u00e7\u00e3o de folhas assistida por ar \u2192 Despolpamento autom\u00e1tico \u2192 Descarga do produto acabado<\/p>    <figure class=\"wp-block-gallery has-nested-images columns-default is-cropped wp-block-gallery-3 is-layout-flex wp-block-gallery-is-layout-flex\"> <figure class=\"wp-block-image size-large\"><img loading=\"lazy\" decoding=\"async\" width=\"720\" height=\"540\" data-id=\"1561\" src=\"https:\/\/corn-machines.com\/wp-content\/uploads\/2026\/04\/corn-husk-removing-machine.webp\" alt=\"m\u00e1quina de remo\u00e7\u00e3o de casca de milho\" class=\"wp-image-1561\" srcset=\"https:\/\/corn-machines.com\/wp-content\/uploads\/2026\/04\/corn-husk-removing-machine.webp 720w, https:\/\/corn-machines.com\/wp-content\/uploads\/2026\/04\/corn-husk-removing-machine-300x225.webp 300w, https:\/\/corn-machines.com\/wp-content\/uploads\/2026\/04\/corn-husk-removing-machine-16x12.webp 16w\" sizes=\"auto, (max-width: 720px) 100vw, 720px\" \/><figcaption class=\"wp-element-caption\">m\u00e1quina de remo\u00e7\u00e3o de casca de milho<\/figcaption><\/figure>    <figure class=\"wp-block-image size-large\"><img loading=\"lazy\" decoding=\"async\" width=\"720\" height=\"540\" data-id=\"1564\" src=\"https:\/\/corn-machines.com\/wp-content\/uploads\/2026\/04\/detailed-of-corn-husker.webp\" alt=\"detalhes do despolpador de milho\" class=\"wp-image-1564\" srcset=\"https:\/\/corn-machines.com\/wp-content\/uploads\/2026\/04\/detailed-of-corn-husker.webp 720w, https:\/\/corn-machines.com\/wp-content\/uploads\/2026\/04\/detailed-of-corn-husker-300x225.webp 300w, https:\/\/corn-machines.com\/wp-content\/uploads\/2026\/04\/detailed-of-corn-husker-16x12.webp 16w\" sizes=\"auto, (max-width: 720px) 100vw, 720px\" \/><figcaption class=\"wp-element-caption\">detalhes da m\u00e1quina de despolpar milho<\/figcaption><\/figure>    <figure class=\"wp-block-image size-large\"><img loading=\"lazy\" decoding=\"async\" width=\"720\" height=\"540\" data-id=\"1565\" src=\"https:\/\/corn-machines.com\/wp-content\/uploads\/2026\/04\/detailed-of-maize-husker-machine.webp\" alt=\"detalhes da m\u00e1quina de despolpar milho\" class=\"wp-image-1565\" srcset=\"https:\/\/corn-machines.com\/wp-content\/uploads\/2026\/04\/detailed-of-maize-husker-machine.webp 720w, https:\/\/corn-machines.com\/wp-content\/uploads\/2026\/04\/detailed-of-maize-husker-machine-300x225.webp 300w, https:\/\/corn-machines.com\/wp-content\/uploads\/2026\/04\/detailed-of-maize-husker-machine-16x12.webp 16w\" sizes=\"auto, (max-width: 720px) 100vw, 720px\" \/><figcaption class=\"wp-element-caption\">detalhes da m\u00e1quina de despolpar milho<\/figcaption><\/figure> <\/figure>    <p class=\"translation-block\"><strong>Par\u00e2metros<\/strong> <strong>t\u00e9cnicos<\/strong><\/p>    <figure class=\"wp-block-table\"><table class=\"has-fixed-layout\"><thead><tr><th>Item<\/th><th>Par\u00e2metro<\/th><\/tr><\/thead><tbody><tr><td>Velocidade de trabalho<\/td><td>0\u201312.000 ouros\/h<\/td><\/tr><tr><td>Press\u00e3o de fornecimento de ar<\/td><td>&gt;=0,8MPa<\/td><\/tr><tr><td>Peso da m\u00e1quina<\/td><td>4000kg<\/td><\/tr><tr><td>Volume do tanque de ar<\/td><td>\u22651,0m\u00b3<\/td><\/tr><tr><td>Faixa de comprimento do milho<\/td><td>110\u2013280mm<\/td><\/tr><tr><td>Faixa de di\u00e2metro do milho<\/td><td>\u03a640\u2013\u03a680mm<\/td><\/tr><tr><td>Modo de reten\u00e7\u00e3o de folhas<\/td><td>Troca manual<\/td><\/tr><tr><td>Taxa de despolpamento<\/td><td>98%<\/td><\/tr><tr><td>Taxa de dano<\/td><td>1%<\/td><\/tr><tr><td>Taxa de remo\u00e7\u00e3o de seda<\/td><td>92%<\/td><\/tr><\/tbody><\/table><figcaption class=\"wp-element-caption\">especifica\u00e7\u00f5es do despolpador de milho doce <\/figcaption><\/figure>    <h3 class=\"wp-block-heading\"><strong>Tipo 2: M\u00e1quina de despolpar milho de rolo de borracha<\/strong><\/h3>    <p>A m\u00e1quina de despolpar milho de rolo de borracha utiliza m\u00faltiplos conjuntos de rolos de borracha resistentes ao desgaste para realizar o despolpamento simult\u00e2neo. Caracteriza-se por uma estrutura est\u00e1vel e facilidade de manuten\u00e7\u00e3o, com as principais caracter\u00edsticas:<\/p>    <ul class=\"wp-block-list\"> <li>Constru\u00e7\u00e3o simples, mas dur\u00e1vel<\/li>    <li>Opera\u00e7\u00e3o cont\u00ednua est\u00e1vel<\/li>    <li>Custos de manuten\u00e7\u00e3o baixos<\/li>    <li>Alta rela\u00e7\u00e3o custo-benef\u00edcio<\/li> <\/ul>    <figure class=\"wp-block-gallery has-nested-images columns-default is-cropped wp-block-gallery-4 is-layout-flex wp-block-gallery-is-layout-flex\"> <figure class=\"wp-block-image size-large\"><img loading=\"lazy\" decoding=\"async\" width=\"540\" height=\"720\" data-id=\"1562\" src=\"https:\/\/corn-machines.com\/wp-content\/uploads\/2026\/04\/maize-husking-machine.webp\" alt=\"m\u00e1quina de despolpar milho de rolo de borracha\" class=\"wp-image-1562\" srcset=\"https:\/\/corn-machines.com\/wp-content\/uploads\/2026\/04\/maize-husking-machine.webp 540w, https:\/\/corn-machines.com\/wp-content\/uploads\/2026\/04\/maize-husking-machine-225x300.webp 225w, https:\/\/corn-machines.com\/wp-content\/uploads\/2026\/04\/maize-husking-machine-9x12.webp 9w\" sizes=\"auto, (max-width: 540px) 100vw, 540px\" \/><figcaption class=\"wp-element-caption\">m\u00e1quina de despolpar milho de rolo de borracha<\/figcaption><\/figure>    <figure class=\"wp-block-image size-large\"><img loading=\"lazy\" decoding=\"async\" width=\"540\" height=\"720\" data-id=\"1563\" src=\"https:\/\/corn-machines.com\/wp-content\/uploads\/2026\/04\/rubbr-roller-corn-husker-machine-1.webp\" alt=\"m\u00e1quina de despolpar milho de rolo de borracha\" class=\"wp-image-1563\" srcset=\"https:\/\/corn-machines.com\/wp-content\/uploads\/2026\/04\/rubbr-roller-corn-husker-machine-1.webp 540w, https:\/\/corn-machines.com\/wp-content\/uploads\/2026\/04\/rubbr-roller-corn-husker-machine-1-225x300.webp 225w, https:\/\/corn-machines.com\/wp-content\/uploads\/2026\/04\/rubbr-roller-corn-husker-machine-1-9x12.webp 9w\" sizes=\"auto, (max-width: 540px) 100vw, 540px\" \/><figcaption class=\"wp-element-caption\">m\u00e1quina de despolpar milho de rolo de borracha<\/figcaption><\/figure> <\/figure>    <p class=\"translation-block\"><strong>Especifica\u00e7\u00f5es t\u00e9cnicas<\/strong><\/p>    <figure class=\"wp-block-table\"><table class=\"has-fixed-layout\"><thead><tr><th>Par\u00e2metros do modelo<\/th><th>Detalhes<\/th><\/tr><\/thead><tbody><tr><td>Capacidade<\/td><td>7.000 ouros\/h<\/td><\/tr><tr><td>Tamanho da m\u00e1quina<\/td><td>2500 \u00d7 1300 \u00d7 2200mm<\/td><\/tr><tr><td>Eixo principal<\/td><td>1750 mm, \u03a671,5mm<\/td><\/tr><tr><td>Rolos de borracha<\/td><td>16 pcs, 108 \u00d7 71,5mm<\/td><\/tr><tr><td>Lubrifica\u00e7\u00e3o<\/td><td>Lubrifica\u00e7\u00e3o autom\u00e1tica em circuito<\/td><\/tr><tr><td>A\u00e7o inoxid\u00e1vel, a\u00e7o de canal, personaliz\u00e1vel<\/td><td>25PPR<\/td><\/tr><tr><td>Poder<\/td><td>8,37kw<\/td><\/tr><tr><td>Tens\u00e3o<\/td><td>380V \/ 50Hz<\/td><\/tr><tr><td>Material da m\u00e1quina<\/td><td>A\u00e7o inoxid\u00e1vel, a\u00e7o de canal, personaliz\u00e1vel<\/td><\/tr><\/tbody><\/table><figcaption class=\"wp-element-caption\">par\u00e2metros da m\u00e1quina de despolpar milho de rolo de borracha<\/figcaption><\/figure>    <h2 class=\"wp-block-heading\"><strong>Cen\u00e1rios de aplica\u00e7\u00e3o para despolpadores de milho<\/strong><\/h2>    <p>Este despolpador de milho \u00e9 amplamente utilizado para:<\/p>    <ul class=\"wp-block-list\"> <li>Processamento de milho doce fresco<\/li>    <li>Embalagem a v\u00e1cuo de milho waxy<\/li>    <li>Distribui\u00e7\u00e3o de milho preparado<\/li>    <li>Processamento de milho congelado<\/li>    <li>Pr\u00e9-processamento de ingredientes em cozinhas centrais<\/li>    <li>Fornecimento de milho pronto para consumo para supermercados<\/li>    <li>Processamento de produtos agr\u00edcolas para exporta\u00e7\u00e3o<\/li> <\/ul>    <figure class=\"wp-block-gallery has-nested-images columns-default is-cropped wp-block-gallery-5 is-layout-flex wp-block-gallery-is-layout-flex\"> <figure class=\"wp-block-image size-large\"><img loading=\"lazy\" decoding=\"async\" width=\"720\" height=\"540\" data-id=\"1566\" src=\"https:\/\/corn-machines.com\/wp-content\/uploads\/2026\/04\/corn-with-the-husk.webp\" alt=\"Milho com casca\" class=\"wp-image-1566\" srcset=\"https:\/\/corn-machines.com\/wp-content\/uploads\/2026\/04\/corn-with-the-husk.webp 720w, https:\/\/corn-machines.com\/wp-content\/uploads\/2026\/04\/corn-with-the-husk-300x225.webp 300w, https:\/\/corn-machines.com\/wp-content\/uploads\/2026\/04\/corn-with-the-husk-16x12.webp 16w\" sizes=\"auto, (max-width: 720px) 100vw, 720px\" \/><figcaption class=\"wp-element-caption\">Milho com casca<\/figcaption><\/figure>    <figure class=\"wp-block-image size-large\"><img loading=\"lazy\" decoding=\"async\" width=\"720\" height=\"540\" data-id=\"1567\" src=\"https:\/\/corn-machines.com\/wp-content\/uploads\/2026\/04\/husked-corn.webp\" alt=\"Milho descascado\" class=\"wp-image-1567\" srcset=\"https:\/\/corn-machines.com\/wp-content\/uploads\/2026\/04\/husked-corn.webp 720w, https:\/\/corn-machines.com\/wp-content\/uploads\/2026\/04\/husked-corn-300x225.webp 300w, https:\/\/corn-machines.com\/wp-content\/uploads\/2026\/04\/husked-corn-16x12.webp 16w\" sizes=\"auto, (max-width: 720px) 100vw, 720px\" \/><figcaption class=\"wp-element-caption\">Milho descascado<\/figcaption><\/figure> <\/figure>    <h2 class=\"wp-block-heading\"><strong>Como escolher a m\u00e1quina de despolpar milho?<\/strong><\/h2>    <p>Se o seu foco principal for a apar\u00eancia do produto final, corte autom\u00e1tico de raiz e ponta, remo\u00e7\u00e3o eficaz de seda e processamento de alta qualidade de milho doce fresco, recomendamos priorizar a m\u00e1quina de despolpar milho fresco do tipo ar.<\/p>    <p>Se, no entanto, priorizar os custos de investimento em equipamentos, estabilidade operacional e facilidade de manuten\u00e7\u00e3o di\u00e1ria, a m\u00e1quina de remo\u00e7\u00e3o de casca de milho do tipo rolo de borracha seria uma escolha mais adequada.<\/p>    <h2 class=\"wp-block-heading\"><strong>Qual o custo de uma m\u00e1quina de despolpar milho fresco?<\/strong><\/h2>    <p>O pre\u00e7o de uma m\u00e1quina de despolpar milho varia dependendo de fatores como capacidade de produ\u00e7\u00e3o, configura\u00e7\u00e3o, grau de automa\u00e7\u00e3o e requisitos de material. Os principais fatores que influenciam seu pre\u00e7o s\u00e3o:<\/p>    <ul class=\"wp-block-list\"> <li>Capacidade de produ\u00e7\u00e3o<\/li>    <li>Inclus\u00e3o do sistema de sopro de ar ou tanque de armazenamento de ar<\/li>    <li>Requisitos de material (a\u00e7o padr\u00e3o \/ a\u00e7o inoxid\u00e1vel)<\/li>    <li>Grau de automa\u00e7\u00e3o<\/li>    <li>Requisitos de personaliza\u00e7\u00e3o<\/li>    <li>Dist\u00e2ncia de envio e pol\u00edtica de envio<\/li> <\/ul>   <div class=\"wp-block-image\"> <figure class=\"aligncenter size-full\"><img loading=\"lazy\" decoding=\"async\" width=\"720\" height=\"540\" src=\"https:\/\/corn-machines.com\/wp-content\/uploads\/2026\/04\/corn-husk-remover.webp\" alt=\"removedor de casca de milho\" class=\"wp-image-1556\" srcset=\"https:\/\/corn-machines.com\/wp-content\/uploads\/2026\/04\/corn-husk-remover.webp 720w, https:\/\/corn-machines.com\/wp-content\/uploads\/2026\/04\/corn-husk-remover-300x225.webp 300w, https:\/\/corn-machines.com\/wp-content\/uploads\/2026\/04\/corn-husk-remover-16x12.webp 16w\" sizes=\"auto, (max-width: 720px) 100vw, 720px\" \/><figcaption class=\"wp-element-caption\">removedor de casca de milho<\/figcaption><\/figure> <\/div>   <h2 class=\"wp-block-heading\"><strong>FAQ de m\u00e1quina de despolpar milho<\/strong><\/h2>   <div id=\"rank-math-faq\" class=\"rank-math-block\"> <div class=\"rank-math-list\"> <div id=\"faq-question-1776231304993\" class=\"rank-math-list-item\"> <h3 class=\"rank-math-question\">Qual \u00e9 a diferen\u00e7a entre os despolpadores de milho do tipo ar-impulsionado e de rolo de borracha?<\/h3> <div class=\"rank-math-answer\">  <p>O tipo de ar-impulsionado depende principalmente do fluxo de ar para auxiliar na remo\u00e7\u00e3o de folhas; o tipo de rolo de borracha depende de fric\u00e7\u00e3o mec\u00e2nica.<\/p>  <\/div> <\/div> <div id=\"faq-question-1776231394007\" class=\"rank-math-list-item\"> <h3 class=\"rank-math-question\">O equipamento pode processar diferentes variedades de milho?<\/h3> <div class=\"rank-math-answer\">  <p>Sim. Nossa m\u00e1quina de despolpar milho \u00e9 adequada para v\u00e1rios tipos de milho comest\u00edvel, como milho doce e milho waxy.<\/p>  <\/div> <\/div> <div id=\"faq-question-1776231440122\" class=\"rank-math-list-item\"> <h3 class=\"rank-math-question\">A taxa de quebra do milho \u00e9 alta?<\/h3> <div class=\"rank-math-answer\">  <p>A taxa de quebra de equipamentos de ar-impulsionado \u00e9 aproximadamente 1%.<\/p>  <\/div> <\/div> <div id=\"faq-question-1776231515312\" class=\"rank-math-list-item\"> <h3 class=\"rank-math-question\">O removedor de casca de milho suporta personaliza\u00e7\u00e3o?<\/h3> <div class=\"rank-math-answer\">  <p>Suportado. Tens\u00e3o, materiais, capacidade de produ\u00e7\u00e3o e configura\u00e7\u00e3o da linha de produ\u00e7\u00e3o podem ser personalizadas de acordo com os requisitos do cliente.<\/p>  <\/div> <\/div> <\/div> <\/div>   <h2 class=\"wp-block-heading\"><strong>Contacte-nos imediatamente!<\/strong><\/h2>    <p class=\"translation-block\">Al\u00e9m da m\u00e1quina de despolpar milho, tamb\u00e9m oferecemos uma ampla gama de equipamentos complementares, como a <a href=\"https:\/\/corn-machines.com\/pt\/product\/sweet-corn-cutter-machine\/\">m\u00e1quina de cortar milho<\/a> e a <a href=\"https:\/\/corn-machines.com\/pt\/product\/fresh-corn-thresher-sweet-corn-sheller\/\">trilhadora de milho fresco<\/a>. Podemos personalizar uma linha de produ\u00e7\u00e3o completa adaptada \u00e0s suas necessidades espec\u00edficas de capacidade.<\/p>    <p>Se desejar recomenda\u00e7\u00f5es mais detalhadas sobre a sele\u00e7\u00e3o de equipamentos, solu\u00e7\u00f5es de compatibilidade de capacidade ou as \u00faltimas cota\u00e7\u00f5es de pre\u00e7os, n\u00e3o hesite em contactar-nos a qualquer momento.<\/p>","protected":false},"excerpt":{"rendered":"<p>husking machines: the air-blowing type and the rubber-roller type. The air-blowing model boasts a processing capacity of up to 12,000 ears per hour, while the rubber-roller model processes approximately 7,000 ears per hour; both are suitable for use in fresh corn processing plants, frozen food enterprises, and agricultural product primary processing centers.<\/p>","protected":false},"author":1,"featured_media":1556,"parent":0,"template":"","tags":[42],"product-type":[95],"class_list":["post-1554","product","type-product","status-publish","has-post-thumbnail","hentry","tag-corn","product-type-corn-husking-machine"],"_links":{"self":[{"href":"https:\/\/corn-machines.com\/pt\/wp-json\/wp\/v2\/product\/1554","targetHints":{"allow":["GET"]}}],"collection":[{"href":"https:\/\/corn-machines.com\/pt\/wp-json\/wp\/v2\/product"}],"about":[{"href":"https:\/\/corn-machines.com\/pt\/wp-json\/wp\/v2\/types\/product"}],"author":[{"embeddable":true,"href":"https:\/\/corn-machines.com\/pt\/wp-json\/wp\/v2\/users\/1"}],"wp:featuredmedia":[{"embeddable":true,"href":"https:\/\/corn-machines.com\/pt\/wp-json\/wp\/v2\/media\/1556"}],"wp:attachment":[{"href":"https:\/\/corn-machines.com\/pt\/wp-json\/wp\/v2\/media?parent=1554"}],"wp:term":[{"taxonomy":"post_tag","embeddable":true,"href":"https:\/\/corn-machines.com\/pt\/wp-json\/wp\/v2\/tags?post=1554"},{"taxonomy":"product-type","embeddable":true,"href":"https:\/\/corn-machines.com\/pt\/wp-json\/wp\/v2\/product-type?post=1554"}],"curies":[{"name":"wp","href":"https:\/\/api.w.org\/{rel}","templated":true}]}}