{"id":1533,"date":"2026-04-10T14:59:37","date_gmt":"2026-04-10T06:59:37","guid":{"rendered":"https:\/\/corn-machines.com\/?post_type=product&#038;p=1533"},"modified":"2026-04-10T17:14:46","modified_gmt":"2026-04-10T09:14:46","slug":"hay-baling-machine","status":"publish","type":"product","link":"https:\/\/corn-machines.com\/pt\/product\/hay-baling-machine\/","title":{"rendered":"M\u00e1quina de empacotar feno"},"content":{"rendered":"<p class=\"translation-block\">A m\u00e1quina de empacotar feno autom\u00e1tica  pode processar eficientemente forragem picada, talos de milho, alfafa, palha de arroz e trigo em fardos redondos de alta densidade \u03a6550 \u00d7 550 mm. Integra empacotamento autom\u00e1tico e envolvimento com filme, ajudando a melhorar a conserva\u00e7\u00e3o da silagem, reduzir o espa\u00e7o de armazenamento e diminuir os custos de transporte.<\/p>    <p>A nossa m\u00e1quina de ensilar 9YDB-60-2 mant\u00e9m uma efici\u00eancia de produ\u00e7\u00e3o est\u00e1vel de 60\u201385 fardos por hora, com pesos individuais de 80 a 120 kg. \u00c9 ideal para opera\u00e7\u00f5es cont\u00ednuas em pastagens, explora\u00e7\u00f5es leiteiras, instala\u00e7\u00f5es de cria\u00e7\u00e3o de gado e f\u00e1bricas de silagem. Se estiver interessado, n\u00e3o hesite em contactar-nos para mais detalhes.<\/p>    <figure class=\"wp-block-embed is-type-video is-provider-youtube wp-block-embed-youtube wp-embed-aspect-16-9 wp-has-aspect-ratio\"><div class=\"wp-block-embed__wrapper\"> <iframe loading=\"lazy\" title=\"\ud83d\udd259YDB-60- M\u00e1quina de empacotamento e embrulho de feno com uma velocidade de 60-85 fardos\/h | Tamanho do fardo: \u03a6550 \u00d7 550mm\" width=\"500\" height=\"281\" src=\"https:\/\/www.youtube.com\/embed\/NnA9cHx8UA4?feature=oembed\" frameborder=\"0\" allow=\"accelerometer; autoplay; clipboard-write; encrypted-media; gyroscope; picture-in-picture; web-share\" referrerpolicy=\"strict-origin-when-cross-origin\" allowfullscreen><\/iframe> <\/div><figcaption class=\"wp-element-caption\">v\u00eddeo de trabalho da m\u00e1quina de empacotamento e embrulho de feno<\/figcaption><\/figure>    <h2 class=\"wp-block-heading\"><strong>Destaques do ensilador de fardo redondo<\/strong><\/h2>    <p>A m\u00e1quina de ensilar 9YDB-60-2 ganhou prefer\u00eancia entre clientes de v\u00e1rias regi\u00f5es devido \u00e0s suas vantagens \u00fanicas. At\u00e9 \u00e0 data, este equipamento foi exportado com sucesso para pa\u00edses como Qu\u00e9nia, Costa Rica e Senegal. As imagens e caracter\u00edsticas de desempenho do equipamento est\u00e3o apresentadas abaixo.<\/p>    <figure class=\"wp-block-gallery has-nested-images columns-default is-cropped wp-block-gallery-2 is-layout-flex wp-block-gallery-is-layout-flex\"> <figure class=\"wp-block-image size-large\"><img loading=\"lazy\" decoding=\"async\" width=\"720\" height=\"540\" data-id=\"1540\" src=\"https:\/\/corn-machines.com\/wp-content\/uploads\/2026\/04\/hay-baler-machine.webp\" alt=\"M\u00e1quina de enfardar feno\" class=\"wp-image-1540\" srcset=\"https:\/\/corn-machines.com\/wp-content\/uploads\/2026\/04\/hay-baler-machine.webp 720w, https:\/\/corn-machines.com\/wp-content\/uploads\/2026\/04\/hay-baler-machine-300x225.webp 300w, https:\/\/corn-machines.com\/wp-content\/uploads\/2026\/04\/hay-baler-machine-16x12.webp 16w\" sizes=\"auto, (max-width: 720px) 100vw, 720px\" \/><figcaption class=\"wp-element-caption\">M\u00e1quina de enfardar feno<\/figcaption><\/figure>    <figure class=\"wp-block-image size-large\"><img loading=\"lazy\" decoding=\"async\" width=\"720\" height=\"540\" data-id=\"1541\" src=\"https:\/\/corn-machines.com\/wp-content\/uploads\/2026\/04\/hay-baling-machine-1.webp\" alt=\"\" class=\"wp-image-1541\" srcset=\"https:\/\/corn-machines.com\/wp-content\/uploads\/2026\/04\/hay-baling-machine-1.webp 720w, https:\/\/corn-machines.com\/wp-content\/uploads\/2026\/04\/hay-baling-machine-1-300x225.webp 300w, https:\/\/corn-machines.com\/wp-content\/uploads\/2026\/04\/hay-baling-machine-1-16x12.webp 16w\" sizes=\"auto, (max-width: 720px) 100vw, 720px\" \/><figcaption class=\"wp-element-caption\">m\u00e1quina de empacotar feno<\/figcaption><\/figure>    <figure class=\"wp-block-image size-large\"><img loading=\"lazy\" decoding=\"async\" width=\"720\" height=\"540\" data-id=\"1542\" src=\"https:\/\/corn-machines.com\/wp-content\/uploads\/2026\/04\/sialge-round-baler.webp\" alt=\"Fardos de silagem\" class=\"wp-image-1542\" srcset=\"https:\/\/corn-machines.com\/wp-content\/uploads\/2026\/04\/sialge-round-baler.webp 720w, https:\/\/corn-machines.com\/wp-content\/uploads\/2026\/04\/sialge-round-baler-300x225.webp 300w, https:\/\/corn-machines.com\/wp-content\/uploads\/2026\/04\/sialge-round-baler-16x12.webp 16w\" sizes=\"auto, (max-width: 720px) 100vw, 720px\" \/><figcaption class=\"wp-element-caption\">Fardos de silagem<\/figcaption><\/figure> <\/figure>    <div class=\"wp-block-media-text has-media-on-the-right is-stacked-on-mobile\"><div class=\"wp-block-media-text__content\"> <p class=\"translation-block\">1. O equipamento possui um sistema de controlo PLC totalmente automatizado, <strong>inteligente<\/strong>, que suporta opera\u00e7\u00f5es de arranque com um toque. Isto reduz a depend\u00eancia de m\u00e3o-de-obra manual e diminui o limiar operacional. Para explora\u00e7\u00f5es de grande escala, isto traduz-se numa redu\u00e7\u00e3o significativa dos custos laborais.<\/p> <\/div><figure class=\"wp-block-media-text__media\"><img loading=\"lazy\" decoding=\"async\" width=\"720\" height=\"540\" src=\"https:\/\/corn-machines.com\/wp-content\/uploads\/2026\/04\/PLC-control-system-of-hay-round-baling-machine.webp\" alt=\"Sistema de controlo PLC da m\u00e1quina de empacotar feno de fardo redondo\" class=\"wp-image-1534 size-full\" srcset=\"https:\/\/corn-machines.com\/wp-content\/uploads\/2026\/04\/PLC-control-system-of-hay-round-baling-machine.webp 720w, https:\/\/corn-machines.com\/wp-content\/uploads\/2026\/04\/PLC-control-system-of-hay-round-baling-machine-300x225.webp 300w, https:\/\/corn-machines.com\/wp-content\/uploads\/2026\/04\/PLC-control-system-of-hay-round-baling-machine-16x12.webp 16w\" sizes=\"auto, (max-width: 720px) 100vw, 720px\" \/><\/figure><\/div>    <div class=\"wp-block-media-text is-stacked-on-mobile\"><figure class=\"wp-block-media-text__media\"><img loading=\"lazy\" decoding=\"async\" width=\"720\" height=\"540\" src=\"https:\/\/corn-machines.com\/wp-content\/uploads\/2026\/04\/corn-silage-baling-machine.webp\" alt=\"m\u00e1quina de ensilar milho\" class=\"wp-image-1543 size-full\" srcset=\"https:\/\/corn-machines.com\/wp-content\/uploads\/2026\/04\/corn-silage-baling-machine.webp 720w, https:\/\/corn-machines.com\/wp-content\/uploads\/2026\/04\/corn-silage-baling-machine-300x225.webp 300w, https:\/\/corn-machines.com\/wp-content\/uploads\/2026\/04\/corn-silage-baling-machine-16x12.webp 16w\" sizes=\"auto, (max-width: 720px) 100vw, 720px\" \/><\/figure><div class=\"wp-block-media-text__content\"> <p class=\"translation-block\">2. A nossa m\u00e1quina de empacotar feno est\u00e1 equipada com um <strong>transportador de correia de 2,5 metros<\/strong> estendido e possui uma fun\u00e7\u00e3o adicional de recupera\u00e7\u00e3o de material, resolvendo eficazmente os problemas de fuga de material frequentemente encontrados em equipamentos tradicionais. <\/p> <\/div><\/div>    <div class=\"wp-block-media-text has-media-on-the-right is-stacked-on-mobile\"><div class=\"wp-block-media-text__content\"> <p class=\"translation-block\">3. A m\u00e1quina de ensilar e envolver 9TDB-60-2 apresenta uma <strong>estrutura de quadro de envolvimento de filme duplo<\/strong>, representando uma atualiza\u00e7\u00e3o significativa em rela\u00e7\u00e3o aos sistemas de filme \u00fanico:<\/p>    <ul class=\"wp-block-list\"> <li>Maior efici\u00eancia de envolvimento<\/li>    <li>Desempenho de veda\u00e7\u00e3o superior<\/li>    <li>Utiliza\u00e7\u00e3o de filme mais econ\u00f3mica<\/li> <\/ul> <\/div><figure class=\"wp-block-media-text__media\"><img loading=\"lazy\" decoding=\"async\" width=\"720\" height=\"540\" src=\"https:\/\/corn-machines.com\/wp-content\/uploads\/2026\/04\/dual-film-system-of-corn-sialge-baling-machine.webp\" alt=\"Sistema de filme duplo da ensiladeira de milho\" class=\"wp-image-1536 size-full\" srcset=\"https:\/\/corn-machines.com\/wp-content\/uploads\/2026\/04\/dual-film-system-of-corn-sialge-baling-machine.webp 720w, https:\/\/corn-machines.com\/wp-content\/uploads\/2026\/04\/dual-film-system-of-corn-sialge-baling-machine-300x225.webp 300w, https:\/\/corn-machines.com\/wp-content\/uploads\/2026\/04\/dual-film-system-of-corn-sialge-baling-machine-16x12.webp 16w\" sizes=\"auto, (max-width: 720px) 100vw, 720px\" \/><\/figure><\/div>    <div class=\"wp-block-media-text is-stacked-on-mobile\"><figure class=\"wp-block-media-text__media\"><img loading=\"lazy\" decoding=\"async\" width=\"720\" height=\"540\" src=\"https:\/\/corn-machines.com\/wp-content\/uploads\/2026\/04\/detailed-of-hay-baling-machine.webp\" alt=\"Detalhes da m\u00e1quina de empacotar feno\" class=\"wp-image-1537 size-full\" srcset=\"https:\/\/corn-machines.com\/wp-content\/uploads\/2026\/04\/detailed-of-hay-baling-machine.webp 720w, https:\/\/corn-machines.com\/wp-content\/uploads\/2026\/04\/detailed-of-hay-baling-machine-300x225.webp 300w, https:\/\/corn-machines.com\/wp-content\/uploads\/2026\/04\/detailed-of-hay-baling-machine-16x12.webp 16w\" sizes=\"auto, (max-width: 720px) 100vw, 720px\" \/><\/figure><div class=\"wp-block-media-text__content\"> <p>4. Os componentes cr\u00edticos utilizam uma combina\u00e7\u00e3o de rolamentos de alta qualidade internacionais e nacionais:<\/p>    <ul class=\"wp-block-list\"> <li><strong>Rolamentos su\u00ed\u00e7os 6207<\/strong><\/li>    <li><strong>Rolamentos Harbin 6206<\/strong><\/li> <\/ul>    <p>Vantagens:<\/p>    <ul class=\"wp-block-list\"> <li>Alta capacidade de carga<\/li>    <li>Resistente ao desgaste durante opera\u00e7\u00e3o prolongada<\/li>    <li>Reduz custos de manuten\u00e7\u00e3o a longo prazo<\/li> <\/ul> <\/div><\/div>    <div class=\"wp-block-media-text has-media-on-the-right is-stacked-on-mobile\"><div class=\"wp-block-media-text__content\"> <p class=\"translation-block\">5. A nossa m\u00e1quina de empacotar feno est\u00e1 equipada com um <strong>sistema de compressor de ar de 3kw   90L<\/strong>, oferecendo suporte pneum\u00e1tico suficiente para opera\u00e7\u00f5es cr\u00edticas.<\/p>    <ul class=\"wp-block-list\"> <li>Resposta mais r\u00e1pida do sistema pneum\u00e1tico<\/li>    <li>Execu\u00e7\u00e3o de movimentos mais est\u00e1vel<\/li>    <li>Menor susceptibilidade \u00e0 queda de press\u00e3o durante opera\u00e7\u00e3o prolongada<\/li> <\/ul> <\/div><figure class=\"wp-block-media-text__media\"><img loading=\"lazy\" decoding=\"async\" width=\"720\" height=\"540\" src=\"https:\/\/corn-machines.com\/wp-content\/uploads\/2026\/04\/air-compressor-system-of-corn-sialge-baler.webp\" alt=\"Sistema de compressor de ar da ensiladeira de milho\" class=\"wp-image-1538 size-full\" srcset=\"https:\/\/corn-machines.com\/wp-content\/uploads\/2026\/04\/air-compressor-system-of-corn-sialge-baler.webp 720w, https:\/\/corn-machines.com\/wp-content\/uploads\/2026\/04\/air-compressor-system-of-corn-sialge-baler-300x225.webp 300w, https:\/\/corn-machines.com\/wp-content\/uploads\/2026\/04\/air-compressor-system-of-corn-sialge-baler-16x12.webp 16w\" sizes=\"auto, (max-width: 720px) 100vw, 720px\" \/><\/figure><\/div>    <h2 class=\"wp-block-heading\"><strong>Par\u00e2metros tecnol\u00f3gicos principais do empacotador de silagem<\/strong><\/h2>    <p>A seguir, as especifica\u00e7\u00f5es detalhadas desta m\u00e1quina de silagem e envolvimento, para sua refer\u00eancia:<\/p>    <figure class=\"wp-block-table\"><table class=\"has-fixed-layout\"><thead><tr><th>Item<\/th><th>Especifica\u00e7\u00e3o<\/th><\/tr><\/thead><tbody><tr><td>Modelo<\/td><td>9YDB-60-2<\/td><\/tr><tr><td>Tamanho do fardo<\/td><td>\u03a6550 \u00d7 550mm<\/td><\/tr><tr><td>Peso do fardo<\/td><td>80\u2013120kg<\/td><\/tr><tr><td>Capacidade de produ\u00e7\u00e3o<\/td><td>60\u201385 fardos\/h<\/td><\/tr><tr><td>Requisito de pot\u00eancia<\/td><td>7,5 kW<\/td><\/tr><tr><td>Filme de amarra\u00e7\u00e3o<\/td><td>Filme transparente<\/td><\/tr><tr><td>Material de envolvimento<\/td><td>Filme de silagem (1800m \u00d7 250mm \u00d7 25\u03bcm)<\/td><\/tr><tr><td>Tamanho do filme interior<\/td><td>600mm<\/td><\/tr><tr><td>Sistema de controlo<\/td><td>PLC inteligente totalmente autom\u00e1tico<\/td><\/tr><tr><td>Sistema de transporte<\/td><td>Transportador de correia de 2,5 m estendido<\/td><\/tr><tr><td>M\u00e9todo de envolvimento<\/td><td>Envolvimento de filme duplo<\/td><\/tr><tr><td>Dimens\u00f5es da m\u00e1quina<\/td><td>7,4 \u00d7 1,8 \u00d7 2,45m<\/td><\/tr><\/tbody><\/table><figcaption class=\"wp-element-caption\">Especifica\u00e7\u00f5es da m\u00e1quina de empacotar feno<\/figcaption><\/figure>    <h2 class=\"wp-block-heading\"><strong>Estrutura da m\u00e1quina de ensilar 9YDB-60-2<\/strong><\/h2>    <p>Caracter\u00edsticas da empacotadora de feno Taizy, com um design estrutural integrado de alta resist\u00eancia, incluindo componentes principais como:<\/p>    <ul class=\"wp-block-list\"> <li>Controlo inteligente PLC<\/li>    <li>Alimenta\u00e7\u00e3o de filme por duplo rolo<\/li>    <li>Envolvimento de filme duplo<\/li>    <li>Transportador de correia estendido de 2,5m<\/li>    <li>Amarra\u00e7\u00e3o de correia<\/li>    <li>Transportador de corrente<\/li>    <li>Rod\u00edzios m\u00f3veis<\/li>    <li>Sistema de compressor de ar<\/li> <\/ul>    <figure class=\"wp-block-gallery has-nested-images columns-default is-cropped wp-block-gallery-3 is-layout-flex wp-block-gallery-is-layout-flex\"> <figure class=\"wp-block-image size-large\"><img loading=\"lazy\" decoding=\"async\" width=\"720\" height=\"540\" data-id=\"1539\" src=\"https:\/\/corn-machines.com\/wp-content\/uploads\/2026\/04\/structure-of-hay-baling-machine.webp\" alt=\"Estrutura da m\u00e1quina de empacotar feno\" class=\"wp-image-1539\" srcset=\"https:\/\/corn-machines.com\/wp-content\/uploads\/2026\/04\/structure-of-hay-baling-machine.webp 720w, https:\/\/corn-machines.com\/wp-content\/uploads\/2026\/04\/structure-of-hay-baling-machine-300x225.webp 300w, https:\/\/corn-machines.com\/wp-content\/uploads\/2026\/04\/structure-of-hay-baling-machine-16x12.webp 16w\" sizes=\"auto, (max-width: 720px) 100vw, 720px\" \/><figcaption class=\"wp-element-caption\">Estrutura da m\u00e1quina de empacotar feno<\/figcaption><\/figure>    <figure class=\"wp-block-image size-large\"><img loading=\"lazy\" decoding=\"async\" width=\"720\" height=\"540\" data-id=\"1544\" src=\"https:\/\/corn-machines.com\/wp-content\/uploads\/2026\/04\/silage-baler-and-wrapper.webp\" alt=\"m\u00e1quina de ensilagem e envolvimento\" class=\"wp-image-1544\" srcset=\"https:\/\/corn-machines.com\/wp-content\/uploads\/2026\/04\/silage-baler-and-wrapper.webp 720w, https:\/\/corn-machines.com\/wp-content\/uploads\/2026\/04\/silage-baler-and-wrapper-300x225.webp 300w, https:\/\/corn-machines.com\/wp-content\/uploads\/2026\/04\/silage-baler-and-wrapper-16x12.webp 16w\" sizes=\"auto, (max-width: 720px) 100vw, 720px\" \/><figcaption class=\"wp-element-caption\">m\u00e1quina de ensilagem e envolvimento<\/figcaption><\/figure> <\/figure>    <h2 class=\"wp-block-heading\"><strong>Materiais aplic\u00e1veis \u00e0 m\u00e1quina de empacotar feno<\/strong><\/h2>    <p>Esta ensiladeira de milho \u00e9 adequada para uma grande variedade de materiais secos e h\u00famidos, como palha de trigo, feno, talos de milho, relva de pastagem, palha de arroz, alfafa, vinhas de amendoim e outros. \u00c9 uma escolha inteligente para f\u00e1bricas de ra\u00e7\u00e3o e explora\u00e7\u00f5es agr\u00edcolas.<\/p>    <figure class=\"wp-block-gallery has-nested-images columns-default is-cropped wp-block-gallery-4 is-layout-flex wp-block-gallery-is-layout-flex\"> <figure class=\"wp-block-image size-large\"><img loading=\"lazy\" decoding=\"async\" width=\"540\" height=\"720\" data-id=\"1547\" src=\"https:\/\/corn-machines.com\/wp-content\/uploads\/2026\/04\/application-of-claas-silage-baler.webp\" alt=\"Aplica\u00e7\u00e3o da ensiladeira Claas\" class=\"wp-image-1547\" srcset=\"https:\/\/corn-machines.com\/wp-content\/uploads\/2026\/04\/application-of-claas-silage-baler.webp 540w, https:\/\/corn-machines.com\/wp-content\/uploads\/2026\/04\/application-of-claas-silage-baler-225x300.webp 225w, https:\/\/corn-machines.com\/wp-content\/uploads\/2026\/04\/application-of-claas-silage-baler-9x12.webp 9w\" sizes=\"auto, (max-width: 540px) 100vw, 540px\" \/><figcaption class=\"wp-element-caption\">Aplica\u00e7\u00e3o da ensiladeira Claas<\/figcaption><\/figure>    <figure class=\"wp-block-image size-large\"><img loading=\"lazy\" decoding=\"async\" width=\"540\" height=\"720\" data-id=\"1546\" src=\"https:\/\/corn-machines.com\/wp-content\/uploads\/2026\/04\/finished-bales-of-silage-baler.webp\" alt=\"Fardos acabados de silagem\" class=\"wp-image-1546\" srcset=\"https:\/\/corn-machines.com\/wp-content\/uploads\/2026\/04\/finished-bales-of-silage-baler.webp 540w, https:\/\/corn-machines.com\/wp-content\/uploads\/2026\/04\/finished-bales-of-silage-baler-225x300.webp 225w, https:\/\/corn-machines.com\/wp-content\/uploads\/2026\/04\/finished-bales-of-silage-baler-9x12.webp 9w\" sizes=\"auto, (max-width: 540px) 100vw, 540px\" \/><figcaption class=\"wp-element-caption\">Fardos acabados de silagem<\/figcaption><\/figure> <\/figure>    <h2 class=\"wp-block-heading\"><strong>Quais fatores influenciam o pre\u00e7o do ensilador?<\/strong><\/h2>    <p>Ao adquirir uma m\u00e1quina de empacotar feno, a principal preocupa\u00e7\u00e3o de muitos clientes \u00e9 o pre\u00e7o. No entanto, o pre\u00e7o n\u00e3o \u00e9 fixo; \u00e9 influenciado por v\u00e1rios fatores.<\/p>    <figure class=\"wp-block-table\"><table class=\"has-fixed-layout\"><thead><tr><th>Fator<\/th><th>Descri\u00e7\u00e3o<\/th><\/tr><\/thead><tbody><tr><td>Estrutura de envolvimento<\/td><td>O design de filme \u00fanico versus filme duplo afeta significativamente <br>custo<\/td><\/tr><tr><td>Comprimento da correia transportadora<\/td><td>O sistema de correia estendida aumenta o desempenho geral <br>Custo de fabrica\u00e7\u00e3o<\/td><\/tr><tr><td>Configura\u00e7\u00e3o do compressor de ar<\/td><td>O compressor de alta capacidade de 90L fornece mais <br>Desempenho est\u00e1vel<\/td><\/tr><tr><td>Sistema de pot\u00eancia<\/td><td>O custo varia dependendo do motor el\u00e9trico ou diesel <br>Op\u00e7\u00f5es de motor<\/td><\/tr><tr><td>N\u00edvel de automa\u00e7\u00e3o<\/td><td>Sistema de controlo com ecr\u00e3 t\u00e1til PLC afeta o desempenho geral <br>Pre\u00e7o<\/td><\/tr><tr><td>Padr\u00e3o de voltagem de exporta\u00e7\u00e3o<\/td><td>Diferentes pa\u00edses requerem diferentes voltagens <br>Configura\u00e7\u00f5es<\/td><\/tr><\/tbody><\/table><figcaption class=\"wp-element-caption\">Fatores que influenciam o pre\u00e7o da m\u00e1quina de empacotar feno<\/figcaption><\/figure>    <h2 class=\"wp-block-heading\"><strong>Perguntas frequentes sobre m\u00e1quina de ensilar e envolver silagem<\/strong><\/h2>   <div id=\"rank-math-faq\" class=\"rank-math-block\"> <div class=\"rank-math-list\"> <div id=\"faq-question-1775799493225\" class=\"rank-math-list-item\"> <h3 class=\"rank-math-question\">Para que serve uma m\u00e1quina de envolver ensilagem?<\/h3> <div class=\"rank-math-answer\">  <p>A m\u00e1quina de empacotar feno \u00e9 usada para comprimir e envolver materiais de forragem, como talos de milho, relva, alfafa e palha, em fardos redondos densos para fermenta\u00e7\u00e3o e armazenamento a longo prazo. Melhora a preserva\u00e7\u00e3o do alimento e reduz o desperd\u00edcio.<\/p>  <\/div> <\/div> <div id=\"faq-question-1775799600156\" class=\"rank-math-list-item\"> <h3 class=\"rank-math-question\">Para que materiais serve a m\u00e1quina de empacotar 9YDB-60-2?<\/h3> <div class=\"rank-math-answer\">  <p>Esta m\u00e1quina \u00e9 adequada para uma vasta gama de materiais agr\u00edcolas, incluindo talos de milho, relva de pastagem, alfafa, palha de trigo, palha de arroz, vinhas de amendoim e outros materiais de silagem picados utilizados na alimenta\u00e7\u00e3o de gado.<\/p>  <\/div> <\/div> <div id=\"faq-question-1775799621872\" class=\"rank-math-list-item\"> <h3 class=\"rank-math-question\">Qual \u00e9 a capacidade de produ\u00e7\u00e3o desta m\u00e1quina de envolver silagem?<\/h3> <div class=\"rank-math-answer\">  <p>O modelo 9YDB-60-2 tem uma capacidade de 60\u201385 fardos por hora, sendo adequado para explora\u00e7\u00f5es m\u00e9dias a grandes e f\u00e1bricas comerciais de silagem.<\/p>  <\/div> <\/div> <div id=\"faq-question-1775799662892\" class=\"rank-math-list-item\"> <h3 class=\"rank-math-question\">Por quanto tempo podem ser armazenados os fardos de silagem ap\u00f3s o envolvimento?<\/h3> <div class=\"rank-math-answer\">  <p>Fardos de silagem devidamente envolvidos podem ser armazenados normalmente por 6 a 24 meses, dependendo da qualidade do vedamento, integridade do filme e condi\u00e7\u00f5es de armazenamento.<\/p>  <\/div> <\/div> <div id=\"faq-question-1775799813889\" class=\"rank-math-list-item\"> <h3 class=\"rank-math-question\">Como o sistema de envolvimento de filme duplo melhora o desempenho?<\/h3> <div class=\"rank-math-answer\">  <p>O sistema de envolvimento de filme duplo garante alta efici\u00eancia e forte desempenho de veda\u00e7\u00e3o.<\/p>  <\/div> <\/div> <div id=\"faq-question-1775799891108\" class=\"rank-math-list-item\"> <h3 class=\"rank-math-question\">Pode ser usada em conjunto com um picador de forragem?<\/h3> <div class=\"rank-math-answer\">  <p class=\"translation-block\">Sim, isso \u00e9 poss\u00edvel. Tamb\u00e9m oferecemos<a href=\"https:\/\/corn-machines.com\/pt\/product\/chaff-cutter-machine\/\"> m\u00e1quina de cortar palha<\/a> projetada para trabalhar em conjunto com ela, o que resultar\u00e1 em uma efici\u00eancia ainda maior.<\/p>  <\/div> <\/div> <\/div> <\/div>   <h2 class=\"wp-block-heading\"><strong>Obtenha uma cota\u00e7\u00e3o gratuita agora!<\/strong><\/h2>    <p>Se procura uma m\u00e1quina de ensilar milho altamente eficiente, automatizada, para empacotar e envolver, a m\u00e1quina de empacotamento de feno 9YDB-60-2 \u00e9 uma excelente escolha. Sinta-se \u00e0 vontade para nos contactar a qualquer momento; estamos dedicados a ajud\u00e1-lo a alcan\u00e7ar uma maior efici\u00eancia de produ\u00e7\u00e3o a um custo mais baixo!<\/p>","protected":false},"excerpt":{"rendered":"<p>The automatic hay baling machine can efficiently process chopped forage, corn stalks, alfalfa, rice straw, and wheat straw into \u03a6550 \u00d7 550 mm high-density round bales. It integrates automatic baling and film wrapping, helping improve silage preservation, reduce storage space, and lower transportation costs. Our 9YDB-60-2 silage baling machine maintains a stable production efficiency of [&hellip;]<\/p>\n","protected":false},"author":1,"featured_media":1545,"parent":0,"template":"","tags":[81,82],"product-type":[86],"class_list":["post-1533","product","type-product","status-publish","has-post-thumbnail","hentry","tag-corn-silage","tag-silage","product-type-corn-silage-processing-machine"],"_links":{"self":[{"href":"https:\/\/corn-machines.com\/pt\/wp-json\/wp\/v2\/product\/1533","targetHints":{"allow":["GET"]}}],"collection":[{"href":"https:\/\/corn-machines.com\/pt\/wp-json\/wp\/v2\/product"}],"about":[{"href":"https:\/\/corn-machines.com\/pt\/wp-json\/wp\/v2\/types\/product"}],"author":[{"embeddable":true,"href":"https:\/\/corn-machines.com\/pt\/wp-json\/wp\/v2\/users\/1"}],"wp:featuredmedia":[{"embeddable":true,"href":"https:\/\/corn-machines.com\/pt\/wp-json\/wp\/v2\/media\/1545"}],"wp:attachment":[{"href":"https:\/\/corn-machines.com\/pt\/wp-json\/wp\/v2\/media?parent=1533"}],"wp:term":[{"taxonomy":"post_tag","embeddable":true,"href":"https:\/\/corn-machines.com\/pt\/wp-json\/wp\/v2\/tags?post=1533"},{"taxonomy":"product-type","embeddable":true,"href":"https:\/\/corn-machines.com\/pt\/wp-json\/wp\/v2\/product-type?post=1533"}],"curies":[{"name":"wp","href":"https:\/\/api.w.org\/{rel}","templated":true}]}}