{"id":1439,"date":"2026-01-05T14:04:55","date_gmt":"2026-01-05T06:04:55","guid":{"rendered":"https:\/\/corn-machines.com\/?post_type=product&#038;p=1439"},"modified":"2026-01-14T17:27:30","modified_gmt":"2026-01-14T09:27:30","slug":"corn-silage-harvesting-machine","status":"publish","type":"product","link":"https:\/\/corn-machines.com\/pt\/product\/corn-silage-harvesting-machine\/","title":{"rendered":"M\u00e1quina de colheita de silagem de milho"},"content":{"rendered":"<p class=\"translation-block\">Taizy <strong>m\u00e1quina de colheita de ensilagem de milho<\/strong> foi projetada para triturar e coletar caules de milho, caules de sorgo, forragem e v\u00e1rios materiais de silagem secos e h\u00famidos em peda\u00e7os menores que 80mm. Portanto, tamb\u00e9m \u00e9 chamada de m\u00e1quina de tritura\u00e7\u00e3o e reciclagem de palha.<\/p>    <p>A colheitadeira de forragem requer um trator com pot\u00eancia de \u226570HP. Possui larguras de trabalho de 1,3m, 1,5m, 1,65m, 1,8m e 2,0m, com uma taxa de reciclagem de \u226580%. A altura do colmo varia de 8 a 15cm, e a efici\u00eancia de trabalho \u00e9 de 0,25-0,72 hectares por hora.<\/p>    <figure class=\"wp-block-embed is-type-video is-provider-youtube wp-block-embed-youtube wp-embed-aspect-16-9 wp-has-aspect-ratio\"><div class=\"wp-block-embed__wrapper\"> <iframe loading=\"lazy\" title=\"M\u00e1quina de colheita de caules de milho \u2014 uma ferramenta altamente eficiente para triturar e coletar palha de gr\u00e3o\" width=\"500\" height=\"281\" src=\"https:\/\/www.youtube.com\/embed\/FsfkVTQVnME?feature=oembed\" frameborder=\"0\" allow=\"accelerometer; autoplay; clipboard-write; encrypted-media; gyroscope; picture-in-picture; web-share\" referrerpolicy=\"strict-origin-when-cross-origin\" allowfullscreen><\/iframe> <\/div><figcaption class=\"wp-element-caption\">v\u00eddeo de trabalho da m\u00e1quina de tritura\u00e7\u00e3o e coleta de silagem de milho<\/figcaption><\/figure>    <h2 class=\"wp-block-heading\"><strong>Destaques da colheitadeira de forragem<\/strong><\/h2>    <ul class=\"wp-block-list\"> <li>Nossa m\u00e1quina de colheita de silagem \u00e9<strong> movida pelo trator<\/strong>, eliminando a necessidade de um sistema de energia adicional, tornando-a adequada para v\u00e1rios ambientes agr\u00edcolas e oferecendo opera\u00e7\u00e3o flex\u00edvel.<\/li>    <li>A m\u00e1quina de colheita de silagem Taizy integra <strong>tritura\u00e7\u00e3o e coleta de palha<\/strong>, coletando diretamente a silagem triturada na cesta de coleta, melhorando a efici\u00eancia da opera\u00e7\u00e3o no campo.<\/li>    <li>Nossa colheitadeira de silagem pode operar continuamente com alta efici\u00eancia (<strong>0,25-0,72 hectares\/h<\/strong>), tornando-a adequada para uso a longo prazo em grandes fazendas.<\/li>    <li>Oferecemos <strong>v\u00e1rios modelos de colheitadeiras de forragem<\/strong>, permitindo aos usu\u00e1rios escolher o modelo adequado com base no tamanho do campo e na efici\u00eancia operacional desejada para melhorar os benef\u00edcios operacionais gerais.<\/li>    <li>A m\u00e1quina de tritura\u00e7\u00e3o e reciclagem de palha Taizy pode ser equipada com uma <strong>componente de segunda tritura\u00e7\u00e3o<\/strong> para alcan\u00e7ar uma tritura\u00e7\u00e3o mais fina da palha, facilitando a reciclagem e utiliza\u00e7\u00e3o subsequente da palha.<\/li> <\/ul>    <figure class=\"wp-block-gallery has-nested-images columns-default is-cropped wp-block-gallery-2 is-layout-flex wp-block-gallery-is-layout-flex\"> <figure class=\"wp-block-image size-large\"><img loading=\"lazy\" decoding=\"async\" width=\"540\" height=\"720\" data-id=\"1440\" src=\"https:\/\/corn-machines.com\/wp-content\/uploads\/2026\/01\/corn-stalk-harvesting-machine.webp\" alt=\"m\u00e1quina de colheita de caules de milho\" class=\"wp-image-1440\" srcset=\"https:\/\/corn-machines.com\/wp-content\/uploads\/2026\/01\/corn-stalk-harvesting-machine.webp 540w, https:\/\/corn-machines.com\/wp-content\/uploads\/2026\/01\/corn-stalk-harvesting-machine-225x300.webp 225w, https:\/\/corn-machines.com\/wp-content\/uploads\/2026\/01\/corn-stalk-harvesting-machine-9x12.webp 9w\" sizes=\"auto, (max-width: 540px) 100vw, 540px\" \/><figcaption class=\"wp-element-caption\">m\u00e1quina de colheita de caules de milho<\/figcaption><\/figure>    <figure class=\"wp-block-image size-large\"><img loading=\"lazy\" decoding=\"async\" width=\"540\" height=\"720\" data-id=\"1441\" src=\"https:\/\/corn-machines.com\/wp-content\/uploads\/2026\/01\/forage-harvester.webp\" alt=\"colheitadeira de forragem\" class=\"wp-image-1441\" srcset=\"https:\/\/corn-machines.com\/wp-content\/uploads\/2026\/01\/forage-harvester.webp 540w, https:\/\/corn-machines.com\/wp-content\/uploads\/2026\/01\/forage-harvester-225x300.webp 225w, https:\/\/corn-machines.com\/wp-content\/uploads\/2026\/01\/forage-harvester-9x12.webp 9w\" sizes=\"auto, (max-width: 540px) 100vw, 540px\" \/><figcaption class=\"wp-element-caption\">colheitadeira de forragem<\/figcaption><\/figure> <\/figure>    <h2 class=\"wp-block-heading\"><strong>Estrutura da colheitadeira de forragem<\/strong><\/h2>    <p>A m\u00e1quina de colheita de silagem de milho Taizy apresenta uma estrutura bem projetada, composta principalmente por c\u00e2mara de tritura\u00e7\u00e3o, dispositivo de coleta de palha triturada, dispositivo hidr\u00e1ulico de descarregamento autom\u00e1tico, sistema hidr\u00e1ulico e sistema de acionamento por PTO.<\/p>   <div class=\"wp-block-image\"> <figure class=\"aligncenter size-full\"><img loading=\"lazy\" decoding=\"async\" width=\"720\" height=\"540\" src=\"https:\/\/corn-machines.com\/wp-content\/uploads\/2026\/01\/structure-of-straw-harvester-machine.webp\" alt=\"estrutura da m\u00e1quina de colheita de palha\" class=\"wp-image-1442\" srcset=\"https:\/\/corn-machines.com\/wp-content\/uploads\/2026\/01\/structure-of-straw-harvester-machine.webp 720w, https:\/\/corn-machines.com\/wp-content\/uploads\/2026\/01\/structure-of-straw-harvester-machine-300x225.webp 300w, https:\/\/corn-machines.com\/wp-content\/uploads\/2026\/01\/structure-of-straw-harvester-machine-16x12.webp 16w\" sizes=\"auto, (max-width: 720px) 100vw, 720px\" \/><figcaption class=\"wp-element-caption\">estrutura da m\u00e1quina de colheita de palha<\/figcaption><\/figure> <\/div>   <h2 class=\"wp-block-heading\"><strong>Princ\u00edpio de funcionamento da m\u00e1quina de colheita de forragem<\/strong><\/h2>    <p>A m\u00e1quina de colheita de silagem de milho utiliza a pot\u00eancia de sa\u00edda do eixo de pot\u00eancia do trator e transmite a pot\u00eancia para a m\u00e1quina de reciclagem atrav\u00e9s da junta universal. A m\u00e1quina de reciclagem utiliza mudan\u00e7a de engrenagem e transmiss\u00e3o por correia em V para fazer o eixo girar em alta velocidade e cortar a palha.<\/p>    <h2 class=\"wp-block-heading\"><strong>Aplica\u00e7\u00e3o da m\u00e1quina de colheita de silagem de milho<\/strong><\/h2>    <p>Nossa m\u00e1quina de colheita de forragem \u00e9 adequada para colher e coletar a palha de v\u00e1rias culturas, incluindo arroz, milho, sorgo, soja, algod\u00e3o, colza, e silagem seca e h\u00famida. Pode atender \u00e0s necessidades de reciclagem de palha de diferentes regi\u00f5es e tipos de culturas.<\/p>   <div class=\"wp-block-image\"> <figure class=\"aligncenter size-full\"><img loading=\"lazy\" decoding=\"async\" width=\"720\" height=\"540\" src=\"https:\/\/corn-machines.com\/wp-content\/uploads\/2026\/01\/application-of-corn-sialge-harvester.webp\" alt=\"Aplica\u00e7\u00e3o da colheitadeira de milho\" class=\"wp-image-1443\" srcset=\"https:\/\/corn-machines.com\/wp-content\/uploads\/2026\/01\/application-of-corn-sialge-harvester.webp 720w, https:\/\/corn-machines.com\/wp-content\/uploads\/2026\/01\/application-of-corn-sialge-harvester-300x225.webp 300w, https:\/\/corn-machines.com\/wp-content\/uploads\/2026\/01\/application-of-corn-sialge-harvester-16x12.webp 16w\" sizes=\"auto, (max-width: 720px) 100vw, 720px\" \/><figcaption class=\"wp-element-caption\">Aplica\u00e7\u00e3o da colheitadeira de milho<\/figcaption><\/figure> <\/div>   <h2 class=\"wp-block-heading\"><strong>Par\u00e2metros t\u00e9cnicos da colheitadeira de silagem de milho<\/strong><\/h2>    <p>A tabela abaixo lista os principais par\u00e2metros t\u00e9cnicos da colheitadeira de silagem de milho, para refer\u00eancia dos usu\u00e1rios antes da sele\u00e7\u00e3o e uso.<\/p>    <figure class=\"wp-block-table\"><table><tbody><tr><td>Modelo<\/td><td>4JQH-135<\/td><td>4JQH-150<\/td><td>4JQH-165<\/td><td>4JQH-180<\/td><td>4JQH-200<\/td><\/tr><tr><td>Trator<\/td><td>\u226570HP<\/td><td>\u226575HP<\/td><td>\u226590HP<\/td><td>\u2265100HP<\/td><td>\u2265110HP<\/td><\/tr><tr><td>Dimens\u00e3o<\/td><td>1500*1810*3350mm<\/td><td>1480*1980*3500mm<\/td><td>1480*2130*3500mm<\/td><td>1480*2280*3500mm<\/td><td>1680*2460*3350mm<\/td><\/tr><tr><td>Peso<\/td><td>640kg<\/td><td>700kg<\/td><td>790kg<\/td><td>980kg<\/td><td>1000kg<\/td><\/tr><tr><td>Largura de colheita<\/td><td>1,3m<\/td><td>1,5m<\/td><td>1,65m<\/td><td>1,8m<\/td><td>2,0m<\/td><\/tr><tr><td>Taxa de reciclagem<\/td><td>\u226580%<\/td><td>\u226580%<\/td><td>\u226580%<\/td><td>\u226580%<\/td><td>\u226580%<\/td><\/tr><tr><td>Dist\u00e2ncia de lan\u00e7amento<\/td><td>3-5m<\/td><td>3-5m<\/td><td>3-5m<\/td><td>3-5m<\/td><td>3-5m<\/td><\/tr><tr><td>Altura do lan\u00e7amento<\/td><td>\u22652m<\/td><td>\u22652m<\/td><td>\u22652m<\/td><td>\u22652m<\/td><td>\u22652m<\/td><\/tr><tr><td>Comprimento da palha triturada<\/td><td>&lt;8cm<\/td><td>&lt;8cm<\/td><td>&lt;8cm<\/td><td>&lt;8cm<\/td><td>&lt;8cm<\/td><\/tr><tr><td>Altura do colmo<\/td><td>8-15cm<\/td><td>8-15cm<\/td><td>8-15cm<\/td><td>8-15cm<\/td><td>8-15cm<\/td><\/tr><tr><td>L\u00e2mina rotativa<\/td><td>32<\/td><td>40<\/td><td>44<\/td><td>48<\/td><td>52<\/td><\/tr><tr><td>Velocidade do eixo de corte<\/td><td>2160r\/min<\/td><td>2160r\/min<\/td><td>2160r\/min<\/td><td>2160r\/min<\/td><td>2160r\/min<\/td><\/tr><tr><td>Velocidade de trabalho<\/td><td>2-4km\/h<\/td><td>3-4km\/h<\/td><td>3-4km\/h<\/td><td>3-4km\/h<\/td><td>3-4km\/h<\/td><\/tr><tr><td>Capacidade<\/td><td>0,25-0,48 hectares\/h<\/td><td>0,3-0,5 hectares\/h<\/td><td>0,32-0,55 hectares\/h<\/td><td>0,36-0,6 hectares\/h<\/td><td>0,36-0,72 hectares\/h<\/td><\/tr><\/tbody><\/table><figcaption class=\"wp-element-caption\">par\u00e2metros da m\u00e1quina de colheita de silagem<\/figcaption><\/figure>    <h2 class=\"wp-block-heading\"><strong>Op\u00e7\u00f5es personaliz\u00e1veis para colheitadeira de forragem<\/strong><\/h2>    <p class=\"translation-block\"><strong>1. Cesto de coleta<\/strong><\/p>    <p>Os clientes podem optar por equipar ou n\u00e3o o recipiente de coleta, de acordo com suas necessidades. Nossos recipientes de armazenamento t\u00eam capacidade de 3m\u00b3 e podem conter 1000 kg de material, podendo ser personalizados conforme requisitos do cliente.<\/p>    <figure class=\"wp-block-gallery has-nested-images columns-default is-cropped wp-block-gallery-3 is-layout-flex wp-block-gallery-is-layout-flex\"> <figure class=\"wp-block-image size-full\"><img loading=\"lazy\" decoding=\"async\" width=\"720\" height=\"540\" data-id=\"1446\" src=\"https:\/\/corn-machines.com\/wp-content\/uploads\/2026\/01\/07F9281960BEFF8C385DE324899E7E8F-tuya_\u7ed3\u679c.webp\" alt=\"colheitadeira de silagem sem cesta\" class=\"wp-image-1446\" srcset=\"https:\/\/corn-machines.com\/wp-content\/uploads\/2026\/01\/07F9281960BEFF8C385DE324899E7E8F-tuya_\u7ed3\u679c.webp 720w, https:\/\/corn-machines.com\/wp-content\/uploads\/2026\/01\/07F9281960BEFF8C385DE324899E7E8F-tuya_\u7ed3\u679c-300x225.webp 300w, https:\/\/corn-machines.com\/wp-content\/uploads\/2026\/01\/07F9281960BEFF8C385DE324899E7E8F-tuya_\u7ed3\u679c-16x12.webp 16w\" sizes=\"auto, (max-width: 720px) 100vw, 720px\" \/><figcaption class=\"wp-element-caption\">colheitadeira de silagem sem cesta<\/figcaption><\/figure>    <figure class=\"wp-block-image size-large\"><img loading=\"lazy\" decoding=\"async\" width=\"720\" height=\"540\" data-id=\"1445\" src=\"https:\/\/corn-machines.com\/wp-content\/uploads\/2026\/01\/corn-silage-cruhsing-and-collecting-machine.webp\" alt=\"colheitadeira de silagem de milho equipada com cesta\" class=\"wp-image-1445\" srcset=\"https:\/\/corn-machines.com\/wp-content\/uploads\/2026\/01\/corn-silage-cruhsing-and-collecting-machine.webp 720w, https:\/\/corn-machines.com\/wp-content\/uploads\/2026\/01\/corn-silage-cruhsing-and-collecting-machine-300x225.webp 300w, https:\/\/corn-machines.com\/wp-content\/uploads\/2026\/01\/corn-silage-cruhsing-and-collecting-machine-16x12.webp 16w\" sizes=\"auto, (max-width: 720px) 100vw, 720px\" \/><figcaption class=\"wp-element-caption\">colheitadeira de silagem de milho equipada com cesta<\/figcaption><\/figure> <\/figure>    <p class=\"translation-block\"><strong>2. Rodas grandes<\/strong><\/p>    <p>Normalmente, a m\u00e1quina de colheita de silagem de milho n\u00e3o possui rodas. No entanto, se desejar que a palha volte a crescer, podemos equipar a m\u00e1quina de silagem com pneus adequados para manter a altura de corte em um n\u00edvel apropriado.<\/p>    <figure class=\"wp-block-gallery has-nested-images columns-default is-cropped wp-block-gallery-4 is-layout-flex wp-block-gallery-is-layout-flex\"> <figure class=\"wp-block-image size-large\"><img loading=\"lazy\" decoding=\"async\" width=\"720\" height=\"540\" data-id=\"1447\" src=\"https:\/\/corn-machines.com\/wp-content\/uploads\/2026\/01\/forage-harvesting-machine-equiped-with-wheels.webp\" alt=\"m\u00e1quina de colheita de forragem equipada com rodas\" class=\"wp-image-1447\" srcset=\"https:\/\/corn-machines.com\/wp-content\/uploads\/2026\/01\/forage-harvesting-machine-equiped-with-wheels.webp 720w, https:\/\/corn-machines.com\/wp-content\/uploads\/2026\/01\/forage-harvesting-machine-equiped-with-wheels-300x225.webp 300w, https:\/\/corn-machines.com\/wp-content\/uploads\/2026\/01\/forage-harvesting-machine-equiped-with-wheels-16x12.webp 16w\" sizes=\"auto, (max-width: 720px) 100vw, 720px\" \/><figcaption class=\"wp-element-caption\">m\u00e1quina de colheita de forragem equipada com rodas<\/figcaption><\/figure>    <figure class=\"wp-block-image size-large\"><img loading=\"lazy\" decoding=\"async\" width=\"720\" height=\"540\" data-id=\"1448\" src=\"https:\/\/corn-machines.com\/wp-content\/uploads\/2026\/01\/wheels-of-corn-stalk-harvester-machine.webp\" alt=\"rodas da m\u00e1quina de colheita de caules de milho\" class=\"wp-image-1448\" srcset=\"https:\/\/corn-machines.com\/wp-content\/uploads\/2026\/01\/wheels-of-corn-stalk-harvester-machine.webp 720w, https:\/\/corn-machines.com\/wp-content\/uploads\/2026\/01\/wheels-of-corn-stalk-harvester-machine-300x225.webp 300w, https:\/\/corn-machines.com\/wp-content\/uploads\/2026\/01\/wheels-of-corn-stalk-harvester-machine-16x12.webp 16w\" sizes=\"auto, (max-width: 720px) 100vw, 720px\" \/><figcaption class=\"wp-element-caption\">rodas da m\u00e1quina de colheita de caules de milho<\/figcaption><\/figure> <\/figure>    <p class=\"translation-block\"><strong>Se\u00e7\u00e3o de segunda tritura\u00e7\u00e3o<\/strong><\/p>    <p>Tamb\u00e9m podemos adicionar um dispositivo de tritura\u00e7\u00e3o secund\u00e1ria de acordo com os requisitos do cliente. A fun\u00e7\u00e3o de tritura\u00e7\u00e3o secund\u00e1ria permite que a palha seja triturada em peda\u00e7os menores, facilitando sua reciclagem e utiliza\u00e7\u00e3o subsequente, como no processamento de ra\u00e7\u00e3o ou tratamento de biomassa.<\/p>   <div class=\"wp-block-image\"> <figure class=\"aligncenter size-full\"><img loading=\"lazy\" decoding=\"async\" width=\"720\" height=\"540\" src=\"https:\/\/corn-machines.com\/wp-content\/uploads\/2026\/01\/second-crusshing-part-of-silage-harvesting-machine.webp\" alt=\"segunda parte de tritura\u00e7\u00e3o da m\u00e1quina de colheita de silagem\" class=\"wp-image-1449\" srcset=\"https:\/\/corn-machines.com\/wp-content\/uploads\/2026\/01\/second-crusshing-part-of-silage-harvesting-machine.webp 720w, https:\/\/corn-machines.com\/wp-content\/uploads\/2026\/01\/second-crusshing-part-of-silage-harvesting-machine-300x225.webp 300w, https:\/\/corn-machines.com\/wp-content\/uploads\/2026\/01\/second-crusshing-part-of-silage-harvesting-machine-16x12.webp 16w\" sizes=\"auto, (max-width: 720px) 100vw, 720px\" \/><figcaption class=\"wp-element-caption\">segunda parte de tritura\u00e7\u00e3o da m\u00e1quina de colheita de silagem<\/figcaption><\/figure> <\/div>   <h2 class=\"wp-block-heading\"><strong>Pre\u00e7o da m\u00e1quina de colheita de caules de milho<\/strong><\/h2>    <p>O pre\u00e7o da m\u00e1quina de colheita de silagem de milho \u00e9 determinado por v\u00e1rios fatores, principalmente os seguintes:<\/p>    <ol class=\"wp-block-list\"> <li><strong>Efici\u00eancia de trabalho<\/strong>: Estruturas de tritura\u00e7\u00e3o de alta velocidade e sistemas de transmiss\u00e3o refor\u00e7ados configurados para opera\u00e7\u00e3o eficiente afetar\u00e3o o pre\u00e7o geral da m\u00e1quina.<\/li>    <li><strong>N\u00edvel de configura\u00e7\u00e3o<\/strong>: Diferentes configura\u00e7\u00f5es, como se inclui um dispositivo de descarregamento autom\u00e1tico hidr\u00e1ulico ou uma segunda tritura\u00e7\u00e3o, resultar\u00e3o em custos diferentes.<\/li>    <li><strong>Correspond\u00eancia de pot\u00eancia<\/strong>: Diferentes requisitos de pot\u00eancia do trator exercer\u00e3o diferentes demandas no sistema de transmiss\u00e3o e na estrutura geral.<\/li>    <li><strong>Requisitos de personaliza\u00e7\u00e3o<\/strong>: Configura\u00e7\u00f5es personalizadas com base em diferentes condi\u00e7\u00f5es de opera\u00e7\u00e3o afetar\u00e3o o pre\u00e7o final at\u00e9 certo ponto.<\/li> <\/ol>   <div class=\"wp-block-image\"> <figure class=\"aligncenter size-full\"><img loading=\"lazy\" decoding=\"async\" width=\"720\" height=\"540\" src=\"https:\/\/corn-machines.com\/wp-content\/uploads\/2026\/01\/corn-silage-harvesting-machine.webp\" alt=\"m\u00e1quina de colheita de silagem de milho\" class=\"wp-image-1450\" srcset=\"https:\/\/corn-machines.com\/wp-content\/uploads\/2026\/01\/corn-silage-harvesting-machine.webp 720w, https:\/\/corn-machines.com\/wp-content\/uploads\/2026\/01\/corn-silage-harvesting-machine-300x225.webp 300w, https:\/\/corn-machines.com\/wp-content\/uploads\/2026\/01\/corn-silage-harvesting-machine-16x12.webp 16w\" sizes=\"auto, (max-width: 720px) 100vw, 720px\" \/><figcaption class=\"wp-element-caption\">m\u00e1quina de colheita de silagem de milho<\/figcaption><\/figure> <\/div>   <h2 class=\"wp-block-heading\"><strong>Perguntas frequentes sobre a m\u00e1quina de tritura\u00e7\u00e3o e coleta de silagem<\/strong><\/h2>   <div id=\"rank-math-faq\" class=\"rank-math-block\"> <div class=\"rank-math-list\"> <div id=\"faq-question-1767581261527\" class=\"rank-math-list-item\"> <h3 class=\"rank-math-question\">Quais fun\u00e7\u00f5es a m\u00e1quina possui?<\/h3> <div class=\"rank-math-answer\">  <p>Fun\u00e7\u00e3o de tritura\u00e7\u00e3o e reciclagem de palha.<\/p>  <\/div> <\/div> <div id=\"faq-question-1767581303237\" class=\"rank-math-list-item\"> <h3 class=\"rank-math-question\">Posso comprar apenas a parte triturada?<\/h3> <div class=\"rank-math-answer\">  <p>Sim, e o pre\u00e7o tamb\u00e9m ser\u00e1 mais barato.<\/p>  <\/div> <\/div> <div id=\"faq-question-1767581453551\" class=\"rank-math-list-item\"> <h3 class=\"rank-math-question\">What is the typical lifting height of the machine&#8217;s hopper?<\/h3> <div class=\"rank-math-answer\">  <p>3,5 metros acima do solo.<\/p>  <\/div> <\/div> <div id=\"faq-question-1767581514164\" class=\"rank-math-list-item\"> <h3 class=\"rank-math-question\">Ela pode processar palha seca?<\/h3> <div class=\"rank-math-answer\">  <p>Sim, pode ser usada tanto para aplica\u00e7\u00f5es h\u00famidas quanto secas.<\/p>  <\/div> <\/div> <div id=\"faq-question-1767581556091\" class=\"rank-math-list-item\"> <h3 class=\"rank-math-question\">Qual \u00e9 a altura do restante do colmo ap\u00f3s a tritura\u00e7\u00e3o?<\/h3> <div class=\"rank-math-answer\">  <p>8-15 cm (ajust\u00e1vel conforme requisitos).<\/p>  <\/div> <\/div> <\/div> <\/div>   <h2 class=\"wp-block-heading\"><strong>Contacte-nos para solu\u00e7\u00f5es de processamento de silagem!<\/strong><\/h2>    <p class=\"translation-block\">Al\u00e9m da m\u00e1quina de colheita de silagem de milho, tamb\u00e9m oferecemos <a href=\"https:\/\/corn-machines.com\/pt\/product\/automatic-silage-baler-machine\/\">m\u00e1quina de fardos de silagem<\/a> de alta efici\u00eancia que pode ser usada em conjunto, permitindo opera\u00e7\u00f5es integradas de tritura\u00e7\u00e3o, coleta, enfardamento e embrulho de silagem. Se precisar, entre em contato conosco para solu\u00e7\u00f5es personalizadas de processamento de silagem.<\/p>","protected":false},"excerpt":{"rendered":"<p>Taizy corn silage harvesting machine is designed to crush and collect corn stalks, sorghum stalks, forage grass, and various dry and wet silage materials into pieces smaller than 80mm.  Its recycling rate is \u226580% and working efficiency is 0.25-0.72 hectares\/h.<\/p>","protected":false},"author":1,"featured_media":1451,"parent":0,"template":"","tags":[81,82],"product-type":[86],"class_list":["post-1439","product","type-product","status-publish","has-post-thumbnail","hentry","tag-corn-silage","tag-silage","product-type-corn-silage-processing-machine"],"_links":{"self":[{"href":"https:\/\/corn-machines.com\/pt\/wp-json\/wp\/v2\/product\/1439","targetHints":{"allow":["GET"]}}],"collection":[{"href":"https:\/\/corn-machines.com\/pt\/wp-json\/wp\/v2\/product"}],"about":[{"href":"https:\/\/corn-machines.com\/pt\/wp-json\/wp\/v2\/types\/product"}],"author":[{"embeddable":true,"href":"https:\/\/corn-machines.com\/pt\/wp-json\/wp\/v2\/users\/1"}],"wp:featuredmedia":[{"embeddable":true,"href":"https:\/\/corn-machines.com\/pt\/wp-json\/wp\/v2\/media\/1451"}],"wp:attachment":[{"href":"https:\/\/corn-machines.com\/pt\/wp-json\/wp\/v2\/media?parent=1439"}],"wp:term":[{"taxonomy":"post_tag","embeddable":true,"href":"https:\/\/corn-machines.com\/pt\/wp-json\/wp\/v2\/tags?post=1439"},{"taxonomy":"product-type","embeddable":true,"href":"https:\/\/corn-machines.com\/pt\/wp-json\/wp\/v2\/product-type?post=1439"}],"curies":[{"name":"wp","href":"https:\/\/api.w.org\/{rel}","templated":true}]}}