{"id":1378,"date":"2025-12-04T15:36:00","date_gmt":"2025-12-04T07:36:00","guid":{"rendered":"https:\/\/corn-machines.com\/?post_type=product&#038;p=1378"},"modified":"2025-12-05T09:43:09","modified_gmt":"2025-12-05T01:43:09","slug":"multifunctional-corn-sheller","status":"publish","type":"product","link":"https:\/\/corn-machines.com\/pt\/product\/multifunctional-corn-sheller\/","title":{"rendered":"Descascador de milho multifuncional para gr\u00e3os"},"content":{"rendered":"<p class=\"translation-block\">Taizy <strong>descascador multifuncional de milho<\/strong> \u00e9 um dispositivo de debulha de cereais que integra debulha, peneira\u00e7\u00e3o e triagem. \u00c9 adequado para v\u00e1rios cereais como milho, trigo, arroz, sorgo e soja. O debulhador de milho pode atingir uma capacidade de 1000 kg\/h, uma taxa de debulha de \u226599% e uma taxa de quebras de \u22640,5%.<\/p>    <p>A m\u00e1quina de debulhar cereais est\u00e1 dispon\u00edvel em configura\u00e7\u00f5es de motor el\u00e9trico e motor a diesel e est\u00e1 equipada com pneus grandes em um suporte de reboque, permitindo uma movimenta\u00e7\u00e3o flex\u00edvel entre diferentes locais de trabalho.<\/p>    <h2 class=\"wp-block-heading\"><strong>Vantagens da m\u00e1quina de debulhar milho multifuncional<\/strong><\/h2>    <ul class=\"wp-block-list\"> <li>A nossa m\u00e1quina de descasque de milho multifuncional <strong>pode processar v\u00e1rios cereais<\/strong> such as corn, wheat, rice, sorghum, and soybeans, meeting farmers&#8217; threshing needs for different crops throughout the year.<\/li>    <li>O debulhador de cereais utiliza um processo integrado, separando gr\u00e3os de palha, farelo e impurezas pesadas em uma \u00fanica passagem, <strong>economizar tempo e trabalho<\/strong>.<\/li>    <li>Um ventilador de alto volume combinado com uma tela vibrat\u00f3ria de precis\u00e3o remove eficazmente impurezas leves e pesadas, <strong>garantindo cereais mais limpos e produtos finais de maior qualidade<\/strong>.<\/li>    <li>A m\u00e1quina de debulhar milho multifuncional da Taizy pode ser equipada com<strong> motor el\u00e9trico ou motor a diesel<\/strong>, adequado para diferentes condi\u00e7\u00f5es de energia e ambientes de opera\u00e7\u00e3o ao ar livre.<\/li>    <li>Possui um suporte de reboque e pneus grandes, permitindo que <strong>f\u00e1cil de mover em v\u00e1rios terrenos<\/strong> e melhorar a flexibilidade operacional.<\/li>    <li>A nossa m\u00e1quina de debulhar cereais funciona de forma suave e confi\u00e1vel, pode trabalhar continuamente por per\u00edodos prolongados e alcan\u00e7a uma <strong>efici\u00eancia de debulha de at\u00e9 1000 kg\/h<\/strong>.<\/li> <\/ul>   <div class=\"wp-block-image\"> <figure class=\"aligncenter size-full\"><img loading=\"lazy\" decoding=\"async\" width=\"720\" height=\"540\" src=\"https:\/\/corn-machines.com\/wp-content\/uploads\/2025\/12\/multifunctional-corn-sheller.webp\" alt=\"debuldora de milho multifuncional\" class=\"wp-image-1379\" srcset=\"https:\/\/corn-machines.com\/wp-content\/uploads\/2025\/12\/multifunctional-corn-sheller.webp 720w, https:\/\/corn-machines.com\/wp-content\/uploads\/2025\/12\/multifunctional-corn-sheller-300x225.webp 300w, https:\/\/corn-machines.com\/wp-content\/uploads\/2025\/12\/multifunctional-corn-sheller-16x12.webp 16w\" sizes=\"auto, (max-width: 720px) 100vw, 720px\" \/><figcaption class=\"wp-element-caption\">debuldora de milho multifuncional<\/figcaption><\/figure> <\/div>   <h2 class=\"wp-block-heading\"><strong>Utiliza\u00e7\u00e3o da m\u00e1quina de debulhar cereais<\/strong><\/h2>    <p>O descascador de milho multifuncional tem uma ampla gama de aplica\u00e7\u00f5es e pode processar uma variedade de culturas de cereais comuns. Al\u00e9m do milho, a m\u00e1quina de debulhar cereais tamb\u00e9m pode debulhar trigo, arroz, sorgo, soja, millet, s\u00e9samo e outros cereais semelhantes de forma eficiente.<\/p>   <div class=\"wp-block-image\"> <figure class=\"aligncenter size-full\"><img loading=\"lazy\" decoding=\"async\" width=\"720\" height=\"540\" src=\"https:\/\/corn-machines.com\/wp-content\/uploads\/2025\/12\/application-of-multifunctional-corn-thresher.webp\" alt=\"aplica\u00e7\u00e3o do debulhador de milho multifuncional\" class=\"wp-image-1380\" srcset=\"https:\/\/corn-machines.com\/wp-content\/uploads\/2025\/12\/application-of-multifunctional-corn-thresher.webp 720w, https:\/\/corn-machines.com\/wp-content\/uploads\/2025\/12\/application-of-multifunctional-corn-thresher-300x225.webp 300w, https:\/\/corn-machines.com\/wp-content\/uploads\/2025\/12\/application-of-multifunctional-corn-thresher-16x12.webp 16w\" sizes=\"auto, (max-width: 720px) 100vw, 720px\" \/><figcaption class=\"wp-element-caption\">aplica\u00e7\u00e3o do debulhador de milho multifuncional<\/figcaption><\/figure> <\/div>   <p>A nossa m\u00e1quina de debulhar milho multifuncional pode ser amplamente utilizada em explora\u00e7\u00f5es familiares, bases de planta\u00e7\u00e3o de cereais, cooperativas de maquinaria agr\u00edcola e esta\u00e7\u00f5es de servi\u00e7o agr\u00edcola rural.<\/p>    <h2 class=\"wp-block-heading\"><strong>Estrutura principal da m\u00e1quina de descasque de milho multifuncional<\/strong><\/h2>    <p>O debulhador de milho multifuncional consiste principalmente em alimentador, estrutura, tela c\u00f4ncava, tambor de debulha, placa de cobertura, placa guia, ventilador, tela vibrat\u00f3ria e dispositivo de transmiss\u00e3o. A sua estrutura \u00e9 mostrada abaixo:<\/p>   <div class=\"wp-block-image\"> <figure class=\"aligncenter size-full\"><img loading=\"lazy\" decoding=\"async\" width=\"720\" height=\"540\" src=\"https:\/\/corn-machines.com\/wp-content\/uploads\/2025\/12\/structure-of-multifunctional-maize-thresher-machine.webp\" alt=\"estrutura da m\u00e1quina de debulhar milho multifuncional\" class=\"wp-image-1388\" srcset=\"https:\/\/corn-machines.com\/wp-content\/uploads\/2025\/12\/structure-of-multifunctional-maize-thresher-machine.webp 720w, https:\/\/corn-machines.com\/wp-content\/uploads\/2025\/12\/structure-of-multifunctional-maize-thresher-machine-300x225.webp 300w, https:\/\/corn-machines.com\/wp-content\/uploads\/2025\/12\/structure-of-multifunctional-maize-thresher-machine-16x12.webp 16w\" sizes=\"auto, (max-width: 720px) 100vw, 720px\" \/><figcaption class=\"wp-element-caption\">estrutura da m\u00e1quina de debulhar milho multifuncional<\/figcaption><\/figure> <\/div>   <h2 class=\"wp-block-heading\"><strong>Como funciona a m\u00e1quina de descasque de milho multifuncional<\/strong> <strong>funciona?<\/strong><\/h2>    <p>Ap\u00f3s ligar a energia, o tambor gira em alta velocidade, desprendendo os gr\u00e3os do palha ou cascas atrav\u00e9s de pinos dentados. Os gr\u00e3os e detritos caem na tela c\u00f4ncava; part\u00edculas maiores caem, enquanto impurezas menores s\u00e3o sopradas pelo soprador.<\/p>    <p>Dois sopradores removem folhas, palha picada e cascas. Os gr\u00e3os restantes passam por uma tela vibrat\u00f3ria para separar pedras pequenas e impurezas maiores.<\/p>    <figure class=\"wp-block-gallery has-nested-images columns-default is-cropped wp-block-gallery-2 is-layout-flex wp-block-gallery-is-layout-flex\"> <figure class=\"wp-block-image size-large\"><img loading=\"lazy\" decoding=\"async\" width=\"720\" height=\"540\" data-id=\"1382\" src=\"https:\/\/corn-machines.com\/wp-content\/uploads\/2025\/12\/grain-threshiing-machine.webp\" alt=\"m\u00e1quina de debulhar gr\u00e3os\" class=\"wp-image-1382\" srcset=\"https:\/\/corn-machines.com\/wp-content\/uploads\/2025\/12\/grain-threshiing-machine.webp 720w, https:\/\/corn-machines.com\/wp-content\/uploads\/2025\/12\/grain-threshiing-machine-300x225.webp 300w, https:\/\/corn-machines.com\/wp-content\/uploads\/2025\/12\/grain-threshiing-machine-16x12.webp 16w\" sizes=\"auto, (max-width: 720px) 100vw, 720px\" \/><figcaption class=\"wp-element-caption\">m\u00e1quina de debulhar gr\u00e3os<\/figcaption><\/figure>    <figure class=\"wp-block-image size-large\"><img loading=\"lazy\" decoding=\"async\" width=\"720\" height=\"540\" data-id=\"1383\" src=\"https:\/\/corn-machines.com\/wp-content\/uploads\/2025\/12\/multipurpose-grain-threshing-machine.webp\" alt=\"m\u00e1quina de debulhar cereais multifuncional\" class=\"wp-image-1383\" srcset=\"https:\/\/corn-machines.com\/wp-content\/uploads\/2025\/12\/multipurpose-grain-threshing-machine.webp 720w, https:\/\/corn-machines.com\/wp-content\/uploads\/2025\/12\/multipurpose-grain-threshing-machine-300x225.webp 300w, https:\/\/corn-machines.com\/wp-content\/uploads\/2025\/12\/multipurpose-grain-threshing-machine-16x12.webp 16w\" sizes=\"auto, (max-width: 720px) 100vw, 720px\" \/><figcaption class=\"wp-element-caption\">m\u00e1quina de debulhar cereais multifuncional<\/figcaption><\/figure> <\/figure>    <h2 class=\"wp-block-heading\"><strong>Especifica\u00e7\u00f5es t\u00e9cnicas para m\u00e1quina de debulhar cereais<\/strong><\/h2>    <figure class=\"wp-block-table\"><table class=\"has-fixed-layout\"><tbody><tr><td>Nome da m\u00e1quina<\/td><td>Debulhador multifuncional<\/td><\/tr><tr><td>Modelo<\/td><td>SL-125<\/td><\/tr><tr><td>Poder<\/td><td>Motor de 11kw ou motor a diesel de 15hp<\/td><\/tr><tr><td>Velocidade do fuso<\/td><td>1200r\/min<\/td><\/tr><tr><td>Capacidade<\/td><td>Cerca de 1000kg\/h<\/td><\/tr><tr><td>Taxa de descasque<\/td><td>\u226599%<\/td><\/tr><tr><td>Peso<\/td><td>400kg<\/td><\/tr><tr><td>Tamanho<\/td><td>2030*1340*1380mm<\/td><\/tr><\/tbody><\/table><figcaption class=\"wp-element-caption\">par\u00e2metros da m\u00e1quina de debulhar cereais<\/figcaption><\/figure>    <h2 class=\"wp-block-heading\"><strong>Qual \u00e9 o custo do descascador de milho multifuncional?<\/strong><\/h2>    <p>The price of the multifunctional corn sheller depends on the selected model. Different models have different configurations and functions, and manufacturers usually provide a corresponding quote after understanding the customer&#8217;s needs.<\/p>   <div class=\"wp-block-image\"> <figure class=\"aligncenter size-full\"><img loading=\"lazy\" decoding=\"async\" width=\"720\" height=\"540\" src=\"https:\/\/corn-machines.com\/wp-content\/uploads\/2025\/12\/multipurpose-grain-threshing-equipment.webp\" alt=\"equipamento multifuncional de debulha de cereais\" class=\"wp-image-1394\" srcset=\"https:\/\/corn-machines.com\/wp-content\/uploads\/2025\/12\/multipurpose-grain-threshing-equipment.webp 720w, https:\/\/corn-machines.com\/wp-content\/uploads\/2025\/12\/multipurpose-grain-threshing-equipment-300x225.webp 300w, https:\/\/corn-machines.com\/wp-content\/uploads\/2025\/12\/multipurpose-grain-threshing-equipment-16x12.webp 16w\" sizes=\"auto, (max-width: 720px) 100vw, 720px\" \/><figcaption class=\"wp-element-caption\">equipamento multifuncional de debulha de cereais<\/figcaption><\/figure> <\/div>   <h2 class=\"wp-block-heading\"><strong>Caso de sucesso da m\u00e1quina de debulhar cereais multifuncional Taizy<\/strong><\/h2>    <p>No ano passado, o governo nigeriano, como parte de um projeto para promover a mecaniza\u00e7\u00e3o agr\u00edcola, comprou 1.000 m\u00e1quinas de descasque de milho multifuncionais, que foram distribu\u00eddas por v\u00e1rios estados e \u00e1reas rurais.<\/p>    <p>The deployment of these grain threshing machines has not only accelerated the local grain harvesting process but has also played a significant role in increasing farmers&#8217; incomes and promoting regional agricultural modernization.<\/p>    <figure class=\"wp-block-gallery has-nested-images columns-default is-cropped wp-block-gallery-3 is-layout-flex wp-block-gallery-is-layout-flex\"> <figure class=\"wp-block-image size-large\"><img loading=\"lazy\" decoding=\"async\" width=\"720\" height=\"540\" data-id=\"1385\" src=\"https:\/\/corn-machines.com\/wp-content\/uploads\/2025\/12\/multiourpose-maize-shelling-machine.webp\" alt=\"m\u00e1quina de descasque de milho multifuncional\" class=\"wp-image-1385\" srcset=\"https:\/\/corn-machines.com\/wp-content\/uploads\/2025\/12\/multiourpose-maize-shelling-machine.webp 720w, https:\/\/corn-machines.com\/wp-content\/uploads\/2025\/12\/multiourpose-maize-shelling-machine-300x225.webp 300w, https:\/\/corn-machines.com\/wp-content\/uploads\/2025\/12\/multiourpose-maize-shelling-machine-16x12.webp 16w\" sizes=\"auto, (max-width: 720px) 100vw, 720px\" \/><figcaption class=\"wp-element-caption\">m\u00e1quina de descasque de milho multifuncional<\/figcaption><\/figure>    <figure class=\"wp-block-image size-large\"><img loading=\"lazy\" decoding=\"async\" width=\"720\" height=\"540\" data-id=\"1386\" src=\"https:\/\/corn-machines.com\/wp-content\/uploads\/2025\/12\/fb4e00ef47764d21bbf8ce9449db2a8f-tuya_\u7ed3\u679c.webp\" alt=\"Clientes visitam o debulhador de cereais\" class=\"wp-image-1386\" srcset=\"https:\/\/corn-machines.com\/wp-content\/uploads\/2025\/12\/fb4e00ef47764d21bbf8ce9449db2a8f-tuya_\u7ed3\u679c.webp 720w, https:\/\/corn-machines.com\/wp-content\/uploads\/2025\/12\/fb4e00ef47764d21bbf8ce9449db2a8f-tuya_\u7ed3\u679c-300x225.webp 300w, https:\/\/corn-machines.com\/wp-content\/uploads\/2025\/12\/fb4e00ef47764d21bbf8ce9449db2a8f-tuya_\u7ed3\u679c-16x12.webp 16w\" sizes=\"auto, (max-width: 720px) 100vw, 720px\" \/><figcaption class=\"wp-element-caption\">clientes visitam o debulhador de cereais<\/figcaption><\/figure> <\/figure>    <h2 class=\"wp-block-heading\"><strong>Outro equipamento de processamento de milho vendido pela Taizy<\/strong><\/h2>    <p class=\"translation-block\">Como fornecedor profissional de equipamentos agr\u00edcolas, a Taizy oferece n\u00e3o s\u00f3 descascador de milho multifuncional, mas tamb\u00e9m uma variedade de equipamentos de processamento de milho, incluindo <a href=\"https:\/\/corn-machines.com\/pt\/product\/automated-corn-sowing-machine\/\">planter de milho<\/a>, <a href=\"https:\/\/corn-machines.com\/pt\/product\/maize-harvesting-machine-with-seat\/\">colheitadeira de milho<\/a>, <a href=\"https:\/\/corn-machines.com\/pt\/product\/corn-grits-machine\/\">m\u00e1quina de fazer gr\u00e3os de milho<\/a>, e <a href=\"https:\/\/corn-machines.com\/pt\/product\/corn-silage-harvester-machine\/\">colheitadeira de silagem de milho<\/a>. Fornecemos aos utilizadores uma solu\u00e7\u00e3o completa desde o plantio e colheita at\u00e9 ao processamento.<\/p>    <figure class=\"wp-block-gallery has-nested-images columns-default is-cropped wp-block-gallery-4 is-layout-flex wp-block-gallery-is-layout-flex\"> <figure class=\"wp-block-image size-full\"><img loading=\"lazy\" decoding=\"async\" width=\"720\" height=\"540\" data-id=\"1393\" src=\"https:\/\/corn-machines.com\/wp-content\/uploads\/2025\/12\/corn-planting-machine-1.webp\" alt=\"m\u00e1quina de plantar milho\" class=\"wp-image-1393\" srcset=\"https:\/\/corn-machines.com\/wp-content\/uploads\/2025\/12\/corn-planting-machine-1.webp 720w, https:\/\/corn-machines.com\/wp-content\/uploads\/2025\/12\/corn-planting-machine-1-300x225.webp 300w, https:\/\/corn-machines.com\/wp-content\/uploads\/2025\/12\/corn-planting-machine-1-16x12.webp 16w\" sizes=\"auto, (max-width: 720px) 100vw, 720px\" \/><figcaption class=\"wp-element-caption\">m\u00e1quina de plantar milho<\/figcaption><\/figure>    <figure class=\"wp-block-image size-large\"><img loading=\"lazy\" decoding=\"async\" width=\"720\" height=\"540\" data-id=\"1389\" src=\"https:\/\/corn-machines.com\/wp-content\/uploads\/2025\/12\/maize-harvester-machine.webp\" alt=\"m\u00e1quina colheitadeira de milho\" class=\"wp-image-1389\" srcset=\"https:\/\/corn-machines.com\/wp-content\/uploads\/2025\/12\/maize-harvester-machine.webp 720w, https:\/\/corn-machines.com\/wp-content\/uploads\/2025\/12\/maize-harvester-machine-300x225.webp 300w, https:\/\/corn-machines.com\/wp-content\/uploads\/2025\/12\/maize-harvester-machine-16x12.webp 16w\" sizes=\"auto, (max-width: 720px) 100vw, 720px\" \/><figcaption class=\"wp-element-caption\">m\u00e1quina colheitadeira de milho<\/figcaption><\/figure> <\/figure>    <figure class=\"wp-block-gallery has-nested-images columns-default is-cropped wp-block-gallery-5 is-layout-flex wp-block-gallery-is-layout-flex\"> <figure class=\"wp-block-image size-large\"><img loading=\"lazy\" decoding=\"async\" width=\"720\" height=\"540\" data-id=\"1390\" src=\"https:\/\/corn-machines.com\/wp-content\/uploads\/2025\/12\/maize-silage-harvesting-machine.webp\" alt=\"colheitadeira de silagem de milho\" class=\"wp-image-1390\" srcset=\"https:\/\/corn-machines.com\/wp-content\/uploads\/2025\/12\/maize-silage-harvesting-machine.webp 720w, https:\/\/corn-machines.com\/wp-content\/uploads\/2025\/12\/maize-silage-harvesting-machine-300x225.webp 300w, https:\/\/corn-machines.com\/wp-content\/uploads\/2025\/12\/maize-silage-harvesting-machine-16x12.webp 16w\" sizes=\"auto, (max-width: 720px) 100vw, 720px\" \/><figcaption class=\"wp-element-caption\">colheitadeira de silagem de milho<\/figcaption><\/figure>    <figure class=\"wp-block-image size-large\"><img loading=\"lazy\" decoding=\"async\" width=\"720\" height=\"540\" data-id=\"1392\" src=\"https:\/\/corn-machines.com\/wp-content\/uploads\/2025\/12\/corn-grits-making-machine.webp\" alt=\"m\u00e1quina de fazer gr\u00e3os de milho\" class=\"wp-image-1392\" srcset=\"https:\/\/corn-machines.com\/wp-content\/uploads\/2025\/12\/corn-grits-making-machine.webp 720w, https:\/\/corn-machines.com\/wp-content\/uploads\/2025\/12\/corn-grits-making-machine-300x225.webp 300w, https:\/\/corn-machines.com\/wp-content\/uploads\/2025\/12\/corn-grits-making-machine-16x12.webp 16w\" sizes=\"auto, (max-width: 720px) 100vw, 720px\" \/><figcaption class=\"wp-element-caption\">m\u00e1quina de fazer gr\u00e3os de milho<\/figcaption><\/figure> <\/figure>    <p>Se estiver interessado em debulhadores de milho ou outros equipamentos relacionados, n\u00e3o hesite em contactar-nos para informa\u00e7\u00f5es detalhadas e or\u00e7amentos de equipamentos. Recomendaremos a m\u00e1quina mais adequada para si.<\/p>","protected":false},"excerpt":{"rendered":"<p>This article introduces the multifunctional corn sheller that integrates threshing, winnowing, and screening, enabling efficient grain threshing. It is suitable for corn, wheat, rice, sorghum, soybeans, and other grains. The machine has a processing capacity of up to 1000 kg\/h and a threshing rate of \u226599%.<\/p>","protected":false},"author":1,"featured_media":1387,"parent":0,"template":"","tags":[42,52],"product-type":[4],"class_list":["post-1378","product","type-product","status-publish","has-post-thumbnail","hentry","tag-corn","tag-grain","product-type-corn-thresher-machine"],"_links":{"self":[{"href":"https:\/\/corn-machines.com\/pt\/wp-json\/wp\/v2\/product\/1378","targetHints":{"allow":["GET"]}}],"collection":[{"href":"https:\/\/corn-machines.com\/pt\/wp-json\/wp\/v2\/product"}],"about":[{"href":"https:\/\/corn-machines.com\/pt\/wp-json\/wp\/v2\/types\/product"}],"author":[{"embeddable":true,"href":"https:\/\/corn-machines.com\/pt\/wp-json\/wp\/v2\/users\/1"}],"wp:featuredmedia":[{"embeddable":true,"href":"https:\/\/corn-machines.com\/pt\/wp-json\/wp\/v2\/media\/1387"}],"wp:attachment":[{"href":"https:\/\/corn-machines.com\/pt\/wp-json\/wp\/v2\/media?parent=1378"}],"wp:term":[{"taxonomy":"post_tag","embeddable":true,"href":"https:\/\/corn-machines.com\/pt\/wp-json\/wp\/v2\/tags?post=1378"},{"taxonomy":"product-type","embeddable":true,"href":"https:\/\/corn-machines.com\/pt\/wp-json\/wp\/v2\/product-type?post=1378"}],"curies":[{"name":"wp","href":"https:\/\/api.w.org\/{rel}","templated":true}]}}