{"id":1351,"date":"2025-11-27T14:33:15","date_gmt":"2025-11-27T06:33:15","guid":{"rendered":"https:\/\/corn-machines.com\/?post_type=product&#038;p=1351"},"modified":"2025-11-27T16:02:03","modified_gmt":"2025-11-27T08:02:03","slug":"silage-cutting-machine","status":"publish","type":"product","link":"https:\/\/corn-machines.com\/pt\/product\/silage-cutting-machine\/","title":{"rendered":"M\u00e1quina de corte de silagem para processamento de ra\u00e7\u00e3o"},"content":{"rendered":"<p class=\"translation-block\">A m\u00e1quina de cortar silagem Taizy  \u00e9 usada para triturar feno, relva, talos de milho, sorgo, alfafa, mapier e outras relvas em peda\u00e7os finos. O produto acabado tem comprimento de 10-180 mm e largura inferior a 10 mm.<\/p>    <p>Oferecemos uma variedade de m\u00e1quinas de cortador de feno com capacidade de 4 a 15 toneladas por hora. A m\u00e1quina de cortar feno Taizy \u00e9 um equipamento ideal para processamento de forragem para agricultores de m\u00e9dio a grande porte. Se procura uma m\u00e1quina de corte de forragem de alta efici\u00eancia, contacte-nos agora para a melhor cota\u00e7\u00e3o.<\/p>    <figure class=\"wp-block-embed is-type-video is-provider-youtube wp-block-embed-youtube wp-embed-aspect-16-9 wp-has-aspect-ratio\"><div class=\"wp-block-embed__wrapper\"> <iframe loading=\"lazy\" title=\"M\u00e1quina de corte de silagem de alta efici\u00eancia | M\u00e1quina de triturar feno para cortar relva e palha de milho\" width=\"500\" height=\"281\" src=\"https:\/\/www.youtube.com\/embed\/YwEin-WRDcg?feature=oembed\" frameborder=\"0\" allow=\"accelerometer; autoplay; clipboard-write; encrypted-media; gyroscope; picture-in-picture; web-share\" referrerpolicy=\"strict-origin-when-cross-origin\" allowfullscreen><\/iframe> <\/div><figcaption class=\"wp-element-caption\">v\u00eddeo de trabalho da m\u00e1quina de cortar silagem<\/figcaption><\/figure>    <h2 class=\"wp-block-heading\"><strong>Recursos superiores da m\u00e1quina de cortador de feno<\/strong><\/h2>    <ul class=\"wp-block-list\"> <li><strong>Produto de acabamento fino<\/strong>: A forragem processada tem fibras finas e macias, melhorando significativamente a palatabilidade e facilitando a digest\u00e3o de gado, ovelhas, cavalos, galinhas, patos, coelhos e outros animais.<\/li>    <li><strong>Amplas aplica\u00e7\u00f5es<\/strong>: Taizy silage shredder machine can cut and pulverize various forage materials, including hay, corn stalks, sorghum, and silage. It&#8217;s a multi-purpose machine suitable for various livestock farming scenarios.<\/li>    <li><strong>Longa vida \u00fatil<\/strong>: A nossa m\u00e1quina de cortar silagem usa um design de l\u00e2mina de martelo refor\u00e7ada, que \u00e9 dura, resistente ao desgaste e n\u00e3o se danifica facilmente, al\u00e9m de ter uma longa vida \u00fatil, reduzindo significativamente os custos de manuten\u00e7\u00e3o.<\/li>    <li><strong>Alta efici\u00eancia<\/strong>: A cortadora de feno Taizy caracteriza-se por alta efici\u00eancia de processamento, com uma capacidade de produ\u00e7\u00e3o de at\u00e9 15 toneladas por hora.<\/li>    <li><strong>Estrutura est\u00e1vel<\/strong>: A m\u00e1quina de cortar feno tem um design robusto e uma forte estabilidade operacional a longo prazo, garantindo produ\u00e7\u00e3o cont\u00ednua e eficiente.<\/li>    <li><strong>Opera\u00e7\u00e3o f\u00e1cil<\/strong>: A nossa m\u00e1quina de cortar feno tem uma estrutura clara, \u00e9 f\u00e1cil de operar e requer manuten\u00e7\u00e3o di\u00e1ria simples, tornando-a adequada para v\u00e1rios utilizadores.<\/li> <\/ul>   <div class=\"wp-block-image\"> <figure class=\"aligncenter size-full\"><img loading=\"lazy\" decoding=\"async\" width=\"720\" height=\"540\" src=\"https:\/\/corn-machines.com\/wp-content\/uploads\/2025\/11\/silage-cutting-machine.webp\" alt=\"m\u00e1quina de corte de silagem\" class=\"wp-image-1352\" srcset=\"https:\/\/corn-machines.com\/wp-content\/uploads\/2025\/11\/silage-cutting-machine.webp 720w, https:\/\/corn-machines.com\/wp-content\/uploads\/2025\/11\/silage-cutting-machine-300x225.webp 300w, https:\/\/corn-machines.com\/wp-content\/uploads\/2025\/11\/silage-cutting-machine-16x12.webp 16w\" sizes=\"auto, (max-width: 720px) 100vw, 720px\" \/><figcaption class=\"wp-element-caption\">m\u00e1quina de corte de silagem<\/figcaption><\/figure> <\/div>   <h2 class=\"wp-block-heading\"><strong>Cen\u00e1rios de aplica\u00e7\u00e3o da m\u00e1quina de cortar silagem<\/strong><\/h2>    <p>A nossa m\u00e1quina de cortar feno pode processar uma variedade de palhas de culturas e materiais de forragem, incluindo feno, talos de milho, palha de trigo, talos de sorgo, palha de arroz, vinhas de amendoim, juncos, relva de pasto, silagem e quase todos os materiais fibrosos de forragem comuns.<\/p>    <p>A m\u00e1quina de cortar silagem pode processar esses materiais em relva fina, tornando as fibras macias e de comprimento uniforme, f\u00e1cil de comer pelos animais. A m\u00e1quina \u00e9 amplamente utilizada no processamento de forragem em fazendas de gado, ovelhas, cavalos e coelhos, e tamb\u00e9m \u00e9 adequada para o pr\u00e9-tratamento de silagem.<\/p>    <figure class=\"wp-block-gallery has-nested-images columns-default is-cropped wp-block-gallery-2 is-layout-flex wp-block-gallery-is-layout-flex\"> <figure class=\"wp-block-image size-large\"><img loading=\"lazy\" decoding=\"async\" width=\"540\" height=\"720\" data-id=\"1354\" src=\"https:\/\/corn-machines.com\/wp-content\/uploads\/2025\/11\/silage-chopper-machine-1.webp\" alt=\"m\u00e1quina picadora de silagem\" class=\"wp-image-1354\" srcset=\"https:\/\/corn-machines.com\/wp-content\/uploads\/2025\/11\/silage-chopper-machine-1.webp 540w, https:\/\/corn-machines.com\/wp-content\/uploads\/2025\/11\/silage-chopper-machine-1-225x300.webp 225w, https:\/\/corn-machines.com\/wp-content\/uploads\/2025\/11\/silage-chopper-machine-1-9x12.webp 9w\" sizes=\"auto, (max-width: 540px) 100vw, 540px\" \/><figcaption class=\"wp-element-caption\">m\u00e1quina picadora de silagem<\/figcaption><\/figure>    <figure class=\"wp-block-image size-large\"><img loading=\"lazy\" decoding=\"async\" width=\"540\" height=\"720\" data-id=\"1353\" src=\"https:\/\/corn-machines.com\/wp-content\/uploads\/2025\/11\/application-of-chaff-cutter-1.webp\" alt=\"aplica\u00e7\u00e3o do cortador de feno\" class=\"wp-image-1353\" srcset=\"https:\/\/corn-machines.com\/wp-content\/uploads\/2025\/11\/application-of-chaff-cutter-1.webp 540w, https:\/\/corn-machines.com\/wp-content\/uploads\/2025\/11\/application-of-chaff-cutter-1-225x300.webp 225w, https:\/\/corn-machines.com\/wp-content\/uploads\/2025\/11\/application-of-chaff-cutter-1-9x12.webp 9w\" sizes=\"auto, (max-width: 540px) 100vw, 540px\" \/><figcaption class=\"wp-element-caption\">aplica\u00e7\u00e3o do cortador de feno<\/figcaption><\/figure> <\/figure>    <h2 class=\"wp-block-heading\"><strong>Estrutura da m\u00e1quina de cortar relva<\/strong><\/h2>    <p>A m\u00e1quina de cortar silagem \u00e9 composta por v\u00e1rios componentes-chave que trabalham em conjunto. A estrutura principal inclui um dispositivo de alimenta\u00e7\u00e3o autom\u00e1tica, rotor, motor, estrutura, martelos e rodas.<\/p>    <figure class=\"wp-block-gallery has-nested-images columns-default is-cropped wp-block-gallery-3 is-layout-flex wp-block-gallery-is-layout-flex\"> <figure class=\"wp-block-image size-large\"><img loading=\"lazy\" decoding=\"async\" width=\"720\" height=\"540\" data-id=\"1355\" src=\"https:\/\/corn-machines.com\/wp-content\/uploads\/2025\/11\/Big-tires-of-hay-cutting-machine.webp\" alt=\"rodas grandes de m\u00e1quina de cortar feno\" class=\"wp-image-1355\" srcset=\"https:\/\/corn-machines.com\/wp-content\/uploads\/2025\/11\/Big-tires-of-hay-cutting-machine.webp 720w, https:\/\/corn-machines.com\/wp-content\/uploads\/2025\/11\/Big-tires-of-hay-cutting-machine-300x225.webp 300w, https:\/\/corn-machines.com\/wp-content\/uploads\/2025\/11\/Big-tires-of-hay-cutting-machine-16x12.webp 16w\" sizes=\"auto, (max-width: 720px) 100vw, 720px\" \/><figcaption class=\"wp-element-caption\">rodas grandes de m\u00e1quina de cortar feno<\/figcaption><\/figure>    <figure class=\"wp-block-image size-large\"><img loading=\"lazy\" decoding=\"async\" width=\"720\" height=\"540\" data-id=\"1359\" src=\"https:\/\/corn-machines.com\/wp-content\/uploads\/2025\/11\/conveyor-chain-of-hay-cutting-machine.webp\" alt=\"corrente de transporte da m\u00e1quina de cortar feno\" class=\"wp-image-1359\" srcset=\"https:\/\/corn-machines.com\/wp-content\/uploads\/2025\/11\/conveyor-chain-of-hay-cutting-machine.webp 720w, https:\/\/corn-machines.com\/wp-content\/uploads\/2025\/11\/conveyor-chain-of-hay-cutting-machine-300x225.webp 300w, https:\/\/corn-machines.com\/wp-content\/uploads\/2025\/11\/conveyor-chain-of-hay-cutting-machine-16x12.webp 16w\" sizes=\"auto, (max-width: 720px) 100vw, 720px\" \/><figcaption class=\"wp-element-caption\">corrente de transporte da m\u00e1quina de cortar feno<\/figcaption><\/figure>    <figure class=\"wp-block-image size-large\"><img loading=\"lazy\" decoding=\"async\" width=\"720\" height=\"540\" data-id=\"1357\" src=\"https:\/\/corn-machines.com\/wp-content\/uploads\/2025\/11\/details-of-silage-shredder.webp\" alt=\"l\u00e2minas da trituradora de silagem\" class=\"wp-image-1357\" srcset=\"https:\/\/corn-machines.com\/wp-content\/uploads\/2025\/11\/details-of-silage-shredder.webp 720w, https:\/\/corn-machines.com\/wp-content\/uploads\/2025\/11\/details-of-silage-shredder-300x225.webp 300w, https:\/\/corn-machines.com\/wp-content\/uploads\/2025\/11\/details-of-silage-shredder-16x12.webp 16w\" sizes=\"auto, (max-width: 720px) 100vw, 720px\" \/><figcaption class=\"wp-element-caption\">l\u00e2minas da trituradora de silagem<\/figcaption><\/figure> <\/figure>    <h2 class=\"wp-block-heading\"><strong>Como funciona a m\u00e1quina de cortar palha de gr\u00e3o?<\/strong><\/h2>    <p>Ap\u00f3s ligar a m\u00e1quina de cortar silagem, permita que o rotor de fric\u00e7\u00e3o funcione de forma est\u00e1vel antes de ativar o dispositivo de alimenta\u00e7\u00e3o autom\u00e1tica. Os trabalhadores espalham a palha na placa de corrente de alimenta\u00e7\u00e3o, que alimenta automaticamente a palha na m\u00e1quina.<\/p>    <p>Assim que a palha entra no tambor de fric\u00e7\u00e3o, ela \u00e9 continuamente atingida, rasgada e friccionada pelos martelos de alta velocidade rotativos, transformando-se gradualmente em filamentos finos e longos. Finalmente, a palha friccionada \u00e9 expelida da m\u00e1quina sob for\u00e7a centr\u00edfuga, concluindo o processamento.<\/p>   <div class=\"wp-block-image\"> <figure class=\"aligncenter size-full\"><img loading=\"lazy\" decoding=\"async\" width=\"720\" height=\"540\" src=\"https:\/\/corn-machines.com\/wp-content\/uploads\/2025\/11\/forage-cutting-machine-4.webp\" alt=\"m\u00e1quina de corte de forragem\" class=\"wp-image-1358\" srcset=\"https:\/\/corn-machines.com\/wp-content\/uploads\/2025\/11\/forage-cutting-machine-4.webp 720w, https:\/\/corn-machines.com\/wp-content\/uploads\/2025\/11\/forage-cutting-machine-4-300x225.webp 300w, https:\/\/corn-machines.com\/wp-content\/uploads\/2025\/11\/forage-cutting-machine-4-16x12.webp 16w\" sizes=\"auto, (max-width: 720px) 100vw, 720px\" \/><figcaption class=\"wp-element-caption\">m\u00e1quina de corte de forragem<\/figcaption><\/figure> <\/div>   <h2 class=\"wp-block-heading\"><strong>Informa\u00e7\u00f5es detalhadas da m\u00e1quina de triturar silagem<\/strong><\/h2>    <p>Oferecemos v\u00e1rios modelos de m\u00e1quinas de cortar silagem com capacidades de 4 a 15 toneladas por hora. As especifica\u00e7\u00f5es espec\u00edficas est\u00e3o abaixo.<\/p>    <figure class=\"wp-block-table\"><table><tbody><tr><td>Item<\/td><td>9RSZ-4<\/td><td>9RSZ-6<\/td><td>9RSZ-10<\/td><td>9RSZ-15<\/td><\/tr><tr><td>Poder<\/td><td>7,5 kW<\/td><td>15 2.2kw<\/td><td>22 3kw<\/td><td>30 5.5kw<\/td><\/tr><tr><td>Velocidade do eixo principal<\/td><td>2860r\/min<\/td><td>2860r\/min<\/td><td>2860r\/min<\/td><td>2100r\/min<\/td><\/tr><tr><td>Capacidade<\/td><td>4t\/h<\/td><td>6t\/h<\/td><td>10t\/h<\/td><td>15t\/h<\/td><\/tr><tr><td>Quantidade de l\u00e2minas<\/td><td>32 unidades<\/td><td>40 unidades<\/td><td>48 pe\u00e7as<\/td><td>64 unidades<\/td><\/tr><tr><td>Largura da bandeja de alimenta\u00e7\u00e3o<\/td><td>240mm<\/td><td>300mm<\/td><td>500 mm<\/td><td>800mm<\/td><\/tr><tr><td>Dist\u00e2ncia de lan\u00e7amento<\/td><td>\u22652300mm<\/td><td>\u22652300mm<\/td><td>\u22652300mm<\/td><td>\u22652300mm<\/td><\/tr><tr><td>Dimens\u00e3o (L*L*H)<\/td><td>2000*750*800mm<\/td><td>3000*900*1050mm<\/td><td>3600*930*1240mm<\/td><td>4200*1170*1250mm<\/td><\/tr><tr><td>Peso<\/td><td>300kg<\/td><td>980kg<\/td><td>1100kg<\/td><td>1400kg<\/td><\/tr><\/tbody><\/table><figcaption class=\"wp-element-caption\">par\u00e2metros da m\u00e1quina de cortar feno<\/figcaption><\/figure>    <h2 class=\"wp-block-heading\"><strong>Fatores que afetam o pre\u00e7o do cortador de feno<\/strong><\/h2>    <p>The price of the silage cutting machine is affected by a variety of factors, including the machine&#8217;s output, whether it is equipped with an automatic feeding device, the thickness of the machine body material, and the motor power configuration.<\/p>    <figure class=\"wp-block-gallery has-nested-images columns-default is-cropped wp-block-gallery-4 is-layout-flex wp-block-gallery-is-layout-flex\"> <figure class=\"wp-block-image size-large\"><img loading=\"lazy\" decoding=\"async\" width=\"720\" height=\"540\" data-id=\"1361\" src=\"https:\/\/corn-machines.com\/wp-content\/uploads\/2025\/11\/silage-shredding-machine.webp\" alt=\"m\u00e1quina de triturar silagem\" class=\"wp-image-1361\" srcset=\"https:\/\/corn-machines.com\/wp-content\/uploads\/2025\/11\/silage-shredding-machine.webp 720w, https:\/\/corn-machines.com\/wp-content\/uploads\/2025\/11\/silage-shredding-machine-300x225.webp 300w, https:\/\/corn-machines.com\/wp-content\/uploads\/2025\/11\/silage-shredding-machine-16x12.webp 16w\" sizes=\"auto, (max-width: 720px) 100vw, 720px\" \/><figcaption class=\"wp-element-caption\">m\u00e1quina de triturar silagem<\/figcaption><\/figure>    <figure class=\"wp-block-image size-large\"><img loading=\"lazy\" decoding=\"async\" width=\"720\" height=\"540\" data-id=\"1362\" src=\"https:\/\/corn-machines.com\/wp-content\/uploads\/2025\/11\/chaff-cutter-machine-2.webp\" alt=\"m\u00e1quina de cortar palha\" class=\"wp-image-1362\" srcset=\"https:\/\/corn-machines.com\/wp-content\/uploads\/2025\/11\/chaff-cutter-machine-2.webp 720w, https:\/\/corn-machines.com\/wp-content\/uploads\/2025\/11\/chaff-cutter-machine-2-300x225.webp 300w, https:\/\/corn-machines.com\/wp-content\/uploads\/2025\/11\/chaff-cutter-machine-2-16x12.webp 16w\" sizes=\"auto, (max-width: 720px) 100vw, 720px\" \/><figcaption class=\"wp-element-caption\">m\u00e1quina de cortar palha<\/figcaption><\/figure> <\/figure>    <p>Al\u00e9m disso, diferen\u00e7as na artesania, qualidade e servi\u00e7o p\u00f3s-venda entre diferentes fabricantes afetar\u00e3o diretamente o pre\u00e7o final. Geralmente, configura\u00e7\u00f5es mais altas, maior produ\u00e7\u00e3o e materiais mais dur\u00e1veis resultar\u00e3o em um pre\u00e7o mais elevado.<\/p>    <h2 class=\"wp-block-heading\"><strong>Caso de sucesso da m\u00e1quina de cortar silagem Taizy<\/strong><\/h2>    <p>O nosso cortador de feno 9RSZ-6 foi exportado com sucesso para a Nig\u00e9ria. O cliente, uma grande fazenda de gado e ovelhas, escolheu finalmente o nosso equipamento ap\u00f3s comparar v\u00e1rios fornecedores. Ap\u00f3s colocar a m\u00e1quina em uso, o cliente ficou muito satisfeito com a sua qualidade e efici\u00eancia de processamento.<\/p>    <figure class=\"wp-block-embed is-type-video is-provider-youtube wp-block-embed-youtube wp-embed-aspect-9-16 wp-has-aspect-ratio\"><div class=\"wp-block-embed__wrapper\"> <iframe loading=\"lazy\" title=\"M\u00e1quina autom\u00e1tica de cortar silagem | M\u00e1quina de triturar feno para cortar relva, relva, palha de culturas, etc.\" width=\"422\" height=\"750\" src=\"https:\/\/www.youtube.com\/embed\/gyG45DUbjNo?feature=oembed\" frameborder=\"0\" allow=\"accelerometer; autoplay; clipboard-write; encrypted-media; gyroscope; picture-in-picture; web-share\" referrerpolicy=\"strict-origin-when-cross-origin\" allowfullscreen><\/iframe> <\/div><figcaption class=\"wp-element-caption\">v\u00eddeo de feedback do cliente<\/figcaption><\/figure>    <h2 class=\"wp-block-heading\"><strong>Contacte-nos imediatamente para uma cota\u00e7\u00e3o detalhada!<\/strong><\/h2>    <p>A s\u00e9rie 9RSZ de m\u00e1quinas de cortar silagem, com suas capacidades de processamento eficientes e est\u00e1veis, tornou-se a escolha ideal para muitas fazendas e processadores de forragem.<\/p>    <p class=\"translation-block\">Se procura uma solu\u00e7\u00e3o de processamento de forragem mais completa, tamb\u00e9m oferecemos conjuntos completos de equipamentos, incluindo <a href=\"https:\/\/corn-machines.com\/pt\/product\/corn-silage-harvester-machine\/\">colheitadeira de silagem<\/a> e <a href=\"https:\/\/corn-machines.com\/pt\/product\/automatic-silage-baler-machine\/\">m\u00e1quina de empacotar forragem<\/a>, que podem ser configurados para atender \u00e0s suas necessidades espec\u00edficas. Sinta-se \u00e0 vontade para nos contactar a qualquer momento para consulta profissional e or\u00e7amentos de equipamentos!<\/p>","protected":false},"excerpt":{"rendered":"<p>This article describes the structural features, working principle, and application range of the silage cutting machine. This machine can process various raw materials such as chaff, hay, and corn stalks into 10-180mm filamentous forage. The machine operates efficiently and stably, with a production capacity of 4-15t\/h.<\/p>","protected":false},"author":1,"featured_media":1363,"parent":0,"template":"","tags":[42,87,82],"product-type":[86],"class_list":["post-1351","product","type-product","status-publish","has-post-thumbnail","hentry","tag-corn","tag-forage","tag-silage","product-type-corn-silage-processing-machine"],"_links":{"self":[{"href":"https:\/\/corn-machines.com\/pt\/wp-json\/wp\/v2\/product\/1351","targetHints":{"allow":["GET"]}}],"collection":[{"href":"https:\/\/corn-machines.com\/pt\/wp-json\/wp\/v2\/product"}],"about":[{"href":"https:\/\/corn-machines.com\/pt\/wp-json\/wp\/v2\/types\/product"}],"author":[{"embeddable":true,"href":"https:\/\/corn-machines.com\/pt\/wp-json\/wp\/v2\/users\/1"}],"wp:featuredmedia":[{"embeddable":true,"href":"https:\/\/corn-machines.com\/pt\/wp-json\/wp\/v2\/media\/1363"}],"wp:attachment":[{"href":"https:\/\/corn-machines.com\/pt\/wp-json\/wp\/v2\/media?parent=1351"}],"wp:term":[{"taxonomy":"post_tag","embeddable":true,"href":"https:\/\/corn-machines.com\/pt\/wp-json\/wp\/v2\/tags?post=1351"},{"taxonomy":"product-type","embeddable":true,"href":"https:\/\/corn-machines.com\/pt\/wp-json\/wp\/v2\/product-type?post=1351"}],"curies":[{"name":"wp","href":"https:\/\/api.w.org\/{rel}","templated":true}]}}