{"id":1265,"date":"2025-11-18T16:39:32","date_gmt":"2025-11-18T08:39:32","guid":{"rendered":"https:\/\/corn-machines.com\/?post_type=product&#038;p=1265"},"modified":"2025-11-18T17:56:18","modified_gmt":"2025-11-18T09:56:18","slug":"forage-cutter-machine-with-kneading","status":"publish","type":"product","link":"https:\/\/corn-machines.com\/pt\/product\/forage-cutter-machine-with-kneading\/","title":{"rendered":"M\u00e1quina cortadora de forragem com amassamento"},"content":{"rendered":"<p class=\"translation-block\">Esta <strong>m\u00e1quina de cortador de forragem<\/strong> \u00e9 um dispositivo de processamento de silagem que integra fun\u00e7\u00f5es de corte e amassar. Pode cortar e amassar rapidamente mat\u00e9rias-primas como feno e palha, tornando a ra\u00e7\u00e3o final mais delicada, macia e mais f\u00e1cil de mastigar e digerir pelos ruminantes.<\/p>    <p>Nossa m\u00e1quina de corte de palha apresenta alta efici\u00eancia, com capacidade de corte variando de 2.500 a 8.000 kg por hora. Pode ser equipada com tr\u00eas op\u00e7\u00f5es de energia: motor el\u00e9trico, motor a diesel ou motor a gasolina, atendendo \u00e0s necessidades de diferentes regi\u00f5es.<\/p>    <figure class=\"wp-block-embed is-type-video is-provider-youtube wp-block-embed-youtube wp-embed-aspect-16-9 wp-has-aspect-ratio\"><div class=\"wp-block-embed__wrapper\"> <iframe loading=\"lazy\" title=\"M\u00e1quina de Cortar Forragem Com Amassar | Triturador de Silagem para Cortar Palha de Milho, Palha de Arroz, Relva, Feno\" width=\"500\" height=\"281\" src=\"https:\/\/www.youtube.com\/embed\/oCo2WT5PCIg?feature=oembed\" frameborder=\"0\" allow=\"accelerometer; autoplay; clipboard-write; encrypted-media; gyroscope; picture-in-picture; web-share\" referrerpolicy=\"strict-origin-when-cross-origin\" allowfullscreen><\/iframe> <\/div><figcaption class=\"wp-element-caption\">processo de trabalho da m\u00e1quina de picar silagem<\/figcaption><\/figure>    <h2 class=\"wp-block-heading\"><strong>Vantagens da m\u00e1quina de corte de silagem<\/strong><\/h2>    <ul class=\"wp-block-list\"> <li><strong>Produto acabado refinado<\/strong>: Nossa m\u00e1quina de cortador de forragem usa l\u00e2minas horizontais para cortar e depois l\u00e2minas serrilhadas para pulverizar, transformando grandes peda\u00e7os de ra\u00e7\u00e3o em peda\u00e7os macios e fibrosos, tornando-a mais adequada para ruminantes.<\/li>    <li><strong>Ampla aplica\u00e7\u00e3o<\/strong>: A m\u00e1quina de corte de palha Taizy pode processar uma variedade de materiais vegetais, incluindo feno, alfafa, folhas de feno, talos de milho, talos de feij\u00e3o, palha de arroz, talos de amendoim e talos de cana-de-a\u00e7\u00facar.<\/li>    <li><strong>: Uso flex\u00edvel<\/strong>: The silage cutter&#8217;s cutting length can be adjusted via long and short gears to meet different feeding needs.<\/li>    <li><strong>F\u00e1cil mobilidade<\/strong>: Est\u00e1 equipado com quatro rodas e com pneus pneum\u00e1ticos grandes opcionais, facilitando o deslocamento no campo.<\/li>    <li><strong>M\u00faltiplas op\u00e7\u00f5es de energia<\/strong>: A m\u00e1quina de picar feno pode ser equipada com motor el\u00e9trico, motor a gasolina ou motor a diesel para se adaptar a diferentes regi\u00f5es e ambientes ao ar livre.<\/li> <\/ul>    <figure class=\"wp-block-gallery has-nested-images columns-default is-cropped wp-block-gallery-2 is-layout-flex wp-block-gallery-is-layout-flex\"> <figure class=\"wp-block-image size-large\"><img loading=\"lazy\" decoding=\"async\" width=\"720\" height=\"540\" data-id=\"1269\" src=\"https:\/\/corn-machines.com\/wp-content\/uploads\/2025\/11\/silage-shredder-machine.webp\" alt=\"m\u00e1quina de tritura\u00e7\u00e3o de silagem\" class=\"wp-image-1269\" srcset=\"https:\/\/corn-machines.com\/wp-content\/uploads\/2025\/11\/silage-shredder-machine.webp 720w, https:\/\/corn-machines.com\/wp-content\/uploads\/2025\/11\/silage-shredder-machine-300x225.webp 300w, https:\/\/corn-machines.com\/wp-content\/uploads\/2025\/11\/silage-shredder-machine-16x12.webp 16w\" sizes=\"auto, (max-width: 720px) 100vw, 720px\" \/><figcaption class=\"wp-element-caption\">m\u00e1quina de tritura\u00e7\u00e3o de silagem<\/figcaption><\/figure>    <figure class=\"wp-block-image size-large\"><img loading=\"lazy\" decoding=\"async\" width=\"720\" height=\"540\" data-id=\"1266\" src=\"https:\/\/corn-machines.com\/wp-content\/uploads\/2025\/11\/forage-chopping-machine.webp\" alt=\"m\u00e1quina de picar forragem\" class=\"wp-image-1266\" srcset=\"https:\/\/corn-machines.com\/wp-content\/uploads\/2025\/11\/forage-chopping-machine.webp 720w, https:\/\/corn-machines.com\/wp-content\/uploads\/2025\/11\/forage-chopping-machine-300x225.webp 300w, https:\/\/corn-machines.com\/wp-content\/uploads\/2025\/11\/forage-chopping-machine-16x12.webp 16w\" sizes=\"auto, (max-width: 720px) 100vw, 720px\" \/><figcaption class=\"wp-element-caption\">m\u00e1quina de picar forragem<\/figcaption><\/figure> <\/figure>    <h2 class=\"wp-block-heading\"><strong>Estrutura principal da m\u00e1quina de cortador de forragem<\/strong><\/h2>    <p>Este triturador de palha possui uma estrutura muito simples, composta por transportador, entrada, sistema de opera\u00e7\u00e3o, alavanca de engrenagem, roda, estrutura do motor e sa\u00edda. O sistema de opera\u00e7\u00e3o consiste principalmente nas se\u00e7\u00f5es de corte e amassar.<\/p>   <div class=\"wp-block-image\"> <figure class=\"aligncenter size-full\"><img loading=\"lazy\" decoding=\"async\" width=\"720\" height=\"540\" src=\"https:\/\/corn-machines.com\/wp-content\/uploads\/2025\/11\/structure-of-forage-cutter.webp\" alt=\"estrutura do cortador de forragem\" class=\"wp-image-1267\" srcset=\"https:\/\/corn-machines.com\/wp-content\/uploads\/2025\/11\/structure-of-forage-cutter.webp 720w, https:\/\/corn-machines.com\/wp-content\/uploads\/2025\/11\/structure-of-forage-cutter-300x225.webp 300w, https:\/\/corn-machines.com\/wp-content\/uploads\/2025\/11\/structure-of-forage-cutter-16x12.webp 16w\" sizes=\"auto, (max-width: 720px) 100vw, 720px\" \/><figcaption class=\"wp-element-caption\">estrutura do cortador de forragem<\/figcaption><\/figure> <\/div>   <h2 class=\"wp-block-heading\"><strong>Tipos de trituradoras de palha \u00e0 venda<\/strong><\/h2>    <p>Este cortador de feno possui dois tipos: cortadores autom\u00e1ticos de feno e cortadores de feno de tipo split.<\/p>    <ul class=\"wp-block-list\"> <li><strong>Triturador autom\u00e1tico de palha<\/strong>: As se\u00e7\u00f5es de corte e tritura\u00e7\u00e3o s\u00e3o insepar\u00e1veis.<\/li>    <li><strong>Triturador de palha de tipo split<\/strong>: Esta trituradora de palha possui se\u00e7\u00f5es separadas de corte e amassar. Para peda\u00e7os maiores, desmonte e levante a parte de amassar. Para peda\u00e7os mais finos, coloque a parte de amassar.<\/li> <\/ul>    <figure class=\"wp-block-gallery has-nested-images columns-default is-cropped wp-block-gallery-3 is-layout-flex wp-block-gallery-is-layout-flex\"> <figure class=\"wp-block-image size-large\"><img loading=\"lazy\" decoding=\"async\" width=\"720\" height=\"540\" data-id=\"1270\" src=\"https:\/\/corn-machines.com\/wp-content\/uploads\/2025\/11\/automatic-silage-cutting-machine.webp\" alt=\"m\u00e1quina autom\u00e1tica de corte de silagem\" class=\"wp-image-1270\" srcset=\"https:\/\/corn-machines.com\/wp-content\/uploads\/2025\/11\/automatic-silage-cutting-machine.webp 720w, https:\/\/corn-machines.com\/wp-content\/uploads\/2025\/11\/automatic-silage-cutting-machine-300x225.webp 300w, https:\/\/corn-machines.com\/wp-content\/uploads\/2025\/11\/automatic-silage-cutting-machine-16x12.webp 16w\" sizes=\"auto, (max-width: 720px) 100vw, 720px\" \/><figcaption class=\"wp-element-caption\">m\u00e1quina autom\u00e1tica de corte de silagem<\/figcaption><\/figure>    <figure class=\"wp-block-image size-large\"><img loading=\"lazy\" decoding=\"async\" width=\"720\" height=\"540\" data-id=\"1271\" src=\"https:\/\/corn-machines.com\/wp-content\/uploads\/2025\/11\/split-type-forage-cutting-machine.webp\" alt=\"m\u00e1quina de corte de forragem de tipo split\" class=\"wp-image-1271\" srcset=\"https:\/\/corn-machines.com\/wp-content\/uploads\/2025\/11\/split-type-forage-cutting-machine.webp 720w, https:\/\/corn-machines.com\/wp-content\/uploads\/2025\/11\/split-type-forage-cutting-machine-300x225.webp 300w, https:\/\/corn-machines.com\/wp-content\/uploads\/2025\/11\/split-type-forage-cutting-machine-16x12.webp 16w\" sizes=\"auto, (max-width: 720px) 100vw, 720px\" \/><figcaption class=\"wp-element-caption\">m\u00e1quina de corte de forragem de tipo split<\/figcaption><\/figure> <\/figure>    <h2 class=\"wp-block-heading\"><strong>Como funciona a m\u00e1quina de picar feno?<\/strong><\/h2>    <p>Ap\u00f3s a entrada das mat\u00e9rias-primas na m\u00e1quina de cortador de forragem, elas s\u00e3o inicialmente cortadas por uma l\u00e2mina plana de alta velocidade, que corta a feno, palha e outros materiais em peda\u00e7os grandes ou tiras curtas.<\/p>    <p>Depois, esses materiais picados s\u00e3o processados adicionalmente por l\u00e2minas serrilhadas atrav\u00e9s de amassar, transformando o feno em um produto mais macio e fino, mais adequado para ruminantes como gado e ovelhas mastigarem e digerirem.<\/p>    <figure class=\"wp-block-gallery has-nested-images columns-default is-cropped wp-block-gallery-4 is-layout-flex wp-block-gallery-is-layout-flex\"> <figure class=\"wp-block-image size-large\"><img loading=\"lazy\" decoding=\"async\" width=\"540\" height=\"720\" data-id=\"1273\" src=\"https:\/\/corn-machines.com\/wp-content\/uploads\/2025\/11\/details-of-grass-cutting-machine.webp\" alt=\"detalhes da m\u00e1quina de corte de relva\" class=\"wp-image-1273\" srcset=\"https:\/\/corn-machines.com\/wp-content\/uploads\/2025\/11\/details-of-grass-cutting-machine.webp 540w, https:\/\/corn-machines.com\/wp-content\/uploads\/2025\/11\/details-of-grass-cutting-machine-225x300.webp 225w, https:\/\/corn-machines.com\/wp-content\/uploads\/2025\/11\/details-of-grass-cutting-machine-9x12.webp 9w\" sizes=\"auto, (max-width: 540px) 100vw, 540px\" \/><figcaption class=\"wp-element-caption\">detalhes da m\u00e1quina de corte de relva<\/figcaption><\/figure>    <figure class=\"wp-block-image size-large\"><img loading=\"lazy\" decoding=\"async\" width=\"540\" height=\"720\" data-id=\"1272\" src=\"https:\/\/corn-machines.com\/wp-content\/uploads\/2025\/11\/details-of-forage-cutter-machine.webp\" alt=\"detalhes da m\u00e1quina de cortador de forragem\" class=\"wp-image-1272\" srcset=\"https:\/\/corn-machines.com\/wp-content\/uploads\/2025\/11\/details-of-forage-cutter-machine.webp 540w, https:\/\/corn-machines.com\/wp-content\/uploads\/2025\/11\/details-of-forage-cutter-machine-225x300.webp 225w, https:\/\/corn-machines.com\/wp-content\/uploads\/2025\/11\/details-of-forage-cutter-machine-9x12.webp 9w\" sizes=\"auto, (max-width: 540px) 100vw, 540px\" \/><figcaption class=\"wp-element-caption\">detalhes da m\u00e1quina de cortador de forragem<\/figcaption><\/figure>    <figure class=\"wp-block-image size-large\"><img loading=\"lazy\" decoding=\"async\" width=\"540\" height=\"720\" data-id=\"1274\" src=\"https:\/\/corn-machines.com\/wp-content\/uploads\/2025\/11\/details-of-silage-cutting-machine.webp\" alt=\"detalhes da m\u00e1quina de corte de silagem\" class=\"wp-image-1274\" srcset=\"https:\/\/corn-machines.com\/wp-content\/uploads\/2025\/11\/details-of-silage-cutting-machine.webp 540w, https:\/\/corn-machines.com\/wp-content\/uploads\/2025\/11\/details-of-silage-cutting-machine-225x300.webp 225w, https:\/\/corn-machines.com\/wp-content\/uploads\/2025\/11\/details-of-silage-cutting-machine-9x12.webp 9w\" sizes=\"auto, (max-width: 540px) 100vw, 540px\" \/><figcaption class=\"wp-element-caption\">detalhes da m\u00e1quina de corte de silagem<\/figcaption><\/figure> <\/figure>    <figure class=\"wp-block-gallery has-nested-images columns-default is-cropped wp-block-gallery-5 is-layout-flex wp-block-gallery-is-layout-flex\"> <figure class=\"wp-block-image size-full\"><img loading=\"lazy\" decoding=\"async\" width=\"720\" height=\"540\" data-id=\"1277\" src=\"https:\/\/corn-machines.com\/wp-content\/uploads\/2025\/11\/corn-straw-cutting-machine.webp\" alt=\"m\u00e1quina de corte de palha de milho\" class=\"wp-image-1277\" srcset=\"https:\/\/corn-machines.com\/wp-content\/uploads\/2025\/11\/corn-straw-cutting-machine.webp 720w, https:\/\/corn-machines.com\/wp-content\/uploads\/2025\/11\/corn-straw-cutting-machine-300x225.webp 300w, https:\/\/corn-machines.com\/wp-content\/uploads\/2025\/11\/corn-straw-cutting-machine-16x12.webp 16w\" sizes=\"auto, (max-width: 720px) 100vw, 720px\" \/><figcaption class=\"wp-element-caption\">m\u00e1quina de corte de palha de milho<\/figcaption><\/figure>    <figure class=\"wp-block-image size-large\"><img loading=\"lazy\" decoding=\"async\" width=\"720\" height=\"540\" data-id=\"1276\" src=\"https:\/\/corn-machines.com\/wp-content\/uploads\/2025\/11\/split-type-hay-cutting-machine.webp\" alt=\"m\u00e1quina de corte de feno de tipo split\" class=\"wp-image-1276\" srcset=\"https:\/\/corn-machines.com\/wp-content\/uploads\/2025\/11\/split-type-hay-cutting-machine.webp 720w, https:\/\/corn-machines.com\/wp-content\/uploads\/2025\/11\/split-type-hay-cutting-machine-300x225.webp 300w, https:\/\/corn-machines.com\/wp-content\/uploads\/2025\/11\/split-type-hay-cutting-machine-16x12.webp 16w\" sizes=\"auto, (max-width: 720px) 100vw, 720px\" \/><figcaption class=\"wp-element-caption\">m\u00e1quina de corte de feno de tipo split<\/figcaption><\/figure> <\/figure>    <h2 class=\"wp-block-heading\"><strong>Aplica\u00e7\u00e3o da m\u00e1quina de tritura\u00e7\u00e3o de silagem<\/strong><\/h2>    <p>A m\u00e1quina de cortador de forragem tem uma ampla gama de aplica\u00e7\u00f5es, capaz de cortar diversos materiais secos e h\u00famidos, como feno, alfafa, cana-de-a\u00e7\u00facar, talos de milho, talos de feij\u00e3o, palha de arroz, talos de amendoim e outras culturas fibrosas, atendendo a diversas necessidades de alimenta\u00e7\u00e3o.<\/p>   <div class=\"wp-block-image\"> <figure class=\"aligncenter size-full\"><img loading=\"lazy\" decoding=\"async\" width=\"720\" height=\"540\" src=\"https:\/\/corn-machines.com\/wp-content\/uploads\/2025\/11\/application-of-silage-chopping-machine.webp\" alt=\"aplica\u00e7\u00e3o da m\u00e1quina de corte de silagem\" class=\"wp-image-1278\" srcset=\"https:\/\/corn-machines.com\/wp-content\/uploads\/2025\/11\/application-of-silage-chopping-machine.webp 720w, https:\/\/corn-machines.com\/wp-content\/uploads\/2025\/11\/application-of-silage-chopping-machine-300x225.webp 300w, https:\/\/corn-machines.com\/wp-content\/uploads\/2025\/11\/application-of-silage-chopping-machine-16x12.webp 16w\" sizes=\"auto, (max-width: 720px) 100vw, 720px\" \/><figcaption class=\"wp-element-caption\">aplica\u00e7\u00e3o da m\u00e1quina de corte de silagem<\/figcaption><\/figure> <\/div>   <p>Devido \u00e0 sua produ\u00e7\u00e3o uniforme e boa palatabilidade, a m\u00e1quina de corte e amassar palha \u00e9 amplamente utilizada em fazendas de gado, fazendas familiares, cooperativas, f\u00e1bricas de ra\u00e7\u00e3o, bases de silagem e projetos de reciclagem de palha agr\u00edcola.<\/p>    <h2 class=\"wp-block-heading\"><strong>Par\u00e2metros t\u00e9cnicos da trituradora de palha<\/strong> <strong>m\u00e1quina<\/strong><\/h2>    <p>Os par\u00e2metros da m\u00e1quina autom\u00e1tica de corte de silagem s\u00e3o os seguintes:<\/p>    <figure class=\"wp-block-table\"><table><tbody><tr><td>Modelo<\/td><td>9ZR-2.5T<\/td><td>9ZR-380A<\/td><td>9ZR-3.8B<\/td><td>9ZR-4.8T<\/td><td>9ZR-6.8<\/td><td>9ZR-8<\/td><\/tr><tr><td>Poder<\/td><td>3-4.5kw<\/td><td>3-4.5kw<\/td><td>3-4.5kw<\/td><td>5.5kw<\/td><td>7,5 kW<\/td><td>11kw<\/td><\/tr><tr><td>Capacidade<\/td><td>2500kg\/h<\/td><td>3800kg\/h<\/td><td>3800kg\/h<\/td><td>4800kg\/h<\/td><td>6800kg\/h<\/td><td>8000kg\/h<\/td><\/tr><tr><td>Tamanho<\/td><td>1350*490*750mm<\/td><td>1650*550*900mm<\/td><td>1750*550*900mm<\/td><td>1750*600*930mm<\/td><td>2283*740*1040mm<\/td><td>3400*830*1200mm<\/td><\/tr><tr><td>Peso<\/td><td>67kg<\/td><td>88kg<\/td><td>93kg<\/td><td>116kg<\/td><td>189kg<\/td><td>320kg<\/td><\/tr><\/tbody><\/table><figcaption class=\"wp-element-caption\">par\u00e2metros da m\u00e1quina autom\u00e1tica de picar feno<\/figcaption><\/figure>    <p>As especifica\u00e7\u00f5es do triturador de silagem de tipo split s\u00e3o as seguintes:<\/p>    <figure class=\"wp-block-table\"><table class=\"has-fixed-layout\"><tbody><tr><td>Modelo<\/td><td>9ZR-3.8C<\/td><td>9ZR-4.8C<\/td><\/tr><tr><td>Poder<\/td><td>3-4.5kw<\/td><td>5.5kw<\/td><\/tr><tr><td>Capacidade<\/td><td>3800kg\/h<\/td><td>4800kg\/h<\/td><\/tr><tr><td>Tamanho<\/td><td>1750*550*900mm<\/td><td>1950*600*9300mm<\/td><\/tr><tr><td>Peso<\/td><td>94kg<\/td><td>112.5kg<\/td><\/tr><\/tbody><\/table><figcaption class=\"wp-element-caption\">dados t\u00e9cnicos da cortadora de forragem de tipo split<\/figcaption><\/figure>    <h2 class=\"wp-block-heading\"><strong>Pre\u00e7o e guia de compra para picador de palha de gr\u00e3o<\/strong><\/h2>    <p>The price of the forage cutter machine is influenced by a variety of factors. The main factors include the machine&#8217;s output capacity, the material and number of blades, whether it has a shredding function, and the presence of casters. Higher output and more advanced configurations will result in a higher price.<\/p>   <div class=\"wp-block-image\"> <figure class=\"aligncenter size-full\"><img loading=\"lazy\" decoding=\"async\" width=\"720\" height=\"540\" src=\"https:\/\/corn-machines.com\/wp-content\/uploads\/2025\/11\/forage-shredder-machine.webp\" alt=\"m\u00e1quina de tritura\u00e7\u00e3o de forragem\" class=\"wp-image-1275\" srcset=\"https:\/\/corn-machines.com\/wp-content\/uploads\/2025\/11\/forage-shredder-machine.webp 720w, https:\/\/corn-machines.com\/wp-content\/uploads\/2025\/11\/forage-shredder-machine-300x225.webp 300w, https:\/\/corn-machines.com\/wp-content\/uploads\/2025\/11\/forage-shredder-machine-16x12.webp 16w\" sizes=\"auto, (max-width: 720px) 100vw, 720px\" \/><figcaption class=\"wp-element-caption\">m\u00e1quina de tritura\u00e7\u00e3o de forragem<\/figcaption><\/figure> <\/div>   <p>Ao comprar a trituradora de palha, escolha um modelo com base nas suas necessidades reais. Concentre-se no material da l\u00e2mina, na espessura da m\u00e1quina, no tipo de energia, na efici\u00eancia de produ\u00e7\u00e3o e se o comprimento de corte \u00e9 ajust\u00e1vel. \u00c9 melhor comprar de fabricantes de confian\u00e7a com servi\u00e7o p\u00f3s-venda confi\u00e1vel para garantir uso est\u00e1vel a longo prazo.<\/p>    <h2 class=\"wp-block-heading\"><strong>Caso de sucesso da m\u00e1quina de corte de silagem Taizy<\/strong><\/h2>    <p class=\"translation-block\"><strong>250 unidades de m\u00e1quinas de cortador de forragem 9ZR-2.5t enviadas para Uganda<\/strong><\/p>    <p>Um cliente de Uganda, especializado na distribui\u00e7\u00e3o de equipamentos agr\u00edcolas e pecu\u00e1rios, encomendou 250 cortadores de feno 9ZR-2.5T de n\u00f3s para fornecer a pequenos e m\u00e9dios agricultores de gado e ovelhas locais.<\/p>    <figure class=\"wp-block-gallery has-nested-images columns-default is-cropped wp-block-gallery-6 is-layout-flex wp-block-gallery-is-layout-flex\"> <figure class=\"wp-block-image size-large\"><img loading=\"lazy\" decoding=\"async\" width=\"720\" height=\"540\" data-id=\"1283\" src=\"https:\/\/corn-machines.com\/wp-content\/uploads\/2025\/11\/packaging-of-chaff-cutter.webp\" alt=\"embalagem da trituradora de palha\" class=\"wp-image-1283\" srcset=\"https:\/\/corn-machines.com\/wp-content\/uploads\/2025\/11\/packaging-of-chaff-cutter.webp 720w, https:\/\/corn-machines.com\/wp-content\/uploads\/2025\/11\/packaging-of-chaff-cutter-300x225.webp 300w, https:\/\/corn-machines.com\/wp-content\/uploads\/2025\/11\/packaging-of-chaff-cutter-16x12.webp 16w\" sizes=\"auto, (max-width: 720px) 100vw, 720px\" \/><figcaption class=\"wp-element-caption\">embalagem da trituradora de palha<\/figcaption><\/figure>    <figure class=\"wp-block-image size-large\"><img loading=\"lazy\" decoding=\"async\" width=\"720\" height=\"540\" data-id=\"1284\" src=\"https:\/\/corn-machines.com\/wp-content\/uploads\/2025\/11\/packaging-of-chaff-shredder-machine.webp\" alt=\"embalagem da m\u00e1quina de tritura\u00e7\u00e3o de palha\" class=\"wp-image-1284\" srcset=\"https:\/\/corn-machines.com\/wp-content\/uploads\/2025\/11\/packaging-of-chaff-shredder-machine.webp 720w, https:\/\/corn-machines.com\/wp-content\/uploads\/2025\/11\/packaging-of-chaff-shredder-machine-300x225.webp 300w, https:\/\/corn-machines.com\/wp-content\/uploads\/2025\/11\/packaging-of-chaff-shredder-machine-16x12.webp 16w\" sizes=\"auto, (max-width: 720px) 100vw, 720px\" \/><figcaption class=\"wp-element-caption\">embalagem da m\u00e1quina de tritura\u00e7\u00e3o de palha<\/figcaption><\/figure>    <figure class=\"wp-block-image size-large\"><img loading=\"lazy\" decoding=\"async\" width=\"720\" height=\"540\" data-id=\"1285\" src=\"https:\/\/corn-machines.com\/wp-content\/uploads\/2025\/11\/transportation-of-forage-cutting-machine.webp\" alt=\"transporte da m\u00e1quina de corte de forragem\" class=\"wp-image-1285\" srcset=\"https:\/\/corn-machines.com\/wp-content\/uploads\/2025\/11\/transportation-of-forage-cutting-machine.webp 720w, https:\/\/corn-machines.com\/wp-content\/uploads\/2025\/11\/transportation-of-forage-cutting-machine-300x225.webp 300w, https:\/\/corn-machines.com\/wp-content\/uploads\/2025\/11\/transportation-of-forage-cutting-machine-16x12.webp 16w\" sizes=\"auto, (max-width: 720px) 100vw, 720px\" \/><figcaption class=\"wp-element-caption\">transporte da m\u00e1quina de corte de forragem<\/figcaption><\/figure> <\/figure>    <p>Ap\u00f3s a entrada do equipamento em opera\u00e7\u00e3o, o cliente relatou que a m\u00e1quina funciona de forma est\u00e1vel e produz uma sa\u00edda uniforme, melhorando significativamente a efici\u00eancia do processamento de feno. Tem sido bem recebida pelos agricultores e ajudou o cliente a aumentar sua competitividade no mercado.<\/p>    <h2 class=\"wp-block-heading\"><strong>Contacte-nos agora para iniciar o seu projeto!<\/strong><\/h2>    <p>Como uma m\u00e1quina eficiente de processamento de ra\u00e7\u00e3o, a m\u00e1quina de cortador de forragem desempenha um papel importante na cria\u00e7\u00e3o de gado, produ\u00e7\u00e3o de silagem e reciclagem de palha. Ajuda a melhorar a efici\u00eancia do processamento, aumentar a qualidade da ra\u00e7\u00e3o e reduzir custos de m\u00e3o-de-obra, oferecendo suporte confi\u00e1vel aos agricultores e criadores.<\/p>    <p class=\"translation-block\">Al\u00e9m disso, oferecemos uma variedade de equipamentos de silagem, incluindo <a href=\"https:\/\/corn-machines.com\/pt\/product\/corn-silage-harvester-machine\/\">colheitadeira de silagem<\/a> e <a href=\"https:\/\/corn-machines.com\/pt\/product\/auomatic-silage-round-baler\/\">balde de silagem<\/a>, que podem ser combinados para criar solu\u00e7\u00f5es eficientes de processamento de ra\u00e7\u00e3o. Contacte-nos para mais detalhes de equipamentos e op\u00e7\u00f5es personalizadas para facilitar e tornar mais eficiente a sua cria\u00e7\u00e3o de gado!<\/p>","protected":false},"excerpt":{"rendered":"<p>The forage cutter machine is a high-efficiency device used for quickly cutting silage, hay, corn stalks, forage, and other feed ingredients, significantly improving feed processing efficiency. Its output ranges from 2500 to 8000 kg\/h, meeting the daily feed processing needs of farms of different sizes and helping farmers achieve efficient and time-saving feed processing.<\/p>","protected":false},"author":1,"featured_media":1286,"parent":0,"template":"","tags":[81,87,82],"product-type":[86],"class_list":["post-1265","product","type-product","status-publish","has-post-thumbnail","hentry","tag-corn-silage","tag-forage","tag-silage","product-type-corn-silage-processing-machine"],"_links":{"self":[{"href":"https:\/\/corn-machines.com\/pt\/wp-json\/wp\/v2\/product\/1265","targetHints":{"allow":["GET"]}}],"collection":[{"href":"https:\/\/corn-machines.com\/pt\/wp-json\/wp\/v2\/product"}],"about":[{"href":"https:\/\/corn-machines.com\/pt\/wp-json\/wp\/v2\/types\/product"}],"author":[{"embeddable":true,"href":"https:\/\/corn-machines.com\/pt\/wp-json\/wp\/v2\/users\/1"}],"wp:featuredmedia":[{"embeddable":true,"href":"https:\/\/corn-machines.com\/pt\/wp-json\/wp\/v2\/media\/1286"}],"wp:attachment":[{"href":"https:\/\/corn-machines.com\/pt\/wp-json\/wp\/v2\/media?parent=1265"}],"wp:term":[{"taxonomy":"post_tag","embeddable":true,"href":"https:\/\/corn-machines.com\/pt\/wp-json\/wp\/v2\/tags?post=1265"},{"taxonomy":"product-type","embeddable":true,"href":"https:\/\/corn-machines.com\/pt\/wp-json\/wp\/v2\/product-type?post=1265"}],"curies":[{"name":"wp","href":"https:\/\/api.w.org\/{rel}","templated":true}]}}