{"id":124,"date":"2022-09-08T00:59:16","date_gmt":"2022-09-08T00:59:16","guid":{"rendered":"https:\/\/corn-machines.com\/?post_type=product&#038;p=124"},"modified":"2024-12-11T17:43:49","modified_gmt":"2024-12-11T09:43:49","slug":"fresh-corn-thresher-sweet-corn-sheller","status":"publish","type":"product","link":"https:\/\/corn-machines.com\/pt\/product\/fresh-corn-thresher-sweet-corn-sheller\/","title":{"rendered":"Debulhador de milho fresco | Descascador de milho doce"},"content":{"rendered":"<p>A debulhadora de milho fresco pode descascar com efici\u00eancia milho fresco e cozido, com capacidade de 400-500kg\/h, garantindo que os gr\u00e3os de milho permane\u00e7am intactos e sem danos durante o processo.<\/p>    <p>Os componentes da debulhadora de milho fresco que entram em contato com o milho s\u00e3o elaborados para atender a r\u00edgidos padr\u00f5es de higiene alimentar, garantindo um processo de debulha limpo e higi\u00eanico.<\/p>    <p>A sa\u00edda da debulhadora de milho fresco \u00e9 ideal para embalagens de milho enlatado, suco de milho e produtos congelados, tornando-a uma solu\u00e7\u00e3o vers\u00e1til para diversas ind\u00fastrias de processamento de alimentos.<\/p>    <figure class=\"wp-block-embed is-type-video is-provider-youtube wp-block-embed-youtube wp-embed-aspect-16-9 wp-has-aspect-ratio\"><div class=\"wp-block-embed__wrapper\"> <iframe loading=\"lazy\" title=\"Colheita de milho doce facilitada: vis\u00e3o geral da m\u00e1quina debulhadora #maize #corn #farming #agriculture\" width=\"500\" height=\"281\" src=\"https:\/\/www.youtube.com\/embed\/yaa1-Qzv5Mk?feature=oembed\" frameborder=\"0\" allow=\"accelerometer; autoplay; clipboard-write; encrypted-media; gyroscope; picture-in-picture; web-share\" referrerpolicy=\"strict-origin-when-cross-origin\" allowfullscreen><\/iframe> <\/div><figcaption class=\"wp-element-caption\">V\u00eddeo de funcionamento da debulhadora de milho fresco<\/figcaption><\/figure>    <h2 class=\"wp-block-heading\" id=\"h-raw-materials-for-fresh-corn-thresher\">Vendo debulhador de milho fresco<\/h2>    <div class=\"wp-block-media-text is-stacked-on-mobile\"><figure class=\"wp-block-media-text__media\"><img loading=\"lazy\" decoding=\"async\" width=\"720\" height=\"540\" src=\"https:\/\/corn-machines.com\/wp-content\/uploads\/2023\/12\/Sweet-Maize-Sheller-Machine.webp\" alt=\"M\u00e1quina Descascadora de Milho Doce\" class=\"wp-image-530 size-full\" srcset=\"https:\/\/corn-machines.com\/wp-content\/uploads\/2023\/12\/Sweet-Maize-Sheller-Machine.webp 720w, https:\/\/corn-machines.com\/wp-content\/uploads\/2023\/12\/Sweet-Maize-Sheller-Machine-300x225.webp 300w\" sizes=\"auto, (max-width: 720px) 100vw, 720px\" \/><\/figure><div class=\"wp-block-media-text__content\"> <p class=\"translation-block\"><strong>Peeling requirements<\/strong>:<\/p>    <ul class=\"wp-block-list\"> <li>O milho deve ser descascado antes da debulha.<\/li>    <li>O descascamento pode ser feito manualmente ou com descascador de milho.<\/li>    <li>Os bigodes do milho tamb\u00e9m devem ser retirados antes da debulha para evitar que fiquem nos gr\u00e3os.<\/li> <\/ul>    <p class=\"translation-block\"><strong>Types of corn<\/strong>:<\/p>    <ul class=\"wp-block-list\"> <li>Adequado para debulhar todos os tipos de milho, incluindo milho fresco, doce, glutinoso e congelado (ap\u00f3s descongelamento).<\/li> <\/ul> <\/div><\/div>    <div class=\"wp-block-media-text has-media-on-the-right is-stacked-on-mobile\"><div class=\"wp-block-media-text__content\"> <p class=\"translation-block\"><strong>Production scale<\/strong>:<\/p>    <ul class=\"wp-block-list\"> <li>Ideal para produ\u00e7\u00e3o em larga escala em linhas de montagem.<\/li>    <li>Tamb\u00e9m adequado para produ\u00e7\u00e3o em pequena escala em oficinas familiares.<\/li> <\/ul>    <p class=\"translation-block\"><strong>Knife set<\/strong>:<\/p>    <ul class=\"wp-block-list\"> <li>Apresenta um conjunto de facas de alta qualidade que se ajusta automaticamente com base no tamanho da espiga de milho.<\/li> <\/ul> <\/div><figure class=\"wp-block-media-text__media\"><img loading=\"lazy\" decoding=\"async\" width=\"720\" height=\"540\" src=\"https:\/\/corn-machines.com\/wp-content\/uploads\/2022\/09\/Raw-materials-for-fresh-corn-thresher.webp\" alt=\"Mat\u00e9rias-primas para debulhador de milho fresco\" class=\"wp-image-129 size-full\" srcset=\"https:\/\/corn-machines.com\/wp-content\/uploads\/2022\/09\/Raw-materials-for-fresh-corn-thresher.webp 720w, https:\/\/corn-machines.com\/wp-content\/uploads\/2022\/09\/Raw-materials-for-fresh-corn-thresher-300x225.webp 300w\" sizes=\"auto, (max-width: 720px) 100vw, 720px\" \/><\/figure><\/div>    <div class=\"wp-block-media-text is-stacked-on-mobile\"><figure class=\"wp-block-media-text__media\"><img loading=\"lazy\" decoding=\"async\" width=\"720\" height=\"540\" src=\"https:\/\/corn-machines.com\/wp-content\/uploads\/2023\/12\/Fresh-corn-thresher-machine-with-good-price.webp\" alt=\"M\u00e1quina debulhadora de milho fresco com bom pre\u00e7o\" class=\"wp-image-526 size-full\" srcset=\"https:\/\/corn-machines.com\/wp-content\/uploads\/2023\/12\/Fresh-corn-thresher-machine-with-good-price.webp 720w, https:\/\/corn-machines.com\/wp-content\/uploads\/2023\/12\/Fresh-corn-thresher-machine-with-good-price-300x225.webp 300w\" sizes=\"auto, (max-width: 720px) 100vw, 720px\" \/><\/figure><div class=\"wp-block-media-text__content\"> <p class=\"translation-block\"><strong>Adjustable threshing<\/strong>:<\/p>    <ul class=\"wp-block-list\"> <li>A profundidade da debulha \u00e9 ajust\u00e1vel para atender a diferentes necessidades.<\/li> <\/ul>    <p class=\"translation-block\"><strong>Threshing efficiency<\/strong>:<\/p>    <ul class=\"wp-block-list\"> <li>Alcan\u00e7a efici\u00eancia de debulha de at\u00e9 99%, garantindo que o milho seja totalmente trilhado sem perda de nutrientes.<\/li> <\/ul> <\/div><\/div>    <h2 class=\"wp-block-heading\" id=\"h-parameters-of-sweet-corn-thresher\">Par\u00e2metros da debulhadora de milho doce<\/h2>    <figure class=\"wp-block-table\"><table><tbody><tr><td>Modelo<\/td><td>SL-268<\/td><td>SL-368<\/td><\/tr><tr><td>Capacidade<\/td><td>400-500 kg\/hora<\/td><td>400-500 kg\/hora<\/td><\/tr><tr><td>Peso<\/td><td>100kg<\/td><td>110kg<\/td><\/tr><tr><td>Tamanho (mm)<\/td><td>700(L)*620(L)*1250(A)<\/td><td>1320(L)*620(L)*1250(A)<\/td><\/tr><tr><td>Tens\u00e3o<\/td><td>220V,1 fase<\/td><td>220V,1 fase<\/td><\/tr><tr><td>Poder<\/td><td>2,2 kW<\/td><td>2,2 kW<\/td><\/tr><\/tbody><\/table><figcaption class=\"wp-element-caption\">Par\u00e2metros t\u00e9cnicos da m\u00e1quina debulhadora de milho fresco<\/figcaption><\/figure>    <h2 class=\"wp-block-heading\" id=\"h-sweet-corn-thresher-machine-structure\">Estrutura da m\u00e1quina debulhadora de milho doce<\/h2>    <div class=\"wp-block-media-text alignwide is-stacked-on-mobile\"><figure class=\"wp-block-media-text__media\"><img loading=\"lazy\" decoding=\"async\" width=\"720\" height=\"540\" src=\"https:\/\/corn-machines.com\/wp-content\/uploads\/2022\/09\/corn-sheller.webp\" alt=\"descascador de milho\" class=\"wp-image-132 size-full\" srcset=\"https:\/\/corn-machines.com\/wp-content\/uploads\/2022\/09\/corn-sheller.webp 720w, https:\/\/corn-machines.com\/wp-content\/uploads\/2022\/09\/corn-sheller-300x225.webp 300w\" sizes=\"auto, (max-width: 720px) 100vw, 720px\" \/><\/figure><div class=\"wp-block-media-text__content\"> <h2 class=\"wp-block-heading\" id=\"h-frequency\">Freq\u00fc\u00eancia<\/h2>    <ul class=\"wp-block-list\"> <li><strong>Coloca\u00e7\u00e3o do inversor<\/strong>. Situado dentro da m\u00e1quina para opera\u00e7\u00e3o eficiente.<\/li>    <li><strong>Velocidade ajust\u00e1vel<\/strong>. A velocidade de trabalho pode ser personalizada com base em requisitos espec\u00edficos.<\/li> <\/ul> <\/div><\/div>    <div class=\"wp-block-media-text alignwide has-media-on-the-right is-stacked-on-mobile\"><div class=\"wp-block-media-text__content\"> <h2 class=\"wp-block-heading\" id=\"h-automatic-shipping\">Transmiss\u00e3o autom\u00e1tica<\/h2>    <ul class=\"wp-block-list\"> <li><strong>Dispositivo de transporte de corrente<\/strong>. Equipado com um sistema de corrente para um funcionamento suave.<\/li>    <li><strong>Transporte autom\u00e1tico<\/strong>. Permite o manuseio de materiais cont\u00ednuo e inteligente.<\/li>    <li><strong>Aumento de efici\u00eancia<\/strong>. Melhora significativamente a efici\u00eancia geral do trabalho.<\/li> <\/ul> <\/div><figure class=\"wp-block-media-text__media\"><img loading=\"lazy\" decoding=\"async\" width=\"720\" height=\"540\" src=\"https:\/\/corn-machines.com\/wp-content\/uploads\/2022\/09\/Automatic-shipping.webp\" alt=\"Envio autom\u00e1tico\" class=\"wp-image-136 size-full\" srcset=\"https:\/\/corn-machines.com\/wp-content\/uploads\/2022\/09\/Automatic-shipping.webp 720w, https:\/\/corn-machines.com\/wp-content\/uploads\/2022\/09\/Automatic-shipping-300x225.webp 300w\" sizes=\"auto, (max-width: 720px) 100vw, 720px\" \/><\/figure><\/div>    <div class=\"wp-block-media-text alignwide is-stacked-on-mobile\"><figure class=\"wp-block-media-text__media\"><img loading=\"lazy\" decoding=\"async\" width=\"720\" height=\"540\" src=\"https:\/\/corn-machines.com\/wp-content\/uploads\/2022\/09\/corn-sheller-1.webp\" alt=\"descascador de milho\" class=\"wp-image-134 size-full\" srcset=\"https:\/\/corn-machines.com\/wp-content\/uploads\/2022\/09\/corn-sheller-1.webp 720w, https:\/\/corn-machines.com\/wp-content\/uploads\/2022\/09\/corn-sheller-1-300x225.webp 300w\" sizes=\"auto, (max-width: 720px) 100vw, 720px\" \/><\/figure><div class=\"wp-block-media-text__content\"> <h2 class=\"wp-block-heading\" id=\"h-blower-design\">Projeto do soprador<\/h2>    <ul class=\"wp-block-list\"> <li><strong>Equipado com soprador<\/strong>. Garante que o milho seja bem limpo ap\u00f3s a debulha.<\/li>    <li><strong>Elimina a limpeza secund\u00e1ria<\/strong>. Reduz a necessidade de etapas adicionais de limpeza.<\/li>    <li><strong>Economiza tempo e esfor\u00e7o<\/strong>. Aumenta a efici\u00eancia ao agilizar o processo.<\/li> <\/ul> <\/div><\/div>    <div class=\"wp-block-media-text alignwide has-media-on-the-right is-stacked-on-mobile\"><div class=\"wp-block-media-text__content\"> <h2 class=\"wp-block-heading\" id=\"h-control-panel\">Painel de controle<\/h2>    <ul class=\"wp-block-list\"> <li><strong>Recursos do painel de controle<\/strong>. Inclui um interruptor, chave reversa e chave de parada.<\/li>    <li><strong>Funcionalidade de chave reversa<\/strong>. Permite que o milho se mova para tr\u00e1s se estiver preso, resolvendo bloqueios.<\/li>    <li><strong>Opera\u00e7\u00e3o suave<\/strong>. Garante uma debulha cont\u00ednua e eficiente da m\u00e1quina.<\/li> <\/ul> <\/div><figure class=\"wp-block-media-text__media\"><img loading=\"lazy\" decoding=\"async\" width=\"720\" height=\"540\" src=\"https:\/\/corn-machines.com\/wp-content\/uploads\/2022\/09\/fresh-corn-thresher-2.webp\" alt=\"debulhador de milho fresco\" class=\"wp-image-135 size-full\" srcset=\"https:\/\/corn-machines.com\/wp-content\/uploads\/2022\/09\/fresh-corn-thresher-2.webp 720w, https:\/\/corn-machines.com\/wp-content\/uploads\/2022\/09\/fresh-corn-thresher-2-300x225.webp 300w\" sizes=\"auto, (max-width: 720px) 100vw, 720px\" \/><\/figure><\/div>    <div class=\"wp-block-media-text alignwide is-stacked-on-mobile\"><figure class=\"wp-block-media-text__media\"><img loading=\"lazy\" decoding=\"async\" width=\"720\" height=\"540\" src=\"https:\/\/corn-machines.com\/wp-content\/uploads\/2022\/09\/Corn-cob-export.webp\" alt=\"Exporta\u00e7\u00e3o de espiga de milho\" class=\"wp-image-137 size-full\" srcset=\"https:\/\/corn-machines.com\/wp-content\/uploads\/2022\/09\/Corn-cob-export.webp 720w, https:\/\/corn-machines.com\/wp-content\/uploads\/2022\/09\/Corn-cob-export-300x225.webp 300w\" sizes=\"auto, (max-width: 720px) 100vw, 720px\" \/><\/figure><div class=\"wp-block-media-text__content\"> <h2 class=\"wp-block-heading\" id=\"h-corn-cob-export\">Exporta\u00e7\u00e3o de espiga de milho<\/h2>    <ul class=\"wp-block-list\"> <li><strong>Tamanho de sa\u00edda ajust\u00e1vel<\/strong>. Adapta-se automaticamente ao tamanho do milho.<\/li>    <li><strong>Remo\u00e7\u00e3o completa do kernel<\/strong>. Garante que todos os gr\u00e3os de milho sejam bem trilhados.<\/li>    <li><strong>Preven\u00e7\u00e3o de danos<\/strong>. Protege o milho de danos durante a debulha.<\/li> <\/ul> <\/div><\/div>    <h2 class=\"wp-block-heading\" id=\"h-advantages-of-fresh-corn-thresher\">Vantagens da debulhadora de milho fresco<\/h2>    <div class=\"wp-block-media-text is-stacked-on-mobile\"><figure class=\"wp-block-media-text__media\"><img loading=\"lazy\" decoding=\"async\" width=\"720\" height=\"540\" src=\"https:\/\/corn-machines.com\/wp-content\/uploads\/2022\/09\/corn-thresher-1.webp\" alt=\"debulhador de milho\" class=\"wp-image-131 size-full\" srcset=\"https:\/\/corn-machines.com\/wp-content\/uploads\/2022\/09\/corn-thresher-1.webp 720w, https:\/\/corn-machines.com\/wp-content\/uploads\/2022\/09\/corn-thresher-1-300x225.webp 300w\" sizes=\"auto, (max-width: 720px) 100vw, 720px\" \/><\/figure><div class=\"wp-block-media-text__content\"> <ul class=\"wp-block-list\"> <li><strong>Design bem pensado<\/strong>. Equipado com rodas para movimentos f\u00e1ceis e flex\u00edveis.<\/li>    <li><strong>Rolo de borracha seguro e dur\u00e1vel<\/strong>. Feito de material at\u00f3xico, macio e el\u00e1stico para garantir que a casca ultrafina do milho permane\u00e7a intacta durante a alimenta\u00e7\u00e3o, evitando ruptura da pele e transbordamento de conte\u00fado.<\/li> <\/ul> <\/div><\/div>    <div class=\"wp-block-media-text has-media-on-the-right is-stacked-on-mobile\"><div class=\"wp-block-media-text__content\"> <ul class=\"wp-block-list\"> <li><strong>Ajuste autom\u00e1tico de tamanho<\/strong>. Adapta-se ao tamanho do milho, garantindo alta taxa de remo\u00e7\u00e3o de gr\u00e3os de milho.<\/li>    <li><strong>Sistema de alimenta\u00e7\u00e3o eficiente<\/strong>. Utiliza transporte por corrente para alimenta\u00e7\u00e3o conveniente de milho, aumentando significativamente a efici\u00eancia do trabalho.<\/li> <\/ul> <\/div><figure class=\"wp-block-media-text__media\"><img loading=\"lazy\" decoding=\"async\" width=\"720\" height=\"540\" src=\"https:\/\/corn-machines.com\/wp-content\/uploads\/2022\/09\/Corn-thresher-effect.webp\" alt=\"produtos finais da m\u00e1quina de descascar milho doce\" class=\"wp-image-142 size-full\" srcset=\"https:\/\/corn-machines.com\/wp-content\/uploads\/2022\/09\/Corn-thresher-effect.webp 720w, https:\/\/corn-machines.com\/wp-content\/uploads\/2022\/09\/Corn-thresher-effect-300x225.webp 300w\" sizes=\"auto, (max-width: 720px) 100vw, 720px\" \/><\/figure><\/div>    <h2 class=\"wp-block-heading\">Um caso de sucesso de nossa debulhadora de milho fresco<\/h2>    <p>Em uma importante empresa agr\u00edcola no Canad\u00e1, nosso Debulhador de Milho Fresco apresentou resultados excepcionais. A m\u00e1quina provou ser altamente eficiente na debulha r\u00e1pida e \u00e9 especialmente adequada para o gerenciamento de colheitas de milho em grande escala.<\/p>    <p>Ao melhorar significativamente a efici\u00eancia da produ\u00e7\u00e3o, a m\u00e1quina ajudou o cliente a reduzir as horas de trabalho durante os per\u00edodos de pico da colheita, mantendo ao mesmo tempo uma produ\u00e7\u00e3o consistente de milho de alta qualidade. <\/p>    <p>O cliente manifestou grande satisfa\u00e7\u00e3o com a durabilidade e fiabilidade da m\u00e1quina, elogiando o seu papel na moderniza\u00e7\u00e3o e agiliza\u00e7\u00e3o das suas opera\u00e7\u00f5es agr\u00edcolas.<\/p>    <figure class=\"wp-block-gallery has-nested-images columns-default is-cropped wp-block-gallery-2 is-layout-flex wp-block-gallery-is-layout-flex\"> <figure class=\"wp-block-image size-full\"><img loading=\"lazy\" decoding=\"async\" width=\"720\" height=\"540\" data-id=\"130\" src=\"https:\/\/corn-machines.com\/wp-content\/uploads\/2022\/09\/sweet-corn-thresher.webp\" alt=\"debulhador de milho doce\" class=\"wp-image-130\" srcset=\"https:\/\/corn-machines.com\/wp-content\/uploads\/2022\/09\/sweet-corn-thresher.webp 720w, https:\/\/corn-machines.com\/wp-content\/uploads\/2022\/09\/sweet-corn-thresher-300x225.webp 300w\" sizes=\"auto, (max-width: 720px) 100vw, 720px\" \/><figcaption class=\"wp-element-caption\">debulhador de milho doce para venda<\/figcaption><\/figure>    <figure class=\"wp-block-image size-full\"><img loading=\"lazy\" decoding=\"async\" width=\"720\" height=\"540\" data-id=\"492\" src=\"https:\/\/corn-machines.com\/wp-content\/uploads\/2023\/11\/sweet-corn-sheller-machine-with-good-price.webp\" alt=\"M\u00e1quina descascadora de milho doce com bom pre\u00e7o\" class=\"wp-image-492\" srcset=\"https:\/\/corn-machines.com\/wp-content\/uploads\/2023\/11\/sweet-corn-sheller-machine-with-good-price.webp 720w, https:\/\/corn-machines.com\/wp-content\/uploads\/2023\/11\/sweet-corn-sheller-machine-with-good-price-300x225.webp 300w\" sizes=\"auto, (max-width: 720px) 100vw, 720px\" \/><figcaption class=\"wp-element-caption\">M\u00e1quina descascadora de milho doce com bom pre\u00e7o<\/figcaption><\/figure> <\/figure>    <h2 class=\"wp-block-heading\">Conclus\u00e3o<\/h2>    <p class=\"translation-block\">In addition to the Fresh Corn Thresher, we offer a wide range of corn processing machines, including <a href=\"https:\/\/corn-machines.com\/pt\/product\/corn-peeling-and-threshing-machine\/\" data-type=\"link\" data-id=\"https:\/\/corn-machines.com\/product\/corn-peeling-and-threshing-machine\/\">corn peelers<\/a>, <a href=\"https:\/\/corn-machines.com\/pt\/product\/9fq-hammer-mill-machine\/\" data-type=\"link\" data-id=\"https:\/\/corn-machines.com\/product\/9fq-hammer-mill-machine\/\">corn grinders<\/a>, and <a href=\"https:\/\/corn-machines.com\/pt\/product\/corn-grain-mill-machine\/\" data-type=\"link\" data-id=\"https:\/\/corn-machines.com\/product\/corn-grain-mill-machine\/\">corn flour mills<\/a>, to meet diverse production needs. <\/p>    <p class=\"translation-block\">Feel free to contact us for more information or to request a quote. We are here to provide you with the best solutions for your <a href=\"https:\/\/en.wikipedia.org\/wiki\/Maize\" data-type=\"link\" data-id=\"https:\/\/en.wikipedia.org\/wiki\/Maize\" target=\"_blank\" rel=\"noopener\">corn<\/a> processing requirements!<\/p>    <figure class=\"wp-block-image size-full\"><img loading=\"lazy\" decoding=\"async\" width=\"720\" height=\"540\" src=\"https:\/\/corn-machines.com\/wp-content\/uploads\/2022\/09\/Application-of-fresh-corn-thresher.webp\" alt=\"Aplica\u00e7\u00e3o de debulhador de milho fresco\" class=\"wp-image-127\" srcset=\"https:\/\/corn-machines.com\/wp-content\/uploads\/2022\/09\/Application-of-fresh-corn-thresher.webp 720w, https:\/\/corn-machines.com\/wp-content\/uploads\/2022\/09\/Application-of-fresh-corn-thresher-300x225.webp 300w\" sizes=\"auto, (max-width: 720px) 100vw, 720px\" \/><figcaption class=\"wp-element-caption\">Aplica\u00e7\u00e3o de debulhador de milho fresco<\/figcaption><\/figure>","protected":false},"excerpt":{"rendered":"<p>A debulhadora de milho fresco pode descascar com efici\u00eancia milho fresco e cozido, com capacidade de 400-500kg\/h, garantindo que os gr\u00e3os de milho permane\u00e7am intactos e sem danos durante o processo.<\/p>","protected":false},"author":1,"featured_media":126,"parent":0,"template":"","tags":[18,16,33,17],"product-type":[4],"class_list":["post-124","product","type-product","status-publish","has-post-thumbnail","hentry","tag-corn-shelling","tag-corn-thresher","tag-corn-threshing-machine","tag-sheller","product-type-corn-thresher-machine"],"_links":{"self":[{"href":"https:\/\/corn-machines.com\/pt\/wp-json\/wp\/v2\/product\/124","targetHints":{"allow":["GET"]}}],"collection":[{"href":"https:\/\/corn-machines.com\/pt\/wp-json\/wp\/v2\/product"}],"about":[{"href":"https:\/\/corn-machines.com\/pt\/wp-json\/wp\/v2\/types\/product"}],"author":[{"embeddable":true,"href":"https:\/\/corn-machines.com\/pt\/wp-json\/wp\/v2\/users\/1"}],"wp:featuredmedia":[{"embeddable":true,"href":"https:\/\/corn-machines.com\/pt\/wp-json\/wp\/v2\/media\/126"}],"wp:attachment":[{"href":"https:\/\/corn-machines.com\/pt\/wp-json\/wp\/v2\/media?parent=124"}],"wp:term":[{"taxonomy":"post_tag","embeddable":true,"href":"https:\/\/corn-machines.com\/pt\/wp-json\/wp\/v2\/tags?post=124"},{"taxonomy":"product-type","embeddable":true,"href":"https:\/\/corn-machines.com\/pt\/wp-json\/wp\/v2\/product-type?post=124"}],"curies":[{"name":"wp","href":"https:\/\/api.w.org\/{rel}","templated":true}]}}