{"id":1122,"date":"2025-10-30T11:33:43","date_gmt":"2025-10-30T03:33:43","guid":{"rendered":"https:\/\/corn-machines.com\/?post_type=product&#038;p=1122"},"modified":"2025-10-30T13:31:00","modified_gmt":"2025-10-30T05:31:00","slug":"maize-harvesting-machine-with-seat","status":"publish","type":"product","link":"https:\/\/corn-machines.com\/pt\/product\/maize-harvesting-machine-with-seat\/","title":{"rendered":"M\u00e1quina de colheita de milho com assento"},"content":{"rendered":"<p class=\"translation-block\">A<strong>m\u00e1quina de colheita de milho<\/strong>com assento \u00e9 uma m\u00e1quina multifuncional que integra colheita, debulha, tritura\u00e7\u00e3o de talos e coleta de milho. Pode completar todo o processo de colheita em uma \u00fanica opera\u00e7\u00e3o, aumentando muito a efici\u00eancia do trabalho.<\/p>    <p>A efici\u00eancia de produ\u00e7\u00e3o da nossa m\u00e1quina de colheita de milho \u00e9 de 0,05\u20130,12 hm\u00b2\/h, e seu alcance de trabalho \u00e9 de 650mm. Esta m\u00e1quina de colheita de milho \u00e9 equipada com um assento para o operador, tornando-a confort\u00e1vel e f\u00e1cil de operar, e adequada para opera\u00e7\u00e3o cont\u00ednua a longo prazo.<\/p>    <figure class=\"wp-block-embed is-type-video is-provider-youtube wp-block-embed-youtube wp-embed-aspect-16-9 wp-has-aspect-ratio\"><div class=\"wp-block-embed__wrapper\"> <iframe loading=\"lazy\" title=\"\ud83c\udf3d\ud83c\udf3dM\u00e1quina de Colheita de Milho com Assento | M\u00e1quina de Milho para Colher, Descascando, Coletando\" width=\"500\" height=\"281\" src=\"https:\/\/www.youtube.com\/embed\/fg1-A7DeyfA?feature=oembed\" frameborder=\"0\" allow=\"accelerometer; autoplay; clipboard-write; encrypted-media; gyroscope; picture-in-picture; web-share\" referrerpolicy=\"strict-origin-when-cross-origin\" allowfullscreen><\/iframe> <\/div><figcaption class=\"wp-element-caption\">v\u00eddeo de trabalho da m\u00e1quina de colheita de milho<\/figcaption><\/figure>    <h2 class=\"wp-block-heading\"><strong>Caracter\u00edsticas da m\u00e1quina de colheita de milho com assento<\/strong><\/h2>    <ul class=\"wp-block-list\"> <li><strong>Opera\u00e7\u00e3o multifuncional<\/strong>: A nossa colheitadeira de milho pode realizar m\u00faltiplas fun\u00e7\u00f5es, como colheita, descasque e recolha de milho, economizando m\u00e3o-de-obra e tempo.<\/li>    <li><strong>Opera\u00e7\u00e3o confort\u00e1vel<\/strong>: Taizy maize harvester machine&#8217;s seat design provides a wide field of vision, making the operation more comfortable and less tiring.<\/li>    <li><strong>Desempenho est\u00e1vel<\/strong>: A m\u00e1quina de colheita de milho usa um sistema de energia de alta efici\u00eancia e um design estrutural otimizado, adaptando-se a diferentes terrenos e ambientes de trabalho.<\/li>    <li><strong>Longa vida \u00fatil<\/strong>: As suas pe\u00e7as s\u00e3o f\u00e1ceis de desmontar e manter, resultando em baixos custos operacionais e longa vida \u00fatil.<\/li> <\/ul>    <figure class=\"wp-block-gallery has-nested-images columns-default is-cropped wp-block-gallery-2 is-layout-flex wp-block-gallery-is-layout-flex\"> <figure class=\"wp-block-image size-large\"><img loading=\"lazy\" decoding=\"async\" width=\"720\" height=\"540\" data-id=\"1124\" src=\"https:\/\/corn-machines.com\/wp-content\/uploads\/2025\/10\/corn-harvester-with-seat.webp\" alt=\"m\u00e1quina de colheita de milho com assento\" class=\"wp-image-1124\" srcset=\"https:\/\/corn-machines.com\/wp-content\/uploads\/2025\/10\/corn-harvester-with-seat.webp 720w, https:\/\/corn-machines.com\/wp-content\/uploads\/2025\/10\/corn-harvester-with-seat-300x225.webp 300w, https:\/\/corn-machines.com\/wp-content\/uploads\/2025\/10\/corn-harvester-with-seat-16x12.webp 16w\" sizes=\"auto, (max-width: 720px) 100vw, 720px\" \/><figcaption class=\"wp-element-caption\">m\u00e1quina de colheita de milho com assento<\/figcaption><\/figure>    <figure class=\"wp-block-image size-large\"><img loading=\"lazy\" decoding=\"async\" width=\"720\" height=\"540\" data-id=\"1123\" src=\"https:\/\/corn-machines.com\/wp-content\/uploads\/2025\/10\/corn-harvested-by-mazie-harvester.webp\" alt=\"Milho colhido pela colheitadeira de milho\" class=\"wp-image-1123\" srcset=\"https:\/\/corn-machines.com\/wp-content\/uploads\/2025\/10\/corn-harvested-by-mazie-harvester.webp 720w, https:\/\/corn-machines.com\/wp-content\/uploads\/2025\/10\/corn-harvested-by-mazie-harvester-300x225.webp 300w, https:\/\/corn-machines.com\/wp-content\/uploads\/2025\/10\/corn-harvested-by-mazie-harvester-16x12.webp 16w\" sizes=\"auto, (max-width: 720px) 100vw, 720px\" \/><figcaption class=\"wp-element-caption\">Milho colhido pela colheitadeira de milho<\/figcaption><\/figure> <\/figure>    <h2 class=\"wp-block-heading\"><strong>Estrutura da m\u00e1quina de colheita de milho<\/strong><\/h2>    <p>Esta m\u00e1quina de colheita de milho apresenta uma estrutura est\u00e1vel, layout racional e opera\u00e7\u00e3o coordenada de todos os m\u00f3dulos funcionais, garantindo um funcionamento geral suave. Sua estrutura principal \u00e9 a seguinte:<\/p>    <ul class=\"wp-block-list\"> <li><strong>Dispositivo de colheita<\/strong>: Esta parte \u00e9 o mecanismo de opera\u00e7\u00e3o central de toda a m\u00e1quina. O dispositivo corta as palhas de milho e completa a colheita do milho, separando o milho das palhas de forma eficaz.<\/li>    <li><strong>Sistema de transporte e descascamento<\/strong>: O espig\u00e3o de milho \u00e9 conduzido ao mecanismo de descasque para descasque autom\u00e1tico. Ap\u00f3s a remo\u00e7\u00e3o da casca exterior, \u00e9 descarregado automaticamente.<\/li>    <li><strong>Recipiente de recolha de milho<\/strong>: \u00c9 usado para recolher espigas de milho descascadas. Facilita o descarregamento manual ou transfer\u00eancia.<\/li>    <li><strong>Sistema de pot\u00eancia<\/strong>: O sistema de energia fornece uma sa\u00edda de energia est\u00e1vel para os sistemas de colheita, transmiss\u00e3o e tritura\u00e7\u00e3o de toda a m\u00e1quina.<\/li>    <li><strong>Componentes de condu\u00e7\u00e3o e controlo<\/strong>: O operador pode conduzir o ve\u00edculo enquanto est\u00e1 sentado, e as alavancas de controlo est\u00e3o logicamente dispostas para facilitar a opera\u00e7\u00e3o.<\/li> <\/ul>   <div class=\"wp-block-image\"> <figure class=\"aligncenter size-full\"><img loading=\"lazy\" decoding=\"async\" width=\"720\" height=\"540\" src=\"https:\/\/corn-machines.com\/wp-content\/uploads\/2025\/10\/maize-harvester-with-seat.webp\" alt=\"m\u00e1quina de colheita de milho com assento\" class=\"wp-image-1125\" srcset=\"https:\/\/corn-machines.com\/wp-content\/uploads\/2025\/10\/maize-harvester-with-seat.webp 720w, https:\/\/corn-machines.com\/wp-content\/uploads\/2025\/10\/maize-harvester-with-seat-300x225.webp 300w, https:\/\/corn-machines.com\/wp-content\/uploads\/2025\/10\/maize-harvester-with-seat-16x12.webp 16w\" sizes=\"auto, (max-width: 720px) 100vw, 720px\" \/><figcaption class=\"wp-element-caption\">m\u00e1quina de colheita de milho com assento<\/figcaption><\/figure> <\/div>   <h2 class=\"wp-block-heading\"><strong>Dados t\u00e9cnicos da colheitadeira de milho <\/strong><\/h2>    <p>Esta m\u00e1quina de colheita de milho apresenta uma estrutura compacta, opera\u00e7\u00e3o suave e adequa\u00e7\u00e3o a v\u00e1rios terrenos, oferecendo uma boa experi\u00eancia ao usu\u00e1rio e desempenho confi\u00e1vel. Seus principais par\u00e2metros t\u00e9cnicos s\u00e3o os seguintes:<\/p>    <figure class=\"wp-block-table\"><table class=\"has-fixed-layout\"><tbody><tr><td>Modelo<\/td><td>CM4YZP-1<\/td><\/tr><tr><td>Poder<\/td><td>25hp<\/td><\/tr><tr><td>Produtividade<\/td><td>0,05-0,12h\u33a1\/h<\/td><\/tr><tr><td>Alcance de trabalho<\/td><td>650mm<\/td><\/tr><tr><td>Altura m\u00ednima do solo<\/td><td>200mm<\/td><\/tr><tr><td>Velocidade nominal<\/td><td>2200r\/min<\/td><\/tr><tr><td>Tamanho<\/td><td>3650*1000*1270mm<\/td><\/tr><tr><td>Peso<\/td><td>950kg<\/td><\/tr><\/tbody><\/table><figcaption class=\"wp-element-caption\">par\u00e2metros da m\u00e1quina de colheita de milho<\/figcaption><\/figure>    <h2 class=\"wp-block-heading\"><strong>Outra m\u00e1quina de colheita de milho \u00e0 venda<\/strong><\/h2>    <p class=\"translation-block\">Al\u00e9m desta m\u00e1quina de colheita de milho com assento, tamb\u00e9m vendemos<a href=\"https:\/\/corn-machines.com\/pt\/product\/mini-corn-harvesting-machine-maize-picker-machine\/\">m\u00e1quina de colheita de milho manual<\/a>, que possui um design mais compacto e flex\u00edvel, tornando-a adequada para pequenas fazendas ou agricultores individuais.<\/p>    <div class=\"wp-block-media-text is-stacked-on-mobile\"><figure class=\"wp-block-media-text__media\"><img loading=\"lazy\" decoding=\"async\" width=\"720\" height=\"540\" src=\"https:\/\/corn-machines.com\/wp-content\/uploads\/2025\/10\/hand-push-corn-harvesting-machine.webp\" alt=\"m\u00e1quina de colheita de milho manual\" class=\"wp-image-1126 size-full\" srcset=\"https:\/\/corn-machines.com\/wp-content\/uploads\/2025\/10\/hand-push-corn-harvesting-machine.webp 720w, https:\/\/corn-machines.com\/wp-content\/uploads\/2025\/10\/hand-push-corn-harvesting-machine-300x225.webp 300w, https:\/\/corn-machines.com\/wp-content\/uploads\/2025\/10\/hand-push-corn-harvesting-machine-16x12.webp 16w\" sizes=\"auto, (max-width: 720px) 100vw, 720px\" \/><\/figure><div class=\"wp-block-media-text__content\"> <ul class=\"wp-block-list\"> <li>Modelo: 4YZ-1<\/li>    <li>Velocidade de trabalho: 0,72-1,44km\/h<\/li>    <li>Produtividade: 0,03-0,06h\u33a1\/h<\/li>    <li>Tamanho: 1820*800*1190mm<\/li>    <li>Peso: 265kg<\/li> <\/ul> <\/div><\/div>    <h2 class=\"wp-block-heading\"><strong>Quanto custa a colheitadeira de milho?<\/strong><\/h2>    <p>O pre\u00e7o da m\u00e1quina de colheita de milho varia dependendo do modelo, caracter\u00edsticas e processo de produ\u00e7\u00e3o. Geralmente, a pot\u00eancia da m\u00e1quina, o n\u00edvel de automa\u00e7\u00e3o e se inclui o assento e o dispositivo de descasque afetam todos o custo total.<\/p>    <figure class=\"wp-block-gallery has-nested-images columns-default is-cropped wp-block-gallery-3 is-layout-flex wp-block-gallery-is-layout-flex\"> <figure class=\"wp-block-image size-large\"><img loading=\"lazy\" decoding=\"async\" width=\"720\" height=\"540\" data-id=\"1129\" src=\"https:\/\/corn-machines.com\/wp-content\/uploads\/2025\/10\/corn-harvesting-machine.webp\" alt=\"m\u00e1quina de colheita de milho\" class=\"wp-image-1129\" srcset=\"https:\/\/corn-machines.com\/wp-content\/uploads\/2025\/10\/corn-harvesting-machine.webp 720w, https:\/\/corn-machines.com\/wp-content\/uploads\/2025\/10\/corn-harvesting-machine-300x225.webp 300w, https:\/\/corn-machines.com\/wp-content\/uploads\/2025\/10\/corn-harvesting-machine-16x12.webp 16w\" sizes=\"auto, (max-width: 720px) 100vw, 720px\" \/><figcaption class=\"wp-element-caption\">m\u00e1quina de colheita de milho<\/figcaption><\/figure>    <figure class=\"wp-block-image size-large\"><img loading=\"lazy\" decoding=\"async\" width=\"720\" height=\"540\" data-id=\"1128\" src=\"https:\/\/corn-machines.com\/wp-content\/uploads\/2025\/10\/corn-harvester-machine.webp\" alt=\"m\u00e1quina colheitadeira de milho\" class=\"wp-image-1128\" srcset=\"https:\/\/corn-machines.com\/wp-content\/uploads\/2025\/10\/corn-harvester-machine.webp 720w, https:\/\/corn-machines.com\/wp-content\/uploads\/2025\/10\/corn-harvester-machine-300x225.webp 300w, https:\/\/corn-machines.com\/wp-content\/uploads\/2025\/10\/corn-harvester-machine-16x12.webp 16w\" sizes=\"auto, (max-width: 720px) 100vw, 720px\" \/><figcaption class=\"wp-element-caption\">m\u00e1quina colheitadeira de milho<\/figcaption><\/figure> <\/figure>    <p>Ao adquirir a colheitadeira de milho, os usu\u00e1rios devem considerar sua escala de plantio, condi\u00e7\u00f5es do terreno e requisitos de or\u00e7amento para selecionar uma colheitadeira de milho econ\u00f4mica e est\u00e1vel.<\/p>    <h2 class=\"wp-block-heading\"><strong>Por que escolher a Taizy como sua melhor op\u00e7\u00e3o?<\/strong><\/h2>    <ul class=\"wp-block-list\"> <li>Focamos no campo da maquinaria agr\u00edcola h\u00e1 muitos anos, oferecendo produtos confi\u00e1veis com desempenho est\u00e1vel e <strong>ampla experi\u00eancia em exporta\u00e7\u00e3o<\/strong>.<\/li>    <li>Fornecemos uma gama completa de maquinaria agr\u00edcola, incluindo m\u00e1quina de colheita de milho, <a href=\"https:\/\/corn-machines.com\/pt\/product\/automated-corn-sowing-machine\/\">planter de milho<\/a>, <a href=\"https:\/\/corn-machines.com\/pt\/product\/corn-shelling-machine\/\">debulhador de milho<\/a>, <a href=\"https:\/\/corn-machines.com\/pt\/product\/corn-grits-machine\/\">m\u00e1quina de fazer flocos de milho<\/a>, e outros equipamentos, oferecendo um servi\u00e7o completo.<\/li>    <li>Temos uma <strong>equipe t\u00e9cnica profissional<\/strong> que pode fornecer solu\u00e7\u00f5es personalizadas com base em diferentes necessidades de produ\u00e7\u00e3o.<\/li>    <li>Temos uma c<strong>sistema abrangente de servi\u00e7o p\u00f3s-venda<\/strong>. Fornecemos aos clientes orienta\u00e7\u00e3o t\u00e9cnica, aconselhamento sobre manuten\u00e7\u00e3o de equipamentos e suporte na resolu\u00e7\u00e3o de problemas para garantir o funcionamento suave do equipamento.<\/li> <\/ul>    <figure class=\"wp-block-gallery has-nested-images columns-default is-cropped wp-block-gallery-4 is-layout-flex wp-block-gallery-is-layout-flex\"> <figure class=\"wp-block-image size-large\"><img loading=\"lazy\" decoding=\"async\" width=\"720\" height=\"540\" data-id=\"1011\" src=\"https:\/\/corn-machines.com\/wp-content\/uploads\/2025\/09\/our-company-1.webp\" alt=\"nossa empresa\" class=\"wp-image-1011\" srcset=\"https:\/\/corn-machines.com\/wp-content\/uploads\/2025\/09\/our-company-1.webp 720w, https:\/\/corn-machines.com\/wp-content\/uploads\/2025\/09\/our-company-1-300x225.webp 300w, https:\/\/corn-machines.com\/wp-content\/uploads\/2025\/09\/our-company-1-16x12.webp 16w\" sizes=\"auto, (max-width: 720px) 100vw, 720px\" \/><figcaption class=\"wp-element-caption\">nossa empresa<\/figcaption><\/figure>    <figure class=\"wp-block-image size-large\"><img loading=\"lazy\" decoding=\"async\" width=\"720\" height=\"540\" data-id=\"1012\" src=\"https:\/\/corn-machines.com\/wp-content\/uploads\/2025\/09\/our-customer-1.webp\" alt=\"o nosso cliente\" class=\"wp-image-1012\" srcset=\"https:\/\/corn-machines.com\/wp-content\/uploads\/2025\/09\/our-customer-1.webp 720w, https:\/\/corn-machines.com\/wp-content\/uploads\/2025\/09\/our-customer-1-300x225.webp 300w, https:\/\/corn-machines.com\/wp-content\/uploads\/2025\/09\/our-customer-1-16x12.webp 16w\" sizes=\"auto, (max-width: 720px) 100vw, 720px\" \/><figcaption class=\"wp-element-caption\">o nosso cliente<\/figcaption><\/figure> <\/figure>    <h2 class=\"wp-block-heading\"><strong>Contate-nos hoje mesmo!<\/strong><\/h2>    <p>Nossa m\u00e1quina de colheita de milho n\u00e3o \u00e9 apenas uma ferramenta de alta performance, mas tamb\u00e9m uma assistente poderosa para uma produ\u00e7\u00e3o agr\u00edcola moderna eficiente. Facilita a colheita de cada campo de milho, tornando-a mais f\u00e1cil e eficiente.<\/p>    <p>Como fornecedor profissional de equipamentos agr\u00edcolas, a Taizy est\u00e1 comprometida em criar valor real para nossos clientes. Escolher-nos significa optar por equipamentos de colheita de milho eficientes e confi\u00e1veis. Entre em contato conosco hoje para obter mais detalhes e solu\u00e7\u00f5es personalizadas.<\/p>","protected":false},"excerpt":{"rendered":"<p>Este artigo apresenta principalmente a m\u00e1quina de colheita de milho com um assento, incluindo suas fun\u00e7\u00f5es, estrutura e par\u00e2metros. Nossa colhedora de milho integra a colheita, descasque e coleta, com uma produtividade de 0,05-0,12 hm\u00b2\/h e uma largura de opera\u00e7\u00e3o de 650 mm.<\/p>","protected":false},"author":1,"featured_media":1130,"parent":0,"template":"","tags":[42,43],"product-type":[3],"class_list":["post-1122","product","type-product","status-publish","has-post-thumbnail","hentry","tag-corn","tag-maize","product-type-corn-harvesting-machine"],"_links":{"self":[{"href":"https:\/\/corn-machines.com\/pt\/wp-json\/wp\/v2\/product\/1122","targetHints":{"allow":["GET"]}}],"collection":[{"href":"https:\/\/corn-machines.com\/pt\/wp-json\/wp\/v2\/product"}],"about":[{"href":"https:\/\/corn-machines.com\/pt\/wp-json\/wp\/v2\/types\/product"}],"author":[{"embeddable":true,"href":"https:\/\/corn-machines.com\/pt\/wp-json\/wp\/v2\/users\/1"}],"wp:featuredmedia":[{"embeddable":true,"href":"https:\/\/corn-machines.com\/pt\/wp-json\/wp\/v2\/media\/1130"}],"wp:attachment":[{"href":"https:\/\/corn-machines.com\/pt\/wp-json\/wp\/v2\/media?parent=1122"}],"wp:term":[{"taxonomy":"post_tag","embeddable":true,"href":"https:\/\/corn-machines.com\/pt\/wp-json\/wp\/v2\/tags?post=1122"},{"taxonomy":"product-type","embeddable":true,"href":"https:\/\/corn-machines.com\/pt\/wp-json\/wp\/v2\/product-type?post=1122"}],"curies":[{"name":"wp","href":"https:\/\/api.w.org\/{rel}","templated":true}]}}