{"id":1061,"date":"2025-10-17T15:32:17","date_gmt":"2025-10-17T07:32:17","guid":{"rendered":"https:\/\/corn-machines.com\/?post_type=product&#038;p=1061"},"modified":"2025-10-20T14:06:57","modified_gmt":"2025-10-20T06:06:57","slug":"maize-threshing-machine","status":"publish","type":"product","link":"https:\/\/corn-machines.com\/pt\/product\/maize-threshing-machine\/","title":{"rendered":"Trituradora de milho para descascar milho"},"content":{"rendered":"<p class=\"translation-block\">A <strong>debbulhadora de milho<\/strong> \u00e9 principalmente usada para separar gr\u00e3os de milho das espigas. A nossa debulhadora de milho \u00e9 altamente eficiente, atingindo uma taxa de produ\u00e7\u00e3o de 2.000-3.000 kg\/h, e a sua taxa de debulha pode exceder 99%.<\/p>    <p>A m\u00e1quina debulhadora Taizy \u00e9 f\u00e1cil de operar, altamente eficiente, tem alta efici\u00eancia de debulha e minimiza quebras. Portanto, \u00e9 popular em todo o mundo e j\u00e1 foi exportada para pa\u00edses como Sud\u00e3o, \u00cdndia e Nig\u00e9ria. Se precisar da debulhadora, contacte-nos hoje para uma consulta gratuita.<\/p>    <figure class=\"wp-block-embed is-type-video is-provider-youtube wp-block-embed-youtube wp-embed-aspect-16-9 wp-has-aspect-ratio\"><div class=\"wp-block-embed__wrapper\"> <iframe loading=\"lazy\" title=\"M\u00e1quina Autom\u00e1tica de Debulha de Milho | M\u00e1quina de Casca de Milho de Alta Efic\u00e1cia para Debulhar Milho\" width=\"500\" height=\"281\" src=\"https:\/\/www.youtube.com\/embed\/ajgutRLRBik?feature=oembed\" frameborder=\"0\" allow=\"accelerometer; autoplay; clipboard-write; encrypted-media; gyroscope; picture-in-picture; web-share\" referrerpolicy=\"strict-origin-when-cross-origin\" allowfullscreen><\/iframe> <\/div><figcaption class=\"wp-element-caption\">processo de trabalho da debulhadora de milho<\/figcaption><\/figure>    <h2 class=\"wp-block-heading\"><strong>Principais caracter\u00edsticas da m\u00e1quina de descascagem de milho<\/strong><\/h2>    <ul class=\"wp-block-list\"> <li><strong>Alta efici\u00eancia<\/strong>: A nossa debulhadora de milho adota uma entrada vertical de grande di\u00e2metro de 440\u00d7440mm, e a efici\u00eancia de debulha pode atingir 2000-3000kg\/h, o que poupa muito tempo de opera\u00e7\u00e3o manual.<\/li>    <li><strong>Bom efeito de debulha<\/strong>: A m\u00e1quina de debulhar milho Taizy adota uma estrutura \u00fanica de martelos em espiral, que permite debulhar suavemente milho seco e h\u00famido, com uma taxa de debulha de &gt;99% e os gr\u00e3os de milho permanecem intactos e n\u00e3o partidos.<\/li>    <li><strong>Desempenho est\u00e1vel<\/strong>: Esta m\u00e1quina de debulhar milho usa um motor de n\u00facleo de cobre puro, que pode trabalhar continuamente por um longo per\u00edodo sem aquecer facilmente, garantindo a opera\u00e7\u00e3o cont\u00ednua e eficiente da m\u00e1quina.<\/li>    <li><strong>Longa vida \u00fatil<\/strong>: O seu corpo adota tecnologia de pulveriza\u00e7\u00e3o eletrost\u00e1tica, a superf\u00edcie \u00e9 lisa e bonita, e possui boa resist\u00eancia \u00e0 humidade e \u00e0 corros\u00e3o, al\u00e9m de uma longa vida \u00fatil.<\/li>    <li><strong>Flexibilidade forte<\/strong>: A nossa m\u00e1quina de descascamento de milho pode ser equipada com pneus grandes na parte inferior, facilitando a movimenta\u00e7\u00e3o e atendendo \u00e0s necessidades de diferentes cen\u00e1rios operacionais.<\/li> <\/ul>    <figure class=\"wp-block-gallery has-nested-images columns-default is-cropped wp-block-gallery-2 is-layout-flex wp-block-gallery-is-layout-flex\"> <figure class=\"wp-block-image size-large\"><img loading=\"lazy\" decoding=\"async\" width=\"720\" height=\"540\" data-id=\"1062\" src=\"https:\/\/corn-machines.com\/wp-content\/uploads\/2025\/10\/corn-sheller-machine.webp\" alt=\"debullhador de milho\" class=\"wp-image-1062\" srcset=\"https:\/\/corn-machines.com\/wp-content\/uploads\/2025\/10\/corn-sheller-machine.webp 720w, https:\/\/corn-machines.com\/wp-content\/uploads\/2025\/10\/corn-sheller-machine-300x225.webp 300w, https:\/\/corn-machines.com\/wp-content\/uploads\/2025\/10\/corn-sheller-machine-16x12.webp 16w\" sizes=\"auto, (max-width: 720px) 100vw, 720px\" \/><figcaption class=\"wp-element-caption\">debullhador de milho<\/figcaption><\/figure>    <figure class=\"wp-block-image size-large\"><img loading=\"lazy\" decoding=\"async\" width=\"720\" height=\"540\" data-id=\"1063\" src=\"https:\/\/corn-machines.com\/wp-content\/uploads\/2025\/10\/corn-thresher.webp\" alt=\"debulhador de milho\" class=\"wp-image-1063\" srcset=\"https:\/\/corn-machines.com\/wp-content\/uploads\/2025\/10\/corn-thresher.webp 720w, https:\/\/corn-machines.com\/wp-content\/uploads\/2025\/10\/corn-thresher-300x225.webp 300w, https:\/\/corn-machines.com\/wp-content\/uploads\/2025\/10\/corn-thresher-16x12.webp 16w\" sizes=\"auto, (max-width: 720px) 100vw, 720px\" \/><figcaption class=\"wp-element-caption\">debulhador de milho<\/figcaption><\/figure> <\/figure>    <h2 class=\"wp-block-heading\"><strong>Estrutura da m\u00e1quina debulhadora de milho<\/strong><\/h2>    <p>A debulhadora Taizy tem uma estrutura compacta e razo\u00e1vel, por isso \u00e9 f\u00e1cil de operar. Constitui-se principalmente de uma entrada destac\u00e1vel, sistema de energia (pode ser equipado com motor a diesel ou el\u00e9trico), sa\u00edda de gr\u00e3os, sa\u00edda de espigas, pneus grandes e estrutura de reboque.<\/p>   <div class=\"wp-block-image\"> <figure class=\"aligncenter size-full\"><img loading=\"lazy\" decoding=\"async\" width=\"720\" height=\"540\" src=\"https:\/\/corn-machines.com\/wp-content\/uploads\/2025\/10\/structure-of-corn-shelling-machine.webp\" alt=\"estrutura de m\u00e1quina de descascagem de milho\" class=\"wp-image-1071\" srcset=\"https:\/\/corn-machines.com\/wp-content\/uploads\/2025\/10\/structure-of-corn-shelling-machine.webp 720w, https:\/\/corn-machines.com\/wp-content\/uploads\/2025\/10\/structure-of-corn-shelling-machine-300x225.webp 300w, https:\/\/corn-machines.com\/wp-content\/uploads\/2025\/10\/structure-of-corn-shelling-machine-16x12.webp 16w\" sizes=\"auto, (max-width: 720px) 100vw, 720px\" \/><figcaption class=\"wp-element-caption\">estrutura de m\u00e1quina de descascagem de milho<\/figcaption><\/figure> <\/div>   <h2 class=\"wp-block-heading\"><strong>Par\u00e2metros da m\u00e1quina de debulhar milho<\/strong><\/h2>    <p>Os par\u00e2metros da m\u00e1quina debulhadora de milho Taizy est\u00e3o apresentados na tabela seguinte.<\/p>    <figure class=\"wp-block-table\"><table class=\"has-fixed-layout\"><tbody><tr><td>Modelo<\/td><td>TZ-650<\/td><\/tr><tr><td>Efici\u00eancia de debulha<\/td><td>2000-3000kg\/h<\/td><\/tr><tr><td>Taxa de debulha<\/td><td>&gt;99%<\/td><\/tr><tr><td>Pot\u00eancia do motor<\/td><td>3.5hp<\/td><\/tr><tr><td>Tamanho de entrada<\/td><td>440*440mm<\/td><\/tr><tr><td>Tamanho da m\u00e1quina<\/td><td>900*930*430mm<\/td><\/tr><tr><td>Peso da m\u00e1quina<\/td><td>45kg<\/td><\/tr><\/tbody><\/table><figcaption class=\"wp-element-caption\">par\u00e2metros de m\u00e1quina de descascagem de milho<\/figcaption><\/figure>    <h2 class=\"wp-block-heading\"><strong>Benef\u00edcios da debulha do milho<\/strong><\/h2>    <p>A descasca\u00e7\u00e3o de milho \u00e9 um processo importante ap\u00f3s a colheita. Existem muitos benef\u00edcios na descascagem do milho.<\/p>    <ul class=\"wp-block-list\"> <li>Ap\u00f3s a casca de milho ser removida, o seu volume \u00e9 significativamente reduzido, tornando-se <strong>mais f\u00e1cil de embalar e transportar<\/strong>. A armazenagem tamb\u00e9m se torna mais conveniente e segura.<\/li>    <li>Os gr\u00e3os de milho descascados podem ser utilizados diretamente na transforma\u00e7\u00e3o alimentar, produ\u00e7\u00e3o de ra\u00e7\u00e3o ou extra\u00e7\u00e3o de \u00f3leo, enquanto os carpelos de milho tamb\u00e9m podem ser reutilizados como combust\u00edvel, ra\u00e7\u00e3o ou mat\u00e9rias-primas industriais, <strong>aumentando o valor econ\u00f3mico global<\/strong>.<\/li>    <li>Orelhas de milho n\u00e3o debulhadas cont\u00eam muita humidade, tornando-as suscet\u00edveis a bolor e insetos. Debulhar e secar de forma eficaz <strong>reduzir o conte\u00fado de humidade do milho<\/strong>, prevenindo a deteriora\u00e7\u00e3o e prolongando a sua vida \u00fatil de armazenamento.<\/li>    <li>Os gr\u00e3os de milho debulhados podem entrar diretamente nas etapas de processamento subsequentes, como descascamento, tritura\u00e7\u00e3o, fabrico de farinha e de farinha de milho, o que <strong>melhora significativamente a efici\u00eancia de processamento<\/strong>.<\/li> <\/ul>    <figure class=\"wp-block-gallery has-nested-images columns-default is-cropped wp-block-gallery-3 is-layout-flex wp-block-gallery-is-layout-flex\"> <figure class=\"wp-block-image size-large\"><img loading=\"lazy\" decoding=\"async\" width=\"720\" height=\"540\" data-id=\"1065\" src=\"https:\/\/corn-machines.com\/wp-content\/uploads\/2025\/10\/maize-threshing-machine.webp\" alt=\"debulhadora de milho\" class=\"wp-image-1065\" srcset=\"https:\/\/corn-machines.com\/wp-content\/uploads\/2025\/10\/maize-threshing-machine.webp 720w, https:\/\/corn-machines.com\/wp-content\/uploads\/2025\/10\/maize-threshing-machine-300x225.webp 300w, https:\/\/corn-machines.com\/wp-content\/uploads\/2025\/10\/maize-threshing-machine-16x12.webp 16w\" sizes=\"auto, (max-width: 720px) 100vw, 720px\" \/><figcaption class=\"wp-element-caption\">debulhadora de milho<\/figcaption><\/figure>    <figure class=\"wp-block-image size-large\"><img loading=\"lazy\" decoding=\"async\" width=\"720\" height=\"540\" data-id=\"1064\" src=\"https:\/\/corn-machines.com\/wp-content\/uploads\/2025\/10\/threshing-effect-of-corn-thresher.webp\" alt=\"efeito de debulha da debulhadora de milho\" class=\"wp-image-1064\" srcset=\"https:\/\/corn-machines.com\/wp-content\/uploads\/2025\/10\/threshing-effect-of-corn-thresher.webp 720w, https:\/\/corn-machines.com\/wp-content\/uploads\/2025\/10\/threshing-effect-of-corn-thresher-300x225.webp 300w, https:\/\/corn-machines.com\/wp-content\/uploads\/2025\/10\/threshing-effect-of-corn-thresher-16x12.webp 16w\" sizes=\"auto, (max-width: 720px) 100vw, 720px\" \/><figcaption class=\"wp-element-caption\">efeito de debulha da debulhadora de milho<\/figcaption><\/figure> <\/figure>    <h2 class=\"wp-block-heading\"><strong>Pre\u00e7o da m\u00e1quina de descascagem de milho<\/strong><\/h2>    <p>O pre\u00e7o da m\u00e1quina debulhadora de milho \u00e9 influenciado por v\u00e1rios fatores, incluindo o modelo da m\u00e1quina, a produtividade, o material, a fonte de energia e a configura\u00e7\u00e3o. Em geral, maior produ\u00e7\u00e3o, mais recursos abrangentes e materiais mais dur\u00e1veis resultam em pre\u00e7os mais elevados.<\/p>   <div class=\"wp-block-image\"> <figure class=\"aligncenter size-full\"><img loading=\"lazy\" decoding=\"async\" width=\"720\" height=\"540\" src=\"https:\/\/corn-machines.com\/wp-content\/uploads\/2025\/10\/corn-threshing-machine.webp\" alt=\"debulhadora de milho\" class=\"wp-image-1066\" srcset=\"https:\/\/corn-machines.com\/wp-content\/uploads\/2025\/10\/corn-threshing-machine.webp 720w, https:\/\/corn-machines.com\/wp-content\/uploads\/2025\/10\/corn-threshing-machine-300x225.webp 300w, https:\/\/corn-machines.com\/wp-content\/uploads\/2025\/10\/corn-threshing-machine-16x12.webp 16w\" sizes=\"auto, (max-width: 720px) 100vw, 720px\" \/><figcaption class=\"wp-element-caption\">debulhadora de milho<\/figcaption><\/figure> <\/div>   <p>Ao comprar a m\u00e1quina debulhadora de milho, os utilizadores devem considerar n\u00e3o apenas o pre\u00e7o, mas tamb\u00e9m a qualidade e o desempenho. Uma debulhadora de milho de alta qualidade n\u00e3o s\u00f3 melhora a efici\u00eancia, como tamb\u00e9m reduz a quebra de gr\u00e3os e estende a sua vida \u00fatil, tornando-a mais rent\u00e1vel a longo prazo.<\/p>    <h2 class=\"wp-block-heading\"><strong>Por que escolher a Taizy como seu fornecedor principal?<\/strong><\/h2>    <ul class=\"wp-block-list\"> <li>Como fabricante profissional de maquinaria agr\u00edcola, a Taizy orgulha-se de <strong>ampla experi\u00eancia de produ\u00e7\u00e3o e exporta\u00e7\u00e3o<\/strong>, permitindo-nos fornecer equipamentos e solu\u00e7\u00f5es adaptados \u00e0s necessidades espec\u00edficas dos clientes em v\u00e1rias regi\u00f5es.<\/li>    <li>N\u00f3s tratamos tanto da produ\u00e7\u00e3o quanto da venda dos nossos produtos. Esta abordagem garante uma qualidade de produto consistente, ao mesmo tempo que reduz significativamente os custos, permitindo-nos oferecer aos clientes equipamentos com <strong>maiores vantagens de pre\u00e7o<\/strong>.<\/li>    <li>Em termos de servi\u00e7o, estabelecemos uma <strong>sistema abrangente de p\u00f3s-venda<\/strong>, oferecendo servi\u00e7os completos incluindo orienta\u00e7\u00e3o t\u00e9cnica, instala\u00e7\u00e3o e comissionamento, e forma\u00e7\u00e3o de operadores.<\/li>    <li>A Taizy oferece uma gama abrangente de m\u00e1quinas, proporcionando aos clientes solu\u00e7\u00f5es completas de equipamentos de processamento de milho, incluindo <a href=\"https:\/\/corn-machines.com\/pt\/product\/mini-corn-harvesting-machine-maize-picker-machine\/\">colheitadeira de milho<\/a>, <a href=\"https:\/\/corn-machines.com\/pt\/product\/mobile-grain-dryer-for-drying-grain\/\">secador de milho<\/a>, <a href=\"https:\/\/corn-machines.com\/pt\/product\/corn-grits-machine\/\">fabricante de gr\u00e3os de milho<\/a>, e mais.<\/li> <\/ul>    <figure class=\"wp-block-gallery has-nested-images columns-default is-cropped wp-block-gallery-4 is-layout-flex wp-block-gallery-is-layout-flex\"> <figure class=\"wp-block-image size-large\"><img loading=\"lazy\" decoding=\"async\" width=\"720\" height=\"540\" data-id=\"1067\" src=\"https:\/\/corn-machines.com\/wp-content\/uploads\/2025\/10\/maize-thresher-machine.webp\" alt=\"debullhador de milho\" class=\"wp-image-1067\" srcset=\"https:\/\/corn-machines.com\/wp-content\/uploads\/2025\/10\/maize-thresher-machine.webp 720w, https:\/\/corn-machines.com\/wp-content\/uploads\/2025\/10\/maize-thresher-machine-300x225.webp 300w, https:\/\/corn-machines.com\/wp-content\/uploads\/2025\/10\/maize-thresher-machine-16x12.webp 16w\" sizes=\"auto, (max-width: 720px) 100vw, 720px\" \/><figcaption class=\"wp-element-caption\">debullhador de milho<\/figcaption><\/figure>    <figure class=\"wp-block-image size-large\"><img loading=\"lazy\" decoding=\"async\" width=\"720\" height=\"540\" data-id=\"1068\" src=\"https:\/\/corn-machines.com\/wp-content\/uploads\/2025\/10\/maize-thresher.webp\" alt=\"debulhador de milho\" class=\"wp-image-1068\" srcset=\"https:\/\/corn-machines.com\/wp-content\/uploads\/2025\/10\/maize-thresher.webp 720w, https:\/\/corn-machines.com\/wp-content\/uploads\/2025\/10\/maize-thresher-300x225.webp 300w, https:\/\/corn-machines.com\/wp-content\/uploads\/2025\/10\/maize-thresher-16x12.webp 16w\" sizes=\"auto, (max-width: 720px) 100vw, 720px\" \/><figcaption class=\"wp-element-caption\">debulhador de milho<\/figcaption><\/figure> <\/figure>    <h2 class=\"wp-block-heading\"><strong>Caso de sucesso da debulhadora de milho<\/strong><\/h2>    <p class=\"translation-block\"><strong>A Taizy exportou com \u00eaxito 48 debulhadoras de milho para o Sud\u00e3o<\/strong><\/p>    <p>Ap\u00f3s a adjudica\u00e7\u00e3o bem-sucedida numa licita\u00e7\u00e3o governamental, o cliente local selecionou a Taizy como fornecedora de equipamento. Ap\u00f3s compara\u00e7\u00f5es minuciosas, o cliente acabou por escolher a Taizy como fornecedor, valorizando principalmente o desempenho est\u00e1vel e o pre\u00e7o razo\u00e1vel da nossa m\u00e1quina debulhadora de milho.<\/p>   <div class=\"wp-block-image\"> <figure class=\"aligncenter size-full\"><img loading=\"lazy\" decoding=\"async\" width=\"720\" height=\"540\" src=\"https:\/\/corn-machines.com\/wp-content\/uploads\/2025\/10\/maize-sheller-machine.webp\" alt=\"M\u00e1quina descascadora de milho\" class=\"wp-image-1069\" srcset=\"https:\/\/corn-machines.com\/wp-content\/uploads\/2025\/10\/maize-sheller-machine.webp 720w, https:\/\/corn-machines.com\/wp-content\/uploads\/2025\/10\/maize-sheller-machine-300x225.webp 300w, https:\/\/corn-machines.com\/wp-content\/uploads\/2025\/10\/maize-sheller-machine-16x12.webp 16w\" sizes=\"auto, (max-width: 720px) 100vw, 720px\" \/><figcaption class=\"wp-element-caption\">M\u00e1quina descascadora de milho<\/figcaption><\/figure> <\/div>   <p>Este lote de descascadoras de milho j\u00e1 foi implantado e est\u00e1 agora a funcionar no Sud\u00e3o. O feedback dos clientes indica que as debulhadoras de milho produzem descascamento limpo e alta efici\u00eancia, aumentando significativamente as capacidades locais de processamento de milho. <\/p>    <h2 class=\"wp-block-heading\"><strong>Contacte-nos imediatamente!<\/strong><\/h2>    <p>Utilizar a debulhadora de milho n\u00e3o s\u00f3 melhora significativamente a efici\u00eancia da debulha do milho e reduz os custos de m\u00e3o de obra, como tamb\u00e9m garante gr\u00e3os intactos e limpos, facilitando o armazenamento e o transporte. \u00c9 um dispositivo ideal, eficiente e fi\u00e1vel para a agricultura moderna.<\/p>    <p>Contacte-nos hoje para mais informa\u00e7\u00f5es e um or\u00e7amento. Oferecemos consultoria t\u00e9cnica gratuita e a melhor solu\u00e7\u00e3o.<\/p>","protected":false},"excerpt":{"rendered":"<p>The maize threshing machine can quickly and efficiently separate corn kernels from the cob. It&#8217;s a vital piece of equipment in agricultural production. This article describes the features, advantages, and specifications of a corn thresher for your reference.<\/p>","protected":false},"author":1,"featured_media":1070,"parent":0,"template":"","tags":[42,43],"product-type":[4],"class_list":["post-1061","product","type-product","status-publish","has-post-thumbnail","hentry","tag-corn","tag-maize","product-type-corn-thresher-machine"],"_links":{"self":[{"href":"https:\/\/corn-machines.com\/pt\/wp-json\/wp\/v2\/product\/1061","targetHints":{"allow":["GET"]}}],"collection":[{"href":"https:\/\/corn-machines.com\/pt\/wp-json\/wp\/v2\/product"}],"about":[{"href":"https:\/\/corn-machines.com\/pt\/wp-json\/wp\/v2\/types\/product"}],"author":[{"embeddable":true,"href":"https:\/\/corn-machines.com\/pt\/wp-json\/wp\/v2\/users\/1"}],"wp:featuredmedia":[{"embeddable":true,"href":"https:\/\/corn-machines.com\/pt\/wp-json\/wp\/v2\/media\/1070"}],"wp:attachment":[{"href":"https:\/\/corn-machines.com\/pt\/wp-json\/wp\/v2\/media?parent=1061"}],"wp:term":[{"taxonomy":"post_tag","embeddable":true,"href":"https:\/\/corn-machines.com\/pt\/wp-json\/wp\/v2\/tags?post=1061"},{"taxonomy":"product-type","embeddable":true,"href":"https:\/\/corn-machines.com\/pt\/wp-json\/wp\/v2\/product-type?post=1061"}],"curies":[{"name":"wp","href":"https:\/\/api.w.org\/{rel}","templated":true}]}}