{"id":1038,"date":"2025-10-11T14:23:16","date_gmt":"2025-10-11T06:23:16","guid":{"rendered":"https:\/\/corn-machines.com\/?post_type=product&#038;p=1038"},"modified":"2025-10-29T09:32:52","modified_gmt":"2025-10-29T01:32:52","slug":"corn-silage-harvester-machine","status":"publish","type":"product","link":"https:\/\/corn-machines.com\/pt\/product\/corn-silage-harvester-machine\/","title":{"rendered":"M\u00e1quina colheitadeira de silagem de milho"},"content":{"rendered":"<p class=\"translation-block\">A <strong>m\u00e1quina ceifeira de silagem de milho<\/strong> \u00e9 principalmente usada para a colheita de palha de milho, relva e outras silagens. \u00c9 amplamente utilizada na cria\u00e7\u00e3o de animais e na agricultura. Integra a colheita, corte e recolha, aumentando significativamente a efici\u00eancia da colheita de silagem.<\/p>    <p>A m\u00e1quina de silagem de milho Taizy \u00e9 altamente eficiente. A sua velocidade de colheita pode alcan\u00e7ar 1-5 km\/h, e a largura de corte \u00e9 de 1400-1800 mm. A nossa ceifeira de silagem \u00e9 muito popular em todo o mundo. Recentemente vendemos com sucesso quatro ceifeiras Taizy de silagem de milho para o M\u00e9xico e recebemos feedback excelente.<\/p>    <figure class=\"wp-block-embed is-type-video is-provider-youtube wp-block-embed-youtube wp-embed-aspect-16-9 wp-has-aspect-ratio\"><div class=\"wp-block-embed__wrapper\"> <iframe loading=\"lazy\" title=\"M\u00e1quina de colheita de silagem de milho em alta procura | Como funciona a ceifeira de silagem de milho?#silage\" width=\"500\" height=\"281\" src=\"https:\/\/www.youtube.com\/embed\/3WeeO7POq9Q?feature=oembed\" frameborder=\"0\" allow=\"accelerometer; autoplay; clipboard-write; encrypted-media; gyroscope; picture-in-picture; web-share\" referrerpolicy=\"strict-origin-when-cross-origin\" allowfullscreen><\/iframe> <\/div><figcaption class=\"wp-element-caption\">v\u00eddeo de trabalho da ceifeira de silagem de milho<\/figcaption><\/figure>    <h2 class=\"wp-block-heading\"><strong>Vantagens da ceifeira de silagem de milho<\/strong><\/h2>    <p>Como fornecedor profissional de maquinaria agr\u00edcola, a silageira Taizy \u00e9 confi\u00e1vel pelos clientes em todo o mundo. A sua popularidade deve-se \u00e0s seguintes vantagens:<\/p>    <ul class=\"wp-block-list\"> <li>O colheitador Taizy produz silagem picada de forma uniforme, resultando em <strong>Alta utiliza\u00e7\u00e3o de ra\u00e7\u00e3o<\/strong>.<\/li>    <li>Oferece <strong>Alta flexibilidade<\/strong>, permitindo ajustar a altura do cabe\u00e7alho e o comprimento do picado conforme necess\u00e1rio.<\/li>    <li>A nossa m\u00e1quina de colheita de silagem de milho \u00e9 altamente eficiente, com velocidades de colheita atingindo <strong>1-5 km\/h<\/strong>.<\/li>    <li>O colheitador de silagem de milho Taizy possui uma <strong>estrutura compacta e est\u00e1vel<\/strong>, tornando-a adequada para uma variedade de terrenos.<\/li>    <li>O colheitador de palha de milho tem <strong>uma ampla gama de aplica\u00e7\u00f5es<\/strong>, n\u00e3o s\u00f3 para caules de milho, mas tamb\u00e9m para uma variedade de culturas forrageiras como relva forrageira e sorgo.<\/li>    <li>Oferecemos um <strong>Sistema de servi\u00e7o completo<\/strong>, oferecendo suporte t\u00e9cnico completo desde a sele\u00e7\u00e3o do modelo e entrega at\u00e9 \u00e0 instala\u00e7\u00e3o e comissionamento.<\/li> <\/ul>   <div class=\"wp-block-image\"> <figure class=\"aligncenter size-full\"><img loading=\"lazy\" decoding=\"async\" width=\"720\" height=\"540\" src=\"https:\/\/corn-machines.com\/wp-content\/uploads\/2025\/10\/corn-silage-harvester.webp\" alt=\"colheitador de silagem de milho\" class=\"wp-image-1040\" srcset=\"https:\/\/corn-machines.com\/wp-content\/uploads\/2025\/10\/corn-silage-harvester.webp 720w, https:\/\/corn-machines.com\/wp-content\/uploads\/2025\/10\/corn-silage-harvester-300x225.webp 300w, https:\/\/corn-machines.com\/wp-content\/uploads\/2025\/10\/corn-silage-harvester-16x12.webp 16w\" sizes=\"auto, (max-width: 720px) 100vw, 720px\" \/><figcaption class=\"wp-element-caption\">colheitador de silagem de milho<\/figcaption><\/figure> <\/div>   <h2 class=\"wp-block-heading\"><strong>Estrutura prim\u00e1ria e princ\u00edpios de funcionamento<\/strong><\/h2>    <p>A m\u00e1quina ceifeira de silagem Taizy de milho consiste em cabe\u00e7ote cortador, mecanismo de alimenta\u00e7\u00e3o, mecanismo de corte, sistema de correia transportadora, funil e sistema de energia.<\/p>    <p>Quando a m\u00e1quina de silagem de milho est\u00e1 a trabalhar, a cumeeira corta o milho, o sistema de esmagamento tritura-o em peda\u00e7os e envia para o funil, completando o processo integrado de colheita, corte e recolha.<\/p>   <div class=\"wp-block-image\"> <figure class=\"aligncenter size-full\"><img loading=\"lazy\" decoding=\"async\" width=\"720\" height=\"540\" src=\"https:\/\/corn-machines.com\/wp-content\/uploads\/2025\/10\/corn-silage-harvesting-machine.webp\" alt=\"m\u00e1quina de colheita de silagem de milho\" class=\"wp-image-1041\" srcset=\"https:\/\/corn-machines.com\/wp-content\/uploads\/2025\/10\/corn-silage-harvesting-machine.webp 720w, https:\/\/corn-machines.com\/wp-content\/uploads\/2025\/10\/corn-silage-harvesting-machine-300x225.webp 300w, https:\/\/corn-machines.com\/wp-content\/uploads\/2025\/10\/corn-silage-harvesting-machine-16x12.webp 16w\" sizes=\"auto, (max-width: 720px) 100vw, 720px\" \/><figcaption class=\"wp-element-caption\">m\u00e1quina de colheita de silagem de milho<\/figcaption><\/figure> <\/div>   <h2 class=\"wp-block-heading\"><strong>M\u00e1quina de silagem de milho Taizy para venda<\/strong><\/h2>    <p>Para satisfazer as necessidades de diferentes clientes, oferecemos dois tipos de ceifeiras de silagem de milho:<\/p>    <ol class=\"wp-block-list\"> <li><strong>M\u00e1quina de colheita de silagem de milho do tipo de pneu<\/strong><\/li>    <li><strong>M\u00e1quina de colheita de silagem de milho do tipo de trac\u00e7\u00e3o<\/strong><\/li> <\/ol>    <figure class=\"wp-block-gallery has-nested-images columns-default is-cropped wp-block-gallery-2 is-layout-flex wp-block-gallery-is-layout-flex\"> <figure class=\"wp-block-image size-large\"><img loading=\"lazy\" decoding=\"async\" width=\"720\" height=\"540\" data-id=\"1042\" src=\"https:\/\/corn-machines.com\/wp-content\/uploads\/2025\/10\/tire-type-corn-straw-harvester-machine.webp\" alt=\"m\u00e1quina ceifa-straw com tipo de pneu\" class=\"wp-image-1042\" srcset=\"https:\/\/corn-machines.com\/wp-content\/uploads\/2025\/10\/tire-type-corn-straw-harvester-machine.webp 720w, https:\/\/corn-machines.com\/wp-content\/uploads\/2025\/10\/tire-type-corn-straw-harvester-machine-300x225.webp 300w, https:\/\/corn-machines.com\/wp-content\/uploads\/2025\/10\/tire-type-corn-straw-harvester-machine-16x12.webp 16w\" sizes=\"auto, (max-width: 720px) 100vw, 720px\" \/><figcaption class=\"wp-element-caption\">m\u00e1quina ceifa-straw com tipo de pneu<\/figcaption><\/figure>    <figure class=\"wp-block-image size-large\"><img loading=\"lazy\" decoding=\"async\" width=\"720\" height=\"540\" data-id=\"1043\" src=\"https:\/\/corn-machines.com\/wp-content\/uploads\/2025\/10\/crawler-type-corn-silage-harvester.webp\" alt=\"ceifeira de silagem de milho com esteira\" class=\"wp-image-1043\" srcset=\"https:\/\/corn-machines.com\/wp-content\/uploads\/2025\/10\/crawler-type-corn-silage-harvester.webp 720w, https:\/\/corn-machines.com\/wp-content\/uploads\/2025\/10\/crawler-type-corn-silage-harvester-300x225.webp 300w, https:\/\/corn-machines.com\/wp-content\/uploads\/2025\/10\/crawler-type-corn-silage-harvester-16x12.webp 16w\" sizes=\"auto, (max-width: 720px) 100vw, 720px\" \/><figcaption class=\"wp-element-caption\">ceifeira de silagem de milho com esteira<\/figcaption><\/figure> <\/figure>    <h3 class=\"wp-block-heading\"><strong>Tipo 1: M\u00e1quina ceifeira de silagem de milho de pneu<\/strong><\/h3>    <h4 class=\"wp-block-heading\"><strong>Caracter\u00edsticas da ceifeira de silagem de milho de pneu<\/strong><\/h4>    <ul class=\"wp-block-list\"> <li><strong>Alta velocidade<\/strong>: O design com pneus permite uma manobrabilidade flex\u00edvel, tornando-o adequado para trabalhar em grandes campos e terrenos planos.<\/li>    <li><strong>Dire\u00e7\u00e3o flex\u00edvel<\/strong>: \u00c9 ideal para explora\u00e7\u00f5es agr\u00edcolas ou cooperativas com mudan\u00e7as frequentes no campo.<\/li>    <li><strong>Baixa manuten\u00e7\u00e3o<\/strong>: Esta m\u00e1quina apresenta troca f\u00e1cil de pneus e alta compatibilidade de pe\u00e7as.<\/li> <\/ul>   <div class=\"wp-block-image\"> <figure class=\"aligncenter size-full\"><img loading=\"lazy\" decoding=\"async\" width=\"720\" height=\"540\" src=\"https:\/\/corn-machines.com\/wp-content\/uploads\/2025\/10\/corn-straw-harvester-machine.webp\" alt=\"m\u00e1quina colheitadeira de palha de milho\" class=\"wp-image-1044\" srcset=\"https:\/\/corn-machines.com\/wp-content\/uploads\/2025\/10\/corn-straw-harvester-machine.webp 720w, https:\/\/corn-machines.com\/wp-content\/uploads\/2025\/10\/corn-straw-harvester-machine-300x225.webp 300w, https:\/\/corn-machines.com\/wp-content\/uploads\/2025\/10\/corn-straw-harvester-machine-16x12.webp 16w\" sizes=\"auto, (max-width: 720px) 100vw, 720px\" \/><figcaption class=\"wp-element-caption\">m\u00e1quina colheitadeira de palha de milho<\/figcaption><\/figure> <\/div>   <h4 class=\"wp-block-heading\"><strong>Par\u00e2metros da ceifeira de silagem de milho com rodas<\/strong><\/h4>    <figure class=\"wp-block-table\"><table><tbody><tr><td>Modelo<\/td><td>4QZ-1400<\/td><td>4QZ-1800<\/td><\/tr><tr><td>Dimens\u00f5es (estado de funcionamento)<\/td><td>5022*1520*3800mm<\/td><td>5022*1520*3800mm<\/td><\/tr><tr><td>Pot\u00eancia do motor<\/td><td>100-150HP<\/td><td>150HP<\/td><\/tr><tr><td>Velocidade nominal do motor<\/td><td>2400r\/min<\/td><td>2400r\/min<\/td><\/tr><tr><td>Largura de corte<\/td><td>1400mm<\/td><td>1800mm<\/td><\/tr><tr><td>Velocidade de colheita<\/td><td>\/<\/td><td>2-5km\/h<\/td><\/tr><tr><td>Tipo de cortador de cabe\u00e7ote<\/td><td>L\u00e2mina de disco<\/td><td>L\u00e2mina de disco<\/td><\/tr><tr><td>Mecanismo de alimenta\u00e7\u00e3o<\/td><td>4unidades<\/td><td>4unidades<\/td><\/tr><tr><td>Sistema de transmiss\u00e3o<\/td><td>Hidr\u00e1ulico acionado<\/td><td>Hidr\u00e1ulico acionado<\/td><\/tr><tr><td>Dist\u00e2ncia entre eixos<\/td><td>2150mm<\/td><td>2150mm<\/td><\/tr><tr><td>Largura de via<\/td><td>1300mm<\/td><td>1300mm<\/td><\/tr><tr><td>Capacidade do funil<\/td><td>3,1m\u00b3<\/td><td>3,1m\u00b3<\/td><\/tr><tr><td>Comprimento do segmento de corte desenhado<\/td><td>15mm<\/td><td>15mm<\/td><\/tr><\/tbody><\/table><figcaption class=\"wp-element-caption\">par\u00e2metros do equipamento de silagem de milho com rodas<\/figcaption><\/figure>    <h3 class=\"wp-block-heading\"><strong>Tipo 2: <strong>M\u00e1quina de colheita de silagem de milho do tipo de trac\u00e7\u00e3o<\/strong><\/strong><\/h3>    <h4 class=\"wp-block-heading\"><strong>Caracter\u00edsticas de <strong>Equipamento de colheita de silagem de milho do tipo de trac\u00e7\u00e3o<\/strong><\/strong><\/h4>    <ul class=\"wp-block-list\"> <li><strong>Alta adaptabilidade<\/strong>: O chassi com trac\u00e7\u00e3o oferece excelente ader\u00eancia, tornando-o adequado para terrenos complexos como zonas h\u00famidas, encostas e campos lamacentos.<\/li>    <li><strong>Estabilidade melhorada<\/strong>: O centro de gravidade baixo e a vibra\u00e7\u00e3o m\u00ednima garantem opera\u00e7\u00e3o suave em superf\u00edcies irregulares.<\/li>    <li><strong>Prote\u00e7\u00e3o do solo<\/strong>: The track&#8217;s large contact area reduces damage to farmland.<\/li> <\/ul>   <div class=\"wp-block-image\"> <figure class=\"aligncenter size-full\"><img loading=\"lazy\" decoding=\"async\" width=\"720\" height=\"540\" src=\"https:\/\/corn-machines.com\/wp-content\/uploads\/2025\/10\/maize-silage-harvester.webp\" alt=\"ceifeira de silagem de milho para milho forrageiro\" class=\"wp-image-1047\" srcset=\"https:\/\/corn-machines.com\/wp-content\/uploads\/2025\/10\/maize-silage-harvester.webp 720w, https:\/\/corn-machines.com\/wp-content\/uploads\/2025\/10\/maize-silage-harvester-300x225.webp 300w, https:\/\/corn-machines.com\/wp-content\/uploads\/2025\/10\/maize-silage-harvester-16x12.webp 16w\" sizes=\"auto, (max-width: 720px) 100vw, 720px\" \/><figcaption class=\"wp-element-caption\">ceifeira de silagem de milho para milho forrageiro<\/figcaption><\/figure> <\/div>   <h4 class=\"wp-block-heading\"><strong>Par\u00e2metros de <strong><strong>M\u00e1quina de colheita de silagem de milho do tipo de trac\u00e7\u00e3o<\/strong><\/strong><\/strong><\/h4>    <figure class=\"wp-block-table\"><table><tbody><tr><td>Modelo<\/td><td>4QZ-1400<\/td><td>4QZ-1600<\/td><td>4QZ-1800<\/td><\/tr><tr><td>Dimens\u00f5es (estado de funcionamento)<\/td><td>5200*1520*3800mm<\/td><td>5200*1680*4200mm<\/td><td>5200*1520*3800mm<\/td><\/tr><tr><td>Pot\u00eancia do motor<\/td><td>100-150HP<\/td><td>150HP<\/td><td>150HP<\/td><\/tr><tr><td>Velocidade nominal do motor<\/td><td>2400r\/min<\/td><td>2400r\/min<\/td><td>2400r\/min<\/td><\/tr><tr><td>Largura de corte<\/td><td>1400mm<\/td><td>1550mm<\/td><td>1800mm<\/td><\/tr><tr><td>Velocidade de colheita<\/td><td>\/<\/td><td>1-3km\/h<\/td><td>\/<\/td><\/tr><tr><td>Tipo de cortador de cabe\u00e7ote<\/td><td>L\u00e2mina de disco<\/td><td>L\u00e2mina de disco<\/td><td>L\u00e2mina de disco<\/td><\/tr><tr><td>Sistema de transmiss\u00e3o<\/td><td>Hidr\u00e1ulico acionado<\/td><td>Hidr\u00e1ulico acionado<\/td><td>Hidr\u00e1ulico acionado<\/td><\/tr><tr><td>Largura de via<\/td><td>280\/350mm<\/td><td>350mm<\/td><td>280\/350mm<\/td><\/tr><tr><td>Comprimento de contacto com o solo da faixa<\/td><td>1400mm<\/td><td>1400mm<\/td><td>1400mm<\/td><\/tr><tr><td>Ajuste da largura de via<\/td><td>1240mm<\/td><td>1240mm<\/td><td>1240mm<\/td><\/tr><tr><td>Capacidade do funil<\/td><td>3,1m\u00b3<\/td><td>\/<\/td><td>3,1m\u00b3<\/td><\/tr><tr><td>Comprimento do segmento de corte desenhado<\/td><td>15mm<\/td><td>15mm<\/td><td>15mm<\/td><\/tr><\/tbody><\/table><figcaption class=\"wp-element-caption\">par\u00e2metros do equipamento de silagem de milho com esteira<\/figcaption><\/figure>    <h3 class=\"wp-block-heading\"><strong>Diferen\u00e7a entre ceifeira de silagem de milho com rodas e com esteira<\/strong><\/h3>    <p>O ceifeiro de milho com rodas e a ceifeira de silagem de milho com esteira t\u00eam as suas pr\u00f3prias caracter\u00edsticas, e as suas diferen\u00e7as s\u00e3o as seguintes:<\/p>    <figure class=\"wp-block-table\"><table><tbody><tr><td>Tipo<\/td><td>Ceifeira de silagem de milho de pneu<\/td><td>Ceifeira de silagem de milho com esteira<\/td><\/tr><tr><td>Estilo de condu\u00e7\u00e3o a p\u00e9<\/td><td>Tra\u00e7\u00e3o pelas rodas<\/td><td>Condu\u00e7\u00e3o por trac\u00e7\u00e3o<\/td><\/tr><tr><td>Adaptando-se ao terreno<\/td><td>Plano, terreno seco<\/td><td>Degraus, zonas h\u00famidas, terreno lamacento<\/td><\/tr><tr><td>Velocidade de opera\u00e7\u00e3o<\/td><td>Transi\u00e7\u00e3o r\u00e1pida e f\u00e1cil<\/td><td>Um pouco mais lenta, mais est\u00e1vel<\/td><\/tr><\/tbody><\/table><figcaption class=\"wp-element-caption\"> diferen\u00e7a entre os dois tipos de m\u00e1quinas de silagem de milho<\/figcaption><\/figure>    <h2 class=\"wp-block-heading\"><strong>Aplica\u00e7\u00e3o da ceifeira de palha de milho<\/strong><\/h2>    <p>A m\u00e1quina ceifeira de silagem de milho pode ser usada para colher silagem de milho, sorgo, alfafa, etc. Tem uma ampla gama de aplica\u00e7\u00f5es.<\/p>    <ul class=\"wp-block-list\"> <li><strong>Ind\u00fastria de pecu\u00e1ria<\/strong>: Fornecendo silagem de alta qualidade para ruminantes como vacas leiteiras, gado de carne e ovelhas, melhorando a efici\u00eancia alimentar e os benef\u00edcios econ\u00f3micos.<\/li>    <li><strong>Ind\u00fastria de processamento de ra\u00e7\u00e3o<\/strong>: Fornecendo mat\u00e9rias-primas para f\u00e1bricas de ra\u00e7\u00e3o, garantindo a qualidade da fermenta\u00e7\u00e3o da ra\u00e7\u00e3o.<\/li>    <li><strong>Ind\u00fastria de planta\u00e7\u00e3o de culturas<\/strong>: Auxiliando os agricultores na colheita eficiente de culturas forrageiras, reduzindo custos laborais.<\/li>    <li><strong>Ind\u00fastria de prote\u00e7\u00e3o ambiental verde<\/strong>: Promovendo a reutiliza\u00e7\u00e3o de subprodutos como o caule de milho, e incentivando o desenvolvimento da agricultura verde.<\/li> <\/ul>    <figure class=\"wp-block-gallery has-nested-images columns-default is-cropped wp-block-gallery-3 is-layout-flex wp-block-gallery-is-layout-flex\"> <figure class=\"wp-block-image size-large\"><img loading=\"lazy\" decoding=\"async\" width=\"720\" height=\"540\" data-id=\"1050\" src=\"https:\/\/corn-machines.com\/wp-content\/uploads\/2025\/10\/application-of-corn-silage.webp\" alt=\"aplica\u00e7\u00e3o de silagem de milho\" class=\"wp-image-1050\" srcset=\"https:\/\/corn-machines.com\/wp-content\/uploads\/2025\/10\/application-of-corn-silage.webp 720w, https:\/\/corn-machines.com\/wp-content\/uploads\/2025\/10\/application-of-corn-silage-300x225.webp 300w, https:\/\/corn-machines.com\/wp-content\/uploads\/2025\/10\/application-of-corn-silage-16x12.webp 16w\" sizes=\"auto, (max-width: 720px) 100vw, 720px\" \/><figcaption class=\"wp-element-caption\">aplica\u00e7\u00e3o de silagem de milho<\/figcaption><\/figure>    <figure class=\"wp-block-image size-large\"><img loading=\"lazy\" decoding=\"async\" width=\"720\" height=\"540\" data-id=\"1051\" src=\"https:\/\/corn-machines.com\/wp-content\/uploads\/2025\/10\/application-of-maize-silage.webp\" alt=\"aplica\u00e7\u00e3o da silagem de milho\" class=\"wp-image-1051\" srcset=\"https:\/\/corn-machines.com\/wp-content\/uploads\/2025\/10\/application-of-maize-silage.webp 720w, https:\/\/corn-machines.com\/wp-content\/uploads\/2025\/10\/application-of-maize-silage-300x225.webp 300w, https:\/\/corn-machines.com\/wp-content\/uploads\/2025\/10\/application-of-maize-silage-16x12.webp 16w\" sizes=\"auto, (max-width: 720px) 100vw, 720px\" \/><figcaption class=\"wp-element-caption\">aplica\u00e7\u00e3o da silagem de milho<\/figcaption><\/figure> <\/figure>    <h2 class=\"wp-block-heading\"><strong>Pre\u00e7o da m\u00e1quina de colheita de palha de milho<\/strong><\/h2>    <p>O custo da ceifeira de silagem de milho \u00e9 principalmente influenciado por fatores como o tipo de equipamento, configura\u00e7\u00e3o e efici\u00eancia operacional.<\/p>    <p>Ao comprar, os utilizadores devem considerar as suas necessidades, a escala de opera\u00e7\u00e3o e o or\u00e7amento para selecionar um modelo com maior rela\u00e7\u00e3o custo-benef\u00edcio e desempenho est\u00e1vel para benef\u00edcio m\u00e1ximo.<\/p>    <figure class=\"wp-block-gallery has-nested-images columns-default is-cropped wp-block-gallery-4 is-layout-flex wp-block-gallery-is-layout-flex\"> <figure class=\"wp-block-image size-large\"><img loading=\"lazy\" decoding=\"async\" width=\"720\" height=\"540\" data-id=\"1048\" src=\"https:\/\/corn-machines.com\/wp-content\/uploads\/2025\/10\/maize-staw-harvester.webp\" alt=\"palha de milho colheitadora\" class=\"wp-image-1048\" srcset=\"https:\/\/corn-machines.com\/wp-content\/uploads\/2025\/10\/maize-staw-harvester.webp 720w, https:\/\/corn-machines.com\/wp-content\/uploads\/2025\/10\/maize-staw-harvester-300x225.webp 300w, https:\/\/corn-machines.com\/wp-content\/uploads\/2025\/10\/maize-staw-harvester-16x12.webp 16w\" sizes=\"auto, (max-width: 720px) 100vw, 720px\" \/><figcaption class=\"wp-element-caption\">palha de milho colheitadora<\/figcaption><\/figure>    <figure class=\"wp-block-image size-large\"><img loading=\"lazy\" decoding=\"async\" width=\"720\" height=\"540\" data-id=\"1049\" src=\"https:\/\/corn-machines.com\/wp-content\/uploads\/2025\/10\/corn-silage-harveste-machine.webp\" alt=\"m\u00e1quina ceifeira de silagem de milho\" class=\"wp-image-1049\" srcset=\"https:\/\/corn-machines.com\/wp-content\/uploads\/2025\/10\/corn-silage-harveste-machine.webp 720w, https:\/\/corn-machines.com\/wp-content\/uploads\/2025\/10\/corn-silage-harveste-machine-300x225.webp 300w, https:\/\/corn-machines.com\/wp-content\/uploads\/2025\/10\/corn-silage-harveste-machine-16x12.webp 16w\" sizes=\"auto, (max-width: 720px) 100vw, 720px\" \/><figcaption class=\"wp-element-caption\">m\u00e1quina ceifeira de silagem de milho<\/figcaption><\/figure> <\/figure>    <h2 class=\"wp-block-heading\"><strong>Caso de sucesso de ceifeira de silagem de milho<\/strong><\/h2>    <p class=\"translation-block\"><strong>Quatro ceifeiras Taizy de silagem de milho foram recentemente expostas com sucesso para o M\u00e9xico.<\/strong><\/p>    <p>O cliente, um grande distribuidor de equipamentos rurais, escolheu a Taizy ap\u00f3s comparar v\u00e1rios fornecedores e elogiou bastante o desempenho da m\u00e1quina e o servi\u00e7o p\u00f3s-venda abrangente.<\/p>    <p>Esta colabora\u00e7\u00e3o n\u00e3o s\u00f3 melhorou a efici\u00eancia de ceifa da silagem da explora\u00e7\u00e3o local como tamb\u00e9m refor\u00e7ou ainda mais a influ\u00eancia da marca Taizy no M\u00e9xico.<\/p>    <figure class=\"wp-block-gallery has-nested-images columns-default is-cropped wp-block-gallery-5 is-layout-flex wp-block-gallery-is-layout-flex\"> <figure class=\"wp-block-image size-large\"><img loading=\"lazy\" decoding=\"async\" width=\"540\" height=\"720\" data-id=\"1052\" src=\"https:\/\/corn-machines.com\/wp-content\/uploads\/2025\/10\/corn-silage-harvesting-machine-loading.webp\" alt=\"carregamento da ceifeira de silagem de milho\" class=\"wp-image-1052\" srcset=\"https:\/\/corn-machines.com\/wp-content\/uploads\/2025\/10\/corn-silage-harvesting-machine-loading.webp 540w, https:\/\/corn-machines.com\/wp-content\/uploads\/2025\/10\/corn-silage-harvesting-machine-loading-225x300.webp 225w, https:\/\/corn-machines.com\/wp-content\/uploads\/2025\/10\/corn-silage-harvesting-machine-loading-9x12.webp 9w\" sizes=\"auto, (max-width: 540px) 100vw, 540px\" \/><figcaption class=\"wp-element-caption\">carregamento da ceifeira de silagem de milho<\/figcaption><\/figure>    <figure class=\"wp-block-image size-large\"><img loading=\"lazy\" decoding=\"async\" width=\"540\" height=\"720\" data-id=\"1053\" src=\"https:\/\/corn-machines.com\/wp-content\/uploads\/2025\/10\/maize-silage-harvester-machine-loading.webp\" alt=\"carregamento da ceifeira de silagem de milho de milho\" class=\"wp-image-1053\" srcset=\"https:\/\/corn-machines.com\/wp-content\/uploads\/2025\/10\/maize-silage-harvester-machine-loading.webp 540w, https:\/\/corn-machines.com\/wp-content\/uploads\/2025\/10\/maize-silage-harvester-machine-loading-225x300.webp 225w, https:\/\/corn-machines.com\/wp-content\/uploads\/2025\/10\/maize-silage-harvester-machine-loading-9x12.webp 9w\" sizes=\"auto, (max-width: 540px) 100vw, 540px\" \/><figcaption class=\"wp-element-caption\">carregamento da ceifeira de silagem de milho de milho<\/figcaption><\/figure> <\/figure>    <h2 class=\"wp-block-heading\"><strong>Contacte-nos agora!<\/strong><\/h2>    <p>O uso de ceifeiras de silagem de milho tem aumentado de forma eficaz a efici\u00eancia e a qualidade da colheita de silagem, promovendo o desenvolvimento da cria\u00e7\u00e3o moderna de animais.<\/p>    <p class=\"translation-block\">Como fornecedor profissional de maquinaria agr\u00edcola, a Taizy oferece n\u00e3o apenas m\u00e1quinas de alta qualidade, mas tamb\u00e9m uma grande variedade de equipamentos. Al\u00e9m da m\u00e1quina ceifeira de silagem de milho, tamb\u00e9m fornecemos <a href=\"https:\/\/corn-machines.com\/pt\/product\/automated-corn-sowing-machine\/\">planta de milho<\/a>, <a href=\"https:\/\/corn-machines.com\/pt\/product\/corn-shelling-machine\/\">trilheiradora de milho<\/a>, <a href=\"https:\/\/corn-machines.com\/pt\/products\/maize-grits-milling-machine\/\">ma\u00e7\u008dara de grits de milho<\/a> e muito mais. Se tiver alguma necessidade, sinta-se \u00e0 vontade para contactar-nos!<\/p>","protected":false},"excerpt":{"rendered":"<p>A m\u00e1quina de colheita de silagem de milho \u00e9 uma m\u00e1quina agr\u00edcola altamente eficiente que combina ceifa, picagem e recolha. Ela oferece opera\u00e7\u00f5es integradas e \u00e9 adequada para ceifar silagem a partir de uma variedade de culturas verdes, incluindo milho, sorgo e capim-elefante. Dispon\u00edvel em modelos com rodas e com esteira, adaptam-se a terrenos variados. <\/p>","protected":false},"author":1,"featured_media":1054,"parent":0,"template":"","tags":[42,81,82],"product-type":[86],"class_list":["post-1038","product","type-product","status-publish","has-post-thumbnail","hentry","tag-corn","tag-corn-silage","tag-silage","product-type-corn-silage-processing-machine"],"_links":{"self":[{"href":"https:\/\/corn-machines.com\/pt\/wp-json\/wp\/v2\/product\/1038","targetHints":{"allow":["GET"]}}],"collection":[{"href":"https:\/\/corn-machines.com\/pt\/wp-json\/wp\/v2\/product"}],"about":[{"href":"https:\/\/corn-machines.com\/pt\/wp-json\/wp\/v2\/types\/product"}],"author":[{"embeddable":true,"href":"https:\/\/corn-machines.com\/pt\/wp-json\/wp\/v2\/users\/1"}],"wp:featuredmedia":[{"embeddable":true,"href":"https:\/\/corn-machines.com\/pt\/wp-json\/wp\/v2\/media\/1054"}],"wp:attachment":[{"href":"https:\/\/corn-machines.com\/pt\/wp-json\/wp\/v2\/media?parent=1038"}],"wp:term":[{"taxonomy":"post_tag","embeddable":true,"href":"https:\/\/corn-machines.com\/pt\/wp-json\/wp\/v2\/tags?post=1038"},{"taxonomy":"product-type","embeddable":true,"href":"https:\/\/corn-machines.com\/pt\/wp-json\/wp\/v2\/product-type?post=1038"}],"curies":[{"name":"wp","href":"https:\/\/api.w.org\/{rel}","templated":true}]}}