{"id":1013,"date":"2025-09-25T15:18:37","date_gmt":"2025-09-25T07:18:37","guid":{"rendered":"https:\/\/corn-machines.com\/?post_type=product&#038;p=1013"},"modified":"2025-10-20T14:07:42","modified_gmt":"2025-10-20T06:07:42","slug":"multifunctional-grain-thresher","status":"publish","type":"product","link":"https:\/\/corn-machines.com\/pt\/product\/multifunctional-grain-thresher\/","title":{"rendered":"Debulhadora multifuncional de gr\u00e3os"},"content":{"rendered":"<p class=\"translation-block\">O <strong> threshador multifuncional de gr\u00e3os <\/strong> debulha de forma eficiente e r\u00e1pida v\u00e1rias culturas. \u00c9 adequado para milho, soja, sorgo, trigo, millet e outras culturas. A nossa m\u00e1quina de debulha multifuncional de culturas \u00e9 tamb\u00e9m altamente eficiente, capaz de debulhar a velocidades at\u00e9 5 toneladas por hora.<\/p>    <p>A m\u00e1quina de descasque de milho multifuncional possui c\u00e2maras duplas e sopradores duplos, garantindo uma debulha de gr\u00e3os mais limpa. Tamb\u00e9m possui pneus grandes, permitindo uma opera\u00e7\u00e3o flex\u00edvel e conveniente. Se estiver interessado, entre em contato conosco hoje para uma consulta gratuita!<\/p>    <figure class=\"wp-block-embed is-type-video is-provider-youtube wp-block-embed-youtube wp-embed-aspect-16-9 wp-has-aspect-ratio\"><div class=\"wp-block-embed__wrapper\"> <iframe loading=\"lazy\" title=\"Debulhador multifuncional | M\u00e1quina multifuncional de casca de gr\u00e3os para milho, sorgo, trigo, millet\" width=\"500\" height=\"281\" src=\"https:\/\/www.youtube.com\/embed\/v5GAfCG2C8I?feature=oembed\" frameborder=\"0\" allow=\"accelerometer; autoplay; clipboard-write; encrypted-media; gyroscope; picture-in-picture; web-share\" referrerpolicy=\"strict-origin-when-cross-origin\" allowfullscreen><\/iframe> <\/div><figcaption class=\"wp-element-caption\">processo de trabalho do debulhador multifuncional de gr\u00e3os<\/figcaption><\/figure>    <h2 class=\"wp-block-heading\"><strong>Recursos da m\u00e1quina debulhadora de gr\u00e3os multiuso<\/strong><\/h2>    <ul class=\"wp-block-list\"> <li>O debulhador de gr\u00e3os multifuncional Taizy oferece duas op\u00e7\u00f5es de pot\u00eancia: <strong>motor a diesel e motor el\u00e9trico<\/strong>. O motor a diesel \u00e9 adequado para uso em campos e \u00e1reas sem eletricidade; o motor el\u00e9trico \u00e9 est\u00e1vel e econ\u00f4mico.<\/li>    <li>Nossa m\u00e1quina de debulha de gr\u00e3os possui <strong>uma ampla gama de aplica\u00e7\u00f5es<\/strong>, capaz de debulhar milho, milheto, sorgo, soja, arroz, trigo e in\u00fameras outras culturas de cereais.<\/li>    <li>O descascador de milho multifuncional possui <strong>alta efici\u00eancia operacional<\/strong>, alcan\u00e7ando uma capacidade m\u00e1xima de debulha de 5 toneladas por hora. Ela acomoda facilmente os requisitos de produ\u00e7\u00e3o de todas as escalas.<\/li>    <li>Esta m\u00e1quina \u00e9 <strong>equipado com pneus robustos e dur\u00e1veis<\/strong>, o que facilita a movimenta\u00e7\u00e3o entre campos e fazendas sem ser restringido pelo local, tornando as opera\u00e7\u00f5es mais flex\u00edveis e eficientes.<\/li>    <li>O debulhador de culturas Taizy \u00e9 feito de <strong>a\u00e7o espessado e acess\u00f3rios de alta qualidade<\/strong>, que proporcionam forte estabilidade e f\u00e1cil manuten\u00e7\u00e3o, e podem manter um bom desempenho mesmo sob opera\u00e7\u00f5es de alta intensidade.<\/li> <\/ul>   <div class=\"wp-block-image\"> <figure class=\"aligncenter size-full\"><img loading=\"lazy\" decoding=\"async\" width=\"720\" height=\"540\" src=\"https:\/\/corn-machines.com\/wp-content\/uploads\/2025\/09\/multifunctional-corn-shelling-machine.webp\" alt=\"m\u00e1quina debulhadora de milho multifuncional\" class=\"wp-image-1014\" srcset=\"https:\/\/corn-machines.com\/wp-content\/uploads\/2025\/09\/multifunctional-corn-shelling-machine.webp 720w, https:\/\/corn-machines.com\/wp-content\/uploads\/2025\/09\/multifunctional-corn-shelling-machine-300x225.webp 300w, https:\/\/corn-machines.com\/wp-content\/uploads\/2025\/09\/multifunctional-corn-shelling-machine-16x12.webp 16w\" sizes=\"auto, (max-width: 720px) 100vw, 720px\" \/><figcaption class=\"wp-element-caption\">m\u00e1quina debulhadora de milho multifuncional<\/figcaption><\/figure> <\/div>   <h2 class=\"wp-block-heading\"><strong>Par\u00e2metros da debulhadora multifuncional de gr\u00e3os<\/strong><\/h2>    <figure class=\"wp-block-table\"><table class=\"has-fixed-layout\"><tbody><tr><td>Modelo<\/td><td>MT-1500<\/td><\/tr><tr><td>Poder<\/td><td>7,5 kW\/15-18 hp<\/td><\/tr><tr><td>Capacidade<\/td><td>2-5t\/h<\/td><\/tr><tr><td>Aplicativo<\/td><td>Trigo, arroz, milho, soja, millet, etc.<\/td><\/tr><\/tbody><\/table><figcaption class=\"wp-element-caption\">par\u00e2metros da debulhadora multifuncional de milho<\/figcaption><\/figure>    <h2 class=\"wp-block-heading\">Principais componentes da m\u00e1quina debulhadora multifuncional de milho<\/h2>    <p>A debulhadora multifuncional Taizy \u00e9 composta principalmente pelos seguintes componentes:<\/p>    <ul class=\"wp-block-list\"> <li><strong>Entrada de alimenta\u00e7\u00e3o<\/strong>: \u00c9 utilizada para alimentar uma variedade de gr\u00e3os, incluindo milho, milheto, sorgo, soja, arroz e trigo, na m\u00e1quina. A ampla entrada de alimenta\u00e7\u00e3o facilita a opera\u00e7\u00e3o cont\u00ednua e melhora a efici\u00eancia de carregamento.<\/li>    <li><strong>Sistema de c\u00e2mara dupla<\/strong>: Duas c\u00e2maras de debulha est\u00e3o instaladas dentro da m\u00e1quina, permitindo debulha e separa\u00e7\u00e3o simult\u00e2neas, melhorando significativamente a efici\u00eancia.<\/li>    <li><strong>Sistema de triagem<\/strong>: Uma tela est\u00e1 equipada para realizar a separa\u00e7\u00e3o e filtragem preliminares do gr\u00e3o debulhado, garantindo m\u00ednimas impurezas, um produto acabado limpo e melhorando a qualidade do gr\u00e3o.<\/li>    <li><strong>Ventiladores duplos<\/strong>: Ventiladores potentes separam efetivamente cascas, detritos e gr\u00e3os da m\u00e1quina, melhorando a limpeza e reduzindo a limpeza secund\u00e1ria.<\/li>    <li><strong>Sistema de pot\u00eancia<\/strong>: Nossa m\u00e1quina multifuncional de debulha de gr\u00e3os est\u00e1 dispon\u00edvel em op\u00e7\u00f5es de motor a diesel e motor el\u00e9trico para se adequar a diferentes ambientes de opera\u00e7\u00e3o.<\/li>    <li><strong>Sa\u00edda de descarga<\/strong>: Ap\u00f3s a debulha, o gr\u00e3o \u00e9 descarregado pela sa\u00edda de descarga, onde uma tela e um ventilador separam de forma limpa o gr\u00e3o das impurezas.<\/li>    <li><strong>Estrutura e pneus<\/strong>: A estrutura \u00e9 constru\u00edda em a\u00e7o espessado para for\u00e7a e estabilidade. Equipado com pneus dur\u00e1veis para f\u00e1cil mobilidade entre campos, fazendas ou locais de processamento, aumentando a flexibilidade operacional.<\/li> <\/ul>    <figure class=\"wp-block-gallery has-nested-images columns-default is-cropped wp-block-gallery-2 is-layout-flex wp-block-gallery-is-layout-flex\"> <figure class=\"wp-block-image size-large\"><img loading=\"lazy\" decoding=\"async\" width=\"720\" height=\"540\" data-id=\"1015\" src=\"https:\/\/corn-machines.com\/wp-content\/uploads\/2025\/09\/multifunctional-thresher.webp\" alt=\"debuldor multifuncional\" class=\"wp-image-1015\" srcset=\"https:\/\/corn-machines.com\/wp-content\/uploads\/2025\/09\/multifunctional-thresher.webp 720w, https:\/\/corn-machines.com\/wp-content\/uploads\/2025\/09\/multifunctional-thresher-300x225.webp 300w, https:\/\/corn-machines.com\/wp-content\/uploads\/2025\/09\/multifunctional-thresher-16x12.webp 16w\" sizes=\"auto, (max-width: 720px) 100vw, 720px\" \/><figcaption class=\"wp-element-caption\">debuldor multifuncional<\/figcaption><\/figure>    <figure class=\"wp-block-image size-large\"><img loading=\"lazy\" decoding=\"async\" width=\"720\" height=\"540\" data-id=\"1016\" src=\"https:\/\/corn-machines.com\/wp-content\/uploads\/2025\/09\/multifunctional-threshing-machine.webp\" alt=\"m\u00e1quina de debulha multifuncional\" class=\"wp-image-1016\" srcset=\"https:\/\/corn-machines.com\/wp-content\/uploads\/2025\/09\/multifunctional-threshing-machine.webp 720w, https:\/\/corn-machines.com\/wp-content\/uploads\/2025\/09\/multifunctional-threshing-machine-300x225.webp 300w, https:\/\/corn-machines.com\/wp-content\/uploads\/2025\/09\/multifunctional-threshing-machine-16x12.webp 16w\" sizes=\"auto, (max-width: 720px) 100vw, 720px\" \/><figcaption class=\"wp-element-caption\">m\u00e1quina de debulha multifuncional<\/figcaption><\/figure> <\/figure>    <h2 class=\"wp-block-heading\"><strong>Aplica\u00e7\u00e3o da m\u00e1quina de debulhar gr\u00e3os multifuncional<\/strong><\/h2>    <p>A debulhadora multifuncional de gr\u00e3os \u00e9 adequada para o processamento de uma variedade de culturas cereal\u00edferas, incluindo milho, millet, sorgo, soja, arroz e trigo. Quer seja em pequenas explora\u00e7\u00f5es agr\u00edcolas, cooperativas agr\u00edcolas ou f\u00e1bricas de processamento de gr\u00e3os, esta m\u00e1quina oferece uma excelente efici\u00eancia de debulha.<\/p>   <div class=\"wp-block-image\"> <figure class=\"aligncenter size-full\"><img loading=\"lazy\" decoding=\"async\" width=\"720\" height=\"540\" src=\"https:\/\/corn-machines.com\/wp-content\/uploads\/2025\/09\/application-of-multifunctional-maize-sheller.webp\" alt=\"aplica\u00e7\u00e3o do casca de milho multifuncional\" class=\"wp-image-1023\" srcset=\"https:\/\/corn-machines.com\/wp-content\/uploads\/2025\/09\/application-of-multifunctional-maize-sheller.webp 720w, https:\/\/corn-machines.com\/wp-content\/uploads\/2025\/09\/application-of-multifunctional-maize-sheller-300x225.webp 300w, https:\/\/corn-machines.com\/wp-content\/uploads\/2025\/09\/application-of-multifunctional-maize-sheller-16x12.webp 16w\" sizes=\"auto, (max-width: 720px) 100vw, 720px\" \/><figcaption class=\"wp-element-caption\">aplica\u00e7\u00e3o do casca de milho multifuncional<\/figcaption><\/figure> <\/div>   <p>O gr\u00e3o processado pela nossa m\u00e1quina debulhadora multifuncional apresenta m\u00ednimas impurezas, baixas taxas de quebra e gr\u00e3os intactos, permitindo secagem ao sol direta, armazenamento ou processamento adicional.<\/p>    <h2 class=\"wp-block-heading\"><strong>Benef\u00edcios da debulha de cereais<\/strong><\/h2>    <ul class=\"wp-block-list\"> <li>Ap\u00f3s a debulha, as cascas s\u00e3o separadas dos gr\u00e3os, reduzindo a humidade e as impurezas, ao mesmo tempo que diminui o risco de mofo e infesta\u00e7\u00f5es por insetos, permitindo um armazenamento mais seguro e de maior dura\u00e7\u00e3o do gr\u00e3o.<\/li>    <li>O gr\u00e3o debulhado ocupa menos volume e tem menor peso do que o gr\u00e3o na casca, tornando-o mais f\u00e1cil de embalar e transportar, reduzindo assim os custos log\u00edsticos.<\/li>    <li>A debulha efetivamente remove impurezas, resultando em gr\u00e3os mais limpos e intactos, facilitando subsequentes secagem ao sol e processos de secagem.<\/li>    <li>Quer seja para moagem de arroz, produ\u00e7\u00e3o de farinha ou processamento adicional, o gr\u00e3o debulhado est\u00e1 mais adequado para est\u00e1gios de processamento diretos, aumentando a efici\u00eancia e a qualidade do produto final.<\/li> <\/ul>    <figure class=\"wp-block-gallery has-nested-images columns-default is-cropped wp-block-gallery-3 is-layout-flex wp-block-gallery-is-layout-flex\"> <figure class=\"wp-block-image size-large\"><img loading=\"lazy\" decoding=\"async\" width=\"720\" height=\"540\" data-id=\"1021\" src=\"https:\/\/corn-machines.com\/wp-content\/uploads\/2025\/09\/finished-product-of-multifuncitonal-grian-sheller.webp\" alt=\"produto final da debulhadora de gr\u00e3os multifuncional\" class=\"wp-image-1021\" srcset=\"https:\/\/corn-machines.com\/wp-content\/uploads\/2025\/09\/finished-product-of-multifuncitonal-grian-sheller.webp 720w, https:\/\/corn-machines.com\/wp-content\/uploads\/2025\/09\/finished-product-of-multifuncitonal-grian-sheller-300x225.webp 300w, https:\/\/corn-machines.com\/wp-content\/uploads\/2025\/09\/finished-product-of-multifuncitonal-grian-sheller-16x12.webp 16w\" sizes=\"auto, (max-width: 720px) 100vw, 720px\" \/><figcaption class=\"wp-element-caption\">produto final da debulhadora de gr\u00e3os multifuncional<\/figcaption><\/figure>    <figure class=\"wp-block-image size-large\"><img loading=\"lazy\" decoding=\"async\" width=\"720\" height=\"540\" data-id=\"1020\" src=\"https:\/\/corn-machines.com\/wp-content\/uploads\/2025\/09\/finished-product-of-grian-thresher.webp\" alt=\"produto final da debulhadora de gr\u00e3os\" class=\"wp-image-1020\" srcset=\"https:\/\/corn-machines.com\/wp-content\/uploads\/2025\/09\/finished-product-of-grian-thresher.webp 720w, https:\/\/corn-machines.com\/wp-content\/uploads\/2025\/09\/finished-product-of-grian-thresher-300x225.webp 300w, https:\/\/corn-machines.com\/wp-content\/uploads\/2025\/09\/finished-product-of-grian-thresher-16x12.webp 16w\" sizes=\"auto, (max-width: 720px) 100vw, 720px\" \/><figcaption class=\"wp-element-caption\">produto final da debulhadora de gr\u00e3os<\/figcaption><\/figure> <\/figure>    <h2 class=\"wp-block-heading\"><strong>Pre\u00e7o da debulhadora multifuncional de gr\u00e3os<\/strong><\/h2>    <p>O pre\u00e7o da debulhadora de gr\u00e3os varia consoante a configura\u00e7\u00e3o de pot\u00eancia, recursos adicionais e a quantidade adquirida. Por exemplo, quanto mais unidades forem adquiridas, menor ser\u00e1 o pre\u00e7o por unidade. No global, o pre\u00e7o final pode ter de ser determinado com base em requisitos espec\u00edficos e na quantidade encomendada.<\/p>   <div class=\"wp-block-image\"> <figure class=\"aligncenter size-full\"><img loading=\"lazy\" decoding=\"async\" width=\"720\" height=\"540\" src=\"https:\/\/corn-machines.com\/wp-content\/uploads\/2025\/09\/multi-purpose-thresher-machine.webp\" alt=\"m\u00e1quina debulhadora multiuso\" class=\"wp-image-1017\" srcset=\"https:\/\/corn-machines.com\/wp-content\/uploads\/2025\/09\/multi-purpose-thresher-machine.webp 720w, https:\/\/corn-machines.com\/wp-content\/uploads\/2025\/09\/multi-purpose-thresher-machine-300x225.webp 300w, https:\/\/corn-machines.com\/wp-content\/uploads\/2025\/09\/multi-purpose-thresher-machine-16x12.webp 16w\" sizes=\"auto, (max-width: 720px) 100vw, 720px\" \/><figcaption class=\"wp-element-caption\">m\u00e1quina debulhadora multiuso<\/figcaption><\/figure> <\/div>   <h2 class=\"wp-block-heading\"><strong>Por que escolher a Taizy como seu fornecedor principal\uff1f<\/strong><\/h2>    <p>Escolher a Taizi como fornecedora significa adquirir a debulhadora multifuncional de gr\u00e3os de qualidade excecional, desempenho fi\u00e1vel e funcionalidade vers\u00e1til. Como empresa com vasta experi\u00eancia na produ\u00e7\u00e3o e exporta\u00e7\u00e3o de maquinaria agr\u00edcola, os nossos produtos s\u00e3o distribu\u00eddos mundialmente.<\/p>    <figure class=\"wp-block-gallery has-nested-images columns-default is-cropped wp-block-gallery-4 is-layout-flex wp-block-gallery-is-layout-flex\"> <figure class=\"wp-block-image size-large\"><img loading=\"lazy\" decoding=\"async\" width=\"720\" height=\"540\" data-id=\"1018\" src=\"https:\/\/corn-machines.com\/wp-content\/uploads\/2025\/09\/multi-purpose-threshing-machine.webp\" alt=\"m\u00e1quina debulhadora multiuso\" class=\"wp-image-1018\" srcset=\"https:\/\/corn-machines.com\/wp-content\/uploads\/2025\/09\/multi-purpose-threshing-machine.webp 720w, https:\/\/corn-machines.com\/wp-content\/uploads\/2025\/09\/multi-purpose-threshing-machine-300x225.webp 300w, https:\/\/corn-machines.com\/wp-content\/uploads\/2025\/09\/multi-purpose-threshing-machine-16x12.webp 16w\" sizes=\"auto, (max-width: 720px) 100vw, 720px\" \/><figcaption class=\"wp-element-caption\">m\u00e1quina debulhadora multiuso<\/figcaption><\/figure>    <figure class=\"wp-block-image size-large\"><img loading=\"lazy\" decoding=\"async\" width=\"720\" height=\"540\" data-id=\"1019\" src=\"https:\/\/corn-machines.com\/wp-content\/uploads\/2025\/09\/multifunctional-corn-sheller.webp\" alt=\"debuldora de milho multifuncional\" class=\"wp-image-1019\" srcset=\"https:\/\/corn-machines.com\/wp-content\/uploads\/2025\/09\/multifunctional-corn-sheller.webp 720w, https:\/\/corn-machines.com\/wp-content\/uploads\/2025\/09\/multifunctional-corn-sheller-300x225.webp 300w, https:\/\/corn-machines.com\/wp-content\/uploads\/2025\/09\/multifunctional-corn-sheller-16x12.webp 16w\" sizes=\"auto, (max-width: 720px) 100vw, 720px\" \/><figcaption class=\"wp-element-caption\">debuldora de milho multifuncional<\/figcaption><\/figure> <\/figure>    <p class=\"translation-block\">A nossa empresa aderem a padr\u00f5es de produ\u00e7\u00e3o rigorosos, garantindo que cada unidade de m\u00e1quina ofere\u00e7a durabilidade duradoura e desempenho est\u00e1vel. Al\u00e9m disso, oferecemos uma gama completa de m\u00e1quinas agr\u00edcolas, incluindo <a href=\"https:\/\/corn-machines.com\/pt\/product\/mobile-grain-dryer-for-drying-grain\/\">secador de gr\u00e3os<\/a>, <a href=\"https:\/\/corn-machines.com\/pt\/product\/corn-grits-machine\/\">mo\u00edn de milho<\/a>, e <a href=\"https:\/\/corn-machines.com\/pt\/product\/automated-corn-sowing-machine\/\">sembradora de milho<\/a>, proporcionando-lhe uma solu\u00e7\u00e3o \u00fanica!<\/p>    <h2 class=\"wp-block-heading\"><strong>Conclus\u00e3o<\/strong><\/h2>    <p>Quer se trate de pequenas explora\u00e7\u00f5es agr\u00edcolas, cooperativas agr\u00edcolas ou f\u00e1bricas de processamento de gr\u00e3os, a nossa m\u00e1quina de debulha multifuncional pode aumentar significativamente a sua efici\u00eancia de produ\u00e7\u00e3o, oferecendo benef\u00edcios que superam amplamente o custo do equipamento.<\/p>    <p>Se precisar da debulhadora multifuncional de gr\u00e3os, n\u00e3o hesite em contactar-nos. Vamos oferecer-lhe o melhor equipamento e servi\u00e7o.<\/p>","protected":false},"excerpt":{"rendered":"<p>Este artigo descreve em detalhe as caracter\u00edsticas principais de desempenho, a configura\u00e7\u00e3o de pot\u00eancia, as caracter\u00edsticas estruturais, o \u00e2mbito de aplica\u00e7\u00e3o e as vantagens do produto de p\u00f3s-embara\u00e7amento para o debulhador multifuncional Taizy. O equipamento demonstra uma efici\u00eancia operacional e versatilidade excecionais ao processar v\u00e1rias culturas, incluindo milho, trigo-mi\u00fado, sorgo, soja, arroz e trigo. <\/p>","protected":false},"author":1,"featured_media":1022,"parent":0,"template":"","tags":[42,52,61,57],"product-type":[4],"class_list":["post-1013","product","type-product","status-publish","has-post-thumbnail","hentry","tag-corn","tag-grain","tag-millet","tag-wheat","product-type-corn-thresher-machine"],"_links":{"self":[{"href":"https:\/\/corn-machines.com\/pt\/wp-json\/wp\/v2\/product\/1013","targetHints":{"allow":["GET"]}}],"collection":[{"href":"https:\/\/corn-machines.com\/pt\/wp-json\/wp\/v2\/product"}],"about":[{"href":"https:\/\/corn-machines.com\/pt\/wp-json\/wp\/v2\/types\/product"}],"author":[{"embeddable":true,"href":"https:\/\/corn-machines.com\/pt\/wp-json\/wp\/v2\/users\/1"}],"wp:featuredmedia":[{"embeddable":true,"href":"https:\/\/corn-machines.com\/pt\/wp-json\/wp\/v2\/media\/1022"}],"wp:attachment":[{"href":"https:\/\/corn-machines.com\/pt\/wp-json\/wp\/v2\/media?parent=1013"}],"wp:term":[{"taxonomy":"post_tag","embeddable":true,"href":"https:\/\/corn-machines.com\/pt\/wp-json\/wp\/v2\/tags?post=1013"},{"taxonomy":"product-type","embeddable":true,"href":"https:\/\/corn-machines.com\/pt\/wp-json\/wp\/v2\/product-type?post=1013"}],"curies":[{"name":"wp","href":"https:\/\/api.w.org\/{rel}","templated":true}]}}