{"id":100,"date":"2022-09-08T02:14:50","date_gmt":"2022-09-08T02:14:50","guid":{"rendered":"https:\/\/corn-machines.com\/?post_type=product&#038;p=100"},"modified":"2022-10-09T16:12:04","modified_gmt":"2022-10-09T08:12:04","slug":"mini-corn-harvesting-machine-maize-picker-machine","status":"publish","type":"product","link":"https:\/\/corn-machines.com\/pt\/product\/mini-corn-harvesting-machine-maize-picker-machine\/","title":{"rendered":"Mini colheitadeira de milho | m\u00e1quina selecionadora de milho"},"content":{"rendered":"<p>Colhedora de milho para colheita de milho e devolu\u00e7\u00e3o dos talos ao campo. Os talos de milho podem ser esmagados e devolvidos ao campo como fertilizante ao mesmo tempo que o milho \u00e9 colhido. \u00c9 uma pequena colhedora de milho, f\u00e1cil de operar e que pode ser completada por uma pessoa.<\/p>    <figure class=\"wp-block-image size-full\"><img loading=\"lazy\" decoding=\"async\" width=\"720\" height=\"540\" src=\"https:\/\/corn-machines.com\/wp-content\/uploads\/2022\/09\/corn-harvesting-machine.webp\" alt=\"m\u00e1quina de colheita de milho\" class=\"wp-image-144\" srcset=\"https:\/\/corn-machines.com\/wp-content\/uploads\/2022\/09\/corn-harvesting-machine.webp 720w, https:\/\/corn-machines.com\/wp-content\/uploads\/2022\/09\/corn-harvesting-machine-300x225.webp 300w\" sizes=\"auto, (max-width: 720px) 100vw, 720px\" \/><figcaption>m\u00e1quina de colheita de milho<\/figcaption><\/figure>    <h2 class=\"wp-block-heading\" id=\"h-the-role-of-the-corn-harvester\">O papel da colheitadeira de milho<\/h2>    <figure class=\"wp-block-image size-full\"><img loading=\"lazy\" decoding=\"async\" width=\"720\" height=\"540\" src=\"https:\/\/corn-machines.com\/wp-content\/uploads\/2022\/09\/corn-harvester.webp\" alt=\"colheitadeira de milho\" class=\"wp-image-145\" srcset=\"https:\/\/corn-machines.com\/wp-content\/uploads\/2022\/09\/corn-harvester.webp 720w, https:\/\/corn-machines.com\/wp-content\/uploads\/2022\/09\/corn-harvester-300x225.webp 300w\" sizes=\"auto, (max-width: 720px) 100vw, 720px\" \/><figcaption>colheitadeira de milho<\/figcaption><\/figure>    <p class=\"translation-block\">Esta colhedora de milho \u00e9 uma pequena colhedora de milho que pode lidar com uma linha. Pode completar a colheita de milho, a tritura\u00e7\u00e3o de talos e outras fun\u00e7\u00f5es de uma s\u00f3 vez. pode ser ajustado. Mas vale a pena notar que a nossa colhedora de milho n\u00e3o consegue descascar o milho, e a descascagem do milho requer uma m\u00e1quina descascadora de milho para funcionar. Existem tamb\u00e9m v\u00e1rios tipos de <a href=\"https:\/\/corn-machines.com\/pt\/product\/corn-shelling-machine\/\" data-type=\"URL\" data-id=\"https:\/\/corn-machines.com\/product\/corn-shelling-machine\/\">debulhadores de milho em promo\u00e7\u00e3o<\/a>.<\/p>    <h2 class=\"wp-block-heading\" id=\"h-how-to-use-a-corn-harvesting-machine\">Como usar uma colheitadeira de milho?<\/h2>    <figure class=\"wp-block-image size-full\"><img loading=\"lazy\" decoding=\"async\" width=\"720\" height=\"540\" src=\"https:\/\/corn-machines.com\/wp-content\/uploads\/2022\/09\/Corn-harvester-walking-in-the-field.webp\" alt=\"Colheitadeira de milho andando no campo\" class=\"wp-image-146\" srcset=\"https:\/\/corn-machines.com\/wp-content\/uploads\/2022\/09\/Corn-harvester-walking-in-the-field.webp 720w, https:\/\/corn-machines.com\/wp-content\/uploads\/2022\/09\/Corn-harvester-walking-in-the-field-300x225.webp 300w\" sizes=\"auto, (max-width: 720px) 100vw, 720px\" \/><figcaption>Colheitadeira de milho andando no campo<\/figcaption><\/figure>    <p class=\"translation-block\">Quando em uso, uma pessoa pode empurrar a m\u00e1quina para frente para trabalhar, e a m\u00e1quina completar\u00e1 automaticamente o trabalho de triturar palha e coletar milho, e o usu\u00e1rio n\u00e3o se sentir\u00e1 cansado mesmo ap\u00f3s um dia de trabalho. O melhor per\u00edodo de colheita para a colhedora de milho \u00e9 de 3 a 5 dias, pois ainda h\u00e1 uma pequena quantidade de \u00e1gua na palha nesse momento, a m\u00e1quina de colheita de milho pode ser facilmente triturada, e a efici\u00eancia da tritura\u00e7\u00e3o da palha ser\u00e1 atrasada se o tempo for muito cedo ou muito tarde. A colhedora de milho \u00e9 adequada para uma variedade de terrenos, como montanhas, <a href=\"https:\/\/en.wikipedia.org\/wiki\/Plain\" data-type=\"URL\" data-id=\"https:\/\/en.wikipedia.org\/wiki\/Plain\" target=\"_blank\" rel=\"noopener\">plan\u00edcies<\/a>, estufas, colinas, cumes e outros terrenos que podem funcionar normalmente.<\/p>    <h2 class=\"wp-block-heading\" id=\"h-parameters-of-the-corn-harvesting-machine\">Par\u00e2metros da colheitadeira de milho<\/h2>    <figure class=\"wp-block-image size-full\"><img loading=\"lazy\" decoding=\"async\" width=\"720\" height=\"540\" src=\"https:\/\/corn-machines.com\/wp-content\/uploads\/2022\/09\/corn-harvesting-machine-1.webp\" alt=\"m\u00e1quina de colheita de milho\" class=\"wp-image-147\" srcset=\"https:\/\/corn-machines.com\/wp-content\/uploads\/2022\/09\/corn-harvesting-machine-1.webp 720w, https:\/\/corn-machines.com\/wp-content\/uploads\/2022\/09\/corn-harvesting-machine-1-300x225.webp 300w\" sizes=\"auto, (max-width: 720px) 100vw, 720px\" \/><figcaption>m\u00e1quina de colheita de milho<\/figcaption><\/figure>    <figure class=\"wp-block-table\"><table><tbody><tr><td>Modelo<\/td><td>4YZ-1<\/td><\/tr><tr><td>tamanho<\/td><td>1820\u00d7800\u00d71190mm<\/td><\/tr><tr><td>peso<\/td><td>265kg<\/td><\/tr><tr><td>Velocidade de trabalho<\/td><td>0,72-1,44 km\/h<\/td><\/tr><tr><td>Consumo de combust\u00edvel da \u00e1rea de trabalho da unidade<\/td><td>\u226410kg\/h\u33a1<\/td><\/tr><tr><td>horas de produtividade<\/td><td>0,03-0,06 hectares\/hora<\/td><\/tr><tr><td>N\u00famero de l\u00e2minas<\/td><td>10<\/td><\/tr><\/tbody><\/table><\/figure>    <h2 class=\"wp-block-heading\" id=\"h-structure-of-maize-picker-machine\">Estrutura da m\u00e1quina colhedora de milho <\/h2>    <figure class=\"wp-block-image size-full\"><img loading=\"lazy\" decoding=\"async\" width=\"720\" height=\"540\" src=\"https:\/\/corn-machines.com\/wp-content\/uploads\/2022\/09\/maize-picker-machine.webp\" alt=\"m\u00e1quina selecionadora de milho \" class=\"wp-image-148\" srcset=\"https:\/\/corn-machines.com\/wp-content\/uploads\/2022\/09\/maize-picker-machine.webp 720w, https:\/\/corn-machines.com\/wp-content\/uploads\/2022\/09\/maize-picker-machine-300x225.webp 300w\" sizes=\"auto, (max-width: 720px) 100vw, 720px\" \/><figcaption>m\u00e1quina selecionadora de milho <\/figcaption><\/figure>    <p>A colheitadeira de milho de linha \u00fanica consiste em pneus, apoios de bra\u00e7os, bot\u00f5es de ajuste de marcha, pneus e motor. A m\u00e1quina pode ser equipada com motor a diesel ou a gasolina. A m\u00e1quina possui v\u00e1rios ajustes de marcha, a velocidade pode ser controlada e os pneus s\u00e3o feitos de borracha.<\/p>    <h2 class=\"wp-block-heading\" id=\"h-advantages-of-corn-harvester\">Vantagens da colheitadeira de milho<\/h2>    <figure class=\"wp-block-gallery has-nested-images columns-default is-cropped wp-block-gallery-2 is-layout-flex wp-block-gallery-is-layout-flex\"> <figure class=\"wp-block-image size-large\"><img loading=\"lazy\" decoding=\"async\" width=\"720\" height=\"540\" data-id=\"149\" src=\"https:\/\/corn-machines.com\/wp-content\/uploads\/2022\/09\/corn-harvester-1.webp\" alt=\"colheitadeira de milho\" class=\"wp-image-149\" srcset=\"https:\/\/corn-machines.com\/wp-content\/uploads\/2022\/09\/corn-harvester-1.webp 720w, https:\/\/corn-machines.com\/wp-content\/uploads\/2022\/09\/corn-harvester-1-300x225.webp 300w\" sizes=\"auto, (max-width: 720px) 100vw, 720px\" \/><figcaption>colheitadeira de milho<\/figcaption><\/figure>    <figure class=\"wp-block-image size-large\"><img loading=\"lazy\" decoding=\"async\" width=\"720\" height=\"540\" data-id=\"150\" src=\"https:\/\/corn-machines.com\/wp-content\/uploads\/2022\/09\/corn-harvester-2.webp\" alt=\"colheitadeira de milho\" class=\"wp-image-150\" srcset=\"https:\/\/corn-machines.com\/wp-content\/uploads\/2022\/09\/corn-harvester-2.webp 720w, https:\/\/corn-machines.com\/wp-content\/uploads\/2022\/09\/corn-harvester-2-300x225.webp 300w\" sizes=\"auto, (max-width: 720px) 100vw, 720px\" \/><figcaption>colheitadeira de milho<\/figcaption><\/figure>    <figure class=\"wp-block-image size-large\"><img loading=\"lazy\" decoding=\"async\" width=\"720\" height=\"540\" data-id=\"151\" src=\"https:\/\/corn-machines.com\/wp-content\/uploads\/2022\/09\/corn-harvester-3.webp\" alt=\"colheitadeira de milho\" class=\"wp-image-151\" srcset=\"https:\/\/corn-machines.com\/wp-content\/uploads\/2022\/09\/corn-harvester-3.webp 720w, https:\/\/corn-machines.com\/wp-content\/uploads\/2022\/09\/corn-harvester-3-300x225.webp 300w\" sizes=\"auto, (max-width: 720px) 100vw, 720px\" \/><figcaption>colheitadeira de milho<\/figcaption><\/figure>    <figure class=\"wp-block-image size-large\"><img loading=\"lazy\" decoding=\"async\" width=\"720\" height=\"540\" data-id=\"152\" src=\"https:\/\/corn-machines.com\/wp-content\/uploads\/2022\/09\/corn-harvester-4.webp\" alt=\"colheitadeira de milho\" class=\"wp-image-152\" srcset=\"https:\/\/corn-machines.com\/wp-content\/uploads\/2022\/09\/corn-harvester-4.webp 720w, https:\/\/corn-machines.com\/wp-content\/uploads\/2022\/09\/corn-harvester-4-300x225.webp 300w\" sizes=\"auto, (max-width: 720px) 100vw, 720px\" \/><figcaption>colheitadeira de milho<\/figcaption><\/figure>    <figure class=\"wp-block-image size-large\"><img loading=\"lazy\" decoding=\"async\" width=\"720\" height=\"540\" data-id=\"153\" src=\"https:\/\/corn-machines.com\/wp-content\/uploads\/2022\/09\/corn-harvesting-machine-shipping.webp\" alt=\"envio de m\u00e1quina colheitadeira de milho\" class=\"wp-image-153\" srcset=\"https:\/\/corn-machines.com\/wp-content\/uploads\/2022\/09\/corn-harvesting-machine-shipping.webp 720w, https:\/\/corn-machines.com\/wp-content\/uploads\/2022\/09\/corn-harvesting-machine-shipping-300x225.webp 300w\" sizes=\"auto, (max-width: 720px) 100vw, 720px\" \/><figcaption>envio de m\u00e1quina colheitadeira de milho<\/figcaption><\/figure>    <figure class=\"wp-block-image size-large\"><img loading=\"lazy\" decoding=\"async\" width=\"720\" height=\"540\" data-id=\"154\" src=\"https:\/\/corn-machines.com\/wp-content\/uploads\/2022\/09\/corn-harvester-amchine.webp\" alt=\"colheitadeira de milho amchine\" class=\"wp-image-154\" srcset=\"https:\/\/corn-machines.com\/wp-content\/uploads\/2022\/09\/corn-harvester-amchine.webp 720w, https:\/\/corn-machines.com\/wp-content\/uploads\/2022\/09\/corn-harvester-amchine-300x225.webp 300w\" sizes=\"auto, (max-width: 720px) 100vw, 720px\" \/><figcaption>colheitadeira de milho amchine<\/figcaption><\/figure> <\/figure>    <ol class=\"wp-block-list\"><li>Amplie a caixa agregada, que pode conter meio saco de milho por vez, o que \u00e9 mais conveniente para ensacar<\/li><li>L\u00e2mina de tritura\u00e7\u00e3o em liga de 12 pe\u00e7as<\/li><li>O modelo da m\u00e1quina colheitadeira de milho \u00e9 pequeno, flex\u00edvel na opera\u00e7\u00e3o, livre para se movimentar e menos restrito pelo terreno<\/li><li>Ajuste multi-engrenagem, voc\u00ea pode ajustar a velocidade de trabalho<\/li><\/ol>    <figure class=\"wp-block-embed is-type-video is-provider-youtube wp-block-embed-youtube wp-embed-aspect-16-9 wp-has-aspect-ratio\"><div class=\"wp-block-embed__wrapper\"> <iframe loading=\"lazy\" title=\"Colheitadeira de milho pequena | Uma m\u00e1quina de colheita de milho cru | m\u00e1quina trituradora multifuncional de talo de milho\" width=\"500\" height=\"281\" src=\"https:\/\/www.youtube.com\/embed\/dnuDU_P6r60?feature=oembed\" frameborder=\"0\" allow=\"accelerometer; autoplay; clipboard-write; encrypted-media; gyroscope; picture-in-picture; web-share\" referrerpolicy=\"strict-origin-when-cross-origin\" allowfullscreen><\/iframe> <\/div><figcaption>m\u00e1quina selecionadora de milho<\/figcaption><\/figure>","protected":false},"excerpt":{"rendered":"<p>Colhedora de milho para colheita de milho e devolu\u00e7\u00e3o dos talos ao campo.<\/p>","protected":false},"author":1,"featured_media":143,"parent":0,"template":"","tags":[19,35],"product-type":[3],"class_list":["post-100","product","type-product","status-publish","has-post-thumbnail","hentry","tag-corn-harvesting-machine","tag-corn-treshing-machine","product-type-corn-harvesting-machine"],"_links":{"self":[{"href":"https:\/\/corn-machines.com\/pt\/wp-json\/wp\/v2\/product\/100","targetHints":{"allow":["GET"]}}],"collection":[{"href":"https:\/\/corn-machines.com\/pt\/wp-json\/wp\/v2\/product"}],"about":[{"href":"https:\/\/corn-machines.com\/pt\/wp-json\/wp\/v2\/types\/product"}],"author":[{"embeddable":true,"href":"https:\/\/corn-machines.com\/pt\/wp-json\/wp\/v2\/users\/1"}],"wp:featuredmedia":[{"embeddable":true,"href":"https:\/\/corn-machines.com\/pt\/wp-json\/wp\/v2\/media\/143"}],"wp:attachment":[{"href":"https:\/\/corn-machines.com\/pt\/wp-json\/wp\/v2\/media?parent=100"}],"wp:term":[{"taxonomy":"post_tag","embeddable":true,"href":"https:\/\/corn-machines.com\/pt\/wp-json\/wp\/v2\/tags?post=100"},{"taxonomy":"product-type","embeddable":true,"href":"https:\/\/corn-machines.com\/pt\/wp-json\/wp\/v2\/product-type?post=100"}],"curies":[{"name":"wp","href":"https:\/\/api.w.org\/{rel}","templated":true}]}}