{"id":24,"date":"2022-09-06T07:20:01","date_gmt":"2022-09-06T07:20:01","guid":{"rendered":"https:\/\/corn-machines.com\/?page_id=24"},"modified":"2022-09-15T08:45:03","modified_gmt":"2022-09-15T08:45:03","slug":"about-us","status":"publish","type":"page","link":"https:\/\/corn-machines.com\/pt\/about-us\/","title":{"rendered":"Sobre n\u00f3s"},"content":{"rendered":"<p>Taizy \u00e9 uma empresa de equipamentos para processamento de milho. Nossa empresa pode fornecer aos produtores de milho as m\u00e1quinas mais abrangentes e um servi\u00e7o completo para fornecer aos clientes os servi\u00e7os mais despreocupados e que economizam tempo. Temos cinco categorias principais de m\u00e1quinas, incluindo plantadoras de milho, colheitadeiras de milho, debulhadoras de milho, m\u00e1quinas para fazer gr\u00e3os de milho e secadores de milho. Nossos clientes v\u00eam de todo o mundo, e os pa\u00edses onde as m\u00e1quinas de processamento de milho s\u00e3o mais vendidas s\u00e3o It\u00e1lia, Bangladesh, Turquia, Dubai, Estados Unidos, Nig\u00e9ria, Equador e outros pa\u00edses.<\/p>    <figure class=\"wp-block-image size-full\"><img loading=\"lazy\" decoding=\"async\" width=\"720\" height=\"540\" src=\"https:\/\/corn-machines.com\/wp-content\/uploads\/2022\/09\/customer-visit.webp\" alt=\"visita do cliente\" class=\"wp-image-340\" srcset=\"https:\/\/corn-machines.com\/wp-content\/uploads\/2022\/09\/customer-visit.webp 720w, https:\/\/corn-machines.com\/wp-content\/uploads\/2022\/09\/customer-visit-300x225.webp 300w\" sizes=\"auto, (max-width: 720px) 100vw, 720px\" \/><figcaption>visita do cliente<\/figcaption><\/figure>    <h2 class=\"wp-block-heading\" id=\"h-what-can-we-do-for-our-clients\">O que podemos fazer pelos nossos clientes?<\/h2>    <figure class=\"wp-block-image size-full\"><img loading=\"lazy\" decoding=\"async\" width=\"750\" height=\"342\" src=\"https:\/\/corn-machines.com\/wp-content\/uploads\/2022\/09\/Qualification-certificate.webp\" alt=\"Certificado de qualifica\u00e7\u00e3o\" class=\"wp-image-341\" srcset=\"https:\/\/corn-machines.com\/wp-content\/uploads\/2022\/09\/Qualification-certificate.webp 750w, https:\/\/corn-machines.com\/wp-content\/uploads\/2022\/09\/Qualification-certificate-300x137.webp 300w\" sizes=\"auto, (max-width: 750px) 100vw, 750px\" \/><figcaption>Certificado de qualifica\u00e7\u00e3o<\/figcaption><\/figure>    <p>M\u00e1quina de teste. A Taizai pode fornecer m\u00e1quinas de teste aos clientes e, em seguida, enviar v\u00eddeos relacionados para mostrar o efeito de funcionamento das m\u00e1quinas<br>Forne\u00e7a uma solu\u00e7\u00e3o razo\u00e1vel. Forneceremos aos clientes solu\u00e7\u00f5es razo\u00e1veis \u200b\u200be sugest\u00f5es mais eficazes de acordo com as necessidades de cada cliente<br>Resolva o problema dos clientes que usam a m\u00e1quina. Depois que os clientes comprarem a m\u00e1quina, se encontrarem problemas durante o uso, a Taizy tamb\u00e9m ajudar\u00e1 a resolv\u00ea-los<\/p>    <figure class=\"wp-block-image size-full\"><img loading=\"lazy\" decoding=\"async\" width=\"720\" height=\"540\" src=\"https:\/\/corn-machines.com\/wp-content\/uploads\/2022\/09\/corn.webp\" alt=\"milho\" class=\"wp-image-342\" srcset=\"https:\/\/corn-machines.com\/wp-content\/uploads\/2022\/09\/corn.webp 720w, https:\/\/corn-machines.com\/wp-content\/uploads\/2022\/09\/corn-300x225.webp 300w\" sizes=\"auto, (max-width: 720px) 100vw, 720px\" \/><figcaption>milho<\/figcaption><\/figure>    <h2 class=\"wp-block-heading\" id=\"h-the-growth-history-of-taize-company\">A hist\u00f3ria de crescimento da empresa Taiz\u00e9<\/h2>    <figure class=\"wp-block-image size-full\"><img loading=\"lazy\" decoding=\"async\" width=\"750\" height=\"521\" src=\"https:\/\/corn-machines.com\/wp-content\/uploads\/2022\/09\/taizy-company.webp\" alt=\"empresa taizy\" class=\"wp-image-343\" srcset=\"https:\/\/corn-machines.com\/wp-content\/uploads\/2022\/09\/taizy-company.webp 750w, https:\/\/corn-machines.com\/wp-content\/uploads\/2022\/09\/taizy-company-300x208.webp 300w\" sizes=\"auto, (max-width: 750px) 100vw, 750px\" \/><figcaption>Empresa Taizy<\/figcaption><\/figure>    <p>Taiz\u00e9 \u00e9 uma empresa com 20 anos. Passamos de uma pequena f\u00e1brica para uma produ\u00e7\u00e3o em massa em grande escala. Crescemos junto com nossos clientes e temos coopera\u00e7\u00e3o de longo prazo com mais de uma d\u00fazia de clientes. Haver\u00e1 um hor\u00e1rio fixo para compras a granel todos os anos, Taizy \u00e9 seu parceiro de maior confian\u00e7a, temos vasta experi\u00eancia em importa\u00e7\u00e3o e exporta\u00e7\u00e3o e comunica\u00e7\u00e3o com o cliente, e podemos trabalhar com efici\u00eancia tanto nos processos de importa\u00e7\u00e3o e exporta\u00e7\u00e3o quanto na produ\u00e7\u00e3o de documentos.<\/p>    <figure class=\"wp-block-image size-full\"><img loading=\"lazy\" decoding=\"async\" width=\"750\" height=\"903\" src=\"https:\/\/corn-machines.com\/wp-content\/uploads\/2022\/09\/Taizy-factory.webp\" alt=\"F\u00e1brica de Taizy\" class=\"wp-image-344\" srcset=\"https:\/\/corn-machines.com\/wp-content\/uploads\/2022\/09\/Taizy-factory.webp 750w, https:\/\/corn-machines.com\/wp-content\/uploads\/2022\/09\/Taizy-factory-249x300.webp 249w\" sizes=\"auto, (max-width: 750px) 100vw, 750px\" \/><figcaption>F\u00e1brica de Taizy<\/figcaption><\/figure>","protected":false},"excerpt":{"rendered":"<p>Taizy is a corn processing equipment company. Our company can provide corn producers with the most comprehensive machines and one-stop service to provide customers with the most worry-free and time-saving services. We have five major categories of machines, including corn planters, corn harvesters, corn threshers, corn grits-making machines, and corn dryers. Our customers come from [&hellip;]<\/p>\n","protected":false},"author":1,"featured_media":0,"parent":0,"menu_order":0,"comment_status":"closed","ping_status":"closed","template":"","meta":{"footnotes":""},"class_list":["post-24","page","type-page","status-publish","hentry"],"_links":{"self":[{"href":"https:\/\/corn-machines.com\/pt\/wp-json\/wp\/v2\/pages\/24","targetHints":{"allow":["GET"]}}],"collection":[{"href":"https:\/\/corn-machines.com\/pt\/wp-json\/wp\/v2\/pages"}],"about":[{"href":"https:\/\/corn-machines.com\/pt\/wp-json\/wp\/v2\/types\/page"}],"author":[{"embeddable":true,"href":"https:\/\/corn-machines.com\/pt\/wp-json\/wp\/v2\/users\/1"}],"replies":[{"embeddable":true,"href":"https:\/\/corn-machines.com\/pt\/wp-json\/wp\/v2\/comments?post=24"}],"version-history":[{"count":0,"href":"https:\/\/corn-machines.com\/pt\/wp-json\/wp\/v2\/pages\/24\/revisions"}],"wp:attachment":[{"href":"https:\/\/corn-machines.com\/pt\/wp-json\/wp\/v2\/media?parent=24"}],"curies":[{"name":"wp","href":"https:\/\/api.w.org\/{rel}","templated":true}]}}