{"id":919,"date":"2025-08-27T16:05:43","date_gmt":"2025-08-27T08:05:43","guid":{"rendered":"https:\/\/corn-machines.com\/?post_type=product&#038;p=919"},"modified":"2025-09-05T17:02:32","modified_gmt":"2025-09-05T09:02:32","slug":"stainless-steel-milling-machine","status":"publish","type":"product","link":"https:\/\/corn-machines.com\/fr\/product\/stainless-steel-milling-machine\/","title":{"rendered":"Fraiseuse en acier inoxydable"},"content":{"rendered":"<p class=\"translation-block\">La <strong>moulin \u00e0 acier inoxydable<\/strong> est con\u00e7ue pour moudre diverses c\u00e9r\u00e9ales en poudre fine. Le produit fini a g\u00e9n\u00e9ralement une taille de particule de 20-120 mailles. Il est polyvalent et peut \u00eatre utilis\u00e9 pour traiter du ma\u00efs, du bl\u00e9, des \u00e9pices, des grains de caf\u00e9, des piments, et plus encore.<\/p>    <p>Notre broyeur de ma\u00efs est facile \u00e0 utiliser et tr\u00e8s efficace, avec une capacit\u00e9 maximale de 1500 kg\/h. Par cons\u00e9quent, il est populaire dans divers pays. Il a \u00e9t\u00e9 export\u00e9 dans des pays tels que le Nigeria et l'Inde. Si vous recherchez un broyeur de c\u00e9r\u00e9ales, contactez-nous et nous vous fournirons le meilleur prix et la meilleure qualit\u00e9.<\/p>    <figure class=\"wp-block-embed is-type-video is-provider-youtube wp-block-embed-youtube wp-embed-aspect-16-9 wp-has-aspect-ratio\"><div class=\"wp-block-embed__wrapper\"> <iframe loading=\"lazy\" title=\"Meilleur broyeur en acier inoxydable et comment fonctionne un broyeur en acier inoxydable ?#milling\" width=\"500\" height=\"281\" src=\"https:\/\/www.youtube.com\/embed\/djN5FJNMrys?feature=oembed\" frameborder=\"0\" allow=\"accelerometer; autoplay; clipboard-write; encrypted-media; gyroscope; picture-in-picture; web-share\" referrerpolicy=\"strict-origin-when-cross-origin\" allowfullscreen><\/iframe> <\/div><figcaption class=\"wp-element-caption\">processus de travail du moulin \u00e0 meuler en acier inoxydable<\/figcaption><\/figure>    <h2 class=\"wp-block-heading\"><strong>Avantages du moulin \u00e0 farine en acier inoxydable<\/strong><\/h2>    <ul class=\"wp-block-list\"> <li>La capacit\u00e9 maximale de la machine de broyage en acier inoxydable peut atteindre <strong>1500kg\/h<\/strong>. Il convient \u00e0 la production \u00e0 toutes les \u00e9chelles, et vous pouvez choisir le mod\u00e8le qui correspond \u00e0 vos besoins.<\/li>    <li>La taille des particules du produit fini est stable \u00e0 <strong>maille 20-120<\/strong>, couvrant le broyage grossier au broyage fin. Vous pouvez l'ajuster en fonction des besoins de diff\u00e9rents sc\u00e9narios.<\/li>    <li>Le moulin \u00e0 farine de ma\u00efs Taizy poss\u00e8de un<strong> large gamme d'applications<\/strong>. It can process corn, chili peppers, coffee beans, ginger, and beans, achieving &#8220;one machine, multiple uses.&#8221; <\/li>    <li>Notre broyeur en acier inoxydable est fabriqu\u00e9 \u00e0 partir d'un mat\u00e9riau stable qui ne r\u00e9agit pas avec les ingr\u00e9dients alimentaires, r\u00e9pond aux normes alimentaires, et garantit la s\u00e9curit\u00e9. Il est \u00e9galement r\u00e9sistant \u00e0 la corrosion, donc il poss\u00e8de un <strong>longue dur\u00e9e de vie<\/strong>.<\/li> <\/ul>    <figure class=\"wp-block-gallery has-nested-images columns-default is-cropped wp-block-gallery-2 is-layout-flex wp-block-gallery-is-layout-flex\"> <figure class=\"wp-block-image size-large\"><img loading=\"lazy\" decoding=\"async\" width=\"720\" height=\"540\" data-id=\"920\" src=\"https:\/\/corn-machines.com\/wp-content\/uploads\/2025\/08\/stainless-steel-grinding-machine.webp\" alt=\"machine de broyage en acier inoxydable\" class=\"wp-image-920\" srcset=\"https:\/\/corn-machines.com\/wp-content\/uploads\/2025\/08\/stainless-steel-grinding-machine.webp 720w, https:\/\/corn-machines.com\/wp-content\/uploads\/2025\/08\/stainless-steel-grinding-machine-300x225.webp 300w, https:\/\/corn-machines.com\/wp-content\/uploads\/2025\/08\/stainless-steel-grinding-machine-16x12.webp 16w\" sizes=\"auto, (max-width: 720px) 100vw, 720px\" \/><figcaption class=\"wp-element-caption\">machine de broyage en acier inoxydable<\/figcaption><\/figure>    <figure class=\"wp-block-image size-large\"><img loading=\"lazy\" decoding=\"async\" width=\"720\" height=\"540\" data-id=\"921\" src=\"https:\/\/corn-machines.com\/wp-content\/uploads\/2025\/08\/detail-of-corn-milling-machine.webp\" alt=\"d\u00e9tail du moulin \u00e0 ma\u00efs\" class=\"wp-image-921\" srcset=\"https:\/\/corn-machines.com\/wp-content\/uploads\/2025\/08\/detail-of-corn-milling-machine.webp 720w, https:\/\/corn-machines.com\/wp-content\/uploads\/2025\/08\/detail-of-corn-milling-machine-300x225.webp 300w, https:\/\/corn-machines.com\/wp-content\/uploads\/2025\/08\/detail-of-corn-milling-machine-16x12.webp 16w\" sizes=\"auto, (max-width: 720px) 100vw, 720px\" \/><figcaption class=\"wp-element-caption\">d\u00e9tail du moulin \u00e0 ma\u00efs<\/figcaption><\/figure> <\/figure>    <h2 class=\"wp-block-heading\"><strong>Types et param\u00e8tres du moulin \u00e0 farine en acier inoxydable<\/strong><\/h2>    <p>Afin de r\u00e9pondre aux besoins de diff\u00e9rents clients, nous proposons deux types de moulins \u00e0 farine : le moulin \u00e0 farine en acier inoxydable et le petit moulin \u00e0 farine en acier inoxydable. Les images et les param\u00e8tres de ces deux types sont les suivants :<\/p>    <p class=\"translation-block\"><strong>Moulin \u00e0 farine en acier inoxydable<\/strong><\/p>    <p>Cette machine a cinq mod\u00e8les : 15B, 20B, 30B, 40B et 50B. Ses param\u00e8tres sp\u00e9cifiques sont les suivants :<\/p>    <figure class=\"wp-block-table\"><table class=\"has-fixed-layout\"><tbody><tr><td>Mod\u00e8le<\/td><td>15B<\/td><td>20B<\/td><td>30B<\/td><td>40B<\/td><td>50B<\/td><\/tr><tr><td>Mat\u00e9riau<\/td><td>SUS 304<\/td><td>SUS 304<\/td><td>SUS 304<\/td><td>SUS 304<\/td><td>SUS 304<\/td><\/tr><tr><td>Pouvoir<\/td><td>2,2 kW<\/td><td>4 kW<\/td><td>7,5 kW<\/td><td>11kw<\/td><td>18.5kw<\/td><\/tr><tr><td>Vitesse de rotation<\/td><td>6000 tr\/min<\/td><td>4500 tr\/min<\/td><td>3800 tr\/min<\/td><td>3400 tr\/min<\/td><td>3200 tr\/min<\/td><\/tr><tr><td>Taille du mat\u00e9riau<\/td><td>&lt;8mm<\/td><td>&lt;8mm<\/td><td>&lt;10mm<\/td><td>&lt;12mm<\/td><td>&lt;14mm<\/td><\/tr><tr><td>Capacit\u00e9<\/td><td>10-60kg\/h<\/td><td>60-150kg\/h<\/td><td>100-300kg\/h<\/td><td>160-800kg\/h<\/td><td>500-1500kg\/h<\/td><\/tr><tr><td>Finesse<\/td><td>20-120 mesh<\/td><td>20-120 mesh<\/td><td>20-120 mesh<\/td><td>20-120 mesh<\/td><td>20-120 mesh<\/td><\/tr><tr><td>Poids<\/td><td>150 kg<\/td><td>280kg<\/td><td>340kg<\/td><td>450kg<\/td><td>530kg<\/td><\/tr><\/tbody><\/table><figcaption class=\"wp-element-caption\">param\u00e8tres du moulin \u00e0 farine en acier inoxydable <\/figcaption><\/figure>   <div class=\"wp-block-image\"> <figure class=\"aligncenter size-full\"><img loading=\"lazy\" decoding=\"async\" width=\"720\" height=\"540\" src=\"https:\/\/corn-machines.com\/wp-content\/uploads\/2025\/08\/stainless-steel-milling-machine.webp\" alt=\"moulin \u00e0 farine en acier inoxydable\" class=\"wp-image-922\" srcset=\"https:\/\/corn-machines.com\/wp-content\/uploads\/2025\/08\/stainless-steel-milling-machine.webp 720w, https:\/\/corn-machines.com\/wp-content\/uploads\/2025\/08\/stainless-steel-milling-machine-300x225.webp 300w, https:\/\/corn-machines.com\/wp-content\/uploads\/2025\/08\/stainless-steel-milling-machine-16x12.webp 16w\" sizes=\"auto, (max-width: 720px) 100vw, 720px\" \/><figcaption class=\"wp-element-caption\">moulin \u00e0 farine en acier inoxydable<\/figcaption><\/figure> <\/div>   <p class=\"translation-block\"><strong>Petit moulin \u00e0 farine en acier inoxydable<\/strong><\/p>    <p>Cette machine a trois mod\u00e8les : HAO-1200, HAO-2200 et HAO-3000. Les param\u00e8tres sp\u00e9cifiques sont les suivants :<\/p>    <figure class=\"wp-block-table\"><table class=\"has-fixed-layout\"><tbody><tr><td>Mod\u00e8le<\/td><td>HAO-1200<\/td><td>HAO-2200<\/td><td>HAO-3000<\/td><\/tr><tr><td>Pouvoir<\/td><td>1.1kw<\/td><td>2,2 kW<\/td><td>3 kW<\/td><\/tr><tr><td>Vitesse de rotation<\/td><td>1400 tr\/min<\/td><td>1420 tr\/min<\/td><td>1420 tr\/min<\/td><\/tr><tr><td>Capacit\u00e9<\/td><td>15-40kg\/h<\/td><td>30-50kg\/h<\/td><td>30-60kg\/h<\/td><\/tr><tr><td>Finesse<\/td><td>50-200 mesh<\/td><td>50-200 mesh<\/td><td>50-200 mesh<\/td><\/tr><tr><td>Taille de la machine<\/td><td>47*22*34cm<\/td><td>55*28*41cm<\/td><td>60*30*46cm<\/td><\/tr><tr><td>Poids de la machine<\/td><td>30kg<\/td><td>40kg<\/td><td>48kg<\/td><\/tr><\/tbody><\/table><figcaption class=\"wp-element-caption\">param\u00e8tres du petit moulin en acier inoxydable<\/figcaption><\/figure>   <div class=\"wp-block-image\"> <figure class=\"aligncenter size-full\"><img loading=\"lazy\" decoding=\"async\" width=\"720\" height=\"540\" src=\"https:\/\/corn-machines.com\/wp-content\/uploads\/2025\/08\/Small-stainless-steel-milling-machine.webp\" alt=\"petit moulin \u00e0 farine en acier inoxydable\" class=\"wp-image-923\" srcset=\"https:\/\/corn-machines.com\/wp-content\/uploads\/2025\/08\/Small-stainless-steel-milling-machine.webp 720w, https:\/\/corn-machines.com\/wp-content\/uploads\/2025\/08\/Small-stainless-steel-milling-machine-300x225.webp 300w, https:\/\/corn-machines.com\/wp-content\/uploads\/2025\/08\/Small-stainless-steel-milling-machine-16x12.webp 16w\" sizes=\"auto, (max-width: 720px) 100vw, 720px\" \/><figcaption class=\"wp-element-caption\">petit moulin \u00e0 farine en acier inoxydable<\/figcaption><\/figure> <\/div>   <h2 class=\"wp-block-heading\"><strong>Structure du moulin \u00e0 grains<\/strong><\/h2>    <div class=\"wp-block-media-text is-stacked-on-mobile\"><figure class=\"wp-block-media-text__media\"><img loading=\"lazy\" decoding=\"async\" width=\"540\" height=\"720\" src=\"https:\/\/corn-machines.com\/wp-content\/uploads\/2025\/08\/stainless-steel-grinding-mill.webp\" alt=\"moulin \u00e0 farine en acier inoxydable\" class=\"wp-image-924 size-full\" srcset=\"https:\/\/corn-machines.com\/wp-content\/uploads\/2025\/08\/stainless-steel-grinding-mill.webp 540w, https:\/\/corn-machines.com\/wp-content\/uploads\/2025\/08\/stainless-steel-grinding-mill-225x300.webp 225w, https:\/\/corn-machines.com\/wp-content\/uploads\/2025\/08\/stainless-steel-grinding-mill-9x12.webp 9w\" sizes=\"auto, (max-width: 540px) 100vw, 540px\" \/><\/figure><div class=\"wp-block-media-text__content\"> <p>La structure g\u00e9n\u00e9rale du moulin en acier inoxydable est tr\u00e8s simple, compos\u00e9e des composants principaux suivants :<\/p>    <ul class=\"wp-block-list\"> <li>Entr\u00e9e<\/li>    <li>R\u00e9glage de la vitesse<\/li>    <li>Chambre de broyage<\/li>    <li>\u00c9crou de desserrage<\/li>    <li>Bouton d'interrupteur<\/li>    <li>Sortie<\/li> <\/ul> <\/div><\/div>    <h2 class=\"wp-block-heading\"><strong>Principe de fonctionnement du moulin \u00e0 grains<\/strong><\/h2>    <p>Ce pulv\u00e9risateur utilise le mouvement relatif entre un disque dent\u00e9 mobile et un disque dent\u00e9 fixe pour pulv\u00e9riser le mat\u00e9riau par l'impact, le cisaillement, le frottement et la collision des dents. Le mat\u00e9riau pulv\u00e9ris\u00e9 est directement d\u00e9charg\u00e9 de la chambre de pulv\u00e9risation.<\/p>    <p>La granulom\u00e9trie finale du produit de cette machine est d\u00e9termin\u00e9e par le tamis, qui peut \u00eatre chang\u00e9 pour s'adapter \u00e0 la granulom\u00e9trie souhait\u00e9e.<\/p>    <figure class=\"wp-block-gallery has-nested-images columns-default is-cropped wp-block-gallery-3 is-layout-flex wp-block-gallery-is-layout-flex\"> <figure class=\"wp-block-image size-full\"><img loading=\"lazy\" decoding=\"async\" width=\"540\" height=\"720\" data-id=\"934\" src=\"https:\/\/corn-machines.com\/wp-content\/uploads\/2025\/08\/\u56fe\u7247\u6587\u5b57\u4fee\u6539-tuya_\u7ed3\u679c.webp\" alt=\"d\u00e9tail de la machine \u00e0 moudre la farine en acier inoxydable\" class=\"wp-image-934\" srcset=\"https:\/\/corn-machines.com\/wp-content\/uploads\/2025\/08\/\u56fe\u7247\u6587\u5b57\u4fee\u6539-tuya_\u7ed3\u679c.webp 540w, https:\/\/corn-machines.com\/wp-content\/uploads\/2025\/08\/\u56fe\u7247\u6587\u5b57\u4fee\u6539-tuya_\u7ed3\u679c-225x300.webp 225w, https:\/\/corn-machines.com\/wp-content\/uploads\/2025\/08\/\u56fe\u7247\u6587\u5b57\u4fee\u6539-tuya_\u7ed3\u679c-9x12.webp 9w\" sizes=\"auto, (max-width: 540px) 100vw, 540px\" \/><figcaption class=\"wp-element-caption\">d\u00e9tail de la machine \u00e0 moudre la farine en acier inoxydable<\/figcaption><\/figure>    <figure class=\"wp-block-image size-large\"><img loading=\"lazy\" decoding=\"async\" width=\"540\" height=\"720\" data-id=\"925\" src=\"https:\/\/corn-machines.com\/wp-content\/uploads\/2025\/08\/detail-of-small-grain-milling-machine.webp\" alt=\"d\u00e9tail du petit moulin \u00e0 grains\" class=\"wp-image-925\" srcset=\"https:\/\/corn-machines.com\/wp-content\/uploads\/2025\/08\/detail-of-small-grain-milling-machine.webp 540w, https:\/\/corn-machines.com\/wp-content\/uploads\/2025\/08\/detail-of-small-grain-milling-machine-225x300.webp 225w, https:\/\/corn-machines.com\/wp-content\/uploads\/2025\/08\/detail-of-small-grain-milling-machine-9x12.webp 9w\" sizes=\"auto, (max-width: 540px) 100vw, 540px\" \/><figcaption class=\"wp-element-caption\">d\u00e9tails du petit moulin \u00e0 grains<\/figcaption><\/figure>    <figure class=\"wp-block-image size-large\"><img loading=\"lazy\" decoding=\"async\" width=\"540\" height=\"720\" data-id=\"926\" src=\"https:\/\/corn-machines.com\/wp-content\/uploads\/2025\/08\/sieve-of-stainless-steel-small-mill.webp\" alt=\"tamis du petit moulin en acier inoxydable\" class=\"wp-image-926\" srcset=\"https:\/\/corn-machines.com\/wp-content\/uploads\/2025\/08\/sieve-of-stainless-steel-small-mill.webp 540w, https:\/\/corn-machines.com\/wp-content\/uploads\/2025\/08\/sieve-of-stainless-steel-small-mill-225x300.webp 225w, https:\/\/corn-machines.com\/wp-content\/uploads\/2025\/08\/sieve-of-stainless-steel-small-mill-9x12.webp 9w\" sizes=\"auto, (max-width: 540px) 100vw, 540px\" \/><figcaption class=\"wp-element-caption\">tamis du petit moulin en acier inoxydable<\/figcaption><\/figure> <\/figure>    <h2 class=\"wp-block-heading\"><strong>Application du broyeur en acier inoxydable<\/strong><\/h2>    <p>Le moulin \u00e0 farine Taizy en acier inoxydable a un large \u00e9ventail d'applications, telles que les grains de caf\u00e9, le gingembre, les grains de poivre, le soja, les piments, les herbes, etc.<\/p>    <figure class=\"wp-block-gallery has-nested-images columns-default is-cropped wp-block-gallery-4 is-layout-flex wp-block-gallery-is-layout-flex\"> <figure class=\"wp-block-image size-large\"><img loading=\"lazy\" decoding=\"async\" width=\"720\" height=\"540\" data-id=\"930\" src=\"https:\/\/corn-machines.com\/wp-content\/uploads\/2025\/08\/application-of-stainless-steel-flour-mill-machine.webp\" alt=\"application du moulin \u00e0 farine en acier inoxydable\" class=\"wp-image-930\" srcset=\"https:\/\/corn-machines.com\/wp-content\/uploads\/2025\/08\/application-of-stainless-steel-flour-mill-machine.webp 720w, https:\/\/corn-machines.com\/wp-content\/uploads\/2025\/08\/application-of-stainless-steel-flour-mill-machine-300x225.webp 300w, https:\/\/corn-machines.com\/wp-content\/uploads\/2025\/08\/application-of-stainless-steel-flour-mill-machine-16x12.webp 16w\" sizes=\"auto, (max-width: 720px) 100vw, 720px\" \/><figcaption class=\"wp-element-caption\">application du moulin \u00e0 farine en acier inoxydable<\/figcaption><\/figure>    <figure class=\"wp-block-image size-large\"><img loading=\"lazy\" decoding=\"async\" width=\"720\" height=\"540\" data-id=\"931\" src=\"https:\/\/corn-machines.com\/wp-content\/uploads\/2025\/08\/application-of-stainless-steel-milling-machine.webp\" alt=\"application du moulin \u00e0 farine en acier inoxydable\" class=\"wp-image-931\" srcset=\"https:\/\/corn-machines.com\/wp-content\/uploads\/2025\/08\/application-of-stainless-steel-milling-machine.webp 720w, https:\/\/corn-machines.com\/wp-content\/uploads\/2025\/08\/application-of-stainless-steel-milling-machine-300x225.webp 300w, https:\/\/corn-machines.com\/wp-content\/uploads\/2025\/08\/application-of-stainless-steel-milling-machine-16x12.webp 16w\" sizes=\"auto, (max-width: 720px) 100vw, 720px\" \/><figcaption class=\"wp-element-caption\">application du moulin \u00e0 farine en acier inoxydable<\/figcaption><\/figure> <\/figure>    <h2 class=\"wp-block-heading\"><strong>Quel est le prix du moulin \u00e0 ma\u00efs ?<\/strong><\/h2>    <p>Nous proposons une vari\u00e9t\u00e9 de mod\u00e8les de moulins \u00e0 grains et \u00e0 ma\u00efs. Plusieurs facteurs d\u00e9terminent le prix du moulin \u00e0 grains.<\/p>    <ul class=\"wp-block-list\"> <li>Premi\u00e8rement, le mod\u00e8le de la machine. Diff\u00e9rents mod\u00e8les produisent diff\u00e9rents niveaux de finesse du produit fini et d'efficacit\u00e9 de traitement, entra\u00eenant des variations de prix.<\/li>    <li>Deuxi\u00e8mement, les accessoires de la machine. Par exemple, si vous avez besoin d'acheter des pi\u00e8ces consommables suppl\u00e9mentaires (telles que des tamis) ou des \u00e9quipements auxiliaires (tels que des dispositifs de manutention des mat\u00e9riaux). Dans ce cas, les co\u00fbts des accessoires correspondants seront ajout\u00e9s au prix de base.<\/li>    <li>En outre, le pays de destination. Ceci est principalement li\u00e9 aux taux de fret maritime internationaux, qui varient selon la destination et ont un impact direct sur le prix global de la machine.<\/li> <\/ul>    <figure class=\"wp-block-gallery has-nested-images columns-default is-cropped wp-block-gallery-5 is-layout-flex wp-block-gallery-is-layout-flex\"> <figure class=\"wp-block-image size-large\"><img loading=\"lazy\" decoding=\"async\" width=\"540\" height=\"720\" data-id=\"928\" src=\"https:\/\/corn-machines.com\/wp-content\/uploads\/2025\/08\/stainless-steel-grinder-machine.webp\" alt=\"machine de broyage en acier inoxydable\" class=\"wp-image-928\" srcset=\"https:\/\/corn-machines.com\/wp-content\/uploads\/2025\/08\/stainless-steel-grinder-machine.webp 540w, https:\/\/corn-machines.com\/wp-content\/uploads\/2025\/08\/stainless-steel-grinder-machine-225x300.webp 225w, https:\/\/corn-machines.com\/wp-content\/uploads\/2025\/08\/stainless-steel-grinder-machine-9x12.webp 9w\" sizes=\"auto, (max-width: 540px) 100vw, 540px\" \/><figcaption class=\"wp-element-caption\">machine de broyage en acier inoxydable<\/figcaption><\/figure>    <figure class=\"wp-block-image size-large\"><img loading=\"lazy\" decoding=\"async\" width=\"540\" height=\"720\" data-id=\"929\" src=\"https:\/\/corn-machines.com\/wp-content\/uploads\/2025\/08\/stainless-steel-small-mill.webp\" alt=\"petit moulin en acier inoxydable\" class=\"wp-image-929\" srcset=\"https:\/\/corn-machines.com\/wp-content\/uploads\/2025\/08\/stainless-steel-small-mill.webp 540w, https:\/\/corn-machines.com\/wp-content\/uploads\/2025\/08\/stainless-steel-small-mill-225x300.webp 225w, https:\/\/corn-machines.com\/wp-content\/uploads\/2025\/08\/stainless-steel-small-mill-9x12.webp 9w\" sizes=\"auto, (max-width: 540px) 100vw, 540px\" \/><figcaption class=\"wp-element-caption\">petit moulin en acier inoxydable<\/figcaption><\/figure> <\/figure>    <h2 class=\"wp-block-heading\"><strong>Pourquoi nous choisir comme fournisseur ?<\/strong><\/h2>    <p class=\"translation-block\">Taizy est une entreprise sp\u00e9cialis\u00e9e dans les \u00e9quipements de transformation des produits agricoles. Nous proposons une gamme compl\u00e8te de machines, notamment le moulin en acier inoxydable, <a href=\"https:\/\/corn-machines.com\/fr\/product\/mini-corn-harvesting-machine-maize-picker-machine\/\">moissonneuse de ma\u00efs<\/a>, <a href=\"https:\/\/corn-machines.com\/fr\/product\/grain-dryer\/\">s\u00e9choir \u00e0 ma\u00efs<\/a>, <a href=\"https:\/\/corn-machines.com\/fr\/product\/fresh-corn-thresher-sweet-corn-sheller\/\">d\u00e9cortiqueuse de ma\u00efs<\/a>, et <a href=\"https:\/\/corn-machines.com\/fr\/product\/corn-grits-machine\/\">moulin \u00e0 semoule de ma\u00efs<\/a>. <\/p>    <p>Nous fournissons un service cl\u00e9 en main pour nos clients. Nos clients sont r\u00e9partis dans le monde entier, avec notre plus grand volume de ventes d'\u00e9quipements de transformation du ma\u00efs dans des pays tels que l'Italie, le Bangladesh, la Turquie, Duba\u00ef, les \u00c9tats-Unis, le Nigeria et l'\u00c9quateur. Nous avons re\u00e7u des \u00e9loges unanimes de la part de nos clients.<\/p>    <p> Si vous \u00eates int\u00e9ress\u00e9 par l'une de nos machines, contactez-nous d\u00e8s maintenant et nous vous fournirons le meilleur service et la solution la plus efficace.<\/p>","protected":false},"excerpt":{"rendered":"<p>Cet article pr\u00e9sente principalement la machine de fraisage en acier inoxydable, y compris ses fonctions, ses avantages, ses mod\u00e8les, etc. L'introduction compl\u00e8te fournit une r\u00e9f\u00e9rence pour les clients ayant besoin.<\/p>","protected":false},"author":1,"featured_media":933,"parent":0,"template":"","tags":[42,76,43],"product-type":[5],"class_list":["post-919","product","type-product","status-publish","has-post-thumbnail","hentry","tag-corn","tag-corn-milling","tag-maize","product-type-maize-grits-milling-machine"],"_links":{"self":[{"href":"https:\/\/corn-machines.com\/fr\/wp-json\/wp\/v2\/product\/919","targetHints":{"allow":["GET"]}}],"collection":[{"href":"https:\/\/corn-machines.com\/fr\/wp-json\/wp\/v2\/product"}],"about":[{"href":"https:\/\/corn-machines.com\/fr\/wp-json\/wp\/v2\/types\/product"}],"author":[{"embeddable":true,"href":"https:\/\/corn-machines.com\/fr\/wp-json\/wp\/v2\/users\/1"}],"wp:featuredmedia":[{"embeddable":true,"href":"https:\/\/corn-machines.com\/fr\/wp-json\/wp\/v2\/media\/933"}],"wp:attachment":[{"href":"https:\/\/corn-machines.com\/fr\/wp-json\/wp\/v2\/media?parent=919"}],"wp:term":[{"taxonomy":"post_tag","embeddable":true,"href":"https:\/\/corn-machines.com\/fr\/wp-json\/wp\/v2\/tags?post=919"},{"taxonomy":"product-type","embeddable":true,"href":"https:\/\/corn-machines.com\/fr\/wp-json\/wp\/v2\/product-type?post=919"}],"curies":[{"name":"wp","href":"https:\/\/api.w.org\/{rel}","templated":true}]}}