{"id":877,"date":"2025-08-21T15:12:18","date_gmt":"2025-08-21T07:12:18","guid":{"rendered":"https:\/\/corn-machines.com\/?post_type=product&#038;p=877"},"modified":"2025-08-29T16:05:41","modified_gmt":"2025-08-29T08:05:41","slug":"corn-cutter-machine","status":"publish","type":"product","link":"https:\/\/corn-machines.com\/fr\/product\/corn-cutter-machine\/","title":{"rendered":"Machine coupe-ma\u00efs automatique"},"content":{"rendered":"<p class=\"translation-block\">Le <strong>coupe\u2011\u00e9pi<\/strong><span style=\"margin: 0px;padding: 0px\"><strong>machine<\/strong> peut<\/span> retirer rapidement la t\u00eate et la queue du ma\u00efs. Il a une grande efficacit\u00e9 et peut traiter le ma\u00efs \u00e0 un rythme de 3000\u20115000 \u00e9pis par heure. La longueur du ma\u00efs trait\u00e9 peut \u00eatre personnalis\u00e9e selon vos besoins, et la longueur la plus courte est de 15 cm.<\/p>    <p>Le ma\u00efs dont la t\u00eate et la queue ont \u00e9t\u00e9 retir\u00e9es peut \u00eatre transform\u00e9 en aliments ou vendu directement comme ingr\u00e9dient. Par cons\u00e9quent, la machine d'enl\u00e8vement de t\u00eate et de queue de ma\u00efs est populaire dans les industries agricole et alimentaire. Elle a \u00e9t\u00e9 export\u00e9e en Inde, au Nigeria et dans d'autres pays et a re\u00e7u des \u00e9loges unanimes. Si vous avez besoin de la machine de d\u00e9coupe de ma\u00efs, contactez-nous d\u00e8s maintenant pour plus d'informations.<\/p>    <figure class=\"wp-block-embed is-type-video is-provider-youtube wp-block-embed-youtube wp-embed-aspect-16-9 wp-has-aspect-ratio\"><div class=\"wp-block-embed__wrapper\"> <iframe loading=\"lazy\" title=\"\ud83c\udf3d\ud83c\udf3dMachine de coupe de ma\u00efs la plus vendue | Comment fonctionne la machine d&#039;\u00e9pluchage de ma\u00efs frais ?\" width=\"500\" height=\"281\" src=\"https:\/\/www.youtube.com\/embed\/Tr77gb29nc8?feature=oembed\" frameborder=\"0\" allow=\"accelerometer; autoplay; clipboard-write; encrypted-media; gyroscope; picture-in-picture; web-share\" referrerpolicy=\"strict-origin-when-cross-origin\" allowfullscreen><\/iframe> <\/div><figcaption class=\"wp-element-caption\">vid\u00e9o de travail de la machine \u00e0 enlever la t\u00eate et la queue du ma\u00efs<\/figcaption><\/figure>    <h2 class=\"wp-block-heading\"><strong>Avantages de la machine d'enl\u00e8vement de t\u00eate et de queue de ma\u00efs<\/strong><\/h2>    <ul class=\"wp-block-list\"> <li>Le corps du ma\u00efs congel\u00e9 <strong>machine \u00e0 \u00e9queuter le ma\u00efs<\/strong> est fabriqu\u00e9 \u00e0 partir de <strong>Acier inoxydable 304<\/strong>, ce qui <span style=\"box-sizing: border-box; margin: 0px; padding: 0px;\">offre une forte r\u00e9sistance \u00e0 la corrosion et \u00e0 l'usure<\/span>e, ce qui prolonge la dur\u00e9e de vie de l'\u00e9quipement.<\/li>    <li>Il poss\u00e8de <strong>forte applicabilit\u00e9<\/strong> et peut traiter des mati\u00e8res premi\u00e8res dans diff\u00e9rents \u00e9tats, comme le ma\u00efs non d\u00e9cortiqu\u00e9, le ma\u00efs congel\u00e9 et le ma\u00efs frais, sans traitement pr\u00e9alable suppl\u00e9mentaire (comme la d\u00e9cong\u00e9lation et l'\u00e9pluchage), ce qui r\u00e9duit le processus et am\u00e9liore l'efficacit\u00e9 du traitement.<\/li>    <li>Notre machine de coupe de ma\u00efs <strong>prend en charge le r\u00e9glage de la longueur du ma\u00efs<\/strong>. Elle peut enlever avec pr\u00e9cision la t\u00eate et la queue selon les exigences du traitement, r\u00e9duisant ainsi le gaspillage de mati\u00e8res premi\u00e8res et assurant la coh\u00e9rence du produit fini.<\/li>    <li>La machine de coupe de ma\u00efs Taziy remplace l'enl\u00e8vement manuel de la t\u00eate et de la queue, ce qui permet de gagner beaucoup de temps<strong> am\u00e9liore la vitesse de traitement, et r\u00e9duit les co\u00fbts de main-d'\u0153uvre<\/strong>. Elle est particuli\u00e8rement adapt\u00e9e aux sc\u00e9narios de production \u00e0 grande \u00e9chelle et en masse (tels que les conserveries et les usines de surgel\u00e9s rapides).<\/li>    <li>La machine d'enl\u00e8vement de la t\u00eate et de la queue du ma\u00efs a une <strong>forte combinaison<\/strong>, et peut \u00eatre utilis\u00e9 avec d'autres \u00e9quipements de traitement (tels que le <a href=\"https:\/\/corn-machines.com\/fr\/product\/sweet-corn-cutter-machine\/\">machine \u00e0 couper le ma\u00efs doux<\/a>, machine d'emballage), ce qui peut am\u00e9liorer la capacit\u00e9 de production globale.<\/li> <\/ul>   <div class=\"wp-block-image\"> <figure class=\"aligncenter size-full\"><img loading=\"lazy\" decoding=\"async\" width=\"720\" height=\"540\" src=\"https:\/\/corn-machines.com\/wp-content\/uploads\/2025\/08\/corn-head-and-tail-removing-machine.webp\" alt=\"machine \u00e0 enlever la t\u00eate et la queue du ma\u00efs\" class=\"wp-image-879\" srcset=\"https:\/\/corn-machines.com\/wp-content\/uploads\/2025\/08\/corn-head-and-tail-removing-machine.webp 720w, https:\/\/corn-machines.com\/wp-content\/uploads\/2025\/08\/corn-head-and-tail-removing-machine-300x225.webp 300w, https:\/\/corn-machines.com\/wp-content\/uploads\/2025\/08\/corn-head-and-tail-removing-machine-16x12.webp 16w\" sizes=\"auto, (max-width: 720px) 100vw, 720px\" \/><figcaption class=\"wp-element-caption\">machine \u00e0 enlever la t\u00eate et la queue du ma\u00efs<\/figcaption><\/figure> <\/div>   <h2 class=\"wp-block-heading\"><strong>Param\u00e8tres de la machine de d\u00e9coupe de ma\u00efs<\/strong><\/h2>    <figure class=\"wp-block-table\"><table class=\"has-fixed-layout\"><tbody><tr><td>Mod\u00e8le<\/td><td> Machine \u00e0 \u00e9queuter le ma\u00efs simple rang\u00e9e<\/td><td>Machine \u00e0 \u00e9queuter le ma\u00efs double rang\u00e9e<\/td><\/tr><tr><td>Pouvoir<\/td><td>1,5 kW<\/td><td>1,5 kW<\/td><\/tr><tr><td>Poids<\/td><td>350 kg<\/td><td>\/<\/td><\/tr><tr><td>Taille<\/td><td>2600*750*1200mm<\/td><td>7000*1700*1900mm<\/td><\/tr><tr><td>Mat\u00e9riau du corps<\/td><td>Acier inoxydable 304<\/td><td>Acier inoxydable 304<\/td><\/tr><tr><td>Capacit\u00e9 de production<\/td><td>3000 \u00e9pis\/h<\/td><td>5000 \u00e9pis\/h<\/td><\/tr><\/tbody><\/table><figcaption class=\"wp-element-caption\">param\u00e8tres de la machine \u00e0 enlever la t\u00eate et la queue du ma\u00efs<\/figcaption><\/figure>    <h2 class=\"wp-block-heading\"><strong>Application de la machine \u00e0 enlever la t\u00eate et la queue du ma\u00efs<\/strong><\/h2>    <p class=\"translation-block\">La<strong> machine \u00e0 \u00e9queuter le ma\u00efs<\/strong> est tr\u00e8s adaptable et convient \u00e0 divers types de ma\u00efs, tels que le ma\u00efs avec sa cosse, le ma\u00efs surgel\u00e9, le ma\u00efs frais, etc. Le ma\u00efs trait\u00e9 par la machine \u00e0 enlever la t\u00eate et la queue du ma\u00efs a un large \u00e9ventail d'applications :<\/p>    <ul class=\"wp-block-list\"> <li><strong>Production d'aliments en conserve<\/strong>: Lors de la mise en conserve du ma\u00efs doux, la t\u00eate (plus dure et \u00e0 texture m\u00e9diocre) et la queue (qui peut contenir de la soie ou des parties ligneuses) doivent \u00eatre enlev\u00e9es pour garantir un go\u00fbt uniforme et une apparence soign\u00e9e.<\/li>    <li><strong>Transformation des aliments surgel\u00e9s<\/strong>: Lors du traitement du ma\u00efs frais ou du ma\u00efs avec enveloppe, apr\u00e8s avoir enlev\u00e9 la t\u00eate et la queue, le ma\u00efs peut \u00eatre coup\u00e9 en segments (comme des segments de ma\u00efs congel\u00e9) ou \u00e9gren\u00e9 (comme des grains de ma\u00efs congel\u00e9s) pour r\u00e9pondre aux exigences standardis\u00e9es des supermarch\u00e9s, restaurants et autres canaux.<\/li>    <li><strong>Production d'aliments snack<\/strong>: La pr\u00e9-traitement des produits tels que les chips de ma\u00efs et les snacks de ma\u00efs en \u00e9pi \u00e9limine les parties ind\u00e9sirables, garantit la qualit\u00e9 des mati\u00e8res premi\u00e8res et am\u00e9liore l'efficacit\u00e9 du traitement ult\u00e9rieur (comme la friture et l'assaisonnement).<\/li>    <li><strong>Transformation alimentaire pr\u00e9par\u00e9e<\/strong>: Le ma\u00efs trait\u00e9 par le <strong>machine \u00e0 \u00e9queuter le ma\u00efs<\/strong> peut \u00eatre directement emball\u00e9 sous vide en tant que nourriture pr\u00e9par\u00e9e apr\u00e8s cuisson.<\/li> <\/ul>    <figure class=\"wp-block-gallery has-nested-images columns-default is-cropped wp-block-gallery-2 is-layout-flex wp-block-gallery-is-layout-flex\"> <figure class=\"wp-block-image size-large\"><img loading=\"lazy\" decoding=\"async\" width=\"720\" height=\"540\" data-id=\"882\" src=\"https:\/\/corn-machines.com\/wp-content\/uploads\/2025\/08\/appliction-of-fresh-corn-cuttre.webp\" alt=\"application de la machine \u00e0 \u00e9queuter le ma\u00efs frais\" class=\"wp-image-882\" srcset=\"https:\/\/corn-machines.com\/wp-content\/uploads\/2025\/08\/appliction-of-fresh-corn-cuttre.webp 720w, https:\/\/corn-machines.com\/wp-content\/uploads\/2025\/08\/appliction-of-fresh-corn-cuttre-300x225.webp 300w, https:\/\/corn-machines.com\/wp-content\/uploads\/2025\/08\/appliction-of-fresh-corn-cuttre-16x12.webp 16w\" sizes=\"auto, (max-width: 720px) 100vw, 720px\" \/><figcaption class=\"wp-element-caption\">application de la machine \u00e0 \u00e9queuter le ma\u00efs frais<\/figcaption><\/figure>    <figure class=\"wp-block-image size-large\"><img loading=\"lazy\" decoding=\"async\" width=\"720\" height=\"540\" data-id=\"880\" src=\"https:\/\/corn-machines.com\/wp-content\/uploads\/2025\/08\/application-of-dry-maize-cutter.webp\" alt=\"application de la machine \u00e0 \u00e9queuter le ma\u00efs sec\" class=\"wp-image-880\" srcset=\"https:\/\/corn-machines.com\/wp-content\/uploads\/2025\/08\/application-of-dry-maize-cutter.webp 720w, https:\/\/corn-machines.com\/wp-content\/uploads\/2025\/08\/application-of-dry-maize-cutter-300x225.webp 300w, https:\/\/corn-machines.com\/wp-content\/uploads\/2025\/08\/application-of-dry-maize-cutter-16x12.webp 16w\" sizes=\"auto, (max-width: 720px) 100vw, 720px\" \/><figcaption class=\"wp-element-caption\">application de la machine \u00e0 \u00e9queuter le ma\u00efs sec<\/figcaption><\/figure>    <figure class=\"wp-block-image size-large\"><img loading=\"lazy\" decoding=\"async\" width=\"720\" height=\"540\" data-id=\"881\" src=\"https:\/\/corn-machines.com\/wp-content\/uploads\/2025\/08\/application-of-frozen-corn-cutting-machine.webp\" alt=\"application de la machine \u00e0 \u00e9queuter le ma\u00efs surgel\u00e9\" class=\"wp-image-881\" srcset=\"https:\/\/corn-machines.com\/wp-content\/uploads\/2025\/08\/application-of-frozen-corn-cutting-machine.webp 720w, https:\/\/corn-machines.com\/wp-content\/uploads\/2025\/08\/application-of-frozen-corn-cutting-machine-300x225.webp 300w, https:\/\/corn-machines.com\/wp-content\/uploads\/2025\/08\/application-of-frozen-corn-cutting-machine-16x12.webp 16w\" sizes=\"auto, (max-width: 720px) 100vw, 720px\" \/><figcaption class=\"wp-element-caption\">application de la machine \u00e0 \u00e9queuter le ma\u00efs surgel\u00e9<\/figcaption><\/figure> <\/figure>    <h2 class=\"wp-block-heading\"><strong>Points \u00e0 consid\u00e9rer avant d'acheter une machine de d\u00e9coupe de ma\u00efs<\/strong><\/h2>    <ol class=\"wp-block-list\"> <li>Avant d'acheter, vous devez conna\u00eetre le type de ma\u00efs que vous souhaitez traiter. Cette machine convient aussi bien au ma\u00efs frais qu'au ma\u00efs surgel\u00e9, mais les lames utilis\u00e9es pour couper le ma\u00efs surgel\u00e9 et le ma\u00efs frais sont diff\u00e9rentes. Vous devez acheter en fonction de vos besoins.<\/li>    <li>Pr\u00e9cisez la longueur finale attendue du ma\u00efs avant l\u2019achat. La longueur finale du ma\u00efs n\u00e9cessite diff\u00e9rentes tailles de plateaux \u00e0 ma\u00efs. La longueur du plateau \u00e0 ma\u00efs est la longueur la plus courte du ma\u00efs.<\/li>    <li>Avant d'acheter, vous devez conna\u00eetre votre volume de production cible. Cela <strong>machine \u00e0 \u00e9queuter le ma\u00efs<\/strong> est disponible en mod\u00e8les \u00e0 une ou deux rang\u00e9es. La capacit\u00e9 de production de la coupeuse de ma\u00efs \u00e0 une rang\u00e9e est de 3000 \u00e9pis\/h, et celle de la coupeuse \u00e0 deux rang\u00e9es est de 5000 \u00e9pis\/h. Vous pouvez choisir en fonction de votre \u00e9chelle de production.<\/li> <\/ol>    <figure class=\"wp-block-gallery has-nested-images columns-default is-cropped wp-block-gallery-3 is-layout-flex wp-block-gallery-is-layout-flex\"> <figure class=\"wp-block-image size-large\"><img loading=\"lazy\" decoding=\"async\" width=\"720\" height=\"540\" data-id=\"883\" src=\"https:\/\/corn-machines.com\/wp-content\/uploads\/2025\/08\/corn-cutting-machine.webp\" alt=\"machine \u00e0 \u00e9queuter le ma\u00efs\" class=\"wp-image-883\" srcset=\"https:\/\/corn-machines.com\/wp-content\/uploads\/2025\/08\/corn-cutting-machine.webp 720w, https:\/\/corn-machines.com\/wp-content\/uploads\/2025\/08\/corn-cutting-machine-300x225.webp 300w, https:\/\/corn-machines.com\/wp-content\/uploads\/2025\/08\/corn-cutting-machine-16x12.webp 16w\" sizes=\"auto, (max-width: 720px) 100vw, 720px\" \/><figcaption class=\"wp-element-caption\">machine \u00e0 \u00e9queuter le ma\u00efs<\/figcaption><\/figure>    <figure class=\"wp-block-image size-large\"><img loading=\"lazy\" decoding=\"async\" width=\"720\" height=\"540\" data-id=\"884\" src=\"https:\/\/corn-machines.com\/wp-content\/uploads\/2025\/08\/single-row-corn-cuttre.webp\" alt=\"machine \u00e0 \u00e9queuter le ma\u00efs simple rang\u00e9e\" class=\"wp-image-884\" srcset=\"https:\/\/corn-machines.com\/wp-content\/uploads\/2025\/08\/single-row-corn-cuttre.webp 720w, https:\/\/corn-machines.com\/wp-content\/uploads\/2025\/08\/single-row-corn-cuttre-300x225.webp 300w, https:\/\/corn-machines.com\/wp-content\/uploads\/2025\/08\/single-row-corn-cuttre-16x12.webp 16w\" sizes=\"auto, (max-width: 720px) 100vw, 720px\" \/><figcaption class=\"wp-element-caption\">machine \u00e0 \u00e9queuter le ma\u00efs simple rang\u00e9e<\/figcaption><\/figure>    <figure class=\"wp-block-image size-large\"><img loading=\"lazy\" decoding=\"async\" width=\"720\" height=\"540\" data-id=\"885\" src=\"https:\/\/corn-machines.com\/wp-content\/uploads\/2025\/08\/double-corn-head-and-tail-remover.webp\" alt=\"removeur de t\u00eate et de queue de ma\u00efs double\" class=\"wp-image-885\" srcset=\"https:\/\/corn-machines.com\/wp-content\/uploads\/2025\/08\/double-corn-head-and-tail-remover.webp 720w, https:\/\/corn-machines.com\/wp-content\/uploads\/2025\/08\/double-corn-head-and-tail-remover-300x225.webp 300w, https:\/\/corn-machines.com\/wp-content\/uploads\/2025\/08\/double-corn-head-and-tail-remover-16x12.webp 16w\" sizes=\"auto, (max-width: 720px) 100vw, 720px\" \/><figcaption class=\"wp-element-caption\">removeur de t\u00eate et de queue de ma\u00efs double<\/figcaption><\/figure> <\/figure>    <h2 class=\"wp-block-heading\"><strong>Pourquoi nous choisir comme fournisseur ?<\/strong><\/h2>    <p class=\"translation-block\">Taizy est une entreprise moderne d'\u00e9quipements de transformation du ma\u00efs. Nous offrons une gamme compl\u00e8te d'\u00e9quipements et des services complets aux producteurs de ma\u00efs, garantissant tranquillit\u00e9 d'esprit et gain de temps. En plus de la <strong>machine \u00e0 \u00e9queuter le ma\u00efs<\/strong>, nous proposons \u00e9galement des <a href=\"https:\/\/corn-machines.com\/fr\/product\/automated-corn-sowing-machine\/\">semoirs \u00e0 ma\u00efs<\/a>, des <a href=\"https:\/\/corn-machines.com\/fr\/product\/corn-harvester-machine\/\">moissonneuses de ma\u00efs<\/a>, des <a href=\"https:\/\/corn-machines.com\/fr\/product\/mobile-grain-dryer-for-drying-grain\/\">s\u00e9choirs \u00e0 ma\u00efs<\/a>, et plus encore. Si vous avez des besoins, n'h\u00e9sitez pas \u00e0 nous contacter et nous vous fournirons le service et l'\u00e9quipement les plus professionnels !<\/p>","protected":false},"excerpt":{"rendered":"<p>Cet article pr\u00e9sente principalement les fonctions, les avantages et les applications de la machine \u00e0 couper le ma\u00efs. Il fournit une r\u00e9f\u00e9rence pour les clients qui en ont besoin.<\/p>","protected":false},"author":1,"featured_media":878,"parent":0,"template":"","tags":[42,70,43],"product-type":[71],"class_list":["post-877","product","type-product","status-publish","has-post-thumbnail","hentry","tag-corn","tag-corn-cutting","tag-maize","product-type-corn-cutting-machine"],"_links":{"self":[{"href":"https:\/\/corn-machines.com\/fr\/wp-json\/wp\/v2\/product\/877","targetHints":{"allow":["GET"]}}],"collection":[{"href":"https:\/\/corn-machines.com\/fr\/wp-json\/wp\/v2\/product"}],"about":[{"href":"https:\/\/corn-machines.com\/fr\/wp-json\/wp\/v2\/types\/product"}],"author":[{"embeddable":true,"href":"https:\/\/corn-machines.com\/fr\/wp-json\/wp\/v2\/users\/1"}],"wp:featuredmedia":[{"embeddable":true,"href":"https:\/\/corn-machines.com\/fr\/wp-json\/wp\/v2\/media\/878"}],"wp:attachment":[{"href":"https:\/\/corn-machines.com\/fr\/wp-json\/wp\/v2\/media?parent=877"}],"wp:term":[{"taxonomy":"post_tag","embeddable":true,"href":"https:\/\/corn-machines.com\/fr\/wp-json\/wp\/v2\/tags?post=877"},{"taxonomy":"product-type","embeddable":true,"href":"https:\/\/corn-machines.com\/fr\/wp-json\/wp\/v2\/product-type?post=877"}],"curies":[{"name":"wp","href":"https:\/\/api.w.org\/{rel}","templated":true}]}}