{"id":857,"date":"2025-08-20T16:09:27","date_gmt":"2025-08-20T08:09:27","guid":{"rendered":"https:\/\/corn-machines.com\/?post_type=product&#038;p=857"},"modified":"2025-08-29T15:55:16","modified_gmt":"2025-08-29T07:55:16","slug":"sweet-corn-cutter-machine","status":"publish","type":"product","link":"https:\/\/corn-machines.com\/fr\/product\/sweet-corn-cutter-machine\/","title":{"rendered":"Machine \u00e0 couper le ma\u00efs doux pour le traitement du ma\u00efs"},"content":{"rendered":"<p class=\"translation-block\">The <strong>sweet corn cutter machine<\/strong> can quickly and efficiently process fresh corn into segments of uniform length. Common lengths of sweet corn segments are 3cm, 5cm, and 7cm (the length can be customized according to your needs). It can cut maize and a variety of vegetables like carrots and cucumbers.<\/p>    <p>Sa capacit\u00e9 peut atteindre 500kg\/h, ce qui permet d\u2019\u00e9conomiser consid\u00e9rablement du temps et de la main-d\u2019\u0153uvre. Elle a \u00e9t\u00e9 export\u00e9e vers le Vietnam, l\u2019Inde et d\u2019autres r\u00e9gions, et elle a re\u00e7u les \u00e9loges unanimes des clients. Si vous recherchez la machine de coupe de ma\u00efs, contactez-nous maintenant et nous vous fournirons des informations d\u00e9taill\u00e9es.<\/p>    <figure class=\"wp-block-embed is-type-video is-provider-youtube wp-block-embed-youtube wp-embed-aspect-16-9 wp-has-aspect-ratio\"><div class=\"wp-block-embed__wrapper\"> <iframe loading=\"lazy\" title=\"Machine automatique de d\u00e9coupe de ma\u00efs | Comment fonctionne la machine de d\u00e9coupe de ma\u00efs sucr\u00e9 ? #traitementducma\u00efs #ma\u00efs\" width=\"500\" height=\"281\" src=\"https:\/\/www.youtube.com\/embed\/k-undA0xvkc?feature=oembed\" frameborder=\"0\" allow=\"accelerometer; autoplay; clipboard-write; encrypted-media; gyroscope; picture-in-picture; web-share\" referrerpolicy=\"strict-origin-when-cross-origin\" allowfullscreen><\/iframe> <\/div><figcaption class=\"wp-element-caption\">processus de travail de la machine \u00e0 couper le ma\u00efs frais<\/figcaption><\/figure>    <h2 class=\"wp-block-heading\"><strong>Avantages de la machine \u00e0 couper le ma\u00efs<\/strong><\/h2>    <ul class=\"wp-block-list\"> <li><strong>Longue dur\u00e9e de vie<\/strong>: Le cadre de la coupeuse de ma\u00efs est en acier inoxydable 304, ce qui n'est pas seulement propre et hygi\u00e9nique, mais aussi difficile \u00e0 endommager et poss\u00e8de une longue dur\u00e9e de vie.<\/li>    <li><strong>Coupe uniforme<\/strong>: Compar\u00e9 \u00e0 la coupe manuelle avec un couteau, le <strong>Machine coupe-ma\u00efs doux<\/strong> dispose d'un espacement fixe entre les lames et d'une vitesse de convoyeur pour couper le ma\u00efs en longueurs uniformes.<\/li>    <li><strong>Longueur contr\u00f4lable<\/strong>: La longueur de coupe peut \u00eatre ajust\u00e9e pour r\u00e9pondre aux sp\u00e9cifications de diff\u00e9rents sc\u00e9narios.<\/li>    <li><strong>Facile \u00e0 utiliser<\/strong>: La coupeuse moderne de ma\u00efs est simple \u00e0 utiliser. Il suffit de placer le ma\u00efs dans le port d'alimentation, et la machine transf\u00e8re et coupe automatiquement le ma\u00efs. Aucune formation approfondie n'est requise.<\/li>    <li><strong>Facile \u00e0 entretenir<\/strong>: Les composants principaux du segmenteur de ma\u00efs, tels que les lames, sont facilement d\u00e9montables et rempla\u00e7ables, ce qui simplifie l'entretien de routine. <\/li>    <li><strong>Large \u00e9ventail d'applications<\/strong>: La coupeuse de ma\u00efs Taizy a une large gamme d'applications et peut \u00eatre utilis\u00e9e pour couper diff\u00e9rents types de ma\u00efs, ainsi que pour traiter divers l\u00e9gumes tels que les carottes et les courgettes.<\/li> <\/ul>    <figure class=\"wp-block-gallery has-nested-images columns-default is-cropped wp-block-gallery-2 is-layout-flex wp-block-gallery-is-layout-flex\"> <figure class=\"wp-block-image size-large\"><img loading=\"lazy\" decoding=\"async\" width=\"720\" height=\"540\" data-id=\"859\" src=\"https:\/\/corn-machines.com\/wp-content\/uploads\/2025\/08\/maize-cutting-machine.webp\" alt=\"machine \u00e0 couper le ma\u00efs\" class=\"wp-image-859\" srcset=\"https:\/\/corn-machines.com\/wp-content\/uploads\/2025\/08\/maize-cutting-machine.webp 720w, https:\/\/corn-machines.com\/wp-content\/uploads\/2025\/08\/maize-cutting-machine-300x225.webp 300w, https:\/\/corn-machines.com\/wp-content\/uploads\/2025\/08\/maize-cutting-machine-16x12.webp 16w\" sizes=\"auto, (max-width: 720px) 100vw, 720px\" \/><figcaption class=\"wp-element-caption\">machine \u00e0 couper le ma\u00efs<\/figcaption><\/figure>    <figure class=\"wp-block-image size-large\"><img loading=\"lazy\" decoding=\"async\" width=\"720\" height=\"540\" data-id=\"860\" src=\"https:\/\/corn-machines.com\/wp-content\/uploads\/2025\/08\/sweet-corn-cutting-machine.webp\" alt=\"machine \u00e0 couper le ma\u00efs doux\" class=\"wp-image-860\" srcset=\"https:\/\/corn-machines.com\/wp-content\/uploads\/2025\/08\/sweet-corn-cutting-machine.webp 720w, https:\/\/corn-machines.com\/wp-content\/uploads\/2025\/08\/sweet-corn-cutting-machine-300x225.webp 300w, https:\/\/corn-machines.com\/wp-content\/uploads\/2025\/08\/sweet-corn-cutting-machine-16x12.webp 16w\" sizes=\"auto, (max-width: 720px) 100vw, 720px\" \/><figcaption class=\"wp-element-caption\">machine \u00e0 couper le ma\u00efs doux<\/figcaption><\/figure> <\/figure>    <h2 class=\"wp-block-heading\"><strong>Structure de la machine \u00e0 couper le ma\u00efs doux<\/strong><\/h2>    <p class=\"translation-block\">La structure de la <strong>machine \u00e0 couper le ma\u00efs doux<\/strong> est tr\u00e8s simple, comprenant g\u00e9n\u00e9ralement un bo\u00eetier de commande, une bande transporteuse, un dispositif de coupe, etc.<\/p>    <ul class=\"wp-block-list\"> <li><strong>Bo\u00eete de contr\u00f4le<\/strong>: La bo\u00eete de contr\u00f4le contr\u00f4le principalement le fonctionnement de la machine coupeuse de ma\u00efs et contient des interrupteurs pour la coupe, le convoyage et la lev\u00e9e.<\/li>    <li><strong>Convoyeur<\/strong>: Le syst\u00e8me de convoyage transporte le ma\u00efs (en rang\u00e9e simple ou double). La coupeuse de ma\u00efs en rang\u00e9e simple a une efficacit\u00e9 de 1500 ma\u00efs\/h, tandis que celle en rang\u00e9e double peut traiter 3000 ma\u00efs\/h.<\/li>    <li><strong>M\u00e9canisme de coupe<\/strong>: The cutter&#8217;s main function is to cut the corn into uniform lengths (the length of the segments is adjustable).<\/li> <\/ul>    <figure class=\"wp-block-gallery has-nested-images columns-default is-cropped wp-block-gallery-3 is-layout-flex wp-block-gallery-is-layout-flex\"> <figure class=\"wp-block-image size-large\"><img loading=\"lazy\" decoding=\"async\" width=\"720\" height=\"540\" data-id=\"861\" src=\"https:\/\/corn-machines.com\/wp-content\/uploads\/2025\/08\/control-box-of-maize-cutter.webp\" alt=\"bo\u00eetier de commande de la machine \u00e0 couper le ma\u00efs\" class=\"wp-image-861\" srcset=\"https:\/\/corn-machines.com\/wp-content\/uploads\/2025\/08\/control-box-of-maize-cutter.webp 720w, https:\/\/corn-machines.com\/wp-content\/uploads\/2025\/08\/control-box-of-maize-cutter-300x225.webp 300w, https:\/\/corn-machines.com\/wp-content\/uploads\/2025\/08\/control-box-of-maize-cutter-16x12.webp 16w\" sizes=\"auto, (max-width: 720px) 100vw, 720px\" \/><figcaption class=\"wp-element-caption\">bo\u00eetier de commande de la machine \u00e0 couper le ma\u00efs<\/figcaption><\/figure>    <figure class=\"wp-block-image size-large\"><img loading=\"lazy\" decoding=\"async\" width=\"720\" height=\"540\" data-id=\"862\" src=\"https:\/\/corn-machines.com\/wp-content\/uploads\/2025\/08\/conveying-device-of-corn-cutter.webp\" alt=\"dispositif de convoyage de la machine \u00e0 couper le ma\u00efs\" class=\"wp-image-862\" srcset=\"https:\/\/corn-machines.com\/wp-content\/uploads\/2025\/08\/conveying-device-of-corn-cutter.webp 720w, https:\/\/corn-machines.com\/wp-content\/uploads\/2025\/08\/conveying-device-of-corn-cutter-300x225.webp 300w, https:\/\/corn-machines.com\/wp-content\/uploads\/2025\/08\/conveying-device-of-corn-cutter-16x12.webp 16w\" sizes=\"auto, (max-width: 720px) 100vw, 720px\" \/><figcaption class=\"wp-element-caption\">dispositif de convoyage de la machine \u00e0 couper le ma\u00efs<\/figcaption><\/figure>    <figure class=\"wp-block-image size-large\"><img loading=\"lazy\" decoding=\"async\" width=\"720\" height=\"540\" data-id=\"868\" src=\"https:\/\/corn-machines.com\/wp-content\/uploads\/2025\/08\/blade-of-automatic-corn-cutter.webp\" alt=\"lame de la machine automatique \u00e0 couper le ma\u00efs\" class=\"wp-image-868\" srcset=\"https:\/\/corn-machines.com\/wp-content\/uploads\/2025\/08\/blade-of-automatic-corn-cutter.webp 720w, https:\/\/corn-machines.com\/wp-content\/uploads\/2025\/08\/blade-of-automatic-corn-cutter-300x225.webp 300w, https:\/\/corn-machines.com\/wp-content\/uploads\/2025\/08\/blade-of-automatic-corn-cutter-16x12.webp 16w\" sizes=\"auto, (max-width: 720px) 100vw, 720px\" \/><figcaption class=\"wp-element-caption\">lame de la machine automatique \u00e0 couper le ma\u00efs<\/figcaption><\/figure> <\/figure>    <h2 class=\"wp-block-heading\"><strong>Param\u00e8tres de la machine \u00e0 couper le ma\u00efs<\/strong><\/h2>    <figure class=\"wp-block-table\"><table class=\"has-fixed-layout\"><tbody><tr><td>Mod\u00e8le<\/td><td>TZ-1<\/td><\/tr><tr><td>Pouvoir<\/td><td>3 kW<\/td><\/tr><tr><td>Tension<\/td><td>380v\/50hz<\/td><\/tr><tr><td>Capacit\u00e9 <\/td><td>500kg\/h<\/td><\/tr><tr><td>Taille<\/td><td>2300*800*850mm<\/td><\/tr><tr><td>Poids<\/td><td>300 kg<\/td><\/tr><tr><td>quantit\u00e9 de lames<\/td><td>2 pi\u00e8ces<\/td><\/tr><\/tbody><\/table><figcaption class=\"wp-element-caption\"><strong>param\u00e8tres de la machine \u00e0 couper le ma\u00efs<\/strong><\/figcaption><\/figure>    <h2 class=\"wp-block-heading\"><strong>Application de la machine \u00e0 couper les \u00e9pis de ma\u00efs<\/strong><\/h2>    <p class=\"translation-block\">L'application de la <strong>machine \u00e0 couper le ma\u00efs doux<\/strong> est tr\u00e8s large. Elle peut traiter diff\u00e9rents types de ma\u00efs, tels que le ma\u00efs frais, le ma\u00efs surgel\u00e9, le ma\u00efs sec, le ma\u00efs doux et le ma\u00efs gluant. De plus, la machine \u00e0 couper le ma\u00efs peut \u00e9galement \u00eatre utilis\u00e9e pour couper divers l\u00e9gumes tels que les concombres, les carottes et les aubergines.<\/p>    <figure class=\"wp-block-gallery has-nested-images columns-default is-cropped wp-block-gallery-4 is-layout-flex wp-block-gallery-is-layout-flex\"> <figure class=\"wp-block-image size-large\"><img loading=\"lazy\" decoding=\"async\" width=\"720\" height=\"540\" data-id=\"863\" src=\"https:\/\/corn-machines.com\/wp-content\/uploads\/2025\/08\/application-of-corn-cob-cutter.webp\" alt=\"application de la machine \u00e0 couper les \u00e9pis de ma\u00efs\" class=\"wp-image-863\" srcset=\"https:\/\/corn-machines.com\/wp-content\/uploads\/2025\/08\/application-of-corn-cob-cutter.webp 720w, https:\/\/corn-machines.com\/wp-content\/uploads\/2025\/08\/application-of-corn-cob-cutter-300x225.webp 300w, https:\/\/corn-machines.com\/wp-content\/uploads\/2025\/08\/application-of-corn-cob-cutter-16x12.webp 16w\" sizes=\"auto, (max-width: 720px) 100vw, 720px\" \/><figcaption class=\"wp-element-caption\">application de la machine \u00e0 couper les \u00e9pis de ma\u00efs<\/figcaption><\/figure>    <figure class=\"wp-block-image size-large\"><img loading=\"lazy\" decoding=\"async\" width=\"720\" height=\"540\" data-id=\"864\" src=\"https:\/\/corn-machines.com\/wp-content\/uploads\/2025\/08\/application-of-maize-cutter.webp\" alt=\"application de la machine \u00e0 couper le ma\u00efs\" class=\"wp-image-864\" srcset=\"https:\/\/corn-machines.com\/wp-content\/uploads\/2025\/08\/application-of-maize-cutter.webp 720w, https:\/\/corn-machines.com\/wp-content\/uploads\/2025\/08\/application-of-maize-cutter-300x225.webp 300w, https:\/\/corn-machines.com\/wp-content\/uploads\/2025\/08\/application-of-maize-cutter-16x12.webp 16w\" sizes=\"auto, (max-width: 720px) 100vw, 720px\" \/><figcaption class=\"wp-element-caption\">application de la machine \u00e0 couper le ma\u00efs<\/figcaption><\/figure>    <figure class=\"wp-block-image size-large\"><img loading=\"lazy\" decoding=\"async\" width=\"720\" height=\"540\" data-id=\"865\" src=\"https:\/\/corn-machines.com\/wp-content\/uploads\/2025\/08\/appliction-of-sweet-corn-cutter.webp\" alt=\"application de la machine \u00e0 couper le ma\u00efs doux\" class=\"wp-image-865\" srcset=\"https:\/\/corn-machines.com\/wp-content\/uploads\/2025\/08\/appliction-of-sweet-corn-cutter.webp 720w, https:\/\/corn-machines.com\/wp-content\/uploads\/2025\/08\/appliction-of-sweet-corn-cutter-300x225.webp 300w, https:\/\/corn-machines.com\/wp-content\/uploads\/2025\/08\/appliction-of-sweet-corn-cutter-16x12.webp 16w\" sizes=\"auto, (max-width: 720px) 100vw, 720px\" \/><figcaption class=\"wp-element-caption\">application de la machine \u00e0 couper le ma\u00efs doux<\/figcaption><\/figure> <\/figure>    <h2 class=\"wp-block-heading\"><strong>FAQ de la machine automatique \u00e0 couper le ma\u00efs<\/strong><\/h2>   <div id=\"rank-math-faq\" class=\"rank-math-block\"> <div class=\"rank-math-list\"> <div id=\"faq-question-1755670962546\" class=\"rank-math-list-item\"> <h3 class=\"rank-math-question\">Quel type de ma\u00efs la machine \u00e0 couper le ma\u00efs peut-elle couper ?<\/h3> <div class=\"rank-math-answer\">  <p>Tous types de ma\u00efs, tels que le ma\u00efs frais, le ma\u00efs sec, le ma\u00efs collant, etc.<\/p>  <\/div> <\/div> <div id=\"faq-question-1755671090690\" class=\"rank-math-list-item\"> <h3 class=\"rank-math-question\">La longueur des segments de ma\u00efs peut-elle \u00eatre ajust\u00e9e ?<\/h3> <div class=\"rank-math-answer\">  <p>La longueur des segments de ma\u00efs est g\u00e9n\u00e9ralement de 3 cm, 5 cm et 7 cm, ce qui peut \u00eatre ajust\u00e9 selon vos besoins.<\/p>  <\/div> <\/div> <div id=\"faq-question-1755671367710\" class=\"rank-math-list-item\"> <h3 class=\"rank-math-question\">Quel est le mat\u00e9riau de la machine ? Est-il facile \u00e0 endommager ?<\/h3> <div class=\"rank-math-answer\">  <p>La machine enti\u00e8re de coupe de ma\u00efs est faite d'acier inoxydable 304, qui n'est pas facile \u00e0 endommager et a une longue dur\u00e9e de vie.<\/p>  <\/div> <\/div> <div id=\"faq-question-1755671528074\" class=\"rank-math-list-item\"> <h3 class=\"rank-math-question\">Est-il difficile de faire fonctionner la machine \u00e0 couper le ma\u00efs doux ?<\/h3> <div class=\"rank-math-answer\">  <p>La machine est tr\u00e8s facile \u00e0 utiliser et ne n\u00e9cessite pas de techniciens sp\u00e9cialis\u00e9s. Nous fournirons le tutoriel vid\u00e9o sur la fa\u00e7on d'utiliser la machine.<\/p>  <\/div> <\/div> <div id=\"faq-question-1755676936997\" class=\"rank-math-list-item\"> <h3 class=\"rank-math-question\">Comment nettoyer la coupeuse de ma\u00efs ?<\/h3> <div class=\"rank-math-answer\">  <p>La machine \u00e0 couper le ma\u00efs doux est tr\u00e8s facile \u00e0 nettoyer et peut \u00eatre rinc\u00e9e directement \u00e0 l'eau claire.<\/p>  <\/div> <\/div> <\/div> <\/div>   <h2 class=\"wp-block-heading\"><strong>Cas de succ\u00e8s de la machine \u00e0 couper le ma\u00efs doux<\/strong><\/h2>    <p class=\"translation-block\"><strong>La machine \u00e0 couper le ma\u00efs doux TZ-1 a \u00e9t\u00e9 envoy\u00e9e au Vietnam<\/strong><\/p>    <p>Notre client est le propri\u00e9taire d\u2019une usine locale de transformation de produits agricoles au Vietnam. Cette usine traite et vend principalement du ma\u00efs, du riz et d\u2019autres produits agricoles. Il a expliqu\u00e9 qu\u2019ils s\u2019\u00e9tendaient, mais leur m\u00e9thode de coupe manuelle \u00e9tait inefficace et co\u00fbteuse. <\/p>    <p>Ainsi, il nous a contact\u00e9s et s\u2019est renseign\u00e9 sur le coupe-ma\u00efs Taizy. Nous avons pr\u00e9sent\u00e9 les caract\u00e9ristiques et les d\u00e9tails de la machine, et envoy\u00e9 la vid\u00e9o de la machine en action. Le client a exprim\u00e9 une grande satisfaction et a d\u00e9cid\u00e9 de passer commande imm\u00e9diatement.<\/p>    <p>La machine \u00e0 couper le ma\u00efs est arriv\u00e9e au Vietnam \u00e0 temps. Apr\u00e8s un mois d'utilisation, le client a d\u00e9clar\u00e9 que la machine avait d\u00e9pass\u00e9 ses attentes. Non seulement elle produisait des coupes uniformes, mais elle \u00e9tait \u00e9galement tr\u00e8s efficace, \u00e9conomisant 30 % du temps n\u00e9cessaire \u00e0 la d\u00e9coupe du ma\u00efs et r\u00e9duisant les co\u00fbts de main-d'\u0153uvre.<\/p>    <figure class=\"wp-block-gallery has-nested-images columns-default is-cropped wp-block-gallery-5 is-layout-flex wp-block-gallery-is-layout-flex\"> <figure class=\"wp-block-image size-large\"><img loading=\"lazy\" decoding=\"async\" width=\"540\" height=\"720\" data-id=\"867\" src=\"https:\/\/corn-machines.com\/wp-content\/uploads\/2025\/08\/sweet-corn-cutter-packaging.webp\" alt=\"emballage de la machine \u00e0 couper le ma\u00efs doux\" class=\"wp-image-867\" srcset=\"https:\/\/corn-machines.com\/wp-content\/uploads\/2025\/08\/sweet-corn-cutter-packaging.webp 540w, https:\/\/corn-machines.com\/wp-content\/uploads\/2025\/08\/sweet-corn-cutter-packaging-225x300.webp 225w, https:\/\/corn-machines.com\/wp-content\/uploads\/2025\/08\/sweet-corn-cutter-packaging-9x12.webp 9w\" sizes=\"auto, (max-width: 540px) 100vw, 540px\" \/><figcaption class=\"wp-element-caption\">emballage de la machine \u00e0 couper le ma\u00efs doux<\/figcaption><\/figure>    <figure class=\"wp-block-image size-large\"><img loading=\"lazy\" decoding=\"async\" width=\"540\" height=\"720\" data-id=\"866\" src=\"https:\/\/corn-machines.com\/wp-content\/uploads\/2025\/08\/corn-cutter-packaging.webp\" alt=\"emballage de la machine \u00e0 couper le ma\u00efs\" class=\"wp-image-866\" srcset=\"https:\/\/corn-machines.com\/wp-content\/uploads\/2025\/08\/corn-cutter-packaging.webp 540w, https:\/\/corn-machines.com\/wp-content\/uploads\/2025\/08\/corn-cutter-packaging-225x300.webp 225w, https:\/\/corn-machines.com\/wp-content\/uploads\/2025\/08\/corn-cutter-packaging-9x12.webp 9w\" sizes=\"auto, (max-width: 540px) 100vw, 540px\" \/><figcaption class=\"wp-element-caption\">emballage de la machine \u00e0 couper le ma\u00efs<\/figcaption><\/figure> <\/figure>    <h2 class=\"wp-block-heading\"><strong>Contactez-nous d\u00e8s maintenant !<\/strong><\/h2>    <p class=\"translation-block\">Notre entreprise est sp\u00e9cialis\u00e9e dans la production de machines agricoles modernes. En plus du <strong>sweet corn cutter machine<\/strong>, nous proposons \u00e9galement d'autres machines telles que <a href=\"https:\/\/corn-machines.com\/fr\/product\/automated-corn-sowing-machine\/\">planter de ma\u00efs<\/a>, <a href=\"https:\/\/corn-machines.com\/fr\/product\/mini-corn-harvesting-machine-maize-picker-machine\/\">moissonneuse de ma\u00efs<\/a>, <a href=\"https:\/\/corn-machines.com\/fr\/product\/multifunctional-corn-thresher\/\">s\u00e9billeuse de ma\u00efs<\/a>, etc. <\/p>    <p>Nous consacrons beaucoup de temps et d\u2019efforts au d\u00e9veloppement d\u2019\u00e9quipements qui r\u00e9pondent aux exigences de la production agricole moderne, maximisant l\u2019efficacit\u00e9 de la production agricole. Si vous avez besoin de la machine, contactez-nous maintenant, et nous vous fournirons les \u00e9quipements et services les plus professionnels.<\/p>","protected":false},"excerpt":{"rendered":"<p>Cet article pr\u00e9sente principalement la machine coupe-ma\u00efs doux, y compris ses param\u00e8tres d\u00e9taill\u00e9s, sa structure, ses avantages et ses applications, etc. Il fournit une r\u00e9f\u00e9rence aux clients qui ont besoin d'une machine \u00e0 segmenter le ma\u00efs.<\/p>","protected":false},"author":1,"featured_media":858,"parent":0,"template":"","tags":[42,70,43],"product-type":[71],"class_list":["post-857","product","type-product","status-publish","has-post-thumbnail","hentry","tag-corn","tag-corn-cutting","tag-maize","product-type-corn-cutting-machine"],"_links":{"self":[{"href":"https:\/\/corn-machines.com\/fr\/wp-json\/wp\/v2\/product\/857","targetHints":{"allow":["GET"]}}],"collection":[{"href":"https:\/\/corn-machines.com\/fr\/wp-json\/wp\/v2\/product"}],"about":[{"href":"https:\/\/corn-machines.com\/fr\/wp-json\/wp\/v2\/types\/product"}],"author":[{"embeddable":true,"href":"https:\/\/corn-machines.com\/fr\/wp-json\/wp\/v2\/users\/1"}],"wp:featuredmedia":[{"embeddable":true,"href":"https:\/\/corn-machines.com\/fr\/wp-json\/wp\/v2\/media\/858"}],"wp:attachment":[{"href":"https:\/\/corn-machines.com\/fr\/wp-json\/wp\/v2\/media?parent=857"}],"wp:term":[{"taxonomy":"post_tag","embeddable":true,"href":"https:\/\/corn-machines.com\/fr\/wp-json\/wp\/v2\/tags?post=857"},{"taxonomy":"product-type","embeddable":true,"href":"https:\/\/corn-machines.com\/fr\/wp-json\/wp\/v2\/product-type?post=857"}],"curies":[{"name":"wp","href":"https:\/\/api.w.org\/{rel}","templated":true}]}}