{"id":783,"date":"2025-08-12T18:24:10","date_gmt":"2025-08-12T10:24:10","guid":{"rendered":"https:\/\/corn-machines.com\/?post_type=product&#038;p=783"},"modified":"2025-11-27T16:18:10","modified_gmt":"2025-11-27T08:18:10","slug":"corn-peeling-machine","status":"publish","type":"product","link":"https:\/\/corn-machines.com\/fr\/product\/corn-peeling-machine\/","title":{"rendered":"\u00c9plucheuse de ma\u00efs pour enlever la peau du ma\u00efs"},"content":{"rendered":"<p class=\"translation-block\">Le <strong>d\u00e9cortiqueur de ma\u00efs<\/strong> est utilis\u00e9 pour enlever la cosse et le germe du ma\u00efs et le broyer en petits grains. Les grains r\u00e9sultants sont uniformes et lisses, exempts de germes noirs et de son. Le ma\u00efs d\u00e9cortiqu\u00e9 a un go\u00fbt agr\u00e9able et est facilement transform\u00e9 en semoule de ma\u00efs et divers snacks. La machine \u00e0 d\u00e9cortiquer le ma\u00efs a une haute efficacit\u00e9, et sa capacit\u00e9 peut atteindre 300-800 kg\/h.<\/p>    <p>Notre machine \u00e0 d\u00e9cortiquer le ma\u00efs pr\u00e9sente les avantages d'une haute efficacit\u00e9, d'une utilisation simple et d'excellents produits finis. Par cons\u00e9quent, elle est tr\u00e8s populaire dans divers endroits. Par exemple, 30 d\u00e9cortiqueurs de ma\u00efs ont \u00e9t\u00e9 exp\u00e9di\u00e9s au Burkina Faso, et les retours des clients sont tr\u00e8s bons.<\/p>    <figure class=\"wp-block-embed is-type-video is-provider-youtube wp-block-embed-youtube wp-embed-aspect-16-9 wp-has-aspect-ratio\"><div class=\"wp-block-embed__wrapper\"> <iframe loading=\"lazy\" title=\"Machine d&#039;\u00e9pluchage de ma\u00efs \u00e0 haute efficacit\u00e9 | Comment fonctionne une machine d&#039;\u00e9pluchage de grains de ma\u00efs ?#agriculture\" width=\"500\" height=\"281\" src=\"https:\/\/www.youtube.com\/embed\/ZY_oyhSynDk?feature=oembed\" frameborder=\"0\" allow=\"accelerometer; autoplay; clipboard-write; encrypted-media; gyroscope; picture-in-picture; web-share\" referrerpolicy=\"strict-origin-when-cross-origin\" allowfullscreen><\/iframe> <\/div><figcaption class=\"wp-element-caption\">processus de travail de la machine \u00e0 \u00e9plucher le ma\u00efs<\/figcaption><\/figure>    <h2 class=\"wp-block-heading\"><strong>Param\u00e8tres et mod\u00e8les de la machine \u00e0 \u00e9plucher le ma\u00efs<\/strong><\/h2>    <p class=\"translation-block\">Nos <strong>d\u00e9cortiqueurs de ma\u00efs<\/strong> sont disponibles en deux mod\u00e8les : le CP-90 et le CP-120. Le CP-90 a une capacit\u00e9 de 300-500 kg\/h, tandis que le CP-120 a une capacit\u00e9 de 700-800 kg\/h. Vous pouvez choisir le d\u00e9cortiqueur de ma\u00efs en fonction de votre \u00e9chelle de production et de vos besoins.<\/p>    <figure class=\"wp-block-table\"><table class=\"has-fixed-layout\"><tbody><tr><td>Mod\u00e8le<\/td><td>CP-90<\/td><td>CP-120<\/td><\/tr><tr><td>Pouvoir<\/td><td>5,5kw<\/td><td>7,5-11kw<\/td><\/tr><tr><td>Capacit\u00e9<\/td><td>300-500kg\/h<\/td><td>700-800kg\/h<\/td><\/tr><tr><td>Poids<\/td><td>100 kg<\/td><td>135kg<\/td><\/tr><tr><td>Taille<\/td><td>660*450*1020mm<\/td><td>880*550*1200mm<\/td><\/tr><\/tbody><\/table><figcaption class=\"wp-element-caption\">param\u00e8tres de la machine \u00e0 \u00e9plucher la peau du ma\u00efs<\/figcaption><\/figure>    <h2 class=\"wp-block-heading\"><strong>Structure de l'\u00e9plucheur de ma\u00efs<\/strong><\/h2>    <p class=\"translation-block\">Ce <strong>d\u00e9cortiqueur de ma\u00efs<\/strong> pr\u00e9sente une conception compacte, une taille relativement petite et est facile \u00e0 utiliser. Il peut \u00eatre aliment\u00e9 par un moteur diesel ou un moteur \u00e9lectrique, permettant une vari\u00e9t\u00e9 de puissances pour r\u00e9pondre aux divers besoins des clients. La machine se compose g\u00e9n\u00e9ralement d'un chargeur, d'une vis pour contr\u00f4ler la vitesse d'alimentation, de lames de d\u00e9corticage, d'une sortie pour la peau et d'une sortie pour le produit fini.<\/p>   <div class=\"wp-block-image\"> <figure class=\"aligncenter size-full\"><img loading=\"lazy\" decoding=\"async\" width=\"720\" height=\"540\" src=\"https:\/\/corn-machines.com\/wp-content\/uploads\/2025\/08\/structure-of-maize-peeler.webp\" alt=\"structure de la machine \u00e0 \u00e9plucher le ma\u00efs\" class=\"wp-image-784\" srcset=\"https:\/\/corn-machines.com\/wp-content\/uploads\/2025\/08\/structure-of-maize-peeler.webp 720w, https:\/\/corn-machines.com\/wp-content\/uploads\/2025\/08\/structure-of-maize-peeler-300x225.webp 300w, https:\/\/corn-machines.com\/wp-content\/uploads\/2025\/08\/structure-of-maize-peeler-16x12.webp 16w\" sizes=\"auto, (max-width: 720px) 100vw, 720px\" \/><figcaption class=\"wp-element-caption\">structure de la machine \u00e0 \u00e9plucher le ma\u00efs<\/figcaption><\/figure> <\/div>   <h2 class=\"wp-block-heading\"><strong>Application de la machine \u00e0 \u00e9plucher le ma\u00efs<\/strong><\/h2>    <p class=\"translation-block\">Apr\u00e8s le d\u00e9corticage, les grains de ma\u00efs sont de taille uniforme, lisses et exempts d'impuret\u00e9s. Le ma\u00efs d\u00e9cortiqu\u00e9 a un go\u00fbt agr\u00e9able et est facilement transform\u00e9 en farine de ma\u00efs, gruau de ma\u00efs, et plus encore. Le <strong>d\u00e9cortiqueur de ma\u00efs<\/strong> convient non seulement aux petites usines de transformation de c\u00e9r\u00e9ales et d'aliments, mais peut \u00e9galement \u00eatre utilis\u00e9 comme outil de d\u00e9corticage de ma\u00efs \u00e0 usage domestique.<\/p>    <figure class=\"wp-block-gallery has-nested-images columns-default is-cropped wp-block-gallery-2 is-layout-flex wp-block-gallery-is-layout-flex\"> <figure class=\"wp-block-image size-large\"><img loading=\"lazy\" decoding=\"async\" width=\"720\" height=\"540\" data-id=\"791\" src=\"https:\/\/corn-machines.com\/wp-content\/uploads\/2025\/08\/effect-of-corn-peeling-machine.webp\" alt=\"effet de la machine \u00e0 \u00e9plucher le ma\u00efs\" class=\"wp-image-791\" srcset=\"https:\/\/corn-machines.com\/wp-content\/uploads\/2025\/08\/effect-of-corn-peeling-machine.webp 720w, https:\/\/corn-machines.com\/wp-content\/uploads\/2025\/08\/effect-of-corn-peeling-machine-300x225.webp 300w, https:\/\/corn-machines.com\/wp-content\/uploads\/2025\/08\/effect-of-corn-peeling-machine-16x12.webp 16w\" sizes=\"auto, (max-width: 720px) 100vw, 720px\" \/><figcaption class=\"wp-element-caption\">effet de la machine \u00e0 \u00e9plucher le ma\u00efs<\/figcaption><\/figure>    <figure class=\"wp-block-image size-large\"><img loading=\"lazy\" decoding=\"async\" width=\"720\" height=\"540\" data-id=\"785\" src=\"https:\/\/corn-machines.com\/wp-content\/uploads\/2025\/08\/application-of-corn-peeler-machine.webp\" alt=\"application de la machine \u00e0 \u00e9plucher le ma\u00efs\" class=\"wp-image-785\" srcset=\"https:\/\/corn-machines.com\/wp-content\/uploads\/2025\/08\/application-of-corn-peeler-machine.webp 720w, https:\/\/corn-machines.com\/wp-content\/uploads\/2025\/08\/application-of-corn-peeler-machine-300x225.webp 300w, https:\/\/corn-machines.com\/wp-content\/uploads\/2025\/08\/application-of-corn-peeler-machine-16x12.webp 16w\" sizes=\"auto, (max-width: 720px) 100vw, 720px\" \/><figcaption class=\"wp-element-caption\">application de la machine \u00e0 \u00e9plucher le ma\u00efs<\/figcaption><\/figure> <\/figure>    <h2 class=\"wp-block-heading\"><strong>Avantages de l'\u00e9plucheur de ma\u00efs automatique<\/strong><\/h2>    <p>Elle peut rapidement terminer le travail d'\u00e9pluchage du ma\u00efs, raccourcissant consid\u00e9rablement le temps de r\u00e9colte et r\u00e9duisant les co\u00fbts de main-d'\u0153uvre ; en outre, les batteuses modernes pr\u00e9sentent \u00e9galement les avantages d'une forte adaptabilit\u00e9 et d'une utilisation facile.<\/p>    <ul class=\"wp-block-list\"> <li>Compar\u00e9 au pelage manuel traditionnel, le <strong>machine \u00e0 \u00e9plucher le ma\u00efs<\/strong> peut compl\u00e9ter le processus de d\u00e9corticage \u00e0 un rythme plus rapide, avec <strong>d'une capacit\u00e9 de 300-800 kg\/h<\/strong>, raccourcissant consid\u00e9rablement le temps de r\u00e9colte et am\u00e9liorant l'efficacit\u00e9 du travail.<\/li>    <li> The maize peeler machine significantly reduces farmers&#8217; labor intensity, reduces the drudgery of manual peeling, and <strong>am\u00e9liore le confort des travailleurs<\/strong>.<\/li>    <li> Elle est relativement simple \u00e0 utiliser et peut \u00eatre r\u00e9alis\u00e9e par une seule personne. Sa taille relativement petite la rend <strong>facile \u00e0 d\u00e9placer<\/strong> et s'adapte \u00e0 divers endroits.<\/li>    <li> Le produit fini produit par l'\u00e9plucheur de ma\u00efs est <strong>lisse, uniforme en taille, et sans impuret\u00e9s.<\/strong><\/li>    <li>La machine \u00e0 \u00e9plucher les \u00e9pis de ma\u00efs Taizy est produite et vendue par nos soins, offrant un <strong>avantage de prix<\/strong> sur le m\u00eame march\u00e9.<\/li>    <li>La machine \u00e0 \u00e9plucher le ma\u00efs est livr\u00e9e avec un <strong>garantie d'un an<\/strong> et une \u00e9quipe apr\u00e8s-vente professionnelle pour aider en cas de probl\u00e8me.<\/li> <\/ul>    <figure class=\"wp-block-gallery has-nested-images columns-default is-cropped wp-block-gallery-3 is-layout-flex wp-block-gallery-is-layout-flex\"> <figure class=\"wp-block-image size-large\"><img loading=\"lazy\" decoding=\"async\" width=\"540\" height=\"720\" data-id=\"786\" src=\"https:\/\/corn-machines.com\/wp-content\/uploads\/2025\/08\/automatic-corn-peeler.webp\" alt=\"\u00e9plucheur de ma\u00efs automatique\" class=\"wp-image-786\" srcset=\"https:\/\/corn-machines.com\/wp-content\/uploads\/2025\/08\/automatic-corn-peeler.webp 540w, https:\/\/corn-machines.com\/wp-content\/uploads\/2025\/08\/automatic-corn-peeler-225x300.webp 225w, https:\/\/corn-machines.com\/wp-content\/uploads\/2025\/08\/automatic-corn-peeler-9x12.webp 9w\" sizes=\"auto, (max-width: 540px) 100vw, 540px\" \/><figcaption class=\"wp-element-caption\">\u00e9plucheur de ma\u00efs automatique<\/figcaption><\/figure>    <figure class=\"wp-block-image size-full\"><img loading=\"lazy\" decoding=\"async\" width=\"720\" height=\"540\" data-id=\"787\" src=\"https:\/\/corn-machines.com\/wp-content\/uploads\/2025\/08\/corn-peeler.webp\" alt=\"affichage de la machine \u00e0 \u00e9plucher le ma\u00efs\" class=\"wp-image-787\" srcset=\"https:\/\/corn-machines.com\/wp-content\/uploads\/2025\/08\/corn-peeler.webp 720w, https:\/\/corn-machines.com\/wp-content\/uploads\/2025\/08\/corn-peeler-300x225.webp 300w, https:\/\/corn-machines.com\/wp-content\/uploads\/2025\/08\/corn-peeler-16x12.webp 16w\" sizes=\"auto, (max-width: 720px) 100vw, 720px\" \/><figcaption class=\"wp-element-caption\">machines \u00e0 \u00e9plucher le ma\u00efs<\/figcaption><\/figure> <\/figure>    <h2 class=\"wp-block-heading\"><strong>Quel est le prix de la machine \u00e0 \u00e9plucher le ma\u00efs ?<\/strong><\/h2>    <p>Le prix d'un d\u00e9cortiqueur de ma\u00efs est influenc\u00e9 par de nombreux facteurs, principalement le mod\u00e8le et la source d'alimentation. D'une part, le prix de la machine \u00e0 d\u00e9cortiquer le ma\u00efs varie en fonction du mod\u00e8le, et le prix de celle avec une grande capacit\u00e9 sera relativement plus \u00e9lev\u00e9. D'autre part, nos d\u00e9cortiqueurs de ma\u00efs peuvent \u00eatre \u00e9quip\u00e9s de moteurs \u00e9lectriques et diesel, donc les prix ne sont pas fixes. De plus, il s'agit d'une petite machine agricole, donc plus vous achetez de quantit\u00e9, plus le prix est avantageux. Si vous souhaitez conna\u00eetre le prix d\u00e9taill\u00e9 de notre d\u00e9cortiqueur de ma\u00efs, n'h\u00e9sitez pas \u00e0 nous contacter.<\/p>   <div class=\"wp-block-image\"> <figure class=\"aligncenter size-full\"><img loading=\"lazy\" decoding=\"async\" width=\"720\" height=\"540\" src=\"https:\/\/corn-machines.com\/wp-content\/uploads\/2025\/08\/maize-peeling-machine.webp\" alt=\"machine \u00e0 \u00e9plucher le ma\u00efs\" class=\"wp-image-789\" srcset=\"https:\/\/corn-machines.com\/wp-content\/uploads\/2025\/08\/maize-peeling-machine.webp 720w, https:\/\/corn-machines.com\/wp-content\/uploads\/2025\/08\/maize-peeling-machine-300x225.webp 300w, https:\/\/corn-machines.com\/wp-content\/uploads\/2025\/08\/maize-peeling-machine-16x12.webp 16w\" sizes=\"auto, (max-width: 720px) 100vw, 720px\" \/><figcaption class=\"wp-element-caption\">machine \u00e0 \u00e9plucher le ma\u00efs<\/figcaption><\/figure> <\/div>   <h2 class=\"wp-block-heading\"><strong> Cas de succ\u00e8s de la machine \u00e0 \u00e9plucher les grains de ma\u00efs<\/strong><\/h2>    <p class=\"translation-block\"><strong>Trente d\u00e9cortiqueurs de ma\u00efs ont \u00e9t\u00e9 exp\u00e9di\u00e9s au Burkina Faso<\/strong><\/p>    <p class=\"translation-block\">Le <strong>d\u00e9cortiqueur de ma\u00efs<\/strong> Taizy est appr\u00e9ci\u00e9 par les clients de toutes les r\u00e9gions en raison de ses excellentes performances. Ils ont \u00e9t\u00e9 export\u00e9s vers le Nigeria, l'Ukraine, le Burkina Faso et d'autres r\u00e9gions. Trente de ces machines ont \u00e9t\u00e9 exp\u00e9di\u00e9es au Burkina Faso.<\/p>    <p>Le client, un concessionnaire local de machines agricoles, a appris qu'il y avait une forte demande de d\u00e9cortiqueurs de ma\u00efs dans la r\u00e9gion. Les moulins \u00e0 farine et les usines de transformation d'aliments \u00e0 base de ma\u00efs d\u00e9pendent des d\u00e9cortiqueurs de ma\u00efs. Il a donc souhait\u00e9 commander un lot de ces machines. Nous lui avons fourni des informations et des photos sur les machines, et il s'est montr\u00e9 satisfait et a pass\u00e9 une commande de trente machines \u00e0 d\u00e9cortiquer le ma\u00efs. Selon les retours des clients, les d\u00e9cortiqueurs de ma\u00efs se vendent bien sur le march\u00e9 local, et les acheteurs leur ont fait de grands \u00e9loges.<\/p>   <div class=\"wp-block-image\"> <figure class=\"aligncenter size-full\"><img loading=\"lazy\" decoding=\"async\" width=\"720\" height=\"540\" src=\"https:\/\/corn-machines.com\/wp-content\/uploads\/2025\/08\/corn-peeler.webp\" alt=\"affichage de la machine \u00e0 \u00e9plucher le ma\u00efs\" class=\"wp-image-787\" srcset=\"https:\/\/corn-machines.com\/wp-content\/uploads\/2025\/08\/corn-peeler.webp 720w, https:\/\/corn-machines.com\/wp-content\/uploads\/2025\/08\/corn-peeler-300x225.webp 300w, https:\/\/corn-machines.com\/wp-content\/uploads\/2025\/08\/corn-peeler-16x12.webp 16w\" sizes=\"auto, (max-width: 720px) 100vw, 720px\" \/><figcaption class=\"wp-element-caption\">machines \u00e0 \u00e9plucher le ma\u00efs<\/figcaption><\/figure> <\/div>   <h2 class=\"wp-block-heading\"><strong>Agissez maintenant et contactez-nous !<\/strong><\/h2>    <p class=\"translation-block\">Que vous soyez une usine de transformation de ma\u00efs ou un concessionnaire de machines agricoles, le <strong>d\u00e9cortiqueur de ma\u00efs<\/strong> Taizy est un excellent choix ! En plus des d\u00e9cortiqueurs de ma\u00efs, notre entreprise propose \u00e9galement d'autres machines pour le ma\u00efs, telles que la <a href=\"https:\/\/corn-machines.com\/fr\/product\/automated-corn-sowing-machine\/\">machine \u00e0 semer le ma\u00efs<\/a>, la <a href=\"https:\/\/corn-machines.com\/fr\/product\/corn-harvester-machine\/\">moissonneuse de ma\u00efs<\/a>, et la <a href=\"https:\/\/corn-machines.com\/fr\/product\/corn-grits-machine\/\">machine \u00e0 faire du gruau de ma\u00efs<\/a>. Si vous \u00eates int\u00e9ress\u00e9, n'h\u00e9sitez pas \u00e0 nous contacter ! Nous vous fournirons le service le plus professionnel et des machines de haute qualit\u00e9.<\/p>","protected":false},"excerpt":{"rendered":"<p>Cet article pr\u00e9sente principalement la machine \u00e0 \u00e9plucher le ma\u00efs, y compris ses param\u00e8tres, sa structure, ses avantages et des cas de r\u00e9ussite. Cette machine a une capacit\u00e9 de 300 \u00e0 800 kg\/h et est tr\u00e8s efficace, ce qui peut r\u00e9pondre aux besoins de traitement de diff\u00e9rentes \u00e9chelles.<\/p>","protected":false},"author":1,"featured_media":788,"parent":0,"template":"","tags":[42,68,67],"product-type":[66],"class_list":["post-783","product","type-product","status-publish","has-post-thumbnail","hentry","tag-corn","tag-corn-kernels","tag-corn-peeling","product-type-corn-peeling-machine"],"_links":{"self":[{"href":"https:\/\/corn-machines.com\/fr\/wp-json\/wp\/v2\/product\/783","targetHints":{"allow":["GET"]}}],"collection":[{"href":"https:\/\/corn-machines.com\/fr\/wp-json\/wp\/v2\/product"}],"about":[{"href":"https:\/\/corn-machines.com\/fr\/wp-json\/wp\/v2\/types\/product"}],"author":[{"embeddable":true,"href":"https:\/\/corn-machines.com\/fr\/wp-json\/wp\/v2\/users\/1"}],"wp:featuredmedia":[{"embeddable":true,"href":"https:\/\/corn-machines.com\/fr\/wp-json\/wp\/v2\/media\/788"}],"wp:attachment":[{"href":"https:\/\/corn-machines.com\/fr\/wp-json\/wp\/v2\/media?parent=783"}],"wp:term":[{"taxonomy":"post_tag","embeddable":true,"href":"https:\/\/corn-machines.com\/fr\/wp-json\/wp\/v2\/tags?post=783"},{"taxonomy":"product-type","embeddable":true,"href":"https:\/\/corn-machines.com\/fr\/wp-json\/wp\/v2\/product-type?post=783"}],"curies":[{"name":"wp","href":"https:\/\/api.w.org\/{rel}","templated":true}]}}