{"id":771,"date":"2025-08-11T16:34:51","date_gmt":"2025-08-11T08:34:51","guid":{"rendered":"https:\/\/corn-machines.com\/?post_type=product&#038;p=771"},"modified":"2025-08-18T14:42:57","modified_gmt":"2025-08-18T06:42:57","slug":"corn-cleaner-machine","status":"publish","type":"product","link":"https:\/\/corn-machines.com\/fr\/product\/corn-cleaner-machine\/","title":{"rendered":"Machine \u00e0 nettoyer le ma\u00efs pour \u00e9liminer les impuret\u00e9s des grains bruts"},"content":{"rendered":"<p class=\"translation-block\">Le <strong>nettoyeur de ma\u00efs<\/strong> \u00e9limine principalement les impuret\u00e9s telles que la poussi\u00e8re, les pierres et la paille des grains bruts. Sa taille compacte, son haut degr\u00e9 d'automatisation et sa conception polyvalente en font un compl\u00e9ment id\u00e9al pour les machines \u00e0 gruau de ma\u00efs. Il peut \u00eatre utilis\u00e9 pour nettoyer le ma\u00efs, le bl\u00e9, le sarrasin, le millet et d'autres c\u00e9r\u00e9ales, avec une capacit\u00e9 de 400 \u00e0 1200 kg\/h.<\/p>    <p>Les machines de nettoyage de ma\u00efs sont tr\u00e8s efficaces, faciles \u00e0 utiliser et largement applicables. Elles sont donc populaires aupr\u00e8s des clients de diverses r\u00e9gions. Elles ont \u00e9t\u00e9 export\u00e9es dans diverses r\u00e9gions, notamment en Angola et au Cameroun, et ont re\u00e7u des \u00e9loges g\u00e9n\u00e9ralis\u00e9s.<\/p>    <figure class=\"wp-block-embed is-type-video is-provider-youtube wp-block-embed-youtube wp-embed-aspect-16-9 wp-has-aspect-ratio\"><div class=\"wp-block-embed__wrapper\"> <iframe loading=\"lazy\" title=\"Machine de nettoyage de ma\u00efs la plus vendue | Comment fonctionne la machine de nettoyage de semences de ma\u00efs ?#machinismeagricole\" width=\"500\" height=\"281\" src=\"https:\/\/www.youtube.com\/embed\/w8UjR2vlGq8?feature=oembed\" frameborder=\"0\" allow=\"accelerometer; autoplay; clipboard-write; encrypted-media; gyroscope; picture-in-picture; web-share\" referrerpolicy=\"strict-origin-when-cross-origin\" allowfullscreen><\/iframe> <\/div><figcaption class=\"wp-element-caption\">processus de fonctionnement de la machine de nettoyage de ma\u00efs<\/figcaption><\/figure>    <h2 class=\"wp-block-heading\"><strong>Avantages de la machine de nettoyage de c\u00e9r\u00e9ales<\/strong><\/h2>    <ul class=\"wp-block-list\"> <li> Elle offre une efficacit\u00e9 de production \u00e9lev\u00e9e, avec <strong>une capacit\u00e9 de 400 \u00e0 1200 kg\/h<\/strong>, r\u00e9pondant aux besoins de production de diff\u00e9rentes \u00e9chelles.<\/li>    <li>Le <strong>machine de nettoyage de ma\u00efs<\/strong> poss\u00e8de <strong>un large \u00e9ventail d'applications<\/strong>, non seulement pour le nettoyage du ma\u00efs, mais aussi pour le nettoyage du bl\u00e9, du sarrasin, du millet et d'autres c\u00e9r\u00e9ales.<\/li>    <li> En g\u00e9n\u00e9ral, une personne peut effectuer le travail, <strong>\u00e9conomisant 30 % du temps<\/strong>.<\/li>    <li> La machine de tri de ma\u00efs est tr\u00e8s polyvalente et peut \u00eatre <strong>int\u00e9gr\u00e9e \u00e0 d'autres machines<\/strong>, telles que <a href=\"https:\/\/corn-machines.com\/fr\/product\/corn-grits-machine\/\">gruau de ma\u00efs faisant la machine<\/a>.<\/li>    <li>L'op\u00e9ration est simple, ne n\u00e9cessitant qu'une <strong>seule personne<\/strong> pour accomplir la t\u00e2che de nettoyage du ma\u00efs.<\/li>    <li> Les machines de nettoyage de ma\u00efs Taizy sont fabriqu\u00e9es et vendues par nous-m\u00eames, et les <strong>prix sont tr\u00e8s comp\u00e9titifs<\/strong><\/li> <\/ul>    <figure class=\"wp-block-gallery has-nested-images columns-default is-cropped wp-block-gallery-2 is-layout-flex wp-block-gallery-is-layout-flex\"> <figure class=\"wp-block-image size-large\"><img loading=\"lazy\" decoding=\"async\" width=\"720\" height=\"540\" data-id=\"774\" src=\"https:\/\/corn-machines.com\/wp-content\/uploads\/2025\/08\/maize-cleaner-machine.webp\" alt=\"machine de nettoyage de ma\u00efs\" class=\"wp-image-774\" srcset=\"https:\/\/corn-machines.com\/wp-content\/uploads\/2025\/08\/maize-cleaner-machine.webp 720w, https:\/\/corn-machines.com\/wp-content\/uploads\/2025\/08\/maize-cleaner-machine-300x225.webp 300w, https:\/\/corn-machines.com\/wp-content\/uploads\/2025\/08\/maize-cleaner-machine-16x12.webp 16w\" sizes=\"auto, (max-width: 720px) 100vw, 720px\" \/><figcaption class=\"wp-element-caption\">machine de nettoyage de ma\u00efs<\/figcaption><\/figure>    <figure class=\"wp-block-image size-large\"><img loading=\"lazy\" decoding=\"async\" width=\"720\" height=\"540\" data-id=\"775\" src=\"https:\/\/corn-machines.com\/wp-content\/uploads\/2025\/08\/corn-seed-cleaner.webp\" alt=\"affichage du nettoyeur de semences de ma\u00efs\" class=\"wp-image-775\" srcset=\"https:\/\/corn-machines.com\/wp-content\/uploads\/2025\/08\/corn-seed-cleaner.webp 720w, https:\/\/corn-machines.com\/wp-content\/uploads\/2025\/08\/corn-seed-cleaner-300x225.webp 300w, https:\/\/corn-machines.com\/wp-content\/uploads\/2025\/08\/corn-seed-cleaner-16x12.webp 16w\" sizes=\"auto, (max-width: 720px) 100vw, 720px\" \/><figcaption class=\"wp-element-caption\">nettoyeur de semences de ma\u00efs<\/figcaption><\/figure> <\/figure>    <h2 class=\"wp-block-heading\"><strong>Param\u00e8tres de la machine de nettoyage de ma\u00efs<\/strong><\/h2>    <p>La machine de nettoyage de ma\u00efs Taizy est disponible en deux mod\u00e8les : FSQDJ-57 et FSQDJ-100. Chaque mod\u00e8le a une capacit\u00e9 diff\u00e9rente : le FSQDJ-57 a une capacit\u00e9 de 400 \u00e0 600 kg\/h, tandis que le FSQDJ-100 a une capacit\u00e9 de 800 \u00e0 1200 kg\/h. Les param\u00e8tres sp\u00e9cifiques de la machine de nettoyage de ma\u00efs sont les suivants :<\/p>    <figure class=\"wp-block-table\"><table class=\"has-fixed-layout\"><tbody><tr><td>Mod\u00e8le<\/td><td>FSQDJ-57<\/td><td>FSQDJ-100<\/td><\/tr><tr><td>Pouvoir<\/td><td>3 kW<\/td><td>4 kW<\/td><\/tr><tr><td>Capacit\u00e9<\/td><td>400-600 kg\/h<\/td><td>800-1200 kg\/h<\/td><\/tr><tr><td>Poids<\/td><td>300 kg<\/td><td>400 kg<\/td><\/tr><tr><td>Taille<\/td><td>1,7*0,8*2,9m<\/td><td>1,9*1*3m<\/td><\/tr><\/tbody><\/table><figcaption class=\"wp-element-caption\">param\u00e8tres de la machine de nettoyage de ma\u00efs<\/figcaption><\/figure>    <h2 class=\"wp-block-heading\"><strong>Structure de la machine de nettoyage de ma\u00efs<\/strong><\/h2>    <p class=\"translation-block\">Le <strong>nettoyeur de ma\u00efs<\/strong> a une structure simple. Ext\u00e9rieurement, il se compose principalement d'un ventilateur, d'une courroie, d'une sortie de pierres, d'une entr\u00e9e de ma\u00efs et d'un moteur. Structurellement, il comprend principalement un dispositif d'alimentation automatique, un tamis vibrant \u00e0 double \u00e9tage, un dispositif d'\u00e9limination des pierres par gravit\u00e9 et un dispositif de purification de l'air.<\/p>    <ul class=\"wp-block-list\"> <li>Dispositif d'alimentation automatique : Utilise la gravit\u00e9 et le flux d'air pour le chargement automatique.<\/li>    <li>Tamis vibrant \u00e0 double \u00e9tage : Utilise les diff\u00e9rentes tailles de particules du mat\u00e9riau et des impuret\u00e9s pour \u00e9liminer les impuret\u00e9s plus petites ou plus grosses que le mat\u00e9riau.<\/li>    <li>Dispositif d'\u00e9limination des pierres par gravit\u00e9 : Utilise les diff\u00e9rentes densit\u00e9s des mat\u00e9riaux et des impuret\u00e9s pour \u00e9liminer les impuret\u00e9s plus grosses.<\/li>    <li>Dispositif de purification de l'air : Il d\u00e9compose la salet\u00e9 et les impuret\u00e9s fragiles adh\u00e9rant au mat\u00e9riau et les \u00e9vacue par le port de d\u00e9charge.<\/li> <\/ul>   <div class=\"wp-block-image\"> <figure class=\"aligncenter size-full\"><img loading=\"lazy\" decoding=\"async\" width=\"720\" height=\"540\" src=\"https:\/\/corn-machines.com\/wp-content\/uploads\/2025\/08\/structure-of-corn-cleaner.webp\" alt=\"structure de la machine de nettoyage de ma\u00efs\" class=\"wp-image-773\" srcset=\"https:\/\/corn-machines.com\/wp-content\/uploads\/2025\/08\/structure-of-corn-cleaner.webp 720w, https:\/\/corn-machines.com\/wp-content\/uploads\/2025\/08\/structure-of-corn-cleaner-300x225.webp 300w, https:\/\/corn-machines.com\/wp-content\/uploads\/2025\/08\/structure-of-corn-cleaner-16x12.webp 16w\" sizes=\"auto, (max-width: 720px) 100vw, 720px\" \/><figcaption class=\"wp-element-caption\">structure de la machine de nettoyage de ma\u00efs<\/figcaption><\/figure> <\/div>   <h2 class=\"wp-block-heading\"><strong>Application de la trieuse de ma\u00efs<\/strong><\/h2>    <p class=\"translation-block\">Notre <strong>nettoyeur de ma\u00efs<\/strong> a un large \u00e9ventail d'applications. Il peut \u00eatre utilis\u00e9 non seulement pour nettoyer le ma\u00efs, mais aussi pour nettoyer divers grains tels que le bl\u00e9, le sorgho, le sarrasin, etc. Que vous soyez une usine de transformation de ma\u00efs ou une usine de transformation de plusieurs c\u00e9r\u00e9ales, il peut vous aider !<\/p>   <div class=\"wp-block-image\"> <figure class=\"aligncenter size-full\"><img loading=\"lazy\" decoding=\"async\" width=\"720\" height=\"540\" src=\"https:\/\/corn-machines.com\/wp-content\/uploads\/2025\/08\/application-of-corn-seed-cleaner-2.webp\" alt=\"application du nettoyeur de semences de ma\u00efs\" class=\"wp-image-778\" srcset=\"https:\/\/corn-machines.com\/wp-content\/uploads\/2025\/08\/application-of-corn-seed-cleaner-2.webp 720w, https:\/\/corn-machines.com\/wp-content\/uploads\/2025\/08\/application-of-corn-seed-cleaner-2-300x225.webp 300w, https:\/\/corn-machines.com\/wp-content\/uploads\/2025\/08\/application-of-corn-seed-cleaner-2-16x12.webp 16w\" sizes=\"auto, (max-width: 720px) 100vw, 720px\" \/><figcaption class=\"wp-element-caption\">application du nettoyeur de semences de ma\u00efs<\/figcaption><\/figure> <\/div>   <h2 class=\"wp-block-heading\"><strong>Quel est le prix de la machine de nettoyage de ma\u00efs ?<\/strong><\/h2>    <p>Le prix de la machine de tri de ma\u00efs est influenc\u00e9 par de nombreux facteurs. D'une part, les co\u00fbts de fret r\u00e9gionaux peuvent entra\u00eener des diff\u00e9rences de prix. Un autre facteur est la capacit\u00e9 de la machine, qui peut \u00e9galement affecter le prix. En g\u00e9n\u00e9ral, les machines de plus grande capacit\u00e9 sont plus ch\u00e8res. Par exemple, le prix d'une FSQDJ-100 est plus \u00e9lev\u00e9 que celui d'une FSQDJ-57. Si vous souhaitez conna\u00eetre le prix exact, n'h\u00e9sitez pas \u00e0 nous contacter !<\/p>   <div class=\"wp-block-image\"> <figure class=\"aligncenter size-full\"><img loading=\"lazy\" decoding=\"async\" width=\"720\" height=\"540\" src=\"https:\/\/corn-machines.com\/wp-content\/uploads\/2025\/08\/corn-sorting-machine.webp\" alt=\"affichage de la machine de tri de ma\u00efs\" class=\"wp-image-779\" srcset=\"https:\/\/corn-machines.com\/wp-content\/uploads\/2025\/08\/corn-sorting-machine.webp 720w, https:\/\/corn-machines.com\/wp-content\/uploads\/2025\/08\/corn-sorting-machine-300x225.webp 300w, https:\/\/corn-machines.com\/wp-content\/uploads\/2025\/08\/corn-sorting-machine-16x12.webp 16w\" sizes=\"auto, (max-width: 720px) 100vw, 720px\" \/><figcaption class=\"wp-element-caption\">machine de tri de ma\u00efs<\/figcaption><\/figure> <\/div>   <h2 class=\"wp-block-heading\"><strong>Cas de r\u00e9ussite de nettoyeur de semences de ma\u00efs<\/strong><\/h2>    <p class=\"translation-block\"><strong>Le nettoyeur de ma\u00efs FSQDJ-57 a \u00e9t\u00e9 livr\u00e9 au Cameroun<\/strong><\/p>    <p>Le client exploite une station c\u00e9r\u00e9ali\u00e8re au Cameroun. Il s'est plaint que le stockage direct de ma\u00efs contenant des impuret\u00e9s pouvait facilement entra\u00eener de la moisissure. L'\u00e9limination manuelle des impuret\u00e9s des grains gaspille beaucoup de temps et de main-d'\u0153uvre. Nous avons recommand\u00e9 le nettoyeur de c\u00e9r\u00e9ales Taizy au client et lui avons fourni des informations et des images d\u00e9taill\u00e9es. Le client a \u00e9t\u00e9 tr\u00e8s satisfait et a imm\u00e9diatement pass\u00e9 commande.<\/p>    <p class=\"translation-block\">Apr\u00e8s avoir re\u00e7u le <strong>nettoyeur de ma\u00efs<\/strong>, le client a commenc\u00e9 \u00e0 nettoyer le ma\u00efs et a signal\u00e9 que cela lui avait \u00e9t\u00e9 d'une grande aide. Les impuret\u00e9s ont \u00e9t\u00e9 \u00e9limin\u00e9es en profondeur, et l'op\u00e9ration \u00e9tait simple, leur faisant gagner un temps et une main-d'\u0153uvre consid\u00e9rables.<\/p>   <div class=\"wp-block-image\"> <figure class=\"aligncenter size-full\"><img loading=\"lazy\" decoding=\"async\" width=\"720\" height=\"540\" src=\"https:\/\/corn-machines.com\/wp-content\/uploads\/2025\/08\/corn-cleaning-machine-factory.webp\" alt=\"usine de machines de nettoyage de ma\u00efs\" class=\"wp-image-780\" srcset=\"https:\/\/corn-machines.com\/wp-content\/uploads\/2025\/08\/corn-cleaning-machine-factory.webp 720w, https:\/\/corn-machines.com\/wp-content\/uploads\/2025\/08\/corn-cleaning-machine-factory-300x225.webp 300w, https:\/\/corn-machines.com\/wp-content\/uploads\/2025\/08\/corn-cleaning-machine-factory-16x12.webp 16w\" sizes=\"auto, (max-width: 720px) 100vw, 720px\" \/><figcaption class=\"wp-element-caption\">machine de nettoyage de ma\u00efs <\/figcaption><\/figure> <\/div>   <h2 class=\"wp-block-heading\"><strong>\u00c0 propos de notre entreprise<\/strong><\/h2>    <p class=\"translation-block\">En tant que fournisseur fiable d'\u00e9quipements de production agricole, notre entreprise propose des \u00e9quipements pour l'ensemble de l'industrie du ma\u00efs et des c\u00e9r\u00e9ales. Nous fournissons constamment \u00e0 nos clients du monde entier des solutions concr\u00e8tes en utilisant les meilleurs \u00e9quipements et un service garanti, r\u00e9solvant ainsi de nombreux d\u00e9fis de production. Nos \u00e9quipements, tels que notre <strong>nettoyeur de ma\u00efs<\/strong> et nos semoirs de ma\u00efs, sont technologiquement avanc\u00e9s en Chine. Si vous \u00eates int\u00e9ress\u00e9 par nos \u00e9quipements, veuillez nous contacter et nous vous fournirons le meilleur service et les meilleurs \u00e9quipements !<\/p>","protected":false},"excerpt":{"rendered":"<p>Cet article pr\u00e9sente principalement la machine de nettoyage de ma\u00efs. Il comprend la structure, les avantages, les applications, etc. Cette machine de nettoyage de ma\u00efs est appr\u00e9ci\u00e9e par les clients de diff\u00e9rentes r\u00e9gions en raison de ses excellents avantages et leur apporte une grande aide.<\/p>","protected":false},"author":1,"featured_media":772,"parent":0,"template":"","tags":[42,64,61,57],"product-type":[65],"class_list":["post-771","product","type-product","status-publish","has-post-thumbnail","hentry","tag-corn","tag-corn-cleaning","tag-millet","tag-wheat","product-type-corn-cleaning-machine"],"_links":{"self":[{"href":"https:\/\/corn-machines.com\/fr\/wp-json\/wp\/v2\/product\/771","targetHints":{"allow":["GET"]}}],"collection":[{"href":"https:\/\/corn-machines.com\/fr\/wp-json\/wp\/v2\/product"}],"about":[{"href":"https:\/\/corn-machines.com\/fr\/wp-json\/wp\/v2\/types\/product"}],"author":[{"embeddable":true,"href":"https:\/\/corn-machines.com\/fr\/wp-json\/wp\/v2\/users\/1"}],"wp:featuredmedia":[{"embeddable":true,"href":"https:\/\/corn-machines.com\/fr\/wp-json\/wp\/v2\/media\/772"}],"wp:attachment":[{"href":"https:\/\/corn-machines.com\/fr\/wp-json\/wp\/v2\/media?parent=771"}],"wp:term":[{"taxonomy":"post_tag","embeddable":true,"href":"https:\/\/corn-machines.com\/fr\/wp-json\/wp\/v2\/tags?post=771"},{"taxonomy":"product-type","embeddable":true,"href":"https:\/\/corn-machines.com\/fr\/wp-json\/wp\/v2\/product-type?post=771"}],"curies":[{"name":"wp","href":"https:\/\/api.w.org\/{rel}","templated":true}]}}