{"id":76,"date":"2022-09-07T03:13:08","date_gmt":"2022-09-07T03:13:08","guid":{"rendered":"https:\/\/corn-machines.com\/?post_type=product&#038;p=76"},"modified":"2024-01-05T17:32:15","modified_gmt":"2024-01-05T09:32:15","slug":"small-corn-seeding-machine","status":"publish","type":"product","link":"https:\/\/corn-machines.com\/fr\/product\/small-corn-seeding-machine\/","title":{"rendered":"Petite semoir de ma\u00efs | Planteur de semences de ma\u00efs portatif"},"content":{"rendered":"<p>Le petit semoir de ma\u00efs est une machine de production agricole utilis\u00e9e pour la plantation de ma\u00efs. En utilisant le planteur, le taux de germination du ma\u00efs et l'ordre de la disposition du ma\u00efs sont am\u00e9lior\u00e9s. <\/p>    <p class=\"translation-block\">This corn seeding machine is a small corn planter and is a semi-automatic corn seeder. We also have <a href=\"https:\/\/corn-machines.com\/fr\/product\/automated-corn-sowing-machine\/\">fully automatic corn planters<\/a> available. <\/p>    <p>Le semoir de ma\u00efs portatif est l\u2019une des machines les plus populaires pour les machines de production agricole domestique en raison de son prix abordable.<\/p>    <figure class=\"wp-block-embed is-type-video is-provider-youtube wp-block-embed-youtube wp-embed-aspect-16-9 wp-has-aspect-ratio\"><div class=\"wp-block-embed__wrapper\"> <iframe loading=\"lazy\" title=\"Agriculture \u00e9conomique\u00a0: Explorer l&#039;abordabilit\u00e9 des semoirs de ma\u00efs \u00e0 pouss\u00e9e manuelle #corn #maize\" width=\"500\" height=\"281\" src=\"https:\/\/www.youtube.com\/embed\/fpNdordty5E?start=56&#038;feature=oembed\" frameborder=\"0\" allow=\"accelerometer; autoplay; clipboard-write; encrypted-media; gyroscope; picture-in-picture; web-share\" referrerpolicy=\"strict-origin-when-cross-origin\" allowfullscreen><\/iframe> <\/div><figcaption class=\"wp-element-caption\">vid\u00e9o de travail du semoir de ma\u00efs<\/figcaption><\/figure>    <h2 class=\"wp-block-heading\" id=\"h-the-function-of-small-corn-seeding-machine\">La fonction d'un petit semoir de ma\u00efs<\/h2>    <p class=\"translation-block\">These three semi-automatic hand-held corn seeding machines can sow seeds such as corn, wheat, sorghum, soybean, etc. In addition to sowing, they can also <a href=\"https:\/\/en.wikipedia.org\/wiki\/Fertilizer\" target=\"_blank\" rel=\"noopener\">fertilize<\/a>.<\/p>    <p>Il convient de noter que le semis et la fertilisation ne peuvent pas \u00eatre effectu\u00e9s en m\u00eame temps, car les graines qui viennent de germer sont trop tendres, un exc\u00e8s d'engrais peut affecter la croissance du ma\u00efs, et les producteurs exp\u00e9riment\u00e9s le savent bien.<\/p>    <figure class=\"wp-block-image size-full\"><img loading=\"lazy\" decoding=\"async\" width=\"720\" height=\"540\" src=\"https:\/\/corn-machines.com\/wp-content\/uploads\/2022\/09\/corn-planter.webp\" alt=\"planteur de ma\u00efs\" class=\"wp-image-81\" srcset=\"https:\/\/corn-machines.com\/wp-content\/uploads\/2022\/09\/corn-planter.webp 720w, https:\/\/corn-machines.com\/wp-content\/uploads\/2022\/09\/corn-planter-300x225.webp 300w\" sizes=\"auto, (max-width: 720px) 100vw, 720px\" \/><figcaption class=\"wp-element-caption\">planteuse de ma\u00efs \u00e0 vendre<\/figcaption><\/figure>    <h2 class=\"wp-block-heading\" id=\"h-type-one-one-row-corn-planter\">Type un\u00a0: planteur de ma\u00efs \u00e0 un rang<\/h2>    <figure class=\"wp-block-image size-full\"><img loading=\"lazy\" decoding=\"async\" width=\"720\" height=\"540\" src=\"https:\/\/corn-machines.com\/wp-content\/uploads\/2022\/09\/corn-seeding-machine-1.webp\" alt=\"semoir de ma\u00efs\" class=\"wp-image-82\" srcset=\"https:\/\/corn-machines.com\/wp-content\/uploads\/2022\/09\/corn-seeding-machine-1.webp 720w, https:\/\/corn-machines.com\/wp-content\/uploads\/2022\/09\/corn-seeding-machine-1-300x225.webp 300w\" sizes=\"auto, (max-width: 720px) 100vw, 720px\" \/><figcaption class=\"wp-element-caption\">semoir de ma\u00efs \u00e0 bon prix<\/figcaption><\/figure>    <p>Planteuse de ma\u00efs \u00e0 une rang\u00e9e, ce type de machine est relativement petit, de plus, il est \u00e9galement relativement l\u00e9ger, il peut \u00eatre directement pouss\u00e9 dans les terres agricoles, et il peut \u00eatre mis sur la voiture et tir\u00e9 directement. facile \u00e0 utiliser. Le rendement moyen est de 0,5 acre\/heure.<\/p>    <h3 class=\"wp-block-heading\" id=\"h-one-row-corn-planter-parameter\">Param\u00e8tre du semoir de ma\u00efs \u00e0 une rang\u00e9e<\/h3>    <figure class=\"wp-block-image size-full\"><img loading=\"lazy\" decoding=\"async\" width=\"720\" height=\"540\" src=\"https:\/\/corn-machines.com\/wp-content\/uploads\/2022\/09\/corn-seeder.webp\" alt=\"semoir de ma\u00efs\" class=\"wp-image-83\" srcset=\"https:\/\/corn-machines.com\/wp-content\/uploads\/2022\/09\/corn-seeder.webp 720w, https:\/\/corn-machines.com\/wp-content\/uploads\/2022\/09\/corn-seeder-300x225.webp 300w\" sizes=\"auto, (max-width: 720px) 100vw, 720px\" \/><figcaption class=\"wp-element-caption\">semoir de ma\u00efs<\/figcaption><\/figure>    <figure class=\"wp-block-table\"><table><tbody><tr><td>Nom<\/td><td>Semoir<\/td><\/tr><tr><td>Mod\u00e8le<\/td><td>TZY-100<\/td><\/tr><tr><td>Capacit\u00e9<\/td><td>0,5 acre\/h<\/td><\/tr><tr><td>Taille<\/td><td>1370*420*900<\/td><\/tr><tr><td>Poids<\/td><td>12 kg<\/td><\/tr><\/tbody><\/table><figcaption class=\"wp-element-caption\">Param\u00e8tres du semoir de ma\u00efs \u00e0 une rang\u00e9e<\/figcaption><\/figure>    <h3 class=\"wp-block-heading\" id=\"h-how-to-use-a-one-row-corn-planter\">Comment utiliser un semoir \u00e0 ma\u00efs \u00e0 un rang ?<\/h3>    <figure class=\"wp-block-image size-full\"><img loading=\"lazy\" decoding=\"async\" width=\"720\" height=\"540\" src=\"https:\/\/corn-machines.com\/wp-content\/uploads\/2022\/09\/Corn-planter-structure.webp\" alt=\"Structure du planteur de ma\u00efs\" class=\"wp-image-84\" srcset=\"https:\/\/corn-machines.com\/wp-content\/uploads\/2022\/09\/Corn-planter-structure.webp 720w, https:\/\/corn-machines.com\/wp-content\/uploads\/2022\/09\/Corn-planter-structure-300x225.webp 300w\" sizes=\"auto, (max-width: 720px) 100vw, 720px\" \/><figcaption class=\"wp-element-caption\">structure de semoir \u00e0 ma\u00efs portative<\/figcaption><\/figure>    <p>En raison de la r\u00e9sistance du terrain lors de la plantation, il sera plus facile pour deux personnes de l'op\u00e9rer. L\u2019un pousse par l\u2019arri\u00e8re et l\u2019autre tire par l\u2019avant. La profondeur et l'espacement des semis sont contr\u00f4l\u00e9s manuellement. <\/p>    <p>Le semoir \u00e0 ma\u00efs a deux roues, l'une est plus grande et l'autre plus petite. La plus grande roue est charg\u00e9e d'avancer et l'autre plus petite roue recouvre les graines sem\u00e9es de terre.<\/p>    <figure class=\"wp-block-embed is-type-video is-provider-youtube wp-block-embed-youtube wp-embed-aspect-16-9 wp-has-aspect-ratio\"><div class=\"wp-block-embed__wrapper\"> <iframe loading=\"lazy\" title=\"Petit planteur de ma\u00efs d\u2019arachide | semoir de ma\u00efs | semoir d&#039;arachide | planteur de graines de ma\u00efs \u00e0 la main\" width=\"500\" height=\"281\" src=\"https:\/\/www.youtube.com\/embed\/Kk85uepTKMg?feature=oembed\" frameborder=\"0\" allow=\"accelerometer; autoplay; clipboard-write; encrypted-media; gyroscope; picture-in-picture; web-share\" referrerpolicy=\"strict-origin-when-cross-origin\" allowfullscreen><\/iframe> <\/div><figcaption class=\"wp-element-caption\">semoir de ma\u00efs d'arachide<\/figcaption><\/figure>    <h2 class=\"wp-block-heading\" id=\"h-type-two-duckbill-corn-seeding-machine\">Type deux\u00a0: semoir de ma\u00efs \u00e0 bec de canard<\/h2>    <figure class=\"wp-block-image size-full\"><img loading=\"lazy\" decoding=\"async\" width=\"720\" height=\"540\" src=\"https:\/\/corn-machines.com\/wp-content\/uploads\/2022\/09\/duckbill-corn-seeding-machine.webp\" alt=\"semoir de ma\u00efs \u00e0 bec de canard\" class=\"wp-image-85\" srcset=\"https:\/\/corn-machines.com\/wp-content\/uploads\/2022\/09\/duckbill-corn-seeding-machine.webp 720w, https:\/\/corn-machines.com\/wp-content\/uploads\/2022\/09\/duckbill-corn-seeding-machine-300x225.webp 300w\" sizes=\"auto, (max-width: 720px) 100vw, 720px\" \/><figcaption class=\"wp-element-caption\">semoir de ma\u00efs \u00e0 bec de canard<\/figcaption><\/figure>    <p>La forme de ce semoir de ma\u00efs \u00e0 bec de canard est relativement unique. Il existe de nombreuses ouvertures de semis semblables aux becs de canard. Plus il y a d'ouvertures, plus l'espace de semis est \u00e9troit, de sorte que l'espace de semis peut \u00e9galement \u00eatre ajust\u00e9. <\/p>    <p>La profondeur de semis du semoir est de 3,5 \u00e0 7,8 centim\u00e8tres. Il peut \u00eatre exploit\u00e9 par une seule personne, 6 \u00e0 8 mu peuvent \u00eatre plant\u00e9s en moyenne par jour et l'efficacit\u00e9 du travail est \u00e9lev\u00e9e. Une personne et une machine peuvent semer 6 \u00e0 8 acres par jour<\/p>    <h3 class=\"wp-block-heading\" id=\"h-duckbill-corn-seeding-machine-parameters\">Param\u00e8tres du semoir de ma\u00efs \u00e0 bec de canard<\/h3>    <figure class=\"wp-block-image size-full\"><img loading=\"lazy\" decoding=\"async\" width=\"720\" height=\"540\" src=\"https:\/\/corn-machines.com\/wp-content\/uploads\/2022\/09\/corn-seeding-machine-structure.webp\" alt=\"structure de semoir de ma\u00efs\" class=\"wp-image-86\" srcset=\"https:\/\/corn-machines.com\/wp-content\/uploads\/2022\/09\/corn-seeding-machine-structure.webp 720w, https:\/\/corn-machines.com\/wp-content\/uploads\/2022\/09\/corn-seeding-machine-structure-300x225.webp 300w\" sizes=\"auto, (max-width: 720px) 100vw, 720px\" \/><figcaption class=\"wp-element-caption\">structure de semoir de ma\u00efs industriel<\/figcaption><\/figure>    <figure class=\"wp-block-table\"><table><tbody><tr><td>Profondeur de semis<\/td><td>3,5-7,8 cm<\/td><\/tr><tr><td>Quantit\u00e9 de semis<\/td><td>1-3 pi\u00e8ces, r\u00e9glables<\/td><\/tr><tr><td>Bec de canard<\/td><td>Max. 12 pi\u00e8ces<\/td><\/tr><tr><td>Poids<\/td><td>11 kg<\/td><\/tr><tr><td>Taille d'emballage<\/td><td>58*58*25\u00a0mm<\/td><\/tr><\/tbody><\/table><figcaption class=\"wp-element-caption\">Param\u00e8tres du semoir de ma\u00efs \u00e0 bec de canard<\/figcaption><\/figure>    <h2 class=\"wp-block-heading\" id=\"h-type-three-gasoline-hand-push-planter\">Type trois\u00a0: planteur \u00e0 essence \u00e0 pouss\u00e9e manuelle<\/h2>    <figure class=\"wp-block-image size-full\"><img loading=\"lazy\" decoding=\"async\" width=\"720\" height=\"540\" src=\"https:\/\/corn-machines.com\/wp-content\/uploads\/2022\/09\/gasoline-hand-push-planter.webp\" alt=\"planteur manuel \u00e0 essence\" class=\"wp-image-87\" srcset=\"https:\/\/corn-machines.com\/wp-content\/uploads\/2022\/09\/gasoline-hand-push-planter.webp 720w, https:\/\/corn-machines.com\/wp-content\/uploads\/2022\/09\/gasoline-hand-push-planter-300x225.webp 300w\" sizes=\"auto, (max-width: 720px) 100vw, 720px\" \/><figcaption class=\"wp-element-caption\">planteur manuel \u00e0 essence<\/figcaption><\/figure>    <p>La planteuse manuelle \u00e0 essence permet de gagner plus de temps et de main d'\u0153uvre que les deux premi\u00e8res machines portatives et a une structure simple et un prix raisonnable. <\/p>    <p>M\u00eame une petite zone de plantation peut \u00eatre exploit\u00e9e, moins limit\u00e9e par les conditions du terrain. Il peut \u00eatre appliqu\u00e9 sur divers sols tels que les plaines, les montagnes et les collines.<\/p>    <h3 class=\"wp-block-heading\" id=\"h-the-structure-of-the-gasoline-hand-push-planter\">La structure de la jardini\u00e8re \u00e0 essence<\/h3>    <p>La poign\u00e9e de commande des gaz, le frein \u00e0 main, la poign\u00e9e de pouss\u00e9e, la bo\u00eete de semis, le disque de semis fin, le ressort de cha\u00eene, le ressort profond et peu profond, la roue arri\u00e8re en caoutchouc, le cadre, l'angle de semis inf\u00e9rieur, le r\u00e9servoir de carburant, la bo\u00eete \u00e0 courroie et la roue avant en fer. <\/p>    <p>Le planteur de ma\u00efs \u00e0 essence a une structure simple, une efficacit\u00e9 de travail \u00e9lev\u00e9e et une forte contr\u00f4labilit\u00e9. La direction peut \u00eatre contr\u00f4l\u00e9e par la poign\u00e9e et comporte \u00e9galement des structures telles qu'un frein \u00e0 main.<\/p>    <figure class=\"wp-block-gallery has-nested-images columns-default is-cropped wp-block-gallery-2 is-layout-flex wp-block-gallery-is-layout-flex\"> <figure class=\"wp-block-image size-large\"><img loading=\"lazy\" decoding=\"async\" width=\"720\" height=\"540\" data-id=\"88\" src=\"https:\/\/corn-machines.com\/wp-content\/uploads\/2022\/09\/wheel-of-the-gasoline-hand-push-planter.webp\" alt=\"roue du semoir \u00e0 essence\" class=\"wp-image-88\" srcset=\"https:\/\/corn-machines.com\/wp-content\/uploads\/2022\/09\/wheel-of-the-gasoline-hand-push-planter.webp 720w, https:\/\/corn-machines.com\/wp-content\/uploads\/2022\/09\/wheel-of-the-gasoline-hand-push-planter-300x225.webp 300w\" sizes=\"auto, (max-width: 720px) 100vw, 720px\" \/><figcaption class=\"wp-element-caption\">roue du semoir \u00e0 pouss\u00e9e manuelle de ma\u00efs \u00e0 essence<\/figcaption><\/figure>    <figure class=\"wp-block-image size-large\"><img loading=\"lazy\" decoding=\"async\" width=\"720\" height=\"540\" data-id=\"89\" src=\"https:\/\/corn-machines.com\/wp-content\/uploads\/2022\/09\/planter-engine.webp\" alt=\"moteur de semoir\" class=\"wp-image-89\" srcset=\"https:\/\/corn-machines.com\/wp-content\/uploads\/2022\/09\/planter-engine.webp 720w, https:\/\/corn-machines.com\/wp-content\/uploads\/2022\/09\/planter-engine-300x225.webp 300w\" sizes=\"auto, (max-width: 720px) 100vw, 720px\" \/><figcaption class=\"wp-element-caption\">moteur de semoir<\/figcaption><\/figure>    <figure class=\"wp-block-image size-large\"><img loading=\"lazy\" decoding=\"async\" width=\"720\" height=\"540\" data-id=\"90\" src=\"https:\/\/corn-machines.com\/wp-content\/uploads\/2022\/09\/Seed-funnel-for-planter.webp\" alt=\"Entonnoir \u00e0 graines pour planteur\" class=\"wp-image-90\" srcset=\"https:\/\/corn-machines.com\/wp-content\/uploads\/2022\/09\/Seed-funnel-for-planter.webp 720w, https:\/\/corn-machines.com\/wp-content\/uploads\/2022\/09\/Seed-funnel-for-planter-300x225.webp 300w\" sizes=\"auto, (max-width: 720px) 100vw, 720px\" \/><figcaption class=\"wp-element-caption\">alimentateur de semoir de ma\u00efs<\/figcaption><\/figure> <\/figure>    <h2 class=\"wp-block-heading\" id=\"h-advantages-of-gasoline-hand-push-planter\">Avantages du planteur manuel \u00e0 essence<\/h2>    <ol class=\"wp-block-list\"> <li><strong>Abordabilit\u00e9\u00a0:<\/strong> Les jardini\u00e8res \u00e0 pouss\u00e9e manuelle sont g\u00e9n\u00e9ralement plus abordables que les jardini\u00e8res motoris\u00e9es plus grandes. Cela les rend accessibles aux petits agriculteurs disposant de budgets limit\u00e9s, offrant ainsi une solution rentable pour les besoins de plantation.<\/li>    <li><strong>Simplicit\u00e9 et facilit\u00e9 d'utilisation\u00a0:<\/strong> Ces jardini\u00e8res sont con\u00e7ues dans un souci de simplicit\u00e9, ce qui les rend faciles \u00e0 utiliser, m\u00eame pour les personnes n'ayant pas une vaste exp\u00e9rience en mati\u00e8re de machines agricoles. Une formation minimale est requise, permettant aux agriculteurs de les adopter et de les int\u00e9grer rapidement dans leurs processus de plantation.<\/li>    <li><strong>Portabilit\u00e9:<\/strong> Les planteuses \u00e0 pousser manuellement sont l\u00e9g\u00e8res et portables, permettant aux agriculteurs de les d\u00e9placer facilement dans le champ. Cette portabilit\u00e9 est avantageuse dans les zones au terrain irr\u00e9gulier ou sur les petites parcelles o\u00f9 la man\u0153uvre de machines plus grosses peut \u00eatre difficile.<\/li>    <li><strong>Plantation de pr\u00e9cision\u00a0:<\/strong> Bien qu\u2019elles soient actionn\u00e9es manuellement, les planteuses \u00e0 pouss\u00e9e manuelle peuvent offrir un niveau de pr\u00e9cision dans le placement des graines. Ceci est essentiel pour optimiser la croissance des plantes, garantir une utilisation efficace des semences et maximiser les rendements des cultures.<\/li> <\/ol>    <figure class=\"wp-block-image size-full\"><img loading=\"lazy\" decoding=\"async\" width=\"720\" height=\"540\" src=\"https:\/\/corn-machines.com\/wp-content\/uploads\/2022\/09\/corn-planting.webp\" alt=\"plantation de ma\u00efs\" class=\"wp-image-80\" srcset=\"https:\/\/corn-machines.com\/wp-content\/uploads\/2022\/09\/corn-planting.webp 720w, https:\/\/corn-machines.com\/wp-content\/uploads\/2022\/09\/corn-planting-300x225.webp 300w\" sizes=\"auto, (max-width: 720px) 100vw, 720px\" \/><figcaption class=\"wp-element-caption\">plantation de ma\u00efs<\/figcaption><\/figure>    <h2 class=\"wp-block-heading\">FAQ sur notre semoir de ma\u00efs<\/h2>   <div id=\"rank-math-faq\" class=\"rank-math-block\"> <div class=\"rank-math-list\"> <div id=\"faq-question-1704439665626\" class=\"rank-math-list-item\"> <h3 class=\"rank-math-question\"><strong>Quelle est la quantit\u00e9 minimum de commande \u00e0 exp\u00e9dier ?<\/strong><\/h3> <div class=\"rank-math-answer\">  <p>La quantit\u00e9 minimum d'achat est de 20 pi\u00e8ces.<\/p>  <\/div> <\/div> <div id=\"faq-question-1704439674339\" class=\"rank-math-list-item\"> <h3 class=\"rank-math-question\"><strong>Quels grains un petit planteur peut-il semer ?<\/strong><\/h3> <div class=\"rank-math-answer\">  <p>Bl\u00e9, coton, sorgho, arachide, haricots, colza, etc.<\/p>  <\/div> <\/div> <div id=\"faq-question-1704439692227\" class=\"rank-math-list-item\"> <h3 class=\"rank-math-question\"><strong>Combien de temps pouvez-vous livrer la machine\u00a0?<\/strong><\/h3> <div class=\"rank-math-answer\">  <p>D'une mani\u00e8re g\u00e9n\u00e9rale, apr\u00e8s r\u00e9ception de l'acompte, il nous faut une semaine pour organiser la marchandise.<\/p>  <\/div> <\/div> <div id=\"faq-question-1704439708401\" class=\"rank-math-list-item\"> <h3 class=\"rank-math-question\"><strong>Quelle m\u00e9thode d'exp\u00e9dition utilisez-vous ?<\/strong><\/h3> <div class=\"rank-math-answer\">  <p>G\u00e9n\u00e9ralement par voie maritime. Veuillez nous faire savoir si vous avez d'autres exigences. Nous organiserons la m\u00e9thode d'exp\u00e9dition la plus appropri\u00e9e.<\/p>  <\/div> <\/div> <div id=\"faq-question-1704439724753\" class=\"rank-math-list-item\"> <h3 class=\"rank-math-question\"><strong>Le manuel est-il en chinois ou en anglais ?<\/strong><\/h3> <div class=\"rank-math-answer\">  <p>Nous joindrons le manuel d'instructions en anglais et enverrons la vid\u00e9o d'op\u00e9ration.<\/p>  <\/div> <\/div> <\/div> <\/div>   <figure class=\"wp-block-image size-full\"><img loading=\"lazy\" decoding=\"async\" width=\"720\" height=\"540\" src=\"https:\/\/corn-machines.com\/wp-content\/uploads\/2022\/09\/gasoline-hand-push-planter-1.webp\" alt=\"planteur de ma\u00efs \u00e0 pouss\u00e9e manuelle export\u00e9\" class=\"wp-image-91\" srcset=\"https:\/\/corn-machines.com\/wp-content\/uploads\/2022\/09\/gasoline-hand-push-planter-1.webp 720w, https:\/\/corn-machines.com\/wp-content\/uploads\/2022\/09\/gasoline-hand-push-planter-1-300x225.webp 300w\" sizes=\"auto, (max-width: 720px) 100vw, 720px\" \/><figcaption class=\"wp-element-caption\">planteur de ma\u00efs \u00e0 pouss\u00e9e manuelle export\u00e9<\/figcaption><\/figure>    <h2 class=\"wp-block-heading\">Investissez dans notre semoir de ma\u00efs portatif<\/h2>    <p>Investissez d\u00e8s maintenant dans notre semoir de semences de ma\u00efs portatif pour relever les d\u00e9fis de l'agriculture du futur et obtenir des rendements plus \u00e9lev\u00e9s et une plus grande efficacit\u00e9 dans la production agricole. N'h\u00e9sitez pas \u00e0 nous contacter pour toute demande de renseignements\u00a0; nos charg\u00e9s d'affaires sont pr\u00eats \u00e0 vous apporter des r\u00e9ponses professionnelles. <\/p>    <p>Veuillez contacter notre \u00e9quipe commerciale pour plus de d\u00e9tails et des offres sp\u00e9ciales. Rejoignez-nous dans le voyage vers le summum de la technologie agricole, fa\u00e7onnant ensemble un avenir meilleur pour l\u2019agriculture\u00a0!<\/p>","protected":false},"excerpt":{"rendered":"<p>Le petit semoir de ma\u00efs est une machine de production agricole utilis\u00e9e pour la plantation de ma\u00efs. En utilisant le planteur, le taux de germination du ma\u00efs et l'ordre de la disposition du ma\u00efs sont am\u00e9lior\u00e9s<\/p>","protected":false},"author":1,"featured_media":79,"parent":0,"template":"","tags":[30,13],"product-type":[2],"class_list":["post-76","product","type-product","status-publish","has-post-thumbnail","hentry","tag-corn-planting-machine","tag-corn-seeding-machine","product-type-corn-planting-machine"],"_links":{"self":[{"href":"https:\/\/corn-machines.com\/fr\/wp-json\/wp\/v2\/product\/76","targetHints":{"allow":["GET"]}}],"collection":[{"href":"https:\/\/corn-machines.com\/fr\/wp-json\/wp\/v2\/product"}],"about":[{"href":"https:\/\/corn-machines.com\/fr\/wp-json\/wp\/v2\/types\/product"}],"author":[{"embeddable":true,"href":"https:\/\/corn-machines.com\/fr\/wp-json\/wp\/v2\/users\/1"}],"wp:featuredmedia":[{"embeddable":true,"href":"https:\/\/corn-machines.com\/fr\/wp-json\/wp\/v2\/media\/79"}],"wp:attachment":[{"href":"https:\/\/corn-machines.com\/fr\/wp-json\/wp\/v2\/media?parent=76"}],"wp:term":[{"taxonomy":"post_tag","embeddable":true,"href":"https:\/\/corn-machines.com\/fr\/wp-json\/wp\/v2\/tags?post=76"},{"taxonomy":"product-type","embeddable":true,"href":"https:\/\/corn-machines.com\/fr\/wp-json\/wp\/v2\/product-type?post=76"}],"curies":[{"name":"wp","href":"https:\/\/api.w.org\/{rel}","templated":true}]}}