{"id":749,"date":"2025-08-07T16:14:31","date_gmt":"2025-08-07T08:14:31","guid":{"rendered":"https:\/\/corn-machines.com\/?post_type=product&#038;p=749"},"modified":"2025-08-21T18:21:23","modified_gmt":"2025-08-21T10:21:23","slug":"multifunctional-corn-thresher","status":"publish","type":"product","link":"https:\/\/corn-machines.com\/fr\/product\/multifunctional-corn-thresher\/","title":{"rendered":"Batteuse de ma\u00efs multifonctionnelle pour ma\u00efs, millet, sorgho"},"content":{"rendered":"<p class=\"translation-block\">La <strong>d\u00e9cortiqueuse de ma\u00efs<\/strong> multifonctionnelle est une machine agricole moderne avec de larges applications et une grande efficacit\u00e9. Sa fonction principale est de d\u00e9cortiquer les grains rapidement et efficacement. Cette d\u00e9cortiqueuse de ma\u00efs n'est pas seulement adapt\u00e9e au ma\u00efs, mais aussi \u00e0 d'autres grains comme le bl\u00e9, le sorgho et le soja. Sa capacit\u00e9 de production peut atteindre 2-6t\/h, le taux de d\u00e9corticage peut atteindre 98 % et le taux de casse est inf\u00e9rieur \u00e0 1,5 %.<\/p>    <p>Cette batteuse de c\u00e9r\u00e9ales a \u00e9t\u00e9 un choix populaire parmi les clients de diverses r\u00e9gions, y compris l'\u00c9thiopie et le Nicaragua. Les clients qui l'ont achet\u00e9e ont constamment lou\u00e9 sa grande efficacit\u00e9.<\/p>    <figure class=\"wp-block-embed is-type-video is-provider-youtube wp-block-embed-youtube wp-embed-aspect-16-9 wp-has-aspect-ratio\"><div class=\"wp-block-embed__wrapper\"> <iframe loading=\"lazy\" title=\"\u00c9grenoir multifonctionnel pour ma\u00efs | \u00c9grenoir multifonctionnel pour ma\u00efs, millet, sorgho, soja\" width=\"500\" height=\"281\" src=\"https:\/\/www.youtube.com\/embed\/0Yt9iAhSbVU?feature=oembed\" frameborder=\"0\" allow=\"accelerometer; autoplay; clipboard-write; encrypted-media; gyroscope; picture-in-picture; web-share\" referrerpolicy=\"strict-origin-when-cross-origin\" allowfullscreen><\/iframe> <\/div><figcaption class=\"wp-element-caption\">processus de travail de la batteuse multifonctionnelle<\/figcaption><\/figure>    <h2 class=\"wp-block-heading\"><strong>Param\u00e8tres de la batteuse multifonctionnelle<\/strong><\/h2>    <p class=\"translation-block\">Le mod\u00e8le le plus vendu de cette <strong>d\u00e9cortiqueuse de ma\u00efs<\/strong> est le 5TD-1000. Il peut \u00eatre \u00e9quip\u00e9 d'un moteur diesel, d'un moteur \u00e9lectrique et d'un PTO, ce qui n'est pas limit\u00e9 par l'\u00e9lectricit\u00e9 et est adapt\u00e9 \u00e0 diverses r\u00e9gions. Ses param\u00e8tres sp\u00e9cifiques sont les suivants :<\/p>    <figure class=\"wp-block-table\"><table class=\"has-fixed-layout\"><tbody><tr><td>Mod\u00e8le<\/td><td>5TD-1000<\/td><\/tr><tr><td>Pouvoir<\/td><td>Moteur diesel 15 cv, moteur 11 kw, prise de force<\/td><\/tr><tr><td>Capacit\u00e9<\/td><td>0,5-4t\/h<\/td><\/tr><tr><td>Poids<\/td><td>650 kg<\/td><\/tr><tr><td>Taille globale<\/td><td>3400mm*2100mm*1980mm<\/td><\/tr><\/tbody><\/table><figcaption class=\"wp-element-caption\">param\u00e8tres de la batteuse multifonctionnelle 5TD-1000<\/figcaption><\/figure>    <h2 class=\"wp-block-heading\"><strong>Structure de la batteuse de ma\u00efs<\/strong> machine<\/h2>    <p>La machine batteuse multifonctionnelle de ma\u00efs a une structure compacte, qui est principalement compos\u00e9e de l'entr\u00e9e, de la sortie de la tige de ma\u00efs, de la sortie du grain de ma\u00efs, du ventilateur, etc. De plus, elle peut \u00e9galement \u00eatre \u00e9quip\u00e9e d'un ch\u00e2ssis de traction et de grandes roues, qui peuvent tirer la machine l\u00e0 o\u00f9 vous en avez besoin pour le battage.<\/p>    <figure class=\"wp-block-gallery has-nested-images columns-default is-cropped wp-block-gallery-2 is-layout-flex wp-block-gallery-is-layout-flex\"> <figure class=\"wp-block-image size-large\"><img loading=\"lazy\" decoding=\"async\" width=\"720\" height=\"540\" data-id=\"757\" src=\"https:\/\/corn-machines.com\/wp-content\/uploads\/2025\/08\/structure-of-multifunctional-crop-thresher.webp\" alt=\"structure de la batteuse multifonctionnelle de r\u00e9coltes\" class=\"wp-image-757\" srcset=\"https:\/\/corn-machines.com\/wp-content\/uploads\/2025\/08\/structure-of-multifunctional-crop-thresher.webp 720w, https:\/\/corn-machines.com\/wp-content\/uploads\/2025\/08\/structure-of-multifunctional-crop-thresher-300x225.webp 300w, https:\/\/corn-machines.com\/wp-content\/uploads\/2025\/08\/structure-of-multifunctional-crop-thresher-16x12.webp 16w\" sizes=\"auto, (max-width: 720px) 100vw, 720px\" \/><figcaption class=\"wp-element-caption\">structure de la batteuse multifonctionnelle de r\u00e9coltes<\/figcaption><\/figure>    <figure class=\"wp-block-image size-large\"><img loading=\"lazy\" decoding=\"async\" width=\"720\" height=\"540\" data-id=\"751\" src=\"https:\/\/corn-machines.com\/wp-content\/uploads\/2025\/08\/millet-thresher.webp\" alt=\"affichage de la batteuse \u00e0 millet\" class=\"wp-image-751\" srcset=\"https:\/\/corn-machines.com\/wp-content\/uploads\/2025\/08\/millet-thresher.webp 720w, https:\/\/corn-machines.com\/wp-content\/uploads\/2025\/08\/millet-thresher-300x225.webp 300w, https:\/\/corn-machines.com\/wp-content\/uploads\/2025\/08\/millet-thresher-16x12.webp 16w\" sizes=\"auto, (max-width: 720px) 100vw, 720px\" \/><figcaption class=\"wp-element-caption\">batteuse \u00e0 millet<\/figcaption><\/figure> <\/figure>    <h2 class=\"wp-block-heading\"><strong>Avantages de la batteuse polyvalente<\/strong><\/h2>    <ul class=\"wp-block-list\"> <li><strong>Large application<\/strong>: Compar\u00e9 \u00e0 la m\u00e9thode traditionnelle <a href=\"https:\/\/corn-machines.com\/fr\/product\/corn-shelling-machine\/\">batteuse de ma\u00efs<\/a>, les batteuses multifonctions ont une gamme d'applications plus large. Elles peuvent \u00eatre utilis\u00e9es pour le ma\u00efs, le sorgho, le riz, le millet, le bl\u00e9, le soja et d'autres c\u00e9r\u00e9ales. Une seule machine peut battre une vari\u00e9t\u00e9 de grains.<\/li>    <li><strong>Haute qualit\u00e9 de battage<\/strong>: Cette batteuse multifonction pour millet atteint un taux de battage sup\u00e9rieur \u00e0 98 %, avec un taux de cassure inf\u00e9rieur \u00e0 1,5 %, garantissant l'int\u00e9grit\u00e9 des grains et minimisant la perte de grains.<\/li>    <li><strong>Op\u00e9ration facile<\/strong>: Les batteuses multifonctions pour cultures sont g\u00e9n\u00e9ralement simples dans leur conception et faciles \u00e0 utiliser, permettant aux utilisateurs de ma\u00eetriser rapidement le processus. Une personne peut l'utiliser.<\/li>    <li><strong>\u00c9conomies de main-d'\u0153uvre<\/strong>: Compar\u00e9 au battage manuel traditionnel, la batteuse multifonction pour ma\u00efs peut r\u00e9duire consid\u00e9rablement l'intensit\u00e9 du travail, en particulier dans les op\u00e9rations agricoles \u00e0 grande \u00e9chelle, \u00e9conomisant ainsi une main-d'\u0153uvre importante.<\/li> <\/ul>   <div class=\"wp-block-image\"> <figure class=\"aligncenter size-full\"><img loading=\"lazy\" decoding=\"async\" width=\"720\" height=\"540\" src=\"https:\/\/corn-machines.com\/wp-content\/uploads\/2025\/08\/multipurpose-thresher-1.webp\" alt=\"affichage de la batteuse polyvalente\" class=\"wp-image-756\" srcset=\"https:\/\/corn-machines.com\/wp-content\/uploads\/2025\/08\/multipurpose-thresher-1.webp 720w, https:\/\/corn-machines.com\/wp-content\/uploads\/2025\/08\/multipurpose-thresher-1-300x225.webp 300w, https:\/\/corn-machines.com\/wp-content\/uploads\/2025\/08\/multipurpose-thresher-1-16x12.webp 16w\" sizes=\"auto, (max-width: 720px) 100vw, 720px\" \/><figcaption class=\"wp-element-caption\">moissonneuse-broyeuse polyvalente<\/figcaption><\/figure> <\/div>   <h2 class=\"wp-block-heading\"><strong>Application de la batteuse multifonctionnelle de ma\u00efs <\/strong><\/h2>    <p>La machine \u00e9greneuse de c\u00e9r\u00e9ales Taizy est largement utilis\u00e9e, non seulement pour le ma\u00efs, mais aussi pour divers types de c\u00e9r\u00e9ales tels que le bl\u00e9, le soja, le millet, le sorgho et le riz.<\/p>   <div class=\"wp-block-image\"> <figure class=\"aligncenter size-full\"><img loading=\"lazy\" decoding=\"async\" width=\"720\" height=\"540\" src=\"https:\/\/corn-machines.com\/wp-content\/uploads\/2025\/08\/application-of-multifunction-maize-thresher.webp\" alt=\"application de la batteuse multifonctionnelle de ma\u00efs\" class=\"wp-image-750\" srcset=\"https:\/\/corn-machines.com\/wp-content\/uploads\/2025\/08\/application-of-multifunction-maize-thresher.webp 720w, https:\/\/corn-machines.com\/wp-content\/uploads\/2025\/08\/application-of-multifunction-maize-thresher-300x225.webp 300w, https:\/\/corn-machines.com\/wp-content\/uploads\/2025\/08\/application-of-multifunction-maize-thresher-16x12.webp 16w\" sizes=\"auto, (max-width: 720px) 100vw, 720px\" \/><figcaption class=\"wp-element-caption\">application de la batteuse multifonctionnelle de ma\u00efs<\/figcaption><\/figure> <\/div>   <h2 class=\"wp-block-heading\"><strong>Installation et utilisation de la batteuse multifonctionnelle de ma\u00efs <\/strong><\/h2>    <ul class=\"wp-block-list\"> <li>Pour faciliter le transport, nous minimisons la taille de la machine et d\u00e9montons certains composants pour l'exp\u00e9dition. Lors de l'utilisation, remontez selon le sch\u00e9ma.<\/li>    <li>Avant l'op\u00e9ration, v\u00e9rifiez soigneusement le desserrage de toutes les fixations, la flexibilit\u00e9 des pi\u00e8ces rotatives et la pr\u00e9sence d'objets \u00e9trangers dans le tambour du ventilateur. Tournez la courroie pour v\u00e9rifier toute friction ou collision, puis faites fonctionner la machine \u00e0 vide. Ne d\u00e9marrez la machine qu'apr\u00e8s avoir confirm\u00e9 que tout fonctionne normalement.<\/li>    <li>Avant chaque op\u00e9ration, graissez compl\u00e8tement les roulements et remplissez le moteur diesel d'huile suffisante. Laissez tourner \u00e0 vide pendant quelques minutes et attendez qu'il fonctionne normalement avant de charger.<\/li>    <li>Une vitesse excessive est strictement interdite pour \u00e9viter les accidents.<\/li>    <li>Pendant que la machine fonctionne, ne mettez pas la main dans les pi\u00e8ces rotatives pour r\u00e9gler, d\u00e9panner ou inspecter la machine.<\/li>    <li>Le ma\u00efs ne doit pas \u00eatre trop humide pendant l'op\u00e9ration.<\/li>    <li>Apr\u00e8s l'op\u00e9ration, nettoyez l'int\u00e9rieur de la machine et lubrifiez et entretenez toutes les pi\u00e8ces lubrifi\u00e9es. Lorsqu'elle n'est pas utilis\u00e9e pendant une p\u00e9riode prolong\u00e9e, stockez-la dans un endroit sec et ventil\u00e9, \u00e0 l'abri de la pluie et de l'humidit\u00e9.<\/li> <\/ul>    <figure class=\"wp-block-gallery has-nested-images columns-default is-cropped wp-block-gallery-3 is-layout-flex wp-block-gallery-is-layout-flex\"> <figure class=\"wp-block-image size-full\"><img loading=\"lazy\" decoding=\"async\" width=\"720\" height=\"540\" data-id=\"818\" src=\"https:\/\/corn-machines.com\/wp-content\/uploads\/2025\/08\/multifunctional-threshing-machine-2.webp\" alt=\"moissonneuse-broyeuse multifonctionnelle\" class=\"wp-image-818\" srcset=\"https:\/\/corn-machines.com\/wp-content\/uploads\/2025\/08\/multifunctional-threshing-machine-2.webp 720w, https:\/\/corn-machines.com\/wp-content\/uploads\/2025\/08\/multifunctional-threshing-machine-2-300x225.webp 300w, https:\/\/corn-machines.com\/wp-content\/uploads\/2025\/08\/multifunctional-threshing-machine-2-16x12.webp 16w\" sizes=\"auto, (max-width: 720px) 100vw, 720px\" \/><figcaption class=\"wp-element-caption\">moissonneuse-broyeuse multifonctionnelle<\/figcaption><\/figure>    <figure class=\"wp-block-image size-large\"><img loading=\"lazy\" decoding=\"async\" width=\"720\" height=\"540\" data-id=\"752\" src=\"https:\/\/corn-machines.com\/wp-content\/uploads\/2025\/08\/multifunction-corn-thresher.webp\" alt=\"Batteuse multifonctionnelle de ma\u00efs\" class=\"wp-image-752\" srcset=\"https:\/\/corn-machines.com\/wp-content\/uploads\/2025\/08\/multifunction-corn-thresher.webp 720w, https:\/\/corn-machines.com\/wp-content\/uploads\/2025\/08\/multifunction-corn-thresher-300x225.webp 300w, https:\/\/corn-machines.com\/wp-content\/uploads\/2025\/08\/multifunction-corn-thresher-16x12.webp 16w\" sizes=\"auto, (max-width: 720px) 100vw, 720px\" \/><figcaption class=\"wp-element-caption\">batteuse de ma\u00efs multifonctionnelle<\/figcaption><\/figure> <\/figure>    <h2 class=\"wp-block-heading\"><strong>Cas de succ\u00e8s de la batteuse multifonctionnelle de ma\u00efs<\/strong><\/h2>    <p>La machine \u00e9greneuse multifonctionnelle Taizy a \u00e9t\u00e9 pl\u00e9biscit\u00e9e par les clients du monde entier en raison de ses excellents avantages. Un client au Nicaragua a command\u00e9 cinq machines \u00e9greneuses de ma\u00efs.<\/p>    <p>Le client poss\u00e8de une ferme o\u00f9 il cultive une vari\u00e9t\u00e9 de r\u00e9coltes. Afin d'am\u00e9liorer l'efficacit\u00e9 du battage de diverses c\u00e9r\u00e9ales, il nous a consult\u00e9s au sujet de cette machine. Apr\u00e8s plusieurs \u00e9changes, le client a command\u00e9 cinq \u00e9greneuses multifonctionnelles. \u00c0 la r\u00e9ception des machines, le client les a imm\u00e9diatement mises au travail et s'est montr\u00e9 satisfait. Il a comment\u00e9 que les machines avaient non seulement am\u00e9lior\u00e9 sa productivit\u00e9, mais lui avaient \u00e9galement fait gagner beaucoup de temps et de main-d'\u0153uvre.<\/p>   <div class=\"wp-block-image\"> <figure class=\"aligncenter size-full\"><img loading=\"lazy\" decoding=\"async\" width=\"720\" height=\"540\" src=\"https:\/\/corn-machines.com\/wp-content\/uploads\/2025\/08\/Transportation-of-multipurpose-thresher.webp\" alt=\"transport de la batteuse polyvalente\" class=\"wp-image-740\" srcset=\"https:\/\/corn-machines.com\/wp-content\/uploads\/2025\/08\/Transportation-of-multipurpose-thresher.webp 720w, https:\/\/corn-machines.com\/wp-content\/uploads\/2025\/08\/Transportation-of-multipurpose-thresher-300x225.webp 300w, https:\/\/corn-machines.com\/wp-content\/uploads\/2025\/08\/Transportation-of-multipurpose-thresher-16x12.webp 16w\" sizes=\"auto, (max-width: 720px) 100vw, 720px\" \/><figcaption class=\"wp-element-caption\">transport de la batteuse polyvalente<\/figcaption><\/figure> <\/div>   <h2 class=\"wp-block-heading\"><strong>Contactez-nous d\u00e8s maintenant !<\/strong><\/h2>    <p class=\"translation-block\">Que vous cherchiez \u00e0 am\u00e9liorer l'efficacit\u00e9 du battage des grains ou \u00e0 vous diversifier dans de nouveaux secteurs agricoles, la machine multifonctionnelle de battage des cultures est un outil essentiel. En tant que fournisseur le plus fiable de <strong>battage de ma\u00efs<\/strong> multifonctionnels dans l'industrie, notre entreprise privil\u00e9gie la qualit\u00e9 des produits et la satisfaction du client. Nous produisons et vendons nos produits nous-m\u00eames, ce qui nous conf\u00e8re un grand avantage en termes de prix. N'h\u00e9sitez pas \u00e0 nous contacter, et nous vous fournirons des informations plus d\u00e9taill\u00e9es.<\/p>","protected":false},"excerpt":{"rendered":"<p>Cet article se concentre sur les sp\u00e9cifications, la structure, les avantages et les applications d'un d\u00e9cortiqueur de ma\u00efs multifonctionnel. Il affiche une efficacit\u00e9 de battage de 98 % et un taux de casse de moins de 1,5 %, ce qui am\u00e9liore consid\u00e9rablement l'efficacit\u00e9 du battage des grains.<\/p>","protected":false},"author":1,"featured_media":753,"parent":0,"template":"","tags":[42,55,52,61,59],"product-type":[4],"class_list":["post-749","product","type-product","status-publish","has-post-thumbnail","hentry","tag-corn","tag-corn-threshing","tag-grain","tag-millet","tag-soybean","product-type-corn-thresher-machine"],"_links":{"self":[{"href":"https:\/\/corn-machines.com\/fr\/wp-json\/wp\/v2\/product\/749","targetHints":{"allow":["GET"]}}],"collection":[{"href":"https:\/\/corn-machines.com\/fr\/wp-json\/wp\/v2\/product"}],"about":[{"href":"https:\/\/corn-machines.com\/fr\/wp-json\/wp\/v2\/types\/product"}],"author":[{"embeddable":true,"href":"https:\/\/corn-machines.com\/fr\/wp-json\/wp\/v2\/users\/1"}],"wp:featuredmedia":[{"embeddable":true,"href":"https:\/\/corn-machines.com\/fr\/wp-json\/wp\/v2\/media\/753"}],"wp:attachment":[{"href":"https:\/\/corn-machines.com\/fr\/wp-json\/wp\/v2\/media?parent=749"}],"wp:term":[{"taxonomy":"post_tag","embeddable":true,"href":"https:\/\/corn-machines.com\/fr\/wp-json\/wp\/v2\/tags?post=749"},{"taxonomy":"product-type","embeddable":true,"href":"https:\/\/corn-machines.com\/fr\/wp-json\/wp\/v2\/product-type?post=749"}],"curies":[{"name":"wp","href":"https:\/\/api.w.org\/{rel}","templated":true}]}}