{"id":706,"date":"2025-08-05T08:58:53","date_gmt":"2025-08-05T00:58:53","guid":{"rendered":"https:\/\/corn-machines.com\/?post_type=product&#038;p=706"},"modified":"2025-11-04T13:36:20","modified_gmt":"2025-11-04T05:36:20","slug":"mobile-grain-dryer-for-drying-grain","status":"publish","type":"product","link":"https:\/\/corn-machines.com\/fr\/product\/mobile-grain-dryer-for-drying-grain\/","title":{"rendered":"S\u00e9choir \u00e0 grains mobile pour le s\u00e9chage des cultures"},"content":{"rendered":"<p class=\"translation-block\">Le <strong>s\u00e9choir \u00e0 grains mobile<\/strong> peut rapidement \u00e9liminer l\u2019humidit\u00e9 de divers grains, en s\u2019assurant qu\u2019ils atteignent une teneur en humidit\u00e9 s\u00fbre avant le stockage. Il convient \u00e0 une large gamme de grains, notamment le riz, le bl\u00e9, le ma\u00efs, le soja, etc.<\/p>    <p>Notre s\u00e9choir \u00e0 ma\u00efs mobile est tr\u00e8s efficace, avec une capacit\u00e9 de 10 \u00e0 240 tonnes\/24 heures, r\u00e9pondant aux besoins des installations de production plus importantes. Le silo du s\u00e9choir est construit en acier inoxydable r\u00e9sistant \u00e0 la rouille, dur et r\u00e9sistant \u00e0 l'usure, garantissant une longue dur\u00e9e de vie. Si vous recherchez un s\u00e9choir \u00e0 ma\u00efs, le s\u00e9choir mobile \u00e0 ma\u00efs Taizy est un excellent choix. Contactez-nous pour plus d'informations.<\/p>    <figure class=\"wp-block-embed is-type-video is-provider-youtube wp-block-embed-youtube wp-embed-aspect-16-9 wp-has-aspect-ratio\"><div class=\"wp-block-embed__wrapper\"> <iframe loading=\"lazy\" title=\"Un s\u00e9choir \u00e0 grains mobile populaire avec une capacit\u00e9 de 10-240 tonnes\/24h #graindryer #farming\" width=\"500\" height=\"281\" src=\"https:\/\/www.youtube.com\/embed\/xObmWqhUEqM?feature=oembed\" frameborder=\"0\" allow=\"accelerometer; autoplay; clipboard-write; encrypted-media; gyroscope; picture-in-picture; web-share\" referrerpolicy=\"strict-origin-when-cross-origin\" allowfullscreen><\/iframe> <\/div><figcaption class=\"wp-element-caption\">processus de fonctionnement de la machine mobile de s\u00e9chage des grains<\/figcaption><\/figure>    <h2 class=\"wp-block-heading\"><strong>Mod\u00e8les de machines mobiles de s\u00e9chage de grains<\/strong><\/h2>    <p class=\"translation-block\">Il existe deux types de <strong>s\u00e9choirs \u00e0 grains mobiles<\/strong> : les s\u00e9choirs \u00e0 un seul caisson et les s\u00e9choirs \u00e0 deux caissons. La capacit\u00e9 de cette machine varie de 10 tonnes\/24 heures \u00e0 240 tonnes, vous permettant de choisir le mod\u00e8le qui correspond le mieux \u00e0 vos besoins.<\/p>    <p>S\u00e8che-grains avec un seul silo :<\/p>    <figure class=\"wp-block-table\"><table class=\"has-fixed-layout\"><tbody><tr><td class=\"has-text-align-center\" data-align=\"center\"><strong>Mod\u00e8le<\/strong><\/td><td class=\"has-text-align-center\" data-align=\"center\"><strong>Puissance (KW)<\/strong><\/td><td class=\"has-text-align-center\" data-align=\"center\"><strong>Poids (Tonne)<\/strong><\/td><td class=\"has-text-align-center\" data-align=\"center\"><strong>Taille (mm)<\/strong><\/td><td class=\"has-text-align-center\" data-align=\"center\"><strong>Sortie (24 heures)<\/strong><\/td><\/tr><tr><td class=\"has-text-align-center\" data-align=\"center\">2 To<\/td><td class=\"has-text-align-center\" data-align=\"center\">11<\/td><td class=\"has-text-align-center\" data-align=\"center\">2.8<\/td><td class=\"has-text-align-center\" data-align=\"center\">5100*2000*3800<\/td><td class=\"has-text-align-center\" data-align=\"center\">20 To<\/td><\/tr><tr><td class=\"has-text-align-center\" data-align=\"center\">4T<\/td><td class=\"has-text-align-center\" data-align=\"center\">19<\/td><td class=\"has-text-align-center\" data-align=\"center\">4.5<\/td><td class=\"has-text-align-center\" data-align=\"center\">5400*2100*3900<\/td><td class=\"has-text-align-center\" data-align=\"center\">40T<\/td><\/tr><tr><td class=\"has-text-align-center\" data-align=\"center\">6T<\/td><td class=\"has-text-align-center\" data-align=\"center\">24<\/td><td class=\"has-text-align-center\" data-align=\"center\">5.3<\/td><td class=\"has-text-align-center\" data-align=\"center\">5600*2100*4300<\/td><td class=\"has-text-align-center\" data-align=\"center\">60T<\/td><\/tr><tr><td class=\"has-text-align-center\" data-align=\"center\">8T<\/td><td class=\"has-text-align-center\" data-align=\"center\">28<\/td><td class=\"has-text-align-center\" data-align=\"center\">6.5<\/td><td class=\"has-text-align-center\" data-align=\"center\">6000*2100*5800<\/td><td class=\"has-text-align-center\" data-align=\"center\">80T<\/td><\/tr><tr><td class=\"has-text-align-center\" data-align=\"center\">10 To<\/td><td class=\"has-text-align-center\" data-align=\"center\">32<\/td><td class=\"has-text-align-center\" data-align=\"center\">7.4<\/td><td class=\"has-text-align-center\" data-align=\"center\">6200*2100*6400<\/td><td class=\"has-text-align-center\" data-align=\"center\">100T<\/td><\/tr><\/tbody><\/table><figcaption class=\"wp-element-caption\">Param\u00e8tres des machines de s\u00e9chage de c\u00e9r\u00e9ales \u00e0 un seul silo<\/figcaption><\/figure>    <h2 class=\"wp-block-heading\"><strong>Avantages du s\u00e9choir \u00e0 c\u00e9r\u00e9ales mobile Taizy<\/strong><\/h2>    <ul class=\"wp-block-list\"> <li><strong>Longue dur\u00e9e de vie<\/strong>Le silo du s\u00e9choir est en acier inoxydable, ce qui le rend r\u00e9sistant \u00e0 la rouille, dur et r\u00e9sistant \u00e0 l'usure. Il a une dur\u00e9e de vie plus longue que les s\u00e9choirs fabriqu\u00e9s \u00e0 partir de mat\u00e9riaux conventionnels.<\/li>    <li><strong>Large application<\/strong>Il a un large \u00e9ventail d'applications, et les grains applicables incluent le ma\u00efs, le bl\u00e9, les haricots, le riz, le sorgho, le millet, le colza, etc.<\/li>    <li><strong>Facile \u00e0 d\u00e9placer<\/strong>Le s\u00e8che-linge mobile est facile \u00e0 utiliser et peut \u00eatre remorqu\u00e9 pour une mobilit\u00e9 ais\u00e9e. Lorsqu'il n'est pas utilis\u00e9, il peut \u00eatre d\u00e9plac\u00e9 \u00e0 l'int\u00e9rieur de l'entrep\u00f4t pour le prot\u00e9ger du vent et du soleil.<\/li>    <li><strong>Haute efficacit\u00e9<\/strong>: Le <strong>s\u00e9choir \u00e0 grains mobile<\/strong> offre une grande efficacit\u00e9 de s\u00e9chage, avec une capacit\u00e9 de 10 \u00e0 240 tonnes par 24 heures.<\/li>    <li><strong>Garantie apr\u00e8s-vente<\/strong>La machine enti\u00e8re est livr\u00e9e avec une garantie d'un an. Nous avons une \u00e9quipe professionnelle apr\u00e8s-vente et un support technique, y compris des services d'installation et de mise en service sur site.<\/li>    <li><strong>Comp\u00e9titivit\u00e9 des prix<\/strong>: Taizy produit et vend ses propres s\u00e9choirs mobiles, elle b\u00e9n\u00e9ficie donc d'une forte comp\u00e9titivit\u00e9 en mati\u00e8re de prix sur le march\u00e9.<\/li> <\/ul>   <div class=\"wp-block-image\"> <figure class=\"aligncenter size-full\"><img loading=\"lazy\" decoding=\"async\" width=\"720\" height=\"540\" src=\"https:\/\/corn-machines.com\/wp-content\/uploads\/2025\/08\/mobile-corn-dryer.webp\" alt=\"le s\u00e9choir \u00e0 ma\u00efs mobile en exposition\" class=\"wp-image-709\" srcset=\"https:\/\/corn-machines.com\/wp-content\/uploads\/2025\/08\/mobile-corn-dryer.webp 720w, https:\/\/corn-machines.com\/wp-content\/uploads\/2025\/08\/mobile-corn-dryer-300x225.webp 300w, https:\/\/corn-machines.com\/wp-content\/uploads\/2025\/08\/mobile-corn-dryer-16x12.webp 16w\" sizes=\"auto, (max-width: 720px) 100vw, 720px\" \/><figcaption class=\"wp-element-caption\">s\u00e8che-ma\u00efs mobile<\/figcaption><\/figure> <\/div>   <h2 class=\"wp-block-heading\"><strong>La structure du s\u00e9choir \u00e0 grains automatique<\/strong><\/h2>    <p class=\"translation-block\">Le <strong>s\u00e9choir \u00e0 grains mobile<\/strong> se compose d\u2019un silo, d\u2019une \u00e9chelle, d\u2019un port d\u2019alimentation, d\u2019un s\u00e9choir, d\u2019un s\u00e9parateur cyclonique, d\u2019un s\u00e9choir, d\u2019un c\u00f4ne, de roues et d\u2019un ventilateur. Parmi eux, son silo est en acier inoxydable, r\u00e9sistant \u00e0 la corrosion par la pluie, de haute duret\u00e9, solide et r\u00e9sistant \u00e0 l\u2019usure.<\/p>   <div class=\"wp-block-image\"> <figure class=\"aligncenter size-full\"><img loading=\"lazy\" decoding=\"async\" width=\"720\" height=\"540\" src=\"https:\/\/corn-machines.com\/wp-content\/uploads\/2025\/08\/the-structure-of-the-grain-drying-machine.webp\" alt=\"la structure de la machine de s\u00e9chage des grains\" class=\"wp-image-713\" srcset=\"https:\/\/corn-machines.com\/wp-content\/uploads\/2025\/08\/the-structure-of-the-grain-drying-machine.webp 720w, https:\/\/corn-machines.com\/wp-content\/uploads\/2025\/08\/the-structure-of-the-grain-drying-machine-300x225.webp 300w, https:\/\/corn-machines.com\/wp-content\/uploads\/2025\/08\/the-structure-of-the-grain-drying-machine-16x12.webp 16w\" sizes=\"auto, (max-width: 720px) 100vw, 720px\" \/><figcaption class=\"wp-element-caption\">la structure de la machine de s\u00e9chage des grains<\/figcaption><\/figure> <\/div>   <h2 class=\"wp-block-heading\"><strong>L'application de la machine de s\u00e9chage des grains de ma\u00efs<\/strong><\/h2>    <p class=\"translation-block\">Le <strong>s\u00e9choir \u00e0 grains mobile<\/strong> a un large \u00e9ventail d'applications. Il peut s\u00e9cher des c\u00e9r\u00e9ales telles que le bl\u00e9, le ma\u00efs, le sorgho, le soja et le millet. Nos s\u00e9choirs utilisent un flux d'air chaud d'huile v\u00e9g\u00e9tale pour s\u00e9cher le grain, ce qui n'endommage pas la qualit\u00e9 ou la couleur du grain.<\/p>   <div class=\"wp-block-image\"> <figure class=\"aligncenter size-full\"><img loading=\"lazy\" decoding=\"async\" width=\"720\" height=\"540\" src=\"https:\/\/corn-machines.com\/wp-content\/uploads\/2025\/08\/application-of-the-mobile-grain-dryer.webp\" alt=\"application du s\u00e9choir \u00e0 grains mobile\" class=\"wp-image-707\" srcset=\"https:\/\/corn-machines.com\/wp-content\/uploads\/2025\/08\/application-of-the-mobile-grain-dryer.webp 720w, https:\/\/corn-machines.com\/wp-content\/uploads\/2025\/08\/application-of-the-mobile-grain-dryer-300x225.webp 300w, https:\/\/corn-machines.com\/wp-content\/uploads\/2025\/08\/application-of-the-mobile-grain-dryer-16x12.webp 16w\" sizes=\"auto, (max-width: 720px) 100vw, 720px\" \/><figcaption class=\"wp-element-caption\">application du s\u00e9choir \u00e0 grains<\/figcaption><\/figure> <\/div>   <h2 class=\"wp-block-heading\"><strong>La diff\u00e9rence entre un s\u00e9choir mobile et un s\u00e9choir tour<\/strong><\/h2>    <p>L'avantage d'une machine mobile de s\u00e9chage des grains est qu'elle est facile \u00e0 utiliser et \u00e0 d\u00e9placer, et peut \u00eatre tir\u00e9e dans l'entrep\u00f4t lorsqu'elle n'est pas utilis\u00e9e. Les silos \u00e0 grains en acier inoxydable ne craignent \u00e9galement pas la rouille et ont des co\u00fbts d'entretien faibles.<\/p>    <p class=\"translation-block\"><a href=\"https:\/\/corn-machines.com\/fr\/product\/grain-dryer\/\">Les s\u00e9choirs tour<\/a> prennent beaucoup de place et sont bruyants. Ils sont expos\u00e9s aux \u00e9l\u00e9ments toute l'ann\u00e9e et leurs co\u00fbts de maintenance annuels sont plus \u00e9lev\u00e9s que ceux des s\u00e9choirs mobiles.<\/p>    <figure class=\"wp-block-table\"><table class=\"has-fixed-layout\"><tbody><tr><td class=\"has-text-align-center\" data-align=\"center\">Types<\/td><td class=\"has-text-align-center\" data-align=\"center\">S\u00e9choir \u00e0 grains mobile<\/td><td class=\"has-text-align-center\" data-align=\"center\">S\u00e9choir \u00e0 grains en tour<\/td><\/tr><tr><td class=\"has-text-align-center\" data-align=\"center\">Espace au sol<\/td><td class=\"has-text-align-center\" data-align=\"center\">Petit<\/td><td class=\"has-text-align-center\" data-align=\"center\">Grand<\/td><\/tr><tr><td class=\"has-text-align-center\" data-align=\"center\">Co\u00fbts d'entretien<\/td><td class=\"has-text-align-center\" data-align=\"center\">Faible<\/td><td class=\"has-text-align-center\" data-align=\"center\">\u00c9lev\u00e9<\/td><\/tr><tr><td class=\"has-text-align-center\" data-align=\"center\">Niveau de bruit<\/td><td class=\"has-text-align-center\" data-align=\"center\">Faible<\/td><td class=\"has-text-align-center\" data-align=\"center\">\u00c9lev\u00e9<\/td><\/tr><tr><td class=\"has-text-align-center\" data-align=\"center\">Mobilit\u00e9<\/td><td class=\"has-text-align-center\" data-align=\"center\">Facile<\/td><td class=\"has-text-align-center\" data-align=\"center\">Difficile<\/td><\/tr><\/tbody><\/table><figcaption class=\"wp-element-caption\"><strong>La diff\u00e9rence entre les s\u00e9choirs \u00e0 ma\u00efs mobiles et les s\u00e9choirs \u00e0 grains \u00e0 tour.<\/strong><\/figcaption><\/figure>    <figure class=\"wp-block-gallery has-nested-images columns-default is-cropped wp-block-gallery-2 is-layout-flex wp-block-gallery-is-layout-flex\"> <figure class=\"wp-block-image size-full\"><img loading=\"lazy\" decoding=\"async\" width=\"720\" height=\"540\" data-id=\"715\" src=\"https:\/\/corn-machines.com\/wp-content\/uploads\/2025\/08\/the-tower-grain-dryer-1.webp\" alt=\"s\u00e9choir \u00e0 grains en tour\" class=\"wp-image-715\" srcset=\"https:\/\/corn-machines.com\/wp-content\/uploads\/2025\/08\/the-tower-grain-dryer-1.webp 720w, https:\/\/corn-machines.com\/wp-content\/uploads\/2025\/08\/the-tower-grain-dryer-1-300x225.webp 300w, https:\/\/corn-machines.com\/wp-content\/uploads\/2025\/08\/the-tower-grain-dryer-1-16x12.webp 16w\" sizes=\"auto, (max-width: 720px) 100vw, 720px\" \/><figcaption class=\"wp-element-caption\">le s\u00e9choir \u00e0 grains tour<\/figcaption><\/figure>    <figure class=\"wp-block-image size-full\"><img loading=\"lazy\" decoding=\"async\" width=\"720\" height=\"540\" data-id=\"815\" src=\"https:\/\/corn-machines.com\/wp-content\/uploads\/2025\/08\/mobile-corn-drying-machine.webp\" alt=\"affichage de la machine de s\u00e9chage de ma\u00efs mobile\" class=\"wp-image-815\" srcset=\"https:\/\/corn-machines.com\/wp-content\/uploads\/2025\/08\/mobile-corn-drying-machine.webp 720w, https:\/\/corn-machines.com\/wp-content\/uploads\/2025\/08\/mobile-corn-drying-machine-300x225.webp 300w, https:\/\/corn-machines.com\/wp-content\/uploads\/2025\/08\/mobile-corn-drying-machine-16x12.webp 16w\" sizes=\"auto, (max-width: 720px) 100vw, 720px\" \/><figcaption class=\"wp-element-caption\">machine de s\u00e9chage de ma\u00efs mobile<\/figcaption><\/figure> <\/figure>    <h2 class=\"wp-block-heading\"><strong>Combien co\u00fbte une machine mobile de s\u00e9chage des c\u00e9r\u00e9ales ?<\/strong><\/h2>    <p class=\"translation-block\">Le prix d'un <strong>s\u00e9choir \u00e0 grains mobile<\/strong> est influenc\u00e9 par divers facteurs, notamment le mod\u00e8le de la machine, la capacit\u00e9 de production, le type de br\u00fbleur et la possibilit\u00e9 de personnalisation.<\/p>    <p>Mod\u00e8le et capacit\u00e9 : Les s\u00e9choirs \u00e0 ma\u00efs de diff\u00e9rents mod\u00e8les et capacit\u00e9s ont des prix diff\u00e9rents. En g\u00e9n\u00e9ral, les s\u00e9choirs plus grands et de plus grande capacit\u00e9 sont plus chers en raison de leur efficacit\u00e9 sup\u00e9rieure et de leur plus grande capacit\u00e9.<\/p>    <p>Personnalisation : Le fait qu'un s\u00e9choir \u00e0 grains automatique n\u00e9cessite une personnalisation influence \u00e9galement son prix. Des options de personnalisation suppl\u00e9mentaires, telles que des mat\u00e9riaux durables pour des environnements sp\u00e9cialis\u00e9s, peuvent augmenter le prix.<\/p>   <div class=\"wp-block-image\"> <figure class=\"aligncenter size-full\"><img loading=\"lazy\" decoding=\"async\" width=\"720\" height=\"540\" src=\"https:\/\/corn-machines.com\/wp-content\/uploads\/2025\/08\/the-mobile-cereal-drying-machine.webp\" alt=\"la machine mobile de s\u00e9chage des c\u00e9r\u00e9ales\" class=\"wp-image-712\" srcset=\"https:\/\/corn-machines.com\/wp-content\/uploads\/2025\/08\/the-mobile-cereal-drying-machine.webp 720w, https:\/\/corn-machines.com\/wp-content\/uploads\/2025\/08\/the-mobile-cereal-drying-machine-300x225.webp 300w, https:\/\/corn-machines.com\/wp-content\/uploads\/2025\/08\/the-mobile-cereal-drying-machine-16x12.webp 16w\" sizes=\"auto, (max-width: 720px) 100vw, 720px\" \/><figcaption class=\"wp-element-caption\">la machine mobile de s\u00e9chage des c\u00e9r\u00e9ales<\/figcaption><\/figure> <\/div>   <h2 class=\"wp-block-heading\">FAQ du s\u00e9choir \u00e0 grains mobile<\/h2>   <div id=\"rank-math-faq\" class=\"rank-math-block\"> <div class=\"rank-math-list\"> <div id=\"faq-question-1754355955598\" class=\"rank-math-list-item\"> <h3 class=\"rank-math-question\">Quels sont les avantages de l'acier inoxydable ?<\/h3> <div class=\"rank-math-answer\">  <p>L'avantage de l'acier inoxydable est que lorsque la machine fonctionne, de la vapeur d'eau s'\u00e9chappe. L'acier inoxydable n'a pas peur de la corrosion et ne pr\u00e9sente pas de taches de rouille. M\u00eame si la machine est rang\u00e9e apr\u00e8s utilisation cette ann\u00e9e, elle pourra \u00eatre utilis\u00e9e l'ann\u00e9e prochaine sans probl\u00e8me.<\/p>  <\/div> <\/div> <div id=\"faq-question-1754355991319\" class=\"rank-math-list-item\"> <h3 class=\"rank-math-question\">Quelles cultures peuvent \u00eatre s\u00e9ch\u00e9es dans le s\u00e9choir mobile \u00e0 grains ? Quelles sont les temp\u00e9ratures ?<\/h3> <div class=\"rank-math-answer\">  <p>Il peut s\u00e9cher le ma\u00efs, le bl\u00e9, les haricots, le riz, le sorgho, le colza, etc. La temp\u00e9rature de s\u00e9chage est la suivante.<br \/>Ma\u00efs : 100-140\u00b0C.<br \/>Bl\u00e9 : 80-90\u00b0C.<br \/>Riz : 60-70\u00b0C.<br \/>Sorgho : 100-140\u00b0C.<br \/>Colza : 100\u00b0C.<\/p>  <\/div> <\/div> <div id=\"faq-question-1754356184021\" class=\"rank-math-list-item\"> <h3 class=\"rank-math-question\">Quelles sources de chaleur peuvent \u00eatre utilis\u00e9es ?<\/h3> <div class=\"rank-math-answer\">  <p>La machine \u00e0 s\u00e9cher les cultures peut \u00eatre aliment\u00e9e par du charbon, de l'huile, du m\u00e9thanol, de la biomasse ou de l'\u00e9lectricit\u00e9.<\/p>  <\/div> <\/div> <div id=\"faq-question-1754356195689\" class=\"rank-math-list-item\"> <h3 class=\"rank-math-question\">Quelle est la source de chaleur la plus rentable \u00e0 utiliser ?<\/h3> <div class=\"rank-math-answer\">  <p>Le charbon est le moins cher, co\u00fbtant en moyenne 35-40 yuans par tonne de charbon sec. L'\u00e9lectricit\u00e9 est la plus ch\u00e8re, et la plupart des agriculteurs ne l'utilisent pas. Les seuls qui l'utilisent sont les grandes stations de grain, qui utilisent des transformateurs s\u00e9par\u00e9s et re\u00e7oivent des subventions gouvernementales.<\/p>  <\/div> <\/div> <\/div> <\/div>   <h2 class=\"wp-block-heading\"><strong>Contactez-nous d\u00e8s maintenant !<\/strong><\/h2>    <p>Que vous soyez un petit agriculteur ou un grand op\u00e9rateur de terminal \u00e0 grains, ce s\u00e9choir mobile \u00e0 r\u00e9coltes r\u00e9pondra s\u00fbrement \u00e0 vos besoins. Ses performances sup\u00e9rieures et son \u00e9quipe de service apr\u00e8s-vente d\u00e9di\u00e9e en ont fait un choix populaire \u00e0 travers le monde. Si vous avez des questions, n'h\u00e9sitez pas \u00e0 nous contacter d\u00e8s aujourd'hui !<\/p>","protected":false},"excerpt":{"rendered":"<p>Cet article pr\u00e9sente principalement des s\u00e9choirs \u00e0 grains mobiles, y compris leurs mod\u00e8les, sp\u00e9cifications, applications et avantages. Il fournit une r\u00e9f\u00e9rence pr\u00e9cieuse pour les clients qui ont besoin de s\u00e9choirs.<\/p>","protected":false},"author":1,"featured_media":708,"parent":0,"template":"","tags":[42,52,53],"product-type":[6],"class_list":["post-706","product","type-product","status-publish","has-post-thumbnail","hentry","tag-corn","tag-grain","tag-grain-drying","product-type-grain-drying-machine"],"_links":{"self":[{"href":"https:\/\/corn-machines.com\/fr\/wp-json\/wp\/v2\/product\/706","targetHints":{"allow":["GET"]}}],"collection":[{"href":"https:\/\/corn-machines.com\/fr\/wp-json\/wp\/v2\/product"}],"about":[{"href":"https:\/\/corn-machines.com\/fr\/wp-json\/wp\/v2\/types\/product"}],"author":[{"embeddable":true,"href":"https:\/\/corn-machines.com\/fr\/wp-json\/wp\/v2\/users\/1"}],"wp:featuredmedia":[{"embeddable":true,"href":"https:\/\/corn-machines.com\/fr\/wp-json\/wp\/v2\/media\/708"}],"wp:attachment":[{"href":"https:\/\/corn-machines.com\/fr\/wp-json\/wp\/v2\/media?parent=706"}],"wp:term":[{"taxonomy":"post_tag","embeddable":true,"href":"https:\/\/corn-machines.com\/fr\/wp-json\/wp\/v2\/tags?post=706"},{"taxonomy":"product-type","embeddable":true,"href":"https:\/\/corn-machines.com\/fr\/wp-json\/wp\/v2\/product-type?post=706"}],"curies":[{"name":"wp","href":"https:\/\/api.w.org\/{rel}","templated":true}]}}