{"id":66,"date":"2022-09-07T01:39:02","date_gmt":"2022-09-07T01:39:02","guid":{"rendered":"https:\/\/corn-machines.com\/?post_type=product&#038;p=66"},"modified":"2022-12-01T11:07:46","modified_gmt":"2022-12-01T03:07:46","slug":"corn-peeling-and-threshing-machine","status":"publish","type":"product","link":"https:\/\/corn-machines.com\/fr\/product\/corn-peeling-and-threshing-machine\/","title":{"rendered":"\u00c9plucheuse et batteuse de ma\u00efs | d\u00e9cortiqueuse de ma\u00efs"},"content":{"rendered":"<p class=\"translation-block\">La machine \u00e0 \u00e9plucher et \u00e0 battre le ma\u00efs est une machine qui peut effectuer deux fonctions : l'\u00e9pluchage et le d\u00e9corticage du ma\u00efs. C'est une machine \u00e0 battre le ma\u00efs multifonctionnelle avec des fonctions plus compl\u00e8tes et une machine plus efficace. Et le <a href=\"https:\/\/www.agriculture-machine.com\/maize-sheller\/\" data-type=\"URL\" data-id=\"https:\/\/www.agriculture-machine.com\/maize-sheller\/\" target=\"_blank\" rel=\"noopener\">batteur de ma\u00efs<\/a> convient \u00e9galement \u00e0 d'autres c\u00e9r\u00e9ales, telles que le bl\u00e9, le sorgho et le soja. C'est une machine que les agriculteurs valent vraiment la peine d'acheter. Cette machine a \u00e9t\u00e9 vendue en Finlande, au Kazakhstan, \u00e0 Duba\u00ef, au Maroc, aux Philippines, au Br\u00e9sil et dans d'autres pays.<\/p>    <figure class=\"wp-block-image size-full\"><img loading=\"lazy\" decoding=\"async\" width=\"720\" height=\"540\" src=\"https:\/\/corn-machines.com\/wp-content\/uploads\/2022\/09\/Corn-peeling-and-threshing-machien-1.webp\" alt=\"Machine \u00e0 \u00e9plucher et \u00e0 battre le ma\u00efs\" class=\"wp-image-165\" srcset=\"https:\/\/corn-machines.com\/wp-content\/uploads\/2022\/09\/Corn-peeling-and-threshing-machien-1.webp 720w, https:\/\/corn-machines.com\/wp-content\/uploads\/2022\/09\/Corn-peeling-and-threshing-machien-1-300x225.webp 300w\" sizes=\"auto, (max-width: 720px) 100vw, 720px\" \/><figcaption class=\"wp-element-caption\">\u00c9plucheuse et batteuse de ma\u00efs<\/figcaption><\/figure>    <h2 class=\"wp-block-heading\" id=\"h-what-are-the-functions-of-the-multifunctional-corn-thresher\">Quelles sont les fonctions de la batteuse de ma\u00efs multifonctionnelle<\/h2>    <figure class=\"wp-block-image size-full\"><img loading=\"lazy\" decoding=\"async\" width=\"720\" height=\"540\" src=\"https:\/\/corn-machines.com\/wp-content\/uploads\/2022\/09\/functions-of-the-multifunctional-corn-thresher.webp\" alt=\"fonctions de la batteuse de ma\u00efs multifonctionnelle\" class=\"wp-image-166\" srcset=\"https:\/\/corn-machines.com\/wp-content\/uploads\/2022\/09\/functions-of-the-multifunctional-corn-thresher.webp 720w, https:\/\/corn-machines.com\/wp-content\/uploads\/2022\/09\/functions-of-the-multifunctional-corn-thresher-300x225.webp 300w\" sizes=\"auto, (max-width: 720px) 100vw, 720px\" \/><figcaption class=\"wp-element-caption\">fonctions de la batteuse de ma\u00efs multifonctionnelle<\/figcaption><\/figure>    <p>Cette machine \u00e0 \u00e9plucher et \u00e0 battre le ma\u00efs est une machine qui peut remplir deux fonctions d'\u00e9pluchage et de battage du ma\u00efs et elle peut ajouter des fonctions en m\u00eame temps. Il peut obtenir des grains de ma\u00efs en un seul traitement et n'a pas besoin d'\u00eatre transport\u00e9 plusieurs fois. De plus, cette batteuse de ma\u00efs peut non seulement battre le ma\u00efs mais \u00e9galement battre d'autres millets comme le riz, le millet, le bl\u00e9, le soja, etc.<\/p>    <h2 class=\"wp-block-heading\" id=\"h-how-to-realize-the-processing-of-multiple-grains\">Comment r\u00e9aliser le traitement de plusieurs grains<\/h2>    <figure class=\"wp-block-gallery has-nested-images columns-2 is-cropped wp-block-gallery-2 is-layout-flex wp-block-gallery-is-layout-flex\"> <figure class=\"wp-block-image size-large\"><img loading=\"lazy\" decoding=\"async\" width=\"720\" height=\"540\" data-id=\"170\" src=\"https:\/\/corn-machines.com\/wp-content\/uploads\/2022\/09\/grain-thresher.webp\" alt=\"batteuse \u00e0 grains\" class=\"wp-image-170\" srcset=\"https:\/\/corn-machines.com\/wp-content\/uploads\/2022\/09\/grain-thresher.webp 720w, https:\/\/corn-machines.com\/wp-content\/uploads\/2022\/09\/grain-thresher-300x225.webp 300w\" sizes=\"auto, (max-width: 720px) 100vw, 720px\" \/><figcaption class=\"wp-element-caption\">batteuse \u00e0 grains<\/figcaption><\/figure>    <figure class=\"wp-block-image size-large\"><img loading=\"lazy\" decoding=\"async\" width=\"720\" height=\"540\" data-id=\"168\" src=\"https:\/\/corn-machines.com\/wp-content\/uploads\/2022\/09\/maize-shelling-machine-details-1.webp\" alt=\"d\u00e9tails de la machine \u00e0 d\u00e9cortiquer le ma\u00efs\" class=\"wp-image-168\" srcset=\"https:\/\/corn-machines.com\/wp-content\/uploads\/2022\/09\/maize-shelling-machine-details-1.webp 720w, https:\/\/corn-machines.com\/wp-content\/uploads\/2022\/09\/maize-shelling-machine-details-1-300x225.webp 300w\" sizes=\"auto, (max-width: 720px) 100vw, 720px\" \/><figcaption class=\"wp-element-caption\">d\u00e9tails de la machine \u00e0 d\u00e9cortiquer le ma\u00efs<\/figcaption><\/figure>    <figure class=\"wp-block-image size-large\"><img loading=\"lazy\" decoding=\"async\" width=\"720\" height=\"540\" data-id=\"167\" src=\"https:\/\/corn-machines.com\/wp-content\/uploads\/2022\/09\/maize-shelling-machine-details.webp\" alt=\"d\u00e9tails de la machine \u00e0 d\u00e9cortiquer le ma\u00efs\" class=\"wp-image-167\" srcset=\"https:\/\/corn-machines.com\/wp-content\/uploads\/2022\/09\/maize-shelling-machine-details.webp 720w, https:\/\/corn-machines.com\/wp-content\/uploads\/2022\/09\/maize-shelling-machine-details-300x225.webp 300w\" sizes=\"auto, (max-width: 720px) 100vw, 720px\" \/><figcaption class=\"wp-element-caption\">d\u00e9tails de la machine \u00e0 d\u00e9cortiquer le ma\u00efs<\/figcaption><\/figure>    <figure class=\"wp-block-image size-large\"><img loading=\"lazy\" decoding=\"async\" width=\"720\" height=\"540\" data-id=\"169\" src=\"https:\/\/corn-machines.com\/wp-content\/uploads\/2022\/09\/wheat-threshing.webp\" alt=\"battage du bl\u00e9\" class=\"wp-image-169\" srcset=\"https:\/\/corn-machines.com\/wp-content\/uploads\/2022\/09\/wheat-threshing.webp 720w, https:\/\/corn-machines.com\/wp-content\/uploads\/2022\/09\/wheat-threshing-300x225.webp 300w\" sizes=\"auto, (max-width: 720px) 100vw, 720px\" \/><figcaption class=\"wp-element-caption\">battage du bl\u00e9<\/figcaption><\/figure> <\/figure>    <p class=\"translation-block\">Comme la taille de chaque grain est tr\u00e8s diff\u00e9rente, la taille des grains de ma\u00efs et du millet n'est pas la m\u00eame. Si vous souhaitez traiter une vari\u00e9t\u00e9 de grains, vous devez changer le tamis de la machine. Cela garantira que lorsque la batteuse multifonctionnelle tamise le grain, le grain ne sera pas perdu en raison d'une maille trop grande. Notre usine dispose \u00e9galement de diverses machines telles qu'une batteuse \u00e0 ma\u00efs frais et une <a href=\"https:\/\/corn-machines.com\/fr\/product\/corn-shelling-machine\/\" data-type=\"URL\" data-id=\"https:\/\/corn-machines.com\/product\/corn-shelling-machine\/\">batteuse \u00e0 ma\u00efs pour le traitement du battage du ma\u00efs<\/a>.<\/p>    <h2 class=\"wp-block-heading\" id=\"h-production-efficiency-of-corn-peeling-and-threshing-machine\">Efficacit\u00e9 de production de la machine \u00e0 \u00e9plucher et \u00e0 battre le ma\u00efs<\/h2>    <figure class=\"wp-block-image size-full\"><img loading=\"lazy\" decoding=\"async\" width=\"720\" height=\"540\" src=\"https:\/\/corn-machines.com\/wp-content\/uploads\/2022\/09\/corn-peeling-and-threshing-machine.webp\" alt=\"\u00e9plucheuse et batteuse de ma\u00efs\" class=\"wp-image-171\" srcset=\"https:\/\/corn-machines.com\/wp-content\/uploads\/2022\/09\/corn-peeling-and-threshing-machine.webp 720w, https:\/\/corn-machines.com\/wp-content\/uploads\/2022\/09\/corn-peeling-and-threshing-machine-300x225.webp 300w\" sizes=\"auto, (max-width: 720px) 100vw, 720px\" \/><figcaption class=\"wp-element-caption\">\u00e9plucheuse et batteuse de ma\u00efs<\/figcaption><\/figure>    <p class=\"translation-block\">La machine \u00e0 \u00e9plucher et \u00e0 battre le ma\u00efs a un taux de battage allant jusqu'\u00e0 95 % et un faible taux de casse. 1,5 \u00e0 2 tonnes par heure. Apr\u00e8s avoir utilis\u00e9 cette \u00e9plucheuse \u00e0 ma\u00efs, deux types de ma\u00efs peuvent \u00eatre trait\u00e9s en m\u00eame temps. Cependant, cette batteuse \u00e0 ma\u00efs traite le ma\u00efs s\u00e9ch\u00e9 au soleil et ne peut pas \u00eatre utilis\u00e9e directement apr\u00e8s la r\u00e9colte du ma\u00efs. Il doit \u00eatre s\u00e9ch\u00e9 pour \u00e9liminer l'humidit\u00e9 du ma\u00efs. Apr\u00e8s traitement, si le ma\u00efs est r\u00e9colt\u00e9 plus tard et que l'humidit\u00e9 de l'\u00e9pi s'est \u00e9vapor\u00e9e, il peut \u00eatre trait\u00e9 directement. Alternativement, si vous souhaitez battre du ma\u00efs frais, vous pouvez utiliser une <a href=\"https:\/\/corn-machines.com\/fr\/product\/fresh-corn-thresher-sweet-corn-sheller\/\">batteuse \u00e0 ma\u00efs doux<\/a>.<\/p>    <h2 class=\"wp-block-heading\" id=\"h-parameters-of-corn-peeling-and-threshing-machine\">Param\u00e8tres de la machine \u00e0 \u00e9plucher et \u00e0 battre le ma\u00efs<\/h2>    <figure class=\"wp-block-gallery has-nested-images columns-default is-cropped wp-block-gallery-3 is-layout-flex wp-block-gallery-is-layout-flex\"> <figure class=\"wp-block-image size-large\"><img loading=\"lazy\" decoding=\"async\" width=\"720\" height=\"540\" data-id=\"172\" src=\"https:\/\/corn-machines.com\/wp-content\/uploads\/2022\/09\/MT-860-corn-shelling-machine.webp\" alt=\"D\u00e9corticeuse de ma\u00efs MT-860\" class=\"wp-image-172\" srcset=\"https:\/\/corn-machines.com\/wp-content\/uploads\/2022\/09\/MT-860-corn-shelling-machine.webp 720w, https:\/\/corn-machines.com\/wp-content\/uploads\/2022\/09\/MT-860-corn-shelling-machine-300x225.webp 300w\" sizes=\"auto, (max-width: 720px) 100vw, 720px\" \/><figcaption class=\"wp-element-caption\">D\u00e9corticeuse de ma\u00efs MT-860<\/figcaption><\/figure>    <figure class=\"wp-block-image size-large\"><img loading=\"lazy\" decoding=\"async\" width=\"720\" height=\"540\" data-id=\"173\" src=\"https:\/\/corn-machines.com\/wp-content\/uploads\/2022\/09\/MT-1200-corn-shelling-machine.webp\" alt=\"D\u00e9corticeuse de ma\u00efs MT-1200\" class=\"wp-image-173\" srcset=\"https:\/\/corn-machines.com\/wp-content\/uploads\/2022\/09\/MT-1200-corn-shelling-machine.webp 720w, https:\/\/corn-machines.com\/wp-content\/uploads\/2022\/09\/MT-1200-corn-shelling-machine-300x225.webp 300w\" sizes=\"auto, (max-width: 720px) 100vw, 720px\" \/><figcaption class=\"wp-element-caption\">D\u00e9corticeuse de ma\u00efs MT-1200<\/figcaption><\/figure> <\/figure>    <figure class=\"wp-block-table\"><table><tbody><tr><td>Mod\u00e8le<\/td><td>Pouvoir<\/td><td>Capacit\u00e9<\/td><td>Poids<\/td><td>Taille<\/td><td>Application<\/td><\/tr><tr><td>MT-860<\/td><td>Moteur diesel, moteur \u00e0 essence, moteur \u00e9lectrique<\/td><td>1,5-2 t\/h<\/td><td>112 kg<\/td><td>1150*860<em>*<\/em>1160 mm<\/td><td>Sorgho, millet, ma\u00efs, soja<\/td><\/tr><tr><td>MT-1200<\/td><td>Moteur diesel 10-12HP<\/td><td>ma\u00efs 3t\/h,<br>Soja 2t\/h<br>Sorgho, Millets, Bl\u00e9, Riz 1,5t\/h<\/td><td>200 kg<\/td><td>2100*1700*1400mm<\/td><td>Sorgho, millet, ma\u00efs, soja<\/td><\/tr><\/tbody><\/table><\/figure>    <h2 class=\"wp-block-heading\" id=\"h-various-power-modes-of-corn-peeling-thresher\">Divers modes de puissance de la batteuse \u00e0 \u00e9plucher le ma\u00efs<\/h2>    <figure class=\"wp-block-gallery has-nested-images columns-default is-cropped wp-block-gallery-4 is-layout-flex wp-block-gallery-is-layout-flex\"> <figure class=\"wp-block-image size-large\"><img loading=\"lazy\" decoding=\"async\" width=\"720\" height=\"540\" data-id=\"174\" src=\"https:\/\/corn-machines.com\/wp-content\/uploads\/2022\/09\/power-of-corn-peeling-thresher.webp\" alt=\"Batteuse \u00e0 ma\u00efs \u00e9lectrique\" class=\"wp-image-174\" srcset=\"https:\/\/corn-machines.com\/wp-content\/uploads\/2022\/09\/power-of-corn-peeling-thresher.webp 720w, https:\/\/corn-machines.com\/wp-content\/uploads\/2022\/09\/power-of-corn-peeling-thresher-300x225.webp 300w\" sizes=\"auto, (max-width: 720px) 100vw, 720px\" \/><figcaption class=\"wp-element-caption\">Batteuse \u00e0 ma\u00efs \u00e9lectrique<\/figcaption><\/figure>    <figure class=\"wp-block-image size-large\"><img loading=\"lazy\" decoding=\"async\" width=\"720\" height=\"540\" data-id=\"175\" src=\"https:\/\/corn-machines.com\/wp-content\/uploads\/2022\/09\/Diesel-Corn-Thresher.webp\" alt=\"Batteuse de ma\u00efs diesel\" class=\"wp-image-175\" srcset=\"https:\/\/corn-machines.com\/wp-content\/uploads\/2022\/09\/Diesel-Corn-Thresher.webp 720w, https:\/\/corn-machines.com\/wp-content\/uploads\/2022\/09\/Diesel-Corn-Thresher-300x225.webp 300w\" sizes=\"auto, (max-width: 720px) 100vw, 720px\" \/><figcaption class=\"wp-element-caption\">Batteuse de ma\u00efs diesel<\/figcaption><\/figure>    <figure class=\"wp-block-image size-large\"><img loading=\"lazy\" decoding=\"async\" width=\"720\" height=\"540\" data-id=\"176\" src=\"https:\/\/corn-machines.com\/wp-content\/uploads\/2022\/09\/Gasoline-Corn-Thresher.webp\" alt=\"Batteuse de ma\u00efs \u00e0 essence\" class=\"wp-image-176\" srcset=\"https:\/\/corn-machines.com\/wp-content\/uploads\/2022\/09\/Gasoline-Corn-Thresher.webp 720w, https:\/\/corn-machines.com\/wp-content\/uploads\/2022\/09\/Gasoline-Corn-Thresher-300x225.webp 300w\" sizes=\"auto, (max-width: 720px) 100vw, 720px\" \/><figcaption class=\"wp-element-caption\">Batteuse de ma\u00efs \u00e0 essence<\/figcaption><\/figure> <\/figure>    <p>Nous pouvons \u00eatre associ\u00e9s \u00e0 des moteurs diesel, \u00e0 essence ou \u00e9lectriques comme unit\u00e9s de puissance. Nous pouvons personnaliser la machine selon vos besoins. Il s'agit pour les clients de choisir une batteuse de ma\u00efs multifonctionnelle qui leur convient mieux.<\/p>    <h2 class=\"wp-block-heading\" id=\"h-structure-of-corn-peeling-thresher\">Structure de la batteuse \u00e0 \u00e9plucher le ma\u00efs<\/h2>    <figure class=\"wp-block-gallery has-nested-images columns-default is-cropped wp-block-gallery-5 is-layout-flex wp-block-gallery-is-layout-flex\"> <figure class=\"wp-block-image size-large\"><img loading=\"lazy\" decoding=\"async\" width=\"720\" height=\"540\" data-id=\"179\" src=\"https:\/\/corn-machines.com\/wp-content\/uploads\/2022\/09\/corn-peeling-thresher-details.webp\" alt=\"D\u00e9tails de la batteuse \u00e0 \u00e9plucher le ma\u00efs\" class=\"wp-image-179\" srcset=\"https:\/\/corn-machines.com\/wp-content\/uploads\/2022\/09\/corn-peeling-thresher-details.webp 720w, https:\/\/corn-machines.com\/wp-content\/uploads\/2022\/09\/corn-peeling-thresher-details-300x225.webp 300w\" sizes=\"auto, (max-width: 720px) 100vw, 720px\" \/><figcaption class=\"wp-element-caption\">D\u00e9tails de la batteuse \u00e0 \u00e9plucher le ma\u00efs<\/figcaption><\/figure>    <figure class=\"wp-block-image size-large\"><img loading=\"lazy\" decoding=\"async\" width=\"720\" height=\"540\" data-id=\"178\" src=\"https:\/\/corn-machines.com\/wp-content\/uploads\/2022\/09\/factory-of-corn-peeling-thresher.webp\" alt=\"usine de batteuse \u00e0 \u00e9plucher le ma\u00efs\" class=\"wp-image-178\" srcset=\"https:\/\/corn-machines.com\/wp-content\/uploads\/2022\/09\/factory-of-corn-peeling-thresher.webp 720w, https:\/\/corn-machines.com\/wp-content\/uploads\/2022\/09\/factory-of-corn-peeling-thresher-300x225.webp 300w\" sizes=\"auto, (max-width: 720px) 100vw, 720px\" \/><figcaption class=\"wp-element-caption\">usine de batteuse \u00e0 \u00e9plucher le ma\u00efs<\/figcaption><\/figure>    <figure class=\"wp-block-image size-large\"><img loading=\"lazy\" decoding=\"async\" width=\"720\" height=\"540\" data-id=\"177\" src=\"https:\/\/corn-machines.com\/wp-content\/uploads\/2022\/09\/Structure-of-corn-peeling-thresher.webp\" alt=\"Structure de la batteuse \u00e0 \u00e9plucher le ma\u00efs\" class=\"wp-image-177\" srcset=\"https:\/\/corn-machines.com\/wp-content\/uploads\/2022\/09\/Structure-of-corn-peeling-thresher.webp 720w, https:\/\/corn-machines.com\/wp-content\/uploads\/2022\/09\/Structure-of-corn-peeling-thresher-300x225.webp 300w\" sizes=\"auto, (max-width: 720px) 100vw, 720px\" \/><figcaption class=\"wp-element-caption\">Structure de la batteuse \u00e0 \u00e9plucher le ma\u00efs<\/figcaption><\/figure> <\/figure>    <p>La batteuse est compos\u00e9e d'un orifice d'alimentation, d'un orifice de d\u00e9charge des grains de ma\u00efs, d'une sortie d'impuret\u00e9s, d'un ventilateur \u00e0 tirage induit, d'une roue mobile et d'un tamis. Une chose \u00e0 noter est que cette petite batteuse poss\u00e8de un ventilateur simple et un ventilateur double. Pour les machines \u00e0 double ventilateur, le ma\u00efs apr\u00e8s battage est plus propre. Une fois que les \u00e9pis de ma\u00efs sont introduits dans l'orifice d'alimentation, ils entrent d'abord dans la bo\u00eete de pelage, et apr\u00e8s le pelage, ils entrent automatiquement dans la bo\u00eete de battage pour le battage.<\/p>    <h2 class=\"wp-block-heading\" id=\"h-how-to-use-corn-peeling-and-threshing-machine\">Comment utiliser la machine \u00e0 \u00e9plucher et \u00e0 battre le ma\u00efs<\/h2>    <figure class=\"wp-block-gallery has-nested-images columns-default is-cropped wp-block-gallery-6 is-layout-flex wp-block-gallery-is-layout-flex\"> <figure class=\"wp-block-image size-large\"><img loading=\"lazy\" decoding=\"async\" width=\"720\" height=\"540\" data-id=\"180\" src=\"https:\/\/corn-machines.com\/wp-content\/uploads\/2022\/09\/corn-peeling-and-threshing-machine-working.webp\" alt=\"Machine \u00e0 \u00e9plucher et \u00e0 battre le ma\u00efs en fonctionnement\" class=\"wp-image-180\" srcset=\"https:\/\/corn-machines.com\/wp-content\/uploads\/2022\/09\/corn-peeling-and-threshing-machine-working.webp 720w, https:\/\/corn-machines.com\/wp-content\/uploads\/2022\/09\/corn-peeling-and-threshing-machine-working-300x225.webp 300w\" sizes=\"auto, (max-width: 720px) 100vw, 720px\" \/><figcaption class=\"wp-element-caption\">Machine \u00e0 \u00e9plucher et \u00e0 battre le ma\u00efs en fonctionnement<\/figcaption><\/figure>    <figure class=\"wp-block-image size-large\"><img loading=\"lazy\" decoding=\"async\" width=\"720\" height=\"540\" data-id=\"181\" src=\"https:\/\/corn-machines.com\/wp-content\/uploads\/2022\/09\/corn-peeling-and-threshing-machine-working-1.webp\" alt=\"Machine \u00e0 \u00e9plucher et \u00e0 battre le ma\u00efs en fonctionnement\" class=\"wp-image-181\" srcset=\"https:\/\/corn-machines.com\/wp-content\/uploads\/2022\/09\/corn-peeling-and-threshing-machine-working-1.webp 720w, https:\/\/corn-machines.com\/wp-content\/uploads\/2022\/09\/corn-peeling-and-threshing-machine-working-1-300x225.webp 300w\" sizes=\"auto, (max-width: 720px) 100vw, 720px\" \/><figcaption class=\"wp-element-caption\">Machine \u00e0 \u00e9plucher et \u00e0 battre le ma\u00efs en fonctionnement<\/figcaption><\/figure> <\/figure>    <ol class=\"wp-block-list\"> <li>Avant de d\u00e9marrer la machine, v\u00e9rifiez si les pi\u00e8ces de connexion de chaque \u00e9l\u00e9ment cl\u00e9 sont fermes.<\/li>    <li>lorsque la machine est en marche, il est strictement interdit d'ouvrir le capot de s\u00e9curit\u00e9.<br><\/li>    <li>si une situation anormale est d\u00e9tect\u00e9e, elle doit \u00eatre arr\u00eat\u00e9e imm\u00e9diatement pour inspection, et il est strictement interdit de d\u00e9panner la machine lorsqu'elle est en marche<\/li>    <li> lorsque le port d'alimentation est bloqu\u00e9, il est strictement interdit d'utiliser les mains ou les b\u00e2tons pour aider \u00e0 se nourrir.<\/li>    <li>il est strictement interdit de m\u00e9langer des pierres, des m\u00e9taux et d'autres articles divers aux mati\u00e8res premi\u00e8res.<\/li>    <li>veuillez rester inactif pendant 2 \u00e0 3 minutes avant de d\u00e9marrer la machine pour confirmer qu'il n'y a pas de ph\u00e9nom\u00e8ne anormal avant de commencer l'op\u00e9ration.<\/li> <\/ol>    <h2 class=\"wp-block-heading\" id=\"h-advantages-of-multifunctional-corn-thresher\">Avantages de la batteuse de ma\u00efs multifonctionnelle<\/h2>    <figure class=\"wp-block-gallery has-nested-images columns-default is-cropped wp-block-gallery-7 is-layout-flex wp-block-gallery-is-layout-flex\"> <figure class=\"wp-block-image size-large\"><img loading=\"lazy\" decoding=\"async\" width=\"720\" height=\"540\" data-id=\"187\" src=\"https:\/\/corn-machines.com\/wp-content\/uploads\/2022\/09\/Corn-peeling-and-threshing-machine-1.webp\" alt=\"\u00c9plucheuse et batteuse de ma\u00efs\" class=\"wp-image-187\" srcset=\"https:\/\/corn-machines.com\/wp-content\/uploads\/2022\/09\/Corn-peeling-and-threshing-machine-1.webp 720w, https:\/\/corn-machines.com\/wp-content\/uploads\/2022\/09\/Corn-peeling-and-threshing-machine-1-300x225.webp 300w\" sizes=\"auto, (max-width: 720px) 100vw, 720px\" \/><figcaption class=\"wp-element-caption\">\u00c9plucheuse et batteuse de ma\u00efs<\/figcaption><\/figure>    <figure class=\"wp-block-image size-large\"><img loading=\"lazy\" decoding=\"async\" width=\"720\" height=\"540\" data-id=\"186\" src=\"https:\/\/corn-machines.com\/wp-content\/uploads\/2022\/09\/Corn-peeling-and-threshing-machine.webp\" alt=\"\" class=\"wp-image-186\" srcset=\"https:\/\/corn-machines.com\/wp-content\/uploads\/2022\/09\/Corn-peeling-and-threshing-machine.webp 720w, https:\/\/corn-machines.com\/wp-content\/uploads\/2022\/09\/Corn-peeling-and-threshing-machine-300x225.webp 300w\" sizes=\"auto, (max-width: 720px) 100vw, 720px\" \/><figcaption class=\"wp-element-caption\">d\u00e9cortiqueuse de ma\u00efs<\/figcaption><\/figure>    <figure class=\"wp-block-image size-large\"><img loading=\"lazy\" decoding=\"async\" width=\"720\" height=\"540\" data-id=\"185\" src=\"https:\/\/corn-machines.com\/wp-content\/uploads\/2022\/09\/corn-peeling-thresher.webp\" alt=\"batteuse \u00e0 \u00e9plucher le ma\u00efs\" class=\"wp-image-185\" srcset=\"https:\/\/corn-machines.com\/wp-content\/uploads\/2022\/09\/corn-peeling-thresher.webp 720w, https:\/\/corn-machines.com\/wp-content\/uploads\/2022\/09\/corn-peeling-thresher-300x225.webp 300w\" sizes=\"auto, (max-width: 720px) 100vw, 720px\" \/><figcaption class=\"wp-element-caption\">batteuse \u00e0 \u00e9plucher le ma\u00efs<\/figcaption><\/figure>    <figure class=\"wp-block-image size-large\"><img loading=\"lazy\" decoding=\"async\" width=\"720\" height=\"540\" data-id=\"184\" src=\"https:\/\/corn-machines.com\/wp-content\/uploads\/2022\/09\/multifunctional-corn-thresher-2.webp\" alt=\"batteuse de ma\u00efs multifonctionnelle\" class=\"wp-image-184\" srcset=\"https:\/\/corn-machines.com\/wp-content\/uploads\/2022\/09\/multifunctional-corn-thresher-2.webp 720w, https:\/\/corn-machines.com\/wp-content\/uploads\/2022\/09\/multifunctional-corn-thresher-2-300x225.webp 300w\" sizes=\"auto, (max-width: 720px) 100vw, 720px\" \/><figcaption class=\"wp-element-caption\">batteuse de ma\u00efs multifonctionnelle<\/figcaption><\/figure>    <figure class=\"wp-block-image size-large\"><img loading=\"lazy\" decoding=\"async\" width=\"720\" height=\"540\" data-id=\"183\" src=\"https:\/\/corn-machines.com\/wp-content\/uploads\/2022\/09\/multifunctional-corn-thresher-1.webp\" alt=\"batteuse de ma\u00efs multifonctionnelle\" class=\"wp-image-183\" srcset=\"https:\/\/corn-machines.com\/wp-content\/uploads\/2022\/09\/multifunctional-corn-thresher-1.webp 720w, https:\/\/corn-machines.com\/wp-content\/uploads\/2022\/09\/multifunctional-corn-thresher-1-300x225.webp 300w\" sizes=\"auto, (max-width: 720px) 100vw, 720px\" \/><figcaption class=\"wp-element-caption\">batteuse de ma\u00efs multifonctionnelle<\/figcaption><\/figure>    <figure class=\"wp-block-image size-large\"><img loading=\"lazy\" decoding=\"async\" width=\"720\" height=\"540\" data-id=\"182\" src=\"https:\/\/corn-machines.com\/wp-content\/uploads\/2022\/09\/multifunctional-corn-thresher.webp\" alt=\"batteuse de ma\u00efs multifonctionnelle\" class=\"wp-image-182\" srcset=\"https:\/\/corn-machines.com\/wp-content\/uploads\/2022\/09\/multifunctional-corn-thresher.webp 720w, https:\/\/corn-machines.com\/wp-content\/uploads\/2022\/09\/multifunctional-corn-thresher-300x225.webp 300w\" sizes=\"auto, (max-width: 720px) 100vw, 720px\" \/><figcaption class=\"wp-element-caption\">batteuse de ma\u00efs multifonctionnelle<\/figcaption><\/figure> <\/figure>    <ul class=\"wp-block-list\"> <li>Augmentez l\u2019entr\u00e9e d\u2019alimentation. Une ouverture d'alimentation \u00e9largie facilite le versement avec des sacs et d'autres outils.<\/li>    <li>Fonction de filtre ajout\u00e9e. Une fois le ma\u00efs battu, il sera tamis\u00e9 pour \u00e9liminer certaines impuret\u00e9s, et le ma\u00efs sera plus propre une fois d\u00e9tach\u00e9.<\/li>    <li>Avec fonction de r\u00e9glage du vent. La batteuse ajuste diff\u00e9rentes tailles de vent tout en battant diff\u00e9rentes incitations<\/li> <\/ul>    <h2 class=\"wp-block-heading\">Vid\u00e9o de la batteuse de ma\u00efs<\/h2>    <figure class=\"wp-block-embed is-type-video is-provider-youtube wp-block-embed-youtube wp-embed-aspect-16-9 wp-has-aspect-ratio\"><div class=\"wp-block-embed__wrapper\"> <iframe loading=\"lazy\" title=\"Batteuse multifonctionnelle populaire pour le millet ma\u00efs-soja | d\u00e9cortiqueuse de ma\u00efs | battage du ma\u00efs\" width=\"500\" height=\"281\" src=\"https:\/\/www.youtube.com\/embed\/Yk9xeQ67xII?start=5&#038;feature=oembed\" frameborder=\"0\" allow=\"accelerometer; autoplay; clipboard-write; encrypted-media; gyroscope; picture-in-picture; web-share\" referrerpolicy=\"strict-origin-when-cross-origin\" allowfullscreen><\/iframe> <\/div><figcaption class=\"wp-element-caption\">Batteuse \u00e0 ma\u00efs<\/figcaption><\/figure>","protected":false},"excerpt":{"rendered":"<p>La machine \u00e0 \u00e9plucher et \u00e0 battre le ma\u00efs est une machine qui peut remplir deux fonctions d'\u00e9pluchage et de d\u00e9corticage du ma\u00efs. <\/p>","protected":false},"author":1,"featured_media":164,"parent":0,"template":"","tags":[20,33,21],"product-type":[4],"class_list":["post-66","product","type-product","status-publish","has-post-thumbnail","hentry","tag-corn-peeling-and-threshing-machine","tag-corn-threshing-machine","tag-maize-shelling-machine","product-type-corn-thresher-machine"],"_links":{"self":[{"href":"https:\/\/corn-machines.com\/fr\/wp-json\/wp\/v2\/product\/66","targetHints":{"allow":["GET"]}}],"collection":[{"href":"https:\/\/corn-machines.com\/fr\/wp-json\/wp\/v2\/product"}],"about":[{"href":"https:\/\/corn-machines.com\/fr\/wp-json\/wp\/v2\/types\/product"}],"author":[{"embeddable":true,"href":"https:\/\/corn-machines.com\/fr\/wp-json\/wp\/v2\/users\/1"}],"wp:featuredmedia":[{"embeddable":true,"href":"https:\/\/corn-machines.com\/fr\/wp-json\/wp\/v2\/media\/164"}],"wp:attachment":[{"href":"https:\/\/corn-machines.com\/fr\/wp-json\/wp\/v2\/media?parent=66"}],"wp:term":[{"taxonomy":"post_tag","embeddable":true,"href":"https:\/\/corn-machines.com\/fr\/wp-json\/wp\/v2\/tags?post=66"},{"taxonomy":"product-type","embeddable":true,"href":"https:\/\/corn-machines.com\/fr\/wp-json\/wp\/v2\/product-type?post=66"}],"curies":[{"name":"wp","href":"https:\/\/api.w.org\/{rel}","templated":true}]}}