{"id":426,"date":"2022-10-21T18:37:25","date_gmt":"2022-10-21T10:37:25","guid":{"rendered":"https:\/\/corn-machines.com\/?post_type=product&#038;p=426"},"modified":"2025-09-01T09:35:06","modified_gmt":"2025-09-01T01:35:06","slug":"corn-harvester-machine","status":"publish","type":"product","link":"https:\/\/corn-machines.com\/fr\/product\/corn-harvester-machine\/","title":{"rendered":"R\u00e9colteuse de ma\u00efs \u00e0 2 rangs | machine de cueillette de ma\u00efs"},"content":{"rendered":"<p>Une moissonneuse-benneuse est un \u00e9quipement pour la r\u00e9colte du ma\u00efs. La moissonneuse-benneuse est associ\u00e9e \u00e0 un tracteur et peut \u00eatre man\u0153uvr\u00e9e dans une cabine. Cette moissonneuse de ma\u00efs est une moissonneuse \u00e0 deux rangs de taille moyenne et est le mod\u00e8le le plus populaire. La moissonneuse peut \u00e9craser les tiges de ma\u00efs et effectuer \u00e9galement le pelage du ma\u00efs. Le taux de r\u00e9colte du ma\u00efs est aussi \u00e9lev\u00e9 que 97%<\/p>    <figure class=\"wp-block-image size-full\"><img loading=\"lazy\" decoding=\"async\" width=\"720\" height=\"540\" src=\"https:\/\/corn-machines.com\/wp-content\/uploads\/2022\/10\/corn-harvester-machine.jpg\" alt=\"machine de r\u00e9colte de ma\u00efs\" class=\"wp-image-433\" srcset=\"https:\/\/corn-machines.com\/wp-content\/uploads\/2022\/10\/corn-harvester-machine.jpg 720w, https:\/\/corn-machines.com\/wp-content\/uploads\/2022\/10\/corn-harvester-machine-300x225.jpg 300w\" sizes=\"auto, (max-width: 720px) 100vw, 720px\" \/><figcaption class=\"wp-element-caption\">machine de r\u00e9colte de ma\u00efs<\/figcaption><\/figure>    <h2 class=\"wp-block-heading\">Quelles sont les fonctions de la r\u00e9colteuse de ma\u00efs ?<\/h2>    <figure class=\"wp-block-gallery has-nested-images columns-default is-cropped wp-block-gallery-2 is-layout-flex wp-block-gallery-is-layout-flex\"> <figure class=\"wp-block-image size-large\"><img loading=\"lazy\" decoding=\"async\" width=\"720\" height=\"540\" data-id=\"435\" src=\"https:\/\/corn-machines.com\/wp-content\/uploads\/2022\/10\/corn-with-straw.jpg\" alt=\"ma\u00efs avec de la paille\" class=\"wp-image-435\" srcset=\"https:\/\/corn-machines.com\/wp-content\/uploads\/2022\/10\/corn-with-straw.jpg 720w, https:\/\/corn-machines.com\/wp-content\/uploads\/2022\/10\/corn-with-straw-300x225.jpg 300w\" sizes=\"auto, (max-width: 720px) 100vw, 720px\" \/><figcaption class=\"wp-element-caption\">ma\u00efs avec de la paille<\/figcaption><\/figure>    <figure class=\"wp-block-image size-large\"><img loading=\"lazy\" decoding=\"async\" width=\"720\" height=\"540\" data-id=\"436\" src=\"https:\/\/corn-machines.com\/wp-content\/uploads\/2022\/10\/corn.jpg\" alt=\"ma\u00efs\" class=\"wp-image-436\" srcset=\"https:\/\/corn-machines.com\/wp-content\/uploads\/2022\/10\/corn.jpg 720w, https:\/\/corn-machines.com\/wp-content\/uploads\/2022\/10\/corn-300x225.jpg 300w\" sizes=\"auto, (max-width: 720px) 100vw, 720px\" \/><figcaption class=\"wp-element-caption\">ma\u00efs<\/figcaption><\/figure> <\/figure>    <p class=\"translation-block\">La machine \u00e0 r\u00e9colter le ma\u00efs peut pulv\u00e9riser les tiges de ma\u00efs, et peut \u00e9galement \u00e9plucher un m\u00e8tre, donc cette machine a deux fonctions, le ma\u00efs pulv\u00e9ris\u00e9 peut \u00eatre directement utilis\u00e9 comme engrais dans le champ. Apr\u00e8s que le ma\u00efs ait \u00e9t\u00e9 \u00e9pluch\u00e9, il peut \u00eatre directement s\u00e9ch\u00e9, puis battu avec une<a href=\"https:\/\/corn-machines.com\/fr\/product\/corn-shelling-machine\/\" data-type=\"URL\" data-id=\"https:\/\/corn-machines.com\/product\/corn-shelling-machine\/\"> batteuse \u00e0 ma\u00efs<\/a> pour compl\u00e9ter la production m\u00e9canis\u00e9e de ma\u00efs.<\/p>    <h2 class=\"wp-block-heading\">Quels types de r\u00e9colteuses de ma\u00efs existe-t-il ?<\/h2>    <figure class=\"wp-block-image size-full\"><img loading=\"lazy\" decoding=\"async\" width=\"720\" height=\"540\" src=\"https:\/\/corn-machines.com\/wp-content\/uploads\/2022\/10\/corn-harvester-machine-1.jpg\" alt=\"machine de r\u00e9colte de ma\u00efs\" class=\"wp-image-437\" srcset=\"https:\/\/corn-machines.com\/wp-content\/uploads\/2022\/10\/corn-harvester-machine-1.jpg 720w, https:\/\/corn-machines.com\/wp-content\/uploads\/2022\/10\/corn-harvester-machine-1-300x225.jpg 300w\" sizes=\"auto, (max-width: 720px) 100vw, 720px\" \/><figcaption class=\"wp-element-caption\">machine de r\u00e9colte de ma\u00efs<\/figcaption><\/figure>    <p class=\"translation-block\">Cette moissonneuse \u00e0 ma\u00efs est une machine \u00e0 r\u00e9colter le ma\u00efs qui peut r\u00e9colter deux rang\u00e9es \u00e0 la fois, et il existe \u00e9galement des <a href=\"https:\/\/corn-machines.com\/fr\/product\/mini-corn-harvesting-machine-maize-picker-machine\/\" data-type=\"URL\" data-id=\"https:\/\/corn-machines.com\/product\/mini-corn-harvesting-machine-maize-picker-machine\/\">moissonneuses \u00e0 ma\u00efs \u00e0 une rang\u00e9e<\/a>, des moissonneuses \u00e0 ma\u00efs \u00e0 trois rang\u00e9es et des moissonneuses \u00e0 ma\u00efs \u00e0 quatre rang\u00e9es, toutes pouvant \u00eatre s\u00e9lectionn\u00e9es.<\/p>    <h2 class=\"wp-block-heading\">Comment utiliser une r\u00e9colteuse de ma\u00efs ?<\/h2>    <p>Cette r\u00e9colteuse de ma\u00efs \u00e0 deux rangs doit \u00eatre utilis\u00e9e en combinaison avec un tracteur. La r\u00e9colteuse de ma\u00efs \u00e0 trois rangs et la r\u00e9colteuse de ma\u00efs \u00e0 quatre rangs doivent \u00e9galement \u00eatre \u00e9quip\u00e9es de tracteurs, mais la puissance des tracteurs \u00e0 \u00e9quiper est \u00e9galement diff\u00e9rente selon le mod\u00e8le. Cette r\u00e9colteuse de ma\u00efs \u00e0 deux rangs peut \u00eatre conduite et poss\u00e8de une forte contr\u00f4labilit\u00e9.<\/p>    <h2 class=\"wp-block-heading\">Param\u00e8tres de la r\u00e9colteuse de ma\u00efs \u00e0 deux rangs<\/h2>    <figure class=\"wp-block-image size-full\"><img loading=\"lazy\" decoding=\"async\" width=\"720\" height=\"540\" src=\"https:\/\/corn-machines.com\/wp-content\/uploads\/2022\/10\/corn-harvester.jpg\" alt=\"r\u00e9colteuse de ma\u00efs\" class=\"wp-image-438\" srcset=\"https:\/\/corn-machines.com\/wp-content\/uploads\/2022\/10\/corn-harvester.jpg 720w, https:\/\/corn-machines.com\/wp-content\/uploads\/2022\/10\/corn-harvester-300x225.jpg 300w\" sizes=\"auto, (max-width: 720px) 100vw, 720px\" \/><figcaption class=\"wp-element-caption\">r\u00e9colteuse de ma\u00efs<\/figcaption><\/figure>    <figure class=\"wp-block-table\"><table><tbody><tr><td>Mod\u00e8le<\/td><td>CH-2<\/td><\/tr><tr><td>Cylindre<\/td><td>4<\/td><\/tr><tr><td>Dimension<\/td><td>4850*1450*2600mm<\/td><\/tr><tr><td>Poids<\/td><td>2650<\/td><\/tr><tr><td>Rang\u00e9e<\/td><td>2<\/td><\/tr><tr><td>Largeur de coupe<\/td><td>1135mm<\/td><\/tr><tr><td>\u00c9cartement des rangs<\/td><td>420-890mm<\/td><\/tr><tr><td>Hauteur de coupe maximale<\/td><td>2120mm<\/td><\/tr><tr><td>Distance minimale du sol<\/td><td>150mm<\/td><\/tr><tr><td>Vitesse de travail<\/td><td>2,2-5,0 km\/h<\/td><\/tr><tr><td>Capacit\u00e9<\/td><td>0,15-0,3h\u33a1\/h<\/td><\/tr><tr><td>Consommation de carburant<\/td><td>Moins de 25 kg\/h \u33a1<\/td><\/tr><tr><td>Rouleau \u00e0 \u00e9plucher<\/td><td>Rouleau en caoutchouc en spirale<\/td><\/tr><tr><td>Dispositif de pelage<\/td><td>8 Rouleaux d'\u00e9pluchage<\/td><\/tr><tr><td>Distance de l'arbre<\/td><td>2300mm<\/td><\/tr><tr><td>Largeur de paille de retour au champ<\/td><td>930mm<\/td><\/tr><tr><td>Distance des roues<\/td><td>Roue avant (1200 mm)<br>Roue arri\u00e8re (1300 mm)<\/td><\/tr><\/tbody><\/table><\/figure>    <figure class=\"wp-block-gallery has-nested-images columns-default is-cropped wp-block-gallery-3 is-layout-flex wp-block-gallery-is-layout-flex\"> <figure class=\"wp-block-image size-large\"><img loading=\"lazy\" decoding=\"async\" width=\"720\" height=\"540\" data-id=\"439\" src=\"https:\/\/corn-machines.com\/wp-content\/uploads\/2022\/10\/Before-corn-harvest.jpg\" alt=\"Avant la r\u00e9colte du ma\u00efs\" class=\"wp-image-439\" srcset=\"https:\/\/corn-machines.com\/wp-content\/uploads\/2022\/10\/Before-corn-harvest.jpg 720w, https:\/\/corn-machines.com\/wp-content\/uploads\/2022\/10\/Before-corn-harvest-300x225.jpg 300w\" sizes=\"auto, (max-width: 720px) 100vw, 720px\" \/><figcaption class=\"wp-element-caption\">Avant la r\u00e9colte du ma\u00efs<\/figcaption><\/figure>    <figure class=\"wp-block-image size-large\"><img loading=\"lazy\" decoding=\"async\" width=\"720\" height=\"540\" data-id=\"440\" src=\"https:\/\/corn-machines.com\/wp-content\/uploads\/2022\/10\/after-corn-harvest.jpg\" alt=\"apr\u00e8s la r\u00e9colte du ma\u00efs\" class=\"wp-image-440\" srcset=\"https:\/\/corn-machines.com\/wp-content\/uploads\/2022\/10\/after-corn-harvest.jpg 720w, https:\/\/corn-machines.com\/wp-content\/uploads\/2022\/10\/after-corn-harvest-300x225.jpg 300w\" sizes=\"auto, (max-width: 720px) 100vw, 720px\" \/><figcaption class=\"wp-element-caption\">apr\u00e8s la r\u00e9colte du ma\u00efs<\/figcaption><\/figure> <\/figure>    <h2 class=\"wp-block-heading\">Vid\u00e9o de la machine \u00e0 cueillir le ma\u00efs<\/h2>    <figure class=\"wp-block-embed is-type-video is-provider-youtube wp-block-embed-youtube wp-embed-aspect-16-9 wp-has-aspect-ratio\"><div class=\"wp-block-embed__wrapper\"> <iframe loading=\"lazy\" title=\"R\u00e9colteuses de ma\u00efs \u00e0 2 rangs \u00e0 vendre | machine de r\u00e9colte de ma\u00efs | machine \u00e0 r\u00e9colter le ma\u00efs | \u00e9quipement de ma\u00efs\" width=\"500\" height=\"281\" src=\"https:\/\/www.youtube.com\/embed\/5iZVlFGZIks?start=50&#038;feature=oembed\" frameborder=\"0\" allow=\"accelerometer; autoplay; clipboard-write; encrypted-media; gyroscope; picture-in-picture; web-share\" referrerpolicy=\"strict-origin-when-cross-origin\" allowfullscreen><\/iframe> <\/div><figcaption class=\"wp-element-caption\">Vid\u00e9o de la machine \u00e0 cueillir le ma\u00efs<\/figcaption><\/figure>","protected":false},"excerpt":{"rendered":"<p>A corn harvester machine is an equipment for harvesting corn. The corn harvester is combined with a tractor and can be operated in a cab. This maize harvester is a medium-sized two-row corn harvester and is the most popular model. The corn harvester can crush corn stalks and also perform corn peeling. The harvest rate [&hellip;]<\/p>\n","protected":false},"author":1,"featured_media":428,"parent":0,"template":"","tags":[19],"product-type":[3],"class_list":["post-426","product","type-product","status-publish","has-post-thumbnail","hentry","tag-corn-harvesting-machine","product-type-corn-harvesting-machine"],"_links":{"self":[{"href":"https:\/\/corn-machines.com\/fr\/wp-json\/wp\/v2\/product\/426","targetHints":{"allow":["GET"]}}],"collection":[{"href":"https:\/\/corn-machines.com\/fr\/wp-json\/wp\/v2\/product"}],"about":[{"href":"https:\/\/corn-machines.com\/fr\/wp-json\/wp\/v2\/types\/product"}],"author":[{"embeddable":true,"href":"https:\/\/corn-machines.com\/fr\/wp-json\/wp\/v2\/users\/1"}],"wp:featuredmedia":[{"embeddable":true,"href":"https:\/\/corn-machines.com\/fr\/wp-json\/wp\/v2\/media\/428"}],"wp:attachment":[{"href":"https:\/\/corn-machines.com\/fr\/wp-json\/wp\/v2\/media?parent=426"}],"wp:term":[{"taxonomy":"post_tag","embeddable":true,"href":"https:\/\/corn-machines.com\/fr\/wp-json\/wp\/v2\/tags?post=426"},{"taxonomy":"product-type","embeddable":true,"href":"https:\/\/corn-machines.com\/fr\/wp-json\/wp\/v2\/product-type?post=426"}],"curies":[{"name":"wp","href":"https:\/\/api.w.org\/{rel}","templated":true}]}}