{"id":395,"date":"2022-09-27T16:08:47","date_gmt":"2022-09-27T08:08:47","guid":{"rendered":"https:\/\/corn-machines.com\/?post_type=product&#038;p=395"},"modified":"2024-12-03T16:57:01","modified_gmt":"2024-12-03T08:57:01","slug":"9fq-hammer-mill-machine","status":"publish","type":"product","link":"https:\/\/corn-machines.com\/fr\/product\/9fq-hammer-mill-machine\/","title":{"rendered":"Broyeur \u00e0 marteaux 9FQ | Broyeur de ma\u00efs"},"content":{"rendered":"<p>La s\u00e9rie de broyeurs \u00e0 marteaux 9FQ offre une solution efficace et adaptable pour le traitement des grains, pouvant accueillir des capacit\u00e9s allant de 100 \u00e0 3 000 kg\/h pour s'adapter \u00e0 une grande vari\u00e9t\u00e9 d'applications.<\/p>    <p>\u00c9quip\u00e9es de syst\u00e8mes de d\u00e9poussi\u00e9rage \u00e0 cyclone en option pour une efficacit\u00e9 accrue et disponibles avec des moteurs diesel ou \u00e9lectriques, ces machines excellent dans les zones o\u00f9 l'acc\u00e8s \u00e0 l'\u00e9lectricit\u00e9 est limit\u00e9. <\/p>    <p>Les tamis r\u00e9glables permettent des tailles de particules personnalis\u00e9es, ce qui rend le broyeur \u00e0 marteaux 9FQ id\u00e9al pour traiter les c\u00e9r\u00e9ales comme la farine de ma\u00efs et de soja dans les moulins \u00e0 farine, les magasins familiaux et les entreprises agricoles.<\/p>    <figure class=\"wp-block-embed is-type-video is-provider-youtube wp-block-embed-youtube wp-embed-aspect-16-9 wp-has-aspect-ratio\"><div class=\"wp-block-embed__wrapper\"> <iframe loading=\"lazy\" title=\"Machine de broyeur de ma\u00efs de broyeur de ma\u00efs de vente chaude | Broyeur \u00e0 marteaux 9FQ \u00e0 vendre\" width=\"500\" height=\"281\" src=\"https:\/\/www.youtube.com\/embed\/LVyps-dxQc4?feature=oembed\" frameborder=\"0\" allow=\"accelerometer; autoplay; clipboard-write; encrypted-media; gyroscope; picture-in-picture; web-share\" referrerpolicy=\"strict-origin-when-cross-origin\" allowfullscreen><\/iframe> <\/div><figcaption class=\"wp-element-caption\">vid\u00e9o de travail de la machine \u00e0 broyer le ma\u00efs<\/figcaption><\/figure>    <h2 class=\"wp-block-heading\"> Application de broyeur \u00e0 marteaux<\/h2>    <div class=\"wp-block-media-text is-stacked-on-mobile\"><figure class=\"wp-block-media-text__media\"><img loading=\"lazy\" decoding=\"async\" width=\"720\" height=\"540\" src=\"https:\/\/corn-machines.com\/wp-content\/uploads\/2022\/09\/Hammer-mill-machine-application.webp\" alt=\"Application de broyeur \u00e0 marteaux\" class=\"wp-image-398 size-full\" srcset=\"https:\/\/corn-machines.com\/wp-content\/uploads\/2022\/09\/Hammer-mill-machine-application.webp 720w, https:\/\/corn-machines.com\/wp-content\/uploads\/2022\/09\/Hammer-mill-machine-application-300x225.webp 300w\" sizes=\"auto, (max-width: 720px) 100vw, 720px\" \/><\/figure><div class=\"wp-block-media-text__content\"> <p class=\"translation-block\"><strong>Applications polyvalentes<\/strong><\/p>    <ul class=\"wp-block-list\"> <li>\u00c9crasez diverses c\u00e9r\u00e9ales pour faire de la farine, notamment du ma\u00efs, du bl\u00e9 et du soja.<\/li>    <li>Utiliser dans les fermes pour produire <a href=\"https:\/\/en.wiktionary.org\/wiki\/feed\" data-type=\"link\" data-id=\"https:\/\/en.wiktionary.org\/wiki\/feed\" target=\"_blank\" rel=\"noopener\">alimentation<\/a> pour les bovins et les ovins.<\/li>    <li>Traitez des cultures suppl\u00e9mentaires comme les coquilles d'arachide, le fourrage et la paille.<\/li> <\/ul>    <p class=\"translation-block\"><strong>Caract\u00e9ristique cl\u00e9 \u2013 \u00e9cran rempla\u00e7able<\/strong><\/p>    <ul class=\"wp-block-list\"> <li>Cette flexibilit\u00e9 permet \u00e0 la machine d\u2019ex\u00e9cuter efficacement plusieurs fonctions.<\/li>    <li>La polyvalence de la machine vient de son tamis rempla\u00e7able, qui d\u00e9termine la gamme de mat\u00e9riaux qu\u2019elle peut traiter.<\/li> <\/ul> <\/div><\/div>    <h2 class=\"wp-block-heading\">Finesse de machine de broyeur \u00e0 marteaux 9FQ du ma\u00efs<\/h2>    <p class=\"translation-block\"><strong>Capacit\u00e9 de broyage<\/strong> :<\/p>    <ul class=\"wp-block-list\"> <li>R\u00e9duit les mati\u00e8res premi\u00e8res \u00e0 moins de 5 cm.<\/li>    <li>Traite une large gamme de mati\u00e8res premi\u00e8res en diff\u00e9rentes granulom\u00e9tries, telles que 1 mm-3 cm, 4 cm et 5 cm.<\/li> <\/ul>    <p class=\"translation-block\"><strong>M\u00e9canisme de broyage<\/strong> :<\/p>    <ul class=\"wp-block-list\"> <li>Les mat\u00e9riaux sont introduits via l'orifice d'alimentation dans la cavit\u00e9 de concassage.<\/li>    <li>L'arbre rotatif et le marteau \u00e0 grande vitesse travaillent ensemble pour \u00e9craser rapidement le mat\u00e9riau.<\/li> <\/ul>    <p class=\"translation-block\"><strong>S\u00e9lection de finesse<\/strong> :<\/p>    <ul class=\"wp-block-list\"> <li>Les mat\u00e9riaux broy\u00e9s r\u00e9pondant \u00e0 la finesse souhait\u00e9e traversent le tamis et sont \u00e9vacu\u00e9s.<\/li>    <li>Les particules plus grosses continuent de circuler avec le flux d'air jusqu'\u00e0 ce qu'elles soient finement broy\u00e9es \u00e0 la taille requise.<\/li> <\/ul>   <div class=\"wp-block-image\"> <figure class=\"aligncenter size-large\"><img loading=\"lazy\" decoding=\"async\" width=\"720\" height=\"540\" src=\"https:\/\/corn-machines.com\/wp-content\/uploads\/2022\/09\/corn-grind.webp\" alt=\"ma\u00efs moulu\" class=\"wp-image-400\" srcset=\"https:\/\/corn-machines.com\/wp-content\/uploads\/2022\/09\/corn-grind.webp 720w, https:\/\/corn-machines.com\/wp-content\/uploads\/2022\/09\/corn-grind-300x225.webp 300w\" sizes=\"auto, (max-width: 720px) 100vw, 720px\" \/><figcaption class=\"wp-element-caption\">produits finaux du broyeur de ma\u00efs<\/figcaption><\/figure> <\/div>   <h2 class=\"wp-block-heading\">structure de la machine du broyeur \u00e0 marteaux 9fq<\/h2>    <ul class=\"wp-block-list\"> <li><strong>Principaux composants<\/strong>: <ul class=\"wp-block-list\"> <li>Coque du dispositif d'alimentation.<\/li>    <li>Arbre rotatif avec marteaux attach\u00e9s.<\/li>    <li>\u00c9crans pour contr\u00f4ler la taille et la finesse des mat\u00e9riaux.<\/li>    <li>Pi\u00e8ces r\u00e9sistantes \u00e0 l'usure pour plus de durabilit\u00e9.<\/li>    <li>Ventilateur \u00e0 tirage induit qui sert \u00e9galement d'orifice de d\u00e9charge.<\/li> <\/ul> <\/li>    <li><strong>M\u00e9canisme de broyage<\/strong>: <ul class=\"wp-block-list\"> <li>La cavit\u00e9 de concassage comprend : <ul class=\"wp-block-list\"> <li>Un arbre principal.<\/li>    <li>Quatre arbres assortis fix\u00e9s \u00e0 l'arbre principal.<\/li>    <li>14 marteaux par petit arbre, soit un total de 56 marteaux.<\/li> <\/ul> <\/li> <\/ul> <\/li>    <li><strong>Contr\u00f4le de la finesse des mat\u00e9riaux<\/strong>: <ul class=\"wp-block-list\"> <li>Un tamis situ\u00e9 sous l'arbre rotatif d\u00e9termine la taille et la finesse des mat\u00e9riaux d\u00e9charg\u00e9s.<\/li> <\/ul> <\/li>    <li><strong>Syst\u00e8me de d\u00e9chargement \u00e0 grande vitesse<\/strong>: <ul class=\"wp-block-list\"> <li>Le ventilateur \u00e0 tirage induit facilite l'expulsion des mat\u00e9riaux broy\u00e9s (par exemple les particules de sciure).<\/li>    <li>Le fonctionnement \u00e0 grande vitesse garantit une production efficace des mat\u00e9riaux.<\/li> <\/ul> <\/li> <\/ul>    <figure class=\"wp-block-image size-full\"><img loading=\"lazy\" decoding=\"async\" width=\"720\" height=\"540\" src=\"https:\/\/corn-machines.com\/wp-content\/uploads\/2022\/09\/Corn-grinder-structure.webp\" alt=\"Structure du broyeur \u00e0 ma\u00efs\" class=\"wp-image-401\" srcset=\"https:\/\/corn-machines.com\/wp-content\/uploads\/2022\/09\/Corn-grinder-structure.webp 720w, https:\/\/corn-machines.com\/wp-content\/uploads\/2022\/09\/Corn-grinder-structure-300x225.webp 300w\" sizes=\"auto, (max-width: 720px) 100vw, 720px\" \/><figcaption class=\"wp-element-caption\">Structure du broyeur \u00e0 ma\u00efs<\/figcaption><\/figure>    <h2 class=\"wp-block-heading\">D\u00e9tails de la machine du broyeur \u00e0 marteaux 9FQ<\/h2>    <div class=\"wp-block-media-text alignwide is-stacked-on-mobile\"><figure class=\"wp-block-media-text__media\"><img loading=\"lazy\" decoding=\"async\" width=\"720\" height=\"540\" src=\"https:\/\/corn-machines.com\/wp-content\/uploads\/2022\/09\/Wear-resistant-hammer.webp\" alt=\"Marteau r\u00e9sistant \u00e0 l&#039;usure\" class=\"wp-image-405 size-full\" srcset=\"https:\/\/corn-machines.com\/wp-content\/uploads\/2022\/09\/Wear-resistant-hammer.webp 720w, https:\/\/corn-machines.com\/wp-content\/uploads\/2022\/09\/Wear-resistant-hammer-300x225.webp 300w\" sizes=\"auto, (max-width: 720px) 100vw, 720px\" \/><\/figure><div class=\"wp-block-media-text__content\"> <h3 class=\"wp-block-heading\">Marteau r\u00e9sistant \u00e0 l'usure<\/h3>    <p>Utilisant une technologie de traitement de trempe en acier au carbone \u00e9paissi, solide et durable, sa dur\u00e9e de vie est 4 fois sup\u00e9rieure \u00e0 celle des marteaux ordinaires.<\/p> <\/div><\/div>    <div class=\"wp-block-media-text alignwide has-media-on-the-right is-stacked-on-mobile\"><div class=\"wp-block-media-text__content\"> <h3 class=\"wp-block-heading\">Moteur tout en cuivre<\/h3>    <p>Le fil de cuivre \u00e0 haute temp\u00e9rature est durable et plein de puissance.<\/p> <\/div><figure class=\"wp-block-media-text__media\"><img loading=\"lazy\" decoding=\"async\" width=\"720\" height=\"540\" src=\"https:\/\/corn-machines.com\/wp-content\/uploads\/2022\/09\/9FQ-hammer-mill-machine-2.webp\" alt=\"Broyeur \u00e0 marteaux 9FQ\" class=\"wp-image-408 size-full\" srcset=\"https:\/\/corn-machines.com\/wp-content\/uploads\/2022\/09\/9FQ-hammer-mill-machine-2.webp 720w, https:\/\/corn-machines.com\/wp-content\/uploads\/2022\/09\/9FQ-hammer-mill-machine-2-300x225.webp 300w\" sizes=\"auto, (max-width: 720px) 100vw, 720px\" \/><\/figure><\/div>    <div class=\"wp-block-media-text alignwide is-stacked-on-mobile\"><figure class=\"wp-block-media-text__media\"><img loading=\"lazy\" decoding=\"async\" width=\"720\" height=\"540\" src=\"https:\/\/corn-machines.com\/wp-content\/uploads\/2022\/09\/corn-grinder-Inlet.webp\" alt=\"entr\u00e9e du broyeur \u00e0 ma\u00efs\" class=\"wp-image-406 size-full\" srcset=\"https:\/\/corn-machines.com\/wp-content\/uploads\/2022\/09\/corn-grinder-Inlet.webp 720w, https:\/\/corn-machines.com\/wp-content\/uploads\/2022\/09\/corn-grinder-Inlet-300x225.webp 300w\" sizes=\"auto, (max-width: 720px) 100vw, 720px\" \/><\/figure><div class=\"wp-block-media-text__content\"> <h3 class=\"wp-block-heading\">Augmenter l'entr\u00e9e<\/h3>    <p>Solide et durable, facile \u00e0 nourrir.<\/p> <\/div><\/div>    <div class=\"wp-block-media-text alignwide has-media-on-the-right is-stacked-on-mobile\"><div class=\"wp-block-media-text__content\"> <h3 class=\"wp-block-heading\">Soudage de pr\u00e9cision<\/h3>    <p>L'usine dispose de 20 ans de technologie de soudage professionnelle, d'une finition soign\u00e9e et d'aucune fuite.<\/p> <\/div><figure class=\"wp-block-media-text__media\"><img loading=\"lazy\" decoding=\"async\" width=\"720\" height=\"540\" src=\"https:\/\/corn-machines.com\/wp-content\/uploads\/2022\/09\/9FQ-hammer-mill-machine-1.webp\" alt=\"broyeur de ma\u00efs \u00e0 vendre\" class=\"wp-image-407 size-full\" srcset=\"https:\/\/corn-machines.com\/wp-content\/uploads\/2022\/09\/9FQ-hammer-mill-machine-1.webp 720w, https:\/\/corn-machines.com\/wp-content\/uploads\/2022\/09\/9FQ-hammer-mill-machine-1-300x225.webp 300w\" sizes=\"auto, (max-width: 720px) 100vw, 720px\" \/><\/figure><\/div>    <h2 class=\"wp-block-heading\">Vid\u00e9o de travail de la machine \u00e0 broyeur \u00e0 marteaux<\/h2>    <figure class=\"wp-block-embed is-type-video is-provider-youtube wp-block-embed-youtube wp-embed-aspect-16-9 wp-has-aspect-ratio\"><div class=\"wp-block-embed__wrapper\"> <iframe loading=\"lazy\" title=\"Qu&#039;est-ce qu&#039;un broyeur de ma\u00efs ? | machine de moulin \u00e0 grains de ma\u00efs | machine de fabrication de farine de ma\u00efs | mouture du ma\u00efs\" width=\"500\" height=\"281\" src=\"https:\/\/www.youtube.com\/embed\/gNReEaxFyno?feature=oembed\" frameborder=\"0\" allow=\"accelerometer; autoplay; clipboard-write; encrypted-media; gyroscope; picture-in-picture; web-share\" referrerpolicy=\"strict-origin-when-cross-origin\" allowfullscreen><\/iframe> <\/div><figcaption class=\"wp-element-caption\">processus de travail de la machine \u00e0 broyeur \u00e0 marteaux<\/figcaption><\/figure>    <h2 class=\"wp-block-heading\">Param\u00e8tres de la machine \u00e0 broyer le ma\u00efs<\/h2>    <figure class=\"wp-block-table\"><table><tbody><tr><td>Mod\u00e8le<\/td><td>Puissance\u00a0(kW)<\/td><td>Puissance (HP)<\/td><td>Poids (kg)<\/td><td>Capacit\u00e9 (kg\/h)<\/td><td>Marteau<\/td><td>Dia\u00a0du\u00a0tamis<\/td><td>Taille du paquet (mm)<\/td><td>&nbsp;Taille d'installation (mm) avec cyclone et moteur&nbsp;<\/td><\/tr><tr><\/tr><tr><td>9FQ-320<\/td><td>2.2<\/td><td>5<\/td><td>50<\/td><td>100<\/td><td>16 pi\u00e8ces<\/td><td>0,5-5 mm<\/td><td>500*300*600<\/td><td>500*300*600<\/td><\/tr><tr><td>9FQ-360<\/td><td>5.5<\/td><td>8<\/td><td>120<\/td><td>150<\/td><td>24 pi\u00e8ces<\/td><td>0,5-5 mm<\/td><td>1100*600*1200<\/td><td>1500*1000*1900<\/td><\/tr><tr><td>9FQ-420<\/td><td>11<\/td><td>15<\/td><td>200<\/td><td>300<\/td><td>24 pi\u00e8ces<\/td><td>1,2-3 mm<\/td><td>1200*800*1900<\/td><td>1500*1000*1900<\/td><\/tr><tr><td>9FQ-500<\/td><td>11<\/td><td>20<\/td><td>300<\/td><td>500<\/td><td>24 pi\u00e8ces<\/td><td>1,2-3 mm<\/td><td>1200*800*1300<\/td><td>1500*1000*1900<\/td><\/tr><tr><td>9FQ-600<\/td><td>18.5-22<\/td><td>30<\/td><td>500<\/td><td>1000<\/td><td>32 pi\u00e8ces<\/td><td>1,2-3 mm<\/td><td>1500*900*1500<\/td><td>2000*1100*2300<\/td><\/tr><tr><td>9FQ-750<\/td><td>22-30<\/td><td>35<\/td><td>850<\/td><td>1500<\/td><td>32 pi\u00e8ces<\/td><td>1,2-3 mm<\/td><td>1500*1000*1600<\/td><td>2000*1200*2300<\/td><\/tr><tr><td>9FQ-800<\/td><td>37<\/td><td>45<\/td><td>1000<\/td><td>2000<\/td><td>40 pi\u00e8ces<\/td><td>1,2-5 mm<\/td><td>1500*1200*1600<\/td><td>2000*1300*2300<\/td><\/tr><tr><td>9FQ-1000<\/td><td>45-55<\/td><td>75<\/td><td>1200<\/td><td>3000<\/td><td>64 pi\u00e8ces<\/td><td>1,2-5 mm<\/td><td>1500*1300*1800<\/td><td>2000*1400*2300<\/td><\/tr><\/tbody><\/table><figcaption class=\"wp-element-caption\">param\u00e8tres de la machine de broyeur \u00e0 marteaux<\/figcaption><\/figure>    <h2 class=\"wp-block-heading\">Avantages de la machine de broyeur \u00e0 marteaux 9FQ<\/h2>    <div class=\"wp-block-media-text is-stacked-on-mobile\"><figure class=\"wp-block-media-text__media\"><img loading=\"lazy\" decoding=\"async\" width=\"720\" height=\"540\" src=\"https:\/\/corn-machines.com\/wp-content\/uploads\/2024\/04\/Corn-Grinder-Machine.webp\" alt=\"Machine de broyeur de ma\u00efs\" class=\"wp-image-574 size-full\" srcset=\"https:\/\/corn-machines.com\/wp-content\/uploads\/2024\/04\/Corn-Grinder-Machine.webp 720w, https:\/\/corn-machines.com\/wp-content\/uploads\/2024\/04\/Corn-Grinder-Machine-300x225.webp 300w, https:\/\/corn-machines.com\/wp-content\/uploads\/2024\/04\/Corn-Grinder-Machine-16x12.webp 16w\" sizes=\"auto, (max-width: 720px) 100vw, 720px\" \/><\/figure><div class=\"wp-block-media-text__content\"> <p class=\"translation-block\"><strong>Efficacit\u00e9 \u00e9nerg\u00e9tique<\/strong> :<\/p>    <ul class=\"wp-block-list\"> <li>Consomme moins d'\u00e9nergie que les broyeurs \u00e0 disques, car le moteur \u00e9lectrique entra\u00eene uniquement les marteaux au lieu d'un disque abrasif.<\/li> <\/ul>    <p class=\"translation-block\"><strong>L\u00e9ger et efficace<\/strong> :<\/p>    <ul class=\"wp-block-list\"> <li>Con\u00e7u pour une efficacit\u00e9 de travail \u00e9lev\u00e9e tout en conservant une structure compacte et l\u00e9g\u00e8re.<\/li> <\/ul> <\/div><\/div>    <div class=\"wp-block-media-text has-media-on-the-right is-stacked-on-mobile\"><div class=\"wp-block-media-text__content\"> <p class=\"translation-block\"><strong>Polyvalence des mati\u00e8res premi\u00e8res<\/strong> :<\/p>    <ul class=\"wp-block-list\"> <li>\u00c9pis et grains de ma\u00efs.<\/li>    <li>Pommes de terre en tranches ou fruits \u00e0 pain d'Afrique.<\/li> <\/ul>    <p class=\"translation-block\"><strong>Remplacement facile du tamis<\/strong> :<\/p>    <ul class=\"wp-block-list\"> <li>Vid\u00e9o p\u00e9dagogique compl\u00e8te et plusieurs tailles de tamis fournies pour r\u00e9pondre aux exigences des clients.<\/li>    <li>Comprend des tamis facilement rempla\u00e7ables pour contr\u00f4ler la taille de sortie.<\/li> <\/ul> <\/div><figure class=\"wp-block-media-text__media\"><img loading=\"lazy\" decoding=\"async\" width=\"720\" height=\"540\" src=\"https:\/\/corn-machines.com\/wp-content\/uploads\/2024\/04\/hammer-mill-crusher.webp\" alt=\"broyeur \u00e0 marteaux\" class=\"wp-image-576 size-full\" srcset=\"https:\/\/corn-machines.com\/wp-content\/uploads\/2024\/04\/hammer-mill-crusher.webp 720w, https:\/\/corn-machines.com\/wp-content\/uploads\/2024\/04\/hammer-mill-crusher-300x225.webp 300w, https:\/\/corn-machines.com\/wp-content\/uploads\/2024\/04\/hammer-mill-crusher-16x12.webp 16w\" sizes=\"auto, (max-width: 720px) 100vw, 720px\" \/><\/figure><\/div>    <div class=\"wp-block-media-text is-stacked-on-mobile\"><figure class=\"wp-block-media-text__media\"><img loading=\"lazy\" decoding=\"async\" width=\"720\" height=\"540\" src=\"https:\/\/corn-machines.com\/wp-content\/uploads\/2022\/09\/9FQ-hammer-mill-machine-advandage.webp\" alt=\"Avantages de la machine de broyeur \u00e0 marteaux 9FQ\" class=\"wp-image-404 size-full\" srcset=\"https:\/\/corn-machines.com\/wp-content\/uploads\/2022\/09\/9FQ-hammer-mill-machine-advandage.webp 720w, https:\/\/corn-machines.com\/wp-content\/uploads\/2022\/09\/9FQ-hammer-mill-machine-advandage-300x225.webp 300w\" sizes=\"auto, (max-width: 720px) 100vw, 720px\" \/><\/figure><div class=\"wp-block-media-text__content\"> <p class=\"translation-block\"><strong>Mobilit\u00e9 et flexibilit\u00e9<\/strong> :<\/p>    <ul class=\"wp-block-list\"> <li>Peut \u00eatre d\u00e9plac\u00e9, d\u00e9barqu\u00e9 ou fix\u00e9 selon les exigences op\u00e9rationnelles.<\/li> <\/ul>    <p class=\"translation-block\"><strong>Utilisation conviviale<\/strong> :<\/p>    <ul class=\"wp-block-list\"> <li>Simple \u00e0 utiliser, permettant \u00e0 une seule personne de g\u00e9rer efficacement les t\u00e2ches de broyage des grains.<\/li> <\/ul>    <p class=\"translation-block\"><strong>Fonctionnalit\u00e9s de s\u00e9curit\u00e9 am\u00e9lior\u00e9es<\/strong> :<\/p>    <ul class=\"wp-block-list\"> <li>\u00c9quip\u00e9 d'un capot de s\u00e9curit\u00e9 pour un fonctionnement s\u00e9curis\u00e9, garantissant une production s\u00fbre et confiante.<\/li> <\/ul> <\/div><\/div>    <h2 class=\"wp-block-heading\">Prix \u200b\u200bde la machine \u00e0 broyer le ma\u00efs<\/h2>    <p>Le prix d\u2019une rectifieuse de ma\u00efs refl\u00e8te sa nature personnalisable et son adaptabilit\u00e9 aux divers besoins op\u00e9rationnels. Des facteurs tels que la capacit\u00e9 de la machine, le type de moteur (diesel ou \u00e9lectrique), les fonctionnalit\u00e9s suppl\u00e9mentaires et la taille des tamis contribuent \u00e0 sa fourchette de prix.<\/p>    <p>Dans notre entreprise, nous comprenons l\u2019importance des solutions sur mesure et encourageons les clients \u00e0 nous contacter pour conna\u00eetre les d\u00e9tails des tarifs. En partageant vos besoins sp\u00e9cifiques, nous pouvons vous fournir des recommandations personnalis\u00e9es et vous assurer de trouver une machine qui r\u00e9pond efficacement \u00e0 vos besoins. N'h\u00e9sitez pas \u00e0 nous contacter pour un devis personnalis\u00e9 et des conseils d'experts !<\/p>    <figure class=\"wp-block-image size-full\"><img loading=\"lazy\" decoding=\"async\" width=\"720\" height=\"540\" src=\"https:\/\/corn-machines.com\/wp-content\/uploads\/2022\/09\/Corn-hammer-mill-machine.webp\" alt=\"Machine de broyeur \u00e0 marteaux de ma\u00efs\" class=\"wp-image-397\" srcset=\"https:\/\/corn-machines.com\/wp-content\/uploads\/2022\/09\/Corn-hammer-mill-machine.webp 720w, https:\/\/corn-machines.com\/wp-content\/uploads\/2022\/09\/Corn-hammer-mill-machine-300x225.webp 300w\" sizes=\"auto, (max-width: 720px) 100vw, 720px\" \/><figcaption class=\"wp-element-caption\">Machine de broyeur \u00e0 marteaux de ma\u00efs<\/figcaption><\/figure>    <h2 class=\"wp-block-heading\">Conclusion<\/h2>    <p>Engag\u00e9 \u00e0 fournir une qualit\u00e9 de premier ordre, notre broyeur de ma\u00efs t\u00e9moigne de son efficacit\u00e9, de sa commodit\u00e9 et de sa faible consommation d'\u00e9nergie. <\/p>    <p>Nous sommes tr\u00e8s fiers d\u2019accueillir les demandes de renseignements et les achats de clients de divers secteurs. Cet \u00e9quipement performant et convivial est un outil indispensable dans votre flux de transformation du ma\u00efs.<\/p>    <p class=\"translation-block\">Dans le cadre de notre gamme de produits, nous proposons \u00e9galement d'autres machines \u00e0 ma\u00efs telles que <a href=\"https:\/\/corn-machines.com\/fr\/product\/corn-grits-machine\/\" data-type=\"link\" data-id=\"https:\/\/corn-machines.com\/product\/corn-grits-machine\/\">machine \u00e0 fabriquer des semoules de ma\u00efs<\/a> et <a href=\"https:\/\/corn-machines.com\/fr\/product\/corn-grain-mill-machine\/\" data-type=\"link\" data-id=\"https:\/\/corn-machines.com\/product\/corn-grain-mill-machine\/\">machine \u00e0 moudre la farine de ma\u00efs<\/a>. N'h\u00e9sitez pas \u00e0 consulter notre \u00e9quipe professionnelle \u00e0 tout moment pour obtenir des informations d\u00e9taill\u00e9es sur nos produits.<\/p>    <figure class=\"wp-block-gallery has-nested-images columns-default is-cropped wp-block-gallery-2 is-layout-flex wp-block-gallery-is-layout-flex\"> <figure class=\"wp-block-image size-large\"><img loading=\"lazy\" decoding=\"async\" width=\"720\" height=\"540\" data-id=\"403\" src=\"https:\/\/corn-machines.com\/wp-content\/uploads\/2022\/09\/9FQ-hammer-mill-machine-size-1.webp\" alt=\"Taille de la machine du broyeur \u00e0 marteaux 9FQ\" class=\"wp-image-403\" srcset=\"https:\/\/corn-machines.com\/wp-content\/uploads\/2022\/09\/9FQ-hammer-mill-machine-size-1.webp 720w, https:\/\/corn-machines.com\/wp-content\/uploads\/2022\/09\/9FQ-hammer-mill-machine-size-1-300x225.webp 300w\" sizes=\"auto, (max-width: 720px) 100vw, 720px\" \/><figcaption class=\"wp-element-caption\">diff\u00e9rents types de broyeur \u00e0 marteaux 9FQ<\/figcaption><\/figure>    <figure class=\"wp-block-image size-large\"><img loading=\"lazy\" decoding=\"async\" width=\"720\" height=\"540\" data-id=\"402\" src=\"https:\/\/corn-machines.com\/wp-content\/uploads\/2022\/09\/9FQ-hammer-mill-machine-size.webp\" alt=\"Taille de la machine du broyeur \u00e0 marteaux 9FQ\" class=\"wp-image-402\" srcset=\"https:\/\/corn-machines.com\/wp-content\/uploads\/2022\/09\/9FQ-hammer-mill-machine-size.webp 720w, https:\/\/corn-machines.com\/wp-content\/uploads\/2022\/09\/9FQ-hammer-mill-machine-size-300x225.webp 300w\" sizes=\"auto, (max-width: 720px) 100vw, 720px\" \/><figcaption class=\"wp-element-caption\">Machine de broyeur \u00e0 marteaux 9FQ \u00e0 haute efficacit\u00e9<\/figcaption><\/figure> <\/figure>","protected":false},"excerpt":{"rendered":"<p>La s\u00e9rie de broyeurs \u00e0 marteaux 9FQ offre une solution efficace et adaptable pour le traitement des grains, pouvant accueillir des capacit\u00e9s allant de 100 \u00e0 3 000 kg\/h pour s'adapter \u00e0 une grande vari\u00e9t\u00e9 d'applications.<\/p>","protected":false},"author":1,"featured_media":396,"parent":0,"template":"","tags":[23,38],"product-type":[5],"class_list":["post-395","product","type-product","status-publish","has-post-thumbnail","hentry","tag-corn-grain-mill-machine","tag-corn-grinder","product-type-maize-grits-milling-machine"],"_links":{"self":[{"href":"https:\/\/corn-machines.com\/fr\/wp-json\/wp\/v2\/product\/395","targetHints":{"allow":["GET"]}}],"collection":[{"href":"https:\/\/corn-machines.com\/fr\/wp-json\/wp\/v2\/product"}],"about":[{"href":"https:\/\/corn-machines.com\/fr\/wp-json\/wp\/v2\/types\/product"}],"author":[{"embeddable":true,"href":"https:\/\/corn-machines.com\/fr\/wp-json\/wp\/v2\/users\/1"}],"wp:featuredmedia":[{"embeddable":true,"href":"https:\/\/corn-machines.com\/fr\/wp-json\/wp\/v2\/media\/396"}],"wp:attachment":[{"href":"https:\/\/corn-machines.com\/fr\/wp-json\/wp\/v2\/media?parent=395"}],"wp:term":[{"taxonomy":"post_tag","embeddable":true,"href":"https:\/\/corn-machines.com\/fr\/wp-json\/wp\/v2\/tags?post=395"},{"taxonomy":"product-type","embeddable":true,"href":"https:\/\/corn-machines.com\/fr\/wp-json\/wp\/v2\/product-type?post=395"}],"curies":[{"name":"wp","href":"https:\/\/api.w.org\/{rel}","templated":true}]}}