{"id":290,"date":"2022-09-14T03:32:11","date_gmt":"2022-09-14T03:32:11","guid":{"rendered":"https:\/\/corn-machines.com\/?post_type=product&#038;p=290"},"modified":"2022-10-31T09:29:52","modified_gmt":"2022-10-31T01:29:52","slug":"grain-dryer","status":"publish","type":"product","link":"https:\/\/corn-machines.com\/fr\/product\/grain-dryer\/","title":{"rendered":"S\u00e9choir \u00e0 grains | machine de s\u00e9chage de ma\u00efs"},"content":{"rendered":"<p>Un s\u00e9choir \u00e0 grains est une machine permettant de s\u00e9cher les grains et les graines \u00e0 basse temp\u00e9rature. Il existe une grande vari\u00e9t\u00e9 de c\u00e9r\u00e9ales qui peuvent \u00eatre s\u00e9ch\u00e9es et des produits tels que le bl\u00e9, le soja, le ma\u00efs et les graines de tournesol peuvent \u00eatre transform\u00e9s. Convient pour une utilisation dans les usines de transformation des aliments, les usines de transformation des aliments pour animaux, les fermes, les stations c\u00e9r\u00e9ali\u00e8res et d'autres groupes. Le s\u00e9chage \u00e0 basse temp\u00e9rature est tr\u00e8s appropri\u00e9 pour le traitement des graines de ma\u00efs. La m\u00e9thode de s\u00e9chage \u00e0 basse temp\u00e9rature n'affectera pas le taux de germination du ma\u00efs et il faudra peut-\u00eatre placer les graines de ma\u00efs pour mouler le ma\u00efs.<\/p>    <figure class=\"wp-block-image size-full\"><img loading=\"lazy\" decoding=\"async\" width=\"720\" height=\"540\" src=\"https:\/\/corn-machines.com\/wp-content\/uploads\/2022\/09\/corn-dryer.webp\" alt=\"s\u00e9choir \u00e0 ma\u00efs\" class=\"wp-image-312\" srcset=\"https:\/\/corn-machines.com\/wp-content\/uploads\/2022\/09\/corn-dryer.webp 720w, https:\/\/corn-machines.com\/wp-content\/uploads\/2022\/09\/corn-dryer-300x225.webp 300w\" sizes=\"auto, (max-width: 720px) 100vw, 720px\" \/><figcaption>s\u00e9choir \u00e0 ma\u00efs<\/figcaption><\/figure>    <h2 class=\"wp-block-heading\" id=\"h-grain-drying-machine-raw-material\">Mati\u00e8re premi\u00e8re de la machine de s\u00e9chage des grains<\/h2>    <figure class=\"wp-block-image size-full\"><img loading=\"lazy\" decoding=\"async\" width=\"720\" height=\"540\" src=\"https:\/\/corn-machines.com\/wp-content\/uploads\/2022\/09\/raw-material-of-corn-dryer.webp\" alt=\"mati\u00e8re premi\u00e8re du s\u00e9choir \u00e0 ma\u00efs\" class=\"wp-image-311\" srcset=\"https:\/\/corn-machines.com\/wp-content\/uploads\/2022\/09\/raw-material-of-corn-dryer.webp 720w, https:\/\/corn-machines.com\/wp-content\/uploads\/2022\/09\/raw-material-of-corn-dryer-300x225.webp 300w\" sizes=\"auto, (max-width: 720px) 100vw, 720px\" \/><figcaption>la mati\u00e8re premi\u00e8re du s\u00e9choir \u00e0 ma\u00efs<\/figcaption><\/figure>    <p class=\"translation-block\">Le s\u00e8che-grain peut s\u00e9cher des cultures de grains telles que le riz, le ma\u00efs, le bl\u00e9, <a href=\"https:\/\/en.wikipedia.org\/wiki\/Sorghum\" data-type=\"URL\" data-id=\"https:\/\/en.wikipedia.org\/wiki\/Sorghum\" target=\"_blank\" rel=\"noopener\">le sorgho<\/a>, le soja, les graines, les graines de tournesol, etc. Il adopte une m\u00e9thode de circulation \u00e0 basse temp\u00e9rature pour garantir un taux de germination \u00e9lev\u00e9 des grains sans endommager la surface des graines.<\/p>    <h2 class=\"wp-block-heading\" id=\"h-which-drying-heat-source-does-the-grain-dryer-use\">Quelle source de chaleur de s\u00e9chage le s\u00e9choir \u00e0 grains utilise-t-il ?<\/h2>    <figure class=\"wp-block-gallery has-nested-images columns-default is-cropped wp-block-gallery-2 is-layout-flex wp-block-gallery-is-layout-flex\"> <figure class=\"wp-block-image size-large\"><img loading=\"lazy\" decoding=\"async\" width=\"720\" height=\"540\" data-id=\"308\" src=\"https:\/\/corn-machines.com\/wp-content\/uploads\/2022\/09\/corn-drying-machine-1.webp\" alt=\"machine de s\u00e9chage de ma\u00efs\" class=\"wp-image-308\" srcset=\"https:\/\/corn-machines.com\/wp-content\/uploads\/2022\/09\/corn-drying-machine-1.webp 720w, https:\/\/corn-machines.com\/wp-content\/uploads\/2022\/09\/corn-drying-machine-1-300x225.webp 300w\" sizes=\"auto, (max-width: 720px) 100vw, 720px\" \/><figcaption>machine de s\u00e9chage de ma\u00efs<\/figcaption><\/figure>    <figure class=\"wp-block-image size-large\"><img loading=\"lazy\" decoding=\"async\" width=\"720\" height=\"540\" data-id=\"309\" src=\"https:\/\/corn-machines.com\/wp-content\/uploads\/2022\/09\/hopper.webp\" alt=\"tr\u00e9mie\" class=\"wp-image-309\" srcset=\"https:\/\/corn-machines.com\/wp-content\/uploads\/2022\/09\/hopper.webp 720w, https:\/\/corn-machines.com\/wp-content\/uploads\/2022\/09\/hopper-300x225.webp 300w\" sizes=\"auto, (max-width: 720px) 100vw, 720px\" \/><figcaption>tr\u00e9mie<\/figcaption><\/figure>    <figure class=\"wp-block-image size-large\"><img loading=\"lazy\" decoding=\"async\" width=\"720\" height=\"540\" data-id=\"310\" src=\"https:\/\/corn-machines.com\/wp-content\/uploads\/2022\/09\/corn-drying-machine-2.webp\" alt=\"machine de s\u00e9chage de ma\u00efs\" class=\"wp-image-310\" srcset=\"https:\/\/corn-machines.com\/wp-content\/uploads\/2022\/09\/corn-drying-machine-2.webp 720w, https:\/\/corn-machines.com\/wp-content\/uploads\/2022\/09\/corn-drying-machine-2-300x225.webp 300w\" sizes=\"auto, (max-width: 720px) 100vw, 720px\" \/><figcaption>machine de s\u00e9chage de ma\u00efs<\/figcaption><\/figure> <\/figure>    <p>La machine de s\u00e9chage de grains peut utiliser diverses m\u00e9thodes de chauffage telles que les granul\u00e9s de biomasse, le fioul de biomasse, le gaz naturel, le gaz liqu\u00e9fi\u00e9 et le charbon, et le s\u00e9choir \u00e0 grains a de bonnes performances d'\u00e9tanch\u00e9it\u00e9 et ne polluera pas les grains s\u00e9ch\u00e9s.<\/p>    <h2 class=\"wp-block-heading\" id=\"h-why-choose-a-grain-dryer\">Pourquoi choisir un s\u00e9choir \u00e0 grains ?<\/h2>    <figure class=\"wp-block-image size-full\"><img loading=\"lazy\" decoding=\"async\" width=\"720\" height=\"540\" src=\"https:\/\/corn-machines.com\/wp-content\/uploads\/2022\/09\/grain-drying-machine-working.webp\" alt=\"Machine \u00e0 s\u00e9cher les grains en fonctionnement\" class=\"wp-image-307\" srcset=\"https:\/\/corn-machines.com\/wp-content\/uploads\/2022\/09\/grain-drying-machine-working.webp 720w, https:\/\/corn-machines.com\/wp-content\/uploads\/2022\/09\/grain-drying-machine-working-300x225.webp 300w\" sizes=\"auto, (max-width: 720px) 100vw, 720px\" \/><figcaption>Machine \u00e0 s\u00e9cher les grains en fonctionnement<\/figcaption><\/figure>    <p class=\"translation-block\">Dans le processus de transformation alimentaire ou de production de semences, de grandes quantit\u00e9s de grains doivent \u00eatre rapidement s\u00e9ch\u00e9es. C'est le meilleur choix d'utiliser un s\u00e8che-grain. Ce s\u00e8che-ma\u00efs utilise le principe de basse temp\u00e9rature et de fort volume d'air pour s\u00e9cher les grains. Ce design permet non seulement d'\u00e9conomiser de l'\u00e9nergie, mais garantit \u00e9galement que le grain ne perde pas d'humidit\u00e9 pendant le processus de s\u00e9chage. Il conserve l'apparence brillante et lustr\u00e9e, et les nutriments ne sont pas perdus. De plus, <a href=\"https:\/\/corn-machines.com\/fr\/Info\/prevent-corn-from-getting-moldy\/\" data-type=\"URL\" data-id=\"https:\/\/corn-machines.com\/Info\/prevent-corn-from-getting-moldy\/\">apr\u00e8s le s\u00e9chage du ma\u00efs, cela peut emp\u00eacher le ma\u00efs de moisir.<\/a><\/p>    <h2 class=\"wp-block-heading\" id=\"h-grain-dryer-parameters\">Param\u00e8tres du s\u00e9choir \u00e0 grains<\/h2>    <figure class=\"wp-block-image size-full\"><img loading=\"lazy\" decoding=\"async\" width=\"720\" height=\"540\" src=\"https:\/\/corn-machines.com\/wp-content\/uploads\/2022\/09\/grain-drying-machine.webp\" alt=\"machine de s\u00e9chage de grain exp\u00e9di\u00e9e\" class=\"wp-image-306\" srcset=\"https:\/\/corn-machines.com\/wp-content\/uploads\/2022\/09\/grain-drying-machine.webp 720w, https:\/\/corn-machines.com\/wp-content\/uploads\/2022\/09\/grain-drying-machine-300x225.webp 300w\" sizes=\"auto, (max-width: 720px) 100vw, 720px\" \/><figcaption>machine de s\u00e9chage de grain exp\u00e9di\u00e9e<\/figcaption><\/figure>    <figure class=\"wp-block-table\"><table><tbody><tr><td>Mod\u00e8le<\/td><td>5H-15<\/td><\/tr><tr><td>Poids total<\/td><td>3200 kg<\/td><\/tr><tr><td>Pouvoir<\/td><td>6,5 kW (82\/3 CV)<\/td><\/tr><tr><td>Temps d'alimentation<\/td><td>Environ 63 minutes<\/td><\/tr><tr><td>Temps de d\u00e9charge<\/td><td>Environ 69 minutes<\/td><\/tr><tr><td>Capacit\u00e9 de s\u00e9chage<\/td><td>15-20t\u00b7%\/h<\/td><\/tr><tr><td>Mod\u00e8le<\/td><td>5H-32<\/td><\/tr><tr><td>Poids total<\/td><td>7500kg<\/td><\/tr><tr><td>Pouvoir<\/td><td>12,65 kW<\/td><\/tr><tr><td>Temps d'alimentation<\/td><td>Environ 58 minutes<\/td><\/tr><tr><td>Temps de d\u00e9charge<\/td><td>Environ 64 minutes<\/td><\/tr><tr><td>Capacit\u00e9 de s\u00e9chage<\/td><td>25-35t\u00b7%\/h<\/td><\/tr><\/tbody><\/table><\/figure>    <h2 class=\"wp-block-heading\" id=\"h-advantages-of-corn-drye\">Avantages du s\u00e9choir \u00e0 ma\u00efs<\/h2>    <figure class=\"wp-block-gallery has-nested-images columns-default is-cropped wp-block-gallery-3 is-layout-flex wp-block-gallery-is-layout-flex\"> <figure class=\"wp-block-image size-large\"><img loading=\"lazy\" decoding=\"async\" width=\"720\" height=\"540\" data-id=\"300\" src=\"https:\/\/corn-machines.com\/wp-content\/uploads\/2022\/09\/grain-drying-machine-shipped.webp\" alt=\"machine de s\u00e9chage de grain exp\u00e9di\u00e9e\" class=\"wp-image-300\" srcset=\"https:\/\/corn-machines.com\/wp-content\/uploads\/2022\/09\/grain-drying-machine-shipped.webp 720w, https:\/\/corn-machines.com\/wp-content\/uploads\/2022\/09\/grain-drying-machine-shipped-300x225.webp 300w\" sizes=\"auto, (max-width: 720px) 100vw, 720px\" \/><figcaption>machine de s\u00e9chage de grain exp\u00e9di\u00e9e<\/figcaption><\/figure>    <figure class=\"wp-block-image size-large\"><img loading=\"lazy\" decoding=\"async\" width=\"720\" height=\"540\" data-id=\"305\" src=\"https:\/\/corn-machines.com\/wp-content\/uploads\/2022\/09\/grain-drying-machine-shipped-5.webp\" alt=\"machine de s\u00e9chage de grain exp\u00e9di\u00e9e\" class=\"wp-image-305\" srcset=\"https:\/\/corn-machines.com\/wp-content\/uploads\/2022\/09\/grain-drying-machine-shipped-5.webp 720w, https:\/\/corn-machines.com\/wp-content\/uploads\/2022\/09\/grain-drying-machine-shipped-5-300x225.webp 300w\" sizes=\"auto, (max-width: 720px) 100vw, 720px\" \/><figcaption>machine de s\u00e9chage de grain exp\u00e9di\u00e9e<\/figcaption><\/figure>    <figure class=\"wp-block-image size-large\"><img loading=\"lazy\" decoding=\"async\" width=\"720\" height=\"540\" data-id=\"301\" src=\"https:\/\/corn-machines.com\/wp-content\/uploads\/2022\/09\/grain-drying-machine-shipped-1.webp\" alt=\"machine de s\u00e9chage de grain exp\u00e9di\u00e9e\" class=\"wp-image-301\" srcset=\"https:\/\/corn-machines.com\/wp-content\/uploads\/2022\/09\/grain-drying-machine-shipped-1.webp 720w, https:\/\/corn-machines.com\/wp-content\/uploads\/2022\/09\/grain-drying-machine-shipped-1-300x225.webp 300w\" sizes=\"auto, (max-width: 720px) 100vw, 720px\" \/><figcaption>machine de s\u00e9chage de grain exp\u00e9di\u00e9e<\/figcaption><\/figure>    <figure class=\"wp-block-image size-large\"><img loading=\"lazy\" decoding=\"async\" width=\"720\" height=\"540\" data-id=\"302\" src=\"https:\/\/corn-machines.com\/wp-content\/uploads\/2022\/09\/grain-drying-machine-shipped-2.webp\" alt=\"machine de s\u00e9chage de grain exp\u00e9di\u00e9e\" class=\"wp-image-302\" srcset=\"https:\/\/corn-machines.com\/wp-content\/uploads\/2022\/09\/grain-drying-machine-shipped-2.webp 720w, https:\/\/corn-machines.com\/wp-content\/uploads\/2022\/09\/grain-drying-machine-shipped-2-300x225.webp 300w\" sizes=\"auto, (max-width: 720px) 100vw, 720px\" \/><figcaption>machine de s\u00e9chage de grain exp\u00e9di\u00e9e<\/figcaption><\/figure>    <figure class=\"wp-block-image size-large\"><img loading=\"lazy\" decoding=\"async\" width=\"720\" height=\"540\" data-id=\"303\" src=\"https:\/\/corn-machines.com\/wp-content\/uploads\/2022\/09\/grain-drying-machine-shipped-3.webp\" alt=\"machine de s\u00e9chage de grain exp\u00e9di\u00e9e\" class=\"wp-image-303\" srcset=\"https:\/\/corn-machines.com\/wp-content\/uploads\/2022\/09\/grain-drying-machine-shipped-3.webp 720w, https:\/\/corn-machines.com\/wp-content\/uploads\/2022\/09\/grain-drying-machine-shipped-3-300x225.webp 300w\" sizes=\"auto, (max-width: 720px) 100vw, 720px\" \/><figcaption>machine de s\u00e9chage de grain exp\u00e9di\u00e9e<\/figcaption><\/figure>    <figure class=\"wp-block-image size-large\"><img loading=\"lazy\" decoding=\"async\" width=\"720\" height=\"540\" data-id=\"304\" src=\"https:\/\/corn-machines.com\/wp-content\/uploads\/2022\/09\/grain-drying-machine-shipped-4.webp\" alt=\"machine de s\u00e9chage de grain exp\u00e9di\u00e9e\" class=\"wp-image-304\" srcset=\"https:\/\/corn-machines.com\/wp-content\/uploads\/2022\/09\/grain-drying-machine-shipped-4.webp 720w, https:\/\/corn-machines.com\/wp-content\/uploads\/2022\/09\/grain-drying-machine-shipped-4-300x225.webp 300w\" sizes=\"auto, (max-width: 720px) 100vw, 720px\" \/><figcaption>machine de s\u00e9chage de grain exp\u00e9di\u00e9e<\/figcaption><\/figure> <\/figure>    <p>1. Les grains uniform\u00e9ment chauff\u00e9s sont s\u00e9ch\u00e9s soigneusement et uniform\u00e9ment, et les grains s\u00e9ch\u00e9s peuvent \u00eatre stock\u00e9s directement.<\/p>    <p>2. \u00c9conomie de co\u00fbts La consommation thermique unitaire est faible, ce qui peut garantir la qualit\u00e9 du grain cuit sans pollution.<\/p>    <p>3. Large gamme d'applications. Convient \u00e0 tous les grains et grains, la temp\u00e9rature peut \u00eatre ajust\u00e9e en fonction du grain<\/p>    <p>4. Le syst\u00e8me de contr\u00f4le automatique adopte uniquement une technologie de s\u00e9chage pour ajuster automatiquement la temp\u00e9rature et le temps de s\u00e9chage des grains afin de r\u00e9pondre aux diff\u00e9rentes exigences de temp\u00e9rature des diff\u00e9rents grains.<\/p>    <p>5. Fonctionnement continu Le s\u00e9choir \u00e0 grains pr\u00e9sente un degr\u00e9 \u00e9lev\u00e9 d'automatisation et un rendement \u00e9lev\u00e9.<\/p>    <figure class=\"wp-block-image size-full\"><img loading=\"lazy\" decoding=\"async\" width=\"720\" height=\"540\" src=\"https:\/\/corn-machines.com\/wp-content\/uploads\/2022\/09\/grain-drying-equipment.webp\" alt=\"\u00e9quipement de s\u00e9chage de grains\" class=\"wp-image-313\" srcset=\"https:\/\/corn-machines.com\/wp-content\/uploads\/2022\/09\/grain-drying-equipment.webp 720w, https:\/\/corn-machines.com\/wp-content\/uploads\/2022\/09\/grain-drying-equipment-300x225.webp 300w\" sizes=\"auto, (max-width: 720px) 100vw, 720px\" \/><figcaption>\u00e9quipement de s\u00e9chage de grains<\/figcaption><\/figure>    <h2 class=\"wp-block-heading\">Vid\u00e9o de la machine \u00e0 s\u00e9cher les grains<\/h2>    <figure class=\"wp-block-embed is-type-video is-provider-youtube wp-block-embed-youtube wp-embed-aspect-16-9 wp-has-aspect-ratio\"><div class=\"wp-block-embed__wrapper\"> <iframe loading=\"lazy\" title=\"Mat\u00e9riel de s\u00e9chage des grains | s\u00e9choir \u00e0 tour \u00e0 grains | \u00e9quipement d&#039;\u00e9limination de l&#039;humidit\u00e9 du ma\u00efs, du riz, du bl\u00e9 et du soja\" width=\"500\" height=\"281\" src=\"https:\/\/www.youtube.com\/embed\/hwjuDu4h18w?feature=oembed\" frameborder=\"0\" allow=\"accelerometer; autoplay; clipboard-write; encrypted-media; gyroscope; picture-in-picture; web-share\" referrerpolicy=\"strict-origin-when-cross-origin\" allowfullscreen><\/iframe> <\/div><\/figure>","protected":false},"excerpt":{"rendered":"<p>A grain dryer is a machine for drying grains and seeds at low temperatures. There are a wide variety of grains that can be dried, and products such as wheat, soybeans, corn, and sunflower seeds can be processed. Suitable for use in food processing plants, feed processing plants, farms, grain stations, and other groups. Low-temperature [&hellip;]<\/p>\n","protected":false},"author":1,"featured_media":298,"parent":0,"template":"","tags":[36,35],"product-type":[6],"class_list":["post-290","product","type-product","status-publish","has-post-thumbnail","hentry","tag-corn-drying-machine","tag-corn-treshing-machine","product-type-grain-drying-machine"],"_links":{"self":[{"href":"https:\/\/corn-machines.com\/fr\/wp-json\/wp\/v2\/product\/290","targetHints":{"allow":["GET"]}}],"collection":[{"href":"https:\/\/corn-machines.com\/fr\/wp-json\/wp\/v2\/product"}],"about":[{"href":"https:\/\/corn-machines.com\/fr\/wp-json\/wp\/v2\/types\/product"}],"author":[{"embeddable":true,"href":"https:\/\/corn-machines.com\/fr\/wp-json\/wp\/v2\/users\/1"}],"wp:featuredmedia":[{"embeddable":true,"href":"https:\/\/corn-machines.com\/fr\/wp-json\/wp\/v2\/media\/298"}],"wp:attachment":[{"href":"https:\/\/corn-machines.com\/fr\/wp-json\/wp\/v2\/media?parent=290"}],"wp:term":[{"taxonomy":"post_tag","embeddable":true,"href":"https:\/\/corn-machines.com\/fr\/wp-json\/wp\/v2\/tags?post=290"},{"taxonomy":"product-type","embeddable":true,"href":"https:\/\/corn-machines.com\/fr\/wp-json\/wp\/v2\/product-type?post=290"}],"curies":[{"name":"wp","href":"https:\/\/api.w.org\/{rel}","templated":true}]}}