{"id":266,"date":"2022-09-13T09:31:15","date_gmt":"2022-09-13T09:31:15","guid":{"rendered":"https:\/\/corn-machines.com\/?post_type=product&#038;p=266"},"modified":"2024-11-28T18:01:38","modified_gmt":"2024-11-28T10:01:38","slug":"corn-grits-machine","status":"publish","type":"product","link":"https:\/\/corn-machines.com\/fr\/product\/corn-grits-machine\/","title":{"rendered":"Machine \u00e0 gruau de ma\u00efs | Broyeur de ma\u00efs"},"content":{"rendered":"<p>La machine \u00e0 gruau de ma\u00efs peut transformer les grains de ma\u00efs en gruau de ma\u00efs et en farine de ma\u00efs, composants essentiels de l'alimentation quotidienne en raison de leur facilit\u00e9 de consommation et de digestion. Il est \u00e9quip\u00e9 de deux moteurs pour le pelage et le pon\u00e7age simultan\u00e9s, am\u00e9liorant ainsi la productivit\u00e9. <\/p>    <p>Notamment, cette machine peut \u00e9galement traiter des c\u00e9r\u00e9ales comme le mil, le riz et le sorgho, ce qui en fait un choix tr\u00e8s pratique pour le traitement moderne des c\u00e9r\u00e9ales. Le rapport de produit fini r\u00e9glable ajoute encore \u00e0 sa flexibilit\u00e9, permettant une production personnalis\u00e9e. <\/p>    <p>Avec une capacit\u00e9 de 350 \u00e0 400 kg\/h, cette machine est id\u00e9ale pour les petits ateliers comme pour les op\u00e9rations de plus grande envergure. Contactez-nous pour plus de d\u00e9tails!<\/p>    <figure class=\"wp-block-embed is-type-video is-provider-youtube wp-block-embed-youtube wp-embed-aspect-16-9 wp-has-aspect-ratio\"><div class=\"wp-block-embed__wrapper\"> <iframe loading=\"lazy\" title=\"Comment le gruau de ma\u00efs est fabriqu\u00e9\u00a0: \u00e0 l&#039;int\u00e9rieur d&#039;une machine de fabrication de gruau de ma\u00efs\u00a0! #ma\u00efs #ma\u00efs #agriculture #agriculture\" width=\"500\" height=\"281\" src=\"https:\/\/www.youtube.com\/embed\/5sJZS_9UMKA?feature=oembed\" frameborder=\"0\" allow=\"accelerometer; autoplay; clipboard-write; encrypted-media; gyroscope; picture-in-picture; web-share\" referrerpolicy=\"strict-origin-when-cross-origin\" allowfullscreen><\/iframe> <\/div><figcaption class=\"wp-element-caption\">Vid\u00e9o de fonctionnement de la machine \u00e0 gruau de ma\u00efs<\/figcaption><\/figure>    <h2 class=\"wp-block-heading\" id=\"h-wide-application-of-corn-grinding-machine\">Large application de la rectifieuse de ma\u00efs<\/h2>    <div class=\"wp-block-media-text is-stacked-on-mobile\"><figure class=\"wp-block-media-text__media\"><img loading=\"lazy\" decoding=\"async\" width=\"720\" height=\"540\" src=\"https:\/\/corn-machines.com\/wp-content\/uploads\/2022\/09\/maize-grinding-machine.webp\" alt=\"rectifieuse de ma\u00efs\" class=\"wp-image-270 size-full\" srcset=\"https:\/\/corn-machines.com\/wp-content\/uploads\/2022\/09\/maize-grinding-machine.webp 720w, https:\/\/corn-machines.com\/wp-content\/uploads\/2022\/09\/maize-grinding-machine-300x225.webp 300w\" sizes=\"auto, (max-width: 720px) 100vw, 720px\" \/><\/figure><div class=\"wp-block-media-text__content\"> <ul class=\"wp-block-list\"> <li>Le gruau de ma\u00efs est fabriqu\u00e9 en traitant les grains de ma\u00efs dans une machine \u00e0 gruau de ma\u00efs, en les brisant en particules plus petites.<\/li>    <li>Le ma\u00efs transform\u00e9 peut \u00e9galement \u00eatre moulu en farine de ma\u00efs fine, selon l'application.<\/li>    <li>Le gruau de ma\u00efs est couramment utilis\u00e9 dans la production alimentaire en raison de sa polyvalence et de ses avantages nutritionnels.<\/li>    <li>De plus, le gruau de ma\u00efs trouve des applications dans les industries chimiques et pharmaceutiques, o\u00f9 il sert de mati\u00e8re premi\u00e8re pour divers processus.<\/li> <\/ul> <\/div><\/div>    <h2 class=\"wp-block-heading\" id=\"h-preparing-the-corn-for-grinding\">Pr\u00e9paration du ma\u00efs pour le broyage<\/h2>    <p>Le d\u00e9corticage humide est une m\u00e9thode efficace pour \u00e9plucher le ma\u00efs, et il est essentiel de maintenir le niveau d\u2019humidit\u00e9 du ma\u00efs en dessous de 15%. Voici comment obtenir les meilleurs r\u00e9sultats.<\/p>    <div class=\"wp-block-media-text has-media-on-the-right is-stacked-on-mobile\"><div class=\"wp-block-media-text__content\"> <ul class=\"wp-block-list\"> <li><strong>Ajustement de l'humidit\u00e9\u00a0:<\/strong>  <ul class=\"wp-block-list\"> <li>M\u00e9langez 6 \u00e0 8 parts d'eau avec 100 parts de ma\u00efs. Bien m\u00e9langer pour assurer une r\u00e9partition uniforme de l\u2019humidit\u00e9 et \u00e9liminer l\u2019exc\u00e8s d\u2019eau.<\/li> <\/ul> <\/li>    <li><strong>Fonctionnement des machines\u00a0:<\/strong> <ul class=\"wp-block-list\"> <li>Au printemps et en automne, faites fonctionner la machine pendant 5 \u00e0 6 minutes.<\/li>    <li>En hiver, augmentez la dur\u00e9e de fonctionnement \u00e0 10 \u00e0 12 minutes en raison de la temp\u00e9rature plus basse.<\/li> <\/ul> <\/li> <\/ul> <\/div><figure class=\"wp-block-media-text__media\"><img loading=\"lazy\" decoding=\"async\" width=\"720\" height=\"540\" src=\"https:\/\/corn-machines.com\/wp-content\/uploads\/2022\/09\/raw-material.webp\" alt=\"mati\u00e8re premi\u00e8re\" class=\"wp-image-271 size-full\" srcset=\"https:\/\/corn-machines.com\/wp-content\/uploads\/2022\/09\/raw-material.webp 720w, https:\/\/corn-machines.com\/wp-content\/uploads\/2022\/09\/raw-material-300x225.webp 300w\" sizes=\"auto, (max-width: 720px) 100vw, 720px\" \/><\/figure><\/div>    <div class=\"wp-block-media-text is-stacked-on-mobile\"><figure class=\"wp-block-media-text__media\"><img loading=\"lazy\" decoding=\"async\" width=\"720\" height=\"540\" src=\"https:\/\/corn-machines.com\/wp-content\/uploads\/2022\/09\/finished-product.webp\" alt=\"produit fini de la rectifieuse de ma\u00efs\" class=\"wp-image-272 size-full\" srcset=\"https:\/\/corn-machines.com\/wp-content\/uploads\/2022\/09\/finished-product.webp 720w, https:\/\/corn-machines.com\/wp-content\/uploads\/2022\/09\/finished-product-300x225.webp 300w\" sizes=\"auto, (max-width: 720px) 100vw, 720px\" \/><\/figure><div class=\"wp-block-media-text__content\"> <p class=\"translation-block\"><strong>Conseils pour un fonctionnement efficace :<\/strong><\/p>    <ul class=\"wp-block-list\"> <li>Retirez les couteaux de la machine et ajustez l\u2019\u00e9cart des rouleaux entre 3 et 5 mm pour des performances optimales.<\/li>    <li>Vous pouvez \u00e9galement utiliser un filet de s\u00e9chage pour \u00e9liminer l'exc\u00e8s d'humidit\u00e9 du ma\u00efs avant le traitement.<\/li> <\/ul>    <p class=\"translation-block\"><strong>Production de <a href=\"https:\/\/en.wikipedia.org\/wiki\/Grits\" data-type=\"link\" data-id=\"https:\/\/en.wikipedia.org\/wiki\/Grits\" target=\"_blank\" rel=\"noopener\">semoules de ma\u00efs<\/a><\/strong><br>Au cours du processus de production de semoules de ma\u00efs, la machine s\u00e9pare la sortie en trois types :<\/p>    <ul class=\"wp-block-list\"> <li>Farine de ma\u00efs<\/li>    <li>Gros grains<\/li>    <li>Grains moyens<\/li> <\/ul> <\/div><\/div>    <h2 class=\"wp-block-heading\" id=\"h-maize-grinding-machine-parameter\">Param\u00e8tre de la rectifieuse de ma\u00efs<\/h2>    <figure class=\"wp-block-table\"><table><tbody><tr><td>Mod\u00e8le<\/td><td>T1<\/td><\/tr><tr><td>\u00c9pluchage de ma\u00efs&nbsp;<\/td><td>350-450 kg\/heure<\/td><\/tr><tr><td>Faire du gruau de ma\u00efs&nbsp;<\/td><td>1000kg&nbsp;<\/td><\/tr><tr><td>Tension nominale&nbsp;<\/td><td>380v&nbsp;<\/td><\/tr><tr><td>Pouvoir&nbsp;<\/td><td>7,5 kW 4 p\u00f4les&nbsp;<\/td><\/tr><tr><td>Faire de la farine de ma\u00efs&nbsp;<\/td><td>350 kg&nbsp;<\/td><\/tr><tr><td>Vitesse de broche&nbsp;<\/td><td>1150 tr\/min<\/td><\/tr><\/tbody><\/table><figcaption class=\"wp-element-caption\">Param\u00e8tre de la machine \u00e0 gruau de ma\u00efs<\/figcaption><\/figure>    <figure class=\"wp-block-image size-full\"><img loading=\"lazy\" decoding=\"async\" width=\"720\" height=\"540\" src=\"https:\/\/corn-machines.com\/wp-content\/uploads\/2022\/09\/Maize-grinding-machine.webp\" alt=\"Broyeur de ma\u00efs\" class=\"wp-image-273\" srcset=\"https:\/\/corn-machines.com\/wp-content\/uploads\/2022\/09\/Maize-grinding-machine.webp 720w, https:\/\/corn-machines.com\/wp-content\/uploads\/2022\/09\/Maize-grinding-machine-300x225.webp 300w\" sizes=\"auto, (max-width: 720px) 100vw, 720px\" \/><figcaption class=\"wp-element-caption\">Broyeur de ma\u00efs \u00e0 bon prix<\/figcaption><\/figure>    <h2 class=\"wp-block-heading\" id=\"h-the-process-of-making-corn-grits\">Le processus de fabrication du gruau de ma\u00efs<\/h2>    <h3 class=\"wp-block-heading\" id=\"h-peeled-part\">1. Partie pel\u00e9e<\/h3>    <div class=\"wp-block-media-text is-stacked-on-mobile\"><figure class=\"wp-block-media-text__media\"><img loading=\"lazy\" decoding=\"async\" width=\"720\" height=\"540\" src=\"https:\/\/corn-machines.com\/wp-content\/uploads\/2022\/09\/maize-grinding-machine-1.webp\" alt=\"rectifieuse de ma\u00efs\" class=\"wp-image-275 size-full\" srcset=\"https:\/\/corn-machines.com\/wp-content\/uploads\/2022\/09\/maize-grinding-machine-1.webp 720w, https:\/\/corn-machines.com\/wp-content\/uploads\/2022\/09\/maize-grinding-machine-1-300x225.webp 300w\" sizes=\"auto, (max-width: 720px) 100vw, 720px\" \/><\/figure><div class=\"wp-block-media-text__content\"> <ul class=\"wp-block-list\"> <li><strong>Pelures de ma\u00efs et produit fini<\/strong>. Les enveloppes jouent un r\u00f4le crucial dans la d\u00e9termination de la qualit\u00e9 du gruau de ma\u00efs et font partie int\u00e9grante de la transformation globale du ma\u00efs.<\/li>    <li><strong>Avantages du peeling du ma\u00efs<\/strong>. Le pelage \u00e9limine les taches noires et le son du ma\u00efs, am\u00e9liorant ainsi la qualit\u00e9 du produit final.<\/li>    <li><strong>Surface propre et lisse<\/strong>. L'\u00e9limination des coques garantit que le gruau de ma\u00efs a une surface propre et lisse, am\u00e9liorant \u00e0 la fois l'apparence et la texture.<\/li> <\/ul> <\/div><\/div>    <h3 class=\"wp-block-heading\" id=\"h-broken-part\">2. Pi\u00e8ce cass\u00e9e<\/h3>    <div class=\"wp-block-media-text has-media-on-the-right is-stacked-on-mobile\"><div class=\"wp-block-media-text__content\"> <ul class=\"wp-block-list\"> <li><strong>Fonction de broyage du ma\u00efs<\/strong>. La partie de broyage du ma\u00efs est con\u00e7ue pour d\u00e9composer les grains de ma\u00efs en granules plus petits de diff\u00e9rentes tailles.<\/li>    <li><strong>Trois types de produits finis<\/strong>. La machine peut produire trois types diff\u00e9rents de produits finis\u00a0: des grains de ma\u00efs, du gruau de ma\u00efs et de la farine de ma\u00efs.<\/li>    <li><strong>Polyvalence dans le traitement<\/strong>. La possibilit\u00e9 de cr\u00e9er plusieurs produits \u00e0 partir d\u2019un seul processus augmente la polyvalence de la machine de transformation du ma\u00efs.<\/li> <\/ul> <\/div><figure class=\"wp-block-media-text__media\"><img loading=\"lazy\" decoding=\"async\" width=\"720\" height=\"540\" src=\"https:\/\/corn-machines.com\/wp-content\/uploads\/2022\/09\/maize-grinding-machine-2.webp\" alt=\"rectifieuse de ma\u00efs\" class=\"wp-image-276 size-full\" srcset=\"https:\/\/corn-machines.com\/wp-content\/uploads\/2022\/09\/maize-grinding-machine-2.webp 720w, https:\/\/corn-machines.com\/wp-content\/uploads\/2022\/09\/maize-grinding-machine-2-300x225.webp 300w\" sizes=\"auto, (max-width: 720px) 100vw, 720px\" \/><\/figure><\/div>    <h2 class=\"wp-block-heading\" id=\"h-polished-part\">Structure de la machine \u00e0 gruau de ma\u00efs<\/h2>    <div class=\"wp-block-media-text is-stacked-on-mobile\"><figure class=\"wp-block-media-text__media\"><img loading=\"lazy\" decoding=\"async\" width=\"720\" height=\"540\" src=\"https:\/\/corn-machines.com\/wp-content\/uploads\/2022\/09\/maize-grinding-machine-4.webp\" alt=\"rectifieuse de ma\u00efs\" class=\"wp-image-278 size-full\" srcset=\"https:\/\/corn-machines.com\/wp-content\/uploads\/2022\/09\/maize-grinding-machine-4.webp 720w, https:\/\/corn-machines.com\/wp-content\/uploads\/2022\/09\/maize-grinding-machine-4-300x225.webp 300w\" sizes=\"auto, (max-width: 720px) 100vw, 720px\" \/><\/figure><div class=\"wp-block-media-text__content\"> <p>La machine de fabrication de gruau de ma\u00efs dispose de trois ports de d\u00e9charge pour la boucle d'alimentation et d'un port de d\u00e9charge pour les balles de ma\u00efs.<\/p> <\/div><\/div>    <h2 class=\"wp-block-heading\" id=\"h-working-principle-of-corn-grits-machine\">Comment fonctionne la machine \u00e0 gruau de ma\u00efs ?<\/h2>    <p>La machine \u00e0 gruau de ma\u00efs est une machine de transformation primaire compl\u00e8te con\u00e7ue pour le ma\u00efs. Il combine plusieurs syst\u00e8mes pour transformer efficacement les grains de ma\u00efs en divers produits finis. Voici un aper\u00e7u de son fonctionnement\u00a0:<\/p>    <figure class=\"wp-block-image\"><img loading=\"lazy\" decoding=\"async\" width=\"720\" height=\"540\" src=\"https:\/\/corn-machines.com\/wp-content\/uploads\/2022\/09\/maize-grinding-machine-3.webp\" alt=\"rectifieuse de ma\u00efs\" class=\"wp-image-277\" srcset=\"https:\/\/corn-machines.com\/wp-content\/uploads\/2022\/09\/maize-grinding-machine-3.webp 720w, https:\/\/corn-machines.com\/wp-content\/uploads\/2022\/09\/maize-grinding-machine-3-300x225.webp 300w\" sizes=\"auto, (max-width: 720px) 100vw, 720px\" \/><\/figure>    <ul class=\"wp-block-list\"> <li><strong>Syst\u00e8me de pelage<\/strong>. Les grains de ma\u00efs entrent dans la tr\u00e9mie, o\u00f9 commence le processus de pelage. L'action rotative de l'arbre d'h\u00e9lice pousse le ma\u00efs \u00e0 travers la machine, permettant ainsi l'\u00e9limination des coques et autres mat\u00e9riaux ind\u00e9sirables.<\/li>    <li><strong>Syst\u00e8me de concassage<\/strong>. Au fur et \u00e0 mesure que le ma\u00efs traverse la chambre de pelage, le volume de la chambre de travail diminue. Cette densit\u00e9 accrue facilite le processus de concassage. Le tambour retourne et propulse continuellement les grains, les brisant en particules plus petites.<\/li>    <li><strong>Syst\u00e8me de notation<\/strong>. Apr\u00e8s le processus de broyage, le ma\u00efs est tri\u00e9 en diff\u00e9rentes tailles, ce qui donne lieu \u00e0 la production de gruau de ma\u00efs, de grains de ma\u00efs et de farine de ma\u00efs.<\/li>    <li><strong>Syst\u00e8me de d\u00e9poussi\u00e9rage<\/strong>. Le syst\u00e8me de d\u00e9poussi\u00e9rage garantit que l\u2019air \u00e0 l\u2019int\u00e9rieur de la machine reste propre et que le produit final est exempt de poussi\u00e8re excessive.<\/li> <\/ul>    <p>En int\u00e9grant ces syst\u00e8mes, la machine \u00e0 gruau de ma\u00efs transforme efficacement le ma\u00efs brut en divers produits transform\u00e9s avec une grande efficacit\u00e9.<\/p>    <figure class=\"wp-block-gallery has-nested-images columns-default is-cropped wp-block-gallery-2 is-layout-flex wp-block-gallery-is-layout-flex\"> <figure class=\"wp-block-image size-large\"><img loading=\"lazy\" decoding=\"async\" width=\"720\" height=\"540\" data-id=\"280\" src=\"https:\/\/corn-machines.com\/wp-content\/uploads\/2022\/09\/maize-grinding-machine-5.webp\" alt=\"Prix \u200b\u200b\u200b\u200bde la machine \u00e0 gruau de ma\u00efs\" class=\"wp-image-280\" srcset=\"https:\/\/corn-machines.com\/wp-content\/uploads\/2022\/09\/maize-grinding-machine-5.webp 720w, https:\/\/corn-machines.com\/wp-content\/uploads\/2022\/09\/maize-grinding-machine-5-300x225.webp 300w\" sizes=\"auto, (max-width: 720px) 100vw, 720px\" \/><figcaption class=\"wp-element-caption\">Prix \u200b\u200b\u200b\u200bde la machine \u00e0 gruau de ma\u00efs<\/figcaption><\/figure>    <figure class=\"wp-block-image size-large\"><img loading=\"lazy\" decoding=\"async\" width=\"720\" height=\"540\" data-id=\"281\" src=\"https:\/\/corn-machines.com\/wp-content\/uploads\/2022\/09\/maize-grinding-machine-products.webp\" alt=\"produits de rectifieuse de ma\u00efs\" class=\"wp-image-281\" srcset=\"https:\/\/corn-machines.com\/wp-content\/uploads\/2022\/09\/maize-grinding-machine-products.webp 720w, https:\/\/corn-machines.com\/wp-content\/uploads\/2022\/09\/maize-grinding-machine-products-300x225.webp 300w\" sizes=\"auto, (max-width: 720px) 100vw, 720px\" \/><figcaption class=\"wp-element-caption\">produits de rectifieuse de ma\u00efs<\/figcaption><\/figure> <\/figure>    <h2 class=\"wp-block-heading\" id=\"h-corn-grits-machine-advantage\">Avantages de la machine de fabrication de gruau de ma\u00efs<\/h2>    <ul class=\"wp-block-list\"> <li><strong>Sortie propre et de haute qualit\u00e9.<\/strong> La machine \u00e9limine efficacement les points noirs et les impuret\u00e9s, garantissant ainsi une farine de ma\u00efs propre et des grains de haute qualit\u00e9.<\/li>    <li><strong>Fonctionnement polyvalent.<\/strong> Il peut traiter \u00e0 la fois du ma\u00efs humide et sec, offrant ainsi une flexibilit\u00e9 adapt\u00e9e aux diff\u00e9rents besoins de production.<\/li>    <li><strong>Finesse et ratios r\u00e9glables.<\/strong> La machine permet des ajustements faciles de la finesse du gruau et du rapport gruau\/semoule de ma\u00efs pour r\u00e9pondre \u00e0 des exigences sp\u00e9cifiques.<\/li>    <li><strong>\u00c9limination efficace des impuret\u00e9s.<\/strong> Une conception unique acc\u00e9l\u00e8re l\u2019\u00e9limination des impuret\u00e9s, am\u00e9liorant ainsi la vitesse et les performances du traitement.<\/li>    <li><strong>Surveillance en temps r\u00e9el.<\/strong> Le syst\u00e8me d'affichage actuel permet de surveiller la pression interne et l'efficacit\u00e9 du pelage, garantissant ainsi des performances optimales.<\/li>    <li><strong>Ajustement automatique pour plus d'efficacit\u00e9.<\/strong> Les syst\u00e8mes de r\u00e9glage automatique et de distribution de puissance maintiennent la machine dans ses meilleures conditions de fonctionnement, r\u00e9duisant ainsi les interventions manuelles.<\/li>    <li><strong>Traitement multi-grains.<\/strong> Il peut \u00e9galement traiter le riz, le bl\u00e9 et le sorgho, \u00e9largissant ainsi sa polyvalence pour diverses c\u00e9r\u00e9ales.<\/li>    <li><strong>Gain de temps et de travail.<\/strong> Con\u00e7ue pour am\u00e9liorer l\u2019efficacit\u00e9, la machine r\u00e9duit le temps de travail et de traitement tout en garantissant une propret\u00e9 \u00e9lev\u00e9e et des couleurs vives du produit.<\/li> <\/ul>    <figure class=\"wp-block-gallery has-nested-images columns-default is-cropped wp-block-gallery-3 is-layout-flex wp-block-gallery-is-layout-flex\"> <figure class=\"wp-block-image size-large\"><img loading=\"lazy\" decoding=\"async\" width=\"720\" height=\"540\" data-id=\"282\" src=\"https:\/\/corn-machines.com\/wp-content\/uploads\/2022\/09\/Corn-grits-making-machine.webp\" alt=\"Machine \u00e0 gruau de ma\u00efs\" class=\"wp-image-282\" srcset=\"https:\/\/corn-machines.com\/wp-content\/uploads\/2022\/09\/Corn-grits-making-machine.webp 720w, https:\/\/corn-machines.com\/wp-content\/uploads\/2022\/09\/Corn-grits-making-machine-300x225.webp 300w\" sizes=\"auto, (max-width: 720px) 100vw, 720px\" \/><figcaption class=\"wp-element-caption\">Machine \u00e0 gruau de ma\u00efs<\/figcaption><\/figure> <\/figure>    <h2 class=\"wp-block-heading\" id=\"h-operation-method-and-steps-of-corn-grits-making-machine\">Comment utiliser la machine de fabrication de gruau de ma\u00efs ?<\/h2>    <ul class=\"wp-block-list\"> <li><strong>Humidifiez le ma\u00efs.<\/strong> Ajoutez environ 3 parties d'eau pour 100 parties de ma\u00efs et laissez reposer pendant environ 10 minutes.<\/li>    <li><strong>Chargez le ma\u00efs dans le bac \u00e0 \u00e9plucher.<\/strong> Apr\u00e8s humidification, versez le ma\u00efs dans le bac d'\u00e9pluchage, ajustez la poign\u00e9e de pression d'\u00e9pluchage et ouvrez le bac d'alimentation pour commencer.<\/li>    <li><strong>Processus de pelage.<\/strong> Le ma\u00efs pel\u00e9 sera d\u00e9charg\u00e9 depuis le port avant, tandis que les cosses et autres d\u00e9bris tomberont naturellement depuis le port de d\u00e9chargement arri\u00e8re.<\/li>    <li><strong>\u00c9craser le ma\u00efs.<\/strong> Transf\u00e9rez le ma\u00efs d\u00e9cortiqu\u00e9 dans le bac de concassage, ajustez la poign\u00e9e de concassage \u00e0 la granulom\u00e9trie souhait\u00e9e.<\/li>    <li><strong>Exporter le produit fini.<\/strong> La machine produira trois types de granul\u00e9s : gros grains, petits grains et farine de ma\u00efs. Ceux-ci seront d\u00e9charg\u00e9s via le port de sortie.<\/li> <\/ul>    <figure class=\"wp-block-gallery has-nested-images columns-default is-cropped wp-block-gallery-4 is-layout-flex wp-block-gallery-is-layout-flex\"> <figure class=\"wp-block-image size-large\"><img loading=\"lazy\" decoding=\"async\" width=\"720\" height=\"540\" data-id=\"279\" src=\"https:\/\/corn-machines.com\/wp-content\/uploads\/2022\/09\/maize-grinding-machine-facrory.webp\" alt=\"usine de machines \u00e0 gruau de ma\u00efs\" class=\"wp-image-279\" srcset=\"https:\/\/corn-machines.com\/wp-content\/uploads\/2022\/09\/maize-grinding-machine-facrory.webp 720w, https:\/\/corn-machines.com\/wp-content\/uploads\/2022\/09\/maize-grinding-machine-facrory-300x225.webp 300w\" sizes=\"auto, (max-width: 720px) 100vw, 720px\" \/><figcaption class=\"wp-element-caption\">usine de machines \u00e0 gruau de ma\u00efs<\/figcaption><\/figure> <\/figure>    <h2 class=\"wp-block-heading\">Investissez dans notre machine \u00e0 germer le ma\u00efs<\/h2>    <div class=\"wp-block-media-text is-stacked-on-mobile\"><figure class=\"wp-block-media-text__media\"><img loading=\"lazy\" decoding=\"async\" width=\"750\" height=\"482\" src=\"https:\/\/corn-machines.com\/wp-content\/uploads\/2022\/09\/corn-grits-machine.webp\" alt=\"machine \u00e0 gruau de ma\u00efs\" class=\"wp-image-269 size-full\" srcset=\"https:\/\/corn-machines.com\/wp-content\/uploads\/2022\/09\/corn-grits-machine.webp 750w, https:\/\/corn-machines.com\/wp-content\/uploads\/2022\/09\/corn-grits-machine-300x193.webp 300w\" sizes=\"auto, (max-width: 750px) 100vw, 750px\" \/><\/figure><div class=\"wp-block-media-text__content\"> <ul class=\"wp-block-list\"> <li><strong>Des performances exceptionnelles.<\/strong> Construit avec un savoir-faire de haut niveau et une technologie avanc\u00e9e pour un fonctionnement efficace.<\/li>    <li><strong>Innovation continue.<\/strong> Nous am\u00e9liorons continuellement nos machines pour am\u00e9liorer l'efficacit\u00e9 de la production et la qualit\u00e9 des produits.<\/li>    <li><strong>Solution fiable.<\/strong> Une machine fiable qui soutient la croissance de l'entreprise avec un broyage stable et de haute qualit\u00e9.<\/li>    <li><strong>Assistance centr\u00e9e sur le client.<\/strong> Nous offrons un service apr\u00e8s-vente attentif pour garantir une satisfaction et un soutien continus.<\/li> <\/ul> <\/div><\/div>    <h2 class=\"wp-block-heading\"><a href=\"https:\/\/corn-machines.com\/fr\/contact-us\/\" data-type=\"link\" data-id=\"https:\/\/corn-machines.com\/contact-us\/\">Contactez-nous<\/a><\/h2>    <p>N'h\u00e9sitez pas \u00e0 contacter notre \u00e9quipe commerciale pour des informations plus d\u00e9taill\u00e9es et des solutions personnalis\u00e9es. Nous sommes impatients de collaborer avec vous pour r\u00e9ussir\u00a0!<\/p>","protected":false},"excerpt":{"rendered":"<p>La machine \u00e0 gruau de ma\u00efs peut transformer les grains de ma\u00efs en gruau de ma\u00efs et en farine de ma\u00efs, composants essentiels de l'alimentation quotidienne en raison de leur facilit\u00e9 de consommation et de digestion. <\/p>","protected":false},"author":1,"featured_media":268,"parent":0,"template":"","tags":[23,24,31],"product-type":[5],"class_list":["post-266","product","type-product","status-publish","has-post-thumbnail","hentry","tag-corn-grain-mill-machine","tag-corn-grits-machine","tag-corn-milling-machine","product-type-maize-grits-milling-machine"],"_links":{"self":[{"href":"https:\/\/corn-machines.com\/fr\/wp-json\/wp\/v2\/product\/266","targetHints":{"allow":["GET"]}}],"collection":[{"href":"https:\/\/corn-machines.com\/fr\/wp-json\/wp\/v2\/product"}],"about":[{"href":"https:\/\/corn-machines.com\/fr\/wp-json\/wp\/v2\/types\/product"}],"author":[{"embeddable":true,"href":"https:\/\/corn-machines.com\/fr\/wp-json\/wp\/v2\/users\/1"}],"wp:featuredmedia":[{"embeddable":true,"href":"https:\/\/corn-machines.com\/fr\/wp-json\/wp\/v2\/media\/268"}],"wp:attachment":[{"href":"https:\/\/corn-machines.com\/fr\/wp-json\/wp\/v2\/media?parent=266"}],"wp:term":[{"taxonomy":"post_tag","embeddable":true,"href":"https:\/\/corn-machines.com\/fr\/wp-json\/wp\/v2\/tags?post=266"},{"taxonomy":"product-type","embeddable":true,"href":"https:\/\/corn-machines.com\/fr\/wp-json\/wp\/v2\/product-type?post=266"}],"curies":[{"name":"wp","href":"https:\/\/api.w.org\/{rel}","templated":true}]}}