{"id":235,"date":"2022-09-09T08:12:05","date_gmt":"2022-09-09T08:12:05","guid":{"rendered":"https:\/\/corn-machines.com\/?post_type=product&#038;p=235"},"modified":"2024-04-07T14:47:24","modified_gmt":"2024-04-07T06:47:24","slug":"corn-grain-mill-machine","status":"publish","type":"product","link":"https:\/\/corn-machines.com\/fr\/product\/corn-grain-mill-machine\/","title":{"rendered":"Machine de moulin \u00e0 grains de ma\u00efs | Machine de moulin \u00e0 farine de ma\u00efs"},"content":{"rendered":"<p>Un moulin \u00e0 grains de ma\u00efs est une machine utilis\u00e9e pour broyer les grains en poudre. Le ma\u00efs est une mati\u00e8re premi\u00e8re fr\u00e9quemment transform\u00e9e et peut \u00eatre transform\u00e9 en une poudre ultra-fine de 0,2 \u00e0 8 mm. Les moulins \u00e0 ma\u00efs sont largement utilis\u00e9s dans l\u2019industrie agroalimentaire et l\u2019industrie pharmaceutique. <\/p>    <p class=\"translation-block\">Ce broyeur de ma\u00efs peut utiliser des moteurs diesel, des moteurs \u00e9lectriques et des moteurs \u00e0 essence. En plus de ce petit moulin \u00e0 ma\u00efs, il existe \u00e9galement des <a href=\"https:\/\/corn-machines.com\/fr\/product\/corn-grits-machine\/\" data-type=\"URL\" data-id=\"https:\/\/corn-machines.com\/product\/corn-grits-machine\/\">grands moulins \u00e0 ma\u00efs<\/a>.<\/p>    <figure class=\"wp-block-embed is-type-video is-provider-youtube wp-block-embed-youtube wp-embed-aspect-16-9 wp-has-aspect-ratio\"><div class=\"wp-block-embed__wrapper\"> <iframe loading=\"lazy\" title=\"Qu&#039;est-ce qu&#039;un broyeur de ma\u00efs ? | machine de moulin \u00e0 grains de ma\u00efs | machine de fabrication de farine de ma\u00efs | mouture du ma\u00efs\" width=\"500\" height=\"281\" src=\"https:\/\/www.youtube.com\/embed\/gNReEaxFyno?feature=oembed\" frameborder=\"0\" allow=\"accelerometer; autoplay; clipboard-write; encrypted-media; gyroscope; picture-in-picture; web-share\" referrerpolicy=\"strict-origin-when-cross-origin\" allowfullscreen><\/iframe> <\/div><figcaption class=\"wp-element-caption\">moulin \u00e0 ma\u00efs automatique \u00e0 aspiration<\/figcaption><\/figure>    <h2 class=\"wp-block-heading\" id=\"h-raw-materials-for-corn-grain-mill-machine\">Mati\u00e8res premi\u00e8res pour la machine de moulin \u00e0 grains de ma\u00efs<\/h2>    <figure class=\"wp-block-gallery has-nested-images columns-default is-cropped wp-block-gallery-2 is-layout-flex wp-block-gallery-is-layout-flex\"> <figure class=\"wp-block-image size-large\"><img loading=\"lazy\" decoding=\"async\" width=\"720\" height=\"540\" data-id=\"258\" src=\"https:\/\/corn-machines.com\/wp-content\/uploads\/2022\/09\/corn-grain-mill-machine-raw-material.webp\" alt=\"mati\u00e8re premi\u00e8re de machine de moulin \u00e0 grains de ma\u00efs\" class=\"wp-image-258\" srcset=\"https:\/\/corn-machines.com\/wp-content\/uploads\/2022\/09\/corn-grain-mill-machine-raw-material.webp 720w, https:\/\/corn-machines.com\/wp-content\/uploads\/2022\/09\/corn-grain-mill-machine-raw-material-300x225.webp 300w\" sizes=\"auto, (max-width: 720px) 100vw, 720px\" \/><figcaption class=\"wp-element-caption\">mati\u00e8re premi\u00e8re de machine de moulin \u00e0 grains de ma\u00efs<\/figcaption><\/figure>    <figure class=\"wp-block-image size-large\"><img loading=\"lazy\" decoding=\"async\" width=\"720\" height=\"540\" data-id=\"260\" src=\"https:\/\/corn-machines.com\/wp-content\/uploads\/2022\/09\/corn-flour.webp\" alt=\"farine de ma\u00efs\" class=\"wp-image-260\" srcset=\"https:\/\/corn-machines.com\/wp-content\/uploads\/2022\/09\/corn-flour.webp 720w, https:\/\/corn-machines.com\/wp-content\/uploads\/2022\/09\/corn-flour-300x225.webp 300w\" sizes=\"auto, (max-width: 720px) 100vw, 720px\" \/><figcaption class=\"wp-element-caption\">farine de ma\u00efs<\/figcaption><\/figure> <\/figure>    <p>Cette polyvalence fait du moulin \u00e0 ma\u00efs un outil indispensable dans l\u2019industrie de transformation des c\u00e9r\u00e9ales. Qu'il s'agisse de traiter du ma\u00efs, du bl\u00e9, du soja, des poivrons s\u00e9ch\u00e9s, du sorgho, des mati\u00e8res m\u00e9dicinales ou d'autres mati\u00e8res premi\u00e8res, ou de broyer des min\u00e9raux de faible duret\u00e9 tels que le gypse, le talc, les terres rares, les produits chimiques et l'argile, il excelle sans effort. <\/p>    <p>Que vous ayez besoin de produire des aliments, des produits pharmaceutiques ou chimiques, le moulin \u00e0 ma\u00efs peut fournir des solutions de traitement fiables, broyant des grains et des herbes en poudres fines pour r\u00e9pondre \u00e0 vos divers besoins.<\/p>    <h2 class=\"wp-block-heading\" id=\"h-structure-of-corn-mill-machine\">Structure de la machine de moulin \u00e0 ma\u00efs<\/h2>    <figure class=\"wp-block-gallery has-nested-images columns-default is-cropped wp-block-gallery-3 is-layout-flex wp-block-gallery-is-layout-flex\"> <figure class=\"wp-block-image size-large\"><img loading=\"lazy\" decoding=\"async\" width=\"720\" height=\"540\" data-id=\"246\" src=\"https:\/\/corn-machines.com\/wp-content\/uploads\/2022\/09\/Structure-of-corn-mill-machine-3.webp\" alt=\"Structure de la machine de moulin \u00e0 ma\u00efs \" class=\"wp-image-246\" srcset=\"https:\/\/corn-machines.com\/wp-content\/uploads\/2022\/09\/Structure-of-corn-mill-machine-3.webp 720w, https:\/\/corn-machines.com\/wp-content\/uploads\/2022\/09\/Structure-of-corn-mill-machine-3-300x225.webp 300w\" sizes=\"auto, (max-width: 720px) 100vw, 720px\" \/><figcaption class=\"wp-element-caption\">Structure de la machine de moulin \u00e0 ma\u00efs <\/figcaption><\/figure>    <figure class=\"wp-block-image size-large\"><img loading=\"lazy\" decoding=\"async\" width=\"720\" height=\"540\" data-id=\"242\" src=\"https:\/\/corn-machines.com\/wp-content\/uploads\/2022\/09\/Structure-of-corn-mill-machine-1.webp\" alt=\"Structure de la machine de moulin \u00e0 ma\u00efs\" class=\"wp-image-242\" srcset=\"https:\/\/corn-machines.com\/wp-content\/uploads\/2022\/09\/Structure-of-corn-mill-machine-1.webp 720w, https:\/\/corn-machines.com\/wp-content\/uploads\/2022\/09\/Structure-of-corn-mill-machine-1-300x225.webp 300w\" sizes=\"auto, (max-width: 720px) 100vw, 720px\" \/><figcaption class=\"wp-element-caption\">Structure de la machine de moulin \u00e0 ma\u00efs <\/figcaption><\/figure>    <figure class=\"wp-block-image size-large\"><img loading=\"lazy\" decoding=\"async\" width=\"720\" height=\"540\" data-id=\"245\" src=\"https:\/\/corn-machines.com\/wp-content\/uploads\/2022\/09\/Structure-of-corn-mill-machine-2.webp\" alt=\"Structure de la machine de moulin \u00e0 ma\u00efs \" class=\"wp-image-245\" srcset=\"https:\/\/corn-machines.com\/wp-content\/uploads\/2022\/09\/Structure-of-corn-mill-machine-2.webp 720w, https:\/\/corn-machines.com\/wp-content\/uploads\/2022\/09\/Structure-of-corn-mill-machine-2-300x225.webp 300w\" sizes=\"auto, (max-width: 720px) 100vw, 720px\" \/><figcaption class=\"wp-element-caption\">Structure de la machine de moulin \u00e0 ma\u00efs <\/figcaption><\/figure> <\/figure>    <p>Le concasseur \u00e0 griffes comprend principalement six parties\u00a0: le haut du corps, le couvercle, l'ensemble rotor, le tamis, le dispositif d'alimentation et le ch\u00e2ssis. <\/p>    <p>Le corps et l'ensemble rotor forment ensemble la cavit\u00e9 de concassage, et l'ensemble rotor devient la pi\u00e8ce de travail principale. Le concassage du mat\u00e9riau est termin\u00e9 dans la chambre de concassage. <\/p>    <p>Notre moulin \u00e0 ma\u00efs peut produire de la farine de ma\u00efs de 0,2 \u00e0 8 mm, et la farine de ma\u00efs de finesse diff\u00e9rente est compos\u00e9e de diff\u00e9rents tamis<\/p>    <h2 class=\"wp-block-heading\" id=\"h-two-types-of-maize-flour-mill-machine\">Deux types de machine de moulin \u00e0 farine de ma\u00efs<\/h2>    <figure class=\"wp-block-gallery has-nested-images columns-default is-cropped wp-block-gallery-4 is-layout-flex wp-block-gallery-is-layout-flex\"> <figure class=\"wp-block-image size-large\"><img loading=\"lazy\" decoding=\"async\" width=\"720\" height=\"540\" data-id=\"243\" src=\"https:\/\/corn-machines.com\/wp-content\/uploads\/2022\/09\/maize-flour-mill-machine.webp\" alt=\"machine de moulin \u00e0 farine de ma\u00efs\" class=\"wp-image-243\" srcset=\"https:\/\/corn-machines.com\/wp-content\/uploads\/2022\/09\/maize-flour-mill-machine.webp 720w, https:\/\/corn-machines.com\/wp-content\/uploads\/2022\/09\/maize-flour-mill-machine-300x225.webp 300w\" sizes=\"auto, (max-width: 720px) 100vw, 720px\" \/><figcaption class=\"wp-element-caption\">machine de moulin \u00e0 farine de ma\u00efs<\/figcaption><\/figure>    <figure class=\"wp-block-image size-large\"><img loading=\"lazy\" decoding=\"async\" width=\"720\" height=\"540\" data-id=\"244\" src=\"https:\/\/corn-machines.com\/wp-content\/uploads\/2022\/09\/maize-flour-mill-machine-1.webp\" alt=\"machine de moulin \u00e0 farine de ma\u00efs\" class=\"wp-image-244\" srcset=\"https:\/\/corn-machines.com\/wp-content\/uploads\/2022\/09\/maize-flour-mill-machine-1.webp 720w, https:\/\/corn-machines.com\/wp-content\/uploads\/2022\/09\/maize-flour-mill-machine-1-300x225.webp 300w\" sizes=\"auto, (max-width: 720px) 100vw, 720px\" \/><figcaption class=\"wp-element-caption\">machine de moulin \u00e0 farine de ma\u00efs<\/figcaption><\/figure> <\/figure>    <p>Les fonctionnalit\u00e9s des deux moulins sont identiques, ne diff\u00e9rant que par leurs m\u00e9canismes d'alimentation. Un mod\u00e8le offre une alimentation auto-amor\u00e7ante et automatis\u00e9e, offrant une commodit\u00e9 accrue. <\/p>    <p>\u00c0 l\u2019inverse, l\u2019autre n\u00e9cessite une alimentation manuelle, obligeant les utilisateurs \u00e0 r\u00e9partir uniform\u00e9ment le ma\u00efs directement dans la machine \u00e0 un rythme contr\u00f4l\u00e9. Lors de la configuration, les utilisateurs connectent simplement un conteneur \u00e0 la sortie de la machine pour collecter efficacement les mat\u00e9riaux trait\u00e9s. <\/p>    <p>Bien que les m\u00e9thodes d'alimentation et de d\u00e9chargement varient entre les deux machines, leurs fonctionnalit\u00e9s de base restent coh\u00e9rentes.<\/p>    <h2 class=\"wp-block-heading\" id=\"h-how-a-corn-grain-mill-machine-works\">Comment fonctionne un moulin \u00e0 grains de ma\u00efs\u00a0?<\/h2>    <p>Pendant le fonctionnement, le mat\u00e9riau destin\u00e9 au traitement entre dans la chambre de concassage par la tr\u00e9mie, o\u00f9 il rencontre les composants rotatifs \u00e0 grande vitesse qui d\u00e9clenchent le processus de concassage tout en redirigeant la trajectoire du mat\u00e9riau. <\/p>    <figure class=\"wp-block-gallery has-nested-images columns-default is-cropped wp-block-gallery-5 is-layout-flex wp-block-gallery-is-layout-flex\"> <figure class=\"wp-block-image size-large\"><img loading=\"lazy\" decoding=\"async\" width=\"720\" height=\"540\" data-id=\"247\" src=\"https:\/\/corn-machines.com\/wp-content\/uploads\/2022\/09\/corn-grain-mill-machine-working.webp\" alt=\"Machine de moulin \u00e0 grains de ma\u00efs fonctionnant\" class=\"wp-image-247\" srcset=\"https:\/\/corn-machines.com\/wp-content\/uploads\/2022\/09\/corn-grain-mill-machine-working.webp 720w, https:\/\/corn-machines.com\/wp-content\/uploads\/2022\/09\/corn-grain-mill-machine-working-300x225.webp 300w\" sizes=\"auto, (max-width: 720px) 100vw, 720px\" \/><figcaption class=\"wp-element-caption\">Machine de moulin \u00e0 grains de ma\u00efs fonctionnant<\/figcaption><\/figure>    <figure class=\"wp-block-image size-large\"><img loading=\"lazy\" decoding=\"async\" width=\"720\" height=\"540\" data-id=\"248\" src=\"https:\/\/corn-machines.com\/wp-content\/uploads\/2022\/09\/corn-grain-mill-machine-working-1.webp\" alt=\"Machine de moulin \u00e0 grains de ma\u00efs fonctionnant\" class=\"wp-image-248\" srcset=\"https:\/\/corn-machines.com\/wp-content\/uploads\/2022\/09\/corn-grain-mill-machine-working-1.webp 720w, https:\/\/corn-machines.com\/wp-content\/uploads\/2022\/09\/corn-grain-mill-machine-working-1-300x225.webp 300w\" sizes=\"auto, (max-width: 720px) 100vw, 720px\" \/><figcaption class=\"wp-element-caption\">Machine de moulin \u00e0 grains de ma\u00efs fonctionnant<\/figcaption><\/figure>    <figure class=\"wp-block-image size-large\"><img loading=\"lazy\" decoding=\"async\" width=\"720\" height=\"540\" data-id=\"249\" src=\"https:\/\/corn-machines.com\/wp-content\/uploads\/2022\/09\/corn-grain-mill-machine-working-2.webp\" alt=\"Machine de moulin \u00e0 grains de ma\u00efs fonctionnant\" class=\"wp-image-249\" srcset=\"https:\/\/corn-machines.com\/wp-content\/uploads\/2022\/09\/corn-grain-mill-machine-working-2.webp 720w, https:\/\/corn-machines.com\/wp-content\/uploads\/2022\/09\/corn-grain-mill-machine-working-2-300x225.webp 300w\" sizes=\"auto, (max-width: 720px) 100vw, 720px\" \/><figcaption class=\"wp-element-caption\">Machine de moulin \u00e0 grains de ma\u00efs fonctionnant<\/figcaption><\/figure>    <figure class=\"wp-block-image size-large\"><img loading=\"lazy\" decoding=\"async\" width=\"720\" height=\"540\" data-id=\"250\" src=\"https:\/\/corn-machines.com\/wp-content\/uploads\/2022\/09\/corn-grain-mill-machine-working-3.webp\" alt=\"Machine de moulin \u00e0 grains de ma\u00efs fonctionnant\" class=\"wp-image-250\" srcset=\"https:\/\/corn-machines.com\/wp-content\/uploads\/2022\/09\/corn-grain-mill-machine-working-3.webp 720w, https:\/\/corn-machines.com\/wp-content\/uploads\/2022\/09\/corn-grain-mill-machine-working-3-300x225.webp 300w\" sizes=\"auto, (max-width: 720px) 100vw, 720px\" \/><figcaption class=\"wp-element-caption\">moulin \u00e0 farine de ma\u00efs fonctionnant<\/figcaption><\/figure> <\/figure>    <p>La rotation \u00e0 grande vitesse perturbe le d\u00e9p\u00f4t de la couche de mat\u00e9riau, facilitant ainsi son mouvement le long du rotor. Tout au long de ce processus, les particules subissent des collisions r\u00e9p\u00e9t\u00e9es avec les composants de travail et entre elles, r\u00e9duisant progressivement leur taille jusqu'\u00e0 ce qu'elles traversent les trous du tamis.<\/p>    <p>Sous l\u2019influence de la force centrifuge et du flux d\u2019air, les particules sont encore pulv\u00e9ris\u00e9es. Finalement, le mat\u00e9riau passe \u00e0 travers les trous du tamis, entre dans la chambre de concassage et sort par l'orifice de d\u00e9charge. <\/p>    <p>La finesse de pulv\u00e9risation dans ces machines est dict\u00e9e par la taille des trous de tamis, permettant aux utilisateurs de s\u00e9lectionner les tamis en cons\u00e9quence en fonction de leurs exigences en mati\u00e8re de granulom\u00e9trie souhait\u00e9e pour l'alimentation.<\/p>    <h2 class=\"wp-block-heading\" id=\"h-maize-flour-mill-machine-parameter\">Param\u00e8tre de machine de moulin \u00e0 farine de ma\u00efs<\/h2>    <h3 class=\"wp-block-heading\" id=\"h-auxiliary-feeding-corn-mill-machine\">Machine de moulin \u00e0 ma\u00efs \u00e0 alimentation auxiliaire<\/h3>    <figure class=\"wp-block-image size-full\"><img loading=\"lazy\" decoding=\"async\" width=\"720\" height=\"540\" src=\"https:\/\/corn-machines.com\/wp-content\/uploads\/2022\/09\/corn-mill-machine.webp\" alt=\"machine de moulin \u00e0 ma\u00efs\" class=\"wp-image-252\" srcset=\"https:\/\/corn-machines.com\/wp-content\/uploads\/2022\/09\/corn-mill-machine.webp 720w, https:\/\/corn-machines.com\/wp-content\/uploads\/2022\/09\/corn-mill-machine-300x225.webp 300w\" sizes=\"auto, (max-width: 720px) 100vw, 720px\" \/><figcaption class=\"wp-element-caption\">machine de moulin \u00e0 ma\u00efs<\/figcaption><\/figure>    <figure class=\"wp-block-table\"><table><tbody><tr><td>Mod\u00e8le<\/td><td>9FZ-45<\/td><\/tr><tr><td>Vitesse de rotation<\/td><td>3200 tr\/min<\/td><\/tr><tr><td>Diam\u00e8tre du rotor<\/td><td>450mm<\/td><\/tr><tr><td>Diam\u00e8tre de l'anneau de tamis<\/td><td>508 mm<\/td><\/tr><tr><td>Taille de l'\u00e9cran (mm)<\/td><td>1600\u00d7115<\/td><\/tr><tr><td>Productivit\u00e9<\/td><td>\u22651500kg\/heure<\/td><\/tr><tr><td>Dents plates (pi\u00e8ces)<\/td><td>6<\/td><\/tr><tr><td>Dents carr\u00e9es (pi\u00e8ces)<\/td><td>12<\/td><\/tr><tr><td>Tension<\/td><td>380V<\/td><\/tr><tr><td>Poids<\/td><td>200 kg<\/td><\/tr><\/tbody><\/table><figcaption class=\"wp-element-caption\">moulin \u00e0 farine de ma\u00efs<\/figcaption><\/figure>    <h3 class=\"wp-block-heading\" id=\"h-automatic-suction-type-corn-mill\">Moulin \u00e0 ma\u00efs automatique \u00e0 aspiration<\/h3>    <figure class=\"wp-block-image size-full\"><img loading=\"lazy\" decoding=\"async\" width=\"720\" height=\"540\" src=\"https:\/\/corn-machines.com\/wp-content\/uploads\/2022\/09\/corn-mill.webp\" alt=\"moulin \u00e0 ma\u00efs\" class=\"wp-image-253\" srcset=\"https:\/\/corn-machines.com\/wp-content\/uploads\/2022\/09\/corn-mill.webp 720w, https:\/\/corn-machines.com\/wp-content\/uploads\/2022\/09\/corn-mill-300x225.webp 300w\" sizes=\"auto, (max-width: 720px) 100vw, 720px\" \/><figcaption class=\"wp-element-caption\">moulin \u00e0 ma\u00efs<\/figcaption><\/figure>    <figure class=\"wp-block-table\"><table><tbody><tr><td>Mod\u00e8le<\/td><td>Broyeur \u00e0 marteaux 9FQ-50<\/td><\/tr><tr><td>Vitesse<\/td><td>3200 tr\/min<\/td><\/tr><tr><td>Diam\u00e8tre du rotor<\/td><td>500 mm<\/td><\/tr><tr><td>Taille de l'\u00e9cran (mm)<\/td><td>690\u00d7250<\/td><\/tr><tr><td>Productivit\u00e9<\/td><td>\u22651000kg\/heure<\/td><\/tr><tr><td>Pi\u00e8ce de marteau<\/td><td>16<\/td><\/tr><tr><td>Dents du fond (morceaux)<\/td><td>3<\/td><\/tr><tr><td>Consommation d'\u00e9lectricit\u00e9 par tonne de mat\u00e9riau<\/td><td>\u226411KW.h\/t<\/td><\/tr><tr><td>Tension<\/td><td>380V<\/td><\/tr><tr><td>Puissance nominale<\/td><td>15kw<\/td><\/tr><tr><td>Accessoires<\/td><td>Tr\u00e9mie d'entr\u00e9e et de sortie<\/td><\/tr><tr><td>Dimensions (mm)<\/td><td>1230x1020x1150<\/td><\/tr><tr><td>Taille de l'emballage (mm)<\/td><td>680x720x930<\/td><\/tr><tr><td>Poids<\/td><td>160 kg<\/td><\/tr><\/tbody><\/table><figcaption class=\"wp-element-caption\">param\u00e8tres du broyeur \u00e0 marteaux<\/figcaption><\/figure>    <h2 class=\"wp-block-heading\" id=\"h-corn-grain-mill-machine-advantage\">Avantages du moulin \u00e0 grains de ma\u00efs<\/h2>    <figure class=\"wp-block-image size-full\"><img loading=\"lazy\" decoding=\"async\" width=\"720\" height=\"540\" src=\"https:\/\/corn-machines.com\/wp-content\/uploads\/2022\/09\/Corn-grain-mill-machine-3.webp\" alt=\"Machine de moulin \u00e0 grains de ma\u00efs \" class=\"wp-image-251\" srcset=\"https:\/\/corn-machines.com\/wp-content\/uploads\/2022\/09\/Corn-grain-mill-machine-3.webp 720w, https:\/\/corn-machines.com\/wp-content\/uploads\/2022\/09\/Corn-grain-mill-machine-3-300x225.webp 300w\" sizes=\"auto, (max-width: 720px) 100vw, 720px\" \/><figcaption class=\"wp-element-caption\">Moulin \u00e0 grains de ma\u00efs <\/figcaption><\/figure>    <ul class=\"wp-block-list\"> <li>Marteau de haute qualit\u00e9 : fabriqu\u00e9 en acier au mangan\u00e8se, le marteau offre une r\u00e9sistance exceptionnelle \u00e0 l'usure et aux chocs, garantissant des performances d'\u00e9crasement sup\u00e9rieures.<\/li>    <li>D\u00e9poussi\u00e9rage efficace : le pulv\u00e9risateur de ma\u00efs est dot\u00e9 d'un syst\u00e8me avanc\u00e9 de d\u00e9poussi\u00e9rage, favorisant un environnement de production propre et hygi\u00e9nique en minimisant le bruit et la pollution.<\/li>    <li>Fonctionnement silencieux\u00a0: Gr\u00e2ce \u00e0 une conception innovante, le moulin \u00e0 ma\u00efs fonctionne avec des niveaux de bruit remarquablement faibles, favorisant un environnement de production optimal propice \u00e0 la productivit\u00e9 et au confort.<\/li> <\/ul>    <h2 class=\"wp-block-heading\">Contactez-nous<\/h2>    <figure class=\"wp-block-gallery has-nested-images columns-default is-cropped wp-block-gallery-6 is-layout-flex wp-block-gallery-is-layout-flex\"> <figure class=\"wp-block-image size-large\"><img loading=\"lazy\" decoding=\"async\" width=\"720\" height=\"540\" data-id=\"239\" src=\"https:\/\/corn-machines.com\/wp-content\/uploads\/2022\/09\/Corn-grain-mill-machine-1.webp\" alt=\"Machine de moulin \u00e0 grains de ma\u00efs\" class=\"wp-image-239\" srcset=\"https:\/\/corn-machines.com\/wp-content\/uploads\/2022\/09\/Corn-grain-mill-machine-1.webp 720w, https:\/\/corn-machines.com\/wp-content\/uploads\/2022\/09\/Corn-grain-mill-machine-1-300x225.webp 300w\" sizes=\"auto, (max-width: 720px) 100vw, 720px\" \/><figcaption class=\"wp-element-caption\">Machine de moulin \u00e0 grains de ma\u00efs<\/figcaption><\/figure>    <figure class=\"wp-block-image size-large\"><img loading=\"lazy\" decoding=\"async\" width=\"720\" height=\"540\" data-id=\"240\" src=\"https:\/\/corn-machines.com\/wp-content\/uploads\/2022\/09\/Corn-grain-mill-machine-2.webp\" alt=\"Machine de moulin \u00e0 grains de ma\u00efs\" class=\"wp-image-240\" srcset=\"https:\/\/corn-machines.com\/wp-content\/uploads\/2022\/09\/Corn-grain-mill-machine-2.webp 720w, https:\/\/corn-machines.com\/wp-content\/uploads\/2022\/09\/Corn-grain-mill-machine-2-300x225.webp 300w\" sizes=\"auto, (max-width: 720px) 100vw, 720px\" \/><figcaption class=\"wp-element-caption\">Machine de moulin \u00e0 grains de ma\u00efs<\/figcaption><\/figure> <\/figure>    <p class=\"translation-block\">Les machines de moulin \u00e0 <a href=\"https:\/\/en.wikipedia.org\/wiki\/Grain\" data-type=\"link\" data-id=\"https:\/\/en.wikipedia.org\/wiki\/Grain\" target=\"_blank\" rel=\"noopener\">grain<\/a> de ma\u00efs sont la pierre angulaire de l'efficacit\u00e9 et de la pr\u00e9cision dans le traitement des grains, offrant une fiabilit\u00e9 et des performances sans \u00e9gal. Gr\u00e2ce \u00e0 leur construction robuste et \u00e0 leur technologie avanc\u00e9e, ces machines garantissent des op\u00e9rations de mouture de grains optimales pour diverses applications. <\/p>    <p>Investir dans un broyeur \u00e0 grains de ma\u00efs garantit non seulement des produits finaux de qualit\u00e9 sup\u00e9rieure, mais maximise \u00e9galement la productivit\u00e9 tout en minimisant les co\u00fbts op\u00e9rationnels. <\/p>    <p>Ne manquez pas l\u2019opportunit\u00e9 d\u2019am\u00e9liorer vos capacit\u00e9s de transformation des c\u00e9r\u00e9ales et de rationaliser vos op\u00e9rations. Contactez-nous d\u00e8s maintenant pour toute demande de renseignements et faites le premier pas vers l\u2019am\u00e9lioration du succ\u00e8s et de la rentabilit\u00e9 de votre entreprise.<\/p>","protected":false},"excerpt":{"rendered":"<p>Un moulin \u00e0 grains de ma\u00efs est une machine utilis\u00e9e pour broyer les grains en poudre. Le ma\u00efs est une mati\u00e8re premi\u00e8re fr\u00e9quemment transform\u00e9e, <\/p>","protected":false},"author":1,"featured_media":238,"parent":0,"template":"","tags":[23,31],"product-type":[5],"class_list":["post-235","product","type-product","status-publish","has-post-thumbnail","hentry","tag-corn-grain-mill-machine","tag-corn-milling-machine","product-type-maize-grits-milling-machine"],"_links":{"self":[{"href":"https:\/\/corn-machines.com\/fr\/wp-json\/wp\/v2\/product\/235","targetHints":{"allow":["GET"]}}],"collection":[{"href":"https:\/\/corn-machines.com\/fr\/wp-json\/wp\/v2\/product"}],"about":[{"href":"https:\/\/corn-machines.com\/fr\/wp-json\/wp\/v2\/types\/product"}],"author":[{"embeddable":true,"href":"https:\/\/corn-machines.com\/fr\/wp-json\/wp\/v2\/users\/1"}],"wp:featuredmedia":[{"embeddable":true,"href":"https:\/\/corn-machines.com\/fr\/wp-json\/wp\/v2\/media\/238"}],"wp:attachment":[{"href":"https:\/\/corn-machines.com\/fr\/wp-json\/wp\/v2\/media?parent=235"}],"wp:term":[{"taxonomy":"post_tag","embeddable":true,"href":"https:\/\/corn-machines.com\/fr\/wp-json\/wp\/v2\/tags?post=235"},{"taxonomy":"product-type","embeddable":true,"href":"https:\/\/corn-machines.com\/fr\/wp-json\/wp\/v2\/product-type?post=235"}],"curies":[{"name":"wp","href":"https:\/\/api.w.org\/{rel}","templated":true}]}}