{"id":201,"date":"2022-09-09T02:21:54","date_gmt":"2022-09-09T02:21:54","guid":{"rendered":"https:\/\/corn-machines.com\/?post_type=product&#038;p=201"},"modified":"2024-02-22T17:56:10","modified_gmt":"2024-02-22T09:56:10","slug":"corn-shelling-machine","status":"publish","type":"product","link":"https:\/\/corn-machines.com\/fr\/product\/corn-shelling-machine\/","title":{"rendered":"Machine \u00e0 d\u00e9cortiquer le ma\u00efs | Batteuse \u00e0 ma\u00efs"},"content":{"rendered":"<p>Une d\u00e9cortiqueuse de ma\u00efs est une machine permettant de battre les \u00e9pis de ma\u00efs apr\u00e8s \u00e9pluchage et s\u00e9chage. Cette batteuse de ma\u00efs peut s\u00e9parer le ma\u00efs battu et l'\u00e9pi de ma\u00efs, collecter les impuret\u00e9s pendant le battage du ma\u00efs avec le ventilateur arri\u00e8re et a pour fonction de nettoyer le ma\u00efs. <\/p>    <p class=\"translation-block\">La <a href=\"https:\/\/en.wikipedia.org\/wiki\/Maize\" data-type=\"URL\" data-id=\"https:\/\/en.wikipedia.org\/wiki\/Maize\" target=\"_blank\" rel=\"noopener\">machine \u00e0 d\u00e9cortiquer le ma\u00efs<\/a> est \u00e9quip\u00e9e d'un long tapis roulant pour soulever le ma\u00efs, ce qui permet de fournir moins d'effort lors de son utilisation, et le taux de d\u00e9corticage du ma\u00efs atteint 99 %.<\/p>    <figure class=\"wp-block-embed is-type-video is-provider-youtube wp-block-embed-youtube wp-embed-aspect-16-9 wp-has-aspect-ratio\"><div class=\"wp-block-embed__wrapper\"> <iframe loading=\"lazy\" title=\"Astuces de r\u00e9colte\u00a0: tirer le meilleur parti de votre batteuse de ma\u00efs #corn #maize #thresher\" width=\"500\" height=\"281\" src=\"https:\/\/www.youtube.com\/embed\/PnBgVXWX2cU?feature=oembed\" frameborder=\"0\" allow=\"accelerometer; autoplay; clipboard-write; encrypted-media; gyroscope; picture-in-picture; web-share\" referrerpolicy=\"strict-origin-when-cross-origin\" allowfullscreen><\/iframe> <\/div><figcaption class=\"wp-element-caption\">Vid\u00e9o de travail de la machine \u00e0 d\u00e9cortiquer le ma\u00efs<\/figcaption><\/figure>    <h2 class=\"wp-block-heading\" id=\"h-raw-materials-for-corn-shelling-machine\">Mati\u00e8res premi\u00e8res pour d\u00e9cortiqueuse de ma\u00efs<\/h2>    <p class=\"translation-block\">La machine \u00e0 d\u00e9cortiquer le ma\u00efs traite le ma\u00efs apr\u00e8s \u00e9pluchage et s\u00e9chage. Si vous souhaitez \u00e9plucher le ma\u00efs, notre soci\u00e9t\u00e9 dispose \u00e9galement d'une machine \u00e0 \u00e9plucher le ma\u00efs et d'une <a href=\"https:\/\/corn-machines.com\/fr\/product\/corn-peeling-and-threshing-machine\/\" data-type=\"URL\" data-id=\"https:\/\/corn-machines.com\/product\/corn-peeling-and-threshing-machine\/\">machine \u00e0 \u00e9plucher et \u00e0 d\u00e9cortiquer le ma\u00efs de petite production<\/a>. <\/p>    <p class=\"translation-block\">Plus la teneur en humidit\u00e9 du ma\u00efs est faible, mieux c'est pour l'efficacit\u00e9 du d\u00e9corticage, il doit donc \u00eatre enti\u00e8rement s\u00e9ch\u00e9 au soleil avant le d\u00e9corticage. Diff\u00e9rents \u00e9tats du ma\u00efs n\u00e9cessitent diff\u00e9rents d\u00e9cortiqueurs de ma\u00efs. Par exemple, les d\u00e9cortiqueurs de ma\u00efs frais n\u00e9cessitent l'utilisation de <a href=\"https:\/\/corn-machines.com\/fr\/product\/fresh-corn-thresher-sweet-corn-sheller\/\" data-type=\"URL\" data-id=\"https:\/\/corn-machines.com\/product\/fresh-corn-thresher-sweet-corn-sheller\/\">d\u00e9cortiqueurs de ma\u00efs frais<\/a>.<\/p>    <figure class=\"wp-block-image size-full\"><img loading=\"lazy\" decoding=\"async\" width=\"720\" height=\"540\" src=\"https:\/\/corn-machines.com\/wp-content\/uploads\/2022\/09\/corn-thresher-raw-material.webp\" alt=\"mati\u00e8re premi\u00e8re de batteuse de ma\u00efs\" class=\"wp-image-216\" srcset=\"https:\/\/corn-machines.com\/wp-content\/uploads\/2022\/09\/corn-thresher-raw-material.webp 720w, https:\/\/corn-machines.com\/wp-content\/uploads\/2022\/09\/corn-thresher-raw-material-300x225.webp 300w\" sizes=\"auto, (max-width: 720px) 100vw, 720px\" \/><figcaption class=\"wp-element-caption\">mati\u00e8re premi\u00e8re de batteuse de ma\u00efs<\/figcaption><\/figure>    <h2 class=\"wp-block-heading\" id=\"h-how-does-the-corn-shelling-machine-work\">Comment fonctionne la d\u00e9cortiqueuse de ma\u00efs ?<\/h2>    <div class=\"wp-block-media-text alignwide is-stacked-on-mobile\"><figure class=\"wp-block-media-text__media\"><img loading=\"lazy\" decoding=\"async\" width=\"720\" height=\"540\" src=\"https:\/\/corn-machines.com\/wp-content\/uploads\/2022\/09\/Corn-shelling-machine-1.jpg\" alt=\"Machine \u00e0 d\u00e9cortiquer le ma\u00efs\" class=\"wp-image-217 size-full\" srcset=\"https:\/\/corn-machines.com\/wp-content\/uploads\/2022\/09\/Corn-shelling-machine-1.jpg 720w, https:\/\/corn-machines.com\/wp-content\/uploads\/2022\/09\/Corn-shelling-machine-1-300x225.jpg 300w\" sizes=\"auto, (max-width: 720px) 100vw, 720px\" \/><\/figure><div class=\"wp-block-media-text__content\"> <p>L'utilisateur place le ma\u00efs dans le convoyeur d'alimentation automatique.<\/p> <\/div><\/div>    <div class=\"wp-block-media-text alignwide has-media-on-the-right is-stacked-on-mobile\"><div class=\"wp-block-media-text__content\"> <p>Le ma\u00efs est ensuite transport\u00e9 vers la chambre de battage.<\/p> <\/div><figure class=\"wp-block-media-text__media\"><img loading=\"lazy\" decoding=\"async\" width=\"720\" height=\"540\" src=\"https:\/\/corn-machines.com\/wp-content\/uploads\/2022\/09\/Corn-shelling-machine-2.jpg\" alt=\"Machine \u00e0 d\u00e9cortiquer le ma\u00efs\" class=\"wp-image-218 size-full\" srcset=\"https:\/\/corn-machines.com\/wp-content\/uploads\/2022\/09\/Corn-shelling-machine-2.jpg 720w, https:\/\/corn-machines.com\/wp-content\/uploads\/2022\/09\/Corn-shelling-machine-2-300x225.jpg 300w\" sizes=\"auto, (max-width: 720px) 100vw, 720px\" \/><\/figure><\/div>    <div class=\"wp-block-media-text alignwide is-stacked-on-mobile\"><figure class=\"wp-block-media-text__media\"><img loading=\"lazy\" decoding=\"async\" width=\"720\" height=\"540\" src=\"https:\/\/corn-machines.com\/wp-content\/uploads\/2022\/09\/Corn-shelling-machine-3.jpg\" alt=\"Machine \u00e0 d\u00e9cortiquer le ma\u00efs\" class=\"wp-image-219 size-full\" srcset=\"https:\/\/corn-machines.com\/wp-content\/uploads\/2022\/09\/Corn-shelling-machine-3.jpg 720w, https:\/\/corn-machines.com\/wp-content\/uploads\/2022\/09\/Corn-shelling-machine-3-300x225.jpg 300w\" sizes=\"auto, (max-width: 720px) 100vw, 720px\" \/><\/figure><div class=\"wp-block-media-text__content\"> <p>Une fois que les graines de ma\u00efs et un petit nombre d'impuret\u00e9s ont \u00e9t\u00e9 s\u00e9par\u00e9es par battage sur tambour, elles entrent dans le m\u00e9langeur depuis la plaque concave, puis dans le tamis depuis l'\u00e9l\u00e9vateur.<\/p> <\/div><\/div>    <div class=\"wp-block-media-text alignwide has-media-on-the-right is-stacked-on-mobile\"><div class=\"wp-block-media-text__content\"> <p> Les impuret\u00e9s plus petites que le ma\u00efs tomberont du tamis, et les graines de ma\u00efs et autres impuret\u00e9s plus grosses se d\u00e9placeront avec le tamis vers la sortie.<\/p> <\/div><figure class=\"wp-block-media-text__media\"><img loading=\"lazy\" decoding=\"async\" width=\"720\" height=\"540\" src=\"https:\/\/corn-machines.com\/wp-content\/uploads\/2022\/09\/Corn-shelling-machine-4.jpg\" alt=\"Machine \u00e0 d\u00e9cortiquer le ma\u00efs\" class=\"wp-image-220 size-full\" srcset=\"https:\/\/corn-machines.com\/wp-content\/uploads\/2022\/09\/Corn-shelling-machine-4.jpg 720w, https:\/\/corn-machines.com\/wp-content\/uploads\/2022\/09\/Corn-shelling-machine-4-300x225.jpg 300w\" sizes=\"auto, (max-width: 720px) 100vw, 720px\" \/><\/figure><\/div>    <div class=\"wp-block-media-text alignwide is-stacked-on-mobile\"><figure class=\"wp-block-media-text__media\"><img loading=\"lazy\" decoding=\"async\" width=\"720\" height=\"540\" src=\"https:\/\/corn-machines.com\/wp-content\/uploads\/2022\/09\/Corn-shelling-machine-5.jpg\" alt=\"Machine \u00e0 d\u00e9cortiquer le ma\u00efs\" class=\"wp-image-221 size-full\" srcset=\"https:\/\/corn-machines.com\/wp-content\/uploads\/2022\/09\/Corn-shelling-machine-5.jpg 720w, https:\/\/corn-machines.com\/wp-content\/uploads\/2022\/09\/Corn-shelling-machine-5-300x225.jpg 300w\" sizes=\"auto, (max-width: 720px) 100vw, 720px\" \/><\/figure><div class=\"wp-block-media-text__content\"> <p>Apr\u00e8s quelques secondes, les petites impuret\u00e9s sont \u00e9vacu\u00e9es par l'absorbeur et les graines de ma\u00efs p\u00e9n\u00e8trent dans le sac depuis le tamis.<\/p> <\/div><\/div>    <h2 class=\"wp-block-heading\" id=\"h-parameters-of-corn-thresher\">Param\u00e8tres de la batteuse de ma\u00efs<\/h2>    <figure class=\"wp-block-table\"><table><tbody><tr><td>Mode<\/td><td>TY-80A<\/td><td>TY-80B<\/td><td>TY-80C<\/td><td>TY-80D<\/td><\/tr><tr><td>Pouvoir<\/td><td>Moteur diesel 15HP ou moteur 7,5 KW<\/td><td>Moteur diesel 15HP ou moteur 7,5 KW<\/td><td>Moteur diesel 15HP ou moteur 7,5 KW<\/td><td>Moteur diesel 15HP ou moteur 7,5 KW<\/td><\/tr><tr><td>Capacit\u00e9<\/td><td>4t\/h (graines de ma\u00efs)<\/td><td>5t\/h (graines de ma\u00efs)<\/td><td>5t\/h (graines de ma\u00efs)<\/td><td>6t\/h (graines de ma\u00efs)<\/td><\/tr><tr><td>Taux de battage<\/td><td>\u226599,5%<\/td><td>&nbsp;\u226599,5%<\/td><td>\u226599,5%<\/td><td>\u226599,5%<\/td><\/tr><tr><td>Taux de perte<\/td><td>\u22642,0%<\/td><td>\u22642,0%<\/td><td>\u22642,0%<\/td><td>\u22642,0%<\/td><\/tr><tr><td>Taux de casse<\/td><td>\u22641,5%<\/td><td>\u22641,5%<\/td><td>\u22641,5%<\/td><td>\u22641,5%<\/td><\/tr><tr><td>Taux d'impuret\u00e9s<\/td><td>\u22641,0%<\/td><td>\u22641,0%<\/td><td>\u22641,0%<\/td><td>\u22641,0%<\/td><\/tr><tr><td>Poids<\/td><td>200 kg<\/td><td>230 kg<\/td><td>320 kg<\/td><td>350 kg<\/td><\/tr><tr><td>Taille<\/td><td>2360*1360*1480\u00a0mm<\/td><td>2360*1360*2000\u00a0mm<\/td><td>3860*1360*1480\u00a0mm<\/td><td>3860*1360*2480 millim\u00e8tres<\/td><\/tr><\/tbody><\/table><figcaption class=\"wp-element-caption\">param\u00e8tres de la machine \u00e0 d\u00e9cortiquer le ma\u00efs<\/figcaption><\/figure>    <h2 class=\"wp-block-heading\" id=\"h-how-to-deal-with-corn-after-threshing\">Comment traiter le ma\u00efs apr\u00e8s le battage<\/h2>    <figure class=\"wp-block-image size-full\"><img loading=\"lazy\" decoding=\"async\" width=\"720\" height=\"540\" src=\"https:\/\/corn-machines.com\/wp-content\/uploads\/2022\/09\/after-threshing.webp\" alt=\"produits finaux de la d\u00e9cortiqueuse de ma\u00efs\" class=\"wp-image-210\" srcset=\"https:\/\/corn-machines.com\/wp-content\/uploads\/2022\/09\/after-threshing.webp 720w, https:\/\/corn-machines.com\/wp-content\/uploads\/2022\/09\/after-threshing-300x225.webp 300w\" sizes=\"auto, (max-width: 720px) 100vw, 720px\" \/><figcaption class=\"wp-element-caption\">produits finaux de la d\u00e9cortiqueuse de ma\u00efs<\/figcaption><\/figure>    <p>Comment conserver et manipuler le ma\u00efs apr\u00e8s battage ? <\/p>    <p>S'il reste encore un peu d'humidit\u00e9 dans les grains de ma\u00efs, le ma\u00efs battu peut \u00eatre directement \u00e9tal\u00e9 pour s\u00e9cher dans un endroit propre. <\/p>    <p>De plus, une fois le ma\u00efs battu, un sac peut \u00eatre connect\u00e9 \u00e0 la sortie du ma\u00efs et les grains de ma\u00efs peuvent \u00eatre plac\u00e9s directement dans le sac In. <\/p>    <p>De plus, les grains de ma\u00efs peuvent \u00e9galement \u00eatre d\u00e9charg\u00e9s sur le camion de collecte et le ma\u00efs peut \u00eatre directement transport\u00e9 pour la vente. Les impuret\u00e9s sont \u00e9vacu\u00e9es par le ventilateur et peuvent \u00eatre r\u00e9cup\u00e9r\u00e9es par cerclage.<\/p>    <h2 class=\"wp-block-heading\">Vid\u00e9o d'une d\u00e9cortiqueuse de ma\u00efs <\/h2>    <figure class=\"wp-block-embed is-type-video is-provider-youtube wp-block-embed-youtube wp-embed-aspect-16-9 wp-has-aspect-ratio\"><div class=\"wp-block-embed__wrapper\"> <iframe loading=\"lazy\" title=\"Qu&#039;est-ce qu&#039;une batteuse de ma\u00efs ? | d\u00e9cortiqueuse de ma\u00efs \u00e0 vendre | batteuse de ma\u00efs #corn\" width=\"500\" height=\"281\" src=\"https:\/\/www.youtube.com\/embed\/lv_pv2risy8?feature=oembed\" frameborder=\"0\" allow=\"accelerometer; autoplay; clipboard-write; encrypted-media; gyroscope; picture-in-picture; web-share\" referrerpolicy=\"strict-origin-when-cross-origin\" allowfullscreen><\/iframe> <\/div><figcaption class=\"wp-element-caption\">comment fonctionne la d\u00e9cortiqueuse de ma\u00efs ?<\/figcaption><\/figure>    <h2 class=\"wp-block-heading\" id=\"h-advantages-of-using-corn-shelling-machine\">Avantages de l'utilisation d'une d\u00e9cortiqueuse de ma\u00efs\u00a0:<\/h2>    <p>&nbsp;1. Fonctions compl\u00e8tes, petite taille, l\u00e9ger, sans poussi\u00e8re, protection de l'environnement, \u00e9conomie d'\u00e9nergie, taux d'\u00e9limination \u00e9lev\u00e9, faible taux de casse, s\u00fbr et fiable, facile \u00e0 d\u00e9placer, simple \u00e0 utiliser et longue dur\u00e9e de vie.<\/p>    <p>&nbsp;2. Gr\u00e2ce \u00e0 la technologie de d\u00e9poussi\u00e9rage \u00e0 pression n\u00e9gative et au battage ferm\u00e9, la poussi\u00e8re et les d\u00e9bris g\u00e9n\u00e9r\u00e9s lors du processus de battage et de criblage du ma\u00efs peuvent \u00eatre \u00e9vacu\u00e9s via l'orifice de d\u00e9poussi\u00e9rage et le sac \u00e0 poussi\u00e8re g\u00e9n\u00e9ral. Ainsi, l\u2019environnement de travail est am\u00e9lior\u00e9 et la sant\u00e9 des travailleurs est assur\u00e9e.<\/p>    <p>3. L'am\u00e9lioration raisonnable de la structure du tambour de la d\u00e9cortiqueuse de ma\u00efs am\u00e9liore non seulement l'efficacit\u00e9 de la production, mais convient \u00e9galement aux r\u00e9colteuses de ma\u00efs avec une grande quantit\u00e9 d'humidit\u00e9 et un peu d'enveloppe de ma\u00efs.<\/p>    <p>4. Le tamis de d\u00e9charge de mati\u00e8res \u00e9trang\u00e8res plac\u00e9 dans la partie inf\u00e9rieure de l'auge de transport de la machine \u00e0 d\u00e9cortiquer le ma\u00efs peut s\u00e9parer et \u00e9vacuer les mati\u00e8res \u00e9trang\u00e8res telles que la glace, la neige, le sable et d'autres mati\u00e8res \u00e9trang\u00e8res transport\u00e9es par le ma\u00efs battu avant d'entrer dans la chambre de s\u00e9paration, ainsi r\u00e9duisant la teneur en impuret\u00e9s dans le grain.<\/p>    <figure class=\"wp-block-gallery has-nested-images columns-default is-cropped wp-block-gallery-2 is-layout-flex wp-block-gallery-is-layout-flex\"> <figure class=\"wp-block-image size-large\"><img loading=\"lazy\" decoding=\"async\" width=\"720\" height=\"540\" data-id=\"224\" src=\"https:\/\/corn-machines.com\/wp-content\/uploads\/2022\/09\/maize-threshing-machine-1.jpg\" alt=\"batteuse de ma\u00efs\" class=\"wp-image-224\" srcset=\"https:\/\/corn-machines.com\/wp-content\/uploads\/2022\/09\/maize-threshing-machine-1.jpg 720w, https:\/\/corn-machines.com\/wp-content\/uploads\/2022\/09\/maize-threshing-machine-1-300x225.jpg 300w\" sizes=\"auto, (max-width: 720px) 100vw, 720px\" \/><figcaption class=\"wp-element-caption\">batteuse de ma\u00efs<\/figcaption><\/figure>    <figure class=\"wp-block-image size-large\"><img loading=\"lazy\" decoding=\"async\" width=\"720\" height=\"540\" data-id=\"225\" src=\"https:\/\/corn-machines.com\/wp-content\/uploads\/2022\/09\/maize-threshing-machine-2.jpg\" alt=\"batteuse de ma\u00efs\" class=\"wp-image-225\" srcset=\"https:\/\/corn-machines.com\/wp-content\/uploads\/2022\/09\/maize-threshing-machine-2.jpg 720w, https:\/\/corn-machines.com\/wp-content\/uploads\/2022\/09\/maize-threshing-machine-2-300x225.jpg 300w\" sizes=\"auto, (max-width: 720px) 100vw, 720px\" \/><figcaption class=\"wp-element-caption\">batteuse de ma\u00efs<\/figcaption><\/figure>    <figure class=\"wp-block-image size-large\"><img loading=\"lazy\" decoding=\"async\" width=\"720\" height=\"540\" data-id=\"226\" src=\"https:\/\/corn-machines.com\/wp-content\/uploads\/2022\/09\/maize-threshing-machine-3.jpg\" alt=\"batteuse de ma\u00efs\" class=\"wp-image-226\" srcset=\"https:\/\/corn-machines.com\/wp-content\/uploads\/2022\/09\/maize-threshing-machine-3.jpg 720w, https:\/\/corn-machines.com\/wp-content\/uploads\/2022\/09\/maize-threshing-machine-3-300x225.jpg 300w\" sizes=\"auto, (max-width: 720px) 100vw, 720px\" \/><figcaption class=\"wp-element-caption\">batteuse de ma\u00efs<\/figcaption><\/figure>    <figure class=\"wp-block-image size-large\"><img loading=\"lazy\" decoding=\"async\" width=\"720\" height=\"540\" data-id=\"223\" src=\"https:\/\/corn-machines.com\/wp-content\/uploads\/2022\/09\/maize-threshing-machine-shipping.jpg\" alt=\"exp\u00e9dition de batteuse de ma\u00efs\" class=\"wp-image-223\" srcset=\"https:\/\/corn-machines.com\/wp-content\/uploads\/2022\/09\/maize-threshing-machine-shipping.jpg 720w, https:\/\/corn-machines.com\/wp-content\/uploads\/2022\/09\/maize-threshing-machine-shipping-300x225.jpg 300w\" sizes=\"auto, (max-width: 720px) 100vw, 720px\" \/><figcaption class=\"wp-element-caption\">exp\u00e9dition de batteuse de ma\u00efs<\/figcaption><\/figure> <\/figure>    <p>5. L'utilisation de structures de criblage de classement et de s\u00e9parateurs d'air \u00e0 pression n\u00e9gative peut s\u00e9parer les grains cass\u00e9s, les grains cass\u00e9s et les articles divers, et am\u00e9liorer la propret\u00e9 des grains.<\/p>    <p>6. La structure de levage des grains est adopt\u00e9e et les grains peuvent \u00eatre directement charg\u00e9s dans le camion et mis en sac.<\/p>    <h2 class=\"wp-block-heading\">FAQ sur la d\u00e9cortiqueuse de ma\u00efs<\/h2>   <div id=\"rank-math-faq\" class=\"rank-math-block\"> <div class=\"rank-math-list\"> <div id=\"faq-question-1708592474166\" class=\"rank-math-list-item\"> <h3 class=\"rank-math-question\">1. <strong>Quelle est l\u2019efficacit\u00e9 de production de la machine ?<\/strong><\/h3> <div class=\"rank-math-answer\">  <p>L'efficacit\u00e9 de production de la machine d\u00e9pend de divers facteurs tels que le mod\u00e8le, les r\u00e9glages et les conditions de fonctionnement. G\u00e9n\u00e9ralement, il a un taux d\u2019efficacit\u00e9 \u00e9lev\u00e9 dans le battage des grains de ma\u00efs.<\/p>  <\/div> <\/div> <div id=\"faq-question-1708593423287\" class=\"rank-math-list-item\"> <h3 class=\"rank-math-question\">2. <strong>Quel entretien cette machine n\u00e9cessite-t-elle ?<\/strong><\/h3> <div class=\"rank-math-answer\">  <p>La machine n\u00e9cessite un nettoyage et une lubrification r\u00e9guliers pour garantir des performances optimales. De plus, des inspections et un entretien p\u00e9riodiques des composants sont recommand\u00e9s pour \u00e9viter les probl\u00e8mes et prolonger la dur\u00e9e de vie de la machine.<\/p>  <\/div> <\/div> <div id=\"faq-question-1708593424162\" class=\"rank-math-list-item\"> <h3 class=\"rank-math-question\">3. <strong>Quelle est la dur\u00e9e de vie pr\u00e9vue de la machine ?<\/strong><\/h3> <div class=\"rank-math-answer\">  <p>La dur\u00e9e de vie de la machine peut varier en fonction de l'utilisation, de l'entretien et d'autres facteurs. Avec des soins et un entretien appropri\u00e9s, il peut durer de nombreuses ann\u00e9es de fonctionnement continu.<\/p>  <\/div> <\/div> <div id=\"faq-question-1708593513512\" class=\"rank-math-list-item\"> <h3 class=\"rank-math-question\">4. <strong>La machine est-elle accompagn\u00e9e d'une garantie ?<\/strong><\/h3> <div class=\"rank-math-answer\">  <p>Oui, la machine est g\u00e9n\u00e9ralement accompagn\u00e9e d\u2019une garantie couvrant les d\u00e9fauts de fabrication et les dysfonctionnements. <\/p>  <\/div> <\/div> <div id=\"faq-question-1708593514257\" class=\"rank-math-list-item\"> <h3 class=\"rank-math-question\">5. <strong>Quel est le prix de la machine ?<\/strong><\/h3> <div class=\"rank-math-answer\">  <p>Le prix de la machine varie en fonction de facteurs tels que le mod\u00e8le, la capacit\u00e9, les fonctionnalit\u00e9s et le fournisseur. Il est conseill\u00e9 de nous demander un devis pour obtenir des informations pr\u00e9cises sur les prix.<\/p>  <\/div> <\/div> <\/div> <\/div>   <figure class=\"wp-block-gallery has-nested-images columns-default is-cropped wp-block-gallery-3 is-layout-flex wp-block-gallery-is-layout-flex\"> <figure class=\"wp-block-image size-large\"><img loading=\"lazy\" decoding=\"async\" width=\"720\" height=\"540\" data-id=\"211\" src=\"https:\/\/corn-machines.com\/wp-content\/uploads\/2022\/09\/maize-threshing-machine.jpg\" alt=\"batteuse de ma\u00efs\" class=\"wp-image-211\" srcset=\"https:\/\/corn-machines.com\/wp-content\/uploads\/2022\/09\/maize-threshing-machine.jpg 720w, https:\/\/corn-machines.com\/wp-content\/uploads\/2022\/09\/maize-threshing-machine-300x225.jpg 300w\" sizes=\"auto, (max-width: 720px) 100vw, 720px\" \/><figcaption class=\"wp-element-caption\">batteuse de ma\u00efs<\/figcaption><\/figure>    <figure class=\"wp-block-image size-large\"><img loading=\"lazy\" decoding=\"async\" width=\"720\" height=\"540\" data-id=\"212\" src=\"https:\/\/corn-machines.com\/wp-content\/uploads\/2022\/09\/maize-threshing.jpg\" alt=\"battage du ma\u00efs\" class=\"wp-image-212\" srcset=\"https:\/\/corn-machines.com\/wp-content\/uploads\/2022\/09\/maize-threshing.jpg 720w, https:\/\/corn-machines.com\/wp-content\/uploads\/2022\/09\/maize-threshing-300x225.jpg 300w\" sizes=\"auto, (max-width: 720px) 100vw, 720px\" \/><figcaption class=\"wp-element-caption\">battage du ma\u00efs<\/figcaption><\/figure> <\/figure>    <h2 class=\"wp-block-heading\">Contactez-nous<\/h2>    <p><br>En conclusion, notre d\u00e9cortiqueuse de ma\u00efs incarne l'innovation et les avanc\u00e9es dans le domaine agricole. Notre objectif est de cr\u00e9er des \u00e9quipements non seulement efficaces et fiables, mais qui se d\u00e9marquent \u00e9galement par leur cr\u00e9ativit\u00e9. <\/p>    <p>Avec une \u00e9quipe d\u00e9di\u00e9e et un engagement envers l\u2019excellence, nous nous effor\u00e7ons d\u2019\u00eatre votre partenaire privil\u00e9gi\u00e9 dans la transformation du ma\u00efs. Choisir notre d\u00e9cortiqueuse de ma\u00efs ne consiste pas seulement \u00e0 acqu\u00e9rir un \u00e9quipement ; il embrasse un symbole de cr\u00e9ativit\u00e9 et d\u2019innovation.<\/p>    <figure class=\"wp-block-image size-full\"><img loading=\"lazy\" decoding=\"async\" width=\"720\" height=\"540\" src=\"https:\/\/corn-machines.com\/wp-content\/uploads\/2022\/09\/maize-threshing-machine-3.jpg\" alt=\"batteuse de ma\u00efs\" class=\"wp-image-226\" srcset=\"https:\/\/corn-machines.com\/wp-content\/uploads\/2022\/09\/maize-threshing-machine-3.jpg 720w, https:\/\/corn-machines.com\/wp-content\/uploads\/2022\/09\/maize-threshing-machine-3-300x225.jpg 300w\" sizes=\"auto, (max-width: 720px) 100vw, 720px\" \/><figcaption class=\"wp-element-caption\">batteuse de ma\u00efs<\/figcaption><\/figure>","protected":false},"excerpt":{"rendered":"<p>Une d\u00e9cortiqueuse de ma\u00efs est une machine permettant de battre les \u00e9pis de ma\u00efs apr\u00e8s \u00e9pluchage et s\u00e9chage. et le taux de battage du ma\u00efs atteint 99%.<\/p>","protected":false},"author":1,"featured_media":209,"parent":0,"template":"","tags":[22,33],"product-type":[4],"class_list":["post-201","product","type-product","status-publish","has-post-thumbnail","hentry","tag-corn-shelling-machine","tag-corn-threshing-machine","product-type-corn-thresher-machine"],"_links":{"self":[{"href":"https:\/\/corn-machines.com\/fr\/wp-json\/wp\/v2\/product\/201","targetHints":{"allow":["GET"]}}],"collection":[{"href":"https:\/\/corn-machines.com\/fr\/wp-json\/wp\/v2\/product"}],"about":[{"href":"https:\/\/corn-machines.com\/fr\/wp-json\/wp\/v2\/types\/product"}],"author":[{"embeddable":true,"href":"https:\/\/corn-machines.com\/fr\/wp-json\/wp\/v2\/users\/1"}],"wp:featuredmedia":[{"embeddable":true,"href":"https:\/\/corn-machines.com\/fr\/wp-json\/wp\/v2\/media\/209"}],"wp:attachment":[{"href":"https:\/\/corn-machines.com\/fr\/wp-json\/wp\/v2\/media?parent=201"}],"wp:term":[{"taxonomy":"post_tag","embeddable":true,"href":"https:\/\/corn-machines.com\/fr\/wp-json\/wp\/v2\/tags?post=201"},{"taxonomy":"product-type","embeddable":true,"href":"https:\/\/corn-machines.com\/fr\/wp-json\/wp\/v2\/product-type?post=201"}],"curies":[{"name":"wp","href":"https:\/\/api.w.org\/{rel}","templated":true}]}}