{"id":1577,"date":"2026-04-22T13:56:22","date_gmt":"2026-04-22T05:56:22","guid":{"rendered":"https:\/\/corn-machines.com\/?post_type=product&#038;p=1577"},"modified":"2026-04-22T16:27:39","modified_gmt":"2026-04-22T08:27:39","slug":"corn-sheller-machine","status":"publish","type":"product","link":"https:\/\/corn-machines.com\/fr\/product\/corn-sheller-machine\/","title":{"rendered":"Machine \u00e0 \u00e9caler le ma\u00efs"},"content":{"rendered":"<p class=\"translation-block\">La machine \u00e0 \u00e9caler le ma\u00efs 5TYM-850 est sp\u00e9cialement con\u00e7ue pour le d\u00e9piquage du ma\u00efs. Elle int\u00e8gre d\u00e9piquage, nettoyage et s\u00e9paration en une seule unit\u00e9, avec une capacit\u00e9 stable de 4 \u00e0 6 tonnes par heure.<\/p>    <p>Notre machine \u00e0 d\u00e9piquer le ma\u00efs est facile \u00e0 d\u00e9placer et simple \u00e0 utiliser. Elle offre une haute efficacit\u00e9 de d\u00e9piquage (\u226598 %) avec un faible taux de casse des grains (\u22641,5 %), ce qui en fait un choix id\u00e9al pour les exploitations de taille moyenne. Si vous \u00eates int\u00e9ress\u00e9 par cette machine \u00e0 \u00e9caler le ma\u00efs, n\u2019h\u00e9sitez pas \u00e0 nous contacter pour plus de d\u00e9tails !<\/p>    <figure class=\"wp-block-embed is-type-video is-provider-youtube wp-block-embed-youtube wp-embed-aspect-16-9 wp-has-aspect-ratio\"><div class=\"wp-block-embed__wrapper\"> <iframe loading=\"lazy\" title=\"D\u00e9cortiqueuse de ma\u00efs d&#039;une capacit\u00e9 de 4 000 \u00e0 6 000 kg\/h et un taux de d\u00e9corticage de 98 %|Machine \u00e0 d\u00e9cortiquer le ma\u00efs\" width=\"500\" height=\"281\" src=\"https:\/\/www.youtube.com\/embed\/WC7KwwI5Oeg?feature=oembed\" frameborder=\"0\" allow=\"accelerometer; autoplay; clipboard-write; encrypted-media; gyroscope; picture-in-picture; web-share\" referrerpolicy=\"strict-origin-when-cross-origin\" allowfullscreen><\/iframe> <\/div><figcaption class=\"wp-element-caption\">vid\u00e9o de travail de la machine \u00e0 d\u00e9cortiquer le ma\u00efs<\/figcaption><\/figure>    <h2 class=\"wp-block-heading\"><strong>Principaux avantages et points forts<\/strong><\/h2>    <ol class=\"wp-block-list\"> <li><strong>D\u00e9piquage \u00e0 haute efficacit\u00e9<\/strong>: La machine \u00e0 d\u00e9piquer le ma\u00efs affiche une capacit\u00e9 de traitement de 4 \u00e0 6 tonnes par heure, ce qui la rend id\u00e9ale pour les grands exploitants ou les installations de traitement des grains.<\/li>    <li><strong>Sortie propre<\/strong>: Notre d\u00e9chiqueteuse \u00e0 ma\u00efs est \u00e9quip\u00e9e d\u2019un syst\u00e8me de soufflerie de grande capacit\u00e9 qui \u00e9limine les cosses et le son, r\u00e9duisant ainsi les co\u00fbts de nettoyage et de tri ult\u00e9rieurs.<\/li>    <li>H<strong>Int\u00e9grit\u00e9 \u00e9lev\u00e9e de l\u2019\u00e9pi<\/strong>: Le processus de d\u00e9piquage minimise les dommages aux \u00e9pis de ma\u00efs, permettant leur utilisation comme combustible, alimentation animale ou pour un traitement ult\u00e9rieur.<\/li>    <li><strong>Mobilit\u00e9 flexible<\/strong>: La machine \u00e0 \u00e9caler le ma\u00efs Taizy offre une configuration optionnelle avec de grands pneus et une barre de remorquage, permettant un d\u00e9placement facile \u00e0 travers les champs et sur les routes.<\/li>    <li><strong>Options double alimentation<\/strong>: Cette machine \u00e0 d\u00e9piquer le ma\u00efs supporte deux sources d\u2019\u00e9nergie \u2014 moteurs \u00e9lectriques et moteurs diesel, la rendant adapt\u00e9e aux zones sans acc\u00e8s \u00e0 l\u2019\u00e9lectricit\u00e9 ou en ext\u00e9rieur.<\/li> <\/ol>    <figure class=\"wp-block-gallery has-nested-images columns-default is-cropped wp-block-gallery-2 is-layout-flex wp-block-gallery-is-layout-flex\"> <figure class=\"wp-block-image size-large\"><img loading=\"lazy\" decoding=\"async\" width=\"540\" height=\"720\" data-id=\"1579\" src=\"https:\/\/corn-machines.com\/wp-content\/uploads\/2026\/04\/maize-shelling-machine.webp\" alt=\"d\u00e9cortiqueuse de ma\u00efs\" class=\"wp-image-1579\" srcset=\"https:\/\/corn-machines.com\/wp-content\/uploads\/2026\/04\/maize-shelling-machine.webp 540w, https:\/\/corn-machines.com\/wp-content\/uploads\/2026\/04\/maize-shelling-machine-225x300.webp 225w, https:\/\/corn-machines.com\/wp-content\/uploads\/2026\/04\/maize-shelling-machine-9x12.webp 9w\" sizes=\"auto, (max-width: 540px) 100vw, 540px\" \/><figcaption class=\"wp-element-caption\">d\u00e9cortiqueuse de ma\u00efs<\/figcaption><\/figure>    <figure class=\"wp-block-image size-large\"><img loading=\"lazy\" decoding=\"async\" width=\"540\" height=\"720\" data-id=\"1580\" src=\"https:\/\/corn-machines.com\/wp-content\/uploads\/2026\/04\/maize-thresher-machine.webp\" alt=\"machine \u00e0 d\u00e9cortiquer le ma\u00efs\" class=\"wp-image-1580\" srcset=\"https:\/\/corn-machines.com\/wp-content\/uploads\/2026\/04\/maize-thresher-machine.webp 540w, https:\/\/corn-machines.com\/wp-content\/uploads\/2026\/04\/maize-thresher-machine-225x300.webp 225w, https:\/\/corn-machines.com\/wp-content\/uploads\/2026\/04\/maize-thresher-machine-9x12.webp 9w\" sizes=\"auto, (max-width: 540px) 100vw, 540px\" \/><\/figure>    <figure class=\"wp-block-image size-large\"><img loading=\"lazy\" decoding=\"async\" width=\"540\" height=\"720\" data-id=\"1581\" src=\"https:\/\/corn-machines.com\/wp-content\/uploads\/2026\/04\/corn-sheller.webp\" alt=\"d\u00e9cortiqueur de ma\u00efs\" class=\"wp-image-1581\" srcset=\"https:\/\/corn-machines.com\/wp-content\/uploads\/2026\/04\/corn-sheller.webp 540w, https:\/\/corn-machines.com\/wp-content\/uploads\/2026\/04\/corn-sheller-225x300.webp 225w, https:\/\/corn-machines.com\/wp-content\/uploads\/2026\/04\/corn-sheller-9x12.webp 9w\" sizes=\"auto, (max-width: 540px) 100vw, 540px\" \/><figcaption class=\"wp-element-caption\">d\u00e9cortiqueur de ma\u00efs<\/figcaption><\/figure> <\/figure>    <h2 class=\"wp-block-heading\"><strong>Dates cl\u00e9s de la machine \u00e0 d\u00e9piquer le ma\u00efs<\/strong><\/h2>    <figure class=\"wp-block-table\"><table class=\"has-fixed-layout\"><thead><tr><th>Article<\/th><th>Sp\u00e9cification<\/th><\/tr><\/thead><tbody><tr><td>Mod\u00e8le<\/td><td>5TYM-850<\/td><\/tr><tr><td>Pouvoir<\/td><td>Moteur 5,5\u20137,5 kW \/ moteur diesel 12\u201318 HP<\/td><\/tr><tr><td>Capacit\u00e9<\/td><td>4\u20136 tonnes\/heure<\/td><\/tr><tr><td>Taux de d\u00e9corticage<\/td><td>\u226598%<\/td><\/tr><tr><td>Taux de casse<\/td><td>\u22641,5%<\/td><\/tr><tr><td>Dimensions<\/td><td>2300 \u00d7 1100 \u00d7 1300mm<\/td><\/tr><tr><td>Poids<\/td><td>326kg<\/td><\/tr><\/tbody><\/table><figcaption class=\"wp-element-caption\">param\u00e8tres de la machine d\u2019\u00e9grenage de ma\u00efs<\/figcaption><\/figure>    <h2 class=\"wp-block-heading\"><strong>Structure de la machine \u00e0 \u00e9caler le ma\u00efs<\/strong><\/h2>    <p>Notre d\u00e9chiqueteuse \u00e0 ma\u00efs poss\u00e8de une conception compacte et int\u00e9gr\u00e9e avec une disposition claire et logique, facilitant l\u2019utilisation et l\u2019entretien.<\/p>    <ul class=\"wp-block-list\"> <li>Entr\u00e9e : Situ\u00e9e en haut de la machine, la grande ouverture permet un alimentage rapide des \u00e9pis entiers, am\u00e9liorant ainsi l\u2019efficacit\u00e9 op\u00e9rationnelle.<\/li>    <li>Chambre de d\u00e9piquage et de s\u00e9paration : L\u2019int\u00e9rieur utilise un m\u00e9canisme \u00e0 tambour et \u00e0 pointes pour une s\u00e9paration tr\u00e8s efficace des grains de ma\u00efs des \u00e9pis.<\/li>    <li>Ventilateur : Utilis\u00e9 pour \u00e9liminer les impuret\u00e9s et les d\u00e9bris l\u00e9gers, am\u00e9liorant ainsi la puret\u00e9 du produit fini.<\/li>    <li>Sortie des grains de ma\u00efs : Situ\u00e9e en bas de l\u2019unit\u00e9, assurant une d\u00e9charge fluide et minimisant les blocages.<\/li>    <li>Sortie des \u00e9pis de ma\u00efs : Facilite la s\u00e9paration efficace des grains des c\u0153urs d\u2019\u00e9pi.<\/li> <\/ul>    <p><br>Ce qui pr\u00e9c\u00e8de d\u00e9crit la structure de base de la machine \u00e0 \u00e9caler le ma\u00efs, qui r\u00e9pond aux besoins standard de d\u00e9piquage. Des montages de traction \u00e0 grandes pneus et un ch\u00e2ssis renforc\u00e9 peuvent \u00eatre ajout\u00e9s pour am\u00e9liorer la mobilit\u00e9 et la stabilit\u00e9 en fonction des exigences sp\u00e9cifiques.<\/p>    <figure class=\"wp-block-gallery has-nested-images columns-default is-cropped wp-block-gallery-3 is-layout-flex wp-block-gallery-is-layout-flex\"> <figure class=\"wp-block-image size-large\"><img loading=\"lazy\" decoding=\"async\" width=\"720\" height=\"540\" data-id=\"1582\" src=\"https:\/\/corn-machines.com\/wp-content\/uploads\/2026\/04\/structure-of-corn-threshing-machine.webp\" alt=\"Structure de la machine \u00e0 d\u00e9piquer le ma\u00efs\" class=\"wp-image-1582\" srcset=\"https:\/\/corn-machines.com\/wp-content\/uploads\/2026\/04\/structure-of-corn-threshing-machine.webp 720w, https:\/\/corn-machines.com\/wp-content\/uploads\/2026\/04\/structure-of-corn-threshing-machine-300x225.webp 300w, https:\/\/corn-machines.com\/wp-content\/uploads\/2026\/04\/structure-of-corn-threshing-machine-16x12.webp 16w\" sizes=\"auto, (max-width: 720px) 100vw, 720px\" \/><figcaption class=\"wp-element-caption\">Structure de la machine \u00e0 d\u00e9piquer le ma\u00efs<\/figcaption><\/figure>    <figure class=\"wp-block-image size-large\"><img loading=\"lazy\" decoding=\"async\" width=\"720\" height=\"540\" data-id=\"1583\" src=\"https:\/\/corn-machines.com\/wp-content\/uploads\/2026\/04\/maize-thresher.webp\" alt=\"batteuse de ma\u00efs\" class=\"wp-image-1583\" srcset=\"https:\/\/corn-machines.com\/wp-content\/uploads\/2026\/04\/maize-thresher.webp 720w, https:\/\/corn-machines.com\/wp-content\/uploads\/2026\/04\/maize-thresher-300x225.webp 300w, https:\/\/corn-machines.com\/wp-content\/uploads\/2026\/04\/maize-thresher-16x12.webp 16w\" sizes=\"auto, (max-width: 720px) 100vw, 720px\" \/><figcaption class=\"wp-element-caption\">batteuse de ma\u00efs<\/figcaption><\/figure> <\/figure>    <h2 class=\"wp-block-heading\"><strong>Comment fonctionne la machine \u00e0 d\u00e9piquer le ma\u00efs ?<\/strong><\/h2>    <p>La machine \u00e0 \u00e9caler le ma\u00efs ex\u00e9cute l\u2019ensemble du processus \u2014 d\u00e9piquage, tamisage, \u00e9limination des impuret\u00e9s et s\u00e9paration.<\/p>    <ol class=\"wp-block-list\"> <li>Les \u00e9pis de ma\u00efs entrent dans la chambre de s\u00e9paration par l'entr\u00e9e d'alimentation, o\u00f9 le d\u00e9piquage est r\u00e9alis\u00e9 par l'action combin\u00e9e de l'impact \u00e0 haute vitesse du tambour \u00e0 pointes et du frottement mutuel.<\/li>    <li>Les grains de ma\u00efs d\u00e9piqu\u00e9s passent sur une glissi\u00e8re \u00e0 grains et entrent dans le syst\u00e8me d\u2019\u00e9cran vibrant.<\/li>    <li>Pendant que l\u2019\u00e9cran vibre en continu, les grains tombent \u00e0 travers les perforations du maillage dans la zone de collecte inf\u00e9rieure.<\/li>    <li>Les cosses et les impuret\u00e9s l\u00e9g\u00e8res sont aspir\u00e9es et expuls\u00e9es par un souffleur.<\/li>    <li>Propuls\u00e9s par le tambour, les \u00e9pis de ma\u00efs sont d\u00e9charg\u00e9s par une sortie d\u00e9di\u00e9e.<\/li> <\/ol>    <figure class=\"wp-block-gallery has-nested-images columns-default is-cropped wp-block-gallery-4 is-layout-flex wp-block-gallery-is-layout-flex\"> <figure class=\"wp-block-image size-large\"><img loading=\"lazy\" decoding=\"async\" width=\"720\" height=\"540\" data-id=\"1584\" src=\"https:\/\/corn-machines.com\/wp-content\/uploads\/2026\/04\/corn-sheller-machine.webp\" alt=\"machine \u00e0 \u00e9grener le ma\u00efs\" class=\"wp-image-1584\" srcset=\"https:\/\/corn-machines.com\/wp-content\/uploads\/2026\/04\/corn-sheller-machine.webp 720w, https:\/\/corn-machines.com\/wp-content\/uploads\/2026\/04\/corn-sheller-machine-300x225.webp 300w, https:\/\/corn-machines.com\/wp-content\/uploads\/2026\/04\/corn-sheller-machine-16x12.webp 16w\" sizes=\"auto, (max-width: 720px) 100vw, 720px\" \/><figcaption class=\"wp-element-caption\">machine \u00e0 \u00e9grener le ma\u00efs<\/figcaption><\/figure>    <figure class=\"wp-block-image size-large\"><img loading=\"lazy\" decoding=\"async\" width=\"720\" height=\"540\" data-id=\"1585\" src=\"https:\/\/corn-machines.com\/wp-content\/uploads\/2026\/04\/maize-sheller-machine.webp\" alt=\"machine \u00e9greneuse de ma\u00efs\" class=\"wp-image-1585\" srcset=\"https:\/\/corn-machines.com\/wp-content\/uploads\/2026\/04\/maize-sheller-machine.webp 720w, https:\/\/corn-machines.com\/wp-content\/uploads\/2026\/04\/maize-sheller-machine-300x225.webp 300w, https:\/\/corn-machines.com\/wp-content\/uploads\/2026\/04\/maize-sheller-machine-16x12.webp 16w\" sizes=\"auto, (max-width: 720px) 100vw, 720px\" \/><figcaption class=\"wp-element-caption\">machine \u00e9greneuse de ma\u00efs<\/figcaption><\/figure> <\/figure>    <h2 class=\"wp-block-heading\"><strong>Analyse des sc\u00e9narios d\u2019application pour la machine \u00e0 \u00e9caler le ma\u00efs<\/strong><\/h2>    <ul class=\"wp-block-list\"> <li>Traitement post-r\u00e9colte pour les petites et moyennes exploitations<\/li>    <li>D\u00e9piquage centralis\u00e9 dans les centres de collecte de grains<\/li>    <li>Traitement par lots par les coop\u00e9ratives agricoles<\/li>    <li>Services mobiles en zone rurale<\/li> <\/ul>    <h2 class=\"wp-block-heading\"><strong>Quel est le prix de la machine \u00e0 \u00e9caler le ma\u00efs ?<\/strong><\/h2>    <p>La machine \u00e0 \u00e9caler le ma\u00efs 5TYM-850 est propos\u00e9e \u00e0 un prix comp\u00e9titif d\u2019environ 1000 USD. Cependant, le co\u00fbt final peut varier en fonction de facteurs tels que la quantit\u00e9 command\u00e9e, la personnalisation et la distance d\u2019exp\u00e9dition. Si vous souhaitez conna\u00eetre le prix pr\u00e9cis, veuillez nous contacter pour obtenir le devis le plus r\u00e9cent.<\/p>   <div class=\"wp-block-image\"> <figure class=\"aligncenter size-full\"><img loading=\"lazy\" decoding=\"async\" width=\"720\" height=\"540\" src=\"https:\/\/corn-machines.com\/wp-content\/uploads\/2026\/04\/maize-threshing-machine.webp\" alt=\"batteuse de ma\u00efs\" class=\"wp-image-1586\" srcset=\"https:\/\/corn-machines.com\/wp-content\/uploads\/2026\/04\/maize-threshing-machine.webp 720w, https:\/\/corn-machines.com\/wp-content\/uploads\/2026\/04\/maize-threshing-machine-300x225.webp 300w, https:\/\/corn-machines.com\/wp-content\/uploads\/2026\/04\/maize-threshing-machine-16x12.webp 16w\" sizes=\"auto, (max-width: 720px) 100vw, 720px\" \/><figcaption class=\"wp-element-caption\">batteuse de ma\u00efs<\/figcaption><\/figure> <\/div>   <h2 class=\"wp-block-heading\"><strong>FAQ de la machine \u00e0 d\u00e9piquer le ma\u00efs<\/strong><\/h2>   <div id=\"rank-math-faq\" class=\"rank-math-block\"> <div class=\"rank-math-list\"> <div id=\"faq-question-1776825910147\" class=\"rank-math-list-item\"> <h3 class=\"rank-math-question\">Pour quels types de ma\u00efs la machine \u00e0 \u00e9caler le ma\u00efs 5TYM-850 est-elle adapt\u00e9e ?<\/h3> <div class=\"rank-math-answer\">  <p>Convient pour le d\u00e9piquage du ma\u00efs sec ; des r\u00e9sultats optimaux sont obtenus avec un taux d\u2019humidit\u00e9 compris entre 13 % et 20 %.<\/p>  <\/div> <\/div> <div id=\"faq-question-1776825950137\" class=\"rank-math-list-item\"> <h3 class=\"rank-math-question\">Le taux de casse des grains de ma\u00efs est-il \u00e9lev\u00e9 ?<\/h3> <div class=\"rank-math-answer\">  <p>La machine \u00e0 \u00e9caler le ma\u00efs poss\u00e8de une structure \u00e0 dents pointues et une vitesse de rotation du tambour con\u00e7ues de mani\u00e8re rationnelle, minimisant efficacement le taux de casse (\u22641,5 %).<\/p>  <\/div> <\/div> <div id=\"faq-question-1776826010298\" class=\"rank-math-list-item\"> <h3 class=\"rank-math-question\">Peut-elle \u00eatre utilis\u00e9e pour d\u2019autres cultures ?<\/h3> <div class=\"rank-math-answer\">  <p class=\"translation-block\">Il est principalement con\u00e7u pour le ma\u00efs. Si vous avez besoin de traiter une vari\u00e9t\u00e9 de grains, nous proposons \u00e9galement le <a href=\"https:\/\/corn-machines.com\/fr\/product\/multifunctional-grain-thresher\/\">d\u00e9chiqueteuse \u00e0 grains multifonction<\/a>.<\/p>  <\/div> <\/div> <div id=\"faq-question-1776826084108\" class=\"rank-math-list-item\"> <h3 class=\"rank-math-question\">Quel est son taux de d\u00e9piquage ?<\/h3> <div class=\"rank-math-answer\">  <p>Notre machine \u00e0 d\u00e9piquer le ma\u00efs affiche un taux de d\u00e9piquage tr\u00e8s \u00e9lev\u00e9, d\u00e9passant 98 %.<\/p>  <\/div> <\/div> <\/div> <\/div>   <h2 class=\"wp-block-heading\"><strong>Vous recherchez une solution fiable pour le d\u00e9piquage du ma\u00efs ?<\/strong><\/h2>    <p>Si vous recherchez un \u00e9quipement de traitement du ma\u00efs efficace et durable, la machine \u00e0 \u00e9caler le ma\u00efs 5TYM-850 est votre choix id\u00e9al, offrant une performance stable et une efficacit\u00e9 de d\u00e9piquage exceptionnellement \u00e9lev\u00e9e.<\/p>    <p>Pour plus de d\u00e9tails ou pour demander un devis, n\u2019h\u00e9sitez pas \u00e0 nous contacter \u00e0 tout moment \u2014 nous vous aiderons \u00e0 choisir la solution la plus adapt\u00e9e \u00e0 vos besoins.<\/p>","protected":false},"excerpt":{"rendered":"<p>This article primarily introduces the 5TYM-850 corn sheller machine. It is a highly efficient and stable piece of corn processing equipment, boasting a production capacity of 4 to 6 tons per hour and a threshing rate of \u226598%, thereby enabling highly efficient threshing operations.<\/p>","protected":false},"author":1,"featured_media":1587,"parent":0,"template":"","tags":[42],"product-type":[4],"class_list":["post-1577","product","type-product","status-publish","has-post-thumbnail","hentry","tag-corn","product-type-corn-thresher-machine"],"_links":{"self":[{"href":"https:\/\/corn-machines.com\/fr\/wp-json\/wp\/v2\/product\/1577","targetHints":{"allow":["GET"]}}],"collection":[{"href":"https:\/\/corn-machines.com\/fr\/wp-json\/wp\/v2\/product"}],"about":[{"href":"https:\/\/corn-machines.com\/fr\/wp-json\/wp\/v2\/types\/product"}],"author":[{"embeddable":true,"href":"https:\/\/corn-machines.com\/fr\/wp-json\/wp\/v2\/users\/1"}],"wp:featuredmedia":[{"embeddable":true,"href":"https:\/\/corn-machines.com\/fr\/wp-json\/wp\/v2\/media\/1587"}],"wp:attachment":[{"href":"https:\/\/corn-machines.com\/fr\/wp-json\/wp\/v2\/media?parent=1577"}],"wp:term":[{"taxonomy":"post_tag","embeddable":true,"href":"https:\/\/corn-machines.com\/fr\/wp-json\/wp\/v2\/tags?post=1577"},{"taxonomy":"product-type","embeddable":true,"href":"https:\/\/corn-machines.com\/fr\/wp-json\/wp\/v2\/product-type?post=1577"}],"curies":[{"name":"wp","href":"https:\/\/api.w.org\/{rel}","templated":true}]}}