{"id":1554,"date":"2026-04-15T14:38:27","date_gmt":"2026-04-15T06:38:27","guid":{"rendered":"https:\/\/corn-machines.com\/?post_type=product&#038;p=1554"},"modified":"2026-04-15T17:24:06","modified_gmt":"2026-04-15T09:24:06","slug":"corn-husking-machine","status":"publish","type":"product","link":"https:\/\/corn-machines.com\/fr\/product\/corn-husking-machine\/","title":{"rendered":"Machine \u00e0 \u00e9cosser le ma\u00efs"},"content":{"rendered":"<p class=\"translation-block\">La <strong>d\u00e9cortiqueuse de ma\u00efs<\/strong> est un dispositif automatis\u00e9 et hautement efficace sp\u00e9cialement con\u00e7u pour retirer les enveloppes externes du ma\u00efs frais. L'\u00e9quipement prend en charge un flux de travail continu englobant l'alimentation automatique, la coupe des racines, la coupe des pointes, l'\u00e9limination des soies, l'\u00e9pluchage et la d\u00e9charge. Sa capacit\u00e9 globale d'\u00e9pluchage atteint 7 000\u201312 000 \u00e9pis par heure, avec un taux de puret\u00e9 d'\u00e9pluchage allant jusqu'\u00e0 98 % et un taux d'endommagement aussi bas que 1 %.<\/p>    <p>Nous proposons deux types de d\u00e9cortiqueuses : la d\u00e9cortiqueuse de ma\u00efs fra\u00eeche \u00e0 soufflage d'air et la d\u00e9cortiqueuse \u00e0 rouleaux en caoutchouc. Elles sont con\u00e7ues pour r\u00e9pondre aux besoins de transformation des usines de ma\u00efs frais, des centres de produits frais pr\u00eats \u00e0 l'emploi, des usines d'aliments surgel\u00e9s et des entreprises de transformation agricole.<\/p>    <h2 class=\"wp-block-heading\"><strong>Caract\u00e9ristiques et avantages de la d\u00e9cortiqueuse de ma\u00efs<\/strong><\/h2>    <p>Compar\u00e9e aux m\u00e9thodes manuelles traditionnelles d'\u00e9pluchage, cette d\u00e9cortiqueuse est id\u00e9alement adapt\u00e9e aux op\u00e9rations de transformation \u00e0 grande \u00e9chelle de ma\u00efs frais :<\/p>    <ul class=\"wp-block-list\"> <li><strong>Haute efficacit\u00e9 de traitement<\/strong>: Capable de traiter jusqu'\u00e0 12 000 \u00e9pis par heure.<\/li>    <li><strong>Faible taux d'endommagement<\/strong>: Maintenu \u00e0 environ 1 %, pr\u00e9servant ainsi la valeur marchande du produit.<\/li>    <li>H<strong>haute puret\u00e9 d'\u00e9pluchage<\/strong>: Atteint constamment un taux d'\u00e9pluchage de 98 %.<\/li>    <li><strong>Niveau \u00e9lev\u00e9 d'automatisation<\/strong>: R\u00e9duit consid\u00e9rablement les co\u00fbts de main-d'\u0153uvre.<\/li>    <li><strong>Large applicabilit\u00e9<\/strong>: Compatible avec diverses vari\u00e9t\u00e9s de ma\u00efs, y compris le ma\u00efs frais, le ma\u00efs sucr\u00e9 et le ma\u00efs gluant.<\/li>    <li><strong>Personnalisation prise en charge<\/strong>: Param\u00e8tres r\u00e9glables pour s'adapter aux longueurs de ma\u00efs sp\u00e9cifiques et aux exigences de conservation des feuilles.<\/li>    <li><strong>Deux mod\u00e8les disponibles<\/strong>: Options pour convenir \u00e0 divers contraintes budg\u00e9taires et flux de travail de transformation.<\/li> <\/ul>   <div class=\"wp-block-image\"> <figure class=\"aligncenter size-full\"><img loading=\"lazy\" decoding=\"async\" width=\"720\" height=\"540\" src=\"https:\/\/corn-machines.com\/wp-content\/uploads\/2026\/04\/corn-husking-machine.webp\" alt=\"d\u00e9cortiqueuse de ma\u00efs\" class=\"wp-image-1557\" srcset=\"https:\/\/corn-machines.com\/wp-content\/uploads\/2026\/04\/corn-husking-machine.webp 720w, https:\/\/corn-machines.com\/wp-content\/uploads\/2026\/04\/corn-husking-machine-300x225.webp 300w, https:\/\/corn-machines.com\/wp-content\/uploads\/2026\/04\/corn-husking-machine-16x12.webp 16w\" sizes=\"auto, (max-width: 720px) 100vw, 720px\" \/><figcaption class=\"wp-element-caption\">d\u00e9cortiqueuse de ma\u00efs<\/figcaption><\/figure> <\/div>   <h2 class=\"wp-block-heading\"><strong>Deux types de d\u00e9cortiqueuses de ma\u00efs<\/strong><\/h2>    <p>Nous proposons deux types de machines d\u00e9cortiqueuses de ma\u00efs :<\/p>    <ol class=\"wp-block-list\"> <li><strong>d\u00e9cortiqueuse de ma\u00efs \u00e0 soufflage d'air<\/strong><\/li>    <li><strong>d\u00e9cortiqueuse de ma\u00efs \u00e0 rouleaux en caoutchouc<\/strong><\/li> <\/ol>    <p>Chacun de ces deux types d'\u00e9quipements de d\u00e9corticage de ma\u00efs poss\u00e8de ses propres caract\u00e9ristiques et avantages distincts, vous permettant de faire un choix en fonction de vos besoins sp\u00e9cifiques.<\/p>    <figure class=\"wp-block-gallery has-nested-images columns-default is-cropped wp-block-gallery-2 is-layout-flex wp-block-gallery-is-layout-flex\"> <figure class=\"wp-block-image size-large\"><img loading=\"lazy\" decoding=\"async\" width=\"720\" height=\"540\" data-id=\"1558\" src=\"https:\/\/corn-machines.com\/wp-content\/uploads\/2026\/04\/air-blowing-corn-husking-machine.webp\" alt=\"d\u00e9cortiqueuse de ma\u00efs \u00e0 soufflage d&#039;air\" class=\"wp-image-1558\" srcset=\"https:\/\/corn-machines.com\/wp-content\/uploads\/2026\/04\/air-blowing-corn-husking-machine.webp 720w, https:\/\/corn-machines.com\/wp-content\/uploads\/2026\/04\/air-blowing-corn-husking-machine-300x225.webp 300w, https:\/\/corn-machines.com\/wp-content\/uploads\/2026\/04\/air-blowing-corn-husking-machine-16x12.webp 16w\" sizes=\"auto, (max-width: 720px) 100vw, 720px\" \/><figcaption class=\"wp-element-caption\">d\u00e9cortiqueuse de ma\u00efs \u00e0 soufflage d'air<\/figcaption><\/figure>    <figure class=\"wp-block-image size-large\"><img loading=\"lazy\" decoding=\"async\" width=\"720\" height=\"540\" data-id=\"1560\" src=\"https:\/\/corn-machines.com\/wp-content\/uploads\/2026\/04\/rubber-roller-corn-husker.webp\" alt=\"d\u00e9cortiqueuse de ma\u00efs \u00e0 rouleaux en caoutchouc\" class=\"wp-image-1560\" srcset=\"https:\/\/corn-machines.com\/wp-content\/uploads\/2026\/04\/rubber-roller-corn-husker.webp 720w, https:\/\/corn-machines.com\/wp-content\/uploads\/2026\/04\/rubber-roller-corn-husker-300x225.webp 300w, https:\/\/corn-machines.com\/wp-content\/uploads\/2026\/04\/rubber-roller-corn-husker-16x12.webp 16w\" sizes=\"auto, (max-width: 720px) 100vw, 720px\" \/><figcaption class=\"wp-element-caption\">d\u00e9cortiqueuse de ma\u00efs \u00e0 rouleaux en caoutchouc<\/figcaption><\/figure> <\/figure>    <h3 class=\"wp-block-heading\"><strong>Type 1 :<\/strong> <strong>d\u00e9cortiqueuse de ma\u00efs \u00e0 soufflage d'air<\/strong><\/h3>    <p>La d\u00e9cortiqueuse de ma\u00efs fra\u00eeche \u00e0 soufflage d'air est un \u00e9quipement de transformation automatis\u00e9 du ma\u00efs frais, particuli\u00e8rement adapt\u00e9 aux clients ayant des exigences strictes concernant l'apparence visuelle du produit fini. Apr\u00e8s la r\u00e9colte du ma\u00efs frais, il entre dans la machine via un syst\u00e8me de convoyeur, o\u00f9 les op\u00e9rations suivantes sont ex\u00e9cut\u00e9es automatiquement :<\/p>    <ul class=\"wp-block-list\"> <li>\u00c9lagage des racines<\/li>    <li>\u00c9branchage des pointes<\/li>    <li>\u00c9limination des soies<\/li>    <li>Soufflage d'air pour les feuilles l\u00e2ches<\/li>    <li>\u00c9pluchage<\/li>    <li>D\u00e9charge<\/li> <\/ul>    <p class=\"translation-block\"><strong>Caract\u00e9ristiques<\/strong><\/p>    <ul class=\"wp-block-list\"> <li>Haute homog\u00e9n\u00e9it\u00e9 du produit<\/li>    <li>Mode de conservation des feuilles commutable<\/li>    <li>Niveau \u00e9lev\u00e9 d'automatisation<\/li> <\/ul>    <p class=\"translation-block\"><strong>Principe de fonctionnement<\/strong><\/p>    <p>Cette d\u00e9cortiqueuse de ma\u00efs frais utilise une m\u00e9thode de traitement continue et automatis\u00e9e. L'ensemble du processus, depuis l'alimentation manuelle du ma\u00efs frais jusqu'\u00e0 la sortie du produit fini. Le flux de travail sp\u00e9cifique est le suivant :<\/p>    <p>Alimentation manuelle \u2192 Convoyage automatique \u2192 Coupe de la racine \u2192 Coupe de la pointe \u2192 \u00c9limination des soies \u2192 S\u00e9paration des feuilles assist\u00e9e par air \u2192 \u00c9pluchage automatique \u2192 D\u00e9chargement du produit fini<\/p>    <figure class=\"wp-block-gallery has-nested-images columns-default is-cropped wp-block-gallery-3 is-layout-flex wp-block-gallery-is-layout-flex\"> <figure class=\"wp-block-image size-large\"><img loading=\"lazy\" decoding=\"async\" width=\"720\" height=\"540\" data-id=\"1561\" src=\"https:\/\/corn-machines.com\/wp-content\/uploads\/2026\/04\/corn-husk-removing-machine.webp\" alt=\"machine d&#039;enl\u00e8vement de la cosse de ma\u00efs\" class=\"wp-image-1561\" srcset=\"https:\/\/corn-machines.com\/wp-content\/uploads\/2026\/04\/corn-husk-removing-machine.webp 720w, https:\/\/corn-machines.com\/wp-content\/uploads\/2026\/04\/corn-husk-removing-machine-300x225.webp 300w, https:\/\/corn-machines.com\/wp-content\/uploads\/2026\/04\/corn-husk-removing-machine-16x12.webp 16w\" sizes=\"auto, (max-width: 720px) 100vw, 720px\" \/><figcaption class=\"wp-element-caption\">machine d'enl\u00e8vement de la cosse de ma\u00efs<\/figcaption><\/figure>    <figure class=\"wp-block-image size-large\"><img loading=\"lazy\" decoding=\"async\" width=\"720\" height=\"540\" data-id=\"1564\" src=\"https:\/\/corn-machines.com\/wp-content\/uploads\/2026\/04\/detailed-of-corn-husker.webp\" alt=\"d\u00e9tails de la d\u00e9cortiqueuse de ma\u00efs\" class=\"wp-image-1564\" srcset=\"https:\/\/corn-machines.com\/wp-content\/uploads\/2026\/04\/detailed-of-corn-husker.webp 720w, https:\/\/corn-machines.com\/wp-content\/uploads\/2026\/04\/detailed-of-corn-husker-300x225.webp 300w, https:\/\/corn-machines.com\/wp-content\/uploads\/2026\/04\/detailed-of-corn-husker-16x12.webp 16w\" sizes=\"auto, (max-width: 720px) 100vw, 720px\" \/><figcaption class=\"wp-element-caption\">d\u00e9tails de la d\u00e9cortiqueuse de ma\u00efs<\/figcaption><\/figure>    <figure class=\"wp-block-image size-large\"><img loading=\"lazy\" decoding=\"async\" width=\"720\" height=\"540\" data-id=\"1565\" src=\"https:\/\/corn-machines.com\/wp-content\/uploads\/2026\/04\/detailed-of-maize-husker-machine.webp\" alt=\"d\u00e9tails de la machine d\u00e9cortiqueuse de ma\u00efs\" class=\"wp-image-1565\" srcset=\"https:\/\/corn-machines.com\/wp-content\/uploads\/2026\/04\/detailed-of-maize-husker-machine.webp 720w, https:\/\/corn-machines.com\/wp-content\/uploads\/2026\/04\/detailed-of-maize-husker-machine-300x225.webp 300w, https:\/\/corn-machines.com\/wp-content\/uploads\/2026\/04\/detailed-of-maize-husker-machine-16x12.webp 16w\" sizes=\"auto, (max-width: 720px) 100vw, 720px\" \/><figcaption class=\"wp-element-caption\">d\u00e9tails de la d\u00e9cortiqueuse de ma\u00efs<\/figcaption><\/figure> <\/figure>    <p class=\"translation-block\"><strong>Param\u00e8tres<\/strong> <strong>techniques<\/strong><\/p>    <figure class=\"wp-block-table\"><table class=\"has-fixed-layout\"><thead><tr><th>Article<\/th><th>Param\u00e8tre<\/th><\/tr><\/thead><tbody><tr><td>Vitesse de travail<\/td><td>0\u201312 000 \u00e9pis\/heure<\/td><\/tr><tr><td>Pression d'alimentation d'air<\/td><td>\u22650,8MPa<\/td><\/tr><tr><td>Poids de la machine<\/td><td>4000kg<\/td><\/tr><tr><td>Volume du r\u00e9servoir d'air<\/td><td>\u22651,0m\u00b3<\/td><\/tr><tr><td>Intervalle de longueur du ma\u00efs<\/td><td>110\u2013280mm<\/td><\/tr><tr><td>Intervalle de diam\u00e8tre du ma\u00efs<\/td><td>\u03a640\u2013\u03a680mm<\/td><\/tr><tr><td>Mode de conservation des feuilles<\/td><td>Commutation manuelle<\/td><\/tr><tr><td>Taux d'\u00e9pluchage<\/td><td>98%<\/td><\/tr><tr><td>Taux d'endommagement<\/td><td>1%<\/td><\/tr><tr><td>Taux d'\u00e9limination des soies<\/td><td>92%<\/td><\/tr><\/tbody><\/table><figcaption class=\"wp-element-caption\">sp\u00e9cifications de la d\u00e9cortiqueuse de ma\u00efs doux <\/figcaption><\/figure>    <h3 class=\"wp-block-heading\"><strong>Type 2 : Machine d\u00e9cortiqueuse de ma\u00efs \u00e0 rouleaux en caoutchouc<\/strong><\/h3>    <p>La d\u00e9cortiqueuse de ma\u00efs \u00e0 rouleaux en caoutchouc utilise plusieurs ensembles de rouleaux en caoutchouc r\u00e9sistants \u00e0 l'usure pour effectuer l'\u00e9pluchage simultan\u00e9. Caract\u00e9ris\u00e9e par une structure stable et une facilit\u00e9 d'entretien, ses principales caract\u00e9ristiques comprennent :<\/p>    <ul class=\"wp-block-list\"> <li>Construction simple mais durable<\/li>    <li>Fonctionnement continu et stable<\/li>    <li>Faibles co\u00fbts de maintenance<\/li>    <li>Rapport co\u00fbt-efficacit\u00e9 \u00e9lev\u00e9<\/li> <\/ul>    <figure class=\"wp-block-gallery has-nested-images columns-default is-cropped wp-block-gallery-4 is-layout-flex wp-block-gallery-is-layout-flex\"> <figure class=\"wp-block-image size-large\"><img loading=\"lazy\" decoding=\"async\" width=\"540\" height=\"720\" data-id=\"1562\" src=\"https:\/\/corn-machines.com\/wp-content\/uploads\/2026\/04\/maize-husking-machine.webp\" alt=\"machine de d\u00e9corticage du ma\u00efs\" class=\"wp-image-1562\" srcset=\"https:\/\/corn-machines.com\/wp-content\/uploads\/2026\/04\/maize-husking-machine.webp 540w, https:\/\/corn-machines.com\/wp-content\/uploads\/2026\/04\/maize-husking-machine-225x300.webp 225w, https:\/\/corn-machines.com\/wp-content\/uploads\/2026\/04\/maize-husking-machine-9x12.webp 9w\" sizes=\"auto, (max-width: 540px) 100vw, 540px\" \/><figcaption class=\"wp-element-caption\">machine de d\u00e9corticage du ma\u00efs<\/figcaption><\/figure>    <figure class=\"wp-block-image size-large\"><img loading=\"lazy\" decoding=\"async\" width=\"540\" height=\"720\" data-id=\"1563\" src=\"https:\/\/corn-machines.com\/wp-content\/uploads\/2026\/04\/rubbr-roller-corn-husker-machine-1.webp\" alt=\"machine d\u00e9cortiqueuse de ma\u00efs \u00e0 rouleaux en caoutchouc\" class=\"wp-image-1563\" srcset=\"https:\/\/corn-machines.com\/wp-content\/uploads\/2026\/04\/rubbr-roller-corn-husker-machine-1.webp 540w, https:\/\/corn-machines.com\/wp-content\/uploads\/2026\/04\/rubbr-roller-corn-husker-machine-1-225x300.webp 225w, https:\/\/corn-machines.com\/wp-content\/uploads\/2026\/04\/rubbr-roller-corn-husker-machine-1-9x12.webp 9w\" sizes=\"auto, (max-width: 540px) 100vw, 540px\" \/><figcaption class=\"wp-element-caption\">machine d\u00e9cortiqueuse de ma\u00efs \u00e0 rouleaux en caoutchouc<\/figcaption><\/figure> <\/figure>    <p class=\"translation-block\"><strong>Sp\u00e9cifications techniques<\/strong><\/p>    <figure class=\"wp-block-table\"><table class=\"has-fixed-layout\"><thead><tr><th>Param\u00e8tres du mod\u00e8le<\/th><th>D\u00e9tails<\/th><\/tr><\/thead><tbody><tr><td>Capacit\u00e9<\/td><td>7 000 \u00e9pis\/h<\/td><\/tr><tr><td>Taille de la machine<\/td><td>2500 \u00d7 1300 \u00d7 2200mm<\/td><\/tr><tr><td>Arbre principal<\/td><td>1750 mm, \u03a671,5mm<\/td><\/tr><tr><td>Rouleaux en caoutchouc<\/td><td>16 pcs, 108 \u00d7 71,5mm<\/td><\/tr><tr><td>Lubrification<\/td><td>Lubrification circulaire automatique<\/td><\/tr><tr><td>Acier inoxydable, acier de canal, personnalisable<\/td><td>25PPR<\/td><\/tr><tr><td>Pouvoir<\/td><td>8,37kw<\/td><\/tr><tr><td>Tension<\/td><td>380V \/ 50Hz<\/td><\/tr><tr><td>Mat\u00e9riau de machine<\/td><td>Acier inoxydable, acier de canal, personnalisable<\/td><\/tr><\/tbody><\/table><figcaption class=\"wp-element-caption\">param\u00e8tres de la d\u00e9cortiqueuse de ma\u00efs \u00e0 rouleaux en caoutchouc<\/figcaption><\/figure>    <h2 class=\"wp-block-heading\"><strong>Sc\u00e9narios d'application pour la d\u00e9cortiqueuse de ma\u00efs<\/strong><\/h2>    <p>Cette d\u00e9cortiqueuse de ma\u00efs est largement utilis\u00e9e pour :<\/p>    <ul class=\"wp-block-list\"> <li>Transformation du ma\u00efs sucr\u00e9 frais<\/li>    <li>Conditionnement sous vide du ma\u00efs gluant<\/li>    <li>Distribution des produits de ma\u00efs pr\u00e9par\u00e9s<\/li>    <li>Transformation du ma\u00efs surgel\u00e9<\/li>    <li>Pr\u00e9traitement des ingr\u00e9dients dans les cuisines centrales<\/li>    <li>Fourniture de ma\u00efs pr\u00eat-\u00e0-manger pour supermarch\u00e9s<\/li>    <li>Transformation de produits agricoles destin\u00e9s \u00e0 l'exportation<\/li> <\/ul>    <figure class=\"wp-block-gallery has-nested-images columns-default is-cropped wp-block-gallery-5 is-layout-flex wp-block-gallery-is-layout-flex\"> <figure class=\"wp-block-image size-large\"><img loading=\"lazy\" decoding=\"async\" width=\"720\" height=\"540\" data-id=\"1566\" src=\"https:\/\/corn-machines.com\/wp-content\/uploads\/2026\/04\/corn-with-the-husk.webp\" alt=\"ma\u00efs avec la cosse\" class=\"wp-image-1566\" srcset=\"https:\/\/corn-machines.com\/wp-content\/uploads\/2026\/04\/corn-with-the-husk.webp 720w, https:\/\/corn-machines.com\/wp-content\/uploads\/2026\/04\/corn-with-the-husk-300x225.webp 300w, https:\/\/corn-machines.com\/wp-content\/uploads\/2026\/04\/corn-with-the-husk-16x12.webp 16w\" sizes=\"auto, (max-width: 720px) 100vw, 720px\" \/><figcaption class=\"wp-element-caption\">ma\u00efs avec la cosse<\/figcaption><\/figure>    <figure class=\"wp-block-image size-large\"><img loading=\"lazy\" decoding=\"async\" width=\"720\" height=\"540\" data-id=\"1567\" src=\"https:\/\/corn-machines.com\/wp-content\/uploads\/2026\/04\/husked-corn.webp\" alt=\"ma\u00efs \u00e9pluch\u00e9\" class=\"wp-image-1567\" srcset=\"https:\/\/corn-machines.com\/wp-content\/uploads\/2026\/04\/husked-corn.webp 720w, https:\/\/corn-machines.com\/wp-content\/uploads\/2026\/04\/husked-corn-300x225.webp 300w, https:\/\/corn-machines.com\/wp-content\/uploads\/2026\/04\/husked-corn-16x12.webp 16w\" sizes=\"auto, (max-width: 720px) 100vw, 720px\" \/><figcaption class=\"wp-element-caption\">ma\u00efs \u00e9pluch\u00e9<\/figcaption><\/figure> <\/figure>    <h2 class=\"wp-block-heading\"><strong>Comment choisir une d\u00e9cortiqueuse de ma\u00efs ?<\/strong><\/h2>    <p>Si votre priorit\u00e9 est l'apparence du produit fini, la coupe automatique des racines et des pointes, une \u00e9limination efficace des soies et un traitement haut de gamme du ma\u00efs sucr\u00e9 frais, nous recommandons de privil\u00e9gier la d\u00e9cortiqueuse de ma\u00efs fra\u00eeche de type soufflage d'air.<\/p>    <p>Cependant, si vous privil\u00e9giez le co\u00fbt d'investissement de l'\u00e9quipement, la stabilit\u00e9 op\u00e9rationnelle et la facilit\u00e9 d'entretien quotidien, le type \u00e0 rouleaux en caoutchouc serait un choix plus adapt\u00e9.<\/p>    <h2 class=\"wp-block-heading\"><strong>Combien co\u00fbte une d\u00e9cortiqueuse de ma\u00efs frais ?<\/strong><\/h2>    <p>Le prix d'une d\u00e9cortiqueuse de ma\u00efs varie en fonction de facteurs tels que la capacit\u00e9 de production, la configuration, le degr\u00e9 d'automatisation et les exigences en mati\u00e8re de mat\u00e9riaux. Les principaux facteurs influen\u00e7ant son prix sont les suivants :<\/p>    <ul class=\"wp-block-list\"> <li>Capacit\u00e9 de production<\/li>    <li>Inclusion du syst\u00e8me de soufflage d'air ou du r\u00e9servoir d'air<\/li>    <li>Exigences en mati\u00e8re de mat\u00e9riaux (acier standard \/ acier inoxydable)<\/li>    <li>Degr\u00e9 d'automatisation<\/li>    <li>Exigences de personnalisation<\/li>    <li>Distance d'exp\u00e9dition et politique d'exp\u00e9dition<\/li> <\/ul>   <div class=\"wp-block-image\"> <figure class=\"aligncenter size-full\"><img loading=\"lazy\" decoding=\"async\" width=\"720\" height=\"540\" src=\"https:\/\/corn-machines.com\/wp-content\/uploads\/2026\/04\/corn-husk-remover.webp\" alt=\"\u00c9plucheur de ma\u00efs\" class=\"wp-image-1556\" srcset=\"https:\/\/corn-machines.com\/wp-content\/uploads\/2026\/04\/corn-husk-remover.webp 720w, https:\/\/corn-machines.com\/wp-content\/uploads\/2026\/04\/corn-husk-remover-300x225.webp 300w, https:\/\/corn-machines.com\/wp-content\/uploads\/2026\/04\/corn-husk-remover-16x12.webp 16w\" sizes=\"auto, (max-width: 720px) 100vw, 720px\" \/><figcaption class=\"wp-element-caption\">\u00c9plucheur de ma\u00efs<\/figcaption><\/figure> <\/div>   <h2 class=\"wp-block-heading\"><strong>FAQ de la d\u00e9cortiqueuse de ma\u00efs<\/strong><\/h2>   <div id=\"rank-math-faq\" class=\"rank-math-block\"> <div class=\"rank-math-list\"> <div id=\"faq-question-1776231304993\" class=\"rank-math-list-item\"> <h3 class=\"rank-math-question\">Quelle est la diff\u00e9rence entre les d\u00e9cortiqueuses de ma\u00efs \u00e0 soufflage d'air et \u00e0 rouleaux en caoutchouc ?<\/h3> <div class=\"rank-math-answer\">  <p>Le mod\u00e8le \u00e0 soufflage d'air s'appuie principalement sur le flux d'air pour aider \u00e0 l'\u00e9limination des feuilles ; le mod\u00e8le \u00e0 rouleaux en caoutchouc s'appuie sur le frottement m\u00e9canique.<\/p>  <\/div> <\/div> <div id=\"faq-question-1776231394007\" class=\"rank-math-list-item\"> <h3 class=\"rank-math-question\">L'\u00e9quipement peut-il traiter diff\u00e9rentes vari\u00e9t\u00e9s de ma\u00efs ?<\/h3> <div class=\"rank-math-answer\">  <p>Oui. Notre d\u00e9cortiqueuse convient \u00e0 divers types de ma\u00efs destin\u00e9 \u00e0 la consommation fra\u00eeche, tels que le ma\u00efs sucr\u00e9 et le ma\u00efs gluant.<\/p>  <\/div> <\/div> <div id=\"faq-question-1776231440122\" class=\"rank-math-list-item\"> <h3 class=\"rank-math-question\">Le taux de casse pour le ma\u00efs est-il \u00e9lev\u00e9 ?<\/h3> <div class=\"rank-math-answer\">  <p>Le taux de casse pour l'\u00e9quipement \u00e0 soufflage d'air est d'environ 1 %.<\/p>  <\/div> <\/div> <div id=\"faq-question-1776231515312\" class=\"rank-math-list-item\"> <h3 class=\"rank-math-question\">La d\u00e9cortiqueuse supporte-t-elle la personnalisation ?<\/h3> <div class=\"rank-math-answer\">  <p>Pris en charge. La tension, les mat\u00e9riaux, la capacit\u00e9 de production et la configuration de la ligne de production peuvent \u00eatre personnalis\u00e9s selon les exigences du client.<\/p>  <\/div> <\/div> <\/div> <\/div>   <h2 class=\"wp-block-heading\"><strong>Contactez-nous imm\u00e9diatement !<\/strong><\/h2>    <p class=\"translation-block\">En plus de la d\u00e9cortiqueuse de ma\u00efs, nous proposons \u00e9galement une large gamme d'\u00e9quipements compl\u00e9mentaires, tels que la <a href=\"https:\/\/corn-machines.com\/fr\/product\/sweet-corn-cutter-machine\/\">machine de d\u00e9coupe du ma\u00efs<\/a> et la <a href=\"https:\/\/corn-machines.com\/fr\/product\/fresh-corn-thresher-sweet-corn-sheller\/\">battageuse de ma\u00efs fra\u00eeche<\/a>. Nous pouvons personnaliser une configuration de ligne de production compl\u00e8te adapt\u00e9e \u00e0 vos besoins de capacit\u00e9 sp\u00e9cifiques.<\/p>    <p>Si vous souhaitez des recommandations plus d\u00e9taill\u00e9es sur le choix de l'\u00e9quipement, des solutions d'adaptation de capacit\u00e9 ou les derniers devis, n'h\u00e9sitez pas \u00e0 nous contacter \u00e0 tout moment.<\/p>","protected":false},"excerpt":{"rendered":"<p>husking machines: the air-blowing type and the rubber-roller type. The air-blowing model boasts a processing capacity of up to 12,000 ears per hour, while the rubber-roller model processes approximately 7,000 ears per hour; both are suitable for use in fresh corn processing plants, frozen food enterprises, and agricultural product primary processing centers.<\/p>","protected":false},"author":1,"featured_media":1556,"parent":0,"template":"","tags":[42],"product-type":[95],"class_list":["post-1554","product","type-product","status-publish","has-post-thumbnail","hentry","tag-corn","product-type-corn-husking-machine"],"_links":{"self":[{"href":"https:\/\/corn-machines.com\/fr\/wp-json\/wp\/v2\/product\/1554","targetHints":{"allow":["GET"]}}],"collection":[{"href":"https:\/\/corn-machines.com\/fr\/wp-json\/wp\/v2\/product"}],"about":[{"href":"https:\/\/corn-machines.com\/fr\/wp-json\/wp\/v2\/types\/product"}],"author":[{"embeddable":true,"href":"https:\/\/corn-machines.com\/fr\/wp-json\/wp\/v2\/users\/1"}],"wp:featuredmedia":[{"embeddable":true,"href":"https:\/\/corn-machines.com\/fr\/wp-json\/wp\/v2\/media\/1556"}],"wp:attachment":[{"href":"https:\/\/corn-machines.com\/fr\/wp-json\/wp\/v2\/media?parent=1554"}],"wp:term":[{"taxonomy":"post_tag","embeddable":true,"href":"https:\/\/corn-machines.com\/fr\/wp-json\/wp\/v2\/tags?post=1554"},{"taxonomy":"product-type","embeddable":true,"href":"https:\/\/corn-machines.com\/fr\/wp-json\/wp\/v2\/product-type?post=1554"}],"curies":[{"name":"wp","href":"https:\/\/api.w.org\/{rel}","templated":true}]}}