{"id":1533,"date":"2026-04-10T14:59:37","date_gmt":"2026-04-10T06:59:37","guid":{"rendered":"https:\/\/corn-machines.com\/?post_type=product&#038;p=1533"},"modified":"2026-04-10T17:14:46","modified_gmt":"2026-04-10T09:14:46","slug":"hay-baling-machine","status":"publish","type":"product","link":"https:\/\/corn-machines.com\/fr\/product\/hay-baling-machine\/","title":{"rendered":"Machine \u00e0 balles de foin"},"content":{"rendered":"<p class=\"translation-block\">La machine automatique <strong>\u00e0 balles de foin<\/strong> peut traiter efficacement le fourrage hach\u00e9, les tiges de ma\u00efs, la luzerne, la paille de riz et la paille de bl\u00e9 en balles rondes de haute densit\u00e9 \u03a6550 \u00d7 550 mm. Elle int\u00e8gre le ballottage automatique et l\u2019enveloppement par film, aidant \u00e0 am\u00e9liorer la conservation de l\u2019ensilage, r\u00e9duire l\u2019espace de stockage et diminuer les co\u00fbts de transport.<\/p>    <p>Notre machine \u00e0 balles de foin 9YDB-60-2 maintient une efficacit\u00e9 de production stable de 60 \u00e0 85 balles par heure, avec un poids individuel de balle allant de 80 \u00e0 120 kg. Elle est id\u00e9ale pour une op\u00e9ration continue dans les p\u00e2turages, fermes laiti\u00e8res, \u00e9levages et usines d\u2019ensilage. Si vous \u00eates int\u00e9ress\u00e9, n\u2019h\u00e9sitez pas \u00e0 nous contacter pour plus de d\u00e9tails.<\/p>    <figure class=\"wp-block-embed is-type-video is-provider-youtube wp-block-embed-youtube wp-embed-aspect-16-9 wp-has-aspect-ratio\"><div class=\"wp-block-embed__wrapper\"> <iframe loading=\"lazy\" title=\"\ud83d\udd259YDB-60- Machine \u00e0 balles de foin et d&#039;enveloppement avec une vitesse de 60-85balles\/h | Taille de la balle : \u03a6550 \u00d7 550mm\" width=\"500\" height=\"281\" src=\"https:\/\/www.youtube.com\/embed\/NnA9cHx8UA4?feature=oembed\" frameborder=\"0\" allow=\"accelerometer; autoplay; clipboard-write; encrypted-media; gyroscope; picture-in-picture; web-share\" referrerpolicy=\"strict-origin-when-cross-origin\" allowfullscreen><\/iframe> <\/div><figcaption class=\"wp-element-caption\">vid\u00e9o de travail de la machine \u00e0 balles de foin et d'enveloppement<\/figcaption><\/figure>    <h2 class=\"wp-block-heading\"><strong>Points forts de la presse \u00e0 ensilage rond<\/strong><\/h2>    <p>La machine \u00e0 ensiler le ma\u00efs 9YDB-60-2 a gagn\u00e9 la faveur des clients de diverses r\u00e9gions pour ses avantages uniques. \u00c0 ce jour, cet \u00e9quipement a \u00e9t\u00e9 export\u00e9 avec succ\u00e8s vers des pays tels que le Kenya, le Costa Rica et le S\u00e9n\u00e9gal. Les images et caract\u00e9ristiques de performance de l\u2019\u00e9quipement sont pr\u00e9sent\u00e9es ci-dessous.<\/p>    <figure class=\"wp-block-gallery has-nested-images columns-default is-cropped wp-block-gallery-2 is-layout-flex wp-block-gallery-is-layout-flex\"> <figure class=\"wp-block-image size-large\"><img loading=\"lazy\" decoding=\"async\" width=\"720\" height=\"540\" data-id=\"1540\" src=\"https:\/\/corn-machines.com\/wp-content\/uploads\/2026\/04\/hay-baler-machine.webp\" alt=\"Machine \u00e0 foin\" class=\"wp-image-1540\" srcset=\"https:\/\/corn-machines.com\/wp-content\/uploads\/2026\/04\/hay-baler-machine.webp 720w, https:\/\/corn-machines.com\/wp-content\/uploads\/2026\/04\/hay-baler-machine-300x225.webp 300w, https:\/\/corn-machines.com\/wp-content\/uploads\/2026\/04\/hay-baler-machine-16x12.webp 16w\" sizes=\"auto, (max-width: 720px) 100vw, 720px\" \/><figcaption class=\"wp-element-caption\">Machine \u00e0 foin<\/figcaption><\/figure>    <figure class=\"wp-block-image size-large\"><img loading=\"lazy\" decoding=\"async\" width=\"720\" height=\"540\" data-id=\"1541\" src=\"https:\/\/corn-machines.com\/wp-content\/uploads\/2026\/04\/hay-baling-machine-1.webp\" alt=\"\" class=\"wp-image-1541\" srcset=\"https:\/\/corn-machines.com\/wp-content\/uploads\/2026\/04\/hay-baling-machine-1.webp 720w, https:\/\/corn-machines.com\/wp-content\/uploads\/2026\/04\/hay-baling-machine-1-300x225.webp 300w, https:\/\/corn-machines.com\/wp-content\/uploads\/2026\/04\/hay-baling-machine-1-16x12.webp 16w\" sizes=\"auto, (max-width: 720px) 100vw, 720px\" \/><figcaption class=\"wp-element-caption\">machine \u00e0 faire des balles de foin<\/figcaption><\/figure>    <figure class=\"wp-block-image size-large\"><img loading=\"lazy\" decoding=\"async\" width=\"720\" height=\"540\" data-id=\"1542\" src=\"https:\/\/corn-machines.com\/wp-content\/uploads\/2026\/04\/sialge-round-baler.webp\" alt=\"Ensilage rond\" class=\"wp-image-1542\" srcset=\"https:\/\/corn-machines.com\/wp-content\/uploads\/2026\/04\/sialge-round-baler.webp 720w, https:\/\/corn-machines.com\/wp-content\/uploads\/2026\/04\/sialge-round-baler-300x225.webp 300w, https:\/\/corn-machines.com\/wp-content\/uploads\/2026\/04\/sialge-round-baler-16x12.webp 16w\" sizes=\"auto, (max-width: 720px) 100vw, 720px\" \/><figcaption class=\"wp-element-caption\">Ensilage rond<\/figcaption><\/figure> <\/figure>    <div class=\"wp-block-media-text has-media-on-the-right is-stacked-on-mobile\"><div class=\"wp-block-media-text__content\"> <p class=\"translation-block\">1. L\u2019\u00e9quipement dispose d\u2019un syst\u00e8me de contr\u00f4le PLC enti\u00e8rement automatis\u00e9, <strong>intelligent<\/strong>, qui supporte des op\u00e9rations de d\u00e9marrage en un clic. Cela r\u00e9duit la d\u00e9pendance \u00e0 la main-d'\u0153uvre manuelle et abaisse le seuil op\u00e9rationnel. Pour les fermes d\u2019\u00e9levage de grande envergure, cela se traduit par une r\u00e9duction significative des co\u00fbts de main-d'\u0153uvre.<\/p> <\/div><figure class=\"wp-block-media-text__media\"><img loading=\"lazy\" decoding=\"async\" width=\"720\" height=\"540\" src=\"https:\/\/corn-machines.com\/wp-content\/uploads\/2026\/04\/PLC-control-system-of-hay-round-baling-machine.webp\" alt=\"Syst\u00e8me de contr\u00f4le PLC de la machine \u00e0 balles rondes de foin\" class=\"wp-image-1534 size-full\" srcset=\"https:\/\/corn-machines.com\/wp-content\/uploads\/2026\/04\/PLC-control-system-of-hay-round-baling-machine.webp 720w, https:\/\/corn-machines.com\/wp-content\/uploads\/2026\/04\/PLC-control-system-of-hay-round-baling-machine-300x225.webp 300w, https:\/\/corn-machines.com\/wp-content\/uploads\/2026\/04\/PLC-control-system-of-hay-round-baling-machine-16x12.webp 16w\" sizes=\"auto, (max-width: 720px) 100vw, 720px\" \/><\/figure><\/div>    <div class=\"wp-block-media-text is-stacked-on-mobile\"><figure class=\"wp-block-media-text__media\"><img loading=\"lazy\" decoding=\"async\" width=\"720\" height=\"540\" src=\"https:\/\/corn-machines.com\/wp-content\/uploads\/2026\/04\/corn-silage-baling-machine.webp\" alt=\"Machine \u00e0 balles d\u2019ensilage de ma\u00efs\" class=\"wp-image-1543 size-full\" srcset=\"https:\/\/corn-machines.com\/wp-content\/uploads\/2026\/04\/corn-silage-baling-machine.webp 720w, https:\/\/corn-machines.com\/wp-content\/uploads\/2026\/04\/corn-silage-baling-machine-300x225.webp 300w, https:\/\/corn-machines.com\/wp-content\/uploads\/2026\/04\/corn-silage-baling-machine-16x12.webp 16w\" sizes=\"auto, (max-width: 720px) 100vw, 720px\" \/><\/figure><div class=\"wp-block-media-text__content\"> <p class=\"translation-block\">2. Notre machine \u00e0 balles de foin est \u00e9quip\u00e9e d\u2019un <strong>convoyeur \u00e0 bande de 2,5 m\u00e8tres<\/strong> prolong\u00e9 et dispose d\u2019une fonction de r\u00e9cup\u00e9ration de mat\u00e9riau, r\u00e9solvant efficacement les probl\u00e8mes de fuite de mat\u00e9riau rencontr\u00e9s dans les \u00e9quipements traditionnels. <\/p> <\/div><\/div>    <div class=\"wp-block-media-text has-media-on-the-right is-stacked-on-mobile\"><div class=\"wp-block-media-text__content\"> <p class=\"translation-block\">3. La machine \u00e0 balles et \u00e0 enrouler l\u2019ensilage 9TDB-60-2 dispose d\u2019une <strong>structure de cadre d\u2019enveloppement \u00e0 double film<\/strong>, ce qui repr\u00e9sente une am\u00e9lioration significative par rapport aux syst\u00e8mes \u00e0 film unique :<\/p>    <ul class=\"wp-block-list\"> <li>Efficacit\u00e9 d\u2019enveloppement accrue<\/li>    <li>Performance d\u2019\u00e9tanch\u00e9it\u00e9 sup\u00e9rieure<\/li>    <li>Utilisation plus \u00e9conomique du film<\/li> <\/ul> <\/div><figure class=\"wp-block-media-text__media\"><img loading=\"lazy\" decoding=\"async\" width=\"720\" height=\"540\" src=\"https:\/\/corn-machines.com\/wp-content\/uploads\/2026\/04\/dual-film-system-of-corn-sialge-baling-machine.webp\" alt=\"Syst\u00e8me \u00e0 double film de la machine \u00e0 balles d\u2019ensilage de ma\u00efs\" class=\"wp-image-1536 size-full\" srcset=\"https:\/\/corn-machines.com\/wp-content\/uploads\/2026\/04\/dual-film-system-of-corn-sialge-baling-machine.webp 720w, https:\/\/corn-machines.com\/wp-content\/uploads\/2026\/04\/dual-film-system-of-corn-sialge-baling-machine-300x225.webp 300w, https:\/\/corn-machines.com\/wp-content\/uploads\/2026\/04\/dual-film-system-of-corn-sialge-baling-machine-16x12.webp 16w\" sizes=\"auto, (max-width: 720px) 100vw, 720px\" \/><\/figure><\/div>    <div class=\"wp-block-media-text is-stacked-on-mobile\"><figure class=\"wp-block-media-text__media\"><img loading=\"lazy\" decoding=\"async\" width=\"720\" height=\"540\" src=\"https:\/\/corn-machines.com\/wp-content\/uploads\/2026\/04\/detailed-of-hay-baling-machine.webp\" alt=\"D\u00e9tails de la machine \u00e0 balles de foin\" class=\"wp-image-1537 size-full\" srcset=\"https:\/\/corn-machines.com\/wp-content\/uploads\/2026\/04\/detailed-of-hay-baling-machine.webp 720w, https:\/\/corn-machines.com\/wp-content\/uploads\/2026\/04\/detailed-of-hay-baling-machine-300x225.webp 300w, https:\/\/corn-machines.com\/wp-content\/uploads\/2026\/04\/detailed-of-hay-baling-machine-16x12.webp 16w\" sizes=\"auto, (max-width: 720px) 100vw, 720px\" \/><\/figure><div class=\"wp-block-media-text__content\"> <p>4. Les composants critiques utilisent une combinaison de roulements de haute qualit\u00e9 internationaux et domestiques :<\/p>    <ul class=\"wp-block-list\"> <li><strong>Roulements suisses 6207<\/strong><\/li>    <li><strong>Roulements Harbin 6206<\/strong><\/li> <\/ul>    <p>Avantages :<\/p>    <ul class=\"wp-block-list\"> <li>Capacit\u00e9 de charge \u00e9lev\u00e9e<\/li>    <li>R\u00e9sistant \u00e0 l\u2019usure lors d\u2019une op\u00e9ration prolong\u00e9e<\/li>    <li>R\u00e9duit les co\u00fbts de maintenance \u00e0 long terme<\/li> <\/ul> <\/div><\/div>    <div class=\"wp-block-media-text has-media-on-the-right is-stacked-on-mobile\"><div class=\"wp-block-media-text__content\"> <p class=\"translation-block\">5. Notre machine \u00e0 balles de foin est \u00e9quip\u00e9e d\u2019un <strong>syst\u00e8me de compresseur d\u2019air de 3kw   90L<\/strong>, offrant un support pneumatique suffisant pour les op\u00e9rations critiques.<\/p>    <ul class=\"wp-block-list\"> <li>R\u00e9ponse plus rapide du syst\u00e8me pneumatique<\/li>    <li>Ex\u00e9cution plus stable des mouvements<\/li>    <li>Moins susceptible de subir une chute de pression lors d\u2019une op\u00e9ration prolong\u00e9e<\/li> <\/ul> <\/div><figure class=\"wp-block-media-text__media\"><img loading=\"lazy\" decoding=\"async\" width=\"720\" height=\"540\" src=\"https:\/\/corn-machines.com\/wp-content\/uploads\/2026\/04\/air-compressor-system-of-corn-sialge-baler.webp\" alt=\"Syst\u00e8me de compresseur d\u2019air de la presse \u00e0 ensilage de ma\u00efs\" class=\"wp-image-1538 size-full\" srcset=\"https:\/\/corn-machines.com\/wp-content\/uploads\/2026\/04\/air-compressor-system-of-corn-sialge-baler.webp 720w, https:\/\/corn-machines.com\/wp-content\/uploads\/2026\/04\/air-compressor-system-of-corn-sialge-baler-300x225.webp 300w, https:\/\/corn-machines.com\/wp-content\/uploads\/2026\/04\/air-compressor-system-of-corn-sialge-baler-16x12.webp 16w\" sizes=\"auto, (max-width: 720px) 100vw, 720px\" \/><\/figure><\/div>    <h2 class=\"wp-block-heading\"><strong>Param\u00e8tres technologiques cl\u00e9s de la presse \u00e0 ensilage<\/strong><\/h2>    <p>Les sp\u00e9cifications d\u00e9taill\u00e9es de cette machine \u00e0 ensiler et envelopper sont fournies \u00e0 titre de r\u00e9f\u00e9rence :<\/p>    <figure class=\"wp-block-table\"><table class=\"has-fixed-layout\"><thead><tr><th>Article<\/th><th>Sp\u00e9cification<\/th><\/tr><\/thead><tbody><tr><td>Mod\u00e8le<\/td><td>9YDB-60-2<\/td><\/tr><tr><td>Taille de la balle<\/td><td>\u03a6550 \u00d7 550mm<\/td><\/tr><tr><td>Poids de la balle<\/td><td>80\u2013120kg<\/td><\/tr><tr><td>Capacit\u00e9 de production<\/td><td>60\u201385 balles\/h<\/td><\/tr><tr><td>Exigences en puissance<\/td><td>7,5 kW<\/td><\/tr><tr><td>Film de fixation<\/td><td>Film transparent<\/td><\/tr><tr><td>Mat\u00e9riau d\u2019enveloppement<\/td><td>Film d\u2019ensilage (1800m \u00d7 250mm \u00d7 25\u03bcm)<\/td><\/tr><tr><td>Taille du film int\u00e9rieur<\/td><td>600mm<\/td><\/tr><tr><td>Syst\u00e8me de contr\u00f4le<\/td><td>PLC intelligent enti\u00e8rement automatique<\/td><\/tr><tr><td>Syst\u00e8me de convoyage<\/td><td>Convoyeur \u00e0 bande prolong\u00e9 de 2,5 m<\/td><\/tr><tr><td>M\u00e9thode d\u2019enveloppement<\/td><td>Enveloppement \u00e0 double film<\/td><\/tr><tr><td>Dimensions de la machine<\/td><td>7,4 \u00d7 1,8 \u00d7 2,45m<\/td><\/tr><\/tbody><\/table><figcaption class=\"wp-element-caption\">Sp\u00e9cifications de la machine \u00e0 balles de foin<\/figcaption><\/figure>    <h2 class=\"wp-block-heading\"><strong>Structure de la machine \u00e0 ensiler de 9YDB-60-2<\/strong><\/h2>    <p>La machine \u00e0 balles de foin Taizy pr\u00e9sente une conception int\u00e9gr\u00e9e \u00e0 haute r\u00e9sistance, avec des composants principaux comprenant :<\/p>    <ul class=\"wp-block-list\"> <li>Contr\u00f4le intelligent de PLC<\/li>    <li>Alimentation \u00e0 double rouleau<\/li>    <li>Enveloppement \u00e0 double film<\/li>    <li>Convoyeur \u00e0 bande prolong\u00e9 de 2,5 m<\/li>    <li>Sangle de fixation<\/li>    <li>Convoyeur \u00e0 cha\u00eene<\/li>    <li>Roues mobiles<\/li>    <li>Syst\u00e8me de compresseur d\u2019air<\/li> <\/ul>    <figure class=\"wp-block-gallery has-nested-images columns-default is-cropped wp-block-gallery-3 is-layout-flex wp-block-gallery-is-layout-flex\"> <figure class=\"wp-block-image size-large\"><img loading=\"lazy\" decoding=\"async\" width=\"720\" height=\"540\" data-id=\"1539\" src=\"https:\/\/corn-machines.com\/wp-content\/uploads\/2026\/04\/structure-of-hay-baling-machine.webp\" alt=\"Structure de la machine \u00e0 balles de foin\" class=\"wp-image-1539\" srcset=\"https:\/\/corn-machines.com\/wp-content\/uploads\/2026\/04\/structure-of-hay-baling-machine.webp 720w, https:\/\/corn-machines.com\/wp-content\/uploads\/2026\/04\/structure-of-hay-baling-machine-300x225.webp 300w, https:\/\/corn-machines.com\/wp-content\/uploads\/2026\/04\/structure-of-hay-baling-machine-16x12.webp 16w\" sizes=\"auto, (max-width: 720px) 100vw, 720px\" \/><figcaption class=\"wp-element-caption\">Structure de la machine \u00e0 balles de foin<\/figcaption><\/figure>    <figure class=\"wp-block-image size-large\"><img loading=\"lazy\" decoding=\"async\" width=\"720\" height=\"540\" data-id=\"1544\" src=\"https:\/\/corn-machines.com\/wp-content\/uploads\/2026\/04\/silage-baler-and-wrapper.webp\" alt=\"Machine \u00e0 ensiler et envelopper\" class=\"wp-image-1544\" srcset=\"https:\/\/corn-machines.com\/wp-content\/uploads\/2026\/04\/silage-baler-and-wrapper.webp 720w, https:\/\/corn-machines.com\/wp-content\/uploads\/2026\/04\/silage-baler-and-wrapper-300x225.webp 300w, https:\/\/corn-machines.com\/wp-content\/uploads\/2026\/04\/silage-baler-and-wrapper-16x12.webp 16w\" sizes=\"auto, (max-width: 720px) 100vw, 720px\" \/><figcaption class=\"wp-element-caption\">Machine \u00e0 ensiler et envelopper<\/figcaption><\/figure> <\/figure>    <h2 class=\"wp-block-heading\"><strong>Mat\u00e9riaux applicables de la machine \u00e0 balles de foin<\/strong><\/h2>    <p>Cette machine \u00e0 ensiler le ma\u00efs est adapt\u00e9e \u00e0 une grande vari\u00e9t\u00e9 de mat\u00e9riaux secs et humides, tels que la paille de bl\u00e9, le foin, les tiges de ma\u00efs, l\u2019herbe fourrag\u00e8re, la paille de riz, la luzerne, les vignes de cacahu\u00e8tes, et plus encore. C\u2019est un choix intelligent pour les usines de traitement de l\u2019alimentation et les fermes d\u2019\u00e9levage.<\/p>    <figure class=\"wp-block-gallery has-nested-images columns-default is-cropped wp-block-gallery-4 is-layout-flex wp-block-gallery-is-layout-flex\"> <figure class=\"wp-block-image size-large\"><img loading=\"lazy\" decoding=\"async\" width=\"540\" height=\"720\" data-id=\"1547\" src=\"https:\/\/corn-machines.com\/wp-content\/uploads\/2026\/04\/application-of-claas-silage-baler.webp\" alt=\"Application de la presse \u00e0 ensilage Claas\" class=\"wp-image-1547\" srcset=\"https:\/\/corn-machines.com\/wp-content\/uploads\/2026\/04\/application-of-claas-silage-baler.webp 540w, https:\/\/corn-machines.com\/wp-content\/uploads\/2026\/04\/application-of-claas-silage-baler-225x300.webp 225w, https:\/\/corn-machines.com\/wp-content\/uploads\/2026\/04\/application-of-claas-silage-baler-9x12.webp 9w\" sizes=\"auto, (max-width: 540px) 100vw, 540px\" \/><figcaption class=\"wp-element-caption\">Application de la presse \u00e0 ensilage Claas<\/figcaption><\/figure>    <figure class=\"wp-block-image size-large\"><img loading=\"lazy\" decoding=\"async\" width=\"540\" height=\"720\" data-id=\"1546\" src=\"https:\/\/corn-machines.com\/wp-content\/uploads\/2026\/04\/finished-bales-of-silage-baler.webp\" alt=\"Ballots finis de la presse \u00e0 ensilage\" class=\"wp-image-1546\" srcset=\"https:\/\/corn-machines.com\/wp-content\/uploads\/2026\/04\/finished-bales-of-silage-baler.webp 540w, https:\/\/corn-machines.com\/wp-content\/uploads\/2026\/04\/finished-bales-of-silage-baler-225x300.webp 225w, https:\/\/corn-machines.com\/wp-content\/uploads\/2026\/04\/finished-bales-of-silage-baler-9x12.webp 9w\" sizes=\"auto, (max-width: 540px) 100vw, 540px\" \/><figcaption class=\"wp-element-caption\">Ballots finis de la presse \u00e0 ensilage<\/figcaption><\/figure> <\/figure>    <h2 class=\"wp-block-heading\"><strong>Quels facteurs influencent le prix de la presse \u00e0 ensilage ?<\/strong><\/h2>    <p>Lors de l\u2019achat d\u2019une machine \u00e0 balles de foin, la principale pr\u00e9occupation de nombreux clients est le prix. Cependant, le prix n\u2019est pas fixe ; il est influenc\u00e9 par une vari\u00e9t\u00e9 de facteurs.<\/p>    <figure class=\"wp-block-table\"><table class=\"has-fixed-layout\"><thead><tr><th>Facteur<\/th><th>Description<\/th><\/tr><\/thead><tbody><tr><td>Structure d\u2019enveloppement<\/td><td>La conception \u00e0 film unique vs. \u00e0 double film influence consid\u00e9rablement <br>co\u00fbt<\/td><\/tr><tr><td>Longueur de la bande transporteuse<\/td><td>Le syst\u00e8me de bande prolong\u00e9e augmente globalement <br>Co\u00fbt de fabrication<\/td><\/tr><tr><td>Configuration du compresseur d\u2019air<\/td><td>Un compresseur haute capacit\u00e9 de 90L offre davantage <br>Performance stable<\/td><\/tr><tr><td>Syst\u00e8me d'alimentation<\/td><td>Le co\u00fbt varie en fonction du moteur \u00e9lectrique ou diesel <br>Options de moteur<\/td><\/tr><tr><td>Niveau d\u2019automatisation<\/td><td>Le syst\u00e8me de contr\u00f4le \u00e0 \u00e9cran tactile PLC influence globalement <br>Prix<\/td><\/tr><tr><td>Norme de tension d\u2019exportation<\/td><td>Diff\u00e9rents pays n\u00e9cessitent des tensions diff\u00e9rentes <br>Configurations<\/td><\/tr><\/tbody><\/table><figcaption class=\"wp-element-caption\">Facteurs influen\u00e7ant le prix de la machine \u00e0 balles de foin<\/figcaption><\/figure>    <h2 class=\"wp-block-heading\"><strong>FAQ pour machine \u00e0 ensiler et envelopper l\u2019ensilage<\/strong><\/h2>   <div id=\"rank-math-faq\" class=\"rank-math-block\"> <div class=\"rank-math-list\"> <div id=\"faq-question-1775799493225\" class=\"rank-math-list-item\"> <h3 class=\"rank-math-question\">\u00c0 quoi sert une machine d\u2019enveloppement de balles d\u2019ensilage ?<\/h3> <div class=\"rank-math-answer\">  <p>La machine \u00e0 balles de foin est utilis\u00e9e pour compresser et envelopper des mat\u00e9riaux fourragers tels que les tiges de ma\u00efs, l\u2019herbe, la luzerne et la paille en balles rondes denses pour une fermentation et un stockage \u00e0 long terme. Elle am\u00e9liore la conservation de l\u2019alimentation et r\u00e9duit le gaspillage.<\/p>  <\/div> <\/div> <div id=\"faq-question-1775799600156\" class=\"rank-math-list-item\"> <h3 class=\"rank-math-question\">Quels mat\u00e9riaux la machine 9YDB-60-2 peut-elle traiter ?<\/h3> <div class=\"rank-math-answer\">  <p>Cette machine convient \u00e0 une large gamme de mat\u00e9riaux agricoles, y compris les tiges de ma\u00efs, l\u2019herbe p\u00e2tur\u00e9e, la luzerne, la paille de bl\u00e9, la paille de riz, les vignes de cacahu\u00e8tes, et autres mat\u00e9riaux d\u2019ensilage hach\u00e9s utilis\u00e9s dans l\u2019alimentation du b\u00e9tail.<\/p>  <\/div> <\/div> <div id=\"faq-question-1775799621872\" class=\"rank-math-list-item\"> <h3 class=\"rank-math-question\">Quelle est la capacit\u00e9 de production de cette machine \u00e0 envelopper l\u2019ensilage ?<\/h3> <div class=\"rank-math-answer\">  <p>Le mod\u00e8le 9YDB-60-2 a une capacit\u00e9 de 60 \u00e0 85 balles par heure, ce qui le rend adapt\u00e9 aux fermes de taille moyenne \u00e0 grande et aux usines de traitement d\u2019ensilage commerciales.<\/p>  <\/div> <\/div> <div id=\"faq-question-1775799662892\" class=\"rank-math-list-item\"> <h3 class=\"rank-math-question\">Combien de temps peut-on stocker les balles d\u2019ensilage apr\u00e8s enveloppement ?<\/h3> <div class=\"rank-math-answer\">  <p>Les balles d\u2019ensilage correctement envelopp\u00e9es peuvent g\u00e9n\u00e9ralement \u00eatre stock\u00e9es de 6 \u00e0 24 mois, selon la qualit\u00e9 de l\u2019\u00e9tanch\u00e9it\u00e9, l\u2019int\u00e9grit\u00e9 du film et les conditions de stockage.<\/p>  <\/div> <\/div> <div id=\"faq-question-1775799813889\" class=\"rank-math-list-item\"> <h3 class=\"rank-math-question\">Comment le syst\u00e8me d\u2019enveloppement \u00e0 double film am\u00e9liore-t-il les performances ?<\/h3> <div class=\"rank-math-answer\">  <p>Le syst\u00e8me d\u2019enveloppement \u00e0 double film garantit une haute efficacit\u00e9 et une forte performance d\u2019\u00e9tanch\u00e9it\u00e9.<\/p>  <\/div> <\/div> <div id=\"faq-question-1775799891108\" class=\"rank-math-list-item\"> <h3 class=\"rank-math-question\">Cela peut-il \u00eatre utilis\u00e9 en conjonction avec un coupe-foin ?<\/h3> <div class=\"rank-math-answer\">  <p class=\"translation-block\">Oui, cela est possible. Nous proposons \u00e9galement<a href=\"https:\/\/corn-machines.com\/fr\/product\/chaff-cutter-machine\/\"> machine de coupe de paille<\/a> con\u00e7ue pour fonctionner en conjonction avec celle-ci, ce qui entra\u00eenera une efficacit\u00e9 encore plus grande.<\/p>  <\/div> <\/div> <\/div> <\/div>   <h2 class=\"wp-block-heading\"><strong>Obtenez un devis gratuit maintenant !<\/strong><\/h2>    <p>Si vous recherchez une machine \u00e0 ensiler et envelopper le ma\u00efs tr\u00e8s efficace et automatis\u00e9e, la machine \u00e0 balles de foin 9YDB-60-2 est un excellent choix. N\u2019h\u00e9sitez pas \u00e0 nous contacter \u00e0 tout moment ; nous sommes d\u00e9vou\u00e9s \u00e0 vous aider \u00e0 atteindre une production plus \u00e9lev\u00e9e \u00e0 moindre co\u00fbt !<\/p>","protected":false},"excerpt":{"rendered":"<p>The automatic hay baling machine can efficiently process chopped forage, corn stalks, alfalfa, rice straw, and wheat straw into \u03a6550 \u00d7 550 mm high-density round bales. It integrates automatic baling and film wrapping, helping improve silage preservation, reduce storage space, and lower transportation costs. Our 9YDB-60-2 silage baling machine maintains a stable production efficiency of [&hellip;]<\/p>\n","protected":false},"author":1,"featured_media":1545,"parent":0,"template":"","tags":[81,82],"product-type":[86],"class_list":["post-1533","product","type-product","status-publish","has-post-thumbnail","hentry","tag-corn-silage","tag-silage","product-type-corn-silage-processing-machine"],"_links":{"self":[{"href":"https:\/\/corn-machines.com\/fr\/wp-json\/wp\/v2\/product\/1533","targetHints":{"allow":["GET"]}}],"collection":[{"href":"https:\/\/corn-machines.com\/fr\/wp-json\/wp\/v2\/product"}],"about":[{"href":"https:\/\/corn-machines.com\/fr\/wp-json\/wp\/v2\/types\/product"}],"author":[{"embeddable":true,"href":"https:\/\/corn-machines.com\/fr\/wp-json\/wp\/v2\/users\/1"}],"wp:featuredmedia":[{"embeddable":true,"href":"https:\/\/corn-machines.com\/fr\/wp-json\/wp\/v2\/media\/1545"}],"wp:attachment":[{"href":"https:\/\/corn-machines.com\/fr\/wp-json\/wp\/v2\/media?parent=1533"}],"wp:term":[{"taxonomy":"post_tag","embeddable":true,"href":"https:\/\/corn-machines.com\/fr\/wp-json\/wp\/v2\/tags?post=1533"},{"taxonomy":"product-type","embeddable":true,"href":"https:\/\/corn-machines.com\/fr\/wp-json\/wp\/v2\/product-type?post=1533"}],"curies":[{"name":"wp","href":"https:\/\/api.w.org\/{rel}","templated":true}]}}