{"id":1439,"date":"2026-01-05T14:04:55","date_gmt":"2026-01-05T06:04:55","guid":{"rendered":"https:\/\/corn-machines.com\/?post_type=product&#038;p=1439"},"modified":"2026-01-14T17:27:30","modified_gmt":"2026-01-14T09:27:30","slug":"corn-silage-harvesting-machine","status":"publish","type":"product","link":"https:\/\/corn-machines.com\/fr\/product\/corn-silage-harvesting-machine\/","title":{"rendered":"Machine de r\u00e9colte de ma\u00efs ensilage"},"content":{"rendered":"<p class=\"translation-block\">Taizy <strong>machine de r\u00e9colte d'ensilage de ma\u00efs<\/strong> est con\u00e7ue pour broyer et collecter les tiges de ma\u00efs, sorgho, herbe fourrag\u00e8re, et divers mat\u00e9riaux d'ensilage sec ou humide en morceaux inf\u00e9rieurs \u00e0 80mm. Elle est donc aussi appel\u00e9e machine de broyage et de recyclage de paille.<\/p>    <p>La machine de r\u00e9colte de fourrage n\u00e9cessite un tracteur d'une puissance de \u226570CV. Elle poss\u00e8de des largeurs de travail de 1,3m, 1,5m, 1,65m, 1,8m, et 2,0m, avec un taux de recyclage \u226580 %. La hauteur de chaume varie de 8 \u00e0 15cm, et l'efficacit\u00e9 de travail est de 0,25-0,72 hectares par heure.<\/p>    <figure class=\"wp-block-embed is-type-video is-provider-youtube wp-block-embed-youtube wp-embed-aspect-16-9 wp-has-aspect-ratio\"><div class=\"wp-block-embed__wrapper\"> <iframe loading=\"lazy\" title=\"Machine de r\u00e9colte de tiges de ma\u00efs \u2014 un outil tr\u00e8s efficace pour broyer et collecter la paille de grain\" width=\"500\" height=\"281\" src=\"https:\/\/www.youtube.com\/embed\/FsfkVTQVnME?feature=oembed\" frameborder=\"0\" allow=\"accelerometer; autoplay; clipboard-write; encrypted-media; gyroscope; picture-in-picture; web-share\" referrerpolicy=\"strict-origin-when-cross-origin\" allowfullscreen><\/iframe> <\/div><figcaption class=\"wp-element-caption\">Vid\u00e9o de travail de la machine de broyage et de collecte d'ensilage de ma\u00efs<\/figcaption><\/figure>    <h2 class=\"wp-block-heading\"><strong>Points forts de la r\u00e9colteuse d'ensilage<\/strong><\/h2>    <ul class=\"wp-block-list\"> <li>Notre machine de r\u00e9colte d'ensilage est<strong> motrice du tracteur<\/strong>, \u00e9liminant le besoin d'un syst\u00e8me d'alimentation suppl\u00e9mentaire, ce qui la rend adapt\u00e9e \u00e0 divers environnements agricoles et offre une op\u00e9ration flexible.<\/li>    <li>La machine de r\u00e9colte d'ensilage Taizy int\u00e8gre <strong>broyage et collecte de paille<\/strong>, collectant directement l'ensilage broy\u00e9 dans le panier de collecte, am\u00e9liorant l'efficacit\u00e9 op\u00e9rationnelle sur le terrain.<\/li>    <li>Notre r\u00e9colteuse d'ensilage peut fonctionner en continu avec une haute efficacit\u00e9 (<strong>0,25-0,72 hectares\/h<\/strong>), ce qui la rend adapt\u00e9e \u00e0 une utilisation \u00e0 long terme dans de grandes exploitations agricoles.<\/li>    <li>Nous proposons <strong>diff\u00e9rents mod\u00e8les de r\u00e9colteuses de fourrage<\/strong>, permettant aux utilisateurs de choisir le mod\u00e8le appropri\u00e9 en fonction de la taille du champ et de l'efficacit\u00e9 d'exploitation souhait\u00e9e pour am\u00e9liorer les b\u00e9n\u00e9fices op\u00e9rationnels globaux.<\/li>    <li>La machine de broyage et de recyclage de paille Taizy peut \u00eatre \u00e9quip\u00e9e d'un <strong>composant de seconde broyage<\/strong> pour obtenir un broyage plus fin de la paille, facilitant le recyclage et l'utilisation ult\u00e9rieure de la paille.<\/li> <\/ul>    <figure class=\"wp-block-gallery has-nested-images columns-default is-cropped wp-block-gallery-2 is-layout-flex wp-block-gallery-is-layout-flex\"> <figure class=\"wp-block-image size-large\"><img loading=\"lazy\" decoding=\"async\" width=\"540\" height=\"720\" data-id=\"1440\" src=\"https:\/\/corn-machines.com\/wp-content\/uploads\/2026\/01\/corn-stalk-harvesting-machine.webp\" alt=\"Machine de r\u00e9colte de tiges de ma\u00efs\" class=\"wp-image-1440\" srcset=\"https:\/\/corn-machines.com\/wp-content\/uploads\/2026\/01\/corn-stalk-harvesting-machine.webp 540w, https:\/\/corn-machines.com\/wp-content\/uploads\/2026\/01\/corn-stalk-harvesting-machine-225x300.webp 225w, https:\/\/corn-machines.com\/wp-content\/uploads\/2026\/01\/corn-stalk-harvesting-machine-9x12.webp 9w\" sizes=\"auto, (max-width: 540px) 100vw, 540px\" \/><figcaption class=\"wp-element-caption\">Machine de r\u00e9colte de tiges de ma\u00efs<\/figcaption><\/figure>    <figure class=\"wp-block-image size-large\"><img loading=\"lazy\" decoding=\"async\" width=\"540\" height=\"720\" data-id=\"1441\" src=\"https:\/\/corn-machines.com\/wp-content\/uploads\/2026\/01\/forage-harvester.webp\" alt=\"R\u00e9colteur de fourrage\" class=\"wp-image-1441\" srcset=\"https:\/\/corn-machines.com\/wp-content\/uploads\/2026\/01\/forage-harvester.webp 540w, https:\/\/corn-machines.com\/wp-content\/uploads\/2026\/01\/forage-harvester-225x300.webp 225w, https:\/\/corn-machines.com\/wp-content\/uploads\/2026\/01\/forage-harvester-9x12.webp 9w\" sizes=\"auto, (max-width: 540px) 100vw, 540px\" \/><figcaption class=\"wp-element-caption\">R\u00e9colteur de fourrage<\/figcaption><\/figure> <\/figure>    <h2 class=\"wp-block-heading\"><strong>Structure de la machine de r\u00e9colte de fourrage<\/strong><\/h2>    <p>La machine de r\u00e9colte d'ensilage Taizy pr\u00e9sente une structure globale bien con\u00e7ue, compos\u00e9e principalement de chambre de broyage, dispositif de collecte de paille broy\u00e9e, dispositif de d\u00e9chargement automatique hydraulique, syst\u00e8me hydraulique, et syst\u00e8me d'entra\u00eenement par prise de force.<\/p>   <div class=\"wp-block-image\"> <figure class=\"aligncenter size-full\"><img loading=\"lazy\" decoding=\"async\" width=\"720\" height=\"540\" src=\"https:\/\/corn-machines.com\/wp-content\/uploads\/2026\/01\/structure-of-straw-harvester-machine.webp\" alt=\"structure de la machine de r\u00e9colte de paille\" class=\"wp-image-1442\" srcset=\"https:\/\/corn-machines.com\/wp-content\/uploads\/2026\/01\/structure-of-straw-harvester-machine.webp 720w, https:\/\/corn-machines.com\/wp-content\/uploads\/2026\/01\/structure-of-straw-harvester-machine-300x225.webp 300w, https:\/\/corn-machines.com\/wp-content\/uploads\/2026\/01\/structure-of-straw-harvester-machine-16x12.webp 16w\" sizes=\"auto, (max-width: 720px) 100vw, 720px\" \/><figcaption class=\"wp-element-caption\">structure de la machine de r\u00e9colte de paille<\/figcaption><\/figure> <\/div>   <h2 class=\"wp-block-heading\"><strong>Principe de fonctionnement de la machine de r\u00e9colte de fourrage<\/strong><\/h2>    <p>La machine de r\u00e9colte de ma\u00efs ensilage utilise la puissance de sortie de l'arbre de transmission du tracteur, et transmet la puissance \u00e0 la machine de recyclage via l'articulation universelle. La machine de recyclage utilise un changement de vitesse et une transmission par courroie en V pour faire tourner l'arbre \u00e0 grande vitesse afin de couper la paille.<\/p>    <h2 class=\"wp-block-heading\"><strong>Application de la machine de r\u00e9colte d'ensilage de ma\u00efs<\/strong><\/h2>    <p>Notre machine de r\u00e9colte de fourrage est adapt\u00e9e \u00e0 la r\u00e9colte et \u00e0 la collecte de la paille de diverses cultures, y compris riz, ma\u00efs, sorgho, soja, coton, colza, et ensilage sec ou humide. Elle peut r\u00e9pondre aux besoins de recyclage de paille dans diff\u00e9rentes r\u00e9gions et pour diff\u00e9rents types de cultures.<\/p>   <div class=\"wp-block-image\"> <figure class=\"aligncenter size-full\"><img loading=\"lazy\" decoding=\"async\" width=\"720\" height=\"540\" src=\"https:\/\/corn-machines.com\/wp-content\/uploads\/2026\/01\/application-of-corn-sialge-harvester.webp\" alt=\"Application de la machine de r\u00e9colte d&#039;ensilage de ma\u00efs\" class=\"wp-image-1443\" srcset=\"https:\/\/corn-machines.com\/wp-content\/uploads\/2026\/01\/application-of-corn-sialge-harvester.webp 720w, https:\/\/corn-machines.com\/wp-content\/uploads\/2026\/01\/application-of-corn-sialge-harvester-300x225.webp 300w, https:\/\/corn-machines.com\/wp-content\/uploads\/2026\/01\/application-of-corn-sialge-harvester-16x12.webp 16w\" sizes=\"auto, (max-width: 720px) 100vw, 720px\" \/><figcaption class=\"wp-element-caption\">Application de la machine de r\u00e9colte d'ensilage de ma\u00efs<\/figcaption><\/figure> <\/div>   <h2 class=\"wp-block-heading\"><strong>Param\u00e8tres techniques de la machine de r\u00e9colte d'ensilage de ma\u00efs<\/strong><\/h2>    <p>Le tableau ci-dessous pr\u00e9sente les principaux param\u00e8tres techniques de la machine de r\u00e9colte d'ensilage de ma\u00efs, pour r\u00e9f\u00e9rence avant s\u00e9lection et utilisation.<\/p>    <figure class=\"wp-block-table\"><table><tbody><tr><td>Mod\u00e8le<\/td><td>4JQH-135<\/td><td>4JQH-150<\/td><td>4JQH-165<\/td><td>4JQH-180<\/td><td>4JQH-200<\/td><\/tr><tr><td>Tracteur<\/td><td>\u226570CV<\/td><td>\u226575CV<\/td><td>\u226590CV<\/td><td>\u2265100CV<\/td><td>\u2265110CV<\/td><\/tr><tr><td>Dimension<\/td><td>1500*1810*3350mm<\/td><td>1480*1980*3500mm<\/td><td>1480*2130*3500mm<\/td><td>1480*2280*3500mm<\/td><td>1680*2460*3350mm<\/td><\/tr><tr><td>Poids<\/td><td>640kg<\/td><td>700kg<\/td><td>790kg<\/td><td>980kg<\/td><td>1000kg<\/td><\/tr><tr><td>Largeur de r\u00e9colte<\/td><td>1,3m<\/td><td>1,5m<\/td><td>1,65m<\/td><td>1,8m<\/td><td>2,0m<\/td><\/tr><tr><td>Taux de recyclage<\/td><td>\u226580%<\/td><td>\u226580%<\/td><td>\u226580%<\/td><td>\u226580%<\/td><td>\u226580%<\/td><\/tr><tr><td>Distance de lancement<\/td><td>3-5m<\/td><td>3-5m<\/td><td>3-5m<\/td><td>3-5m<\/td><td>3-5m<\/td><\/tr><tr><td>Hauteur de lancement<\/td><td>\u22652m<\/td><td>\u22652m<\/td><td>\u22652m<\/td><td>\u22652m<\/td><td>\u22652m<\/td><\/tr><tr><td>Longueur de la paille broy\u00e9e<\/td><td>&lt;8cm<\/td><td>&lt;8cm<\/td><td>&lt;8cm<\/td><td>&lt;8cm<\/td><td>&lt;8cm<\/td><\/tr><tr><td>Hauteur de chaume<\/td><td>8-15cm<\/td><td>8-15cm<\/td><td>8-15cm<\/td><td>8-15cm<\/td><td>8-15cm<\/td><\/tr><tr><td>Lame rotative<\/td><td>32<\/td><td>40<\/td><td>44<\/td><td>48<\/td><td>52<\/td><\/tr><tr><td>Vitesse de l'arbre de coupe<\/td><td>2160r\/min<\/td><td>2160r\/min<\/td><td>2160r\/min<\/td><td>2160r\/min<\/td><td>2160r\/min<\/td><\/tr><tr><td>Vitesse de travail<\/td><td>2-4km\/h<\/td><td>3-4km\/h<\/td><td>3-4km\/h<\/td><td>3-4km\/h<\/td><td>3-4km\/h<\/td><\/tr><tr><td>Capacit\u00e9<\/td><td>0,25-0,48 hectares\/h<\/td><td>0,3-0,5 hectares\/h<\/td><td>0,32-0,55 hectares\/h<\/td><td>0,36-0,6 hectares\/h<\/td><td>0,36-0,72 hectares\/h<\/td><\/tr><\/tbody><\/table><figcaption class=\"wp-element-caption\">param\u00e8tres de la machine d'ensilage<\/figcaption><\/figure>    <h2 class=\"wp-block-heading\"><strong>Options personnalisables pour la r\u00e9colteuse de fourrage<\/strong><\/h2>    <p class=\"translation-block\"><strong>Panier de collecte<\/strong><\/p>    <p>Les clients peuvent choisir d'\u00e9quiper ou non un bac de collecte selon leurs besoins. Nos conteneurs de stockage ont une capacit\u00e9 de 3m\u00b3 et peuvent contenir 1000 kilogrammes de mati\u00e8re, et peuvent \u00eatre personnalis\u00e9s selon les exigences du client.<\/p>    <figure class=\"wp-block-gallery has-nested-images columns-default is-cropped wp-block-gallery-3 is-layout-flex wp-block-gallery-is-layout-flex\"> <figure class=\"wp-block-image size-full\"><img loading=\"lazy\" decoding=\"async\" width=\"720\" height=\"540\" data-id=\"1446\" src=\"https:\/\/corn-machines.com\/wp-content\/uploads\/2026\/01\/07F9281960BEFF8C385DE324899E7E8F-tuya_\u7ed3\u679c.webp\" alt=\"Machine d&#039;ensilage sans panier\" class=\"wp-image-1446\" srcset=\"https:\/\/corn-machines.com\/wp-content\/uploads\/2026\/01\/07F9281960BEFF8C385DE324899E7E8F-tuya_\u7ed3\u679c.webp 720w, https:\/\/corn-machines.com\/wp-content\/uploads\/2026\/01\/07F9281960BEFF8C385DE324899E7E8F-tuya_\u7ed3\u679c-300x225.webp 300w, https:\/\/corn-machines.com\/wp-content\/uploads\/2026\/01\/07F9281960BEFF8C385DE324899E7E8F-tuya_\u7ed3\u679c-16x12.webp 16w\" sizes=\"auto, (max-width: 720px) 100vw, 720px\" \/><figcaption class=\"wp-element-caption\">Machine d'ensilage sans panier<\/figcaption><\/figure>    <figure class=\"wp-block-image size-large\"><img loading=\"lazy\" decoding=\"async\" width=\"720\" height=\"540\" data-id=\"1445\" src=\"https:\/\/corn-machines.com\/wp-content\/uploads\/2026\/01\/corn-silage-cruhsing-and-collecting-machine.webp\" alt=\"Machine de r\u00e9colte d&#039;ensilage de ma\u00efs \u00e9quip\u00e9e d&#039;un panier\" class=\"wp-image-1445\" srcset=\"https:\/\/corn-machines.com\/wp-content\/uploads\/2026\/01\/corn-silage-cruhsing-and-collecting-machine.webp 720w, https:\/\/corn-machines.com\/wp-content\/uploads\/2026\/01\/corn-silage-cruhsing-and-collecting-machine-300x225.webp 300w, https:\/\/corn-machines.com\/wp-content\/uploads\/2026\/01\/corn-silage-cruhsing-and-collecting-machine-16x12.webp 16w\" sizes=\"auto, (max-width: 720px) 100vw, 720px\" \/><figcaption class=\"wp-element-caption\">Machine de r\u00e9colte d'ensilage de ma\u00efs \u00e9quip\u00e9e d'un panier<\/figcaption><\/figure> <\/figure>    <p class=\"translation-block\"><strong>2. Grandes roues<\/strong><\/p>    <p>En g\u00e9n\u00e9ral, la machine de r\u00e9colte d'ensilage de ma\u00efs n'a pas de roues. Cependant, si vous souhaitez que la paille repousse, nous pouvons \u00e9quiper la machine de broyage et de collecte d'ensilage de pneus appropri\u00e9s pour maintenir la hauteur de coupe \u00e0 un niveau ad\u00e9quat.<\/p>    <figure class=\"wp-block-gallery has-nested-images columns-default is-cropped wp-block-gallery-4 is-layout-flex wp-block-gallery-is-layout-flex\"> <figure class=\"wp-block-image size-large\"><img loading=\"lazy\" decoding=\"async\" width=\"720\" height=\"540\" data-id=\"1447\" src=\"https:\/\/corn-machines.com\/wp-content\/uploads\/2026\/01\/forage-harvesting-machine-equiped-with-wheels.webp\" alt=\"Machine de r\u00e9colte de fourrage \u00e9quip\u00e9e de roues\" class=\"wp-image-1447\" srcset=\"https:\/\/corn-machines.com\/wp-content\/uploads\/2026\/01\/forage-harvesting-machine-equiped-with-wheels.webp 720w, https:\/\/corn-machines.com\/wp-content\/uploads\/2026\/01\/forage-harvesting-machine-equiped-with-wheels-300x225.webp 300w, https:\/\/corn-machines.com\/wp-content\/uploads\/2026\/01\/forage-harvesting-machine-equiped-with-wheels-16x12.webp 16w\" sizes=\"auto, (max-width: 720px) 100vw, 720px\" \/><figcaption class=\"wp-element-caption\">Machine de r\u00e9colte de fourrage \u00e9quip\u00e9e de roues<\/figcaption><\/figure>    <figure class=\"wp-block-image size-large\"><img loading=\"lazy\" decoding=\"async\" width=\"720\" height=\"540\" data-id=\"1448\" src=\"https:\/\/corn-machines.com\/wp-content\/uploads\/2026\/01\/wheels-of-corn-stalk-harvester-machine.webp\" alt=\"Roues de la machine de r\u00e9colte de tiges de ma\u00efs\" class=\"wp-image-1448\" srcset=\"https:\/\/corn-machines.com\/wp-content\/uploads\/2026\/01\/wheels-of-corn-stalk-harvester-machine.webp 720w, https:\/\/corn-machines.com\/wp-content\/uploads\/2026\/01\/wheels-of-corn-stalk-harvester-machine-300x225.webp 300w, https:\/\/corn-machines.com\/wp-content\/uploads\/2026\/01\/wheels-of-corn-stalk-harvester-machine-16x12.webp 16w\" sizes=\"auto, (max-width: 720px) 100vw, 720px\" \/><figcaption class=\"wp-element-caption\">Roues de la machine de r\u00e9colte de tiges de ma\u00efs<\/figcaption><\/figure> <\/figure>    <p class=\"translation-block\"><strong>2. Section de concassage secondaire<\/strong><\/p>    <p>Nous pouvons \u00e9galement ajouter un dispositif de broyage secondaire selon les besoins du client. La fonction de broyage secondaire permet de r\u00e9duire la taille de la paille, facilitant son recyclage et son utilisation ult\u00e9rieure, comme dans le traitement des aliments ou la valorisation en biomasse.<\/p>   <div class=\"wp-block-image\"> <figure class=\"aligncenter size-full\"><img loading=\"lazy\" decoding=\"async\" width=\"720\" height=\"540\" src=\"https:\/\/corn-machines.com\/wp-content\/uploads\/2026\/01\/second-crusshing-part-of-silage-harvesting-machine.webp\" alt=\"deuxi\u00e8me partie de broyage de la machine d&#039;ensilage\" class=\"wp-image-1449\" srcset=\"https:\/\/corn-machines.com\/wp-content\/uploads\/2026\/01\/second-crusshing-part-of-silage-harvesting-machine.webp 720w, https:\/\/corn-machines.com\/wp-content\/uploads\/2026\/01\/second-crusshing-part-of-silage-harvesting-machine-300x225.webp 300w, https:\/\/corn-machines.com\/wp-content\/uploads\/2026\/01\/second-crusshing-part-of-silage-harvesting-machine-16x12.webp 16w\" sizes=\"auto, (max-width: 720px) 100vw, 720px\" \/><figcaption class=\"wp-element-caption\">deuxi\u00e8me partie de broyage de la machine d'ensilage<\/figcaption><\/figure> <\/div>   <h2 class=\"wp-block-heading\"><strong>Prix de la machine de r\u00e9colte de paille de ma\u00efs<\/strong><\/h2>    <p>Le prix de la machine de r\u00e9colte d'ensilage de ma\u00efs est d\u00e9termin\u00e9 par plusieurs facteurs, principalement :<\/p>    <ol class=\"wp-block-list\"> <li><strong>Efficacit\u00e9 de travail<\/strong>: Des structures de broyage \u00e0 grande vitesse et des syst\u00e8mes de transmission renforc\u00e9s con\u00e7us pour une op\u00e9ration efficace influenceront le prix global de la machine.<\/li>    <li><strong>Niveau de configuration<\/strong>: Diff\u00e9rentes configurations, telles que l'inclusion ou non d'un dispositif de d\u00e9chargement automatique hydraulique ou d'un dispositif de broyage secondaire, entra\u00eeneront des co\u00fbts diff\u00e9rents.<\/li>    <li><strong>Correspondance de puissance<\/strong>: Des exigences diff\u00e9rentes en puissance de tracteur imposeront des demandes diff\u00e9rentes sur le syst\u00e8me de transmission et la structure globale.<\/li>    <li><strong>Exigences de personnalisation<\/strong>: Les configurations personnalis\u00e9es en fonction des diff\u00e9rentes conditions d'exploitation influenceront le prix final dans une certaine mesure.<\/li> <\/ol>   <div class=\"wp-block-image\"> <figure class=\"aligncenter size-full\"><img loading=\"lazy\" decoding=\"async\" width=\"720\" height=\"540\" src=\"https:\/\/corn-machines.com\/wp-content\/uploads\/2026\/01\/corn-silage-harvesting-machine.webp\" alt=\"moissonneuse d\u2019ensilage de ma\u00efs\" class=\"wp-image-1450\" srcset=\"https:\/\/corn-machines.com\/wp-content\/uploads\/2026\/01\/corn-silage-harvesting-machine.webp 720w, https:\/\/corn-machines.com\/wp-content\/uploads\/2026\/01\/corn-silage-harvesting-machine-300x225.webp 300w, https:\/\/corn-machines.com\/wp-content\/uploads\/2026\/01\/corn-silage-harvesting-machine-16x12.webp 16w\" sizes=\"auto, (max-width: 720px) 100vw, 720px\" \/><figcaption class=\"wp-element-caption\">moissonneuse d\u2019ensilage de ma\u00efs<\/figcaption><\/figure> <\/div>   <h2 class=\"wp-block-heading\"><strong>FAQ de la machine de broyage et de collecte d'ensilage<\/strong><\/h2>   <div id=\"rank-math-faq\" class=\"rank-math-block\"> <div class=\"rank-math-list\"> <div id=\"faq-question-1767581261527\" class=\"rank-math-list-item\"> <h3 class=\"rank-math-question\">Quelles fonctions poss\u00e8de la machine ?<\/h3> <div class=\"rank-math-answer\">  <p>Fonction de broyage et de recyclage de la paille.<\/p>  <\/div> <\/div> <div id=\"faq-question-1767581303237\" class=\"rank-math-list-item\"> <h3 class=\"rank-math-question\">Puis-je acheter uniquement la partie broy\u00e9e ?<\/h3> <div class=\"rank-math-answer\">  <p>Oui, et le prix sera \u00e9galement moins cher.<\/p>  <\/div> <\/div> <div id=\"faq-question-1767581453551\" class=\"rank-math-list-item\"> <h3 class=\"rank-math-question\">What is the typical lifting height of the machine&#8217;s hopper?<\/h3> <div class=\"rank-math-answer\">  <p>3,5 m\u00e8tres au-dessus du sol.<\/p>  <\/div> <\/div> <div id=\"faq-question-1767581514164\" class=\"rank-math-list-item\"> <h3 class=\"rank-math-question\">Peut-elle traiter la paille s\u00e8che ?<\/h3> <div class=\"rank-math-answer\">  <p>Oui, elle peut \u00eatre utilis\u00e9e pour des applications humides et s\u00e8ches.<\/p>  <\/div> <\/div> <div id=\"faq-question-1767581556091\" class=\"rank-math-list-item\"> <h3 class=\"rank-math-question\">Quelle est la hauteur de la chaume restante apr\u00e8s broyage ?<\/h3> <div class=\"rank-math-answer\">  <p>8-15 cm (r\u00e9glable selon les besoins).<\/p>  <\/div> <\/div> <\/div> <\/div>   <h2 class=\"wp-block-heading\"><strong>Contactez-nous pour des solutions de traitement de l'ensilage !<\/strong><\/h2>    <p class=\"translation-block\">En plus de la machine de r\u00e9colte d'ensilage de ma\u00efs, nous proposons \u00e9galement une <a href=\"https:\/\/corn-machines.com\/fr\/product\/automatic-silage-baler-machine\/\">balleuse de silage<\/a> \u00e0 haute efficacit\u00e9 pouvant \u00eatre utilis\u00e9e conjointement, permettant des op\u00e9rations int\u00e9gr\u00e9es de broyage, collecte, ballage et emballage du silage. Si vous avez des besoins, n'h\u00e9sitez pas \u00e0 nous contacter pour des solutions de traitement de silage sur mesure.<\/p>","protected":false},"excerpt":{"rendered":"<p>Taizy corn silage harvesting machine is designed to crush and collect corn stalks, sorghum stalks, forage grass, and various dry and wet silage materials into pieces smaller than 80mm.  Its recycling rate is \u226580% and working efficiency is 0.25-0.72 hectares\/h.<\/p>","protected":false},"author":1,"featured_media":1451,"parent":0,"template":"","tags":[81,82],"product-type":[86],"class_list":["post-1439","product","type-product","status-publish","has-post-thumbnail","hentry","tag-corn-silage","tag-silage","product-type-corn-silage-processing-machine"],"_links":{"self":[{"href":"https:\/\/corn-machines.com\/fr\/wp-json\/wp\/v2\/product\/1439","targetHints":{"allow":["GET"]}}],"collection":[{"href":"https:\/\/corn-machines.com\/fr\/wp-json\/wp\/v2\/product"}],"about":[{"href":"https:\/\/corn-machines.com\/fr\/wp-json\/wp\/v2\/types\/product"}],"author":[{"embeddable":true,"href":"https:\/\/corn-machines.com\/fr\/wp-json\/wp\/v2\/users\/1"}],"wp:featuredmedia":[{"embeddable":true,"href":"https:\/\/corn-machines.com\/fr\/wp-json\/wp\/v2\/media\/1451"}],"wp:attachment":[{"href":"https:\/\/corn-machines.com\/fr\/wp-json\/wp\/v2\/media?parent=1439"}],"wp:term":[{"taxonomy":"post_tag","embeddable":true,"href":"https:\/\/corn-machines.com\/fr\/wp-json\/wp\/v2\/tags?post=1439"},{"taxonomy":"product-type","embeddable":true,"href":"https:\/\/corn-machines.com\/fr\/wp-json\/wp\/v2\/product-type?post=1439"}],"curies":[{"name":"wp","href":"https:\/\/api.w.org\/{rel}","templated":true}]}}