{"id":1378,"date":"2025-12-04T15:36:00","date_gmt":"2025-12-04T07:36:00","guid":{"rendered":"https:\/\/corn-machines.com\/?post_type=product&#038;p=1378"},"modified":"2025-12-05T09:43:09","modified_gmt":"2025-12-05T01:43:09","slug":"multifunctional-corn-sheller","status":"publish","type":"product","link":"https:\/\/corn-machines.com\/fr\/product\/multifunctional-corn-sheller\/","title":{"rendered":"D\u00e9cortiqueuse multifonction pour grains"},"content":{"rendered":"<p class=\"translation-block\">Taizy <strong>multifonctionnel d\u00e9cortiqueur de ma\u00efs<\/strong> est un appareil de battage de grains qui int\u00e8gre le battage, le ventillage et le tamisage. Il convient \u00e0 diverses c\u00e9r\u00e9ales telles que le ma\u00efs, le bl\u00e9, le riz, le sorgho et le soja. Le d\u00e9cortiqueur de ma\u00efs peut atteindre une capacit\u00e9 de 1000 kg\/h, un taux de battage \u226599 %, et un taux de cassure \u22640,5 %.<\/p>    <p>La machine de battage de grains est disponible en configurations \u00e0 moteur \u00e9lectrique ou diesel et est \u00e9quip\u00e9e de grandes pneus sur un chariot de remorquage, permettant un d\u00e9placement flexible entre diff\u00e9rents sites de travail.<\/p>    <h2 class=\"wp-block-heading\"><strong>Avantages du d\u00e9cortiqueur multifonctionnel de ma\u00efs<\/strong><\/h2>    <ul class=\"wp-block-list\"> <li>Notre machine de d\u00e9corticage multifonctionnelle de ma\u00efs <strong>peut traiter diverses c\u00e9r\u00e9ales<\/strong> such as corn, wheat, rice, sorghum, and soybeans, meeting farmers&#8217; threshing needs for different crops throughout the year.<\/li>    <li>Le d\u00e9cortiqueur de grains utilise un processus int\u00e9gr\u00e9, s\u00e9parant les grains de la paille, du son et des impuret\u00e9s lourdes en une seule \u00e9tape, <strong>\u00e9conomiser du temps et de la main-d'\u0153uvre<\/strong>.<\/li>    <li>Un ventilateur \u00e0 haut volume combin\u00e9 \u00e0 un tamis vibrant de pr\u00e9cision \u00e9limine efficacement les impuret\u00e9s l\u00e9g\u00e8res et lourdes, <strong>assurant des grains plus propres et des produits finis de meilleure qualit\u00e9<\/strong>.<\/li>    <li>Le d\u00e9cortiqueur multifonctionnel de ma\u00efs Taizy peut \u00eatre \u00e9quip\u00e9 de<strong> moteur \u00e9lectrique ou moteur diesel<\/strong>, adapt\u00e9e \u00e0 diff\u00e9rentes conditions d'alimentation et environnements ext\u00e9rieurs.<\/li>    <li>Elle dispose d'un cadre de remorquage et de grandes pneus, permettant de <strong>facile \u00e0 d\u00e9placer sur diff\u00e9rents terrains<\/strong> et am\u00e9liorer la flexibilit\u00e9 op\u00e9rationnelle.<\/li>    <li>Notre machine de d\u00e9corticage de grains fonctionne de mani\u00e8re fluide et fiable, peut fonctionner en continu pendant de longues p\u00e9riodes, et atteint une <strong>efficacit\u00e9 de battage allant jusqu'\u00e0 1000 kg\/h<\/strong>.<\/li> <\/ul>   <div class=\"wp-block-image\"> <figure class=\"aligncenter size-full\"><img loading=\"lazy\" decoding=\"async\" width=\"720\" height=\"540\" src=\"https:\/\/corn-machines.com\/wp-content\/uploads\/2025\/12\/multifunctional-corn-sheller.webp\" alt=\"moissonneuse \u00e0 \u00e9grener de ma\u00efs multifonctionnelle\" class=\"wp-image-1379\" srcset=\"https:\/\/corn-machines.com\/wp-content\/uploads\/2025\/12\/multifunctional-corn-sheller.webp 720w, https:\/\/corn-machines.com\/wp-content\/uploads\/2025\/12\/multifunctional-corn-sheller-300x225.webp 300w, https:\/\/corn-machines.com\/wp-content\/uploads\/2025\/12\/multifunctional-corn-sheller-16x12.webp 16w\" sizes=\"auto, (max-width: 720px) 100vw, 720px\" \/><figcaption class=\"wp-element-caption\">moissonneuse \u00e0 \u00e9grener de ma\u00efs multifonctionnelle<\/figcaption><\/figure> <\/div>   <h2 class=\"wp-block-heading\"><strong>Utilisation du d\u00e9cortiqueur de grains<\/strong><\/h2>    <p>Le d\u00e9cortiqueur multifonctionnel de ma\u00efs a une large gamme d'applications et peut traiter diverses cultures de grains courantes. En plus du ma\u00efs, la machine de d\u00e9corticage peut \u00e9galement efficacement battre le bl\u00e9, le riz, le sorgho, le soja, le millet, le s\u00e9same et d'autres grains similaires.<\/p>   <div class=\"wp-block-image\"> <figure class=\"aligncenter size-full\"><img loading=\"lazy\" decoding=\"async\" width=\"720\" height=\"540\" src=\"https:\/\/corn-machines.com\/wp-content\/uploads\/2025\/12\/application-of-multifunctional-corn-thresher.webp\" alt=\"application du d\u00e9cortiqueur multifonctionnel de ma\u00efs\" class=\"wp-image-1380\" srcset=\"https:\/\/corn-machines.com\/wp-content\/uploads\/2025\/12\/application-of-multifunctional-corn-thresher.webp 720w, https:\/\/corn-machines.com\/wp-content\/uploads\/2025\/12\/application-of-multifunctional-corn-thresher-300x225.webp 300w, https:\/\/corn-machines.com\/wp-content\/uploads\/2025\/12\/application-of-multifunctional-corn-thresher-16x12.webp 16w\" sizes=\"auto, (max-width: 720px) 100vw, 720px\" \/><figcaption class=\"wp-element-caption\">application du d\u00e9cortiqueur multifonctionnel de ma\u00efs<\/figcaption><\/figure> <\/div>   <p>Notre machine de d\u00e9corticage multifonctionnelle de ma\u00efs peut \u00eatre largement utilis\u00e9e dans les exploitations familiales, les bases de plantation de grains, les coop\u00e9ratives de machinerie agricole et les stations de service agricole rurales.<\/p>    <h2 class=\"wp-block-heading\"><strong>Structure principale du d\u00e9cortiqueur multifonctionnel de ma\u00efs<\/strong><\/h2>    <p>Le d\u00e9cortiqueur multifonctionnel de ma\u00efs se compose principalement d'une tr\u00e9mie d'alimentation, d'un cadre, d'un tamis concave, d'un tambour de battage, d'une plaque de couverture, d'une plaque guide, d'un ventilateur, d'un tamis vibrant et d'un dispositif de transmission. Sa structure est illustr\u00e9e ci-dessous :<\/p>   <div class=\"wp-block-image\"> <figure class=\"aligncenter size-full\"><img loading=\"lazy\" decoding=\"async\" width=\"720\" height=\"540\" src=\"https:\/\/corn-machines.com\/wp-content\/uploads\/2025\/12\/structure-of-multifunctional-maize-thresher-machine.webp\" alt=\"structure du d\u00e9cortiqueur multifonctionnel de ma\u00efs\" class=\"wp-image-1388\" srcset=\"https:\/\/corn-machines.com\/wp-content\/uploads\/2025\/12\/structure-of-multifunctional-maize-thresher-machine.webp 720w, https:\/\/corn-machines.com\/wp-content\/uploads\/2025\/12\/structure-of-multifunctional-maize-thresher-machine-300x225.webp 300w, https:\/\/corn-machines.com\/wp-content\/uploads\/2025\/12\/structure-of-multifunctional-maize-thresher-machine-16x12.webp 16w\" sizes=\"auto, (max-width: 720px) 100vw, 720px\" \/><figcaption class=\"wp-element-caption\">structure du d\u00e9cortiqueur multifonctionnel de ma\u00efs<\/figcaption><\/figure> <\/div>   <h2 class=\"wp-block-heading\"><strong>Comment fonctionne la machine de d\u00e9corticage multifonctionnelle de ma\u00efs<\/strong> <strong>travailler ?<\/strong><\/h2>    <p>Apr\u00e8s mise sous tension, le tambour tourne \u00e0 grande vitesse, d\u00e9logeant les grains du straw ou husks via des broches dent\u00e9es. Les grains et d\u00e9bris tombent sur le tamis concave ; les particules plus grosses tombent, tandis que les impuret\u00e9s plus petites sont souffl\u00e9es par le souffleur.<\/p>    <p>Les double souffleurs \u00e9liminent les feuilles, la paille hach\u00e9e et les husks. Les grains restants passent ensuite \u00e0 travers un tamis vibrant pour s\u00e9parer les petites pierres et les impuret\u00e9s plus grosses.<\/p>    <figure class=\"wp-block-gallery has-nested-images columns-default is-cropped wp-block-gallery-2 is-layout-flex wp-block-gallery-is-layout-flex\"> <figure class=\"wp-block-image size-large\"><img loading=\"lazy\" decoding=\"async\" width=\"720\" height=\"540\" data-id=\"1382\" src=\"https:\/\/corn-machines.com\/wp-content\/uploads\/2025\/12\/grain-threshiing-machine.webp\" alt=\"battage de grain\" class=\"wp-image-1382\" srcset=\"https:\/\/corn-machines.com\/wp-content\/uploads\/2025\/12\/grain-threshiing-machine.webp 720w, https:\/\/corn-machines.com\/wp-content\/uploads\/2025\/12\/grain-threshiing-machine-300x225.webp 300w, https:\/\/corn-machines.com\/wp-content\/uploads\/2025\/12\/grain-threshiing-machine-16x12.webp 16w\" sizes=\"auto, (max-width: 720px) 100vw, 720px\" \/><figcaption class=\"wp-element-caption\">battage de grain<\/figcaption><\/figure>    <figure class=\"wp-block-image size-large\"><img loading=\"lazy\" decoding=\"async\" width=\"720\" height=\"540\" data-id=\"1383\" src=\"https:\/\/corn-machines.com\/wp-content\/uploads\/2025\/12\/multipurpose-grain-threshing-machine.webp\" alt=\"machine de battage de grains multifonctionnelle\" class=\"wp-image-1383\" srcset=\"https:\/\/corn-machines.com\/wp-content\/uploads\/2025\/12\/multipurpose-grain-threshing-machine.webp 720w, https:\/\/corn-machines.com\/wp-content\/uploads\/2025\/12\/multipurpose-grain-threshing-machine-300x225.webp 300w, https:\/\/corn-machines.com\/wp-content\/uploads\/2025\/12\/multipurpose-grain-threshing-machine-16x12.webp 16w\" sizes=\"auto, (max-width: 720px) 100vw, 720px\" \/><figcaption class=\"wp-element-caption\">machine de battage de grains multifonctionnelle<\/figcaption><\/figure> <\/figure>    <h2 class=\"wp-block-heading\"><strong>Sp\u00e9cifications techniques pour la machine de battage de grains<\/strong><\/h2>    <figure class=\"wp-block-table\"><table class=\"has-fixed-layout\"><tbody><tr><td>Nom de la machine<\/td><td>D\u00e9cortiqueur multifonctionnel<\/td><\/tr><tr><td>Mod\u00e8le<\/td><td>SL-125<\/td><\/tr><tr><td>Pouvoir<\/td><td>Moteur de 11 kW ou moteur diesel de 15 ch<\/td><\/tr><tr><td>Vitesse de broche<\/td><td>1200t\/min<\/td><\/tr><tr><td>Capacit\u00e9<\/td><td>Environ 1000kg\/h<\/td><\/tr><tr><td>Taux de d\u00e9corticage<\/td><td>\u226599 %<\/td><\/tr><tr><td>Poids<\/td><td>400 kg<\/td><\/tr><tr><td>Taille<\/td><td>2030*1340*1380mm<\/td><\/tr><\/tbody><\/table><figcaption class=\"wp-element-caption\">param\u00e8tres de la machine de d\u00e9corticage de grains<\/figcaption><\/figure>    <h2 class=\"wp-block-heading\"><strong>Combien co\u00fbte un d\u00e9cortiqueur multifonctionnel de ma\u00efs ?<\/strong><\/h2>    <p>The price of the multifunctional corn sheller depends on the selected model. Different models have different configurations and functions, and manufacturers usually provide a corresponding quote after understanding the customer&#8217;s needs.<\/p>   <div class=\"wp-block-image\"> <figure class=\"aligncenter size-full\"><img loading=\"lazy\" decoding=\"async\" width=\"720\" height=\"540\" src=\"https:\/\/corn-machines.com\/wp-content\/uploads\/2025\/12\/multipurpose-grain-threshing-equipment.webp\" alt=\"\u00e9quipement de battage de grains polyvalent\" class=\"wp-image-1394\" srcset=\"https:\/\/corn-machines.com\/wp-content\/uploads\/2025\/12\/multipurpose-grain-threshing-equipment.webp 720w, https:\/\/corn-machines.com\/wp-content\/uploads\/2025\/12\/multipurpose-grain-threshing-equipment-300x225.webp 300w, https:\/\/corn-machines.com\/wp-content\/uploads\/2025\/12\/multipurpose-grain-threshing-equipment-16x12.webp 16w\" sizes=\"auto, (max-width: 720px) 100vw, 720px\" \/><figcaption class=\"wp-element-caption\">\u00e9quipement de battage de grains polyvalent<\/figcaption><\/figure> <\/div>   <h2 class=\"wp-block-heading\"><strong>Cas r\u00e9ussi du d\u00e9cortiqueur multifonctionnel de grains Taizy<\/strong><\/h2>    <p>L'ann\u00e9e derni\u00e8re, le gouvernement nig\u00e9rian, dans le cadre d'un projet de promotion de la m\u00e9canisation agricole, a achet\u00e9 1000 machines de d\u00e9corticage multifonctionnelles, qui ont ensuite \u00e9t\u00e9 distribu\u00e9es dans divers \u00c9tats et zones rurales.<\/p>    <p>The deployment of these grain threshing machines has not only accelerated the local grain harvesting process but has also played a significant role in increasing farmers&#8217; incomes and promoting regional agricultural modernization.<\/p>    <figure class=\"wp-block-gallery has-nested-images columns-default is-cropped wp-block-gallery-3 is-layout-flex wp-block-gallery-is-layout-flex\"> <figure class=\"wp-block-image size-large\"><img loading=\"lazy\" decoding=\"async\" width=\"720\" height=\"540\" data-id=\"1385\" src=\"https:\/\/corn-machines.com\/wp-content\/uploads\/2025\/12\/multiourpose-maize-shelling-machine.webp\" alt=\"machine de d\u00e9corticage de ma\u00efs multifonctionnelle\" class=\"wp-image-1385\" srcset=\"https:\/\/corn-machines.com\/wp-content\/uploads\/2025\/12\/multiourpose-maize-shelling-machine.webp 720w, https:\/\/corn-machines.com\/wp-content\/uploads\/2025\/12\/multiourpose-maize-shelling-machine-300x225.webp 300w, https:\/\/corn-machines.com\/wp-content\/uploads\/2025\/12\/multiourpose-maize-shelling-machine-16x12.webp 16w\" sizes=\"auto, (max-width: 720px) 100vw, 720px\" \/><figcaption class=\"wp-element-caption\">machine de d\u00e9corticage de ma\u00efs multifonctionnelle<\/figcaption><\/figure>    <figure class=\"wp-block-image size-large\"><img loading=\"lazy\" decoding=\"async\" width=\"720\" height=\"540\" data-id=\"1386\" src=\"https:\/\/corn-machines.com\/wp-content\/uploads\/2025\/12\/fb4e00ef47764d21bbf8ce9449db2a8f-tuya_\u7ed3\u679c.webp\" alt=\"Visite des clients au d\u00e9cortiqueur de grains\" class=\"wp-image-1386\" srcset=\"https:\/\/corn-machines.com\/wp-content\/uploads\/2025\/12\/fb4e00ef47764d21bbf8ce9449db2a8f-tuya_\u7ed3\u679c.webp 720w, https:\/\/corn-machines.com\/wp-content\/uploads\/2025\/12\/fb4e00ef47764d21bbf8ce9449db2a8f-tuya_\u7ed3\u679c-300x225.webp 300w, https:\/\/corn-machines.com\/wp-content\/uploads\/2025\/12\/fb4e00ef47764d21bbf8ce9449db2a8f-tuya_\u7ed3\u679c-16x12.webp 16w\" sizes=\"auto, (max-width: 720px) 100vw, 720px\" \/><figcaption class=\"wp-element-caption\">visite des clients au d\u00e9cortiqueur de grains<\/figcaption><\/figure> <\/figure>    <h2 class=\"wp-block-heading\"><strong>Autres \u00e9quipements de traitement du ma\u00efs vendus par Taizy<\/strong><\/h2>    <p class=\"translation-block\">En tant que fournisseur d'\u00e9quipements agricoles professionnels, Taizy propose non seulement un d\u00e9cortiqueur multifonctionnel de ma\u00efs mais aussi une vari\u00e9t\u00e9 d'\u00e9quipements de traitement du ma\u00efs, y compris <a href=\"https:\/\/corn-machines.com\/fr\/product\/automated-corn-sowing-machine\/\">planter de ma\u00efs<\/a>, <a href=\"https:\/\/corn-machines.com\/fr\/product\/maize-harvesting-machine-with-seat\/\">moissonneuse de ma\u00efs<\/a>, <a href=\"https:\/\/corn-machines.com\/fr\/product\/corn-grits-machine\/\">machine \u00e0 fabriquer des grains de ma\u00efs<\/a>, et <a href=\"https:\/\/corn-machines.com\/fr\/product\/corn-silage-harvester-machine\/\">machine de r\u00e9colte d'ensilage de ma\u00efs<\/a>. Nous offrons aux utilisateurs une solution tout-en-un, de la plantation \u00e0 la r\u00e9colte en passant par le traitement.<\/p>    <figure class=\"wp-block-gallery has-nested-images columns-default is-cropped wp-block-gallery-4 is-layout-flex wp-block-gallery-is-layout-flex\"> <figure class=\"wp-block-image size-full\"><img loading=\"lazy\" decoding=\"async\" width=\"720\" height=\"540\" data-id=\"1393\" src=\"https:\/\/corn-machines.com\/wp-content\/uploads\/2025\/12\/corn-planting-machine-1.webp\" alt=\"planteuse de ma\u00efs\" class=\"wp-image-1393\" srcset=\"https:\/\/corn-machines.com\/wp-content\/uploads\/2025\/12\/corn-planting-machine-1.webp 720w, https:\/\/corn-machines.com\/wp-content\/uploads\/2025\/12\/corn-planting-machine-1-300x225.webp 300w, https:\/\/corn-machines.com\/wp-content\/uploads\/2025\/12\/corn-planting-machine-1-16x12.webp 16w\" sizes=\"auto, (max-width: 720px) 100vw, 720px\" \/><figcaption class=\"wp-element-caption\">planteuse de ma\u00efs<\/figcaption><\/figure>    <figure class=\"wp-block-image size-large\"><img loading=\"lazy\" decoding=\"async\" width=\"720\" height=\"540\" data-id=\"1389\" src=\"https:\/\/corn-machines.com\/wp-content\/uploads\/2025\/12\/maize-harvester-machine.webp\" alt=\"machine de r\u00e9colte de ma\u00efs\" class=\"wp-image-1389\" srcset=\"https:\/\/corn-machines.com\/wp-content\/uploads\/2025\/12\/maize-harvester-machine.webp 720w, https:\/\/corn-machines.com\/wp-content\/uploads\/2025\/12\/maize-harvester-machine-300x225.webp 300w, https:\/\/corn-machines.com\/wp-content\/uploads\/2025\/12\/maize-harvester-machine-16x12.webp 16w\" sizes=\"auto, (max-width: 720px) 100vw, 720px\" \/><figcaption class=\"wp-element-caption\">machine de r\u00e9colte de ma\u00efs<\/figcaption><\/figure> <\/figure>    <figure class=\"wp-block-gallery has-nested-images columns-default is-cropped wp-block-gallery-5 is-layout-flex wp-block-gallery-is-layout-flex\"> <figure class=\"wp-block-image size-large\"><img loading=\"lazy\" decoding=\"async\" width=\"720\" height=\"540\" data-id=\"1390\" src=\"https:\/\/corn-machines.com\/wp-content\/uploads\/2025\/12\/maize-silage-harvesting-machine.webp\" alt=\"machine de r\u00e9colte de ensilage de ma\u00efs\" class=\"wp-image-1390\" srcset=\"https:\/\/corn-machines.com\/wp-content\/uploads\/2025\/12\/maize-silage-harvesting-machine.webp 720w, https:\/\/corn-machines.com\/wp-content\/uploads\/2025\/12\/maize-silage-harvesting-machine-300x225.webp 300w, https:\/\/corn-machines.com\/wp-content\/uploads\/2025\/12\/maize-silage-harvesting-machine-16x12.webp 16w\" sizes=\"auto, (max-width: 720px) 100vw, 720px\" \/><figcaption class=\"wp-element-caption\">machine de r\u00e9colte de ensilage de ma\u00efs<\/figcaption><\/figure>    <figure class=\"wp-block-image size-large\"><img loading=\"lazy\" decoding=\"async\" width=\"720\" height=\"540\" data-id=\"1392\" src=\"https:\/\/corn-machines.com\/wp-content\/uploads\/2025\/12\/corn-grits-making-machine.webp\" alt=\"gruau de ma\u00efs faisant la machine\" class=\"wp-image-1392\" srcset=\"https:\/\/corn-machines.com\/wp-content\/uploads\/2025\/12\/corn-grits-making-machine.webp 720w, https:\/\/corn-machines.com\/wp-content\/uploads\/2025\/12\/corn-grits-making-machine-300x225.webp 300w, https:\/\/corn-machines.com\/wp-content\/uploads\/2025\/12\/corn-grits-making-machine-16x12.webp 16w\" sizes=\"auto, (max-width: 720px) 100vw, 720px\" \/><figcaption class=\"wp-element-caption\">gruau de ma\u00efs faisant la machine<\/figcaption><\/figure> <\/figure>    <p>Si vous \u00eates int\u00e9ress\u00e9 par des d\u00e9cortiqueurs de ma\u00efs ou d'autres \u00e9quipements connexes, n'h\u00e9sitez pas \u00e0 nous contacter pour obtenir des informations d\u00e9taill\u00e9es et des devis. Nous recommanderons la machine la plus adapt\u00e9e \u00e0 vos besoins.<\/p>","protected":false},"excerpt":{"rendered":"<p>This article introduces the multifunctional corn sheller that integrates threshing, winnowing, and screening, enabling efficient grain threshing. It is suitable for corn, wheat, rice, sorghum, soybeans, and other grains. The machine has a processing capacity of up to 1000 kg\/h and a threshing rate of \u226599%.<\/p>","protected":false},"author":1,"featured_media":1387,"parent":0,"template":"","tags":[42,52],"product-type":[4],"class_list":["post-1378","product","type-product","status-publish","has-post-thumbnail","hentry","tag-corn","tag-grain","product-type-corn-thresher-machine"],"_links":{"self":[{"href":"https:\/\/corn-machines.com\/fr\/wp-json\/wp\/v2\/product\/1378","targetHints":{"allow":["GET"]}}],"collection":[{"href":"https:\/\/corn-machines.com\/fr\/wp-json\/wp\/v2\/product"}],"about":[{"href":"https:\/\/corn-machines.com\/fr\/wp-json\/wp\/v2\/types\/product"}],"author":[{"embeddable":true,"href":"https:\/\/corn-machines.com\/fr\/wp-json\/wp\/v2\/users\/1"}],"wp:featuredmedia":[{"embeddable":true,"href":"https:\/\/corn-machines.com\/fr\/wp-json\/wp\/v2\/media\/1387"}],"wp:attachment":[{"href":"https:\/\/corn-machines.com\/fr\/wp-json\/wp\/v2\/media?parent=1378"}],"wp:term":[{"taxonomy":"post_tag","embeddable":true,"href":"https:\/\/corn-machines.com\/fr\/wp-json\/wp\/v2\/tags?post=1378"},{"taxonomy":"product-type","embeddable":true,"href":"https:\/\/corn-machines.com\/fr\/wp-json\/wp\/v2\/product-type?post=1378"}],"curies":[{"name":"wp","href":"https:\/\/api.w.org\/{rel}","templated":true}]}}