{"id":1351,"date":"2025-11-27T14:33:15","date_gmt":"2025-11-27T06:33:15","guid":{"rendered":"https:\/\/corn-machines.com\/?post_type=product&#038;p=1351"},"modified":"2025-11-27T16:02:03","modified_gmt":"2025-11-27T08:02:03","slug":"silage-cutting-machine","status":"publish","type":"product","link":"https:\/\/corn-machines.com\/fr\/product\/silage-cutting-machine\/","title":{"rendered":"Machine de coupe de silage pour la transformation de l'alimentation"},"content":{"rendered":"<p class=\"translation-block\">: Taizy <strong>machine \u00e0 couper le foin<\/strong> est utilis\u00e9e pour broyer le foin, l'herbe, la tige de ma\u00efs, la paille de sorgho, la luzerne, le mapeier, et autres herbes en petits morceaux. Le produit fini a une longueur de 10-180 mm et une largeur inf\u00e9rieure \u00e0 10 mm.<\/p>    <p>Nous proposons une vari\u00e9t\u00e9 de machines \u00e0 couper le foin avec une capacit\u00e9 allant de 4 \u00e0 15 tonnes par heure. La machine \u00e0 couper le foin Taizy est un \u00e9quipement id\u00e9al pour la transformation du fourrage pour les \u00e9leveurs de taille moyenne \u00e0 grande. Si vous recherchez une machine de coupe du fourrage \u00e0 haute efficacit\u00e9, contactez-nous d\u00e8s maintenant pour obtenir le meilleur devis.<\/p>    <figure class=\"wp-block-embed is-type-video is-provider-youtube wp-block-embed-youtube wp-embed-aspect-16-9 wp-has-aspect-ratio\"><div class=\"wp-block-embed__wrapper\"> <iframe loading=\"lazy\" title=\"Machine de coupe de foin \u00e0 haute efficacit\u00e9 | Machine \u00e0 d\u00e9chiqueter le foin pour couper l&#039;herbe et les pailles de ma\u00efs\" width=\"500\" height=\"281\" src=\"https:\/\/www.youtube.com\/embed\/YwEin-WRDcg?feature=oembed\" frameborder=\"0\" allow=\"accelerometer; autoplay; clipboard-write; encrypted-media; gyroscope; picture-in-picture; web-share\" referrerpolicy=\"strict-origin-when-cross-origin\" allowfullscreen><\/iframe> <\/div><figcaption class=\"wp-element-caption\">vid\u00e9o de travail de la machine \u00e0 couper l'ensilage<\/figcaption><\/figure>    <h2 class=\"wp-block-heading\"><strong>Caract\u00e9ristiques sup\u00e9rieures de la machine \u00e0 couper le foin<\/strong><\/h2>    <ul class=\"wp-block-list\"> <li><strong>Produit fini fin<\/strong>: Le fourrage trait\u00e9 poss\u00e8de des fibres fines et molles, am\u00e9liorant consid\u00e9rablement la palatabilit\u00e9 et facilitant la digestion par les bovins, ovins, chevaux, poulets, canards, lapins et autres animaux.<\/li>    <li><strong>Applications larges<\/strong>: Taizy silage shredder machine can cut and pulverize various forage materials, including hay, corn stalks, sorghum, and silage. It&#8217;s a multi-purpose machine suitable for various livestock farming scenarios.<\/li>    <li><strong>Longue dur\u00e9e de vie<\/strong>: Notre machine \u00e0 couper l'ensilage utilise une conception de lame de marteau \u00e9paissie, qui est dure, r\u00e9sistante \u00e0 l'usure, et peu facilement endommag\u00e9e, tout en ayant une longue dur\u00e9e de vie, r\u00e9duisant consid\u00e9rablement les co\u00fbts de maintenance.<\/li>    <li><strong>Haute efficacit\u00e9<\/strong>: La coupeuse de foin Taizy se caract\u00e9rise par une haute efficacit\u00e9 de traitement, avec une capacit\u00e9 de production allant jusqu'\u00e0 15 tonnes par heure.<\/li>    <li><strong>Structure stable<\/strong>: La machine \u00e0 couper le foin a une conception robuste et une stabilit\u00e9 op\u00e9rationnelle \u00e0 long terme, garantissant une production continue et efficace.<\/li>    <li><strong>Op\u00e9ration facile<\/strong>: Notre machine \u00e0 couper le foin a une structure claire, est facile \u00e0 utiliser, et n\u00e9cessite un entretien quotidien simple, ce qui la rend adapt\u00e9e \u00e0 divers utilisateurs.<\/li> <\/ul>   <div class=\"wp-block-image\"> <figure class=\"aligncenter size-full\"><img loading=\"lazy\" decoding=\"async\" width=\"720\" height=\"540\" src=\"https:\/\/corn-machines.com\/wp-content\/uploads\/2025\/11\/silage-cutting-machine.webp\" alt=\"machine \u00e0 couper le ensilage\" class=\"wp-image-1352\" srcset=\"https:\/\/corn-machines.com\/wp-content\/uploads\/2025\/11\/silage-cutting-machine.webp 720w, https:\/\/corn-machines.com\/wp-content\/uploads\/2025\/11\/silage-cutting-machine-300x225.webp 300w, https:\/\/corn-machines.com\/wp-content\/uploads\/2025\/11\/silage-cutting-machine-16x12.webp 16w\" sizes=\"auto, (max-width: 720px) 100vw, 720px\" \/><figcaption class=\"wp-element-caption\">machine \u00e0 couper le ensilage<\/figcaption><\/figure> <\/div>   <h2 class=\"wp-block-heading\"><strong>Sc\u00e9narios d'application de la machine \u00e0 couper l'ensilage<\/strong><\/h2>    <p>Notre machine \u00e0 couper le foin peut traiter une vari\u00e9t\u00e9 de pailles de cultures et de mat\u00e9riaux de fourrage, y compris le foin, les tiges de ma\u00efs, la paille de bl\u00e9, les tiges de sorgho, la paille de riz, les vignes de cacahu\u00e8te, les roseaux, l'herbe de p\u00e2turage, l'ensilage, et presque tous les mat\u00e9riaux fibroses courants.<\/p>    <p>La machine \u00e0 couper l'ensilage peut transformer ces mat\u00e9riaux en herbe fine, rendant les fibres molles et de longueur uniforme, facile \u00e0 manger pour les animaux. La machine est largement utilis\u00e9e pour le traitement du fourrage dans les fermes d'\u00e9levage pour bovins, ovins, chevaux et lapins, et convient \u00e9galement pour le pr\u00e9traitement de l'ensilage.<\/p>    <figure class=\"wp-block-gallery has-nested-images columns-default is-cropped wp-block-gallery-2 is-layout-flex wp-block-gallery-is-layout-flex\"> <figure class=\"wp-block-image size-large\"><img loading=\"lazy\" decoding=\"async\" width=\"540\" height=\"720\" data-id=\"1354\" src=\"https:\/\/corn-machines.com\/wp-content\/uploads\/2025\/11\/silage-chopper-machine-1.webp\" alt=\"Machine \u00e0 hacher le ensilage\" class=\"wp-image-1354\" srcset=\"https:\/\/corn-machines.com\/wp-content\/uploads\/2025\/11\/silage-chopper-machine-1.webp 540w, https:\/\/corn-machines.com\/wp-content\/uploads\/2025\/11\/silage-chopper-machine-1-225x300.webp 225w, https:\/\/corn-machines.com\/wp-content\/uploads\/2025\/11\/silage-chopper-machine-1-9x12.webp 9w\" sizes=\"auto, (max-width: 540px) 100vw, 540px\" \/><figcaption class=\"wp-element-caption\">Machine \u00e0 hacher le ensilage<\/figcaption><\/figure>    <figure class=\"wp-block-image size-large\"><img loading=\"lazy\" decoding=\"async\" width=\"540\" height=\"720\" data-id=\"1353\" src=\"https:\/\/corn-machines.com\/wp-content\/uploads\/2025\/11\/application-of-chaff-cutter-1.webp\" alt=\"Application de la coupe de foin\" class=\"wp-image-1353\" srcset=\"https:\/\/corn-machines.com\/wp-content\/uploads\/2025\/11\/application-of-chaff-cutter-1.webp 540w, https:\/\/corn-machines.com\/wp-content\/uploads\/2025\/11\/application-of-chaff-cutter-1-225x300.webp 225w, https:\/\/corn-machines.com\/wp-content\/uploads\/2025\/11\/application-of-chaff-cutter-1-9x12.webp 9w\" sizes=\"auto, (max-width: 540px) 100vw, 540px\" \/><figcaption class=\"wp-element-caption\">Application de la coupe de foin<\/figcaption><\/figure> <\/figure>    <h2 class=\"wp-block-heading\"><strong>Structure de la machine \u00e0 couper l'herbe<\/strong><\/h2>    <p>La machine \u00e0 couper l'ensilage se compose de plusieurs composants cl\u00e9s qui fonctionnent ensemble. La structure principale comprend un dispositif d'alimentation automatique, un rotor, un moteur, un cadre, des marteaux et des roues.<\/p>    <figure class=\"wp-block-gallery has-nested-images columns-default is-cropped wp-block-gallery-3 is-layout-flex wp-block-gallery-is-layout-flex\"> <figure class=\"wp-block-image size-large\"><img loading=\"lazy\" decoding=\"async\" width=\"720\" height=\"540\" data-id=\"1355\" src=\"https:\/\/corn-machines.com\/wp-content\/uploads\/2025\/11\/Big-tires-of-hay-cutting-machine.webp\" alt=\"grosses pneus de la machine \u00e0 couper le foin\" class=\"wp-image-1355\" srcset=\"https:\/\/corn-machines.com\/wp-content\/uploads\/2025\/11\/Big-tires-of-hay-cutting-machine.webp 720w, https:\/\/corn-machines.com\/wp-content\/uploads\/2025\/11\/Big-tires-of-hay-cutting-machine-300x225.webp 300w, https:\/\/corn-machines.com\/wp-content\/uploads\/2025\/11\/Big-tires-of-hay-cutting-machine-16x12.webp 16w\" sizes=\"auto, (max-width: 720px) 100vw, 720px\" \/><figcaption class=\"wp-element-caption\">grosses pneus de la machine \u00e0 couper le foin<\/figcaption><\/figure>    <figure class=\"wp-block-image size-large\"><img loading=\"lazy\" decoding=\"async\" width=\"720\" height=\"540\" data-id=\"1359\" src=\"https:\/\/corn-machines.com\/wp-content\/uploads\/2025\/11\/conveyor-chain-of-hay-cutting-machine.webp\" alt=\"cha\u00eene de convoyeur de la machine \u00e0 couper le foin\" class=\"wp-image-1359\" srcset=\"https:\/\/corn-machines.com\/wp-content\/uploads\/2025\/11\/conveyor-chain-of-hay-cutting-machine.webp 720w, https:\/\/corn-machines.com\/wp-content\/uploads\/2025\/11\/conveyor-chain-of-hay-cutting-machine-300x225.webp 300w, https:\/\/corn-machines.com\/wp-content\/uploads\/2025\/11\/conveyor-chain-of-hay-cutting-machine-16x12.webp 16w\" sizes=\"auto, (max-width: 720px) 100vw, 720px\" \/><figcaption class=\"wp-element-caption\">cha\u00eene de convoyeur de la machine \u00e0 couper le foin<\/figcaption><\/figure>    <figure class=\"wp-block-image size-large\"><img loading=\"lazy\" decoding=\"async\" width=\"720\" height=\"540\" data-id=\"1357\" src=\"https:\/\/corn-machines.com\/wp-content\/uploads\/2025\/11\/details-of-silage-shredder.webp\" alt=\"lames de la d\u00e9chiqueteuse d&#039;ensilage\" class=\"wp-image-1357\" srcset=\"https:\/\/corn-machines.com\/wp-content\/uploads\/2025\/11\/details-of-silage-shredder.webp 720w, https:\/\/corn-machines.com\/wp-content\/uploads\/2025\/11\/details-of-silage-shredder-300x225.webp 300w, https:\/\/corn-machines.com\/wp-content\/uploads\/2025\/11\/details-of-silage-shredder-16x12.webp 16w\" sizes=\"auto, (max-width: 720px) 100vw, 720px\" \/><figcaption class=\"wp-element-caption\">lames de la d\u00e9chiqueteuse d'ensilage<\/figcaption><\/figure> <\/figure>    <h2 class=\"wp-block-heading\"><strong>Comment fonctionne la machine \u00e0 couper la paille ?<\/strong><\/h2>    <p>Apr\u00e8s avoir d\u00e9marr\u00e9 la machine \u00e0 couper l'ensilage, laissez le rotor de frottement fonctionner de mani\u00e8re stable avant d'activer le dispositif d'alimentation automatique. Les travailleurs \u00e9talent la paille sur la plaque de la cha\u00eene d'alimentation, qui alimente automatiquement la paille dans la machine.<\/p>    <p>Une fois que la paille entre dans le tambour de frottement, elle est continuellement frapp\u00e9e, d\u00e9chir\u00e9e et frott\u00e9e par les marteaux en rotation \u00e0 grande vitesse, la transformant progressivement en filaments fins et longs. Enfin, la paille frott\u00e9e est \u00e9ject\u00e9e de la machine sous la force centrifuge, compl\u00e9tant ainsi le traitement.<\/p>   <div class=\"wp-block-image\"> <figure class=\"aligncenter size-full\"><img loading=\"lazy\" decoding=\"async\" width=\"720\" height=\"540\" src=\"https:\/\/corn-machines.com\/wp-content\/uploads\/2025\/11\/forage-cutting-machine-4.webp\" alt=\"machine \u00e0 couper le fourrage\" class=\"wp-image-1358\" srcset=\"https:\/\/corn-machines.com\/wp-content\/uploads\/2025\/11\/forage-cutting-machine-4.webp 720w, https:\/\/corn-machines.com\/wp-content\/uploads\/2025\/11\/forage-cutting-machine-4-300x225.webp 300w, https:\/\/corn-machines.com\/wp-content\/uploads\/2025\/11\/forage-cutting-machine-4-16x12.webp 16w\" sizes=\"auto, (max-width: 720px) 100vw, 720px\" \/><figcaption class=\"wp-element-caption\">machine \u00e0 couper le fourrage<\/figcaption><\/figure> <\/div>   <h2 class=\"wp-block-heading\"><strong>Informations d\u00e9taill\u00e9es sur la machine \u00e0 d\u00e9chiqueter l'ensilage<\/strong><\/h2>    <p>Nous proposons divers mod\u00e8les de machines \u00e0 couper l'ensilage avec des capacit\u00e9s allant de 4 \u00e0 15 tonnes par heure. Les sp\u00e9cifications sp\u00e9cifiques sont indiqu\u00e9es ci-dessous.<\/p>    <figure class=\"wp-block-table\"><table><tbody><tr><td>Article<\/td><td>9RSZ-4<\/td><td>9RSZ-6<\/td><td>9RSZ-10<\/td><td>9RSZ-15<\/td><\/tr><tr><td>Pouvoir<\/td><td>7,5 kW<\/td><td>15 2.2kw<\/td><td>22 3kw<\/td><td>30 5.5kw<\/td><\/tr><tr><td>Vitesse de l\u2019arbre principal<\/td><td>2860r\/min<\/td><td>2860r\/min<\/td><td>2860r\/min<\/td><td>2100r\/min<\/td><\/tr><tr><td>Capacit\u00e9<\/td><td>4t\/h<\/td><td>6 t\/h<\/td><td>10t\/h<\/td><td>15t\/h<\/td><\/tr><tr><td>Quantit\u00e9 de lames<\/td><td>32 pi\u00e8ces<\/td><td>40 pi\u00e8ces<\/td><td>48 pi\u00e8ces<\/td><td>64 pi\u00e8ces<\/td><\/tr><tr><td>Largeur du plateau d'alimentation<\/td><td>240mm<\/td><td>300mm<\/td><td>500 mm<\/td><td>800mm<\/td><\/tr><tr><td>Distance de projection<\/td><td>\u22652300mm<\/td><td>\u22652300mm<\/td><td>\u22652300mm<\/td><td>\u22652300mm<\/td><\/tr><tr><td>Dimension (L*W*H)<\/td><td>2000*750*800mm<\/td><td>3000*900*1050mm<\/td><td>3600*930*1240mm<\/td><td>4200*1170*1250mm<\/td><\/tr><tr><td>Poids<\/td><td>300 kg<\/td><td>980kg<\/td><td>1100kg<\/td><td>1400kg<\/td><\/tr><\/tbody><\/table><figcaption class=\"wp-element-caption\">param\u00e8tres de la machine \u00e0 couper le foin<\/figcaption><\/figure>    <h2 class=\"wp-block-heading\"><strong>Facteurs influen\u00e7ant le prix du coupe-foin<\/strong><\/h2>    <p>The price of the silage cutting machine is affected by a variety of factors, including the machine&#8217;s output, whether it is equipped with an automatic feeding device, the thickness of the machine body material, and the motor power configuration.<\/p>    <figure class=\"wp-block-gallery has-nested-images columns-default is-cropped wp-block-gallery-4 is-layout-flex wp-block-gallery-is-layout-flex\"> <figure class=\"wp-block-image size-large\"><img loading=\"lazy\" decoding=\"async\" width=\"720\" height=\"540\" data-id=\"1361\" src=\"https:\/\/corn-machines.com\/wp-content\/uploads\/2025\/11\/silage-shredding-machine.webp\" alt=\"machine \u00e0 d\u00e9chiqueter le fourrage\" class=\"wp-image-1361\" srcset=\"https:\/\/corn-machines.com\/wp-content\/uploads\/2025\/11\/silage-shredding-machine.webp 720w, https:\/\/corn-machines.com\/wp-content\/uploads\/2025\/11\/silage-shredding-machine-300x225.webp 300w, https:\/\/corn-machines.com\/wp-content\/uploads\/2025\/11\/silage-shredding-machine-16x12.webp 16w\" sizes=\"auto, (max-width: 720px) 100vw, 720px\" \/><figcaption class=\"wp-element-caption\">machine \u00e0 d\u00e9chiqueter le fourrage<\/figcaption><\/figure>    <figure class=\"wp-block-image size-large\"><img loading=\"lazy\" decoding=\"async\" width=\"720\" height=\"540\" data-id=\"1362\" src=\"https:\/\/corn-machines.com\/wp-content\/uploads\/2025\/11\/chaff-cutter-machine-2.webp\" alt=\"Coupeuse \u00e0 chaume\" class=\"wp-image-1362\" srcset=\"https:\/\/corn-machines.com\/wp-content\/uploads\/2025\/11\/chaff-cutter-machine-2.webp 720w, https:\/\/corn-machines.com\/wp-content\/uploads\/2025\/11\/chaff-cutter-machine-2-300x225.webp 300w, https:\/\/corn-machines.com\/wp-content\/uploads\/2025\/11\/chaff-cutter-machine-2-16x12.webp 16w\" sizes=\"auto, (max-width: 720px) 100vw, 720px\" \/><figcaption class=\"wp-element-caption\">Coupeuse \u00e0 chaume<\/figcaption><\/figure> <\/figure>    <p>De plus, les diff\u00e9rences dans l'artisanat, la qualit\u00e9 et le service apr\u00e8s-vente entre diff\u00e9rents fabricants affecteront directement le prix final. En g\u00e9n\u00e9ral, des configurations plus \u00e9lev\u00e9es, une capacit\u00e9 sup\u00e9rieure et des mat\u00e9riaux plus durables entra\u00eeneront un prix plus \u00e9lev\u00e9.<\/p>    <h2 class=\"wp-block-heading\"><strong>Cas de succ\u00e8s de la machine \u00e0 couper l'ensilage Taizy<\/strong><\/h2>    <p>Notre coupe-foin 9RSZ-6 a \u00e9t\u00e9 export\u00e9 avec succ\u00e8s au Nigeria. Le client, une grande ferme d'\u00e9levage de bovins et d'ovins, a finalement choisi notre \u00e9quipement apr\u00e8s avoir compar\u00e9 plusieurs fournisseurs. Apr\u00e8s la mise en service, le client \u00e9tait tr\u00e8s satisfait de sa qualit\u00e9 et de son efficacit\u00e9 de traitement.<\/p>    <figure class=\"wp-block-embed is-type-video is-provider-youtube wp-block-embed-youtube wp-embed-aspect-9-16 wp-has-aspect-ratio\"><div class=\"wp-block-embed__wrapper\"> <iframe loading=\"lazy\" title=\"Machine automatique de coupe de ensilage | Machine \u00e0 d\u00e9chiqueter le foin pour couper le foin, l&#039;herbe, les pailles de cultures, etc.\" width=\"422\" height=\"750\" src=\"https:\/\/www.youtube.com\/embed\/gyG45DUbjNo?feature=oembed\" frameborder=\"0\" allow=\"accelerometer; autoplay; clipboard-write; encrypted-media; gyroscope; picture-in-picture; web-share\" referrerpolicy=\"strict-origin-when-cross-origin\" allowfullscreen><\/iframe> <\/div><figcaption class=\"wp-element-caption\">vid\u00e9o de retour client<\/figcaption><\/figure>    <h2 class=\"wp-block-heading\"><strong>Contactez-nous imm\u00e9diatement pour un devis d\u00e9taill\u00e9 !<\/strong><\/h2>    <p>La s\u00e9rie 9RSZ de machines \u00e0 couper l'ensilage, avec ses capacit\u00e9s de traitement efficaces et stables, est devenue le choix id\u00e9al pour de nombreuses fermes et transformateurs de fourrage.<\/p>    <p class=\"translation-block\">Si vous recherchez une solution de traitement du fourrage plus compl\u00e8te, nous proposons \u00e9galement des ensembles complets d'\u00e9quipements, y compris <a href=\"https:\/\/corn-machines.com\/fr\/product\/corn-silage-harvester-machine\/\">moissonneuse d'ensilage<\/a> et <a href=\"https:\/\/corn-machines.com\/fr\/product\/automatic-silage-baler-machine\/\">machine \u00e0 balles de fourrage<\/a>, qui peuvent \u00eatre configur\u00e9s pour r\u00e9pondre \u00e0 vos besoins sp\u00e9cifiques. N'h\u00e9sitez pas \u00e0 nous contacter \u00e0 tout moment pour une consultation professionnelle et des devis d'\u00e9quipement !<\/p>","protected":false},"excerpt":{"rendered":"<p>This article describes the structural features, working principle, and application range of the silage cutting machine. This machine can process various raw materials such as chaff, hay, and corn stalks into 10-180mm filamentous forage. The machine operates efficiently and stably, with a production capacity of 4-15t\/h.<\/p>","protected":false},"author":1,"featured_media":1363,"parent":0,"template":"","tags":[42,87,82],"product-type":[86],"class_list":["post-1351","product","type-product","status-publish","has-post-thumbnail","hentry","tag-corn","tag-forage","tag-silage","product-type-corn-silage-processing-machine"],"_links":{"self":[{"href":"https:\/\/corn-machines.com\/fr\/wp-json\/wp\/v2\/product\/1351","targetHints":{"allow":["GET"]}}],"collection":[{"href":"https:\/\/corn-machines.com\/fr\/wp-json\/wp\/v2\/product"}],"about":[{"href":"https:\/\/corn-machines.com\/fr\/wp-json\/wp\/v2\/types\/product"}],"author":[{"embeddable":true,"href":"https:\/\/corn-machines.com\/fr\/wp-json\/wp\/v2\/users\/1"}],"wp:featuredmedia":[{"embeddable":true,"href":"https:\/\/corn-machines.com\/fr\/wp-json\/wp\/v2\/media\/1363"}],"wp:attachment":[{"href":"https:\/\/corn-machines.com\/fr\/wp-json\/wp\/v2\/media?parent=1351"}],"wp:term":[{"taxonomy":"post_tag","embeddable":true,"href":"https:\/\/corn-machines.com\/fr\/wp-json\/wp\/v2\/tags?post=1351"},{"taxonomy":"product-type","embeddable":true,"href":"https:\/\/corn-machines.com\/fr\/wp-json\/wp\/v2\/product-type?post=1351"}],"curies":[{"name":"wp","href":"https:\/\/api.w.org\/{rel}","templated":true}]}}