{"id":1265,"date":"2025-11-18T16:39:32","date_gmt":"2025-11-18T08:39:32","guid":{"rendered":"https:\/\/corn-machines.com\/?post_type=product&#038;p=1265"},"modified":"2025-11-18T17:56:18","modified_gmt":"2025-11-18T09:56:18","slug":"forage-cutter-machine-with-kneading","status":"publish","type":"product","link":"https:\/\/corn-machines.com\/fr\/product\/forage-cutter-machine-with-kneading\/","title":{"rendered":"Machine de coupe pour fourrage avec p\u00e9trissage"},"content":{"rendered":"<p class=\"translation-block\">Ce <strong>machine \u00e0 couper le fourrage<\/strong> est un dispositif de traitement du silage qui int\u00e8gre les fonctions de coupe et de p\u00e9trissage. Il peut rapidement couper et p\u00e9trir des mati\u00e8res premi\u00e8res telles que le foin et la paille, rendant l\u2019alimentation finale plus d\u00e9licate, douce, et plus facile \u00e0 m\u00e2cher et dig\u00e9rer pour les ruminants.<\/p>    <p>Notre coupe-foin poss\u00e8de une haute efficacit\u00e9, avec une capacit\u00e9 de coupe allant de 2 500 \u00e0 8 000 kg par heure. Elle peut \u00eatre \u00e9quip\u00e9e de trois options de puissance : moteur \u00e9lectrique, moteur diesel ou moteur \u00e0 essence, r\u00e9pondant aux exigences de diff\u00e9rentes r\u00e9gions.<\/p>    <figure class=\"wp-block-embed is-type-video is-provider-youtube wp-block-embed-youtube wp-embed-aspect-16-9 wp-has-aspect-ratio\"><div class=\"wp-block-embed__wrapper\"> <iframe loading=\"lazy\" title=\"Machine de coupe de fourrage avec p\u00e9trissage | Broyeur de silage pour couper la paille de ma\u00efs, la paille de riz, l&#039;herbe, le foin\" width=\"500\" height=\"281\" src=\"https:\/\/www.youtube.com\/embed\/oCo2WT5PCIg?feature=oembed\" frameborder=\"0\" allow=\"accelerometer; autoplay; clipboard-write; encrypted-media; gyroscope; picture-in-picture; web-share\" referrerpolicy=\"strict-origin-when-cross-origin\" allowfullscreen><\/iframe> <\/div><figcaption class=\"wp-element-caption\">Processus de travail de la machine \u00e0 couper le silage<\/figcaption><\/figure>    <h2 class=\"wp-block-heading\"><strong>Avantages de la machine \u00e0 couper le silage<\/strong><\/h2>    <ul class=\"wp-block-list\"> <li><strong>Produit fini raffin\u00e9<\/strong>: Notre machine \u00e0 couper le fourrage utilise des lames horizontales pour couper, puis des lames dentel\u00e9es pour pulv\u00e9riser, transformant de gros morceaux d\u2019aliments en fibres souples, ce qui la rend plus adapt\u00e9e aux ruminants.<\/li>    <li><strong>Large application<\/strong>: La machine \u00e0 couper le foin Taizy peut traiter une vari\u00e9t\u00e9 de mat\u00e9riaux v\u00e9g\u00e9taux, y compris le foin, le tr\u00e8fle, le foin de feuilles, les tiges de ma\u00efs, les tiges de haricots, la paille de riz, les tiges d\u2019arachide, et les tiges de canne \u00e0 sucre.<\/li>    <li><strong>Utilisation flexible<\/strong>: The silage cutter&#8217;s cutting length can be adjusted via long and short gears to meet different feeding needs.<\/li>    <li><strong>Facilit\u00e9 de mobilit\u00e9<\/strong>: Elle est \u00e9quip\u00e9e de quatre roues et d\u2019options de pneus pneumatiques de grande taille, facilitant le d\u00e9placement en champ.<\/li>    <li><strong>Multiples options de puissance<\/strong>: La machine \u00e0 couper le foin peut \u00eatre \u00e9quip\u00e9e d\u2019un moteur \u00e9lectrique, d\u2019un moteur \u00e0 essence ou d\u2019un moteur diesel pour s\u2019adapter aux diff\u00e9rentes r\u00e9gions et environnements ext\u00e9rieurs.<\/li> <\/ul>    <figure class=\"wp-block-gallery has-nested-images columns-default is-cropped wp-block-gallery-2 is-layout-flex wp-block-gallery-is-layout-flex\"> <figure class=\"wp-block-image size-large\"><img loading=\"lazy\" decoding=\"async\" width=\"720\" height=\"540\" data-id=\"1269\" src=\"https:\/\/corn-machines.com\/wp-content\/uploads\/2025\/11\/silage-shredder-machine.webp\" alt=\"machine \u00e0 broyer le silage\" class=\"wp-image-1269\" srcset=\"https:\/\/corn-machines.com\/wp-content\/uploads\/2025\/11\/silage-shredder-machine.webp 720w, https:\/\/corn-machines.com\/wp-content\/uploads\/2025\/11\/silage-shredder-machine-300x225.webp 300w, https:\/\/corn-machines.com\/wp-content\/uploads\/2025\/11\/silage-shredder-machine-16x12.webp 16w\" sizes=\"auto, (max-width: 720px) 100vw, 720px\" \/><figcaption class=\"wp-element-caption\">machine \u00e0 broyer le silage<\/figcaption><\/figure>    <figure class=\"wp-block-image size-large\"><img loading=\"lazy\" decoding=\"async\" width=\"720\" height=\"540\" data-id=\"1266\" src=\"https:\/\/corn-machines.com\/wp-content\/uploads\/2025\/11\/forage-chopping-machine.webp\" alt=\"machine \u00e0 couper le fourrage\" class=\"wp-image-1266\" srcset=\"https:\/\/corn-machines.com\/wp-content\/uploads\/2025\/11\/forage-chopping-machine.webp 720w, https:\/\/corn-machines.com\/wp-content\/uploads\/2025\/11\/forage-chopping-machine-300x225.webp 300w, https:\/\/corn-machines.com\/wp-content\/uploads\/2025\/11\/forage-chopping-machine-16x12.webp 16w\" sizes=\"auto, (max-width: 720px) 100vw, 720px\" \/><figcaption class=\"wp-element-caption\">machine \u00e0 couper le fourrage<\/figcaption><\/figure> <\/figure>    <h2 class=\"wp-block-heading\"><strong>Structure principale de la machine \u00e0 couper le fourrage<\/strong><\/h2>    <p>Ce coupe-foin a une structure tr\u00e8s simple, compos\u00e9e d\u2019un convoyeur, d\u2019une entr\u00e9e, d\u2019un syst\u00e8me d\u2019op\u00e9ration, d\u2019un levier de vitesse, d\u2019une roue, d\u2019un cadre moteur, et d\u2019une sortie. Le syst\u00e8me d\u2019op\u00e9ration comprend principalement les sections de coupe et de p\u00e9trissage.<\/p>   <div class=\"wp-block-image\"> <figure class=\"aligncenter size-full\"><img loading=\"lazy\" decoding=\"async\" width=\"720\" height=\"540\" src=\"https:\/\/corn-machines.com\/wp-content\/uploads\/2025\/11\/structure-of-forage-cutter.webp\" alt=\"structure de la machine \u00e0 couper le fourrage\" class=\"wp-image-1267\" srcset=\"https:\/\/corn-machines.com\/wp-content\/uploads\/2025\/11\/structure-of-forage-cutter.webp 720w, https:\/\/corn-machines.com\/wp-content\/uploads\/2025\/11\/structure-of-forage-cutter-300x225.webp 300w, https:\/\/corn-machines.com\/wp-content\/uploads\/2025\/11\/structure-of-forage-cutter-16x12.webp 16w\" sizes=\"auto, (max-width: 720px) 100vw, 720px\" \/><figcaption class=\"wp-element-caption\">structure de la machine \u00e0 couper le fourrage<\/figcaption><\/figure> <\/div>   <h2 class=\"wp-block-heading\"><strong>Types de coupe-foin en vente<\/strong><\/h2>    <p>Ce coupe-foin est disponible en deux types : coupe-foin automatique et coupe-foin \u00e0 s\u00e9paration.<\/p>    <ul class=\"wp-block-list\"> <li><strong>Coupe-foin automatique<\/strong>: Ses sections de coupe et de broyage sont indissociables.<\/li>    <li><strong>Coupe-foin \u00e0 s\u00e9paration<\/strong>: Cette coupe-foin poss\u00e8de des sections s\u00e9par\u00e9es de coupe et de p\u00e9trissage. Pour les gros morceaux, d\u00e9montez et soulevez la partie de p\u00e9trissage. Pour des morceaux plus fins, mettez la partie de p\u00e9trissage.<\/li> <\/ul>    <figure class=\"wp-block-gallery has-nested-images columns-default is-cropped wp-block-gallery-3 is-layout-flex wp-block-gallery-is-layout-flex\"> <figure class=\"wp-block-image size-large\"><img loading=\"lazy\" decoding=\"async\" width=\"720\" height=\"540\" data-id=\"1270\" src=\"https:\/\/corn-machines.com\/wp-content\/uploads\/2025\/11\/automatic-silage-cutting-machine.webp\" alt=\"machine \u00e0 couper le silage automatique\" class=\"wp-image-1270\" srcset=\"https:\/\/corn-machines.com\/wp-content\/uploads\/2025\/11\/automatic-silage-cutting-machine.webp 720w, https:\/\/corn-machines.com\/wp-content\/uploads\/2025\/11\/automatic-silage-cutting-machine-300x225.webp 300w, https:\/\/corn-machines.com\/wp-content\/uploads\/2025\/11\/automatic-silage-cutting-machine-16x12.webp 16w\" sizes=\"auto, (max-width: 720px) 100vw, 720px\" \/><figcaption class=\"wp-element-caption\">machine \u00e0 couper le silage automatique<\/figcaption><\/figure>    <figure class=\"wp-block-image size-large\"><img loading=\"lazy\" decoding=\"async\" width=\"720\" height=\"540\" data-id=\"1271\" src=\"https:\/\/corn-machines.com\/wp-content\/uploads\/2025\/11\/split-type-forage-cutting-machine.webp\" alt=\"machine \u00e0 couper le fourrage \u00e0 s\u00e9paration\" class=\"wp-image-1271\" srcset=\"https:\/\/corn-machines.com\/wp-content\/uploads\/2025\/11\/split-type-forage-cutting-machine.webp 720w, https:\/\/corn-machines.com\/wp-content\/uploads\/2025\/11\/split-type-forage-cutting-machine-300x225.webp 300w, https:\/\/corn-machines.com\/wp-content\/uploads\/2025\/11\/split-type-forage-cutting-machine-16x12.webp 16w\" sizes=\"auto, (max-width: 720px) 100vw, 720px\" \/><figcaption class=\"wp-element-caption\">machine \u00e0 couper le fourrage \u00e0 s\u00e9paration<\/figcaption><\/figure> <\/figure>    <h2 class=\"wp-block-heading\"><strong>Comment fonctionne la machine \u00e0 couper le foin ?<\/strong><\/h2>    <p>Apr\u00e8s que les mati\u00e8res premi\u00e8res entrent dans la machine \u00e0 couper le fourrage, elles sont initialement coup\u00e9es par une lame plate \u00e0 haute vitesse rotative, qui coupe le foin, la paille, et autres mat\u00e9riaux en gros morceaux ou en bandes courtes.<\/p>    <p>Ensuite, ces mat\u00e9riaux hach\u00e9s sont davantage trait\u00e9s par des lames dentel\u00e9es par p\u00e9trissage, rendant le foin plus doux et plus finement broy\u00e9, ce qui le rend plus adapt\u00e9 aux ruminants tels que les bovins et les moutons pour m\u00e2cher et dig\u00e9rer.<\/p>    <figure class=\"wp-block-gallery has-nested-images columns-default is-cropped wp-block-gallery-4 is-layout-flex wp-block-gallery-is-layout-flex\"> <figure class=\"wp-block-image size-large\"><img loading=\"lazy\" decoding=\"async\" width=\"540\" height=\"720\" data-id=\"1273\" src=\"https:\/\/corn-machines.com\/wp-content\/uploads\/2025\/11\/details-of-grass-cutting-machine.webp\" alt=\"d\u00e9tails de la machine \u00e0 couper l\u2019herbe\" class=\"wp-image-1273\" srcset=\"https:\/\/corn-machines.com\/wp-content\/uploads\/2025\/11\/details-of-grass-cutting-machine.webp 540w, https:\/\/corn-machines.com\/wp-content\/uploads\/2025\/11\/details-of-grass-cutting-machine-225x300.webp 225w, https:\/\/corn-machines.com\/wp-content\/uploads\/2025\/11\/details-of-grass-cutting-machine-9x12.webp 9w\" sizes=\"auto, (max-width: 540px) 100vw, 540px\" \/><figcaption class=\"wp-element-caption\">d\u00e9tails de la machine \u00e0 couper l\u2019herbe<\/figcaption><\/figure>    <figure class=\"wp-block-image size-large\"><img loading=\"lazy\" decoding=\"async\" width=\"540\" height=\"720\" data-id=\"1272\" src=\"https:\/\/corn-machines.com\/wp-content\/uploads\/2025\/11\/details-of-forage-cutter-machine.webp\" alt=\"d\u00e9tails de la machine \u00e0 couper le fourrage\" class=\"wp-image-1272\" srcset=\"https:\/\/corn-machines.com\/wp-content\/uploads\/2025\/11\/details-of-forage-cutter-machine.webp 540w, https:\/\/corn-machines.com\/wp-content\/uploads\/2025\/11\/details-of-forage-cutter-machine-225x300.webp 225w, https:\/\/corn-machines.com\/wp-content\/uploads\/2025\/11\/details-of-forage-cutter-machine-9x12.webp 9w\" sizes=\"auto, (max-width: 540px) 100vw, 540px\" \/><figcaption class=\"wp-element-caption\">d\u00e9tails de la machine \u00e0 couper le fourrage<\/figcaption><\/figure>    <figure class=\"wp-block-image size-large\"><img loading=\"lazy\" decoding=\"async\" width=\"540\" height=\"720\" data-id=\"1274\" src=\"https:\/\/corn-machines.com\/wp-content\/uploads\/2025\/11\/details-of-silage-cutting-machine.webp\" alt=\"d\u00e9tails de la machine \u00e0 couper le silage\" class=\"wp-image-1274\" srcset=\"https:\/\/corn-machines.com\/wp-content\/uploads\/2025\/11\/details-of-silage-cutting-machine.webp 540w, https:\/\/corn-machines.com\/wp-content\/uploads\/2025\/11\/details-of-silage-cutting-machine-225x300.webp 225w, https:\/\/corn-machines.com\/wp-content\/uploads\/2025\/11\/details-of-silage-cutting-machine-9x12.webp 9w\" sizes=\"auto, (max-width: 540px) 100vw, 540px\" \/><figcaption class=\"wp-element-caption\">d\u00e9tails de la machine \u00e0 couper le silage<\/figcaption><\/figure> <\/figure>    <figure class=\"wp-block-gallery has-nested-images columns-default is-cropped wp-block-gallery-5 is-layout-flex wp-block-gallery-is-layout-flex\"> <figure class=\"wp-block-image size-full\"><img loading=\"lazy\" decoding=\"async\" width=\"720\" height=\"540\" data-id=\"1277\" src=\"https:\/\/corn-machines.com\/wp-content\/uploads\/2025\/11\/corn-straw-cutting-machine.webp\" alt=\"machine \u00e0 couper la paille de ma\u00efs\" class=\"wp-image-1277\" srcset=\"https:\/\/corn-machines.com\/wp-content\/uploads\/2025\/11\/corn-straw-cutting-machine.webp 720w, https:\/\/corn-machines.com\/wp-content\/uploads\/2025\/11\/corn-straw-cutting-machine-300x225.webp 300w, https:\/\/corn-machines.com\/wp-content\/uploads\/2025\/11\/corn-straw-cutting-machine-16x12.webp 16w\" sizes=\"auto, (max-width: 720px) 100vw, 720px\" \/><figcaption class=\"wp-element-caption\">machine \u00e0 couper la paille de ma\u00efs<\/figcaption><\/figure>    <figure class=\"wp-block-image size-large\"><img loading=\"lazy\" decoding=\"async\" width=\"720\" height=\"540\" data-id=\"1276\" src=\"https:\/\/corn-machines.com\/wp-content\/uploads\/2025\/11\/split-type-hay-cutting-machine.webp\" alt=\"machine \u00e0 couper le foin \u00e0 s\u00e9paration\" class=\"wp-image-1276\" srcset=\"https:\/\/corn-machines.com\/wp-content\/uploads\/2025\/11\/split-type-hay-cutting-machine.webp 720w, https:\/\/corn-machines.com\/wp-content\/uploads\/2025\/11\/split-type-hay-cutting-machine-300x225.webp 300w, https:\/\/corn-machines.com\/wp-content\/uploads\/2025\/11\/split-type-hay-cutting-machine-16x12.webp 16w\" sizes=\"auto, (max-width: 720px) 100vw, 720px\" \/><figcaption class=\"wp-element-caption\">machine \u00e0 couper le foin \u00e0 s\u00e9paration<\/figcaption><\/figure> <\/figure>    <h2 class=\"wp-block-heading\"><strong>Application de la machine \u00e0 broyer le silage<\/strong><\/h2>    <p>La machine \u00e0 couper le fourrage a une large gamme d\u2019applications, capable de couper divers mat\u00e9riaux secs et humides, tels que le foin, le tr\u00e8fle, la canne \u00e0 sucre, la paille de ma\u00efs, la paille de haricots, la paille de riz, la paille d\u2019arachide, et autres cultures fibreuses, r\u00e9pondant \u00e0 divers besoins d\u2019alimentation.<\/p>   <div class=\"wp-block-image\"> <figure class=\"aligncenter size-full\"><img loading=\"lazy\" decoding=\"async\" width=\"720\" height=\"540\" src=\"https:\/\/corn-machines.com\/wp-content\/uploads\/2025\/11\/application-of-silage-chopping-machine.webp\" alt=\"application de la machine \u00e0 couper le silage\" class=\"wp-image-1278\" srcset=\"https:\/\/corn-machines.com\/wp-content\/uploads\/2025\/11\/application-of-silage-chopping-machine.webp 720w, https:\/\/corn-machines.com\/wp-content\/uploads\/2025\/11\/application-of-silage-chopping-machine-300x225.webp 300w, https:\/\/corn-machines.com\/wp-content\/uploads\/2025\/11\/application-of-silage-chopping-machine-16x12.webp 16w\" sizes=\"auto, (max-width: 720px) 100vw, 720px\" \/><figcaption class=\"wp-element-caption\">application de la machine \u00e0 couper le silage<\/figcaption><\/figure> <\/div>   <p>En raison de sa sortie uniforme et de sa bonne app\u00e9tibilit\u00e9, la machine \u00e0 couper le foin avec p\u00e9trissage est largement utilis\u00e9e dans les fermes d\u2019\u00e9levage, les exploitations familiales, les coop\u00e9ratives, les usines de traitement de l\u2019alimentation, les bases de traitement du silage, et les projets de recyclage de la paille agricole.<\/p>    <h2 class=\"wp-block-heading\"><strong>Param\u00e8tres techniques de la coupe-foin<\/strong> <strong>machine<\/strong><\/h2>    <p>Les param\u00e8tres de la machine \u00e0 couper le silage automatique sont les suivants :<\/p>    <figure class=\"wp-block-table\"><table><tbody><tr><td>Mod\u00e8le<\/td><td>9ZR-2.5T<\/td><td>9ZR-380A<\/td><td>9ZR-3.8B<\/td><td>9ZR-4.8T<\/td><td>9ZR-6.8<\/td><td>9ZR-8<\/td><\/tr><tr><td>Pouvoir<\/td><td>3-4.5kw<\/td><td>3-4.5kw<\/td><td>3-4.5kw<\/td><td>5,5kw<\/td><td>7,5 kW<\/td><td>11kw<\/td><\/tr><tr><td>Capacit\u00e9<\/td><td>2500kg\/h<\/td><td>3800kg\/h<\/td><td>3800kg\/h<\/td><td>4800kg\/h<\/td><td>6800kg\/h<\/td><td>8000kg\/h<\/td><\/tr><tr><td>Taille<\/td><td>1350*490*750mm<\/td><td>1650*550*900mm<\/td><td>1750*550*900mm<\/td><td>1750*600*930mm<\/td><td>2283*740*1040mm<\/td><td>3400*830*1200mm<\/td><\/tr><tr><td>Poids<\/td><td>67kg<\/td><td>88kg<\/td><td>93kg<\/td><td>116kg<\/td><td>189kg<\/td><td>320 kg<\/td><\/tr><\/tbody><\/table><figcaption class=\"wp-element-caption\">param\u00e8tres de la machine \u00e0 couper le foin automatique<\/figcaption><\/figure>    <p>Les sp\u00e9cifications du broyeur de silage \u00e0 s\u00e9paration sont les suivantes :<\/p>    <figure class=\"wp-block-table\"><table class=\"has-fixed-layout\"><tbody><tr><td>Mod\u00e8le<\/td><td>9ZR-3.8C<\/td><td>9ZR-4.8C<\/td><\/tr><tr><td>Pouvoir<\/td><td>3-4.5kw<\/td><td>5,5kw<\/td><\/tr><tr><td>Capacit\u00e9<\/td><td>3800kg\/h<\/td><td>4800kg\/h<\/td><\/tr><tr><td>Taille<\/td><td>1750*550*900mm<\/td><td>1950*600*9300mm<\/td><\/tr><tr><td>Poids<\/td><td>94kg<\/td><td>112.5kg<\/td><\/tr><\/tbody><\/table><figcaption class=\"wp-element-caption\">Donn\u00e9es techniques du coupe-foin \u00e0 s\u00e9paration<\/figcaption><\/figure>    <h2 class=\"wp-block-heading\"><strong>Prix et guide d\u2019achat pour le hachoir \u00e0 paille de c\u00e9r\u00e9ales<\/strong><\/h2>    <p>The price of the forage cutter machine is influenced by a variety of factors. The main factors include the machine&#8217;s output capacity, the material and number of blades, whether it has a shredding function, and the presence of casters. Higher output and more advanced configurations will result in a higher price.<\/p>   <div class=\"wp-block-image\"> <figure class=\"aligncenter size-full\"><img loading=\"lazy\" decoding=\"async\" width=\"720\" height=\"540\" src=\"https:\/\/corn-machines.com\/wp-content\/uploads\/2025\/11\/forage-shredder-machine.webp\" alt=\"machine \u00e0 broyer le fourrage\" class=\"wp-image-1275\" srcset=\"https:\/\/corn-machines.com\/wp-content\/uploads\/2025\/11\/forage-shredder-machine.webp 720w, https:\/\/corn-machines.com\/wp-content\/uploads\/2025\/11\/forage-shredder-machine-300x225.webp 300w, https:\/\/corn-machines.com\/wp-content\/uploads\/2025\/11\/forage-shredder-machine-16x12.webp 16w\" sizes=\"auto, (max-width: 720px) 100vw, 720px\" \/><figcaption class=\"wp-element-caption\">machine \u00e0 broyer le fourrage<\/figcaption><\/figure> <\/div>   <p>Lors de l\u2019achat du coupe-foin, choisissez un mod\u00e8le en fonction de vos besoins r\u00e9els. Concentrez-vous sur le mat\u00e9riau des lames, l\u2019\u00e9paisseur de la machine, le type de puissance, l\u2019efficacit\u00e9 de sortie, et si la longueur de coupe est r\u00e9glable. Il est pr\u00e9f\u00e9rable d\u2019acheter aupr\u00e8s de fabricants r\u00e9put\u00e9s avec un service apr\u00e8s-vente fiable pour assurer une utilisation stable \u00e0 long terme.<\/p>    <h2 class=\"wp-block-heading\"><strong>Cas r\u00e9ussi du broyeur de silage Taizy<\/strong><\/h2>    <p class=\"translation-block\"><strong>250 unit\u00e9s de machines \u00e0 couper le fourrage 9ZR-2.5t envoy\u00e9es en Ouganda<\/strong><\/p>    <p>Un client ougandais sp\u00e9cialis\u00e9 dans la distribution d\u2019\u00e9quipements agricoles et d\u2019\u00e9levage a command\u00e9 250 coupe-foin 9ZR-2.5T chez nous pour approvisionner les petits et moyens \u00e9leveurs locaux.<\/p>    <figure class=\"wp-block-gallery has-nested-images columns-default is-cropped wp-block-gallery-6 is-layout-flex wp-block-gallery-is-layout-flex\"> <figure class=\"wp-block-image size-large\"><img loading=\"lazy\" decoding=\"async\" width=\"720\" height=\"540\" data-id=\"1283\" src=\"https:\/\/corn-machines.com\/wp-content\/uploads\/2025\/11\/packaging-of-chaff-cutter.webp\" alt=\"emballage de la coupe-foin\" class=\"wp-image-1283\" srcset=\"https:\/\/corn-machines.com\/wp-content\/uploads\/2025\/11\/packaging-of-chaff-cutter.webp 720w, https:\/\/corn-machines.com\/wp-content\/uploads\/2025\/11\/packaging-of-chaff-cutter-300x225.webp 300w, https:\/\/corn-machines.com\/wp-content\/uploads\/2025\/11\/packaging-of-chaff-cutter-16x12.webp 16w\" sizes=\"auto, (max-width: 720px) 100vw, 720px\" \/><figcaption class=\"wp-element-caption\">emballage de la coupe-foin<\/figcaption><\/figure>    <figure class=\"wp-block-image size-large\"><img loading=\"lazy\" decoding=\"async\" width=\"720\" height=\"540\" data-id=\"1284\" src=\"https:\/\/corn-machines.com\/wp-content\/uploads\/2025\/11\/packaging-of-chaff-shredder-machine.webp\" alt=\"emballage de la machine \u00e0 broyer le foin\" class=\"wp-image-1284\" srcset=\"https:\/\/corn-machines.com\/wp-content\/uploads\/2025\/11\/packaging-of-chaff-shredder-machine.webp 720w, https:\/\/corn-machines.com\/wp-content\/uploads\/2025\/11\/packaging-of-chaff-shredder-machine-300x225.webp 300w, https:\/\/corn-machines.com\/wp-content\/uploads\/2025\/11\/packaging-of-chaff-shredder-machine-16x12.webp 16w\" sizes=\"auto, (max-width: 720px) 100vw, 720px\" \/><figcaption class=\"wp-element-caption\">emballage de la machine \u00e0 broyer le foin<\/figcaption><\/figure>    <figure class=\"wp-block-image size-large\"><img loading=\"lazy\" decoding=\"async\" width=\"720\" height=\"540\" data-id=\"1285\" src=\"https:\/\/corn-machines.com\/wp-content\/uploads\/2025\/11\/transportation-of-forage-cutting-machine.webp\" alt=\"transportation de la machine \u00e0 couper le fourrage\" class=\"wp-image-1285\" srcset=\"https:\/\/corn-machines.com\/wp-content\/uploads\/2025\/11\/transportation-of-forage-cutting-machine.webp 720w, https:\/\/corn-machines.com\/wp-content\/uploads\/2025\/11\/transportation-of-forage-cutting-machine-300x225.webp 300w, https:\/\/corn-machines.com\/wp-content\/uploads\/2025\/11\/transportation-of-forage-cutting-machine-16x12.webp 16w\" sizes=\"auto, (max-width: 720px) 100vw, 720px\" \/><figcaption class=\"wp-element-caption\">transportation de la machine \u00e0 couper le fourrage<\/figcaption><\/figure> <\/figure>    <p>Apr\u00e8s la mise en service de l\u2019\u00e9quipement, le client a signal\u00e9 que la machine fonctionne de mani\u00e8re stable et produit une sortie uniforme, am\u00e9liorant consid\u00e9rablement l\u2019efficacit\u00e9 du traitement du foin. Elle a \u00e9t\u00e9 bien accueillie par les agriculteurs et a aid\u00e9 le client \u00e0 renforcer sa comp\u00e9titivit\u00e9 sur le march\u00e9.<\/p>    <h2 class=\"wp-block-heading\"><strong>Contactez-nous d\u00e8s maintenant pour d\u00e9marrer votre projet !<\/strong><\/h2>    <p>En tant que machine de traitement du fourrage efficace, la machine \u00e0 couper le fourrage joue un r\u00f4le important dans l\u2019\u00e9levage, la production de silage, et le recyclage de la paille. Elle aide \u00e0 am\u00e9liorer l\u2019efficacit\u00e9 du traitement, \u00e0 renforcer la qualit\u00e9 de l\u2019alimentation, et \u00e0 r\u00e9duire les co\u00fbts de main-d\u2019\u0153uvre, offrant un soutien fiable aux agriculteurs et aux \u00e9leveurs.<\/p>    <p class=\"translation-block\">De plus, nous proposons une gamme d\u2019\u00e9quipements de silage, y compris <a href=\"https:\/\/corn-machines.com\/fr\/product\/corn-silage-harvester-machine\/\">moissonneuse de silage<\/a> et <a href=\"https:\/\/corn-machines.com\/fr\/product\/auomatic-silage-round-baler\/\">presse \u00e0 balles de silage<\/a>, qui peuvent \u00eatre combin\u00e9s pour cr\u00e9er des solutions de traitement du fourrage efficaces. Contactez-nous pour plus de d\u00e9tails sur l\u2019\u00e9quipement et des options personnalis\u00e9es pour faciliter et rendre plus efficace votre \u00e9levage !<\/p>","protected":false},"excerpt":{"rendered":"<p>The forage cutter machine is a high-efficiency device used for quickly cutting silage, hay, corn stalks, forage, and other feed ingredients, significantly improving feed processing efficiency. Its output ranges from 2500 to 8000 kg\/h, meeting the daily feed processing needs of farms of different sizes and helping farmers achieve efficient and time-saving feed processing.<\/p>","protected":false},"author":1,"featured_media":1286,"parent":0,"template":"","tags":[81,87,82],"product-type":[86],"class_list":["post-1265","product","type-product","status-publish","has-post-thumbnail","hentry","tag-corn-silage","tag-forage","tag-silage","product-type-corn-silage-processing-machine"],"_links":{"self":[{"href":"https:\/\/corn-machines.com\/fr\/wp-json\/wp\/v2\/product\/1265","targetHints":{"allow":["GET"]}}],"collection":[{"href":"https:\/\/corn-machines.com\/fr\/wp-json\/wp\/v2\/product"}],"about":[{"href":"https:\/\/corn-machines.com\/fr\/wp-json\/wp\/v2\/types\/product"}],"author":[{"embeddable":true,"href":"https:\/\/corn-machines.com\/fr\/wp-json\/wp\/v2\/users\/1"}],"wp:featuredmedia":[{"embeddable":true,"href":"https:\/\/corn-machines.com\/fr\/wp-json\/wp\/v2\/media\/1286"}],"wp:attachment":[{"href":"https:\/\/corn-machines.com\/fr\/wp-json\/wp\/v2\/media?parent=1265"}],"wp:term":[{"taxonomy":"post_tag","embeddable":true,"href":"https:\/\/corn-machines.com\/fr\/wp-json\/wp\/v2\/tags?post=1265"},{"taxonomy":"product-type","embeddable":true,"href":"https:\/\/corn-machines.com\/fr\/wp-json\/wp\/v2\/product-type?post=1265"}],"curies":[{"name":"wp","href":"https:\/\/api.w.org\/{rel}","templated":true}]}}