{"id":124,"date":"2022-09-08T00:59:16","date_gmt":"2022-09-08T00:59:16","guid":{"rendered":"https:\/\/corn-machines.com\/?post_type=product&#038;p=124"},"modified":"2024-12-11T17:43:49","modified_gmt":"2024-12-11T09:43:49","slug":"fresh-corn-thresher-sweet-corn-sheller","status":"publish","type":"product","link":"https:\/\/corn-machines.com\/fr\/product\/fresh-corn-thresher-sweet-corn-sheller\/","title":{"rendered":"Batteuse de ma\u00efs frais | D\u00e9cortiqueuse de ma\u00efs sucr\u00e9"},"content":{"rendered":"<p>La batteuse de ma\u00efs frais peut d\u00e9cortiquer efficacement le ma\u00efs frais et cuit, avec une capacit\u00e9 de 400 \u00e0 500 kg\/h, garantissant que les grains de ma\u00efs restent intacts et en bon \u00e9tat pendant le processus.<\/p>    <p>Les composants de la batteuse de ma\u00efs frais qui entrent en contact avec le ma\u00efs sont con\u00e7us pour r\u00e9pondre \u00e0 des normes strictes d'hygi\u00e8ne alimentaire, garantissant un processus de battage propre et hygi\u00e9nique.<\/p>    <p>La production de la batteuse de ma\u00efs frais est id\u00e9ale pour le conditionnement de ma\u00efs en conserve, de jus de ma\u00efs et de produits surgel\u00e9s, ce qui en fait une solution polyvalente pour diverses industries de transformation des aliments.<\/p>    <figure class=\"wp-block-embed is-type-video is-provider-youtube wp-block-embed-youtube wp-embed-aspect-16-9 wp-has-aspect-ratio\"><div class=\"wp-block-embed__wrapper\"> <iframe loading=\"lazy\" title=\"La r\u00e9colte du ma\u00efs doux simplifi\u00e9e\u00a0: pr\u00e9sentation de la batteuse #maize #corn #farming #agriculture\" width=\"500\" height=\"281\" src=\"https:\/\/www.youtube.com\/embed\/yaa1-Qzv5Mk?feature=oembed\" frameborder=\"0\" allow=\"accelerometer; autoplay; clipboard-write; encrypted-media; gyroscope; picture-in-picture; web-share\" referrerpolicy=\"strict-origin-when-cross-origin\" allowfullscreen><\/iframe> <\/div><figcaption class=\"wp-element-caption\">Vid\u00e9o de travail de la batteuse de ma\u00efs frais<\/figcaption><\/figure>    <h2 class=\"wp-block-heading\" id=\"h-raw-materials-for-fresh-corn-thresher\">Batteuse de ma\u00efs frais \u00e0 vendre<\/h2>    <div class=\"wp-block-media-text is-stacked-on-mobile\"><figure class=\"wp-block-media-text__media\"><img loading=\"lazy\" decoding=\"async\" width=\"720\" height=\"540\" src=\"https:\/\/corn-machines.com\/wp-content\/uploads\/2023\/12\/Sweet-Maize-Sheller-Machine.webp\" alt=\"Machine \u00e0 d\u00e9cortiquer le ma\u00efs sucr\u00e9\" class=\"wp-image-530 size-full\" srcset=\"https:\/\/corn-machines.com\/wp-content\/uploads\/2023\/12\/Sweet-Maize-Sheller-Machine.webp 720w, https:\/\/corn-machines.com\/wp-content\/uploads\/2023\/12\/Sweet-Maize-Sheller-Machine-300x225.webp 300w\" sizes=\"auto, (max-width: 720px) 100vw, 720px\" \/><\/figure><div class=\"wp-block-media-text__content\"> <p class=\"translation-block\"><strong>Exigences d'\u00e9pluchage<\/strong> :<\/p>    <ul class=\"wp-block-list\"> <li>Le ma\u00efs doit \u00eatre \u00e9pluch\u00e9 avant le battage.<\/li>    <li>L'\u00e9pluchage peut \u00eatre effectu\u00e9 manuellement ou avec un \u00e9plucheur de ma\u00efs.<\/li>    <li>Les moustaches de ma\u00efs doivent \u00e9galement \u00eatre enlev\u00e9es avant le battage pour \u00e9viter de les laisser dans les grains.<\/li> <\/ul>    <p class=\"translation-block\"><strong>Types de ma\u00efs<\/strong> :<\/p>    <ul class=\"wp-block-list\"> <li>Convient pour battre toutes sortes de ma\u00efs, y compris le ma\u00efs frais, sucr\u00e9, gluant et congel\u00e9 (apr\u00e8s d\u00e9cong\u00e9lation).<\/li> <\/ul> <\/div><\/div>    <div class=\"wp-block-media-text has-media-on-the-right is-stacked-on-mobile\"><div class=\"wp-block-media-text__content\"> <p class=\"translation-block\"><strong>\u00c9chelle de production<\/strong> :<\/p>    <ul class=\"wp-block-list\"> <li>Id\u00e9al pour la production \u00e0 grande \u00e9chelle sur les cha\u00eenes de montage.<\/li>    <li>Convient \u00e9galement pour une production \u00e0 plus petite \u00e9chelle dans des ateliers familiaux.<\/li> <\/ul>    <p class=\"translation-block\"><strong>Jeu de couteaux<\/strong> :<\/p>    <ul class=\"wp-block-list\"> <li>Comprend un ensemble de couteaux de haute qualit\u00e9 qui s'ajuste automatiquement en fonction de la taille de l'\u00e9pi de ma\u00efs.<\/li> <\/ul> <\/div><figure class=\"wp-block-media-text__media\"><img loading=\"lazy\" decoding=\"async\" width=\"720\" height=\"540\" src=\"https:\/\/corn-machines.com\/wp-content\/uploads\/2022\/09\/Raw-materials-for-fresh-corn-thresher.webp\" alt=\"Mati\u00e8res premi\u00e8res pour batteuse de ma\u00efs frais\" class=\"wp-image-129 size-full\" srcset=\"https:\/\/corn-machines.com\/wp-content\/uploads\/2022\/09\/Raw-materials-for-fresh-corn-thresher.webp 720w, https:\/\/corn-machines.com\/wp-content\/uploads\/2022\/09\/Raw-materials-for-fresh-corn-thresher-300x225.webp 300w\" sizes=\"auto, (max-width: 720px) 100vw, 720px\" \/><\/figure><\/div>    <div class=\"wp-block-media-text is-stacked-on-mobile\"><figure class=\"wp-block-media-text__media\"><img loading=\"lazy\" decoding=\"async\" width=\"720\" height=\"540\" src=\"https:\/\/corn-machines.com\/wp-content\/uploads\/2023\/12\/Fresh-corn-thresher-machine-with-good-price.webp\" alt=\"Batteuse de ma\u00efs frais \u00e0 bon prix\" class=\"wp-image-526 size-full\" srcset=\"https:\/\/corn-machines.com\/wp-content\/uploads\/2023\/12\/Fresh-corn-thresher-machine-with-good-price.webp 720w, https:\/\/corn-machines.com\/wp-content\/uploads\/2023\/12\/Fresh-corn-thresher-machine-with-good-price-300x225.webp 300w\" sizes=\"auto, (max-width: 720px) 100vw, 720px\" \/><\/figure><div class=\"wp-block-media-text__content\"> <p class=\"translation-block\"><strong>\u00c9grenage r\u00e9glable<\/strong> :<\/p>    <ul class=\"wp-block-list\"> <li>La profondeur de battage est r\u00e9glable pour r\u00e9pondre \u00e0 diff\u00e9rents besoins.<\/li> <\/ul>    <p class=\"translation-block\"><strong>Efficacit\u00e9 d'\u00e9grenage<\/strong> :<\/p>    <ul class=\"wp-block-list\"> <li>Atteint une efficacit\u00e9 de battage jusqu'\u00e0 99%, garantissant que le ma\u00efs est compl\u00e8tement battu sans perte de nutriments.<\/li> <\/ul> <\/div><\/div>    <h2 class=\"wp-block-heading\" id=\"h-parameters-of-sweet-corn-thresher\">Param\u00e8tres de la batteuse de ma\u00efs sucr\u00e9<\/h2>    <figure class=\"wp-block-table\"><table><tbody><tr><td>Mod\u00e8le<\/td><td>SL-268<\/td><td>SL-368<\/td><\/tr><tr><td>Capacit\u00e9<\/td><td>400-500 kg\/heure<\/td><td>400-500 kg\/heure<\/td><\/tr><tr><td>Poids<\/td><td>100 kg<\/td><td>110 kg<\/td><\/tr><tr><td>Taille (mm)<\/td><td>700(L)*620(L)*1250(H)<\/td><td>1320(L)*620(L)*1250(H)<\/td><\/tr><tr><td>Tension<\/td><td>220 V, monophas\u00e9<\/td><td>220 V, monophas\u00e9<\/td><\/tr><tr><td>Pouvoir<\/td><td>2,2 kW<\/td><td>2,2 kW<\/td><\/tr><\/tbody><\/table><figcaption class=\"wp-element-caption\">param\u00e8tres techniques de la batteuse de ma\u00efs frais<\/figcaption><\/figure>    <h2 class=\"wp-block-heading\" id=\"h-sweet-corn-thresher-machine-structure\">Structure de la batteuse de ma\u00efs sucr\u00e9<\/h2>    <div class=\"wp-block-media-text alignwide is-stacked-on-mobile\"><figure class=\"wp-block-media-text__media\"><img loading=\"lazy\" decoding=\"async\" width=\"720\" height=\"540\" src=\"https:\/\/corn-machines.com\/wp-content\/uploads\/2022\/09\/corn-sheller.webp\" alt=\"d\u00e9cortiqueuse de ma\u00efs\" class=\"wp-image-132 size-full\" srcset=\"https:\/\/corn-machines.com\/wp-content\/uploads\/2022\/09\/corn-sheller.webp 720w, https:\/\/corn-machines.com\/wp-content\/uploads\/2022\/09\/corn-sheller-300x225.webp 300w\" sizes=\"auto, (max-width: 720px) 100vw, 720px\" \/><\/figure><div class=\"wp-block-media-text__content\"> <h2 class=\"wp-block-heading\" id=\"h-frequency\">Fr\u00e9quence<\/h2>    <ul class=\"wp-block-list\"> <li><strong>Emplacement de l'onduleur<\/strong>. Install\u00e9 \u00e0 l'int\u00e9rieur de la machine pour un fonctionnement efficace.<\/li>    <li><strong>Vitesse r\u00e9glable<\/strong>. La vitesse de travail peut \u00eatre personnalis\u00e9e en fonction d'exigences sp\u00e9cifiques.<\/li> <\/ul> <\/div><\/div>    <div class=\"wp-block-media-text alignwide has-media-on-the-right is-stacked-on-mobile\"><div class=\"wp-block-media-text__content\"> <h2 class=\"wp-block-heading\" id=\"h-automatic-shipping\">Transmission automatique<\/h2>    <ul class=\"wp-block-list\"> <li><strong>Dispositif de transport \u00e0 cha\u00eene<\/strong>. Equip\u00e9 d'un syst\u00e8me de cha\u00eene pour un fonctionnement en douceur.<\/li>    <li><strong>Convoyage automatique<\/strong>. Permet une manipulation transparente et intelligente des mat\u00e9riaux.<\/li>    <li><strong>Augmentation de l'efficacit\u00e9<\/strong>. Am\u00e9liore consid\u00e9rablement l\u2019efficacit\u00e9 globale du travail.<\/li> <\/ul> <\/div><figure class=\"wp-block-media-text__media\"><img loading=\"lazy\" decoding=\"async\" width=\"720\" height=\"540\" src=\"https:\/\/corn-machines.com\/wp-content\/uploads\/2022\/09\/Automatic-shipping.webp\" alt=\"Exp\u00e9dition automatique\" class=\"wp-image-136 size-full\" srcset=\"https:\/\/corn-machines.com\/wp-content\/uploads\/2022\/09\/Automatic-shipping.webp 720w, https:\/\/corn-machines.com\/wp-content\/uploads\/2022\/09\/Automatic-shipping-300x225.webp 300w\" sizes=\"auto, (max-width: 720px) 100vw, 720px\" \/><\/figure><\/div>    <div class=\"wp-block-media-text alignwide is-stacked-on-mobile\"><figure class=\"wp-block-media-text__media\"><img loading=\"lazy\" decoding=\"async\" width=\"720\" height=\"540\" src=\"https:\/\/corn-machines.com\/wp-content\/uploads\/2022\/09\/corn-sheller-1.webp\" alt=\"d\u00e9cortiqueuse de ma\u00efs\" class=\"wp-image-134 size-full\" srcset=\"https:\/\/corn-machines.com\/wp-content\/uploads\/2022\/09\/corn-sheller-1.webp 720w, https:\/\/corn-machines.com\/wp-content\/uploads\/2022\/09\/corn-sheller-1-300x225.webp 300w\" sizes=\"auto, (max-width: 720px) 100vw, 720px\" \/><\/figure><div class=\"wp-block-media-text__content\"> <h2 class=\"wp-block-heading\" id=\"h-blower-design\">Conception du ventilateur<\/h2>    <ul class=\"wp-block-list\"> <li><strong>Equip\u00e9 d'un souffleur<\/strong>. Garantit que le ma\u00efs est soigneusement nettoy\u00e9 apr\u00e8s le battage.<\/li>    <li><strong>\u00c9limine le nettoyage secondaire<\/strong>. R\u00e9duit le besoin d\u2019\u00e9tapes de nettoyage suppl\u00e9mentaires.<\/li>    <li><strong>Gain de temps et d'efforts<\/strong>. Am\u00e9liore l\u2019efficacit\u00e9 en rationalisant le processus.<\/li> <\/ul> <\/div><\/div>    <div class=\"wp-block-media-text alignwide has-media-on-the-right is-stacked-on-mobile\"><div class=\"wp-block-media-text__content\"> <h2 class=\"wp-block-heading\" id=\"h-control-panel\">Panneau de contr\u00f4le<\/h2>    <ul class=\"wp-block-list\"> <li><strong>Fonctionnalit\u00e9s du panneau de commande<\/strong>. Comprend un interrupteur, une cl\u00e9 de marche arri\u00e8re et une cl\u00e9 d'arr\u00eat.<\/li>    <li><strong>Fonctionnalit\u00e9 de cl\u00e9 invers\u00e9e<\/strong>. Permet au ma\u00efs de reculer s'il est coinc\u00e9, r\u00e9solvant ainsi les blocages.<\/li>    <li><strong>Fonctionnement fluide<\/strong>. Assure un battage continu et efficace de la machine.<\/li> <\/ul> <\/div><figure class=\"wp-block-media-text__media\"><img loading=\"lazy\" decoding=\"async\" width=\"720\" height=\"540\" src=\"https:\/\/corn-machines.com\/wp-content\/uploads\/2022\/09\/fresh-corn-thresher-2.webp\" alt=\"batteuse de ma\u00efs frais\" class=\"wp-image-135 size-full\" srcset=\"https:\/\/corn-machines.com\/wp-content\/uploads\/2022\/09\/fresh-corn-thresher-2.webp 720w, https:\/\/corn-machines.com\/wp-content\/uploads\/2022\/09\/fresh-corn-thresher-2-300x225.webp 300w\" sizes=\"auto, (max-width: 720px) 100vw, 720px\" \/><\/figure><\/div>    <div class=\"wp-block-media-text alignwide is-stacked-on-mobile\"><figure class=\"wp-block-media-text__media\"><img loading=\"lazy\" decoding=\"async\" width=\"720\" height=\"540\" src=\"https:\/\/corn-machines.com\/wp-content\/uploads\/2022\/09\/Corn-cob-export.webp\" alt=\"Exportation d&#039;\u00e9pis de ma\u00efs\" class=\"wp-image-137 size-full\" srcset=\"https:\/\/corn-machines.com\/wp-content\/uploads\/2022\/09\/Corn-cob-export.webp 720w, https:\/\/corn-machines.com\/wp-content\/uploads\/2022\/09\/Corn-cob-export-300x225.webp 300w\" sizes=\"auto, (max-width: 720px) 100vw, 720px\" \/><\/figure><div class=\"wp-block-media-text__content\"> <h2 class=\"wp-block-heading\" id=\"h-corn-cob-export\">Exportation d'\u00e9pis de ma\u00efs<\/h2>    <ul class=\"wp-block-list\"> <li><strong>Taille de sortie r\u00e9glable<\/strong>. S'adapte automatiquement \u00e0 la taille du ma\u00efs.<\/li>    <li><strong>Suppression compl\u00e8te du noyau<\/strong>. Garantit que tous les grains de ma\u00efs sont soigneusement battus.<\/li>    <li><strong>Pr\u00e9vention des dommages<\/strong>. Prot\u00e8ge le ma\u00efs des dommages pendant le battage.<\/li> <\/ul> <\/div><\/div>    <h2 class=\"wp-block-heading\" id=\"h-advantages-of-fresh-corn-thresher\">Avantages de la batteuse de ma\u00efs frais<\/h2>    <div class=\"wp-block-media-text is-stacked-on-mobile\"><figure class=\"wp-block-media-text__media\"><img loading=\"lazy\" decoding=\"async\" width=\"720\" height=\"540\" src=\"https:\/\/corn-machines.com\/wp-content\/uploads\/2022\/09\/corn-thresher-1.webp\" alt=\"batteuse de ma\u00efs\" class=\"wp-image-131 size-full\" srcset=\"https:\/\/corn-machines.com\/wp-content\/uploads\/2022\/09\/corn-thresher-1.webp 720w, https:\/\/corn-machines.com\/wp-content\/uploads\/2022\/09\/corn-thresher-1-300x225.webp 300w\" sizes=\"auto, (max-width: 720px) 100vw, 720px\" \/><\/figure><div class=\"wp-block-media-text__content\"> <ul class=\"wp-block-list\"> <li><strong>Conception r\u00e9fl\u00e9chie<\/strong>. Equip\u00e9 de roues pour un d\u00e9placement facile et flexible.<\/li>    <li><strong>Rouleau en caoutchouc s\u00fbr et durable<\/strong>. Fabriqu\u00e9 dans un mat\u00e9riau non toxique, doux et \u00e9lastique pour garantir que la peau de ma\u00efs ultra fine reste intacte pendant l'alimentation, \u00e9vitant ainsi les bris de peau et le d\u00e9bordement du contenu.<\/li> <\/ul> <\/div><\/div>    <div class=\"wp-block-media-text has-media-on-the-right is-stacked-on-mobile\"><div class=\"wp-block-media-text__content\"> <ul class=\"wp-block-list\"> <li><strong>Ajustement automatique de la taille<\/strong>. S'adapte \u00e0 la taille du ma\u00efs, garantissant un taux d'enl\u00e8vement \u00e9lev\u00e9 des grains de ma\u00efs.<\/li>    <li><strong>Syst\u00e8me d'alimentation efficace<\/strong>. Utilise le transport \u00e0 cha\u00eene pour une alimentation pratique du ma\u00efs, am\u00e9liorant consid\u00e9rablement l'efficacit\u00e9 du travail.<\/li> <\/ul> <\/div><figure class=\"wp-block-media-text__media\"><img loading=\"lazy\" decoding=\"async\" width=\"720\" height=\"540\" src=\"https:\/\/corn-machines.com\/wp-content\/uploads\/2022\/09\/Corn-thresher-effect.webp\" alt=\"produits finaux de la d\u00e9cortiqueuse de ma\u00efs sucr\u00e9\" class=\"wp-image-142 size-full\" srcset=\"https:\/\/corn-machines.com\/wp-content\/uploads\/2022\/09\/Corn-thresher-effect.webp 720w, https:\/\/corn-machines.com\/wp-content\/uploads\/2022\/09\/Corn-thresher-effect-300x225.webp 300w\" sizes=\"auto, (max-width: 720px) 100vw, 720px\" \/><\/figure><\/div>    <h2 class=\"wp-block-heading\">Un cas r\u00e9ussi de notre batteuse de ma\u00efs frais<\/h2>    <p>Dans une entreprise agricole de premier plan au Canada, notre batteuse de ma\u00efs frais a donn\u00e9 des r\u00e9sultats exceptionnels. La machine s'est av\u00e9r\u00e9e tr\u00e8s efficace pour un battage rapide et est particuli\u00e8rement adapt\u00e9e \u00e0 la gestion de r\u00e9coltes de ma\u00efs \u00e0 grande \u00e9chelle.<\/p>    <p>En am\u00e9liorant consid\u00e9rablement l'efficacit\u00e9 de la production, la machine a aid\u00e9 le client \u00e0 r\u00e9duire les heures de travail pendant les saisons de r\u00e9colte maximales tout en maintenant un rendement de ma\u00efs de haute qualit\u00e9 et constant. <\/p>    <p>Le client a exprim\u00e9 sa grande satisfaction quant \u00e0 la durabilit\u00e9 et \u00e0 la fiabilit\u00e9 de la machine, louant son r\u00f4le dans la modernisation et la rationalisation de ses op\u00e9rations agricoles.<\/p>    <figure class=\"wp-block-gallery has-nested-images columns-default is-cropped wp-block-gallery-2 is-layout-flex wp-block-gallery-is-layout-flex\"> <figure class=\"wp-block-image size-full\"><img loading=\"lazy\" decoding=\"async\" width=\"720\" height=\"540\" data-id=\"130\" src=\"https:\/\/corn-machines.com\/wp-content\/uploads\/2022\/09\/sweet-corn-thresher.webp\" alt=\"batteuse de ma\u00efs sucr\u00e9\" class=\"wp-image-130\" srcset=\"https:\/\/corn-machines.com\/wp-content\/uploads\/2022\/09\/sweet-corn-thresher.webp 720w, https:\/\/corn-machines.com\/wp-content\/uploads\/2022\/09\/sweet-corn-thresher-300x225.webp 300w\" sizes=\"auto, (max-width: 720px) 100vw, 720px\" \/><figcaption class=\"wp-element-caption\">batteuse de ma\u00efs sucr\u00e9 \u00e0 vendre<\/figcaption><\/figure>    <figure class=\"wp-block-image size-full\"><img loading=\"lazy\" decoding=\"async\" width=\"720\" height=\"540\" data-id=\"492\" src=\"https:\/\/corn-machines.com\/wp-content\/uploads\/2023\/11\/sweet-corn-sheller-machine-with-good-price.webp\" alt=\"d\u00e9cortiqueuse de ma\u00efs sucr\u00e9 \u00e0 bon prix\" class=\"wp-image-492\" srcset=\"https:\/\/corn-machines.com\/wp-content\/uploads\/2023\/11\/sweet-corn-sheller-machine-with-good-price.webp 720w, https:\/\/corn-machines.com\/wp-content\/uploads\/2023\/11\/sweet-corn-sheller-machine-with-good-price-300x225.webp 300w\" sizes=\"auto, (max-width: 720px) 100vw, 720px\" \/><figcaption class=\"wp-element-caption\">d\u00e9cortiqueuse de ma\u00efs sucr\u00e9 \u00e0 bon prix<\/figcaption><\/figure> <\/figure>    <h2 class=\"wp-block-heading\">Conclusion<\/h2>    <p class=\"translation-block\">En plus de l'\u00e9greneuse de ma\u00efs frais, nous proposons une large gamme de machines de traitement du ma\u00efs, notamment des <a href=\"https:\/\/corn-machines.com\/fr\/product\/corn-peeling-and-threshing-machine\/\" data-type=\"link\" data-id=\"https:\/\/corn-machines.com\/product\/corn-peeling-and-threshing-machine\/\">\u00e9plucheuses de ma\u00efs<\/a>, des <a href=\"https:\/\/corn-machines.com\/fr\/product\/9fq-hammer-mill-machine\/\" data-type=\"link\" data-id=\"https:\/\/corn-machines.com\/product\/9fq-hammer-mill-machine\/\">broyeurs de ma\u00efs<\/a> et des <a href=\"https:\/\/corn-machines.com\/fr\/product\/corn-grain-mill-machine\/\" data-type=\"link\" data-id=\"https:\/\/corn-machines.com\/product\/corn-grain-mill-machine\/\">moulins \u00e0 farine de ma\u00efs<\/a>, pour r\u00e9pondre \u00e0 divers besoins de production. <\/p>    <p class=\"translation-block\">N'h\u00e9sitez pas \u00e0 nous contacter pour plus d'informations ou pour demander un devis. Nous sommes l\u00e0 pour vous fournir les meilleures solutions pour vos besoins de transformation du <a href=\"https:\/\/en.wikipedia.org\/wiki\/Maize\" data-type=\"link\" data-id=\"https:\/\/en.wikipedia.org\/wiki\/Maize\" target=\"_blank\" rel=\"noopener\">ma\u00efs<\/a> !<\/p>    <figure class=\"wp-block-image size-full\"><img loading=\"lazy\" decoding=\"async\" width=\"720\" height=\"540\" src=\"https:\/\/corn-machines.com\/wp-content\/uploads\/2022\/09\/Application-of-fresh-corn-thresher.webp\" alt=\"Application de batteuse de ma\u00efs frais\" class=\"wp-image-127\" srcset=\"https:\/\/corn-machines.com\/wp-content\/uploads\/2022\/09\/Application-of-fresh-corn-thresher.webp 720w, https:\/\/corn-machines.com\/wp-content\/uploads\/2022\/09\/Application-of-fresh-corn-thresher-300x225.webp 300w\" sizes=\"auto, (max-width: 720px) 100vw, 720px\" \/><figcaption class=\"wp-element-caption\">Application de batteuse de ma\u00efs frais<\/figcaption><\/figure>","protected":false},"excerpt":{"rendered":"<p>La batteuse de ma\u00efs frais peut d\u00e9cortiquer efficacement le ma\u00efs frais et cuit, avec une capacit\u00e9 de 400 \u00e0 500 kg\/h, garantissant que les grains de ma\u00efs restent intacts et en bon \u00e9tat pendant le processus.<\/p>","protected":false},"author":1,"featured_media":126,"parent":0,"template":"","tags":[18,16,33,17],"product-type":[4],"class_list":["post-124","product","type-product","status-publish","has-post-thumbnail","hentry","tag-corn-shelling","tag-corn-thresher","tag-corn-threshing-machine","tag-sheller","product-type-corn-thresher-machine"],"_links":{"self":[{"href":"https:\/\/corn-machines.com\/fr\/wp-json\/wp\/v2\/product\/124","targetHints":{"allow":["GET"]}}],"collection":[{"href":"https:\/\/corn-machines.com\/fr\/wp-json\/wp\/v2\/product"}],"about":[{"href":"https:\/\/corn-machines.com\/fr\/wp-json\/wp\/v2\/types\/product"}],"author":[{"embeddable":true,"href":"https:\/\/corn-machines.com\/fr\/wp-json\/wp\/v2\/users\/1"}],"wp:featuredmedia":[{"embeddable":true,"href":"https:\/\/corn-machines.com\/fr\/wp-json\/wp\/v2\/media\/126"}],"wp:attachment":[{"href":"https:\/\/corn-machines.com\/fr\/wp-json\/wp\/v2\/media?parent=124"}],"wp:term":[{"taxonomy":"post_tag","embeddable":true,"href":"https:\/\/corn-machines.com\/fr\/wp-json\/wp\/v2\/tags?post=124"},{"taxonomy":"product-type","embeddable":true,"href":"https:\/\/corn-machines.com\/fr\/wp-json\/wp\/v2\/product-type?post=124"}],"curies":[{"name":"wp","href":"https:\/\/api.w.org\/{rel}","templated":true}]}}