{"id":1122,"date":"2025-10-30T11:33:43","date_gmt":"2025-10-30T03:33:43","guid":{"rendered":"https:\/\/corn-machines.com\/?post_type=product&#038;p=1122"},"modified":"2025-10-30T13:31:00","modified_gmt":"2025-10-30T05:31:00","slug":"maize-harvesting-machine-with-seat","status":"publish","type":"product","link":"https:\/\/corn-machines.com\/fr\/product\/maize-harvesting-machine-with-seat\/","title":{"rendered":"Moissonneuse de ma\u00efs avec si\u00e8ge"},"content":{"rendered":"<p class=\"translation-block\">La<strong>machine de r\u00e9colte du ma\u00efs<\/strong>avec si\u00e8ge est une machine multifonctionnelle qui int\u00e8gre la cueillette du ma\u00efs, l\u2019\u00e9grenage, l\u2019\u00e9crasement de la tige et la collecte du ma\u00efs. Elle peut accomplir l\u2019int\u00e9gralit\u00e9 du processus de r\u00e9colte du ma\u00efs en une seule op\u00e9ration, am\u00e9liorant consid\u00e9rablement l\u2019efficacit\u00e9 du travail.<\/p>    <p>L'efficacit\u00e9 de production de notre machine de r\u00e9colte de ma\u00efs est de 0,05\u20130,12 hm\u00b2\/h, et sa plage de travail est de 650 mm. Cette machine de r\u00e9colte de ma\u00efs est \u00e9quip\u00e9e d\u2019un si\u00e8ge pour l\u2019op\u00e9rateur, ce qui la rend confortable et facile \u00e0 utiliser, et adapt\u00e9e \u00e0 une utilisation continue \u00e0 long terme.<\/p>    <figure class=\"wp-block-embed is-type-video is-provider-youtube wp-block-embed-youtube wp-embed-aspect-16-9 wp-has-aspect-ratio\"><div class=\"wp-block-embed__wrapper\"> <iframe loading=\"lazy\" title=\"\ud83c\udf3d\ud83c\udf3dMachine de r\u00e9colte de ma\u00efs avec si\u00e8ge | Machine de r\u00e9colte de ma\u00efs pour ramasser, \u00e9plucher, collecter\" width=\"500\" height=\"281\" src=\"https:\/\/www.youtube.com\/embed\/fg1-A7DeyfA?feature=oembed\" frameborder=\"0\" allow=\"accelerometer; autoplay; clipboard-write; encrypted-media; gyroscope; picture-in-picture; web-share\" referrerpolicy=\"strict-origin-when-cross-origin\" allowfullscreen><\/iframe> <\/div><figcaption class=\"wp-element-caption\">vid\u00e9o de travail de la machine de r\u00e9colte de ma\u00efs<\/figcaption><\/figure>    <h2 class=\"wp-block-heading\"><strong>Caract\u00e9ristiques de la moissonneuse de ma\u00efs avec si\u00e8ge<\/strong><\/h2>    <ul class=\"wp-block-list\"> <li><strong>Op\u00e9ration multifonctionnelle<\/strong>: Notre moissonneuse de ma\u00efs peut effectuer plusieurs fonctions, telles que la r\u00e9colte, le d\u00e9corticage et la collecte du ma\u00efs, \u00e9conomisant ainsi la main-d'\u0153uvre et le temps.<\/li>    <li><strong>Op\u00e9ration confortable<\/strong>: Taizy maize harvester machine&#8217;s seat design provides a wide field of vision, making the operation more comfortable and less tiring.<\/li>    <li><strong>Performance stable<\/strong>: La machine de r\u00e9colte de ma\u00efs utilise un syst\u00e8me d'alimentation haute efficacit\u00e9 et une conception structurelle optimis\u00e9e, s'adaptant \u00e0 diff\u00e9rents terrains et environnements de travail.<\/li>    <li><strong>Longue dur\u00e9e de vie<\/strong>: Ses pi\u00e8ces sont faciles \u00e0 d\u00e9monter et \u00e0 entretenir, ce qui entra\u00eene des co\u00fbts d'exploitation faibles et une longue dur\u00e9e de vie.<\/li> <\/ul>    <figure class=\"wp-block-gallery has-nested-images columns-default is-cropped wp-block-gallery-2 is-layout-flex wp-block-gallery-is-layout-flex\"> <figure class=\"wp-block-image size-large\"><img loading=\"lazy\" decoding=\"async\" width=\"720\" height=\"540\" data-id=\"1124\" src=\"https:\/\/corn-machines.com\/wp-content\/uploads\/2025\/10\/corn-harvester-with-seat.webp\" alt=\"moissonneuse de ma\u00efs avec si\u00e8ge\" class=\"wp-image-1124\" srcset=\"https:\/\/corn-machines.com\/wp-content\/uploads\/2025\/10\/corn-harvester-with-seat.webp 720w, https:\/\/corn-machines.com\/wp-content\/uploads\/2025\/10\/corn-harvester-with-seat-300x225.webp 300w, https:\/\/corn-machines.com\/wp-content\/uploads\/2025\/10\/corn-harvester-with-seat-16x12.webp 16w\" sizes=\"auto, (max-width: 720px) 100vw, 720px\" \/><figcaption class=\"wp-element-caption\">moissonneuse de ma\u00efs avec si\u00e8ge<\/figcaption><\/figure>    <figure class=\"wp-block-image size-large\"><img loading=\"lazy\" decoding=\"async\" width=\"720\" height=\"540\" data-id=\"1123\" src=\"https:\/\/corn-machines.com\/wp-content\/uploads\/2025\/10\/corn-harvested-by-mazie-harvester.webp\" alt=\"ma\u00efs r\u00e9colt\u00e9 par la moissonneuse de ma\u00efs\" class=\"wp-image-1123\" srcset=\"https:\/\/corn-machines.com\/wp-content\/uploads\/2025\/10\/corn-harvested-by-mazie-harvester.webp 720w, https:\/\/corn-machines.com\/wp-content\/uploads\/2025\/10\/corn-harvested-by-mazie-harvester-300x225.webp 300w, https:\/\/corn-machines.com\/wp-content\/uploads\/2025\/10\/corn-harvested-by-mazie-harvester-16x12.webp 16w\" sizes=\"auto, (max-width: 720px) 100vw, 720px\" \/><figcaption class=\"wp-element-caption\">ma\u00efs r\u00e9colt\u00e9 par la moissonneuse de ma\u00efs<\/figcaption><\/figure> <\/figure>    <h2 class=\"wp-block-heading\"><strong>Structure de la moissonneuse de ma\u00efs<\/strong><\/h2>    <p>Cette machine de r\u00e9colte du ma\u00efs pr\u00e9sente une structure stable, une disposition rationnelle et un fonctionnement coordonn\u00e9 de tous les modules fonctionnels, assurant un fonctionnement global fluide. Sa structure principale est la suivante :<\/p>    <ul class=\"wp-block-list\"> <li><strong>Dispositif de r\u00e9colte<\/strong>: Cette partie est le m\u00e9canisme de fonctionnement principal de toute la machine. Le dispositif coupe les tiges de ma\u00efs et r\u00e9alise la r\u00e9colte du ma\u00efs, s\u00e9parant efficacement le ma\u00efs des tiges.<\/li>    <li><strong>Syst\u00e8me de convoyage et d'\u00e9pluchage<\/strong>: Le cob de ma\u00efs est transport\u00e9 dans le m\u00e9canisme d'\u00e9pluchage pour un d\u00e9corticage automatique. Apr\u00e8s la suppression de la coque ext\u00e9rieure, il est automatiquement d\u00e9charg\u00e9.<\/li>    <li><strong>Bac de collecte du ma\u00efs<\/strong>: Elle sert \u00e0 collecter les \u00e9pis de ma\u00efs d\u00e9cortiqu\u00e9s. Elle facilite le d\u00e9chargement manuel ou le transfert.<\/li>    <li><strong>Syst\u00e8me d'alimentation<\/strong>: Le syst\u00e8me d'alimentation fournit une sortie d'\u00e9nergie stable pour les syst\u00e8mes de r\u00e9colte, de transmission et de broyage de toute la machine.<\/li>    <li><strong>Composants de conduite et de contr\u00f4le<\/strong>: L'op\u00e9rateur peut conduire le v\u00e9hicule en \u00e9tant assis, et les poign\u00e9es de commande sont organis\u00e9es de mani\u00e8re logique pour une utilisation facile.<\/li> <\/ul>   <div class=\"wp-block-image\"> <figure class=\"aligncenter size-full\"><img loading=\"lazy\" decoding=\"async\" width=\"720\" height=\"540\" src=\"https:\/\/corn-machines.com\/wp-content\/uploads\/2025\/10\/maize-harvester-with-seat.webp\" alt=\"moissonneuse de ma\u00efs avec si\u00e8ge\" class=\"wp-image-1125\" srcset=\"https:\/\/corn-machines.com\/wp-content\/uploads\/2025\/10\/maize-harvester-with-seat.webp 720w, https:\/\/corn-machines.com\/wp-content\/uploads\/2025\/10\/maize-harvester-with-seat-300x225.webp 300w, https:\/\/corn-machines.com\/wp-content\/uploads\/2025\/10\/maize-harvester-with-seat-16x12.webp 16w\" sizes=\"auto, (max-width: 720px) 100vw, 720px\" \/><figcaption class=\"wp-element-caption\">moissonneuse de ma\u00efs avec si\u00e8ge<\/figcaption><\/figure> <\/div>   <h2 class=\"wp-block-heading\"><strong>Donn\u00e9es techniques de la moissonneuse de ma\u00efs <\/strong><\/h2>    <p>Cette moissonneuse de ma\u00efs pr\u00e9sente une structure compacte, un fonctionnement fluide et une adaptabilit\u00e9 \u00e0 diff\u00e9rents terrains, offrant une bonne exp\u00e9rience utilisateur et des performances fiables. Ses principaux param\u00e8tres techniques sont les suivants\u00a0:<\/p>    <figure class=\"wp-block-table\"><table class=\"has-fixed-layout\"><tbody><tr><td>Mod\u00e8le<\/td><td>CM4YZP-1<\/td><\/tr><tr><td>Pouvoir<\/td><td>25 hp<\/td><\/tr><tr><td>Productivit\u00e9<\/td><td>0,05-0,12 h\u33a1\/h<\/td><\/tr><tr><td>Plage de travail<\/td><td>650 mm<\/td><\/tr><tr><td>D\u00e9blaiement minimum du sol<\/td><td>200 mm<\/td><\/tr><tr><td>Vitesse nominale<\/td><td>2200 r\/min<\/td><\/tr><tr><td>Taille<\/td><td>3650*1000*1270 mm<\/td><\/tr><tr><td>Poids<\/td><td>950 kg<\/td><\/tr><\/tbody><\/table><figcaption class=\"wp-element-caption\">param\u00e8tres de la moissonneuse de ma\u00efs<\/figcaption><\/figure>    <h2 class=\"wp-block-heading\"><strong>Autre moissonneuse de ma\u00efs \u00e0 vendre<\/strong><\/h2>    <p class=\"translation-block\">En plus de cette moissonneuse de ma\u00efs avec si\u00e8ge, nous proposons \u00e9galement le<a href=\"https:\/\/corn-machines.com\/fr\/product\/mini-corn-harvesting-machine-maize-picker-machine\/\">moissonneur \u00e0 main<\/a>, qui pr\u00e9sente un design plus compact et flexible, le rendant adapt\u00e9 \u00e0 l\u2019agriculture \u00e0 petite \u00e9chelle ou aux cultivateurs individuels.<\/p>    <div class=\"wp-block-media-text is-stacked-on-mobile\"><figure class=\"wp-block-media-text__media\"><img loading=\"lazy\" decoding=\"async\" width=\"720\" height=\"540\" src=\"https:\/\/corn-machines.com\/wp-content\/uploads\/2025\/10\/hand-push-corn-harvesting-machine.webp\" alt=\"moissonneuse de ma\u00efs \u00e0 pouss\u00e9e manuelle\" class=\"wp-image-1126 size-full\" srcset=\"https:\/\/corn-machines.com\/wp-content\/uploads\/2025\/10\/hand-push-corn-harvesting-machine.webp 720w, https:\/\/corn-machines.com\/wp-content\/uploads\/2025\/10\/hand-push-corn-harvesting-machine-300x225.webp 300w, https:\/\/corn-machines.com\/wp-content\/uploads\/2025\/10\/hand-push-corn-harvesting-machine-16x12.webp 16w\" sizes=\"auto, (max-width: 720px) 100vw, 720px\" \/><\/figure><div class=\"wp-block-media-text__content\"> <ul class=\"wp-block-list\"> <li>Mod\u00e8le\u00a0: 4YZ-1<\/li>    <li>Vitesse de travail\u00a0: 0,72\u20131,44 km\/h<\/li>    <li>Productivit\u00e9\u00a0: 0,03-0,06 h\u33a1\/h<\/li>    <li>Taille\u00a0: 1820*800*1190 mm<\/li>    <li>Poids\u00a0: 265 kg<\/li> <\/ul> <\/div><\/div>    <h2 class=\"wp-block-heading\"><strong>Combien co\u00fbte la moissonneuse de ma\u00efs ?<\/strong><\/h2>    <p>Le prix de la machine de r\u00e9colte de ma\u00efs varie en fonction du mod\u00e8le, des fonctionnalit\u00e9s et du processus de production. En g\u00e9n\u00e9ral, la puissance de la machine, le niveau d'automatisation, et si elle inclut le si\u00e8ge et le dispositif de d\u00e9pelliculage influencent tous le co\u00fbt global.<\/p>    <figure class=\"wp-block-gallery has-nested-images columns-default is-cropped wp-block-gallery-3 is-layout-flex wp-block-gallery-is-layout-flex\"> <figure class=\"wp-block-image size-large\"><img loading=\"lazy\" decoding=\"async\" width=\"720\" height=\"540\" data-id=\"1129\" src=\"https:\/\/corn-machines.com\/wp-content\/uploads\/2025\/10\/corn-harvesting-machine.webp\" alt=\"machine de r\u00e9colte de ma\u00efs\" class=\"wp-image-1129\" srcset=\"https:\/\/corn-machines.com\/wp-content\/uploads\/2025\/10\/corn-harvesting-machine.webp 720w, https:\/\/corn-machines.com\/wp-content\/uploads\/2025\/10\/corn-harvesting-machine-300x225.webp 300w, https:\/\/corn-machines.com\/wp-content\/uploads\/2025\/10\/corn-harvesting-machine-16x12.webp 16w\" sizes=\"auto, (max-width: 720px) 100vw, 720px\" \/><figcaption class=\"wp-element-caption\">machine de r\u00e9colte de ma\u00efs<\/figcaption><\/figure>    <figure class=\"wp-block-image size-large\"><img loading=\"lazy\" decoding=\"async\" width=\"720\" height=\"540\" data-id=\"1128\" src=\"https:\/\/corn-machines.com\/wp-content\/uploads\/2025\/10\/corn-harvester-machine.webp\" alt=\"machine de r\u00e9colte de ma\u00efs\" class=\"wp-image-1128\" srcset=\"https:\/\/corn-machines.com\/wp-content\/uploads\/2025\/10\/corn-harvester-machine.webp 720w, https:\/\/corn-machines.com\/wp-content\/uploads\/2025\/10\/corn-harvester-machine-300x225.webp 300w, https:\/\/corn-machines.com\/wp-content\/uploads\/2025\/10\/corn-harvester-machine-16x12.webp 16w\" sizes=\"auto, (max-width: 720px) 100vw, 720px\" \/><figcaption class=\"wp-element-caption\">machine de r\u00e9colte de ma\u00efs<\/figcaption><\/figure> <\/figure>    <p>Lors de l\u2019achat de la moissonneuse de ma\u00efs, les utilisateurs doivent tenir compte de leur surface de plantation, des conditions du terrain et des exigences budg\u00e9taires afin de choisir une moissonneuse de ma\u00efs \u00e9conomique et stable.<\/p>    <h2 class=\"wp-block-heading\"><strong>Pourquoi choisir Taizy comme meilleure option ?<\/strong><\/h2>    <ul class=\"wp-block-list\"> <li>Nous nous concentrons depuis de nombreuses ann\u00e9es sur le domaine des machines agricoles, offrant des produits fiables avec des performances stables et <strong>exp\u00e9rience d'exportation \u00e9tendue<\/strong>.<\/li>    <li>Nous proposons une gamme compl\u00e8te de machines agricoles, y compris la machine de r\u00e9colte de ma\u00efs, <a href=\"https:\/\/corn-machines.com\/fr\/product\/automated-corn-sowing-machine\/\">planter de ma\u00efs<\/a>, <a href=\"https:\/\/corn-machines.com\/fr\/product\/corn-shelling-machine\/\">batteuse de ma\u00efs<\/a>, <a href=\"https:\/\/corn-machines.com\/fr\/product\/corn-grits-machine\/\">gruau de ma\u00efs faisant la machine<\/a>, et autres \u00e9quipements, offrant un service complet.<\/li>    <li>Nous avons un <strong>\u00e9quipe technique professionnelle<\/strong> qui peut fournir des solutions personnalis\u00e9es en fonction des diff\u00e9rents besoins de production.<\/li>    <li>Nous avons un c<strong>syst\u00e8me de service apr\u00e8s-vente complet<\/strong>. Nous fournissons aux clients des conseils techniques, des recommandations pour l'entretien de l'\u00e9quipement et un support pour la r\u00e9solution de probl\u00e8mes afin d'assurer un fonctionnement fluide de l'\u00e9quipement.<\/li> <\/ul>    <figure class=\"wp-block-gallery has-nested-images columns-default is-cropped wp-block-gallery-4 is-layout-flex wp-block-gallery-is-layout-flex\"> <figure class=\"wp-block-image size-large\"><img loading=\"lazy\" decoding=\"async\" width=\"720\" height=\"540\" data-id=\"1011\" src=\"https:\/\/corn-machines.com\/wp-content\/uploads\/2025\/09\/our-company-1.webp\" alt=\"notre entreprise\" class=\"wp-image-1011\" srcset=\"https:\/\/corn-machines.com\/wp-content\/uploads\/2025\/09\/our-company-1.webp 720w, https:\/\/corn-machines.com\/wp-content\/uploads\/2025\/09\/our-company-1-300x225.webp 300w, https:\/\/corn-machines.com\/wp-content\/uploads\/2025\/09\/our-company-1-16x12.webp 16w\" sizes=\"auto, (max-width: 720px) 100vw, 720px\" \/><figcaption class=\"wp-element-caption\">notre entreprise<\/figcaption><\/figure>    <figure class=\"wp-block-image size-large\"><img loading=\"lazy\" decoding=\"async\" width=\"720\" height=\"540\" data-id=\"1012\" src=\"https:\/\/corn-machines.com\/wp-content\/uploads\/2025\/09\/our-customer-1.webp\" alt=\"notre client\" class=\"wp-image-1012\" srcset=\"https:\/\/corn-machines.com\/wp-content\/uploads\/2025\/09\/our-customer-1.webp 720w, https:\/\/corn-machines.com\/wp-content\/uploads\/2025\/09\/our-customer-1-300x225.webp 300w, https:\/\/corn-machines.com\/wp-content\/uploads\/2025\/09\/our-customer-1-16x12.webp 16w\" sizes=\"auto, (max-width: 720px) 100vw, 720px\" \/><figcaption class=\"wp-element-caption\">notre client<\/figcaption><\/figure> <\/figure>    <h2 class=\"wp-block-heading\"><strong>Contactez-nous d\u00e8s aujourd\u2019hui !<\/strong><\/h2>    <p>Notre machine de r\u00e9colte du ma\u00efs est non seulement un outil de r\u00e9colte haute performance, mais aussi un assistant puissant pour une production agricole moderne efficace. Elle rend la r\u00e9colte de chaque champ de ma\u00efs plus facile et plus efficace.<\/p>    <p>En tant que fournisseur d\u2019\u00e9quipements agricoles professionnel, Taizy s\u2019engage \u00e0 cr\u00e9er une valeur r\u00e9elle pour nos clients. Nous choisir, c\u2019est choisir des \u00e9quipements de r\u00e9colte du ma\u00efs efficaces et fiables. Contactez-nous d\u00e8s aujourd\u2019hui pour obtenir plus de d\u00e9tails et une solution personnalis\u00e9e.<\/p>","protected":false},"excerpt":{"rendered":"<p>Cet article pr\u00e9sente principalement la machine de r\u00e9colte de ma\u00efs avec un si\u00e8ge, y compris ses fonctions, sa structure et ses param\u00e8tres. Notre moissonneuse de ma\u00efs int\u00e8gre la r\u00e9colte, le d\u00e9pelliculage et la collecte, avec une productivit\u00e9 de 0,05-0,12 hm\u00b2\/h et une largeur de travail de 650 mm.<\/p>","protected":false},"author":1,"featured_media":1130,"parent":0,"template":"","tags":[42,43],"product-type":[3],"class_list":["post-1122","product","type-product","status-publish","has-post-thumbnail","hentry","tag-corn","tag-maize","product-type-corn-harvesting-machine"],"_links":{"self":[{"href":"https:\/\/corn-machines.com\/fr\/wp-json\/wp\/v2\/product\/1122","targetHints":{"allow":["GET"]}}],"collection":[{"href":"https:\/\/corn-machines.com\/fr\/wp-json\/wp\/v2\/product"}],"about":[{"href":"https:\/\/corn-machines.com\/fr\/wp-json\/wp\/v2\/types\/product"}],"author":[{"embeddable":true,"href":"https:\/\/corn-machines.com\/fr\/wp-json\/wp\/v2\/users\/1"}],"wp:featuredmedia":[{"embeddable":true,"href":"https:\/\/corn-machines.com\/fr\/wp-json\/wp\/v2\/media\/1130"}],"wp:attachment":[{"href":"https:\/\/corn-machines.com\/fr\/wp-json\/wp\/v2\/media?parent=1122"}],"wp:term":[{"taxonomy":"post_tag","embeddable":true,"href":"https:\/\/corn-machines.com\/fr\/wp-json\/wp\/v2\/tags?post=1122"},{"taxonomy":"product-type","embeddable":true,"href":"https:\/\/corn-machines.com\/fr\/wp-json\/wp\/v2\/product-type?post=1122"}],"curies":[{"name":"wp","href":"https:\/\/api.w.org\/{rel}","templated":true}]}}