{"id":1061,"date":"2025-10-17T15:32:17","date_gmt":"2025-10-17T07:32:17","guid":{"rendered":"https:\/\/corn-machines.com\/?post_type=product&#038;p=1061"},"modified":"2025-10-20T14:06:57","modified_gmt":"2025-10-20T06:06:57","slug":"maize-threshing-machine","status":"publish","type":"product","link":"https:\/\/corn-machines.com\/fr\/product\/maize-threshing-machine\/","title":{"rendered":"Moissonneuse-batteuse de ma\u00efs pour \u00e9grener le ma\u00efs"},"content":{"rendered":"<p class=\"translation-block\">La <strong>machine \u00e0 battre le ma\u00efs<\/strong> est principalement utilis\u00e9e pour s\u00e9parer les grains de ma\u00efs des \u00e9pis. Notre batteuse de ma\u00efs est tr\u00e8s efficace, atteignant un taux de production de 2 000-3 000 kg\/h, et son taux de battage peut d\u00e9passer 99%.<\/p>    <p>La machine \u00e9greneuse de ma\u00efs Taizy est facile \u00e0\u64cd\u4f5c, tr\u00e8s efficace, avec un taux d\u2019\u00e9grenage \u00e9lev\u00e9 et minimisant les cassures. Par cons\u00e9quent, elle est populaire dans le monde et a \u00e9t\u00e9 export\u00e9e vers des pays tels que le Soudan, l\u2019Inde et le Nigeria. Si vous avez besoin de la machine \u00e9greneuse de ma\u00efs, contactez-nous d\u00e8s aujourd\u2019hui pour une consultation gratuite.<\/p>    <figure class=\"wp-block-embed is-type-video is-provider-youtube wp-block-embed-youtube wp-embed-aspect-16-9 wp-has-aspect-ratio\"><div class=\"wp-block-embed__wrapper\"> <iframe loading=\"lazy\" title=\"Moissonneuse-batteuse de ma4ise automatique | Machine de shellage de ma29ze haute efficacite9e pour moissonner du ma6e\" width=\"500\" height=\"281\" src=\"https:\/\/www.youtube.com\/embed\/ajgutRLRBik?feature=oembed\" frameborder=\"0\" allow=\"accelerometer; autoplay; clipboard-write; encrypted-media; gyroscope; picture-in-picture; web-share\" referrerpolicy=\"strict-origin-when-cross-origin\" allowfullscreen><\/iframe> <\/div><figcaption class=\"wp-element-caption\">processus de travail de la moissonneuse-batteuse de corn<\/figcaption><\/figure>    <h2 class=\"wp-block-heading\"><strong>Caract\u00e9ristiques exceptionnelles de la machine d\u2019\u00e9grenage du ma\u00efs<\/strong><\/h2>    <ul class=\"wp-block-list\"> <li><strong>Haute efficacit\u00e9<\/strong>: Notre \u00e9greneuse de ma\u00efs adopte un port d'alimentation vertical de grand diam\u00e8tre de 440\u00d7440mm, et l'efficacit\u00e9 d'\u00e9grenage peut atteindre 2000-3000kg\/h, ce qui permet de gagner beaucoup de temps de travail manuel.<\/li>    <li><strong>Bon effet d'\u00e9grenage<\/strong>: La machine \u00e0 \u00e9grener le ma\u00efs Taizy adopte une conception unique de structure de marteau en spirale, ce qui permet d'\u00e9grener en douceur le ma\u00efs sec et humide, avec un taux d'\u00e9grenage &gt;99% et les grains de ma\u00efs restent intacts et non cass\u00e9s.<\/li>    <li><strong>Performance stable<\/strong>: Cette machine \u00e0 \u00e9grener le ma\u00efs utilise un moteur \u00e0 noyau en cuivre pur, qui peut fonctionner en continu pendant longtemps sans surchauffer facilement, garantissant le fonctionnement continu et efficace de la machine.<\/li>    <li><strong>Longue dur\u00e9e de vie<\/strong>: Son corps adopte une technologie de pulv\u00e9risation \u00e9lectrostatique, la surface est lisse et belle, et elle poss\u00e8de une bonne r\u00e9sistance \u00e0 l'humidit\u00e9 et \u00e0 la corrosion, ainsi qu'une longue dur\u00e9e de vie.<\/li>    <li><strong>Forte flexibilit\u00e9<\/strong>: Notre machine \u00e0 d\u00e9cortiquer le ma\u00efs peut \u00eatre \u00e9quip\u00e9e de pneus larges \u00e0 la base, ce qui facilite le d\u00e9placement et r\u00e9pond aux besoins de diff\u00e9rents sc\u00e9narios d'exploitation.<\/li> <\/ul>    <figure class=\"wp-block-gallery has-nested-images columns-default is-cropped wp-block-gallery-2 is-layout-flex wp-block-gallery-is-layout-flex\"> <figure class=\"wp-block-image size-large\"><img loading=\"lazy\" decoding=\"async\" width=\"720\" height=\"540\" data-id=\"1062\" src=\"https:\/\/corn-machines.com\/wp-content\/uploads\/2025\/10\/corn-sheller-machine.webp\" alt=\"machine \u00e0 \u00e9grener le ma\u00efs\" class=\"wp-image-1062\" srcset=\"https:\/\/corn-machines.com\/wp-content\/uploads\/2025\/10\/corn-sheller-machine.webp 720w, https:\/\/corn-machines.com\/wp-content\/uploads\/2025\/10\/corn-sheller-machine-300x225.webp 300w, https:\/\/corn-machines.com\/wp-content\/uploads\/2025\/10\/corn-sheller-machine-16x12.webp 16w\" sizes=\"auto, (max-width: 720px) 100vw, 720px\" \/><figcaption class=\"wp-element-caption\">machine \u00e0 \u00e9grener le ma\u00efs<\/figcaption><\/figure>    <figure class=\"wp-block-image size-large\"><img loading=\"lazy\" decoding=\"async\" width=\"720\" height=\"540\" data-id=\"1063\" src=\"https:\/\/corn-machines.com\/wp-content\/uploads\/2025\/10\/corn-thresher.webp\" alt=\"batteuse de ma\u00efs\" class=\"wp-image-1063\" srcset=\"https:\/\/corn-machines.com\/wp-content\/uploads\/2025\/10\/corn-thresher.webp 720w, https:\/\/corn-machines.com\/wp-content\/uploads\/2025\/10\/corn-thresher-300x225.webp 300w, https:\/\/corn-machines.com\/wp-content\/uploads\/2025\/10\/corn-thresher-16x12.webp 16w\" sizes=\"auto, (max-width: 720px) 100vw, 720px\" \/><figcaption class=\"wp-element-caption\">batteuse de ma\u00efs<\/figcaption><\/figure> <\/figure>    <h2 class=\"wp-block-heading\"><strong>Structure de la machine \u00e9greneuse de ma\u00efs<\/strong><\/h2>    <p>La machine \u00e9greneuse Taizy est compacte et dispose d\u2019une structure raisonnable, ce qui la rend facile \u00e0 utiliser. Elle comprend principalement une entr\u00e9e d\u00e9tachable, le syst\u00e8me d\u2019alimentation (peut \u00eatre \u00e9quip\u00e9e d\u2019un moteur diesel ou d\u2019un moteur \u00e9lectrique), une sortie de kernels de ma\u00efs, une sortie de cob de ma\u00efs, de gros pneus et un cadre train\u00e9.<\/p>   <div class=\"wp-block-image\"> <figure class=\"aligncenter size-full\"><img loading=\"lazy\" decoding=\"async\" width=\"720\" height=\"540\" src=\"https:\/\/corn-machines.com\/wp-content\/uploads\/2025\/10\/structure-of-corn-shelling-machine.webp\" alt=\"structure de la machine d\u2019\u00e9grenage de ma\u00efs\" class=\"wp-image-1071\" srcset=\"https:\/\/corn-machines.com\/wp-content\/uploads\/2025\/10\/structure-of-corn-shelling-machine.webp 720w, https:\/\/corn-machines.com\/wp-content\/uploads\/2025\/10\/structure-of-corn-shelling-machine-300x225.webp 300w, https:\/\/corn-machines.com\/wp-content\/uploads\/2025\/10\/structure-of-corn-shelling-machine-16x12.webp 16w\" sizes=\"auto, (max-width: 720px) 100vw, 720px\" \/><figcaption class=\"wp-element-caption\">structure de la machine d\u2019\u00e9grenage de ma\u00efs<\/figcaption><\/figure> <\/div>   <h2 class=\"wp-block-heading\"><strong>Param\u00e8tres de l\u2019\u00e9grenage de ma\u00efs<\/strong><\/h2>    <p>Les param\u00e8tres de la machine \u00e9greneuse de ma\u00efs Taizy sont pr\u00e9sent\u00e9s dans le tableau ci\u2011dessous.<\/p>    <figure class=\"wp-block-table\"><table class=\"has-fixed-layout\"><tbody><tr><td>Mod\u00e8le<\/td><td>TZ-650<\/td><\/tr><tr><td>Efficacit\u00e9 de battage<\/td><td>2000-3000 kg\/h<\/td><\/tr><tr><td>Taux de battage<\/td><td>&gt;99%<\/td><\/tr><tr><td>Puissance du moteur<\/td><td>3,5 hp<\/td><\/tr><tr><td>Taille d\u2019entr\u00e9e<\/td><td>440\u00d7440 mm<\/td><\/tr><tr><td>Taille de la machine<\/td><td>900\u00d7930\u00d7430 mm<\/td><\/tr><tr><td>Poids de la machine<\/td><td>45 kg<\/td><\/tr><\/tbody><\/table><figcaption class=\"wp-element-caption\">param\u00e8tres de la machine d\u2019\u00e9grenage de ma\u00efs<\/figcaption><\/figure>    <h2 class=\"wp-block-heading\"><strong>Avantages de l\u2019\u00e9grenage du ma\u00efs<\/strong><\/h2>    <p>L\u2019\u00e9grenage du ma\u00efs est une \u00e9tape importante apr\u00e8s la r\u00e9colte. L\u2019\u00e9grenage du ma\u00efs pr\u00e9sente de nombreux avantages.<\/p>    <ul class=\"wp-block-list\"> <li>Apr\u00e8s avoir d\u00e9cortiqu\u00e9 le ma\u00efs, son volume est consid\u00e9rablement r\u00e9duit, ce qui le rend <strong>plus facile \u00e0 emballer et \u00e0 transporter<\/strong>. Le stockage devient \u00e9galement plus pratique et s\u00e9curis\u00e9.<\/li>    <li>Les grains de ma\u00efs d\u00e9cortiqu\u00e9s peuvent \u00eatre directement utilis\u00e9s pour la transformation alimentaire, la production d'aliments pour animaux ou l'extraction d'huile, tandis que les \u00e9pis de ma\u00efs peuvent \u00e9galement \u00eatre r\u00e9utilis\u00e9s comme combustible, aliment ou mati\u00e8res premi\u00e8res industrielles, <strong>am\u00e9liorant la valeur \u00e9conomique globale<\/strong>.<\/li>    <li>Les \u00e9pis de ma\u00efs non \u00e9gren\u00e9s contiennent beaucoup d'humidit\u00e9, ce qui les rend susceptibles de moisir et d'attirer les insectes. \u00c9grener et s\u00e9cher efficacement <strong>r\u00e9duire la teneur en humidit\u00e9 du ma\u00efs<\/strong>, \u00e9vitant la pourriture et prolongeant sa dur\u00e9e de stockage.<\/li>    <li>Les grains de ma\u00efs \u00e9gren\u00e9s peuvent directement entrer dans les \u00e9tapes de traitement suivantes, telles que le pelage, la mouture, la fabrication de farine et de granul\u00e9s, ce qui <strong>am\u00e9liore consid\u00e9rablement l'efficacit\u00e9 du traitement<\/strong>.<\/li> <\/ul>    <figure class=\"wp-block-gallery has-nested-images columns-default is-cropped wp-block-gallery-3 is-layout-flex wp-block-gallery-is-layout-flex\"> <figure class=\"wp-block-image size-large\"><img loading=\"lazy\" decoding=\"async\" width=\"720\" height=\"540\" data-id=\"1065\" src=\"https:\/\/corn-machines.com\/wp-content\/uploads\/2025\/10\/maize-threshing-machine.webp\" alt=\"batteuse de ma\u00efs\" class=\"wp-image-1065\" srcset=\"https:\/\/corn-machines.com\/wp-content\/uploads\/2025\/10\/maize-threshing-machine.webp 720w, https:\/\/corn-machines.com\/wp-content\/uploads\/2025\/10\/maize-threshing-machine-300x225.webp 300w, https:\/\/corn-machines.com\/wp-content\/uploads\/2025\/10\/maize-threshing-machine-16x12.webp 16w\" sizes=\"auto, (max-width: 720px) 100vw, 720px\" \/><figcaption class=\"wp-element-caption\">batteuse de ma\u00efs<\/figcaption><\/figure>    <figure class=\"wp-block-image size-large\"><img loading=\"lazy\" decoding=\"async\" width=\"720\" height=\"540\" data-id=\"1064\" src=\"https:\/\/corn-machines.com\/wp-content\/uploads\/2025\/10\/threshing-effect-of-corn-thresher.webp\" alt=\"effet d\u2019\u00e9grenage de la machine \u00e9greneuse de ma\u00efs\" class=\"wp-image-1064\" srcset=\"https:\/\/corn-machines.com\/wp-content\/uploads\/2025\/10\/threshing-effect-of-corn-thresher.webp 720w, https:\/\/corn-machines.com\/wp-content\/uploads\/2025\/10\/threshing-effect-of-corn-thresher-300x225.webp 300w, https:\/\/corn-machines.com\/wp-content\/uploads\/2025\/10\/threshing-effect-of-corn-thresher-16x12.webp 16w\" sizes=\"auto, (max-width: 720px) 100vw, 720px\" \/><figcaption class=\"wp-element-caption\">effet d\u2019\u00e9grenage de la machine \u00e9greneuse de ma\u00efs<\/figcaption><\/figure> <\/figure>    <h2 class=\"wp-block-heading\"><strong>Prix de la machine d\u2019\u00e9grenage de ma\u00efs<\/strong><\/h2>    <p>Le prix de la machine \u00e9greneuse de ma\u00efs est influenc\u00e9 par une vari\u00e9t\u00e9 de facteurs, y compris le mod\u00e8le de la machine, la production, le mat\u00e9riau, la source d\u2019alimentation et la configuration. En g\u00e9n\u00e9ral, une production plus \u00e9lev\u00e9e, des caract\u00e9ristiques plus compl\u00e8tes et des mat\u00e9riaux plus durables entra\u00eenent des prix plus \u00e9lev\u00e9s.<\/p>   <div class=\"wp-block-image\"> <figure class=\"aligncenter size-full\"><img loading=\"lazy\" decoding=\"async\" width=\"720\" height=\"540\" src=\"https:\/\/corn-machines.com\/wp-content\/uploads\/2025\/10\/corn-threshing-machine.webp\" alt=\"batteuse de ma\u00efs\" class=\"wp-image-1066\" srcset=\"https:\/\/corn-machines.com\/wp-content\/uploads\/2025\/10\/corn-threshing-machine.webp 720w, https:\/\/corn-machines.com\/wp-content\/uploads\/2025\/10\/corn-threshing-machine-300x225.webp 300w, https:\/\/corn-machines.com\/wp-content\/uploads\/2025\/10\/corn-threshing-machine-16x12.webp 16w\" sizes=\"auto, (max-width: 720px) 100vw, 720px\" \/><figcaption class=\"wp-element-caption\">batteuse de ma\u00efs<\/figcaption><\/figure> <\/div>   <p>Lors de l\u2019achat de la machine \u00e9grenneuse de ma\u00efs, les utilisateurs doivent consid\u00e9rer non seulement le prix mais aussi la qualit\u00e9 et la performance. Une machine \u00e9grenneuse de ma\u00efs de haute qualit\u00e9 am\u00e9liore non seulement l\u2019efficacit\u00e9 mais r\u00e9duit aussi la casse des grains et prolonge sa dur\u00e9e de vie, ce qui la rend plus rentable \u00e0 long terme.<\/p>    <h2 class=\"wp-block-heading\"><strong>Pourquoi choisir Taizy comme votre premier fournisseur ?<\/strong><\/h2>    <ul class=\"wp-block-list\"> <li>En tant que fabricant professionnel de machines agricoles, Taizy poss\u00e8de <strong>une vaste exp\u00e9rience en production et exportation<\/strong>, nous permettant de fournir des \u00e9quipements et des solutions adapt\u00e9s aux besoins sp\u00e9cifiques des clients dans diverses r\u00e9gions.<\/li>    <li>Nous g\u00e9rons \u00e0 la fois la production et la vente de nos produits. Cette approche garantit une qualit\u00e9 de produit constante tout en r\u00e9duisant consid\u00e9rablement les co\u00fbts, ce qui nous permet d'offrir aux clients un \u00e9quipement avec <strong>avantages de prix plus importants<\/strong>.<\/li>    <li>En termes de service, nous avons \u00e9tabli un <strong>syst\u00e8me apr\u00e8s-vente complet<\/strong>, fournissant des services tout-en-un comprenant l'assistance technique, l'installation et la mise en service, ainsi que la formation des op\u00e9rateurs.<\/li>    <li>Taizy propose une gamme compl\u00e8te de machines, offrant aux clients des solutions compl\u00e8tes d'\u00e9quipement de traitement du ma\u00efs, y compris <a href=\"https:\/\/corn-machines.com\/fr\/product\/mini-corn-harvesting-machine-maize-picker-machine\/\">r\u00e9colteuse de ma\u00efs<\/a>, <a href=\"https:\/\/corn-machines.com\/fr\/product\/mobile-grain-dryer-for-drying-grain\/\">s\u00e9choir \u00e0 ma\u00efs<\/a>, <a href=\"https:\/\/corn-machines.com\/fr\/product\/corn-grits-machine\/\">fabricant de granul\u00e9s de ma\u00efs<\/a>, et plus encore.<\/li> <\/ul>    <figure class=\"wp-block-gallery has-nested-images columns-default is-cropped wp-block-gallery-4 is-layout-flex wp-block-gallery-is-layout-flex\"> <figure class=\"wp-block-image size-large\"><img loading=\"lazy\" decoding=\"async\" width=\"720\" height=\"540\" data-id=\"1067\" src=\"https:\/\/corn-machines.com\/wp-content\/uploads\/2025\/10\/maize-thresher-machine.webp\" alt=\"machine \u00e0 d\u00e9cortiquer le ma\u00efs\" class=\"wp-image-1067\" srcset=\"https:\/\/corn-machines.com\/wp-content\/uploads\/2025\/10\/maize-thresher-machine.webp 720w, https:\/\/corn-machines.com\/wp-content\/uploads\/2025\/10\/maize-thresher-machine-300x225.webp 300w, https:\/\/corn-machines.com\/wp-content\/uploads\/2025\/10\/maize-thresher-machine-16x12.webp 16w\" sizes=\"auto, (max-width: 720px) 100vw, 720px\" \/><figcaption class=\"wp-element-caption\">machine \u00e0 d\u00e9cortiquer le ma\u00efs<\/figcaption><\/figure>    <figure class=\"wp-block-image size-large\"><img loading=\"lazy\" decoding=\"async\" width=\"720\" height=\"540\" data-id=\"1068\" src=\"https:\/\/corn-machines.com\/wp-content\/uploads\/2025\/10\/maize-thresher.webp\" alt=\"batteuse de ma\u00efs\" class=\"wp-image-1068\" srcset=\"https:\/\/corn-machines.com\/wp-content\/uploads\/2025\/10\/maize-thresher.webp 720w, https:\/\/corn-machines.com\/wp-content\/uploads\/2025\/10\/maize-thresher-300x225.webp 300w, https:\/\/corn-machines.com\/wp-content\/uploads\/2025\/10\/maize-thresher-16x12.webp 16w\" sizes=\"auto, (max-width: 720px) 100vw, 720px\" \/><figcaption class=\"wp-element-caption\">batteuse de ma\u00efs<\/figcaption><\/figure> <\/figure>    <h2 class=\"wp-block-heading\"><strong>Cas r\u00e9ussi de la machine \u00e9greneuse de ma\u00efs<\/strong><\/h2>    <p class=\"translation-block\"><strong>Taizy a export\u00e9 avec succ\u00e8s 48 \u00e9greneuses de ma\u00efs vers le Soudan<\/strong><\/p>    <p>Apr\u00e8s l\u2019attribution du march\u00e9 dans un appel d\u2019offres gouvernemental, le client local a choisi Taizy comme fournisseur d\u2019\u00e9quipement. Apr\u00e8s des comparaisons approfondies, le client a finalement choisi Taizy comme fournisseur, valorisant principalement la stabilit\u00e9 des performances et des prix raisonnables de notre machine \u00e9greneuse de ma\u00efs.<\/p>   <div class=\"wp-block-image\"> <figure class=\"aligncenter size-full\"><img loading=\"lazy\" decoding=\"async\" width=\"720\" height=\"540\" src=\"https:\/\/corn-machines.com\/wp-content\/uploads\/2025\/10\/maize-sheller-machine.webp\" alt=\"machine \u00e9greneuse de ma\u00efs\" class=\"wp-image-1069\" srcset=\"https:\/\/corn-machines.com\/wp-content\/uploads\/2025\/10\/maize-sheller-machine.webp 720w, https:\/\/corn-machines.com\/wp-content\/uploads\/2025\/10\/maize-sheller-machine-300x225.webp 300w, https:\/\/corn-machines.com\/wp-content\/uploads\/2025\/10\/maize-sheller-machine-16x12.webp 16w\" sizes=\"auto, (max-width: 720px) 100vw, 720px\" \/><figcaption class=\"wp-element-caption\">machine \u00e9greneuse de ma\u00efs<\/figcaption><\/figure> <\/div>   <p>Ce lot d\u2019\u00e9greneuses a \u00e9t\u00e9 d\u00e9ploy\u00e9 et est d\u00e9sormais op\u00e9rationnel au Soudan. Les retours des clients indiquent que les machines d\u2019\u00e9grenage fournissent un \u00e9grenage propre et une haute efficacit\u00e9, renfor\u00e7ant consid\u00e9rablement les capacit\u00e9s de transformation du ma\u00efs locales. <\/p>    <h2 class=\"wp-block-heading\"><strong>Contactez-nous imm\u00e9diatement !<\/strong><\/h2>    <p>L'utilisation de la machine de battage du ma\u00efs augmente non seulement consid\u00e9rablement l'efficacit\u00e9 du battage du ma\u00efs et r\u00e9duit les co\u00fbts de main-d'\u0153uvre, mais assure \u00e9galement des grains intacts et propres, facilitant le stockage et le transport. C\u2019est un appareil id\u00e9al, efficace et fiable pour l'agriculture moderne.<\/p>    <p>Contactez-nous d\u00e8s aujourd'hui pour plus d'informations et obtenir un devis. Nous offrirons une consultation technique gratuite et la meilleure solution.<\/p>","protected":false},"excerpt":{"rendered":"<p>The maize threshing machine can quickly and efficiently separate corn kernels from the cob. It&#8217;s a vital piece of equipment in agricultural production. This article describes the features, advantages, and specifications of a corn thresher for your reference.<\/p>","protected":false},"author":1,"featured_media":1070,"parent":0,"template":"","tags":[42,43],"product-type":[4],"class_list":["post-1061","product","type-product","status-publish","has-post-thumbnail","hentry","tag-corn","tag-maize","product-type-corn-thresher-machine"],"_links":{"self":[{"href":"https:\/\/corn-machines.com\/fr\/wp-json\/wp\/v2\/product\/1061","targetHints":{"allow":["GET"]}}],"collection":[{"href":"https:\/\/corn-machines.com\/fr\/wp-json\/wp\/v2\/product"}],"about":[{"href":"https:\/\/corn-machines.com\/fr\/wp-json\/wp\/v2\/types\/product"}],"author":[{"embeddable":true,"href":"https:\/\/corn-machines.com\/fr\/wp-json\/wp\/v2\/users\/1"}],"wp:featuredmedia":[{"embeddable":true,"href":"https:\/\/corn-machines.com\/fr\/wp-json\/wp\/v2\/media\/1070"}],"wp:attachment":[{"href":"https:\/\/corn-machines.com\/fr\/wp-json\/wp\/v2\/media?parent=1061"}],"wp:term":[{"taxonomy":"post_tag","embeddable":true,"href":"https:\/\/corn-machines.com\/fr\/wp-json\/wp\/v2\/tags?post=1061"},{"taxonomy":"product-type","embeddable":true,"href":"https:\/\/corn-machines.com\/fr\/wp-json\/wp\/v2\/product-type?post=1061"}],"curies":[{"name":"wp","href":"https:\/\/api.w.org\/{rel}","templated":true}]}}