{"id":1038,"date":"2025-10-11T14:23:16","date_gmt":"2025-10-11T06:23:16","guid":{"rendered":"https:\/\/corn-machines.com\/?post_type=product&#038;p=1038"},"modified":"2025-10-29T09:32:52","modified_gmt":"2025-10-29T01:32:52","slug":"corn-silage-harvester-machine","status":"publish","type":"product","link":"https:\/\/corn-machines.com\/fr\/product\/corn-silage-harvester-machine\/","title":{"rendered":"Machine de moissonnage de l ensilage de ma\u00efs"},"content":{"rendered":"<p class=\"translation-block\">La <strong>moissonneuse d\u2019ensilage de ma\u00efs<\/strong> est principalement utilis\u00e9e pour la r\u00e9colte des tiges de ma\u00efs, de l\u2019herbe et d\u2019autres ensilages. Elle est largement utilis\u00e9e dans l\u2019\u00e9levage et l\u2019agriculture. Elle int\u00e8gre la r\u00e9colte, la coupe et la collecte, am\u00e9liorant consid\u00e9rablement l\u2019efficacit\u00e9 de la r\u00e9colte d\u2019ensilage.<\/p>    <p>La moissonneuse d\u2019ensilage de ma\u00efs Taizy est tr\u00e8s efficace. Sa vitesse de r\u00e9colte peut atteindre 1-5 km\/h, et sa largeur de coupe est de 1400-1800 mm. Notre moissonneuse d\u2019ensilage de ma\u00efs est tr\u00e8s populaire dans le monde. Nous avons r\u00e9cemment vendu avec succ\u00e8s quatre moissonneuses d\u2019ensilage de ma\u00efs Taizy au Mexique et avons re\u00e7u d\u2019excellents retours.<\/p>    <figure class=\"wp-block-embed is-type-video is-provider-youtube wp-block-embed-youtube wp-embed-aspect-16-9 wp-has-aspect-ratio\"><div class=\"wp-block-embed__wrapper\"> <iframe loading=\"lazy\" title=\"Moissonneuse d\u2019ensilage de ma\u00efs tr\u00e8s demand\u00e9e | Comment fonctionne la moissonneuse d\u2019ensilage de ma\u00efs ?#silage\" width=\"500\" height=\"281\" src=\"https:\/\/www.youtube.com\/embed\/3WeeO7POq9Q?feature=oembed\" frameborder=\"0\" allow=\"accelerometer; autoplay; clipboard-write; encrypted-media; gyroscope; picture-in-picture; web-share\" referrerpolicy=\"strict-origin-when-cross-origin\" allowfullscreen><\/iframe> <\/div><figcaption class=\"wp-element-caption\">vid\u00e9o de travail de la moissonneuse d\u2019ensilage de ma\u00efs<\/figcaption><\/figure>    <h2 class=\"wp-block-heading\"><strong>Avantages de la moissonneuse d\u2019ensilage de ma\u00efs<\/strong><\/h2>    <p>En tant que fournisseur professionnel de machines agricoles, la moissonneuse d\u2019ensilage de ma\u00efs Taizy est reconnue par les clients du monde entier. Sa popularit\u00e9 provient des avantages suivants :<\/p>    <ul class=\"wp-block-list\"> <li>Le r\u00e9colteur Taizy produit un ensilage coup\u00e9 de mani\u00e8re uniforme, ce qui entra\u00eene <strong>Utilisation \u00e9lev\u00e9e de l'alimentation<\/strong>.<\/li>    <li>Elle offre <strong>Haute flexibilit\u00e9<\/strong>, permettant d'ajuster la t\u00eate de coupe et la longueur de coupe selon les besoins.<\/li>    <li>Notre machine de r\u00e9colte de ma\u00efs ensilage est tr\u00e8s efficace, avec des vitesses de r\u00e9colte atteignant <strong>1-5 km\/h<\/strong>.<\/li>    <li>La r\u00e9colteuse de ma\u00efs ensilage Taizy poss\u00e8de un <strong>structure compacte et stable<\/strong>, la rendant adapt\u00e9e \u00e0 une vari\u00e9t\u00e9 de terrains.<\/li>    <li>La r\u00e9colteuse de paille de ma\u00efs a <strong>un large \u00e9ventail d'applications<\/strong>, non seulement pour les tiges de ma\u00efs, mais aussi pour une vari\u00e9t\u00e9 de cultures fourrag\u00e8res telles que l'herbe fourrag\u00e8re et le sorgho.<\/li>    <li>Nous proposons une <strong>syst\u00e8me de service complet<\/strong>, offrant un support technique complet depuis le choix du mod\u00e8le et la livraison jusqu'\u00e0 l'installation et la mise en service.<\/li> <\/ul>   <div class=\"wp-block-image\"> <figure class=\"aligncenter size-full\"><img loading=\"lazy\" decoding=\"async\" width=\"720\" height=\"540\" src=\"https:\/\/corn-machines.com\/wp-content\/uploads\/2025\/10\/corn-silage-harvester.webp\" alt=\"moissonneuse d\u2019ensilage de ma\u00efs\" class=\"wp-image-1040\" srcset=\"https:\/\/corn-machines.com\/wp-content\/uploads\/2025\/10\/corn-silage-harvester.webp 720w, https:\/\/corn-machines.com\/wp-content\/uploads\/2025\/10\/corn-silage-harvester-300x225.webp 300w, https:\/\/corn-machines.com\/wp-content\/uploads\/2025\/10\/corn-silage-harvester-16x12.webp 16w\" sizes=\"auto, (max-width: 720px) 100vw, 720px\" \/><figcaption class=\"wp-element-caption\">moissonneuse d\u2019ensilage de ma\u00efs<\/figcaption><\/figure> <\/div>   <h2 class=\"wp-block-heading\"><strong>Structure principale et principes de fonctionnement<\/strong><\/h2>    <p>La moissonneuse d\u2019ensilage Taizy se compose d\u2019un coupeur de t\u00eate, d\u2019un m\u00e9canisme d\u2019alimentation, d\u2019un m\u00e9canisme de coupe, d\u2019un syst\u00e8me de convoyage, d\u2019un godet et d\u2019un syst\u00e8me d\u2019alimentation.<\/p>    <p>Lorsque la moissonneuse d\u2019ensilage de ma\u00efs fonctionne, la t\u00eate coupe le ma\u00efs, et le syst\u00e8me de broyage le coupe en morceaux, puis l\u2019envoie dans le godet, r\u00e9alisant le processus int\u00e9gr\u00e9 de r\u00e9colte, coupe et collecte.<\/p>   <div class=\"wp-block-image\"> <figure class=\"aligncenter size-full\"><img loading=\"lazy\" decoding=\"async\" width=\"720\" height=\"540\" src=\"https:\/\/corn-machines.com\/wp-content\/uploads\/2025\/10\/corn-silage-harvesting-machine.webp\" alt=\"moissonneuse d\u2019ensilage de ma\u00efs\" class=\"wp-image-1041\" srcset=\"https:\/\/corn-machines.com\/wp-content\/uploads\/2025\/10\/corn-silage-harvesting-machine.webp 720w, https:\/\/corn-machines.com\/wp-content\/uploads\/2025\/10\/corn-silage-harvesting-machine-300x225.webp 300w, https:\/\/corn-machines.com\/wp-content\/uploads\/2025\/10\/corn-silage-harvesting-machine-16x12.webp 16w\" sizes=\"auto, (max-width: 720px) 100vw, 720px\" \/><figcaption class=\"wp-element-caption\">moissonneuse d\u2019ensilage de ma\u00efs<\/figcaption><\/figure> <\/div>   <h2 class=\"wp-block-heading\"><strong>Machine de moisson d\u2019ensilage de ma\u00efs Taizy en vente<\/strong><\/h2>    <p>Pour r\u00e9pondre aux besoins de diff\u00e9rents clients, nous proposons deux types de moissonneuses d\u2019ensilage de ma\u00efs :<\/p>    <ol class=\"wp-block-list\"> <li><strong>Machine de r\u00e9colte de ma\u00efs ensilage de type pneu<\/strong><\/li>    <li><strong>Machine de r\u00e9colte de ma\u00efs ensilage de type chenille<\/strong><\/li> <\/ol>    <figure class=\"wp-block-gallery has-nested-images columns-default is-cropped wp-block-gallery-2 is-layout-flex wp-block-gallery-is-layout-flex\"> <figure class=\"wp-block-image size-large\"><img loading=\"lazy\" decoding=\"async\" width=\"720\" height=\"540\" data-id=\"1042\" src=\"https:\/\/corn-machines.com\/wp-content\/uploads\/2025\/10\/tire-type-corn-straw-harvester-machine.webp\" alt=\"machine moissonneuse de paille de ma\u00efs \u00e0 pneus\" class=\"wp-image-1042\" srcset=\"https:\/\/corn-machines.com\/wp-content\/uploads\/2025\/10\/tire-type-corn-straw-harvester-machine.webp 720w, https:\/\/corn-machines.com\/wp-content\/uploads\/2025\/10\/tire-type-corn-straw-harvester-machine-300x225.webp 300w, https:\/\/corn-machines.com\/wp-content\/uploads\/2025\/10\/tire-type-corn-straw-harvester-machine-16x12.webp 16w\" sizes=\"auto, (max-width: 720px) 100vw, 720px\" \/><figcaption class=\"wp-element-caption\">machine moissonneuse de paille de ma\u00efs \u00e0 pneus<\/figcaption><\/figure>    <figure class=\"wp-block-image size-large\"><img loading=\"lazy\" decoding=\"async\" width=\"720\" height=\"540\" data-id=\"1043\" src=\"https:\/\/corn-machines.com\/wp-content\/uploads\/2025\/10\/crawler-type-corn-silage-harvester.webp\" alt=\"moissonneuse d\u2019ensilage de ma\u00efs de type chenille\" class=\"wp-image-1043\" srcset=\"https:\/\/corn-machines.com\/wp-content\/uploads\/2025\/10\/crawler-type-corn-silage-harvester.webp 720w, https:\/\/corn-machines.com\/wp-content\/uploads\/2025\/10\/crawler-type-corn-silage-harvester-300x225.webp 300w, https:\/\/corn-machines.com\/wp-content\/uploads\/2025\/10\/crawler-type-corn-silage-harvester-16x12.webp 16w\" sizes=\"auto, (max-width: 720px) 100vw, 720px\" \/><figcaption class=\"wp-element-caption\">moissonneuse d\u2019ensilage de ma\u00efs de type chenille<\/figcaption><\/figure> <\/figure>    <h3 class=\"wp-block-heading\"><strong>Type 1 : moissonneuse d\u2019ensilage de ma\u00efs \u00e0 pneus<\/strong><\/h3>    <h4 class=\"wp-block-heading\"><strong>Caract\u00e9ristiques du moissonneur de ensilage d\u2019oreille de type pneu<\/strong><\/h4>    <ul class=\"wp-block-list\"> <li><strong>Haute vitesse<\/strong>: La conception mont\u00e9e sur pneu permet une maniabilit\u00e9 flexible, la rendant adapt\u00e9e au travail sur de grandes exploitations et terrains plats.<\/li>    <li><strong>Direction flexible<\/strong>: Id\u00e9al pour les exploitations ou coop\u00e9ratives avec des changements fr\u00e9quents de terrain.<\/li>    <li><strong>Faible entretien<\/strong>: Cette machine dispose d'un remplacement facile des pneus et d'une compatibilit\u00e9 \u00e9lev\u00e9e des pi\u00e8ces.<\/li> <\/ul>   <div class=\"wp-block-image\"> <figure class=\"aligncenter size-full\"><img loading=\"lazy\" decoding=\"async\" width=\"720\" height=\"540\" src=\"https:\/\/corn-machines.com\/wp-content\/uploads\/2025\/10\/corn-straw-harvester-machine.webp\" alt=\"moissonneuse de paille de ma\u00efs\" class=\"wp-image-1044\" srcset=\"https:\/\/corn-machines.com\/wp-content\/uploads\/2025\/10\/corn-straw-harvester-machine.webp 720w, https:\/\/corn-machines.com\/wp-content\/uploads\/2025\/10\/corn-straw-harvester-machine-300x225.webp 300w, https:\/\/corn-machines.com\/wp-content\/uploads\/2025\/10\/corn-straw-harvester-machine-16x12.webp 16w\" sizes=\"auto, (max-width: 720px) 100vw, 720px\" \/><figcaption class=\"wp-element-caption\">moissonneuse de paille de ma\u00efs<\/figcaption><\/figure> <\/div>   <h4 class=\"wp-block-heading\"><strong>Param\u00e8tres de la moissoneuse d\u2019ensilage de ma\u00efs \u00e0 roues<\/strong><\/h4>    <figure class=\"wp-block-table\"><table><tbody><tr><td>Mod\u00e8le<\/td><td>4QZ-1400<\/td><td>4QZ-1800<\/td><\/tr><tr><td>Dimensions (Etat de fonctionnement)<\/td><td>5022*1520*3800mm<\/td><td>5022*1520*3800mm<\/td><\/tr><tr><td>Puissance du moteur<\/td><td>100-150HP<\/td><td>150HP<\/td><\/tr><tr><td>Vitesse nominale du moteur<\/td><td>2400r\/min<\/td><td>2400r\/min<\/td><\/tr><tr><td>Largeur de coupe<\/td><td>1400mm<\/td><td>1800mm<\/td><\/tr><tr><td>Vitesse de r\u00e9colte<\/td><td>\/<\/td><td>2-5km\/h<\/td><\/tr><tr><td>Type de coupeur de la t\u00eate<\/td><td>Disque \u00e0 lame<\/td><td>Disque \u00e0 lame<\/td><\/tr><tr><td>M\u00e9canisme d\u2019alimentation<\/td><td>4 unit\u00e9s<\/td><td>4 unit\u00e9s<\/td><\/tr><tr><td>Syst\u00e8me de transmission<\/td><td>Entrainement hydraulique<\/td><td>Entrainement hydraulique<\/td><\/tr><tr><td>empattement<\/td><td>2150mm<\/td><td>2150mm<\/td><\/tr><tr><td>\u00c9cartement des chenilles<\/td><td>1300mm<\/td><td>1300mm<\/td><\/tr><tr><td>Capacit\u00e9 du godet<\/td><td>3,1m\u00b3<\/td><td>3,1m\u00b3<\/td><\/tr><tr><td>Longueur de segment de coupe con\u00e7ue<\/td><td>15mm<\/td><td>15mm<\/td><\/tr><\/tbody><\/table><figcaption class=\"wp-element-caption\">param\u00e8tres de l\u2019\u00e9quipement de moissonnage d\u2019ensilage sur roues<\/figcaption><\/figure>    <h3 class=\"wp-block-heading\"><strong>Type 2 : <strong>Machine de r\u00e9colte de ma\u00efs ensilage de type chenille<\/strong><\/strong><\/h3>    <h4 class=\"wp-block-heading\"><strong>Caract\u00e9ristiques de <strong>\u00c9quipement de r\u00e9colte de ma\u00efs ensilage de type chenille<\/strong><\/strong><\/h4>    <ul class=\"wp-block-list\"> <li><strong>Grande adaptabilit\u00e9<\/strong>: Le ch\u00e2ssis \u00e0 chenilles offre une excellente adh\u00e9rence, le rendant adapt\u00e9 aux terrains complexes tels que les zones humides, les pentes et les champs boueux.<\/li>    <li><strong>Stabilit\u00e9 am\u00e9lior\u00e9e<\/strong>: Le centre de gravit\u00e9 bas et la vibration minimale assurent un fonctionnement fluide sur des surfaces irr\u00e9guli\u00e8res.<\/li>    <li><strong>Protection du sol<\/strong>: The track&#8217;s large contact area reduces damage to farmland.<\/li> <\/ul>   <div class=\"wp-block-image\"> <figure class=\"aligncenter size-full\"><img loading=\"lazy\" decoding=\"async\" width=\"720\" height=\"540\" src=\"https:\/\/corn-machines.com\/wp-content\/uploads\/2025\/10\/maize-silage-harvester.webp\" alt=\"moissonneuse d\u2019ensilage de ma\u00efs\" class=\"wp-image-1047\" srcset=\"https:\/\/corn-machines.com\/wp-content\/uploads\/2025\/10\/maize-silage-harvester.webp 720w, https:\/\/corn-machines.com\/wp-content\/uploads\/2025\/10\/maize-silage-harvester-300x225.webp 300w, https:\/\/corn-machines.com\/wp-content\/uploads\/2025\/10\/maize-silage-harvester-16x12.webp 16w\" sizes=\"auto, (max-width: 720px) 100vw, 720px\" \/><figcaption class=\"wp-element-caption\">moissonneuse d\u2019ensilage de ma\u00efs<\/figcaption><\/figure> <\/div>   <h4 class=\"wp-block-heading\"><strong>Param\u00e8tres de <strong><strong>Machine de r\u00e9colte de ma\u00efs ensilage de type chenille<\/strong><\/strong><\/strong><\/h4>    <figure class=\"wp-block-table\"><table><tbody><tr><td>Mod\u00e8le<\/td><td>4QZ-1400<\/td><td>4QZ-1600<\/td><td>4QZ-1800<\/td><\/tr><tr><td>Dimensions (Etat de fonctionnement)<\/td><td>5200*1520*3800mm<\/td><td>5200*1680*4200mm<\/td><td>5200*1520*3800mm<\/td><\/tr><tr><td>Puissance du moteur<\/td><td>100-150HP<\/td><td>150HP<\/td><td>150HP<\/td><\/tr><tr><td>Vitesse nominale du moteur<\/td><td>2400r\/min<\/td><td>2400r\/min<\/td><td>2400r\/min<\/td><\/tr><tr><td>Largeur de coupe<\/td><td>1400mm<\/td><td>1550mm<\/td><td>1800mm<\/td><\/tr><tr><td>Vitesse de r\u00e9colte<\/td><td>\/<\/td><td>1-3km\/h<\/td><td>\/<\/td><\/tr><tr><td>Type de coupeur de la t\u00eate<\/td><td>Disque \u00e0 lame<\/td><td>Disque \u00e0 lame<\/td><td>Disque \u00e0 lame<\/td><\/tr><tr><td>Syst\u00e8me de transmission<\/td><td>Entrainement hydraulique<\/td><td>Entrainement hydraulique<\/td><td>Entrainement hydraulique<\/td><\/tr><tr><td>\u00c9cartement des chenilles<\/td><td>250\/350mm<\/td><td>350mm<\/td><td>250\/350mm<\/td><\/tr><tr><td>Longueur de contact au sol de la voie<\/td><td>1400mm<\/td><td>1400mm<\/td><td>1400mm<\/td><\/tr><tr><td>Gabarit de roue<\/td><td>1240mm<\/td><td>1240mm<\/td><td>1240mm<\/td><\/tr><tr><td>Capacit\u00e9 du godet<\/td><td>3,1m\u00b3<\/td><td>\/<\/td><td>3,1m\u00b3<\/td><\/tr><tr><td>Longueur de segment de coupe con\u00e7ue<\/td><td>15mm<\/td><td>15mm<\/td><td>15mm<\/td><\/tr><\/tbody><\/table><figcaption class=\"wp-element-caption\">param\u00e8tres de l\u2019\u00e9quipement d\u2019ensilage de ma\u00efs de type chenille<\/figcaption><\/figure>    <h3 class=\"wp-block-heading\"><strong>Diff\u00e9rence entre moissonneuse d\u2019ensilage de ma\u00efs \u00e0 roues et \u00e0 chenilles<\/strong><\/h3>    <p>La moissonneuse sur roues et la moissonneuse sur chenilles pour ensilage de ma\u00efs ont leurs propres caract\u00e9ristiques, et leurs diff\u00e9rences sont les suivantes :<\/p>    <figure class=\"wp-block-table\"><table><tbody><tr><td>Type<\/td><td>Moissonneuse d\u2019ensilage de ma\u00efs \u00e0 pneus<\/td><td>Moissonneuse d\u2019ensilage de ma\u00efs de type chenille<\/td><\/tr><tr><td>Style de marche<\/td><td>Propulsion par roues<\/td><td>Maugn\u00e9 par chenilles<\/td><\/tr><tr><td>Adaptation au terrain<\/td><td>Terrain nu et sec<\/td><td>pentes, zones mar\u00e9cageuses, terrain boueux<\/td><\/tr><tr><td>Vitesse d\u2019exploitation<\/td><td>Transition rapide et facile<\/td><td>L\u00e9g\u00e8rement plus lente, plus stable<\/td><\/tr><\/tbody><\/table><figcaption class=\"wp-element-caption\"> diff\u00e9rence entre les deux types de moissonneuses d\u2019ensilage de ma\u00efs<\/figcaption><\/figure>    <h2 class=\"wp-block-heading\"><strong>Application du moissonneur de paille de ma\u00efs<\/strong><\/h2>    <p>La moissonneuse d\u2019ensilage peut \u00eatre utilis\u00e9e pour la r\u00e9colte d\u2019ensilage de ma\u00efs, sorgho, luzerne, etc. Elle a une large gamme d\u2019applications.<\/p>    <ul class=\"wp-block-list\"> <li><strong>Industrie de l'\u00e9levage<\/strong>: Fournir un ensilage de haute qualit\u00e9 pour les ruminants tels que les vaches laiti\u00e8res, les bovins et les moutons, am\u00e9liorant l'efficacit\u00e9 de l'alimentation et les b\u00e9n\u00e9fices \u00e9conomiques.<\/li>    <li><strong>Industrie de la transformation de l'alimentation<\/strong>: Fournir des mati\u00e8res premi\u00e8res pour les moulins \u00e0 fourrage, garantissant la qualit\u00e9 de la fermentation de l'alimentation.<\/li>    <li><strong>Industrie de la plantation de cultures<\/strong>: Aider les agriculteurs \u00e0 r\u00e9colter efficacement les cultures fourrag\u00e8res, r\u00e9duisant ainsi les co\u00fbts de main-d'\u0153uvre.<\/li>    <li><strong>Industrie de la protection de l'environnement verte<\/strong>: Favoriser la r\u00e9utilisation des sous-produits tels que la tige de ma\u00efs, et promouvoir le d\u00e9veloppement de l'agriculture verte.<\/li> <\/ul>    <figure class=\"wp-block-gallery has-nested-images columns-default is-cropped wp-block-gallery-3 is-layout-flex wp-block-gallery-is-layout-flex\"> <figure class=\"wp-block-image size-large\"><img loading=\"lazy\" decoding=\"async\" width=\"720\" height=\"540\" data-id=\"1050\" src=\"https:\/\/corn-machines.com\/wp-content\/uploads\/2025\/10\/application-of-corn-silage.webp\" alt=\"application d\u2019ensilage\" class=\"wp-image-1050\" srcset=\"https:\/\/corn-machines.com\/wp-content\/uploads\/2025\/10\/application-of-corn-silage.webp 720w, https:\/\/corn-machines.com\/wp-content\/uploads\/2025\/10\/application-of-corn-silage-300x225.webp 300w, https:\/\/corn-machines.com\/wp-content\/uploads\/2025\/10\/application-of-corn-silage-16x12.webp 16w\" sizes=\"auto, (max-width: 720px) 100vw, 720px\" \/><figcaption class=\"wp-element-caption\">application d\u2019ensilage<\/figcaption><\/figure>    <figure class=\"wp-block-image size-large\"><img loading=\"lazy\" decoding=\"async\" width=\"720\" height=\"540\" data-id=\"1051\" src=\"https:\/\/corn-machines.com\/wp-content\/uploads\/2025\/10\/application-of-maize-silage.webp\" alt=\"application de l\u2019ensilage de ma\u00efs\" class=\"wp-image-1051\" srcset=\"https:\/\/corn-machines.com\/wp-content\/uploads\/2025\/10\/application-of-maize-silage.webp 720w, https:\/\/corn-machines.com\/wp-content\/uploads\/2025\/10\/application-of-maize-silage-300x225.webp 300w, https:\/\/corn-machines.com\/wp-content\/uploads\/2025\/10\/application-of-maize-silage-16x12.webp 16w\" sizes=\"auto, (max-width: 720px) 100vw, 720px\" \/><figcaption class=\"wp-element-caption\">application de l\u2019ensilage de ma\u00efs<\/figcaption><\/figure> <\/figure>    <h2 class=\"wp-block-heading\"><strong>Prix de la moissonneuse de paille de ma\u00efs<\/strong><\/h2>    <p>Le co\u00fbt de la moissonneuse d\u2019ensilage est principalement influenc\u00e9 par des facteurs tels que le type d\u2019\u00e9quipement, la configuration et l\u2019efficacit\u00e9 d\u2019exploitation.<\/p>    <p>Lors de l\u2019achat, les utilisateurs doivent consid\u00e9rer leurs besoins, l\u2019\u00e9chelle d\u2019exploitation et le budget afin de choisir un mod\u00e8le offrant un bon rapport co\u00fbt-efficacit\u00e9 et des performances stables pour un b\u00e9n\u00e9fice maximal.<\/p>    <figure class=\"wp-block-gallery has-nested-images columns-default is-cropped wp-block-gallery-4 is-layout-flex wp-block-gallery-is-layout-flex\"> <figure class=\"wp-block-image size-large\"><img loading=\"lazy\" decoding=\"async\" width=\"720\" height=\"540\" data-id=\"1048\" src=\"https:\/\/corn-machines.com\/wp-content\/uploads\/2025\/10\/maize-staw-harvester.webp\" alt=\"paille de ma\u00efs moissonn\u00e9e\" class=\"wp-image-1048\" srcset=\"https:\/\/corn-machines.com\/wp-content\/uploads\/2025\/10\/maize-staw-harvester.webp 720w, https:\/\/corn-machines.com\/wp-content\/uploads\/2025\/10\/maize-staw-harvester-300x225.webp 300w, https:\/\/corn-machines.com\/wp-content\/uploads\/2025\/10\/maize-staw-harvester-16x12.webp 16w\" sizes=\"auto, (max-width: 720px) 100vw, 720px\" \/><figcaption class=\"wp-element-caption\">paille de ma\u00efs moissonn\u00e9e<\/figcaption><\/figure>    <figure class=\"wp-block-image size-large\"><img loading=\"lazy\" decoding=\"async\" width=\"720\" height=\"540\" data-id=\"1049\" src=\"https:\/\/corn-machines.com\/wp-content\/uploads\/2025\/10\/corn-silage-harveste-machine.webp\" alt=\"moissonneuse d\u2019ensilage de ma\u00efs\" class=\"wp-image-1049\" srcset=\"https:\/\/corn-machines.com\/wp-content\/uploads\/2025\/10\/corn-silage-harveste-machine.webp 720w, https:\/\/corn-machines.com\/wp-content\/uploads\/2025\/10\/corn-silage-harveste-machine-300x225.webp 300w, https:\/\/corn-machines.com\/wp-content\/uploads\/2025\/10\/corn-silage-harveste-machine-16x12.webp 16w\" sizes=\"auto, (max-width: 720px) 100vw, 720px\" \/><figcaption class=\"wp-element-caption\">moissonneuse d\u2019ensilage de ma\u00efs<\/figcaption><\/figure> <\/figure>    <h2 class=\"wp-block-heading\"><strong>Cas r\u00e9ussi de moissonneuse d\u2019ensilage de ma\u00efs<\/strong><\/h2>    <p class=\"translation-block\"><strong>Quatre moissonneuses Taizy d\u2019ensilage de ma\u00efs ont \u00e9t\u00e9 r\u00e9cemment export\u00e9es avec succ\u00e8s vers le Mexique.<\/strong><\/p>    <p>Le client, un grand distributeur d\u2019\u00e9quipements pour ranch, a choisi Taizy apr\u00e8s comparaison de plusieurs fournisseurs et a grandement lou\u00e9 les performances de la machine et le service apr\u00e8s-vente complet.<\/p>    <p>Cette collaboration a non seulement am\u00e9lior\u00e9 l\u2019efficacit\u00e9 de la r\u00e9colte d\u2019ensilage du ranch local, mais a \u00e9galement renforc\u00e9 l\u2019influence de la marque Taizy au Mexique.<\/p>    <figure class=\"wp-block-gallery has-nested-images columns-default is-cropped wp-block-gallery-5 is-layout-flex wp-block-gallery-is-layout-flex\"> <figure class=\"wp-block-image size-large\"><img loading=\"lazy\" decoding=\"async\" width=\"540\" height=\"720\" data-id=\"1052\" src=\"https:\/\/corn-machines.com\/wp-content\/uploads\/2025\/10\/corn-silage-harvesting-machine-loading.webp\" alt=\"machine moissonneuse d\u2019ensilage de ma\u00efs chargement\" class=\"wp-image-1052\" srcset=\"https:\/\/corn-machines.com\/wp-content\/uploads\/2025\/10\/corn-silage-harvesting-machine-loading.webp 540w, https:\/\/corn-machines.com\/wp-content\/uploads\/2025\/10\/corn-silage-harvesting-machine-loading-225x300.webp 225w, https:\/\/corn-machines.com\/wp-content\/uploads\/2025\/10\/corn-silage-harvesting-machine-loading-9x12.webp 9w\" sizes=\"auto, (max-width: 540px) 100vw, 540px\" \/><figcaption class=\"wp-element-caption\">machine moissonneuse d\u2019ensilage de ma\u00efs chargement<\/figcaption><\/figure>    <figure class=\"wp-block-image size-large\"><img loading=\"lazy\" decoding=\"async\" width=\"540\" height=\"720\" data-id=\"1053\" src=\"https:\/\/corn-machines.com\/wp-content\/uploads\/2025\/10\/maize-silage-harvester-machine-loading.webp\" alt=\"machine moissonneuse d\u2019ensilage de ma\u00efs chargement\" class=\"wp-image-1053\" srcset=\"https:\/\/corn-machines.com\/wp-content\/uploads\/2025\/10\/maize-silage-harvester-machine-loading.webp 540w, https:\/\/corn-machines.com\/wp-content\/uploads\/2025\/10\/maize-silage-harvester-machine-loading-225x300.webp 225w, https:\/\/corn-machines.com\/wp-content\/uploads\/2025\/10\/maize-silage-harvester-machine-loading-9x12.webp 9w\" sizes=\"auto, (max-width: 540px) 100vw, 540px\" \/><figcaption class=\"wp-element-caption\">machine moissonneuse d\u2019ensilage de ma\u00efs chargement<\/figcaption><\/figure> <\/figure>    <h2 class=\"wp-block-heading\"><strong>Contactez-nous d\u00e8s maintenant !<\/strong><\/h2>    <p>L\u2019utilisation des moissonneuses d\u2019ensilage a sensiblement am\u00e9lior\u00e9 l\u2019efficacit\u00e9 et la qualit\u00e9 de la r\u00e9colte d\u2019ensilage, favorisant le d\u00e9veloppement de l\u2019\u00e9levage moderne.<\/p>    <p class=\"translation-block\">En tant que fournisseur professionnel de machines agricoles, Taizy offre non seulement des machines de haute qualit\u00e9 mais aussi une grande vari\u00e9t\u00e9 d\u2019\u00e9quipements. En plus de la moissonneuse d\u2019ensilage de ma\u00efs, nous proposons \u00e9galement <a href=\"https:\/\/corn-machines.com\/fr\/product\/automated-corn-sowing-machine\/\">planter de ma\u00efs<\/a>, <a href=\"https:\/\/corn-machines.com\/fr\/product\/corn-shelling-machine\/\">s\u00e9choir \u00e0 ma\u00efs<\/a>, <a href=\"https:\/\/corn-machines.com\/fr\/products\/maize-grits-milling-machine\/\">grilleur de ma\u00efs<\/a>, et plus encore. Si vous avez des besoins, n\u2019h\u00e9sitez pas \u00e0 nous contacter !<\/p>","protected":false},"excerpt":{"rendered":"<p>La moissonneuse d\u2019ensilage de ma\u00efs est une machine agricole tr\u00e8s efficace qui combine r\u00e9colte, coupe et collecte. Elle offre des op\u00e9rations int\u00e9gr\u00e9es et convient \u00e0 la r\u00e9colte d\u2019ensilage de diverses cultures vertes, notamment le ma\u00efs, le sorgho et l\u2019\u00e9l\u00e9phant grass. Disponible en mod\u00e8les \u00e0 pneus et \u00e0 chenilles, elles s\u2019adaptent \u00e0 des terrains vari\u00e9s. <\/p>","protected":false},"author":1,"featured_media":1054,"parent":0,"template":"","tags":[42,81,82],"product-type":[86],"class_list":["post-1038","product","type-product","status-publish","has-post-thumbnail","hentry","tag-corn","tag-corn-silage","tag-silage","product-type-corn-silage-processing-machine"],"_links":{"self":[{"href":"https:\/\/corn-machines.com\/fr\/wp-json\/wp\/v2\/product\/1038","targetHints":{"allow":["GET"]}}],"collection":[{"href":"https:\/\/corn-machines.com\/fr\/wp-json\/wp\/v2\/product"}],"about":[{"href":"https:\/\/corn-machines.com\/fr\/wp-json\/wp\/v2\/types\/product"}],"author":[{"embeddable":true,"href":"https:\/\/corn-machines.com\/fr\/wp-json\/wp\/v2\/users\/1"}],"wp:featuredmedia":[{"embeddable":true,"href":"https:\/\/corn-machines.com\/fr\/wp-json\/wp\/v2\/media\/1054"}],"wp:attachment":[{"href":"https:\/\/corn-machines.com\/fr\/wp-json\/wp\/v2\/media?parent=1038"}],"wp:term":[{"taxonomy":"post_tag","embeddable":true,"href":"https:\/\/corn-machines.com\/fr\/wp-json\/wp\/v2\/tags?post=1038"},{"taxonomy":"product-type","embeddable":true,"href":"https:\/\/corn-machines.com\/fr\/wp-json\/wp\/v2\/product-type?post=1038"}],"curies":[{"name":"wp","href":"https:\/\/api.w.org\/{rel}","templated":true}]}}