{"id":1013,"date":"2025-09-25T15:18:37","date_gmt":"2025-09-25T07:18:37","guid":{"rendered":"https:\/\/corn-machines.com\/?post_type=product&#038;p=1013"},"modified":"2025-10-20T14:07:42","modified_gmt":"2025-10-20T06:07:42","slug":"multifunctional-grain-thresher","status":"publish","type":"product","link":"https:\/\/corn-machines.com\/fr\/product\/multifunctional-grain-thresher\/","title":{"rendered":"Moissonneuse-bineuse multifonctionnelle"},"content":{"rendered":"<p class=\"translation-block\">Le <strong>s\u00e9parateur de grains multifonction<\/strong> threshing? (sorry)<\/p>    <p>La batteuse \u00e0 coquille de ma\u00efs multifonctionnelle pr\u00e9sente des chambres doubles et des soufflantes doubles, assurant un battage des grains plus propre. Elle est \u00e9galement \u00e9quip\u00e9e de pneus larges, permettant une op\u00e9ration flexible et pratique. Si vous \u00eates int\u00e9ress\u00e9, contactez-nous d\u00e8s aujourd'hui pour une consultation gratuite !<\/p>    <figure class=\"wp-block-embed is-type-video is-provider-youtube wp-block-embed-youtube wp-embed-aspect-16-9 wp-has-aspect-ratio\"><div class=\"wp-block-embed__wrapper\"> <iframe loading=\"lazy\" title=\"Bat\u00adteuse multifonctionnelle | Machine \u00e0 \u00e9grainer multifonctionnelle pour ma\u00efs, sorgo, bl\u00e9, millet\" width=\"500\" height=\"281\" src=\"https:\/\/www.youtube.com\/embed\/v5GAfCG2C8I?feature=oembed\" frameborder=\"0\" allow=\"accelerometer; autoplay; clipboard-write; encrypted-media; gyroscope; picture-in-picture; web-share\" referrerpolicy=\"strict-origin-when-cross-origin\" allowfullscreen><\/iframe> <\/div><figcaption class=\"wp-element-caption\">processus de travail de la batteuse polyvalente de grains<\/figcaption><\/figure>    <h2 class=\"wp-block-heading\"><strong>Caract\u00e9ristiques de la machine de battage polyvalente<\/strong><\/h2>    <ul class=\"wp-block-list\"> <li>La batteuse multifonctionnelle \u00e0 grains Taizy offre deux options d'alimentation : <strong>Moteur diesel et moteur \u00e9lectrique<\/strong>. Le moteur diesel convient pour une utilisation dans les champs et zones sans \u00e9lectricit\u00e9 ; le moteur \u00e9lectrique est stable et \u00e9conome en \u00e9nergie.<\/li>    <li>Notre machine \u00e0 battre les grains est fi\u00e8re de <strong>un large \u00e9ventail d'applications<\/strong>, capable de battre le ma\u00efs, le millet, le sorgho, le soja, le riz, le bl\u00e9 et de nombreuses autres cultures c\u00e9r\u00e9ali\u00e8res.<\/li>    <li>La d\u00e9cortiqueuse multifonctionnelle de ma\u00efs poss\u00e8de <strong>haute efficacit\u00e9 op\u00e9rationnelle<\/strong>, atteignant une capacit\u00e9 maximale de battage de 5 tonnes par heure. Elle r\u00e9pond facilement aux besoins de production de toutes tailles.<\/li>    <li>Cette machine est <strong>\u00e9quip\u00e9e de pneus robustes et durables<\/strong>, ce qui facilite la mobilit\u00e9 entre champs et fermes sans \u00eatre limit\u00e9 par le site, rendant les op\u00e9rations plus flexibles et efficaces.<\/li>    <li>La batteuse \u00e0 c\u00e9r\u00e9ales Taizy est fabriqu\u00e9e en <strong>Acier \u00e9paissi et accessoires de haute qualit\u00e9<\/strong>, qui offrent une stabilit\u00e9 solide et un entretien facile, et peuvent maintenir de bonnes performances m\u00eame en cas d'op\u00e9rations intensives.<\/li> <\/ul>   <div class=\"wp-block-image\"> <figure class=\"aligncenter size-full\"><img loading=\"lazy\" decoding=\"async\" width=\"720\" height=\"540\" src=\"https:\/\/corn-machines.com\/wp-content\/uploads\/2025\/09\/multifunctional-corn-shelling-machine.webp\" alt=\"machine \u00e0 \u00e9grener le ma\u00efs multifonctionnelle\" class=\"wp-image-1014\" srcset=\"https:\/\/corn-machines.com\/wp-content\/uploads\/2025\/09\/multifunctional-corn-shelling-machine.webp 720w, https:\/\/corn-machines.com\/wp-content\/uploads\/2025\/09\/multifunctional-corn-shelling-machine-300x225.webp 300w, https:\/\/corn-machines.com\/wp-content\/uploads\/2025\/09\/multifunctional-corn-shelling-machine-16x12.webp 16w\" sizes=\"auto, (max-width: 720px) 100vw, 720px\" \/><figcaption class=\"wp-element-caption\">machine \u00e0 \u00e9grener le ma\u00efs multifonctionnelle<\/figcaption><\/figure> <\/div>   <h2 class=\"wp-block-heading\"><strong>Param\u00e8tres de la moissonneuse-bineuse multifonctionnelle<\/strong><\/h2>    <figure class=\"wp-block-table\"><table class=\"has-fixed-layout\"><tbody><tr><td>Mod\u00e8le<\/td><td>MT-1500<\/td><\/tr><tr><td>Pouvoir<\/td><td>7,5 kW\/15-18 hp<\/td><\/tr><tr><td>Capacit\u00e9<\/td><td>2-5t\/h<\/td><\/tr><tr><td>Application<\/td><td>Bl\u00e9, riz, ma\u00efs, haricots de soja, millet, etc.<\/td><\/tr><\/tbody><\/table><figcaption class=\"wp-element-caption\">param\u00e8tres de la moissonneuse-bineuse multifonctionnelle de ma\u00efs<\/figcaption><\/figure>    <h2 class=\"wp-block-heading\">Principaux composants de la machine \u00e0 \u00e9grener le ma\u00efs multifonctionnelle<\/h2>    <p>La moissonneuse-bineuse multifonction Taizy est principalement compos\u00e9e des pi\u00e8ces suivantes:<\/p>    <ul class=\"wp-block-list\"> <li><strong>Entr\u00e9e d'alimentation<\/strong>: Elle sert \u00e0 alimenter une vari\u00e9t\u00e9 de grains, y compris le ma\u00efs, le millet, le sorgho, le soja, le riz et le bl\u00e9, dans la machine. L'entr\u00e9e d'alimentation large facilite une op\u00e9ration continue et am\u00e9liore l'efficacit\u00e9 du chargement.<\/li>    <li><strong>Syst\u00e8me \u00e0 double chambre<\/strong>: Deux chambres de battage sont install\u00e9es dans la machine, permettant un battage et une s\u00e9paration simultan\u00e9s, am\u00e9liorant consid\u00e9rablement l'efficacit\u00e9.<\/li>    <li><strong>Syst\u00e8me de criblage<\/strong>: Un \u00e9cran est \u00e9quip\u00e9 pour effectuer une s\u00e9paration pr\u00e9liminaire et une filtration du grain battu, garantissant un minimum d'impuret\u00e9s, un produit fini propre et une qualit\u00e9 de grain am\u00e9lior\u00e9e.<\/li>    <li><strong>Double ventilateurs<\/strong>: Des ventilateurs puissants s\u00e9parent efficacement les cosses, les d\u00e9bris et les grains de la machine, am\u00e9liorant la propret\u00e9 et r\u00e9duisant le nettoyage secondaire.<\/li>    <li><strong>Syst\u00e8me d'alimentation<\/strong>: Notre machine \u00e0 battre les grains multifonctionnelle est disponible avec un moteur diesel ou \u00e9lectrique pour s'adapter \u00e0 diff\u00e9rents environnements d'exploitation.<\/li>    <li><strong>Sortie de d\u00e9charge<\/strong>: Apr\u00e8s le battage, le grain est d\u00e9charg\u00e9 par la sortie de d\u00e9charge, o\u00f9 un \u00e9cran et un souffleur s\u00e9parent proprement le grain des impuret\u00e9s.<\/li>    <li><strong>Cadre et pneus<\/strong>: Le cadre est construit en acier \u00e9paissi pour la r\u00e9sistance et la stabilit\u00e9. \u00c9quip\u00e9 de pneus durables pour une mobilit\u00e9 facile entre champs, fermes ou sites de traitement, am\u00e9liorant la flexibilit\u00e9 op\u00e9rationnelle.<\/li> <\/ul>    <figure class=\"wp-block-gallery has-nested-images columns-default is-cropped wp-block-gallery-2 is-layout-flex wp-block-gallery-is-layout-flex\"> <figure class=\"wp-block-image size-large\"><img loading=\"lazy\" decoding=\"async\" width=\"720\" height=\"540\" data-id=\"1015\" src=\"https:\/\/corn-machines.com\/wp-content\/uploads\/2025\/09\/multifunctional-thresher.webp\" alt=\"moissonneuse-bineuse multifonctionnelle\" class=\"wp-image-1015\" srcset=\"https:\/\/corn-machines.com\/wp-content\/uploads\/2025\/09\/multifunctional-thresher.webp 720w, https:\/\/corn-machines.com\/wp-content\/uploads\/2025\/09\/multifunctional-thresher-300x225.webp 300w, https:\/\/corn-machines.com\/wp-content\/uploads\/2025\/09\/multifunctional-thresher-16x12.webp 16w\" sizes=\"auto, (max-width: 720px) 100vw, 720px\" \/><figcaption class=\"wp-element-caption\">moissonneuse-bineuse multifonctionnelle<\/figcaption><\/figure>    <figure class=\"wp-block-image size-large\"><img loading=\"lazy\" decoding=\"async\" width=\"720\" height=\"540\" data-id=\"1016\" src=\"https:\/\/corn-machines.com\/wp-content\/uploads\/2025\/09\/multifunctional-threshing-machine.webp\" alt=\"moissonneuse-broyeuse multifonctionnelle\" class=\"wp-image-1016\" srcset=\"https:\/\/corn-machines.com\/wp-content\/uploads\/2025\/09\/multifunctional-threshing-machine.webp 720w, https:\/\/corn-machines.com\/wp-content\/uploads\/2025\/09\/multifunctional-threshing-machine-300x225.webp 300w, https:\/\/corn-machines.com\/wp-content\/uploads\/2025\/09\/multifunctional-threshing-machine-16x12.webp 16w\" sizes=\"auto, (max-width: 720px) 100vw, 720px\" \/><figcaption class=\"wp-element-caption\">moissonneuse-broyeuse multifonctionnelle<\/figcaption><\/figure> <\/figure>    <h2 class=\"wp-block-heading\"><strong>Application de la machine \u00e0 \u00e9grener le grain multifonctionnelle<\/strong><\/h2>    <p>La moissonneuse-bineuse multifonctionnelle peut traiter une vari\u00e9t\u00e9 de c\u00e9r\u00e9ales, notamment le ma\u00efs, le millet, le sorgho, le soja, le riz et le bl\u00e9. Que ce soit dans des fermes familiales, des coop\u00e9ratives agricoles ou des usines de traitement des c\u00e9r\u00e9ales, cette machine offre une efficacit\u00e9 de battage exceptionnelle.<\/p>   <div class=\"wp-block-image\"> <figure class=\"aligncenter size-full\"><img loading=\"lazy\" decoding=\"async\" width=\"720\" height=\"540\" src=\"https:\/\/corn-machines.com\/wp-content\/uploads\/2025\/09\/application-of-multifunctional-maize-sheller.webp\" alt=\"application de s\u00e9bileuse multifonctionnelle de ma\u00efs\" class=\"wp-image-1023\" srcset=\"https:\/\/corn-machines.com\/wp-content\/uploads\/2025\/09\/application-of-multifunctional-maize-sheller.webp 720w, https:\/\/corn-machines.com\/wp-content\/uploads\/2025\/09\/application-of-multifunctional-maize-sheller-300x225.webp 300w, https:\/\/corn-machines.com\/wp-content\/uploads\/2025\/09\/application-of-multifunctional-maize-sheller-16x12.webp 16w\" sizes=\"auto, (max-width: 720px) 100vw, 720px\" \/><figcaption class=\"wp-element-caption\">application de s\u00e9bileuse multifonctionnelle de ma\u00efs<\/figcaption><\/figure> <\/div>   <p>Le grain trait\u00e9 par notre moissonneuse-bineuse multifonctionnelle pr\u00e9sente des impuret\u00e9s minimales, un faible taux de casse et des grains intacts, permettant un s\u00e9chage direct au soleil, un stockage ou un traitement ult\u00e9rieur.<\/p>    <h2 class=\"wp-block-heading\"><strong>Avantages du battage des c\u00e9r\u00e9ales<\/strong><\/h2>    <ul class=\"wp-block-list\"> <li>Apr\u00e8s le battage, les ballons sont s\u00e9par\u00e9s des grains, r\u00e9duisant l\u2019humidit\u00e9 et les impuret\u00e9s tout en diminuant le risque de moisissure et d\u2019infestation par les insectes, permettant un stockage plus s\u00fbr et \u00e0 plus long terme.<\/li>    <li>Le grain battu a un volume inf\u00e9rieur et un poids plus l\u00e9ger que le grain dans la balle, ce qui facilite l\u2019emballage et le transport, et r\u00e9duit ainsi les co\u00fbts logistiques.<\/li>    <li>Le battage \u00e9limine efficacement les impuret\u00e9s, produisant des grains plus propres et plus intacts, facilitant ainsi les s\u00e9chages et les processus de s\u00e9chage ult\u00e9rieurs.<\/li>    <li>Que ce soit pour le broyage du riz, la production de farine ou un traitement ult\u00e9rieur, les grains battus conviennent mieux aux \u00e9tapes de traitement direct, am\u00e9liorant l\u2019efficacit\u00e9 et la qualit\u00e9 du produit fini.<\/li> <\/ul>    <figure class=\"wp-block-gallery has-nested-images columns-default is-cropped wp-block-gallery-3 is-layout-flex wp-block-gallery-is-layout-flex\"> <figure class=\"wp-block-image size-large\"><img loading=\"lazy\" decoding=\"async\" width=\"720\" height=\"540\" data-id=\"1021\" src=\"https:\/\/corn-machines.com\/wp-content\/uploads\/2025\/09\/finished-product-of-multifuncitonal-grian-sheller.webp\" alt=\"produit fini de la moissonneuse-bineuse multifonctionnelle\" class=\"wp-image-1021\" srcset=\"https:\/\/corn-machines.com\/wp-content\/uploads\/2025\/09\/finished-product-of-multifuncitonal-grian-sheller.webp 720w, https:\/\/corn-machines.com\/wp-content\/uploads\/2025\/09\/finished-product-of-multifuncitonal-grian-sheller-300x225.webp 300w, https:\/\/corn-machines.com\/wp-content\/uploads\/2025\/09\/finished-product-of-multifuncitonal-grian-sheller-16x12.webp 16w\" sizes=\"auto, (max-width: 720px) 100vw, 720px\" \/><figcaption class=\"wp-element-caption\">produit fini de la moissonneuse-bineuse multifonctionnelle<\/figcaption><\/figure>    <figure class=\"wp-block-image size-large\"><img loading=\"lazy\" decoding=\"async\" width=\"720\" height=\"540\" data-id=\"1020\" src=\"https:\/\/corn-machines.com\/wp-content\/uploads\/2025\/09\/finished-product-of-grian-thresher.webp\" alt=\"produit fini de la moissonneuse-bineuse \u00e0 grain\" class=\"wp-image-1020\" srcset=\"https:\/\/corn-machines.com\/wp-content\/uploads\/2025\/09\/finished-product-of-grian-thresher.webp 720w, https:\/\/corn-machines.com\/wp-content\/uploads\/2025\/09\/finished-product-of-grian-thresher-300x225.webp 300w, https:\/\/corn-machines.com\/wp-content\/uploads\/2025\/09\/finished-product-of-grian-thresher-16x12.webp 16w\" sizes=\"auto, (max-width: 720px) 100vw, 720px\" \/><figcaption class=\"wp-element-caption\">produit fini de la moissonneuse-bineuse \u00e0 grain<\/figcaption><\/figure> <\/figure>    <h2 class=\"wp-block-heading\"><strong>Prix de la moissonneuse-bineuse multifonctionnelle<\/strong><\/h2>    <p>Le prix de la moissonneuse-bineuse varie en fonction de sa configuration de puissance, des fonctionnalit\u00e9s suppl\u00e9mentaires et de la quantit\u00e9 achet\u00e9e. Par exemple, plus on ach\u00e8te d\u2019unit\u00e9s, plus le prix par unit\u00e9 devient bas. Dans l\u2019ensemble, le prix final peut n\u00e9cessiter d\u2019\u00eatre d\u00e9termin\u00e9 en fonction des besoins sp\u00e9cifiques et de la quantit\u00e9 command\u00e9e.<\/p>   <div class=\"wp-block-image\"> <figure class=\"aligncenter size-full\"><img loading=\"lazy\" decoding=\"async\" width=\"720\" height=\"540\" src=\"https:\/\/corn-machines.com\/wp-content\/uploads\/2025\/09\/multi-purpose-thresher-machine.webp\" alt=\"machine de moissonnage polyvalente\" class=\"wp-image-1017\" srcset=\"https:\/\/corn-machines.com\/wp-content\/uploads\/2025\/09\/multi-purpose-thresher-machine.webp 720w, https:\/\/corn-machines.com\/wp-content\/uploads\/2025\/09\/multi-purpose-thresher-machine-300x225.webp 300w, https:\/\/corn-machines.com\/wp-content\/uploads\/2025\/09\/multi-purpose-thresher-machine-16x12.webp 16w\" sizes=\"auto, (max-width: 720px) 100vw, 720px\" \/><figcaption class=\"wp-element-caption\">machine de moissonnage polyvalente<\/figcaption><\/figure> <\/div>   <h2 class=\"wp-block-heading\"><strong>Pourquoi choisir Taizy comme votre premier fournisseur\uff1f<\/strong><\/h2>    <p>Choisir Ta\u00efsi comme fournisseur, c\u2019est obtenir une moissonneuse-bineuse multifonctionnelle de qualit\u00e9 exceptionnelle, une performance fiable et une polyvalence. En tant qu\u2019entreprise ayant une vaste exp\u00e9rience dans la production et l\u2019exportation de machines agricoles, nos produits sont distribu\u00e9s dans le monde entier.<\/p>    <figure class=\"wp-block-gallery has-nested-images columns-default is-cropped wp-block-gallery-4 is-layout-flex wp-block-gallery-is-layout-flex\"> <figure class=\"wp-block-image size-large\"><img loading=\"lazy\" decoding=\"async\" width=\"720\" height=\"540\" data-id=\"1018\" src=\"https:\/\/corn-machines.com\/wp-content\/uploads\/2025\/09\/multi-purpose-threshing-machine.webp\" alt=\"machine de battage polyvalente\" class=\"wp-image-1018\" srcset=\"https:\/\/corn-machines.com\/wp-content\/uploads\/2025\/09\/multi-purpose-threshing-machine.webp 720w, https:\/\/corn-machines.com\/wp-content\/uploads\/2025\/09\/multi-purpose-threshing-machine-300x225.webp 300w, https:\/\/corn-machines.com\/wp-content\/uploads\/2025\/09\/multi-purpose-threshing-machine-16x12.webp 16w\" sizes=\"auto, (max-width: 720px) 100vw, 720px\" \/><figcaption class=\"wp-element-caption\">machine de battage polyvalente<\/figcaption><\/figure>    <figure class=\"wp-block-image size-large\"><img loading=\"lazy\" decoding=\"async\" width=\"720\" height=\"540\" data-id=\"1019\" src=\"https:\/\/corn-machines.com\/wp-content\/uploads\/2025\/09\/multifunctional-corn-sheller.webp\" alt=\"moissonneuse \u00e0 \u00e9grener de ma\u00efs multifonctionnelle\" class=\"wp-image-1019\" srcset=\"https:\/\/corn-machines.com\/wp-content\/uploads\/2025\/09\/multifunctional-corn-sheller.webp 720w, https:\/\/corn-machines.com\/wp-content\/uploads\/2025\/09\/multifunctional-corn-sheller-300x225.webp 300w, https:\/\/corn-machines.com\/wp-content\/uploads\/2025\/09\/multifunctional-corn-sheller-16x12.webp 16w\" sizes=\"auto, (max-width: 720px) 100vw, 720px\" \/><figcaption class=\"wp-element-caption\">moissonneuse \u00e0 \u00e9grener de ma\u00efs multifonctionnelle<\/figcaption><\/figure> <\/figure>    <p class=\"translation-block\">Notre entreprise adh\u00e8re \u00e0 des normes de production strictes, garantissant que chaque unit\u00e9 de machine offre une durabilit\u00e9 durable et des performances stables. De plus, nous proposons une gamme compl\u00e8te de machines agricoles, notamment <a href=\"https:\/\/corn-machines.com\/fr\/product\/mobile-grain-dryer-for-drying-grain\/\">s\u00e9choir \u00e0 grain<\/a>, <a href=\"https:\/\/corn-machines.com\/fr\/product\/corn-grits-machine\/\">moulin \u00e0 ma\u00efs<\/a>, et <a href=\"https:\/\/corn-machines.com\/fr\/product\/automated-corn-sowing-machine\/\">semoir de ma\u00efs<\/a>, vous offrant une solution tout-en-un !<\/p>    <h2 class=\"wp-block-heading\"><strong>Conclusion<\/strong><\/h2>    <p>Que ce soit pour les petites exploitations familiales, les coop\u00e9ratives agricoles ou les usines de traitement des grains, notre batteuse polyvalente peut consid\u00e9rablement am\u00e9liorer votre efficacit\u00e9 de production, offrant des avantages bien sup\u00e9rieurs au co\u00fbt de l'\u00e9quipement.<\/p>    <p>Si vous avez besoin de la moissonneuse-bineuse multifonctionnelle, n\u2019h\u00e9sitez pas \u00e0 nous contacter. Nous vous fournirons le meilleur \u00e9quipement et le meilleur service.<\/p>","protected":false},"excerpt":{"rendered":"<p>Cet article d\u00e9crit en d\u00e9tail les caract\u00e9ristiques de performance essentielles, la configuration \u00e9lectrique, les caract\u00e9ristiques structurelles, le champ d\u2019application et les avantages du produit apr\u00e8s battage pour la moissonneuse-batteuse multifonction Taizy. L\u2019\u00e9quipement affiche une efficacit\u00e9 op\u00e9rationnelle et une polyvalence exceptionnelles lors du traitement de diverses cultures, notamment le ma\u00efs, le millet, le sorgho, le soja, le riz et le bl\u00e9. <\/p>","protected":false},"author":1,"featured_media":1022,"parent":0,"template":"","tags":[42,52,61,57],"product-type":[4],"class_list":["post-1013","product","type-product","status-publish","has-post-thumbnail","hentry","tag-corn","tag-grain","tag-millet","tag-wheat","product-type-corn-thresher-machine"],"_links":{"self":[{"href":"https:\/\/corn-machines.com\/fr\/wp-json\/wp\/v2\/product\/1013","targetHints":{"allow":["GET"]}}],"collection":[{"href":"https:\/\/corn-machines.com\/fr\/wp-json\/wp\/v2\/product"}],"about":[{"href":"https:\/\/corn-machines.com\/fr\/wp-json\/wp\/v2\/types\/product"}],"author":[{"embeddable":true,"href":"https:\/\/corn-machines.com\/fr\/wp-json\/wp\/v2\/users\/1"}],"wp:featuredmedia":[{"embeddable":true,"href":"https:\/\/corn-machines.com\/fr\/wp-json\/wp\/v2\/media\/1022"}],"wp:attachment":[{"href":"https:\/\/corn-machines.com\/fr\/wp-json\/wp\/v2\/media?parent=1013"}],"wp:term":[{"taxonomy":"post_tag","embeddable":true,"href":"https:\/\/corn-machines.com\/fr\/wp-json\/wp\/v2\/tags?post=1013"},{"taxonomy":"product-type","embeddable":true,"href":"https:\/\/corn-machines.com\/fr\/wp-json\/wp\/v2\/product-type?post=1013"}],"curies":[{"name":"wp","href":"https:\/\/api.w.org\/{rel}","templated":true}]}}