{"id":100,"date":"2022-09-08T02:14:50","date_gmt":"2022-09-08T02:14:50","guid":{"rendered":"https:\/\/corn-machines.com\/?post_type=product&#038;p=100"},"modified":"2022-10-09T16:12:04","modified_gmt":"2022-10-09T08:12:04","slug":"mini-corn-harvesting-machine-maize-picker-machine","status":"publish","type":"product","link":"https:\/\/corn-machines.com\/fr\/product\/mini-corn-harvesting-machine-maize-picker-machine\/","title":{"rendered":"Mini r\u00e9colteuse de ma\u00efs | machine de r\u00e9colte de ma\u00efs"},"content":{"rendered":"<p>Une machine \u00e0 r\u00e9colter le ma\u00efs pour r\u00e9colter le ma\u00efs et ramener les tiges au champ. Les tiges de ma\u00efs peuvent \u00eatre broy\u00e9es et remises au champ comme engrais en m\u00eame temps que la r\u00e9colte du ma\u00efs. Il s'agit d'une petite r\u00e9colteuse de ma\u00efs, facile \u00e0 utiliser et pouvant \u00eatre compl\u00e9t\u00e9e par une seule personne.<\/p>    <figure class=\"wp-block-image size-full\"><img loading=\"lazy\" decoding=\"async\" width=\"720\" height=\"540\" src=\"https:\/\/corn-machines.com\/wp-content\/uploads\/2022\/09\/corn-harvesting-machine.webp\" alt=\"machine de r\u00e9colte de ma\u00efs\" class=\"wp-image-144\" srcset=\"https:\/\/corn-machines.com\/wp-content\/uploads\/2022\/09\/corn-harvesting-machine.webp 720w, https:\/\/corn-machines.com\/wp-content\/uploads\/2022\/09\/corn-harvesting-machine-300x225.webp 300w\" sizes=\"auto, (max-width: 720px) 100vw, 720px\" \/><figcaption>machine de r\u00e9colte de ma\u00efs<\/figcaption><\/figure>    <h2 class=\"wp-block-heading\" id=\"h-the-role-of-the-corn-harvester\">Le r\u00f4le de la r\u00e9colteuse de ma\u00efs<\/h2>    <figure class=\"wp-block-image size-full\"><img loading=\"lazy\" decoding=\"async\" width=\"720\" height=\"540\" src=\"https:\/\/corn-machines.com\/wp-content\/uploads\/2022\/09\/corn-harvester.webp\" alt=\"r\u00e9colteuse de ma\u00efs\" class=\"wp-image-145\" srcset=\"https:\/\/corn-machines.com\/wp-content\/uploads\/2022\/09\/corn-harvester.webp 720w, https:\/\/corn-machines.com\/wp-content\/uploads\/2022\/09\/corn-harvester-300x225.webp 300w\" sizes=\"auto, (max-width: 720px) 100vw, 720px\" \/><figcaption>r\u00e9colteuse de ma\u00efs<\/figcaption><\/figure>    <p class=\"translation-block\">Cette ensileuse de ma\u00efs est une petite ensileuse de ma\u00efs qui peut traiter une rang\u00e9e. Elle peut effectuer la r\u00e9colte du ma\u00efs, le broyage des tiges et d'autres fonctions en une seule fois. peut \u00eatre ajust\u00e9e. Mais il est \u00e0 noter que notre ensileuse de ma\u00efs ne peut pas effectuer le d\u00e9corticage du ma\u00efs, et le d\u00e9corticage du ma\u00efs n\u00e9cessite un d\u00e9cortiqueur de ma\u00efs pour fonctionner. Il existe \u00e9galement divers types de <a href=\"https:\/\/corn-machines.com\/fr\/product\/corn-shelling-machine\/\" data-type=\"URL\" data-id=\"https:\/\/corn-machines.com\/product\/corn-shelling-machine\/\">batteuses de ma\u00efs en vente<\/a>.<\/p>    <h2 class=\"wp-block-heading\" id=\"h-how-to-use-a-corn-harvesting-machine\">Comment utiliser une r\u00e9colteuse de ma\u00efs ?<\/h2>    <figure class=\"wp-block-image size-full\"><img loading=\"lazy\" decoding=\"async\" width=\"720\" height=\"540\" src=\"https:\/\/corn-machines.com\/wp-content\/uploads\/2022\/09\/Corn-harvester-walking-in-the-field.webp\" alt=\"R\u00e9colteuse de ma\u00efs marchant dans le champ\" class=\"wp-image-146\" srcset=\"https:\/\/corn-machines.com\/wp-content\/uploads\/2022\/09\/Corn-harvester-walking-in-the-field.webp 720w, https:\/\/corn-machines.com\/wp-content\/uploads\/2022\/09\/Corn-harvester-walking-in-the-field-300x225.webp 300w\" sizes=\"auto, (max-width: 720px) 100vw, 720px\" \/><figcaption>R\u00e9colteuse de ma\u00efs marchant dans le champ<\/figcaption><\/figure>    <p class=\"translation-block\">Lors de l'utilisation, une personne peut pousser la machine vers l'avant pour travailler, et la machine terminera automatiquement le travail de broyage de la paille et de collecte du ma\u00efs, et l'utilisateur ne se sentira pas fatigu\u00e9, m\u00eame apr\u00e8s une journ\u00e9e de travail. La meilleure p\u00e9riode de r\u00e9colte pour l'ensileuse de ma\u00efs est de 3 \u00e0 5 jours car il y a encore une petite quantit\u00e9 d'eau dans la paille \u00e0 ce moment-l\u00e0, la machine de r\u00e9colte du ma\u00efs peut \u00eatre facilement broy\u00e9e, et l'efficacit\u00e9 du broyage de la paille sera retard\u00e9e si le moment est trop t\u00f4t ou trop tard. L'ensileuse de ma\u00efs convient \u00e0 une vari\u00e9t\u00e9 de terrains, tels que les montagnes, les <a href=\"https:\/\/en.wikipedia.org\/wiki\/Plain\" data-type=\"URL\" data-id=\"https:\/\/en.wikipedia.org\/wiki\/Plain\" target=\"_blank\" rel=\"noopener\">plaines<\/a>, les serres, les collines, les cr\u00eates et autres terrains qui peuvent fonctionner normalement.<\/p>    <h2 class=\"wp-block-heading\" id=\"h-parameters-of-the-corn-harvesting-machine\">Param\u00e8tres de la r\u00e9colteuse de ma\u00efs<\/h2>    <figure class=\"wp-block-image size-full\"><img loading=\"lazy\" decoding=\"async\" width=\"720\" height=\"540\" src=\"https:\/\/corn-machines.com\/wp-content\/uploads\/2022\/09\/corn-harvesting-machine-1.webp\" alt=\"machine de r\u00e9colte de ma\u00efs\" class=\"wp-image-147\" srcset=\"https:\/\/corn-machines.com\/wp-content\/uploads\/2022\/09\/corn-harvesting-machine-1.webp 720w, https:\/\/corn-machines.com\/wp-content\/uploads\/2022\/09\/corn-harvesting-machine-1-300x225.webp 300w\" sizes=\"auto, (max-width: 720px) 100vw, 720px\" \/><figcaption>machine de r\u00e9colte de ma\u00efs<\/figcaption><\/figure>    <figure class=\"wp-block-table\"><table><tbody><tr><td>Mod\u00e8le<\/td><td>4YZ-1<\/td><\/tr><tr><td>taille<\/td><td>1820\u00d7800\u00d71190mm<\/td><\/tr><tr><td>poids<\/td><td>265 kg<\/td><\/tr><tr><td>Rapidit\u00e9 de travail<\/td><td>0,72-1,44 km\/h<\/td><\/tr><tr><td>Consommation de carburant de la zone de travail de l'unit\u00e9<\/td><td>\u226410kg\/h\u33a1<\/td><\/tr><tr><td>heures de productivit\u00e9<\/td><td>0,03-0,06hectares\/heure<\/td><\/tr><tr><td>Nombre de lames<\/td><td>10<\/td><\/tr><\/tbody><\/table><\/figure>    <h2 class=\"wp-block-heading\" id=\"h-structure-of-maize-picker-machine\">Structure de la r\u00e9colteuse de ma\u00efs <\/h2>    <figure class=\"wp-block-image size-full\"><img loading=\"lazy\" decoding=\"async\" width=\"720\" height=\"540\" src=\"https:\/\/corn-machines.com\/wp-content\/uploads\/2022\/09\/maize-picker-machine.webp\" alt=\"machine de r\u00e9colte de ma\u00efs \" class=\"wp-image-148\" srcset=\"https:\/\/corn-machines.com\/wp-content\/uploads\/2022\/09\/maize-picker-machine.webp 720w, https:\/\/corn-machines.com\/wp-content\/uploads\/2022\/09\/maize-picker-machine-300x225.webp 300w\" sizes=\"auto, (max-width: 720px) 100vw, 720px\" \/><figcaption>machine de r\u00e9colte de ma\u00efs <\/figcaption><\/figure>    <p>La r\u00e9colteuse de ma\u00efs \u00e0 une rang\u00e9e se compose de pneus, d'accoudoirs, de boutons de r\u00e9glage des vitesses, de pneus et d'un moteur. La machine peut \u00eatre \u00e9quip\u00e9e d'un moteur diesel ou d'un moteur essence. La machine dispose de plusieurs r\u00e9glages de vitesse, la vitesse peut \u00eatre contr\u00f4l\u00e9e et les pneus sont en caoutchouc.<\/p>    <h2 class=\"wp-block-heading\" id=\"h-advantages-of-corn-harvester\">Avantages de la r\u00e9colteuse de ma\u00efs<\/h2>    <figure class=\"wp-block-gallery has-nested-images columns-default is-cropped wp-block-gallery-2 is-layout-flex wp-block-gallery-is-layout-flex\"> <figure class=\"wp-block-image size-large\"><img loading=\"lazy\" decoding=\"async\" width=\"720\" height=\"540\" data-id=\"149\" src=\"https:\/\/corn-machines.com\/wp-content\/uploads\/2022\/09\/corn-harvester-1.webp\" alt=\"r\u00e9colteuse de ma\u00efs\" class=\"wp-image-149\" srcset=\"https:\/\/corn-machines.com\/wp-content\/uploads\/2022\/09\/corn-harvester-1.webp 720w, https:\/\/corn-machines.com\/wp-content\/uploads\/2022\/09\/corn-harvester-1-300x225.webp 300w\" sizes=\"auto, (max-width: 720px) 100vw, 720px\" \/><figcaption>r\u00e9colteuse de ma\u00efs<\/figcaption><\/figure>    <figure class=\"wp-block-image size-large\"><img loading=\"lazy\" decoding=\"async\" width=\"720\" height=\"540\" data-id=\"150\" src=\"https:\/\/corn-machines.com\/wp-content\/uploads\/2022\/09\/corn-harvester-2.webp\" alt=\"r\u00e9colteuse de ma\u00efs\" class=\"wp-image-150\" srcset=\"https:\/\/corn-machines.com\/wp-content\/uploads\/2022\/09\/corn-harvester-2.webp 720w, https:\/\/corn-machines.com\/wp-content\/uploads\/2022\/09\/corn-harvester-2-300x225.webp 300w\" sizes=\"auto, (max-width: 720px) 100vw, 720px\" \/><figcaption>r\u00e9colteuse de ma\u00efs<\/figcaption><\/figure>    <figure class=\"wp-block-image size-large\"><img loading=\"lazy\" decoding=\"async\" width=\"720\" height=\"540\" data-id=\"151\" src=\"https:\/\/corn-machines.com\/wp-content\/uploads\/2022\/09\/corn-harvester-3.webp\" alt=\"r\u00e9colteuse de ma\u00efs\" class=\"wp-image-151\" srcset=\"https:\/\/corn-machines.com\/wp-content\/uploads\/2022\/09\/corn-harvester-3.webp 720w, https:\/\/corn-machines.com\/wp-content\/uploads\/2022\/09\/corn-harvester-3-300x225.webp 300w\" sizes=\"auto, (max-width: 720px) 100vw, 720px\" \/><figcaption>r\u00e9colteuse de ma\u00efs<\/figcaption><\/figure>    <figure class=\"wp-block-image size-large\"><img loading=\"lazy\" decoding=\"async\" width=\"720\" height=\"540\" data-id=\"152\" src=\"https:\/\/corn-machines.com\/wp-content\/uploads\/2022\/09\/corn-harvester-4.webp\" alt=\"r\u00e9colteuse de ma\u00efs\" class=\"wp-image-152\" srcset=\"https:\/\/corn-machines.com\/wp-content\/uploads\/2022\/09\/corn-harvester-4.webp 720w, https:\/\/corn-machines.com\/wp-content\/uploads\/2022\/09\/corn-harvester-4-300x225.webp 300w\" sizes=\"auto, (max-width: 720px) 100vw, 720px\" \/><figcaption>r\u00e9colteuse de ma\u00efs<\/figcaption><\/figure>    <figure class=\"wp-block-image size-large\"><img loading=\"lazy\" decoding=\"async\" width=\"720\" height=\"540\" data-id=\"153\" src=\"https:\/\/corn-machines.com\/wp-content\/uploads\/2022\/09\/corn-harvesting-machine-shipping.webp\" alt=\"exp\u00e9dition de machine de r\u00e9colte de ma\u00efs\" class=\"wp-image-153\" srcset=\"https:\/\/corn-machines.com\/wp-content\/uploads\/2022\/09\/corn-harvesting-machine-shipping.webp 720w, https:\/\/corn-machines.com\/wp-content\/uploads\/2022\/09\/corn-harvesting-machine-shipping-300x225.webp 300w\" sizes=\"auto, (max-width: 720px) 100vw, 720px\" \/><figcaption>exp\u00e9dition de machine de r\u00e9colte de ma\u00efs<\/figcaption><\/figure>    <figure class=\"wp-block-image size-large\"><img loading=\"lazy\" decoding=\"async\" width=\"720\" height=\"540\" data-id=\"154\" src=\"https:\/\/corn-machines.com\/wp-content\/uploads\/2022\/09\/corn-harvester-amchine.webp\" alt=\"r\u00e9colteuse de ma\u00efs amchine\" class=\"wp-image-154\" srcset=\"https:\/\/corn-machines.com\/wp-content\/uploads\/2022\/09\/corn-harvester-amchine.webp 720w, https:\/\/corn-machines.com\/wp-content\/uploads\/2022\/09\/corn-harvester-amchine-300x225.webp 300w\" sizes=\"auto, (max-width: 720px) 100vw, 720px\" \/><figcaption>r\u00e9colteuse de ma\u00efs amchine<\/figcaption><\/figure> <\/figure>    <ol class=\"wp-block-list\"><li>Agrandissez la bo\u00eete d'agr\u00e9gats, qui peut contenir un demi-sac de ma\u00efs \u00e0 la fois, ce qui est plus pratique pour l'ensachage<\/li><li>Lame de broyage en alliage de 12 pi\u00e8ces<\/li><li>Le mod\u00e8le de machine de r\u00e9colte de ma\u00efs est petit, flexible en fonctionnement, libre de se d\u00e9placer et moins limit\u00e9 par le terrain<\/li><li>R\u00e9glage multi-vitesses, vous pouvez r\u00e9gler la vitesse de travail<\/li><\/ol>    <figure class=\"wp-block-embed is-type-video is-provider-youtube wp-block-embed-youtube wp-embed-aspect-16-9 wp-has-aspect-ratio\"><div class=\"wp-block-embed__wrapper\"> <iframe loading=\"lazy\" title=\"Petite r\u00e9colteuse de ma\u00efs | Une machine de r\u00e9colte de ma\u00efs brut | machine multifonctionnelle de d\u00e9chiquetage de tiges de ma\u00efs\" width=\"500\" height=\"281\" src=\"https:\/\/www.youtube.com\/embed\/dnuDU_P6r60?feature=oembed\" frameborder=\"0\" allow=\"accelerometer; autoplay; clipboard-write; encrypted-media; gyroscope; picture-in-picture; web-share\" referrerpolicy=\"strict-origin-when-cross-origin\" allowfullscreen><\/iframe> <\/div><figcaption>machine de r\u00e9colte de ma\u00efs<\/figcaption><\/figure>","protected":false},"excerpt":{"rendered":"<p>Une machine \u00e0 r\u00e9colter le ma\u00efs pour r\u00e9colter le ma\u00efs et ramener les tiges au champ.<\/p>","protected":false},"author":1,"featured_media":143,"parent":0,"template":"","tags":[19,35],"product-type":[3],"class_list":["post-100","product","type-product","status-publish","has-post-thumbnail","hentry","tag-corn-harvesting-machine","tag-corn-treshing-machine","product-type-corn-harvesting-machine"],"_links":{"self":[{"href":"https:\/\/corn-machines.com\/fr\/wp-json\/wp\/v2\/product\/100","targetHints":{"allow":["GET"]}}],"collection":[{"href":"https:\/\/corn-machines.com\/fr\/wp-json\/wp\/v2\/product"}],"about":[{"href":"https:\/\/corn-machines.com\/fr\/wp-json\/wp\/v2\/types\/product"}],"author":[{"embeddable":true,"href":"https:\/\/corn-machines.com\/fr\/wp-json\/wp\/v2\/users\/1"}],"wp:featuredmedia":[{"embeddable":true,"href":"https:\/\/corn-machines.com\/fr\/wp-json\/wp\/v2\/media\/143"}],"wp:attachment":[{"href":"https:\/\/corn-machines.com\/fr\/wp-json\/wp\/v2\/media?parent=100"}],"wp:term":[{"taxonomy":"post_tag","embeddable":true,"href":"https:\/\/corn-machines.com\/fr\/wp-json\/wp\/v2\/tags?post=100"},{"taxonomy":"product-type","embeddable":true,"href":"https:\/\/corn-machines.com\/fr\/wp-json\/wp\/v2\/product-type?post=100"}],"curies":[{"name":"wp","href":"https:\/\/api.w.org\/{rel}","templated":true}]}}