{"id":24,"date":"2022-09-06T07:20:01","date_gmt":"2022-09-06T07:20:01","guid":{"rendered":"https:\/\/corn-machines.com\/?page_id=24"},"modified":"2022-09-15T08:45:03","modified_gmt":"2022-09-15T08:45:03","slug":"about-us","status":"publish","type":"page","link":"https:\/\/corn-machines.com\/fr\/about-us\/","title":{"rendered":"\u00c0 propos de nous"},"content":{"rendered":"<p>Taizy est une entreprise d'\u00e9quipement de transformation du ma\u00efs. Notre soci\u00e9t\u00e9 peut fournir aux producteurs de ma\u00efs les machines les plus compl\u00e8tes et un service \u00e0 guichet unique pour fournir aux clients les services les plus sereins et les plus rapides. Nous disposons de cinq grandes cat\u00e9gories de machines, notamment les planteuses de ma\u00efs, les r\u00e9colteuses de ma\u00efs, les batteuses de ma\u00efs, les machines de fabrication de gruau de ma\u00efs et les s\u00e9choirs de ma\u00efs. Nos clients viennent du monde entier et les pays o\u00f9 les machines de transformation du ma\u00efs sont les plus vendues sont l'Italie, le Bangladesh, la Turquie, Duba\u00ef, les \u00c9tats-Unis, le Nigeria, l'\u00c9quateur et d'autres pays.<\/p>    <figure class=\"wp-block-image size-full\"><img loading=\"lazy\" decoding=\"async\" width=\"720\" height=\"540\" src=\"https:\/\/corn-machines.com\/wp-content\/uploads\/2022\/09\/customer-visit.webp\" alt=\"visite client\" class=\"wp-image-340\" srcset=\"https:\/\/corn-machines.com\/wp-content\/uploads\/2022\/09\/customer-visit.webp 720w, https:\/\/corn-machines.com\/wp-content\/uploads\/2022\/09\/customer-visit-300x225.webp 300w\" sizes=\"auto, (max-width: 720px) 100vw, 720px\" \/><figcaption>visite client<\/figcaption><\/figure>    <h2 class=\"wp-block-heading\" id=\"h-what-can-we-do-for-our-clients\">Que pouvons-nous faire pour nos clients ?<\/h2>    <figure class=\"wp-block-image size-full\"><img loading=\"lazy\" decoding=\"async\" width=\"750\" height=\"342\" src=\"https:\/\/corn-machines.com\/wp-content\/uploads\/2022\/09\/Qualification-certificate.webp\" alt=\"Certificat de qualification\" class=\"wp-image-341\" srcset=\"https:\/\/corn-machines.com\/wp-content\/uploads\/2022\/09\/Qualification-certificate.webp 750w, https:\/\/corn-machines.com\/wp-content\/uploads\/2022\/09\/Qualification-certificate-300x137.webp 300w\" sizes=\"auto, (max-width: 750px) 100vw, 750px\" \/><figcaption>Certificat de qualification<\/figcaption><\/figure>    <p>Machine d'essai. Taizai peut fournir aux clients des machines de test, puis envoyer des vid\u00e9os associ\u00e9es pour montrer l'effet de fonctionnement des machines.<br>Proposez une solution raisonnable. Nous fournirons aux clients des solutions raisonnables et les suggestions les plus efficaces en fonction des besoins de chaque client.<br>R\u00e9solvez le probl\u00e8me des clients utilisant la machine. Une fois que les clients ach\u00e8tent la machine, s'ils rencontrent des probl\u00e8mes lors de l'utilisation, Taizy les aidera \u00e9galement \u00e0 les r\u00e9soudre.<\/p>    <figure class=\"wp-block-image size-full\"><img loading=\"lazy\" decoding=\"async\" width=\"720\" height=\"540\" src=\"https:\/\/corn-machines.com\/wp-content\/uploads\/2022\/09\/corn.webp\" alt=\"ma\u00efs\" class=\"wp-image-342\" srcset=\"https:\/\/corn-machines.com\/wp-content\/uploads\/2022\/09\/corn.webp 720w, https:\/\/corn-machines.com\/wp-content\/uploads\/2022\/09\/corn-300x225.webp 300w\" sizes=\"auto, (max-width: 720px) 100vw, 720px\" \/><figcaption>ma\u00efs<\/figcaption><\/figure>    <h2 class=\"wp-block-heading\" id=\"h-the-growth-history-of-taize-company\">L'histoire de la croissance de l'entreprise Taiz\u00e9<\/h2>    <figure class=\"wp-block-image size-full\"><img loading=\"lazy\" decoding=\"async\" width=\"750\" height=\"521\" src=\"https:\/\/corn-machines.com\/wp-content\/uploads\/2022\/09\/taizy-company.webp\" alt=\"entreprise Taizy\" class=\"wp-image-343\" srcset=\"https:\/\/corn-machines.com\/wp-content\/uploads\/2022\/09\/taizy-company.webp 750w, https:\/\/corn-machines.com\/wp-content\/uploads\/2022\/09\/taizy-company-300x208.webp 300w\" sizes=\"auto, (max-width: 750px) 100vw, 750px\" \/><figcaption>Entreprise Taizy<\/figcaption><\/figure>    <p>Taiz\u00e9 est une entreprise vieille de 20 ans. Nous sommes pass\u00e9s d'une petite usine \u00e0 une production de masse \u00e0 grande \u00e9chelle. Nous avons grandi avec nos clients et nous entretenons une coop\u00e9ration \u00e0 long terme avec plus d'une douzaine de clients. Il y aura une heure fixe pour les achats en gros chaque ann\u00e9e, Taizy est leur partenaire le plus fiable, nous avons une riche exp\u00e9rience en mati\u00e8re d'importation et d'exportation et de communication client, et pouvons travailler efficacement dans les processus d'importation et d'exportation et dans la production de documents.<\/p>    <figure class=\"wp-block-image size-full\"><img loading=\"lazy\" decoding=\"async\" width=\"750\" height=\"903\" src=\"https:\/\/corn-machines.com\/wp-content\/uploads\/2022\/09\/Taizy-factory.webp\" alt=\"Usine Taizy\" class=\"wp-image-344\" srcset=\"https:\/\/corn-machines.com\/wp-content\/uploads\/2022\/09\/Taizy-factory.webp 750w, https:\/\/corn-machines.com\/wp-content\/uploads\/2022\/09\/Taizy-factory-249x300.webp 249w\" sizes=\"auto, (max-width: 750px) 100vw, 750px\" \/><figcaption>Usine Taizy<\/figcaption><\/figure>","protected":false},"excerpt":{"rendered":"<p>Taizy is a corn processing equipment company. Our company can provide corn producers with the most comprehensive machines and one-stop service to provide customers with the most worry-free and time-saving services. We have five major categories of machines, including corn planters, corn harvesters, corn threshers, corn grits-making machines, and corn dryers. Our customers come from [&hellip;]<\/p>\n","protected":false},"author":1,"featured_media":0,"parent":0,"menu_order":0,"comment_status":"closed","ping_status":"closed","template":"","meta":{"footnotes":""},"class_list":["post-24","page","type-page","status-publish","hentry"],"_links":{"self":[{"href":"https:\/\/corn-machines.com\/fr\/wp-json\/wp\/v2\/pages\/24","targetHints":{"allow":["GET"]}}],"collection":[{"href":"https:\/\/corn-machines.com\/fr\/wp-json\/wp\/v2\/pages"}],"about":[{"href":"https:\/\/corn-machines.com\/fr\/wp-json\/wp\/v2\/types\/page"}],"author":[{"embeddable":true,"href":"https:\/\/corn-machines.com\/fr\/wp-json\/wp\/v2\/users\/1"}],"replies":[{"embeddable":true,"href":"https:\/\/corn-machines.com\/fr\/wp-json\/wp\/v2\/comments?post=24"}],"version-history":[{"count":0,"href":"https:\/\/corn-machines.com\/fr\/wp-json\/wp\/v2\/pages\/24\/revisions"}],"wp:attachment":[{"href":"https:\/\/corn-machines.com\/fr\/wp-json\/wp\/v2\/media?parent=24"}],"curies":[{"name":"wp","href":"https:\/\/api.w.org\/{rel}","templated":true}]}}